{"id":271460,"date":"2022-11-14T23:30:11","date_gmt":"2022-11-14T16:30:11","guid":{"rendered":"https:\/\/maybommini.com\/?post_type=product&#038;p=271460"},"modified":"2026-04-18T04:04:35","modified_gmt":"2026-04-17T21:04:35","slug":"nuoc-rua-may-lanh-ac-007-1","status":"publish","type":"product","link":"https:\/\/maybommini.vn\/?product=nuoc-rua-may-lanh-ac-007-1","title":{"rendered":"N\u01b0\u1edbc r\u1eeda m\u00e1y l\u1ea1nh AC-007.1"},"content":{"rendered":"<h3><strong>N\u01b0\u1edbc r\u1eeda m\u00e1y l\u1ea1nh AC-007.1 l\u00e0m s\u1ea1ch nhanh ch\u00f3ng v\u1ebft b\u1ea9n s\u00e1ng l\u00e1 nh\u00f4m c\u1ee7a c\u00e1c b\u1ed9 ph\u1eadn trao \u0111\u1ed5i nhi\u1ec7t tr\u00ean h\u1ec7 th\u1ed1ng m\u00e1y l\u1ea1nh. N\u01b0\u1edbc r\u1eeda m\u00e1y l\u1ea1nh n\u00e0y l\u00e0m m\u1ea1nh ch\u1ea5t ki\u1ec1m \u0111\u01b0\u1ee3c \u0111i\u1ec1u ch\u1ebf \u0111\u1eb7t bi\u1ec7t di\u1ec7t n\u1ea5m v\u00e0 vi khu\u1ea9n sinh ra \u1ed5 b\u1ed9 ph\u1eadn trao \u0111\u1ed5i nhi\u1ec7t.<\/strong><\/h3>\n<p><strong><a href=\"https:\/\/maybommini.com\/wp-content\/uploads\/2022\/11\/dung-dich-ve-sinh-may-lanh-AC-007.jpg\" target=\"_blank\" rel=\"noopener\"><img decoding=\"async\" class=\"size-full wp-image-271462 aligncenter\" src=\"https:\/\/maybommini.com\/wp-content\/uploads\/2022\/11\/dung-dich-ve-sinh-may-lanh-AC-007.jpg\" alt=\"Dung Dich Ve Sinh May Lanh AC 007\" width=\"750\" height=\"750\" srcset=\"https:\/\/maybommini.vn\/wp-content\/uploads\/2022\/11\/dung-dich-ve-sinh-may-lanh-AC-007.jpg 750w, https:\/\/maybommini.vn\/wp-content\/uploads\/2022\/11\/dung-dich-ve-sinh-may-lanh-AC-007-300x300.jpg 300w, https:\/\/maybommini.vn\/wp-content\/uploads\/2022\/11\/dung-dich-ve-sinh-may-lanh-AC-007-150x150.jpg 150w, https:\/\/maybommini.vn\/wp-content\/uploads\/2022\/11\/dung-dich-ve-sinh-may-lanh-AC-007-600x600.jpg 600w\" sizes=\"(max-width: 750px) 100vw, 750px\" \/><\/a><\/strong><\/p>\n<p><strong>TH\u00d4NG TIN S\u1ea2N PH\u1ea8M<\/strong><br \/>\nModel: AC-007.1<br \/>\nL\u00e0m m\u1ea1nh ch\u1ea5t ki\u1ec1m \u0111i\u1ec1u ch\u1ebft \u0111\u1eb7c bi\u1ec7t.<br \/>\nDung d\u1ecbch t\u1ea9y r\u1eeda m\u00e1y l\u1ea1nh.<br \/>\nB\u00ecnh ki\u1ec3u phun x\u1ecbt.<br \/>\nTr\u1ecdng l\u01b0\u1ee3ng:730 gam<a href=\"https:\/\/maybommini.com\/wp-content\/uploads\/2022\/11\/Nuoc-rua-may-lanh-AC-007.jpg\" target=\"_blank\" rel=\"noopener\"><img decoding=\"async\" class=\"size-full wp-image-271464 aligncenter\" src=\"https:\/\/maybommini.com\/wp-content\/uploads\/2022\/11\/Nuoc-rua-may-lanh-AC-007.jpg\" alt=\"Nuoc Rua May Lanh AC 007\" width=\"750\" height=\"750\" srcset=\"https:\/\/maybommini.vn\/wp-content\/uploads\/2022\/11\/Nuoc-rua-may-lanh-AC-007.jpg 750w, https:\/\/maybommini.vn\/wp-content\/uploads\/2022\/11\/Nuoc-rua-may-lanh-AC-007-300x300.jpg 300w, https:\/\/maybommini.vn\/wp-content\/uploads\/2022\/11\/Nuoc-rua-may-lanh-AC-007-150x150.jpg 150w, https:\/\/maybommini.vn\/wp-content\/uploads\/2022\/11\/Nuoc-rua-may-lanh-AC-007-600x600.jpg 600w\" sizes=\"(max-width: 750px) 100vw, 750px\" \/><\/a><a href=\"https:\/\/maybommini.com\/wp-content\/uploads\/2022\/11\/dung-dich-rua-may-lanh-chuyen-nghiep-gia-re.jpg\" target=\"_blank\" rel=\"noopener\"><img decoding=\"async\" class=\"size-full wp-image-271461 aligncenter\" src=\"https:\/\/maybommini.com\/wp-content\/uploads\/2022\/11\/dung-dich-rua-may-lanh-chuyen-nghiep-gia-re.jpg\" alt=\"Dung Dich Rua May Lanh Chuyen Nghiep Gia Re\" width=\"750\" height=\"750\" srcset=\"https:\/\/maybommini.vn\/wp-content\/uploads\/2022\/11\/dung-dich-rua-may-lanh-chuyen-nghiep-gia-re.jpg 750w, https:\/\/maybommini.vn\/wp-content\/uploads\/2022\/11\/dung-dich-rua-may-lanh-chuyen-nghiep-gia-re-300x300.jpg 300w, https:\/\/maybommini.vn\/wp-content\/uploads\/2022\/11\/dung-dich-rua-may-lanh-chuyen-nghiep-gia-re-150x150.jpg 150w, https:\/\/maybommini.vn\/wp-content\/uploads\/2022\/11\/dung-dich-rua-may-lanh-chuyen-nghiep-gia-re-600x600.jpg 600w\" sizes=\"(max-width: 750px) 100vw, 750px\" \/><\/a><a href=\"https:\/\/maybommini.com\/wp-content\/uploads\/2022\/11\/ban-nuoc-rua-may-lanh.jpg\" target=\"_blank\" rel=\"noopener\"><img decoding=\"async\" class=\"size-full wp-image-271470 aligncenter\" src=\"https:\/\/maybommini.com\/wp-content\/uploads\/2022\/11\/ban-nuoc-rua-may-lanh.jpg\" alt=\"Ban Nuoc Rua May Lanh\" width=\"750\" height=\"750\" srcset=\"https:\/\/maybommini.vn\/wp-content\/uploads\/2022\/11\/ban-nuoc-rua-may-lanh.jpg 750w, https:\/\/maybommini.vn\/wp-content\/uploads\/2022\/11\/ban-nuoc-rua-may-lanh-300x300.jpg 300w, https:\/\/maybommini.vn\/wp-content\/uploads\/2022\/11\/ban-nuoc-rua-may-lanh-150x150.jpg 150w, https:\/\/maybommini.vn\/wp-content\/uploads\/2022\/11\/ban-nuoc-rua-may-lanh-600x600.jpg 600w\" sizes=\"(max-width: 750px) 100vw, 750px\" \/><\/a><a href=\"https:\/\/maybommini.com\/wp-content\/uploads\/2022\/11\/dung-dich-nuoc-rua-may-lanh-dieu-hoa-gia-dinh.jpg\" target=\"_blank\" rel=\"noopener\"><img decoding=\"async\" class=\"size-full wp-image-271471 aligncenter\" src=\"https:\/\/maybommini.com\/wp-content\/uploads\/2022\/11\/dung-dich-nuoc-rua-may-lanh-dieu-hoa-gia-dinh.jpg\" alt=\"Dung Dich Nuoc Rua May Lanh Dieu Hoa Gia Dinh\" width=\"750\" height=\"750\" srcset=\"https:\/\/maybommini.vn\/wp-content\/uploads\/2022\/11\/dung-dich-nuoc-rua-may-lanh-dieu-hoa-gia-dinh.jpg 750w, https:\/\/maybommini.vn\/wp-content\/uploads\/2022\/11\/dung-dich-nuoc-rua-may-lanh-dieu-hoa-gia-dinh-300x300.jpg 300w, https:\/\/maybommini.vn\/wp-content\/uploads\/2022\/11\/dung-dich-nuoc-rua-may-lanh-dieu-hoa-gia-dinh-150x150.jpg 150w, https:\/\/maybommini.vn\/wp-content\/uploads\/2022\/11\/dung-dich-nuoc-rua-may-lanh-dieu-hoa-gia-dinh-600x600.jpg 600w\" sizes=\"(max-width: 750px) 100vw, 750px\" \/><\/a><a href=\"https:\/\/maybommini.com\/wp-content\/uploads\/2022\/11\/nuoc-rua-may-lanh-chuyen-nghiep.jpg\" target=\"_blank\" rel=\"noopener\"><img decoding=\"async\" class=\"size-full wp-image-271465 aligncenter\" src=\"https:\/\/maybommini.com\/wp-content\/uploads\/2022\/11\/nuoc-rua-may-lanh-chuyen-nghiep.jpg\" alt=\"Nuoc Rua May Lanh Chuyen Nghiep\" width=\"750\" height=\"750\" srcset=\"https:\/\/maybommini.vn\/wp-content\/uploads\/2022\/11\/nuoc-rua-may-lanh-chuyen-nghiep.jpg 750w, https:\/\/maybommini.vn\/wp-content\/uploads\/2022\/11\/nuoc-rua-may-lanh-chuyen-nghiep-300x300.jpg 300w, https:\/\/maybommini.vn\/wp-content\/uploads\/2022\/11\/nuoc-rua-may-lanh-chuyen-nghiep-150x150.jpg 150w, https:\/\/maybommini.vn\/wp-content\/uploads\/2022\/11\/nuoc-rua-may-lanh-chuyen-nghiep-600x600.jpg 600w\" sizes=\"(max-width: 750px) 100vw, 750px\" \/><\/a><\/p>\n<p><strong>C\u00d4NG D\u1ee4NG<\/strong><br \/>\n&#8211; AC-007.1 l\u00e0m m\u1ea1nh ch\u1ea5t ki\u1ec1m \u0111\u01b0\u1ee3c \u0111i\u1ec1u ch\u1ebf \u0111\u1eb7c bi\u1ec7t.<br \/>\n&#8211; L\u00e0m s\u1ea1ch c\u00e1c ch\u1ea5t b\u1ea9n b\u00e1m tr\u00ean c\u00e1nh l\u00e1 nh\u00f4m c\u1ee7a b\u1ed9 trao ph\u1eadn \u0111\u1ed5i nhi\u1ec7t tr\u00ean h\u1ec7 th\u1ed1ng l\u1ea1nh.<br \/>\n&#8211; Di\u1ec7t n\u1ea5m v\u00e0 vi khu\u1ea9n sinh ra \u1edf b\u1ed9 trao \u0111\u1ed5i nhi\u1ec7t.<\/p>\n<p><a href=\"https:\/\/maybommini.com\/wp-content\/uploads\/2022\/11\/phan-phoi-nuoc-rua-may-lanh-chuyen-nghiep-va-gia-dinh.jpg\" target=\"_blank\" rel=\"noopener\"><img decoding=\"async\" class=\"size-full wp-image-271467 aligncenter\" src=\"https:\/\/maybommini.com\/wp-content\/uploads\/2022\/11\/phan-phoi-nuoc-rua-may-lanh-chuyen-nghiep-va-gia-dinh.jpg\" alt=\"Phan Phoi Nuoc Rua May Lanh Chuyen Nghiep Va Gia Dinh\" width=\"750\" height=\"750\" srcset=\"https:\/\/maybommini.vn\/wp-content\/uploads\/2022\/11\/phan-phoi-nuoc-rua-may-lanh-chuyen-nghiep-va-gia-dinh.jpg 750w, https:\/\/maybommini.vn\/wp-content\/uploads\/2022\/11\/phan-phoi-nuoc-rua-may-lanh-chuyen-nghiep-va-gia-dinh-300x300.jpg 300w, https:\/\/maybommini.vn\/wp-content\/uploads\/2022\/11\/phan-phoi-nuoc-rua-may-lanh-chuyen-nghiep-va-gia-dinh-150x150.jpg 150w, https:\/\/maybommini.vn\/wp-content\/uploads\/2022\/11\/phan-phoi-nuoc-rua-may-lanh-chuyen-nghiep-va-gia-dinh-600x600.jpg 600w\" sizes=\"(max-width: 750px) 100vw, 750px\" \/><\/a><\/p>\n<p><strong>H\u01af\u1edaNG D\u1eaaN S\u1eec D\u1ee4NG<\/strong><br \/>\n&#8211; C\u1eaft ngu\u1ed3n \u0111i\u1ec7n v\u00e0o m\u00e1y.<br \/>\n&#8211; Phun x\u1ecbt n\u01b0\u1edbc s\u1ea1ch v\u00e0o b\u1ed9 ph\u1eadn trao \u0111\u1ed5i nhi\u1ec7t \u0111\u1ec3 ch\u1ea5t b\u1ea9n th\u1ea5m \u01b0\u1edbt.<br \/>\n&#8211; X\u1ecbt dung d\u1ecbch AC-007.1 v\u00e0o b\u1ed9 ph\u1eadn trao \u0111\u1ed5i nhi\u1ec7t m\u00e0 b\u1ea1n c\u1ea7n l\u00e0m s\u1ea1ch, \u0111\u1ee3i 3 ph\u00fat \u0111\u1ec3 dung d\u1ecbch t\u00e1c \u0111\u1ed9ng v\u1edbi c\u00e1c ch\u1ea5t b\u1ea9n b\u00e1m tr\u00ean b\u1ec1 m\u1eb7t c\u1ee7a b\u1ed9 ph\u1eadn trao \u0111\u1ed5i nhi\u1ec7t.<br \/>\n&#8211; D\u00f9ng v\u00f2i v\u1ecbt ho\u1eb7c b\u00e9c x\u1ecbt c\u00f3 \u00e1p l\u1ef1c phun v\u00e0o \u0111\u1ec3 r\u1eeda th\u1eadt s\u1ea1ch.<br \/>\n&#8211; L\u00fac n\u00e0y b\u1ed9 ph\u1eadn c\u1ea7n l\u00e0m s\u1ea1ch \u0111\u00e3 \u0111\u01b0\u1ee3c v\u1ec7 sinh nh\u01b0 m\u1edbi.<\/p>\n<p><a href=\"https:\/\/maybommini.com\/wp-content\/uploads\/2022\/11\/nuoc-rua-may-lanh-sau-khi-ve-sinh.jpg\" target=\"_blank\" rel=\"noopener\"><img decoding=\"async\" class=\"size-full wp-image-271466 aligncenter\" src=\"https:\/\/maybommini.com\/wp-content\/uploads\/2022\/11\/nuoc-rua-may-lanh-sau-khi-ve-sinh.jpg\" alt=\"Nuoc Rua May Lanh Sau Khi Ve Sinh\" width=\"750\" height=\"750\" srcset=\"https:\/\/maybommini.vn\/wp-content\/uploads\/2022\/11\/nuoc-rua-may-lanh-sau-khi-ve-sinh.jpg 750w, https:\/\/maybommini.vn\/wp-content\/uploads\/2022\/11\/nuoc-rua-may-lanh-sau-khi-ve-sinh-300x300.jpg 300w, https:\/\/maybommini.vn\/wp-content\/uploads\/2022\/11\/nuoc-rua-may-lanh-sau-khi-ve-sinh-150x150.jpg 150w, https:\/\/maybommini.vn\/wp-content\/uploads\/2022\/11\/nuoc-rua-may-lanh-sau-khi-ve-sinh-600x600.jpg 600w\" sizes=\"(max-width: 750px) 100vw, 750px\" \/><\/a><a href=\"https:\/\/maybommini.com\/wp-content\/uploads\/2022\/11\/nuoc-nua-may-lanh-sach-nhu-moi.jpg\" target=\"_blank\" rel=\"noopener\"><img decoding=\"async\" class=\"size-full wp-image-271463 aligncenter\" src=\"https:\/\/maybommini.com\/wp-content\/uploads\/2022\/11\/nuoc-nua-may-lanh-sach-nhu-moi.jpg\" alt=\"Nuoc Nua May Lanh Sach Nhu Moi\" width=\"750\" height=\"750\" srcset=\"https:\/\/maybommini.vn\/wp-content\/uploads\/2022\/11\/nuoc-nua-may-lanh-sach-nhu-moi.jpg 750w, https:\/\/maybommini.vn\/wp-content\/uploads\/2022\/11\/nuoc-nua-may-lanh-sach-nhu-moi-300x300.jpg 300w, https:\/\/maybommini.vn\/wp-content\/uploads\/2022\/11\/nuoc-nua-may-lanh-sach-nhu-moi-150x150.jpg 150w, https:\/\/maybommini.vn\/wp-content\/uploads\/2022\/11\/nuoc-nua-may-lanh-sach-nhu-moi-600x600.jpg 600w\" sizes=\"(max-width: 750px) 100vw, 750px\" \/><\/a><\/p>\n<p><a href=\"https:\/\/maybommini.com\/wp-content\/uploads\/2022\/11\/rua-ve-sinh-may-lanh-gia-dinh.jpg\" target=\"_blank\" rel=\"noopener\"><img decoding=\"async\" class=\"size-full wp-image-271468 aligncenter\" src=\"https:\/\/maybommini.com\/wp-content\/uploads\/2022\/11\/rua-ve-sinh-may-lanh-gia-dinh.jpg\" alt=\"Rua Ve Sinh May Lanh Gia Dinh\" width=\"750\" height=\"750\" srcset=\"https:\/\/maybommini.vn\/wp-content\/uploads\/2022\/11\/rua-ve-sinh-may-lanh-gia-dinh.jpg 750w, https:\/\/maybommini.vn\/wp-content\/uploads\/2022\/11\/rua-ve-sinh-may-lanh-gia-dinh-300x300.jpg 300w, https:\/\/maybommini.vn\/wp-content\/uploads\/2022\/11\/rua-ve-sinh-may-lanh-gia-dinh-150x150.jpg 150w, https:\/\/maybommini.vn\/wp-content\/uploads\/2022\/11\/rua-ve-sinh-may-lanh-gia-dinh-600x600.jpg 600w\" sizes=\"(max-width: 750px) 100vw, 750px\" \/><\/a><br \/>\n<strong>L\u01afU \u00dd KHI S\u1eec D\u1ee4NG<\/strong><br \/>\n&#8211; Mang g\u0103ng tay cao su khi r\u1eeda.<br \/>\n&#8211; Tr\u00e1nh ti\u1ebfp x\u00fac v\u1edbi da v\u00e0 m\u1eaft.<br \/>\n&#8211; D\u00f9ng n\u01b0\u1edbc s\u1ea1ch \u0111\u1ec3 r\u1eeda n\u1ebfu ti\u1ebfp x\u00fac.<br \/>\n&#8211; Tr\u00e1nh xa t\u1ea7m tay tr\u1ebb em.<a href=\"https:\/\/maybommini.com\/wp-content\/uploads\/2022\/11\/ve-sinh-may-lanh-tiet-kiem-dien-hieu-qua.jpg\" target=\"_blank\" rel=\"noopener\"><img decoding=\"async\" class=\"size-full wp-image-271469 aligncenter\" src=\"https:\/\/maybommini.com\/wp-content\/uploads\/2022\/11\/ve-sinh-may-lanh-tiet-kiem-dien-hieu-qua.jpg\" alt=\"Ve Sinh May Lanh Tiet Kiem Dien Hieu Qua\" width=\"750\" height=\"750\" srcset=\"https:\/\/maybommini.vn\/wp-content\/uploads\/2022\/11\/ve-sinh-may-lanh-tiet-kiem-dien-hieu-qua.jpg 750w, https:\/\/maybommini.vn\/wp-content\/uploads\/2022\/11\/ve-sinh-may-lanh-tiet-kiem-dien-hieu-qua-300x300.jpg 300w, https:\/\/maybommini.vn\/wp-content\/uploads\/2022\/11\/ve-sinh-may-lanh-tiet-kiem-dien-hieu-qua-150x150.jpg 150w, https:\/\/maybommini.vn\/wp-content\/uploads\/2022\/11\/ve-sinh-may-lanh-tiet-kiem-dien-hieu-qua-600x600.jpg 600w\" sizes=\"(max-width: 750px) 100vw, 750px\" \/><\/a><\/p>\n<h3 style=\"text-align: center;\"><a href=\"https:\/\/maybommini.com\/wp-content\/uploads\/2022\/11\/dung-dich-ve-sinh-may-lanh-AC-007.jpg\" target=\"_blank\" rel=\"noopener\"><img decoding=\"async\" class=\"size-full wp-image-271462 aligncenter\" src=\"https:\/\/maybommini.com\/wp-content\/uploads\/2022\/11\/dung-dich-ve-sinh-may-lanh-AC-007.jpg\" alt=\"Dung Dich Ve Sinh May Lanh AC 007\" width=\"750\" height=\"750\" srcset=\"https:\/\/maybommini.vn\/wp-content\/uploads\/2022\/11\/dung-dich-ve-sinh-may-lanh-AC-007.jpg 750w, https:\/\/maybommini.vn\/wp-content\/uploads\/2022\/11\/dung-dich-ve-sinh-may-lanh-AC-007-300x300.jpg 300w, https:\/\/maybommini.vn\/wp-content\/uploads\/2022\/11\/dung-dich-ve-sinh-may-lanh-AC-007-150x150.jpg 150w, https:\/\/maybommini.vn\/wp-content\/uploads\/2022\/11\/dung-dich-ve-sinh-may-lanh-AC-007-600x600.jpg 600w\" sizes=\"(max-width: 750px) 100vw, 750px\" \/><\/a>N\u01b0\u1edbc r\u1eeda m\u00e1y l\u1ea1nh AC-007.1<\/h3>\n<p><strong>BA\u0301N B\u00d4\u0323 X\u1ecaT R\u1eecA V\u00ca\u0323 SINH MA\u0301Y LA\u0323NH GIA \u0110I\u0300NH V\u00c0 N\u01af\u1edaC R\u1eecA M\u00c1Y L\u1ea0NH<\/strong><br \/>\nChu\u0301ng t\u00f4i chuy\u00ean ba\u0301n ca\u0301c loa\u0323i ma\u0301y b\u01a1m, n\u01b0\u1edbc r\u1eeda m\u00e1y l\u1ea1nh, va\u0300 phu\u0323 ki\u00ea\u0323n du\u0300ng v\u00ea\u0323 sinh ma\u0301y la\u0323nh gia \u0111i\u0300nh va\u0300 v\u00ea\u0323 sinh ma\u0301y la\u0323nh di\u0323ch vu\u0323 tr\u00ean toa\u0300n qu\u00f4\u0301c v\u01a1\u0301i ch\u00e2\u0301t l\u01b0\u01a1\u0323ng cao uy ti\u0301n ba\u0309o ha\u0300nh toa\u0300n qu\u00f4\u0301c.<br \/>\n<a href=\"https:\/\/maybommini.com\/\" target=\"_blank\" rel=\"noopener\">Maybommini.com<\/a>\u00a0l\u00e0 nh\u00e0 ph\u00e2n ph\u1ed1i chuy\u00ean nghi\u1ec7p nhi\u1ec1u n\u0103m li\u1ec1n t\u1ea1i Vi\u1ec7t Nam v\u1edbi c\u00e1c lo\u1ea1i m\u00e1y b\u01a1m n\u01b0\u1edbc th\u1ea3i, m\u00e1y b\u01a1m n\u01b0\u1edbc m\u00e1y l\u1ea1nh, b\u01a1m n\u01b0\u1edbc \u0111i\u1ec1u ho\u00e0, b\u01a1m n\u01b0\u1edbc th\u1ea3i m\u00e1y l\u1ea1nh gia \u0111\u00ecnh, v\u0103n ph\u00f2ng, to\u00e0 nh\u00e0, ch\u01b0ng c\u01b0, cao \u00f3c v\u00e0 l\u00e0 nh\u00e0 cung c\u1ea5p c\u00e1c lo\u1ea1i b\u01a1m cho d\u1ef1 \u00e1n ch\u01b0ng c\u01b0 nh\u00e0 \u1edf v\u0103n ph\u00f2ng cao c\u1ea5p.<br \/>\n<strong>Website:\u00a0<a href=\"https:\/\/maybommini.com\/\" target=\"_blank\" rel=\"noopener\">https:\/\/maybommini.com<\/a><\/strong><br \/>\n<strong>Email: Maybommini.com@gmail.com<\/strong><br \/>\n<strong>T\u01af V\u1ea4N K\u1ef8 THU\u1eacT \u2013 MUA H\u00c0NG<\/strong><br \/>\n<strong>Tel\/ Zalo: 0908997823 \u2013 0908997872<\/strong><br \/>\n<strong>T\u01b0 v\u1ea5n mua h\u00e0ng: 0907294310 \u2013 02873030399<\/strong><br \/>\n<a class=\"swipebox\" title=\"\" href=\"https:\/\/maybommini.com\/wp-content\/uploads\/2022\/07\/thong-tin-lien-he-may-bom-mini.jpg\" data-rel=\"lightbox-image-11\" data-rl_title=\"\" data-rl_caption=\"\" data-rl_ target=\"_blank\" rel=\"noopener\"><img decoding=\"async\" class=\"size-full wp-image-270584 lazyloaded aligncenter\" src=\"https:\/\/maybommini.com\/wp-content\/uploads\/2022\/07\/thong-tin-lien-he-may-bom-mini.jpg\" sizes=\"(max-width: 750px) 100vw, 750px\" srcset=\"https:\/\/maybommini.com\/wp-content\/uploads\/2022\/07\/thong-tin-lien-he-may-bom-mini.jpg 750w, https:\/\/maybommini.com\/wp-content\/uploads\/2022\/07\/thong-tin-lien-he-may-bom-mini-300x202.jpg 300w, https:\/\/maybommini.com\/wp-content\/uploads\/2022\/07\/thong-tin-lien-he-may-bom-mini-600x405.jpg 600w\" alt=\"Thong Tin Lien He May Bom Mini\" width=\"750\" height=\"506\" data-lazy-srcset=\"https:\/\/maybommini.com\/wp-content\/uploads\/2022\/07\/thong-tin-lien-he-may-bom-mini.jpg 750w, https:\/\/maybommini.com\/wp-content\/uploads\/2022\/07\/thong-tin-lien-he-may-bom-mini-300x202.jpg 300w, https:\/\/maybommini.com\/wp-content\/uploads\/2022\/07\/thong-tin-lien-he-may-bom-mini-600x405.jpg 600w\" data-lazy-sizes=\"(max-width: 750px) 100vw, 750px\" data-lazy-src=\"https:\/\/maybommini.com\/wp-content\/uploads\/2022\/07\/thong-tin-lien-he-may-bom-mini.jpg\" data-was-processed=\"true\" \/><\/a><\/p>\n","protected":false},"excerpt":{"rendered":"<p>Model: AC-007.1<br \/>\nL\u00e0m m\u1ea1nh ch\u1ea5t ki\u1ec1m \u0111i\u1ec1u ch\u1ebft \u0111\u1eb7c bi\u1ec7t.<br \/>\nDung d\u1ecbch t\u1ea9y r\u1eeda m\u00e1y l\u1ea1nh.<br \/>\nB\u00ecnh ki\u1ec3u phun x\u1ecbt.<br \/>\nTr\u1ecdng l\u01b0\u1ee3ng:730 gam<br \/>\n<strong>Mua s\u1ed1 l\u01b0\u1ee3ng c\u00f3 gi\u00e1 t\u1ed1t.<\/strong><\/p>\n","protected":false},"featured_media":271462,"comment_status":"open","ping_status":"closed","template":"","meta":[],"product_brand":[],"product_cat":[292,1471],"product_tag":[3783,3780,3779,3778,3781,3782,316],"class_list":{"0":"post-271460","1":"product","2":"type-product","3":"status-publish","4":"has-post-thumbnail","6":"product_cat-bo-rua-xe-ve-sinh-may-lanh","7":"product_cat-bo-ve-sinh-may-lanh","8":"product_tag-ac-007-1","9":"product_tag-chat-tay","10":"product_tag-dung-dich-ve-sinh-may-lanh","11":"product_tag-nuoc-rua-may-lanh","12":"product_tag-nuoc-tay-may-lanh","13":"product_tag-nuoc-ve-sinh-may-lanh","14":"product_tag-ve-sinh-may-lanh","16":"first","17":"instock","18":"sale","19":"shipping-taxable","20":"purchasable","21":"product-type-simple"},"_links":{"self":[{"href":"https:\/\/maybommini.vn\/index.php?rest_route=\/wp\/v2\/product\/271460","targetHints":{"allow":["GET"]}}],"collection":[{"href":"https:\/\/maybommini.vn\/index.php?rest_route=\/wp\/v2\/product"}],"about":[{"href":"https:\/\/maybommini.vn\/index.php?rest_route=\/wp\/v2\/types\/product"}],"replies":[{"embeddable":true,"href":"https:\/\/maybommini.vn\/index.php?rest_route=%2Fwp%2Fv2%2Fcomments&post=271460"}],"wp:featuredmedia":[{"embeddable":true,"href":"https:\/\/maybommini.vn\/index.php?rest_route=\/wp\/v2\/media\/271462"}],"wp:attachment":[{"href":"https:\/\/maybommini.vn\/index.php?rest_route=%2Fwp%2Fv2%2Fmedia&parent=271460"}],"wp:term":[{"taxonomy":"product_brand","embeddable":true,"href":"https:\/\/maybommini.vn\/index.php?rest_route=%2Fwp%2Fv2%2Fproduct_brand&post=271460"},{"taxonomy":"product_cat","embeddable":true,"href":"https:\/\/maybommini.vn\/index.php?rest_route=%2Fwp%2Fv2%2Fproduct_cat&post=271460"},{"taxonomy":"product_tag","embeddable":true,"href":"https:\/\/maybommini.vn\/index.php?rest_route=%2Fwp%2Fv2%2Fproduct_tag&post=271460"}],"curies":[{"name":"wp","href":"https:\/\/api.w.org\/{rel}","templated":true}]}}