{"id":271478,"date":"2022-11-18T17:35:05","date_gmt":"2022-11-18T10:35:05","guid":{"rendered":"https:\/\/maybommini.com\/?post_type=product&#038;p=271478"},"modified":"2025-04-21T09:43:00","modified_gmt":"2025-04-21T02:43:00","slug":"sac-binh-ac-quy-tu-dong-12v-5a-tvn","status":"publish","type":"product","link":"https:\/\/maybommini.vn\/?product=sac-binh-ac-quy-tu-dong-12v-5a-tvn","title":{"rendered":"S\u1ea1c b\u00ecnh \u1eafc quy t\u1ef1 \u0111\u1ed9ng 12V 5A TVN"},"content":{"rendered":"<p><strong>Ph\u00e2n ph\u1ed1i s\u1ec9 v\u00e0 l\u1ebb <a href=\"https:\/\/maybommini.com\/danh-muc\/phu-kien-bom-nuoc-mini\/nguon-dien-adapter-sac-pin-binh\" target=\"_blank\" rel=\"noopener noreferrer\">s\u1ea1c b\u00ecnh \u1eafc quy<\/a> t\u1ef1 \u0111\u1ed9ng 12V 5A TVN s\u1eed d\u1ee5ng s\u1ea1c c\u00e1c lo\u1ea1i b\u00ecnh \u1eafc quy kh\u00f4 ho\u1eb7c \u00e1c quy n\u01b0\u1edbc cho \u00f4t\u00f4 xe m\u00e1y xe \u0111i\u1ec7n t\u00e0u thuy\u1ec1n. B\u1ea1n c\u0169ng c\u00f3 th\u1ec3 s\u1ea1c cho c\u00e1c lo\u1ea1i b\u00ecnh t\u1eeb 3Ah \u0111\u1ebfn 100Ah 12V. S\u1ea1c b\u00ecnh \u1eafc quy n\u00e0y l\u00e0 lo\u1ea1i t\u1ef1 \u0111\u1ed9ng gi\u00e3m d\u00f2ng s\u1ea1c khi b\u00ecnh g\u1ea7n \u0111\u1ea7y v\u00e0 ng\u1eaft th\u00f4ng minh khi b\u00ecnh \u0111\u1ea7y r\u1ea5t t\u1ed1t gi\u00fap t\u0103ng tu\u1ed5i th\u1ecd cho b\u00ecnh \u1eafc quy.<\/strong><\/p>\n<p><strong><a href=\"https:\/\/maybommini.com\/wp-content\/uploads\/2022\/11\/Sac-binh-ac-quy-tu-dong-12V-5A-TVN.jpg\" target=\"_blank\" rel=\"noopener\"><img decoding=\"async\" class=\"size-full wp-image-271485 aligncenter\" src=\"https:\/\/maybommini.com\/wp-content\/uploads\/2022\/11\/Sac-binh-ac-quy-tu-dong-12V-5A-TVN.jpg\" alt=\"Sac Binh Ac Quy Tu Dong 12V 5A TVN\" width=\"750\" height=\"750\" srcset=\"https:\/\/maybommini.vn\/wp-content\/uploads\/2022\/11\/Sac-binh-ac-quy-tu-dong-12V-5A-TVN.jpg 750w, https:\/\/maybommini.vn\/wp-content\/uploads\/2022\/11\/Sac-binh-ac-quy-tu-dong-12V-5A-TVN-300x300.jpg 300w, https:\/\/maybommini.vn\/wp-content\/uploads\/2022\/11\/Sac-binh-ac-quy-tu-dong-12V-5A-TVN-150x150.jpg 150w, https:\/\/maybommini.vn\/wp-content\/uploads\/2022\/11\/Sac-binh-ac-quy-tu-dong-12V-5A-TVN-600x600.jpg 600w\" sizes=\"(max-width: 750px) 100vw, 750px\" \/><\/a>TH\u00d4NG S\u1ed0 K\u1ef8 THU\u1eacT<br \/>\n<\/strong>Th\u01b0\u01a1ng hi\u1ec7u: TVN<strong><br \/>\n<\/strong>Model: 12V5A<br \/>\n\u0110i\u1ec7n th\u1ebf v\u00e0o: 220 AC 50Hz<br \/>\nD\u00f2ng t\u1ed1i \u0111a: 5A<br \/>\nS\u1ea1c nh\u1ed3i &#8211; Boost charge: 14V(\u00b1 2%) DC<br \/>\nS\u1ea1c duy tr\u00ec &#8211; Float charge: 13.5V(\u00b1 2%) DC<br \/>\nS\u1ea1c \u1eafc quy: 3Ah &#8211; 100Ah<br \/>\nD\u00f2ng s\u1ea1c t\u1ef1 \u0111\u1ed9ng \u0111i\u1ec1u ch\u1ec9nh: 1 &#8211; 5A<br \/>\nT\u1ef1 \u0111\u1ed9ng ng\u1eaft s\u1ea1c khi b\u00ecnh \u0111\u1ea7y.<br \/>\nLed b\u00e1o tr\u1ea1ng th\u00e1i s\u1ea1c.<br \/>\nLed \u0111\u1ecf : \u0111ang s\u1ea1c<br \/>\nLed xanh: s\u1ea1c \u0111\u1ea7y<br \/>\nC\u1ea7u ch\u00ec b\u1ea3o v\u1ec7 qu\u00e1 d\u00f2ng v\u00e0 sai c\u1ef1c.<br \/>\nK\u00edch th\u01b0\u1edbc: 55 x 85 x 160 mm<br \/>\nTr\u1ecdng l\u01b0\u1ee3ng: 280 gam<br \/>\n<a href=\"https:\/\/maybommini.com\/wp-content\/uploads\/2022\/11\/Sac-binh-ac-quy-tu-dong-12V-5A-TVN-chinh-hang.jpg\" target=\"_blank\" rel=\"noopener\"><img decoding=\"async\" class=\"size-full wp-image-271479 aligncenter\" src=\"https:\/\/maybommini.com\/wp-content\/uploads\/2022\/11\/Sac-binh-ac-quy-tu-dong-12V-5A-TVN-chinh-hang.jpg\" alt=\"Sac Binh Ac Quy Tu Dong 12V 5A TVN Chinh Hang\" width=\"750\" height=\"750\" srcset=\"https:\/\/maybommini.vn\/wp-content\/uploads\/2022\/11\/Sac-binh-ac-quy-tu-dong-12V-5A-TVN-chinh-hang.jpg 750w, https:\/\/maybommini.vn\/wp-content\/uploads\/2022\/11\/Sac-binh-ac-quy-tu-dong-12V-5A-TVN-chinh-hang-300x300.jpg 300w, https:\/\/maybommini.vn\/wp-content\/uploads\/2022\/11\/Sac-binh-ac-quy-tu-dong-12V-5A-TVN-chinh-hang-150x150.jpg 150w, https:\/\/maybommini.vn\/wp-content\/uploads\/2022\/11\/Sac-binh-ac-quy-tu-dong-12V-5A-TVN-chinh-hang-600x600.jpg 600w\" sizes=\"(max-width: 750px) 100vw, 750px\" \/><\/a><a href=\"https:\/\/maybommini.com\/wp-content\/uploads\/2022\/11\/sac-binh-xe-may-o-to-12v-gia-re.jpg\" target=\"_blank\" rel=\"noopener\"><img decoding=\"async\" class=\"size-full wp-image-271480 aligncenter\" src=\"https:\/\/maybommini.com\/wp-content\/uploads\/2022\/11\/sac-binh-xe-may-o-to-12v-gia-re.jpg\" alt=\"Sac Binh Xe May O To 12v Gia Re\" width=\"750\" height=\"750\" srcset=\"https:\/\/maybommini.vn\/wp-content\/uploads\/2022\/11\/sac-binh-xe-may-o-to-12v-gia-re.jpg 750w, https:\/\/maybommini.vn\/wp-content\/uploads\/2022\/11\/sac-binh-xe-may-o-to-12v-gia-re-300x300.jpg 300w, https:\/\/maybommini.vn\/wp-content\/uploads\/2022\/11\/sac-binh-xe-may-o-to-12v-gia-re-150x150.jpg 150w, https:\/\/maybommini.vn\/wp-content\/uploads\/2022\/11\/sac-binh-xe-may-o-to-12v-gia-re-600x600.jpg 600w\" sizes=\"(max-width: 750px) 100vw, 750px\" \/><\/a><a href=\"https:\/\/maybommini.com\/wp-content\/uploads\/2022\/11\/sac-xe-may-xe-dien-gia-re-chinh-hang.jpg\" target=\"_blank\" rel=\"noopener\"><img decoding=\"async\" class=\"size-full wp-image-271481 aligncenter\" src=\"https:\/\/maybommini.com\/wp-content\/uploads\/2022\/11\/sac-xe-may-xe-dien-gia-re-chinh-hang.jpg\" alt=\"Sac Xe May Xe Dien Gia Re Chinh Hang\" width=\"750\" height=\"750\" srcset=\"https:\/\/maybommini.vn\/wp-content\/uploads\/2022\/11\/sac-xe-may-xe-dien-gia-re-chinh-hang.jpg 750w, https:\/\/maybommini.vn\/wp-content\/uploads\/2022\/11\/sac-xe-may-xe-dien-gia-re-chinh-hang-300x300.jpg 300w, https:\/\/maybommini.vn\/wp-content\/uploads\/2022\/11\/sac-xe-may-xe-dien-gia-re-chinh-hang-150x150.jpg 150w, https:\/\/maybommini.vn\/wp-content\/uploads\/2022\/11\/sac-xe-may-xe-dien-gia-re-chinh-hang-600x600.jpg 600w\" sizes=\"(max-width: 750px) 100vw, 750px\" \/><\/a><a href=\"https:\/\/maybommini.com\/wp-content\/uploads\/2022\/11\/bo-sac-binh-ac-quy-12v-5a-tu-dong.jpg\" target=\"_blank\" rel=\"noopener\"><img decoding=\"async\" class=\"size-full wp-image-271482 aligncenter\" src=\"https:\/\/maybommini.com\/wp-content\/uploads\/2022\/11\/bo-sac-binh-ac-quy-12v-5a-tu-dong.jpg\" alt=\"Bo Sac Binh Ac Quy 12v 5a Tu Dong\" width=\"750\" height=\"750\" srcset=\"https:\/\/maybommini.vn\/wp-content\/uploads\/2022\/11\/bo-sac-binh-ac-quy-12v-5a-tu-dong.jpg 750w, https:\/\/maybommini.vn\/wp-content\/uploads\/2022\/11\/bo-sac-binh-ac-quy-12v-5a-tu-dong-300x300.jpg 300w, https:\/\/maybommini.vn\/wp-content\/uploads\/2022\/11\/bo-sac-binh-ac-quy-12v-5a-tu-dong-150x150.jpg 150w, https:\/\/maybommini.vn\/wp-content\/uploads\/2022\/11\/bo-sac-binh-ac-quy-12v-5a-tu-dong-600x600.jpg 600w\" sizes=\"(max-width: 750px) 100vw, 750px\" \/><\/a><a href=\"https:\/\/maybommini.com\/wp-content\/uploads\/2022\/11\/bo-sac-binh-tu-dong-gia-re.jpg\" target=\"_blank\" rel=\"noopener\"><img decoding=\"async\" class=\"size-full wp-image-271483 aligncenter\" src=\"https:\/\/maybommini.com\/wp-content\/uploads\/2022\/11\/bo-sac-binh-tu-dong-gia-re.jpg\" alt=\"Bo Sac Binh Tu Dong Gia Re\" width=\"750\" height=\"750\" srcset=\"https:\/\/maybommini.vn\/wp-content\/uploads\/2022\/11\/bo-sac-binh-tu-dong-gia-re.jpg 750w, https:\/\/maybommini.vn\/wp-content\/uploads\/2022\/11\/bo-sac-binh-tu-dong-gia-re-300x300.jpg 300w, https:\/\/maybommini.vn\/wp-content\/uploads\/2022\/11\/bo-sac-binh-tu-dong-gia-re-150x150.jpg 150w, https:\/\/maybommini.vn\/wp-content\/uploads\/2022\/11\/bo-sac-binh-tu-dong-gia-re-600x600.jpg 600w\" sizes=\"(max-width: 750px) 100vw, 750px\" \/><\/a><\/p>\n<p><strong><a href=\"https:\/\/maybommini.com\/wp-content\/uploads\/2020\/09\/sac-binh-loi-dong-cao-cap.jpg\" target=\"_blank\" rel=\"noopener\"><img decoding=\"async\" class=\"size-full wp-image-267131 aligncenter\" src=\"https:\/\/maybommini.com\/wp-content\/uploads\/2020\/09\/sac-binh-loi-dong-cao-cap.jpg\" alt=\"Sac Binh Loi Dong Cao Cap\" width=\"750\" height=\"750\" srcset=\"https:\/\/maybommini.vn\/wp-content\/uploads\/2020\/09\/sac-binh-loi-dong-cao-cap.jpg 750w, https:\/\/maybommini.vn\/wp-content\/uploads\/2020\/09\/sac-binh-loi-dong-cao-cap-300x300.jpg 300w, https:\/\/maybommini.vn\/wp-content\/uploads\/2020\/09\/sac-binh-loi-dong-cao-cap-150x150.jpg 150w, https:\/\/maybommini.vn\/wp-content\/uploads\/2020\/09\/sac-binh-loi-dong-cao-cap-600x600.jpg 600w\" sizes=\"(max-width: 750px) 100vw, 750px\" \/><\/a><\/strong><\/p>\n<p><strong>H\u01af\u1edaNG D\u1eaaN S\u1eec D\u1ee4NG S\u1ea0C B\u00ccNH \u1eaeC QUY T\u1ef0 \u0110\u1ed8NG 12V<br \/>\n<\/strong>&#8211; K\u1ebft n\u1ed1i v\u00e0o \u0111i\u1ec7n 220V AC v\u00e0o b\u1ed9 s\u1ea1c.<strong><br \/>\n<\/strong>&#8211; \u0110\u1ea5u \u0111\u00fang v\u00e0 ch\u1eafc ch\u1eafn c\u1ef1c D\u01b0\u01a1ng (+) c\u1ee7a b\u00ecnh v\u00e0o d\u00e2y D\u01b0\u01a1ng (+) s\u1ea1c, c\u1ef1c \u00c2m (-) c\u1ee7a b\u00ecnh v\u00e0o d\u00e2y \u00c2m (-) c\u1ee7a b\u1ed9 s\u1ea1c.<br \/>\n&#8211; \u0110\u1ea5u sai c\u1ef1c \u0111\u1ee9t c\u1ea7u ch\u00ec, kh\u00f4ng b\u00e1o \u0111\u00e8n ngu\u1ed3n.<br \/>\n&#8211; B\u00ecnh h\u01b0 kh\u00f4ng s\u1ea1c \u0111\u01b0\u1ee3c.<br \/>\n&#8211; S\u1eed d\u1ee5ng s\u1ea1c cho b\u00ecnh \u1eafc quy 12V 3Ah \u0111\u1ebfn 100Ah.<br \/>\n&#8211; D\u00f2ng s\u1ea1c t\u1ef1 \u0111i\u1ec1u ch\u1ec9nh t\u1eeb 1A \u0111\u1ebfn 5A.<br \/>\n&#8211; \u0110\u00e8n LED \u0111\u1ed5i m\u00e0u hi\u1ec3n th\u1ecb tr\u1ea1ng th\u00e1i s\u1ea1c.<br \/>\n&#8211;\u00a0 \u0110\u00e8n \u0110\u1ecf: \u0111ang s\u1ea1c.<br \/>\n&#8211;\u00a0 \u0110\u00e8n Xanh: S\u1ea1c \u0111\u1ea7y ho\u1eb7c ch\u01b0a k\u1ebft n\u1ed1i v\u1edbi b\u00ecnh \u1eafc quy.<br \/>\n&#8211;\u00a0 S\u1ea1c b\u00ecnh ph\u00f9 h\u1ee3p v\u1edbi c\u00f4ng su\u1ea5t s\u1ea1c.<br \/>\n&#8211;\u00a0 S\u1ea1c b\u00ecnh c\u00f3 dung l\u01b0\u1ee3ng c\u00e0ng l\u1edbn s\u1ea1c c\u00e0ng l\u00e2u.<br \/>\n&#8211; Ki\u1ec3m tra k\u1ef9 tr\u01b0\u1edbc khi n\u1ed1i m\u00e1y v\u00e0o ngu\u1ed3n \u0111i\u1ec7n v\u00e0 b\u00ecnh \u1eafc quy.<br \/>\n&#8211; Tr\u00e1nh kh\u00f4ng \u0111\u1ec3 n\u01a1i \u1ea9m \u01b0\u1edbt.<br \/>\n&#8211; B\u00e0o h\u00e0nh c\u00f2n ni\u00eam phong.<\/p>\n<p><strong><a href=\"https:\/\/maybommini.com\/wp-content\/uploads\/2022\/11\/den-bao-sac-binh-ac-quy-12v.jpg\" target=\"_blank\" rel=\"noopener\"><img decoding=\"async\" class=\"size-full wp-image-271484 aligncenter\" src=\"https:\/\/maybommini.com\/wp-content\/uploads\/2022\/11\/den-bao-sac-binh-ac-quy-12v.jpg\" alt=\"Den Bao Sac Binh Ac Quy 12v\" width=\"750\" height=\"750\" srcset=\"https:\/\/maybommini.vn\/wp-content\/uploads\/2022\/11\/den-bao-sac-binh-ac-quy-12v.jpg 750w, https:\/\/maybommini.vn\/wp-content\/uploads\/2022\/11\/den-bao-sac-binh-ac-quy-12v-300x300.jpg 300w, https:\/\/maybommini.vn\/wp-content\/uploads\/2022\/11\/den-bao-sac-binh-ac-quy-12v-150x150.jpg 150w, https:\/\/maybommini.vn\/wp-content\/uploads\/2022\/11\/den-bao-sac-binh-ac-quy-12v-600x600.jpg 600w\" sizes=\"(max-width: 750px) 100vw, 750px\" \/><\/a>S\u1eec D\u1ee4NG S\u1ea0C B\u00ccNH \u1eaeC QUY T\u1ef0 \u0110\u1ed8NG 12V 5A TVN<br \/>\n<\/strong>&#8211; B\u1ed9 s\u1ea1c b\u00ecnh \u1eafc quy kh\u00f4, b\u00ecnh axit ch\u00ec \u0111\u01b0\u1ee3c th\u1ebf k\u1ebf theo c\u00f4ng ngh\u1ec7 s\u1ea1c &#8220;SWITHCHING&#8221; nh\u1ecf, g\u1ecdn v\u00e0 hi\u1ec7u qu\u1ea3 cao.<br \/>\n&#8211; D\u00f9ng \u0111\u1ec3 s\u1ea1c c\u00e1c lo\u1ea1i b\u00ecnh \u00e1c quy kh\u00f4 ho\u1eb7c \u1eafc quy n\u01b0\u1edbc.<br \/>\n&#8211; D\u00f9ng s\u1ea1c c\u00e1c lo\u1ea1i thi\u1ebft b\u1ecb d\u00f9ng b\u00ecnh \u1eafc quy 12V (Accu).<br \/>\n&#8211; S\u1ea1c thi\u1ebft b\u1ecb d\u00f9ng n\u0103ng l\u01b0\u1ee3ng \u1eafc quy 12v.<br \/>\n&#8211; S\u1ea1c k\u00edch \u0111i\u1ec7n cho h\u1ec7 th\u1ed1ng n\u0103ng l\u01b0\u1ee3ng m\u1eb7t tr\u1eddi \u0111\u1ed9c l\u1eadp.<br \/>\n&#8211; S\u1ea1c\u00a0\u1eafc quy xe\u00a0\u00f4t\u00f4, xe m\u00e1y, xe\u00a0\u0111\u1ea1p\u00a0\u0111i\u1ec7n,\u00a0\u1eafc quy can\u00f4, t\u00e0u thuy\u1ec1n.<br \/>\n&#8211; S\u1ea1c b\u00ecnh cho m\u00e1y ph\u00e1t \u0111i\u1ec7n gia \u0111\u00ecnh v\u00e0o m\u00e1y ph\u00e1t \u0111i\u1ec7n c\u00f4ng nghi\u1ec7p t\u00f2a nh\u00e0.<br \/>\n&#8211; S\u1ea1c\u00a0\u1eafc quy h\u1ec7 th\u1ed1ng c\u1eeda cu\u1ed1n, h\u1ec7 th\u1ed1ng thang m\u00e1y, v\u00e0 nhi\u1ec1u thi\u1ebft b\u1ecb d\u00f9ng b\u00ecnh\u00a0\u1eafc quy kh\u00e1c.<br \/>\n&#8211; V\u1edbi t\u00ednh n\u0103ng ho\u00e0n to\u00e0n t\u1ef1 \u0111\u1ed9ng B\u1ea1n c\u00f3 th\u1ec3 y\u00ean t\u00e2m s\u1ea1c b\u00ecnh \u1eafc quy c\u1ee7a m\u00ecnh, n\u00e2ng cao ph\u1ee5c h\u1ed3i tu\u1ed5i th\u1ecd b\u00ecnh \u1eafc quy.<\/p>\n<p><a href=\"https:\/\/maybommini.com\/wp-content\/uploads\/2020\/09\/Automatic-Charger-12V.jpg\" target=\"_blank\" rel=\"noopener\"><img decoding=\"async\" class=\"size-full wp-image-267126 aligncenter\" src=\"https:\/\/maybommini.com\/wp-content\/uploads\/2020\/09\/Automatic-Charger-12V.jpg\" alt=\"Automatic Charger 12V\" width=\"750\" height=\"750\" srcset=\"https:\/\/maybommini.vn\/wp-content\/uploads\/2020\/09\/Automatic-Charger-12V.jpg 750w, https:\/\/maybommini.vn\/wp-content\/uploads\/2020\/09\/Automatic-Charger-12V-300x300.jpg 300w, https:\/\/maybommini.vn\/wp-content\/uploads\/2020\/09\/Automatic-Charger-12V-150x150.jpg 150w, https:\/\/maybommini.vn\/wp-content\/uploads\/2020\/09\/Automatic-Charger-12V-600x600.jpg 600w\" sizes=\"(max-width: 750px) 100vw, 750px\" \/><\/a><a href=\"https:\/\/maybommini.com\/wp-content\/uploads\/2019\/03\/sac-ac-quy-12v-24v-xe-dap-dien-xe-may-oto-xe-tai.jpg\" target=\"_blank\" rel=\"noopener\"><img decoding=\"async\" class=\"size-full wp-image-261589 aligncenter\" src=\"https:\/\/maybommini.com\/wp-content\/uploads\/2019\/03\/sac-ac-quy-12v-24v-xe-dap-dien-xe-may-oto-xe-tai.jpg\" alt=\"Sac Ac Quy 12v 24v Xe Dap Dien Xe May Oto Xe Tai\" width=\"750\" height=\"750\" srcset=\"https:\/\/maybommini.vn\/wp-content\/uploads\/2019\/03\/sac-ac-quy-12v-24v-xe-dap-dien-xe-may-oto-xe-tai.jpg 750w, https:\/\/maybommini.vn\/wp-content\/uploads\/2019\/03\/sac-ac-quy-12v-24v-xe-dap-dien-xe-may-oto-xe-tai-300x300.jpg 300w, https:\/\/maybommini.vn\/wp-content\/uploads\/2019\/03\/sac-ac-quy-12v-24v-xe-dap-dien-xe-may-oto-xe-tai-150x150.jpg 150w, https:\/\/maybommini.vn\/wp-content\/uploads\/2019\/03\/sac-ac-quy-12v-24v-xe-dap-dien-xe-may-oto-xe-tai-600x600.jpg 600w\" sizes=\"(max-width: 750px) 100vw, 750px\" \/><\/a><\/p>\n<p><strong>MUA S\u1ea0C B\u00ccNH\u00a0\u1eaeC\u00a0QUY 12V 24V \u1ede\u00a0\u0110\u00c2U ?<br \/>\nCh\u00fang t\u00f4i chuy\u00ean cung c\u1ea5p c\u00e1c thi\u1ebft b\u1ecb s\u1ea1c\u00a0\u1eafc quy, s\u1ea1c pin v\u00e0 adapter c\u00e1c lo\u1ea1i. cung c\u1ea5p c\u00e1c lo\u1ea1i\u00a0\u1eafc quy s\u1ec9 l\u1ebb s\u1ed1 l\u01b0\u1ee3ng l\u1edbn tr\u00ean to\u00e0n qu\u1ed1c gi\u00e1 t\u1ed1t b\u1ea3o h\u00e0nh ch\u00ednh h\u00e3ng.<br \/>\n<\/strong><strong>CTY TNHH TH\u01af\u01a0NG M\u1ea0I D\u1ecaCH V\u1ee4 \u0110I\u1ec6N M\u00c1Y TH\u00d4NG MINH<br \/>\nWebsite:\u00a0<a href=\"https:\/\/maybommini.com\/\" target=\"_blank\" rel=\"noopener\">https:\/\/maybommini.com<\/a><br \/>\nEmail: Maybommini.com@gmail.com<br \/>\nT\u01af V\u1ea4N K\u1ef8 THU\u1eacT \u2013 MUA H\u00c0NG<br \/>\nTel\/ Zalo: 0908997823 \u2013 0908997872<br \/>\nT\u01b0 v\u1ea5n mua h\u00e0ng: 0907294310 \u2013 02873030399<br \/>\n<\/strong><\/p>\n<h3 style=\"text-align: center;\">Automatic Battery Charger 12V<br \/>\nS\u1ea1c b\u00ecnh \u1eafc quy t\u1ef1 \u0111\u1ed9ng 12V 5A TVN<br \/>\nS\u1ea1c b\u00ecnh \u1eafc quy t\u1ef1 \u0111\u1ed9ng 12V 12A TVN<br \/>\n<a class=\"swipebox\" title=\"\" href=\"https:\/\/maybommini.com\/wp-content\/uploads\/2022\/07\/thong-tin-lien-he-may-bom-mini.jpg\" data-rel=\"lightbox-image-bGlnaHRib3gtaW1hZ2UtMTE=\" data-rl_title=\"\" data-rl_caption=\"\" data-rl_ target=\"_blank\" rel=\"noopener\"><img decoding=\"async\" class=\"size-full wp-image-270584 lazyloaded aligncenter\" src=\"https:\/\/maybommini.com\/wp-content\/uploads\/2022\/07\/thong-tin-lien-he-may-bom-mini.jpg\" sizes=\"(max-width: 750px) 100vw, 750px\" srcset=\"https:\/\/maybommini.com\/wp-content\/uploads\/2022\/07\/thong-tin-lien-he-may-bom-mini.jpg 750w, https:\/\/maybommini.com\/wp-content\/uploads\/2022\/07\/thong-tin-lien-he-may-bom-mini-300x202.jpg 300w, https:\/\/maybommini.com\/wp-content\/uploads\/2022\/07\/thong-tin-lien-he-may-bom-mini-600x405.jpg 600w\" alt=\"Thong Tin Lien He May Bom Mini\" width=\"750\" height=\"506\" data-lazy-srcset=\"https:\/\/maybommini.com\/wp-content\/uploads\/2022\/07\/thong-tin-lien-he-may-bom-mini.jpg 750w, https:\/\/maybommini.com\/wp-content\/uploads\/2022\/07\/thong-tin-lien-he-may-bom-mini-300x202.jpg 300w, https:\/\/maybommini.com\/wp-content\/uploads\/2022\/07\/thong-tin-lien-he-may-bom-mini-600x405.jpg 600w\" data-lazy-sizes=\"(max-width: 750px) 100vw, 750px\" data-lazy-src=\"https:\/\/maybommini.com\/wp-content\/uploads\/2022\/07\/thong-tin-lien-he-may-bom-mini.jpg\" data-was-processed=\"true\" \/><\/a><\/h3>\n","protected":false},"excerpt":{"rendered":"<p>Th\u01b0\u01a1ng hi\u1ec7u: TVN<strong><br \/>\n<\/strong>Model: 12V5A<br \/>\n\u0110i\u1ec7n th\u1ebf v\u00e0o: 220 AC 50Hz<br \/>\nD\u00f2ng t\u1ed1i \u0111a: 5A<br \/>\nS\u1ea1c nh\u1ed3i &#8211; Boost charge: 14V(\u00b1 2%) DC<br \/>\nS\u1ea1c duy tr\u00ec &#8211; Float charge: 13.5V(\u00b1 2%) DC<br \/>\nS\u1ea1c \u1eafc quy: 3Ah &#8211; 100Ah<br \/>\nD\u00f2ng s\u1ea1c t\u1ef1 \u0111\u1ed9ng \u0111i\u1ec1u ch\u1ec9nh: 1 &#8211; 5A<br \/>\nT\u1ef1 \u0111\u1ed9ng ng\u1eaft s\u1ea1c khi b\u00ecnh \u0111\u1ea7y.<br \/>\nLed b\u00e1o tr\u1ea1ng th\u00e1i s\u1ea1c.<br \/>\nLed \u0111\u1ecf : \u0111ang s\u1ea1c<br \/>\nLed xanh: s\u1ea1c \u0111\u1ea7y<br \/>\nC\u1ea7u ch\u00ec b\u1ea3o v\u1ec7 qu\u00e1 d\u00f2ng v\u00e0 sai c\u1ef1c.<br \/>\nK\u00edch th\u01b0\u1edbc: 55 x 85 x 160 mm<br \/>\nTr\u1ecdng l\u01b0\u1ee3ng: 280 gam<br \/>\nB\u1ea3o h\u00e0nh: 3 th\u00e1ng ch\u00ednh h\u00e3ng<br \/>\n<strong>Mua s\u1ed1 l\u01b0\u1ee3ng c\u00f3 gi\u00e1 t\u1ed1t<\/strong><\/p>\n","protected":false},"featured_media":271485,"comment_status":"open","ping_status":"closed","template":"","meta":[],"product_brand":[],"product_cat":[214,257],"product_tag":[267,2747,3373,3372,2272,3375,2270,2268,794,433,434,435,2266,795,796,2267,3374,797,798,799,2269,3785],"class_list":{"0":"post-271478","1":"product","2":"type-product","3":"status-publish","4":"has-post-thumbnail","6":"product_cat-phu-kien-bom-nuoc","7":"product_cat-nguon-dien-adapter-sac-pin-binh","8":"product_tag-12v","9":"product_tag-ac-quy-12v-400ah","10":"product_tag-ast","11":"product_tag-automatic-charger","12":"product_tag-bo-sac-ac-quy","13":"product_tag-bo-sac-binh","14":"product_tag-phu-hoi-ac-quy","15":"product_tag-phu-hoi-ac-quy-cu","16":"product_tag-sa-ac-quy","17":"product_tag-sac","18":"product_tag-sac-12v","19":"product_tag-sac-ac-quy","20":"product_tag-sac-ac-quy-thong-minh","21":"product_tag-sac-binh","22":"product_tag-sac-binh-ac-quy","23":"product_tag-sac-binh-ac-quy-tu-dong","24":"product_tag-sac-binh-tu-dong","25":"product_tag-sac-thong-minh","26":"product_tag-sac-tu-dong","27":"product_tag-sac-tu-ngat","28":"product_tag-sua-ac-quy-cu","29":"product_tag-tvn","31":"first","32":"instock","33":"sale","34":"shipping-taxable","35":"purchasable","36":"product-type-simple"},"_links":{"self":[{"href":"https:\/\/maybommini.vn\/index.php?rest_route=\/wp\/v2\/product\/271478","targetHints":{"allow":["GET"]}}],"collection":[{"href":"https:\/\/maybommini.vn\/index.php?rest_route=\/wp\/v2\/product"}],"about":[{"href":"https:\/\/maybommini.vn\/index.php?rest_route=\/wp\/v2\/types\/product"}],"replies":[{"embeddable":true,"href":"https:\/\/maybommini.vn\/index.php?rest_route=%2Fwp%2Fv2%2Fcomments&post=271478"}],"wp:featuredmedia":[{"embeddable":true,"href":"https:\/\/maybommini.vn\/index.php?rest_route=\/wp\/v2\/media\/271485"}],"wp:attachment":[{"href":"https:\/\/maybommini.vn\/index.php?rest_route=%2Fwp%2Fv2%2Fmedia&parent=271478"}],"wp:term":[{"taxonomy":"product_brand","embeddable":true,"href":"https:\/\/maybommini.vn\/index.php?rest_route=%2Fwp%2Fv2%2Fproduct_brand&post=271478"},{"taxonomy":"product_cat","embeddable":true,"href":"https:\/\/maybommini.vn\/index.php?rest_route=%2Fwp%2Fv2%2Fproduct_cat&post=271478"},{"taxonomy":"product_tag","embeddable":true,"href":"https:\/\/maybommini.vn\/index.php?rest_route=%2Fwp%2Fv2%2Fproduct_tag&post=271478"}],"curies":[{"name":"wp","href":"https:\/\/api.w.org\/{rel}","templated":true}]}}