{"id":271543,"date":"2022-11-28T22:48:37","date_gmt":"2022-11-28T15:48:37","guid":{"rendered":"https:\/\/maybommini.com\/?post_type=product&#038;p=271543"},"modified":"2022-11-28T22:58:05","modified_gmt":"2022-11-28T15:58:05","slug":"day-dien-loi-dong-nhieu-soi-0-75mm2-pvc","status":"publish","type":"product","link":"https:\/\/maybommini.vn\/?product=day-dien-loi-dong-nhieu-soi-0-75mm2-pvc","title":{"rendered":"D\u00e2y \u0111i\u1ec7n l\u00f5i \u0111\u1ed3ng nhi\u1ec1u s\u1ee3i 0.75mm2 &#8211; PVC"},"content":{"rendered":"<h3>D\u00e2y \u0111i\u1ec7n l\u00f5i \u0111\u1ed3ng nhi\u1ec1u s\u1ee3i 0.75mm2 v\u1ecf c\u00e1ch \u0111i\u1ec7n PVC gi\u00e1 t\u1ed1t b\u00e1n theo cu\u1ed9n ho\u1eb7c theo m\u00e9t. \u0110\u00e2y l\u00e0 d\u00e2y \u0111i\u1ec7n c\u00f3 l\u00f5i nhi\u1ec1u s\u1ee3i \u0111\u1ed3ng xo\u1eafn l\u1ea1i th\u00e0nh d\u00e2y c\u00f3 ti\u1ebfp di\u1ec7n 0.75mm2 d\u1eabn \u0111i\u1ec7n v\u00e0 ch\u1ecbu t\u1ea3i t\u1ed1t h\u01a1n.<\/h3>\n<p><strong><a href=\"https:\/\/maybommini.com\/wp-content\/uploads\/2022\/11\/ban-day-dien-loi-dong-075mm.jpg\" target=\"_blank\" rel=\"noopener\"><img decoding=\"async\" class=\"size-full wp-image-271545 aligncenter\" src=\"https:\/\/maybommini.com\/wp-content\/uploads\/2022\/11\/ban-day-dien-loi-dong-075mm.jpg\" alt=\"Ban Day Dien Loi Dong 075mm\" width=\"750\" height=\"750\" srcset=\"https:\/\/maybommini.vn\/wp-content\/uploads\/2022\/11\/ban-day-dien-loi-dong-075mm.jpg 750w, https:\/\/maybommini.vn\/wp-content\/uploads\/2022\/11\/ban-day-dien-loi-dong-075mm-300x300.jpg 300w, https:\/\/maybommini.vn\/wp-content\/uploads\/2022\/11\/ban-day-dien-loi-dong-075mm-150x150.jpg 150w, https:\/\/maybommini.vn\/wp-content\/uploads\/2022\/11\/ban-day-dien-loi-dong-075mm-600x600.jpg 600w\" sizes=\"(max-width: 750px) 100vw, 750px\" \/><\/a>TH\u00d4NG S\u1ed0 K\u1ef8 THU\u1eacT<\/strong><br \/>\nTi\u1ebfp di\u1ec7n m\u1eb7t c\u1eaft: 0.75 mm2<br \/>\n\u0110\u1ed9 d\u00e0y l\u1edbp c\u00e1ch \u0111i\u1ec7n: 0.3 mm<br \/>\n\u0110\u01b0\u1eddng k\u00ednh: 2.0 mm<br \/>\n\u0110i\u1ec7n \u00e1p: 600V<br \/>\nNhi\u1ec7t \u0111\u1ed9 l\u00e0m vi\u1ec7c: -80 \u0111\u1ebfn +250 \u0111\u1ed9 C.<br \/>\nLo\u1ea1i d\u00e2y \u0111i\u1ec7n l\u00f5i \u0111\u1ed3ng.<br \/>\nD\u00e2y xo\u1eafn nhi\u1ec1u s\u1ee3 \u0111\u1ed3ng.<br \/>\nM\u00e0u s\u1eafc: \u0110\u1ecf ho\u1eb7c \u0110en<br \/>\nB\u00e1n theo m\u00e9t.<br \/>\nCu\u1ed9n 50 m\u00e9t.<br \/>\nTr\u1ecdng l\u01b0\u1ee3ng:\u00a0 <a href=\"https:\/\/maybommini.com\/wp-content\/uploads\/2022\/11\/Day-dien-nhieu-loi-dong-075.jpg\" target=\"_blank\" rel=\"noopener\"><img decoding=\"async\" class=\"size-full wp-image-271548 aligncenter\" src=\"https:\/\/maybommini.com\/wp-content\/uploads\/2022\/11\/Day-dien-nhieu-loi-dong-075.jpg\" alt=\"Day Dien Nhieu Loi Dong 075\" width=\"750\" height=\"750\" srcset=\"https:\/\/maybommini.vn\/wp-content\/uploads\/2022\/11\/Day-dien-nhieu-loi-dong-075.jpg 750w, https:\/\/maybommini.vn\/wp-content\/uploads\/2022\/11\/Day-dien-nhieu-loi-dong-075-300x300.jpg 300w, https:\/\/maybommini.vn\/wp-content\/uploads\/2022\/11\/Day-dien-nhieu-loi-dong-075-150x150.jpg 150w, https:\/\/maybommini.vn\/wp-content\/uploads\/2022\/11\/Day-dien-nhieu-loi-dong-075-600x600.jpg 600w\" sizes=\"(max-width: 750px) 100vw, 750px\" \/><\/a><a href=\"https:\/\/maybommini.com\/wp-content\/uploads\/2022\/11\/day-dien-nhieu-loi-dong-xoan-mau-do.jpg\" target=\"_blank\" rel=\"noopener\"><img decoding=\"async\" class=\"size-full wp-image-271552 aligncenter\" src=\"https:\/\/maybommini.com\/wp-content\/uploads\/2022\/11\/day-dien-nhieu-loi-dong-xoan-mau-do.jpg\" alt=\"Day Dien Nhieu Loi Dong Xoan Mau Do\" width=\"750\" height=\"750\" srcset=\"https:\/\/maybommini.vn\/wp-content\/uploads\/2022\/11\/day-dien-nhieu-loi-dong-xoan-mau-do.jpg 750w, https:\/\/maybommini.vn\/wp-content\/uploads\/2022\/11\/day-dien-nhieu-loi-dong-xoan-mau-do-300x300.jpg 300w, https:\/\/maybommini.vn\/wp-content\/uploads\/2022\/11\/day-dien-nhieu-loi-dong-xoan-mau-do-150x150.jpg 150w, https:\/\/maybommini.vn\/wp-content\/uploads\/2022\/11\/day-dien-nhieu-loi-dong-xoan-mau-do-600x600.jpg 600w\" sizes=\"(max-width: 750px) 100vw, 750px\" \/><\/a><a href=\"https:\/\/maybommini.com\/wp-content\/uploads\/2022\/11\/day-dien-nhieu-loi-dong-xoan-mau-den.jpg\" target=\"_blank\" rel=\"noopener\"><img decoding=\"async\" class=\"size-full wp-image-271551 aligncenter\" src=\"https:\/\/maybommini.com\/wp-content\/uploads\/2022\/11\/day-dien-nhieu-loi-dong-xoan-mau-den.jpg\" alt=\"Day Dien Nhieu Loi Dong Xoan Mau Den\" width=\"750\" height=\"750\" srcset=\"https:\/\/maybommini.vn\/wp-content\/uploads\/2022\/11\/day-dien-nhieu-loi-dong-xoan-mau-den.jpg 750w, https:\/\/maybommini.vn\/wp-content\/uploads\/2022\/11\/day-dien-nhieu-loi-dong-xoan-mau-den-300x300.jpg 300w, https:\/\/maybommini.vn\/wp-content\/uploads\/2022\/11\/day-dien-nhieu-loi-dong-xoan-mau-den-150x150.jpg 150w, https:\/\/maybommini.vn\/wp-content\/uploads\/2022\/11\/day-dien-nhieu-loi-dong-xoan-mau-den-600x600.jpg 600w\" sizes=\"(max-width: 750px) 100vw, 750px\" \/><\/a><a href=\"https:\/\/maybommini.com\/wp-content\/uploads\/2022\/11\/loi-day-dien-nhieu-so-075-mau-do.jpg\" target=\"_blank\" rel=\"noopener\"><img decoding=\"async\" class=\"size-full wp-image-271554 aligncenter\" src=\"https:\/\/maybommini.com\/wp-content\/uploads\/2022\/11\/loi-day-dien-nhieu-so-075-mau-do.jpg\" alt=\"Loi Day Dien Nhieu So 075 Mau Do\" width=\"750\" height=\"750\" srcset=\"https:\/\/maybommini.vn\/wp-content\/uploads\/2022\/11\/loi-day-dien-nhieu-so-075-mau-do.jpg 750w, https:\/\/maybommini.vn\/wp-content\/uploads\/2022\/11\/loi-day-dien-nhieu-so-075-mau-do-300x300.jpg 300w, https:\/\/maybommini.vn\/wp-content\/uploads\/2022\/11\/loi-day-dien-nhieu-so-075-mau-do-150x150.jpg 150w, https:\/\/maybommini.vn\/wp-content\/uploads\/2022\/11\/loi-day-dien-nhieu-so-075-mau-do-600x600.jpg 600w\" sizes=\"(max-width: 750px) 100vw, 750px\" \/><\/a><a href=\"https:\/\/maybommini.com\/wp-content\/uploads\/2022\/11\/loi-day-dien-nhieu-soi-075mm.jpg\" target=\"_blank\" rel=\"noopener\"><img decoding=\"async\" class=\"size-full wp-image-271555 aligncenter\" src=\"https:\/\/maybommini.com\/wp-content\/uploads\/2022\/11\/loi-day-dien-nhieu-soi-075mm.jpg\" alt=\"Loi Day Dien Nhieu Soi 075mm\" width=\"750\" height=\"750\" srcset=\"https:\/\/maybommini.vn\/wp-content\/uploads\/2022\/11\/loi-day-dien-nhieu-soi-075mm.jpg 750w, https:\/\/maybommini.vn\/wp-content\/uploads\/2022\/11\/loi-day-dien-nhieu-soi-075mm-300x300.jpg 300w, https:\/\/maybommini.vn\/wp-content\/uploads\/2022\/11\/loi-day-dien-nhieu-soi-075mm-150x150.jpg 150w, https:\/\/maybommini.vn\/wp-content\/uploads\/2022\/11\/loi-day-dien-nhieu-soi-075mm-600x600.jpg 600w\" sizes=\"(max-width: 750px) 100vw, 750px\" \/><\/a><a href=\"https:\/\/maybommini.com\/wp-content\/uploads\/2022\/11\/Day-dien-nhieu-loi-dong-075-mau-do.jpg\" target=\"_blank\" rel=\"noopener\"><img decoding=\"async\" class=\"size-full wp-image-271550 aligncenter\" src=\"https:\/\/maybommini.com\/wp-content\/uploads\/2022\/11\/Day-dien-nhieu-loi-dong-075-mau-do.jpg\" alt=\"Day Dien Nhieu Loi Dong 075 Mau Do\" width=\"750\" height=\"750\" srcset=\"https:\/\/maybommini.vn\/wp-content\/uploads\/2022\/11\/Day-dien-nhieu-loi-dong-075-mau-do.jpg 750w, https:\/\/maybommini.vn\/wp-content\/uploads\/2022\/11\/Day-dien-nhieu-loi-dong-075-mau-do-300x300.jpg 300w, https:\/\/maybommini.vn\/wp-content\/uploads\/2022\/11\/Day-dien-nhieu-loi-dong-075-mau-do-150x150.jpg 150w, https:\/\/maybommini.vn\/wp-content\/uploads\/2022\/11\/Day-dien-nhieu-loi-dong-075-mau-do-600x600.jpg 600w\" sizes=\"(max-width: 750px) 100vw, 750px\" \/><\/a><a href=\"https:\/\/maybommini.com\/wp-content\/uploads\/2022\/11\/Day-dien-nhieu-loi-dong-075-den.jpg\" target=\"_blank\" rel=\"noopener\"><img decoding=\"async\" class=\"size-full wp-image-271549 aligncenter\" src=\"https:\/\/maybommini.com\/wp-content\/uploads\/2022\/11\/Day-dien-nhieu-loi-dong-075-den.jpg\" alt=\"Day Dien Nhieu Loi Dong 075 Den\" width=\"750\" height=\"750\" srcset=\"https:\/\/maybommini.vn\/wp-content\/uploads\/2022\/11\/Day-dien-nhieu-loi-dong-075-den.jpg 750w, https:\/\/maybommini.vn\/wp-content\/uploads\/2022\/11\/Day-dien-nhieu-loi-dong-075-den-300x300.jpg 300w, https:\/\/maybommini.vn\/wp-content\/uploads\/2022\/11\/Day-dien-nhieu-loi-dong-075-den-150x150.jpg 150w, https:\/\/maybommini.vn\/wp-content\/uploads\/2022\/11\/Day-dien-nhieu-loi-dong-075-den-600x600.jpg 600w\" sizes=\"(max-width: 750px) 100vw, 750px\" \/><\/a><a href=\"https:\/\/maybommini.com\/wp-content\/uploads\/2022\/11\/day-dien-075mm-loi-dong-nhieu-soi.jpg\" target=\"_blank\" rel=\"noopener\"><img decoding=\"async\" class=\"size-full wp-image-271546 aligncenter\" src=\"https:\/\/maybommini.com\/wp-content\/uploads\/2022\/11\/day-dien-075mm-loi-dong-nhieu-soi.jpg\" alt=\"Day Dien 075mm Loi Dong Nhieu Soi\" width=\"750\" height=\"750\" srcset=\"https:\/\/maybommini.vn\/wp-content\/uploads\/2022\/11\/day-dien-075mm-loi-dong-nhieu-soi.jpg 750w, https:\/\/maybommini.vn\/wp-content\/uploads\/2022\/11\/day-dien-075mm-loi-dong-nhieu-soi-300x300.jpg 300w, https:\/\/maybommini.vn\/wp-content\/uploads\/2022\/11\/day-dien-075mm-loi-dong-nhieu-soi-150x150.jpg 150w, https:\/\/maybommini.vn\/wp-content\/uploads\/2022\/11\/day-dien-075mm-loi-dong-nhieu-soi-600x600.jpg 600w\" sizes=\"(max-width: 750px) 100vw, 750px\" \/><\/a><a href=\"https:\/\/maybommini.com\/wp-content\/uploads\/2022\/11\/day-dien-loi-dong-xoan-nhieu-soi-075mm.jpg\" target=\"_blank\" rel=\"noopener\"><img decoding=\"async\" class=\"size-full wp-image-271547 aligncenter\" src=\"https:\/\/maybommini.com\/wp-content\/uploads\/2022\/11\/day-dien-loi-dong-xoan-nhieu-soi-075mm.jpg\" alt=\"Day Dien Loi Dong Xoan Nhieu Soi 075mm\" width=\"750\" height=\"750\" srcset=\"https:\/\/maybommini.vn\/wp-content\/uploads\/2022\/11\/day-dien-loi-dong-xoan-nhieu-soi-075mm.jpg 750w, https:\/\/maybommini.vn\/wp-content\/uploads\/2022\/11\/day-dien-loi-dong-xoan-nhieu-soi-075mm-300x300.jpg 300w, https:\/\/maybommini.vn\/wp-content\/uploads\/2022\/11\/day-dien-loi-dong-xoan-nhieu-soi-075mm-150x150.jpg 150w, https:\/\/maybommini.vn\/wp-content\/uploads\/2022\/11\/day-dien-loi-dong-xoan-nhieu-soi-075mm-600x600.jpg 600w\" sizes=\"(max-width: 750px) 100vw, 750px\" \/><\/a><a href=\"https:\/\/maybommini.com\/wp-content\/uploads\/2022\/11\/day-dien-PVC-loi-dong-075mm.jpg\" target=\"_blank\" rel=\"noopener\"><img decoding=\"async\" class=\"size-full wp-image-271553 aligncenter\" src=\"https:\/\/maybommini.com\/wp-content\/uploads\/2022\/11\/day-dien-PVC-loi-dong-075mm.jpg\" alt=\"Day Dien PVC Loi Dong 075mm\" width=\"750\" height=\"750\" srcset=\"https:\/\/maybommini.vn\/wp-content\/uploads\/2022\/11\/day-dien-PVC-loi-dong-075mm.jpg 750w, https:\/\/maybommini.vn\/wp-content\/uploads\/2022\/11\/day-dien-PVC-loi-dong-075mm-300x300.jpg 300w, https:\/\/maybommini.vn\/wp-content\/uploads\/2022\/11\/day-dien-PVC-loi-dong-075mm-150x150.jpg 150w, https:\/\/maybommini.vn\/wp-content\/uploads\/2022\/11\/day-dien-PVC-loi-dong-075mm-600x600.jpg 600w\" sizes=\"(max-width: 750px) 100vw, 750px\" \/><\/a><br \/>\n<strong>S\u1eea D\u1ee4NG D\u00c2Y \u0110I\u1ec6N L\u00d5I \u0110\u1ed2NG<\/strong><br \/>\nS\u1eed d\u1ee5ng cho thi\u1ebft b\u1ecb \u0111i\u1ec7n t\u1eed, thi\u1ebft b\u1ecb gia d\u1ee5ng, chi\u1ebfu s\u00e1ng, thi\u1ebft b\u1ecb \u0111i\u1ec7n t\u1eed, thi\u1ebft b\u1ecb y t\u1ebf, thi\u1ebft b\u1ecb n\u0103ng l\u01b0\u1ee3ng m\u1edbi, m\u00e1y bi\u1ebfn \u00e1p, d\u00e2y d\u1eabn \u0111\u1ed9ng c\u01a1 v\u00e0 h\u1ec7 th\u1ed1ng d\u00e2y \u0111i\u1ec7n \u00f4 t\u00f4.<br \/>\nS\u1ea3n ph\u1ea9m \u0111\u01b0\u1ee3c s\u1eed d\u1ee5ng r\u1ed9ng r\u00e3i trong \u0111i\u1ec7n t\u1eed, pin, pin m\u00e1y bay m\u00f4 h\u00ecnh, d\u00e2y n\u1ed1i m\u00f4 h\u00ecnh, thi\u1ebft b\u1ecb \u0111i\u1ec7n v\u00e0 thi\u1ebft b\u1ecb k\u1ebft n\u1ed1i b\u00ean trong d\u1ee5ng c\u1ee5,<br \/>\nM\u00e1y bi\u1ebfn \u00e1p l\u1edbn v\u00e0 \u0111\u00e8n LED v\u00e0 d\u00e2y k\u1ebft n\u1ed1i d\u00e2y d\u1eabn \u0111\u1ed9ng c\u01a1 motor, d\u00e2y ngu\u1ed3n m\u00e1y b\u01a1m mini.<\/p>\n<p><a href=\"https:\/\/maybommini.com\/wp-content\/uploads\/2022\/11\/Wire-and-cable-high-quality-075mm.jpg\" target=\"_blank\" rel=\"noopener\"><img decoding=\"async\" class=\"size-full wp-image-271557 aligncenter\" src=\"https:\/\/maybommini.com\/wp-content\/uploads\/2022\/11\/Wire-and-cable-high-quality-075mm.jpg\" alt=\"Wire And Cable High Quality 075mm\" width=\"750\" height=\"750\" srcset=\"https:\/\/maybommini.vn\/wp-content\/uploads\/2022\/11\/Wire-and-cable-high-quality-075mm.jpg 750w, https:\/\/maybommini.vn\/wp-content\/uploads\/2022\/11\/Wire-and-cable-high-quality-075mm-300x300.jpg 300w, https:\/\/maybommini.vn\/wp-content\/uploads\/2022\/11\/Wire-and-cable-high-quality-075mm-150x150.jpg 150w, https:\/\/maybommini.vn\/wp-content\/uploads\/2022\/11\/Wire-and-cable-high-quality-075mm-600x600.jpg 600w\" sizes=\"(max-width: 750px) 100vw, 750px\" \/><\/a><a href=\"https:\/\/maybommini.com\/wp-content\/uploads\/2022\/11\/loi-dong-day-dien.jpg\" target=\"_blank\" rel=\"noopener\"><img decoding=\"async\" class=\"size-full wp-image-271556 aligncenter\" src=\"https:\/\/maybommini.com\/wp-content\/uploads\/2022\/11\/loi-dong-day-dien.jpg\" alt=\"Loi Dong Day Dien\" width=\"750\" height=\"750\" srcset=\"https:\/\/maybommini.vn\/wp-content\/uploads\/2022\/11\/loi-dong-day-dien.jpg 750w, https:\/\/maybommini.vn\/wp-content\/uploads\/2022\/11\/loi-dong-day-dien-300x300.jpg 300w, https:\/\/maybommini.vn\/wp-content\/uploads\/2022\/11\/loi-dong-day-dien-150x150.jpg 150w, https:\/\/maybommini.vn\/wp-content\/uploads\/2022\/11\/loi-dong-day-dien-600x600.jpg 600w\" sizes=\"(max-width: 750px) 100vw, 750px\" \/><\/a><\/p>\n<p><strong>MUA D\u00c2Y \u0110I\u1ec6N D\u00c2Y NGU\u1ed2N D\u00c2Y C\u00c1P \u1ede \u0110\u00c2U ?<br \/>\nCh\u00fang t\u00f4i chuy\u00ean cung c\u1ea5p d\u00e2y \u0111i\u1ec7n, d\u00e2y ngu\u1ed3n, d\u00e2y c\u00e1p t\u00edn hi\u1ec7u, s\u1ea1c pin v\u00e0 adapter c\u00e1c lo\u1ea1i. Ph\u00e2n ph\u1ed1i s\u1ec9 l\u1ebb s\u1ed1 l\u01b0\u1ee3ng l\u1edbn tr\u00ean to\u00e0n qu\u1ed1c gi\u00e1 t\u1ed1t b\u1ea3o h\u00e0nh ch\u00ednh h\u00e3ng.<br \/>\n<\/strong><strong>CTY TNHH TH\u01af\u01a0NG M\u1ea0I D\u1ecaCH V\u1ee4 \u0110I\u1ec6N M\u00c1Y TH\u00d4NG MINH<br \/>\nWebsite:\u00a0<a href=\"https:\/\/maybommini.com\/\" target=\"_blank\" rel=\"noopener\">https:\/\/maybommini.com<\/a><br \/>\nEmail: Maybommini.com@gmail.com<br \/>\nT\u01af V\u1ea4N K\u1ef8 THU\u1eacT \u2013 MUA H\u00c0NG<br \/>\nTel\/ Zalo: 0908997823 \u2013 0908997872<br \/>\nT\u01b0 v\u1ea5n mua h\u00e0ng: 0907294310 \u2013 02873030399<br \/>\n<\/strong><\/p>\n<h3><a class=\"swipebox\" title=\"\" href=\"https:\/\/maybommini.com\/wp-content\/uploads\/2022\/07\/thong-tin-lien-he-may-bom-mini.jpg\" data-rel=\"lightbox-image-bGlnaHRib3gtaW1hZ2UtYkdsbmFIUmliM2d0YVcxaFoyVXRNVEU9\" data-rl_title=\"\" data-rl_caption=\"\" data-rl_ target=\"_blank\" rel=\"noopener\"><img decoding=\"async\" class=\"size-full wp-image-270584 lazyloaded aligncenter\" src=\"https:\/\/maybommini.com\/wp-content\/uploads\/2022\/07\/thong-tin-lien-he-may-bom-mini.jpg\" sizes=\"(max-width: 750px) 100vw, 750px\" srcset=\"https:\/\/maybommini.com\/wp-content\/uploads\/2022\/07\/thong-tin-lien-he-may-bom-mini.jpg 750w, https:\/\/maybommini.com\/wp-content\/uploads\/2022\/07\/thong-tin-lien-he-may-bom-mini-300x202.jpg 300w, https:\/\/maybommini.com\/wp-content\/uploads\/2022\/07\/thong-tin-lien-he-may-bom-mini-600x405.jpg 600w\" alt=\"Thong Tin Lien He May Bom Mini\" width=\"750\" height=\"506\" data-lazy-srcset=\"https:\/\/maybommini.com\/wp-content\/uploads\/2022\/07\/thong-tin-lien-he-may-bom-mini.jpg 750w, https:\/\/maybommini.com\/wp-content\/uploads\/2022\/07\/thong-tin-lien-he-may-bom-mini-300x202.jpg 300w, https:\/\/maybommini.com\/wp-content\/uploads\/2022\/07\/thong-tin-lien-he-may-bom-mini-600x405.jpg 600w\" data-lazy-sizes=\"(max-width: 750px) 100vw, 750px\" data-lazy-src=\"https:\/\/maybommini.com\/wp-content\/uploads\/2022\/07\/thong-tin-lien-he-may-bom-mini.jpg\" data-was-processed=\"true\" \/><\/a><\/h3>\n","protected":false},"excerpt":{"rendered":"<p>Ti\u1ebfp di\u1ec7n m\u1eb7t c\u1eaft: 0.75 mm2<br \/>\n\u0110\u1ed9 d\u00e0y l\u1edbp c\u00e1ch \u0111i\u1ec7n: 0.3 mm<br \/>\n\u0110\u01b0\u1eddng k\u00ednh: 2.0 mm<br \/>\n\u0110i\u1ec7n \u00e1p: 600V<br \/>\nNhi\u1ec7t \u0111\u1ed9 l\u00e0m vi\u1ec7c: -80 \u0111\u1ebfn +250 \u0111\u1ed9 C.<br \/>\nLo\u1ea1i d\u00e2y \u0111i\u1ec7n l\u00f5i \u0111\u1ed3ng.<br \/>\nD\u00e2y xo\u1eafn nhi\u1ec1u s\u1ee3 \u0111\u1ed3ng.<br \/>\nM\u00e0u s\u1eafc: \u0110\u1ecf ho\u1eb7c \u0110en<br \/>\nB\u00e1n theo m\u00e9t.<br \/>\nCu\u1ed9n 50 m\u00e9t.<br \/>\nTr\u1ecdng l\u01b0\u1ee3ng:<br \/>\n<strong>Mua s\u1ed1 l\u01b0\u1ee3ng c\u00f3 gi\u00e1 t\u1ed1t<\/strong><\/p>\n","protected":false},"featured_media":271545,"comment_status":"open","ping_status":"closed","template":"","meta":[],"product_brand":[],"product_cat":[214,3800],"product_tag":[3798,3795,3794,3797,3796,3799,295],"class_list":{"0":"post-271543","1":"product","2":"type-product","3":"status-publish","4":"has-post-thumbnail","6":"product_cat-phu-kien-bom-nuoc","7":"product_cat-day-dien","8":"product_tag-0-75","9":"product_tag-day-cap","10":"product_tag-day-dien","11":"product_tag-day-dien-0-75mm","12":"product_tag-day-dien-loi-dong","13":"product_tag-day-dien-nhieu-loi","14":"product_tag-day-nguon","16":"first","17":"instock","18":"sale","19":"shipping-taxable","20":"purchasable","21":"product-type-simple"},"_links":{"self":[{"href":"https:\/\/maybommini.vn\/index.php?rest_route=\/wp\/v2\/product\/271543","targetHints":{"allow":["GET"]}}],"collection":[{"href":"https:\/\/maybommini.vn\/index.php?rest_route=\/wp\/v2\/product"}],"about":[{"href":"https:\/\/maybommini.vn\/index.php?rest_route=\/wp\/v2\/types\/product"}],"replies":[{"embeddable":true,"href":"https:\/\/maybommini.vn\/index.php?rest_route=%2Fwp%2Fv2%2Fcomments&post=271543"}],"wp:featuredmedia":[{"embeddable":true,"href":"https:\/\/maybommini.vn\/index.php?rest_route=\/wp\/v2\/media\/271545"}],"wp:attachment":[{"href":"https:\/\/maybommini.vn\/index.php?rest_route=%2Fwp%2Fv2%2Fmedia&parent=271543"}],"wp:term":[{"taxonomy":"product_brand","embeddable":true,"href":"https:\/\/maybommini.vn\/index.php?rest_route=%2Fwp%2Fv2%2Fproduct_brand&post=271543"},{"taxonomy":"product_cat","embeddable":true,"href":"https:\/\/maybommini.vn\/index.php?rest_route=%2Fwp%2Fv2%2Fproduct_cat&post=271543"},{"taxonomy":"product_tag","embeddable":true,"href":"https:\/\/maybommini.vn\/index.php?rest_route=%2Fwp%2Fv2%2Fproduct_tag&post=271543"}],"curies":[{"name":"wp","href":"https:\/\/api.w.org\/{rel}","templated":true}]}}