{"id":271636,"date":"2022-12-05T16:47:32","date_gmt":"2022-12-05T09:47:32","guid":{"rendered":"https:\/\/maybommini.com\/?post_type=product&#038;p=271636"},"modified":"2022-12-05T17:09:33","modified_gmt":"2022-12-05T10:09:33","slug":"mach-ghep-cell-pin-lithium-ion-3-7v-2200mah-vuong","status":"publish","type":"product","link":"https:\/\/maybommini.vn\/?product=mach-ghep-cell-pin-lithium-ion-3-7v-2200mah-vuong","title":{"rendered":"M\u1ea1ch gh\u00e9p cell pin lithium ion 3.7V 2200mAh &#8211; vu\u00f4ng"},"content":{"rendered":"<h4>M\u1ea1ch gh\u00e9p cell pin lithium ion 3.7V 2200mAh &#8211; vu\u00f4ng chuy\u00ean d\u1ee5ng. Ph\u00f9 h\u1ee3p c\u00e1c lo\u1ea1i cell pin vu\u00f4ng lihtium ion 3.7V c\u00f3 ch\u00e2n \u00e2m d\u01b0\u01a1ng m\u1eb7t tr\u00ean \u0111\u1ec3 gh\u00e9p th\u00e0nh kh\u1ed1i pin 2S 3S 4S.<\/h4>\n<p><strong><a href=\"https:\/\/maybommini.com\/wp-content\/uploads\/2022\/12\/mach-ghep-cell-pin-lithium-vuong.jpg\" target=\"_blank\" rel=\"noopener\"><img decoding=\"async\" class=\"size-full wp-image-271640 aligncenter\" src=\"https:\/\/maybommini.com\/wp-content\/uploads\/2022\/12\/mach-ghep-cell-pin-lithium-vuong.jpg\" alt=\"Mach Ghep Cell Pin Lithium Vuong\" width=\"750\" height=\"750\" srcset=\"https:\/\/maybommini.vn\/wp-content\/uploads\/2022\/12\/mach-ghep-cell-pin-lithium-vuong.jpg 750w, https:\/\/maybommini.vn\/wp-content\/uploads\/2022\/12\/mach-ghep-cell-pin-lithium-vuong-300x300.jpg 300w, https:\/\/maybommini.vn\/wp-content\/uploads\/2022\/12\/mach-ghep-cell-pin-lithium-vuong-150x150.jpg 150w, https:\/\/maybommini.vn\/wp-content\/uploads\/2022\/12\/mach-ghep-cell-pin-lithium-vuong-600x600.jpg 600w\" sizes=\"(max-width: 750px) 100vw, 750px\" \/><\/a>TH\u00d4NG S\u1ed0 K\u1ef8 THU\u1eacT<\/strong><br \/>\nTh\u01b0\u01a1ng hi\u1ec7u: Smart<br \/>\nModel: Smart-4S<br \/>\nCh\u1ea5t li\u1ec7u: Nh\u1ef1a &#8211; Ch\u00ec &#8211; Niken &#8211; \u0110\u1ed3ng<br \/>\nT\u01b0\u01a1ng th\u00edch: pin lihtium ion 3.7V vu\u00f4ng<br \/>\nK\u00edch th\u01b0\u1edbc:<br \/>\nKh\u1ed1i l\u01b0\u1ee3ng:<\/p>\n<p><strong><a href=\"https:\/\/maybommini.com\/wp-content\/uploads\/2022\/12\/mach-ghep-cell-dong-pin.jpg\" target=\"_blank\" rel=\"noopener\"><img decoding=\"async\" class=\"size-full wp-image-271639 aligncenter\" src=\"https:\/\/maybommini.com\/wp-content\/uploads\/2022\/12\/mach-ghep-cell-dong-pin.jpg\" alt=\"Mach Ghep Cell Dong Pin\" width=\"750\" height=\"750\" srcset=\"https:\/\/maybommini.vn\/wp-content\/uploads\/2022\/12\/mach-ghep-cell-dong-pin.jpg 750w, https:\/\/maybommini.vn\/wp-content\/uploads\/2022\/12\/mach-ghep-cell-dong-pin-300x300.jpg 300w, https:\/\/maybommini.vn\/wp-content\/uploads\/2022\/12\/mach-ghep-cell-dong-pin-150x150.jpg 150w, https:\/\/maybommini.vn\/wp-content\/uploads\/2022\/12\/mach-ghep-cell-dong-pin-600x600.jpg 600w\" sizes=\"(max-width: 750px) 100vw, 750px\" \/><\/a><a href=\"https:\/\/maybommini.com\/wp-content\/uploads\/2022\/12\/ghep-pin-vuong-gia-re.jpg\" target=\"_blank\" rel=\"noopener\"><img decoding=\"async\" class=\"size-full wp-image-271638 aligncenter\" src=\"https:\/\/maybommini.com\/wp-content\/uploads\/2022\/12\/ghep-pin-vuong-gia-re.jpg\" alt=\"Ghep Pin Vuong Gia Re\" width=\"750\" height=\"750\" srcset=\"https:\/\/maybommini.vn\/wp-content\/uploads\/2022\/12\/ghep-pin-vuong-gia-re.jpg 750w, https:\/\/maybommini.vn\/wp-content\/uploads\/2022\/12\/ghep-pin-vuong-gia-re-300x300.jpg 300w, https:\/\/maybommini.vn\/wp-content\/uploads\/2022\/12\/ghep-pin-vuong-gia-re-150x150.jpg 150w, https:\/\/maybommini.vn\/wp-content\/uploads\/2022\/12\/ghep-pin-vuong-gia-re-600x600.jpg 600w\" sizes=\"(max-width: 750px) 100vw, 750px\" \/><\/a><a href=\"https:\/\/maybommini.com\/wp-content\/uploads\/2022\/12\/mach-noi-cell-vuong.jpg\" target=\"_blank\" rel=\"noopener\"><img decoding=\"async\" class=\"size-full wp-image-271637 aligncenter\" src=\"https:\/\/maybommini.com\/wp-content\/uploads\/2022\/12\/mach-noi-cell-vuong.jpg\" alt=\"Mach Noi Cell Vuong\" width=\"750\" height=\"750\" srcset=\"https:\/\/maybommini.vn\/wp-content\/uploads\/2022\/12\/mach-noi-cell-vuong.jpg 750w, https:\/\/maybommini.vn\/wp-content\/uploads\/2022\/12\/mach-noi-cell-vuong-300x300.jpg 300w, https:\/\/maybommini.vn\/wp-content\/uploads\/2022\/12\/mach-noi-cell-vuong-150x150.jpg 150w, https:\/\/maybommini.vn\/wp-content\/uploads\/2022\/12\/mach-noi-cell-vuong-600x600.jpg 600w\" sizes=\"(max-width: 750px) 100vw, 750px\" \/><\/a><a href=\"https:\/\/maybommini.com\/wp-content\/uploads\/2022\/12\/mach-ghep-dong-cell-pin-vuong.jpg\" target=\"_blank\" rel=\"noopener\"><img decoding=\"async\" class=\"size-full wp-image-271641 aligncenter\" src=\"https:\/\/maybommini.com\/wp-content\/uploads\/2022\/12\/mach-ghep-dong-cell-pin-vuong.jpg\" alt=\"Mach Ghep Dong Cell Pin Vuong\" width=\"750\" height=\"750\" srcset=\"https:\/\/maybommini.vn\/wp-content\/uploads\/2022\/12\/mach-ghep-dong-cell-pin-vuong.jpg 750w, https:\/\/maybommini.vn\/wp-content\/uploads\/2022\/12\/mach-ghep-dong-cell-pin-vuong-300x300.jpg 300w, https:\/\/maybommini.vn\/wp-content\/uploads\/2022\/12\/mach-ghep-dong-cell-pin-vuong-150x150.jpg 150w, https:\/\/maybommini.vn\/wp-content\/uploads\/2022\/12\/mach-ghep-dong-cell-pin-vuong-600x600.jpg 600w\" sizes=\"(max-width: 750px) 100vw, 750px\" \/><\/a><a href=\"https:\/\/maybommini.com\/wp-content\/uploads\/2022\/12\/mach-ghep-pin.jpg\" target=\"_blank\" rel=\"noopener\"><img decoding=\"async\" class=\"size-full wp-image-271642 aligncenter\" src=\"https:\/\/maybommini.com\/wp-content\/uploads\/2022\/12\/mach-ghep-pin.jpg\" alt=\"Mach Ghep Pin\" width=\"750\" height=\"750\" srcset=\"https:\/\/maybommini.vn\/wp-content\/uploads\/2022\/12\/mach-ghep-pin.jpg 750w, https:\/\/maybommini.vn\/wp-content\/uploads\/2022\/12\/mach-ghep-pin-300x300.jpg 300w, https:\/\/maybommini.vn\/wp-content\/uploads\/2022\/12\/mach-ghep-pin-150x150.jpg 150w, https:\/\/maybommini.vn\/wp-content\/uploads\/2022\/12\/mach-ghep-pin-600x600.jpg 600w\" sizes=\"(max-width: 750px) 100vw, 750px\" \/><\/a><a href=\"https:\/\/maybommini.com\/wp-content\/uploads\/2022\/12\/Mach-ghep-pin-lithium-ion-vuong-2200mah.jpg\" target=\"_blank\" rel=\"noopener\"><img decoding=\"async\" class=\"size-full wp-image-271643 aligncenter\" src=\"https:\/\/maybommini.com\/wp-content\/uploads\/2022\/12\/Mach-ghep-pin-lithium-ion-vuong-2200mah.jpg\" alt=\"Mach Ghep Pin Lithium Ion Vuong 2200mah\" width=\"750\" height=\"750\" srcset=\"https:\/\/maybommini.vn\/wp-content\/uploads\/2022\/12\/Mach-ghep-pin-lithium-ion-vuong-2200mah.jpg 750w, https:\/\/maybommini.vn\/wp-content\/uploads\/2022\/12\/Mach-ghep-pin-lithium-ion-vuong-2200mah-300x300.jpg 300w, https:\/\/maybommini.vn\/wp-content\/uploads\/2022\/12\/Mach-ghep-pin-lithium-ion-vuong-2200mah-150x150.jpg 150w, https:\/\/maybommini.vn\/wp-content\/uploads\/2022\/12\/Mach-ghep-pin-lithium-ion-vuong-2200mah-600x600.jpg 600w\" sizes=\"(max-width: 750px) 100vw, 750px\" \/><\/a><a href=\"https:\/\/maybommini.com\/wp-content\/uploads\/2022\/12\/mach-han-ghep-cell-pin-lithium-vuong.jpg\" target=\"_blank\" rel=\"noopener\"><img decoding=\"async\" class=\"size-full wp-image-271644 aligncenter\" src=\"https:\/\/maybommini.com\/wp-content\/uploads\/2022\/12\/mach-han-ghep-cell-pin-lithium-vuong.jpg\" alt=\"Mach Han Ghep Cell Pin Lithium Vuong\" width=\"750\" height=\"750\" srcset=\"https:\/\/maybommini.vn\/wp-content\/uploads\/2022\/12\/mach-han-ghep-cell-pin-lithium-vuong.jpg 750w, https:\/\/maybommini.vn\/wp-content\/uploads\/2022\/12\/mach-han-ghep-cell-pin-lithium-vuong-300x300.jpg 300w, https:\/\/maybommini.vn\/wp-content\/uploads\/2022\/12\/mach-han-ghep-cell-pin-lithium-vuong-150x150.jpg 150w, https:\/\/maybommini.vn\/wp-content\/uploads\/2022\/12\/mach-han-ghep-cell-pin-lithium-vuong-600x600.jpg 600w\" sizes=\"(max-width: 750px) 100vw, 750px\" \/><\/a><a href=\"https:\/\/maybommini.com\/wp-content\/uploads\/2022\/12\/mach-han-pin.jpg\" target=\"_blank\" rel=\"noopener\"><img decoding=\"async\" class=\"size-full wp-image-271645 aligncenter\" src=\"https:\/\/maybommini.com\/wp-content\/uploads\/2022\/12\/mach-han-pin.jpg\" alt=\"Mach Han Pin\" width=\"750\" height=\"750\" srcset=\"https:\/\/maybommini.vn\/wp-content\/uploads\/2022\/12\/mach-han-pin.jpg 750w, https:\/\/maybommini.vn\/wp-content\/uploads\/2022\/12\/mach-han-pin-300x300.jpg 300w, https:\/\/maybommini.vn\/wp-content\/uploads\/2022\/12\/mach-han-pin-150x150.jpg 150w, https:\/\/maybommini.vn\/wp-content\/uploads\/2022\/12\/mach-han-pin-600x600.jpg 600w\" sizes=\"(max-width: 750px) 100vw, 750px\" \/><\/a><br \/>\nL\u01afU \u00dd H\u01af\u1edaNG D\u1ea8N S\u1eec D\u1ee4NG<br \/>\n<\/strong>&#8211; S\u1eed d\u1ee5ng cho pin lithum ion 3.7V 2200mah vu\u00f4ng<br \/>\n&#8211; H\u00e0n ch\u00e2n pin theo c\u1ef1c \u00e2m d\u01b0\u01a1ng.<br \/>\n&#8211; Ph\u00f9 h\u1ee3p cho ng\u01b0\u1eddi am hi\u1ec3u k\u1ef9 thu\u1eadt.<\/p>\n<p><strong><a href=\"https:\/\/maybommini.com\/wp-content\/uploads\/2022\/12\/mach-lam-pin-cell.jpg\" target=\"_blank\" rel=\"noopener\"><img decoding=\"async\" class=\"size-full wp-image-271646 aligncenter\" src=\"https:\/\/maybommini.com\/wp-content\/uploads\/2022\/12\/mach-lam-pin-cell.jpg\" alt=\"Mach Lam Pin Cell\" width=\"750\" height=\"750\" srcset=\"https:\/\/maybommini.vn\/wp-content\/uploads\/2022\/12\/mach-lam-pin-cell.jpg 750w, https:\/\/maybommini.vn\/wp-content\/uploads\/2022\/12\/mach-lam-pin-cell-300x300.jpg 300w, https:\/\/maybommini.vn\/wp-content\/uploads\/2022\/12\/mach-lam-pin-cell-150x150.jpg 150w, https:\/\/maybommini.vn\/wp-content\/uploads\/2022\/12\/mach-lam-pin-cell-600x600.jpg 600w\" sizes=\"(max-width: 750px) 100vw, 750px\" \/><\/a><\/strong><\/p>\n<p><a href=\"https:\/\/maybommini.com\/wp-content\/uploads\/2022\/12\/chuyen-cac-loai-pin-lithium-cao-cap.jpg\" target=\"_blank\" rel=\"noopener\"><img decoding=\"async\" class=\"size-full wp-image-271625 aligncenter\" src=\"https:\/\/maybommini.com\/wp-content\/uploads\/2022\/12\/chuyen-cac-loai-pin-lithium-cao-cap.jpg\" alt=\"Chuyen Cac Loai Pin Lithium Cao Cap\" width=\"750\" height=\"750\" srcset=\"https:\/\/maybommini.vn\/wp-content\/uploads\/2022\/12\/chuyen-cac-loai-pin-lithium-cao-cap.jpg 750w, https:\/\/maybommini.vn\/wp-content\/uploads\/2022\/12\/chuyen-cac-loai-pin-lithium-cao-cap-300x300.jpg 300w, https:\/\/maybommini.vn\/wp-content\/uploads\/2022\/12\/chuyen-cac-loai-pin-lithium-cao-cap-150x150.jpg 150w, https:\/\/maybommini.vn\/wp-content\/uploads\/2022\/12\/chuyen-cac-loai-pin-lithium-cao-cap-600x600.jpg 600w\" sizes=\"(max-width: 750px) 100vw, 750px\" \/><\/a><\/p>\n<h4 style=\"text-align: center;\">M\u1ea1ch gh\u00e9p cell pin lithium ion 3.7V 2200mAh &#8211; vu\u00f4ng<br \/>\nPin lithium ion 3.7V 2200mAh 100C Smart<\/h4>\n<p><strong>B\u00c1N B\u00ccNH \u1eaeC QUY KH\u00d4 MINI \u2013 B\u00ccNH \u1eaeC QUY PIN LITHIUM \u2013 PIN S\u1ea0C<br \/>\nCh\u00fang t\u00f4i nh\u00e0 cung c\u1ea5p ph\u00e2n ph\u1ed1i to\u00e0n qu\u1ed1c c\u00e1c lo\u1ea1i b\u00e1n b\u00ecnh \u1eafc quy kh\u00f4 mini \u0111\u1ebfn c\u00e1c lo\u1ea1i b\u00ecnh \u1eafc quy c\u00f3 dung l\u01b0\u1ee3ng r\u1ea5t l\u1edbn v\u1edbi gi\u00e1 h\u1ee3p l\u00fd v\u00e0 b\u1ea3o h\u00e0nh ch\u00ednh h\u00e3ng.<\/strong><strong>CTY TNHH TH\u01af\u01a0NG M\u1ea0I D\u1ecaCH V\u1ee4 \u0110I\u1ec6N M\u00c1Y TH\u00d4NG MINH<br \/>\nWebsite:\u00a0<a href=\"https:\/\/maybommini.com\/\" target=\"_blank\" rel=\"noopener\">https:\/\/maybommini.com<\/a><br \/>\nEmail: Maybommini.com@gmail.com<br \/>\nT\u01af V\u1ea4N K\u1ef8 THU\u1eacT \u2013 MUA H\u00c0NG<br \/>\nTel\/ Zalo: 0908997823 \u2013 0908997872<br \/>\nT\u01b0 v\u1ea5n mua h\u00e0ng: 0907294310 \u2013 02873030399<br \/>\n<\/strong><\/p>\n<h3><a class=\"swipebox\" title=\"\" href=\"https:\/\/maybommini.com\/wp-content\/uploads\/2022\/07\/thong-tin-lien-he-may-bom-mini.jpg\" data-rel=\"lightbox-image-bGlnaHRib3gtaW1hZ2UtYkdsbmFIUmliM2d0YVcxaFoyVXRZa2RzYm1GSVVtbGlNMmQwWVZjeGFGb3lWWFJaYTJSelltMUdTVlZ0YkdsTk1tUXdXVlpqZUdGR2IzbFdXRkpPVmtWVk9RPT0=\" data-rl_title=\"\" data-rl_caption=\"\" data-rl_ target=\"_blank\" rel=\"noopener\"><img decoding=\"async\" class=\"size-full wp-image-270584 lazyloaded aligncenter\" src=\"https:\/\/maybommini.com\/wp-content\/uploads\/2022\/07\/thong-tin-lien-he-may-bom-mini.jpg\" sizes=\"(max-width: 750px) 100vw, 750px\" srcset=\"https:\/\/maybommini.com\/wp-content\/uploads\/2022\/07\/thong-tin-lien-he-may-bom-mini.jpg 750w, https:\/\/maybommini.com\/wp-content\/uploads\/2022\/07\/thong-tin-lien-he-may-bom-mini-300x202.jpg 300w, https:\/\/maybommini.com\/wp-content\/uploads\/2022\/07\/thong-tin-lien-he-may-bom-mini-600x405.jpg 600w\" alt=\"Thong Tin Lien He May Bom Mini\" width=\"750\" height=\"506\" data-lazy-srcset=\"https:\/\/maybommini.com\/wp-content\/uploads\/2022\/07\/thong-tin-lien-he-may-bom-mini.jpg 750w, https:\/\/maybommini.com\/wp-content\/uploads\/2022\/07\/thong-tin-lien-he-may-bom-mini-300x202.jpg 300w, https:\/\/maybommini.com\/wp-content\/uploads\/2022\/07\/thong-tin-lien-he-may-bom-mini-600x405.jpg 600w\" data-lazy-sizes=\"(max-width: 750px) 100vw, 750px\" data-lazy-src=\"https:\/\/maybommini.com\/wp-content\/uploads\/2022\/07\/thong-tin-lien-he-may-bom-mini.jpg\" data-was-processed=\"true\" \/><\/a><\/h3>\n<p>&nbsp;<\/p>\n","protected":false},"excerpt":{"rendered":"<p>Th\u01b0\u01a1ng hi\u1ec7u: Smart<br \/>\nModel: Smart-4S<br \/>\nCh\u1ea5t li\u1ec7u: Nh\u1ef1a &#8211; Ch\u00ec &#8211; Niken &#8211; \u0110\u1ed3ng<br \/>\nT\u01b0\u01a1ng th\u00edch: pin lihtium ion 3.7V vu\u00f4ng<br \/>\nK\u00edch th\u01b0\u1edbc:<br \/>\nKh\u1ed1i l\u01b0\u1ee3ng:<br \/>\nB\u1ea3o h\u00e0nh: 1 \u0111\u1ed5i 1 l\u1ed7i do NSX<br \/>\n<strong>Mua s\u1ed1 l\u01b0\u1ee3ng c\u00f3 gi\u00e1 t\u1ed1t<\/strong><\/p>\n","protected":false},"featured_media":271640,"comment_status":"open","ping_status":"closed","template":"","meta":[],"product_brand":[],"product_cat":[214,421],"product_tag":[3814,3724,3813,1283,3812,1411],"class_list":{"0":"post-271636","1":"product","2":"type-product","3":"status-publish","4":"has-post-thumbnail","6":"product_cat-phu-kien-bom-nuoc","7":"product_cat-pin-sac","8":"product_tag-cell-pin-vuong","9":"product_tag-dong-pin","10":"product_tag-ghep-cell","11":"product_tag-ghep-cell-pin","12":"product_tag-mach-ghep","13":"product_tag-mach-ghep-pin","15":"first","16":"instock","17":"sale","18":"shipping-taxable","19":"purchasable","20":"product-type-simple"},"_links":{"self":[{"href":"https:\/\/maybommini.vn\/index.php?rest_route=\/wp\/v2\/product\/271636","targetHints":{"allow":["GET"]}}],"collection":[{"href":"https:\/\/maybommini.vn\/index.php?rest_route=\/wp\/v2\/product"}],"about":[{"href":"https:\/\/maybommini.vn\/index.php?rest_route=\/wp\/v2\/types\/product"}],"replies":[{"embeddable":true,"href":"https:\/\/maybommini.vn\/index.php?rest_route=%2Fwp%2Fv2%2Fcomments&post=271636"}],"wp:featuredmedia":[{"embeddable":true,"href":"https:\/\/maybommini.vn\/index.php?rest_route=\/wp\/v2\/media\/271640"}],"wp:attachment":[{"href":"https:\/\/maybommini.vn\/index.php?rest_route=%2Fwp%2Fv2%2Fmedia&parent=271636"}],"wp:term":[{"taxonomy":"product_brand","embeddable":true,"href":"https:\/\/maybommini.vn\/index.php?rest_route=%2Fwp%2Fv2%2Fproduct_brand&post=271636"},{"taxonomy":"product_cat","embeddable":true,"href":"https:\/\/maybommini.vn\/index.php?rest_route=%2Fwp%2Fv2%2Fproduct_cat&post=271636"},{"taxonomy":"product_tag","embeddable":true,"href":"https:\/\/maybommini.vn\/index.php?rest_route=%2Fwp%2Fv2%2Fproduct_tag&post=271636"}],"curies":[{"name":"wp","href":"https:\/\/api.w.org\/{rel}","templated":true}]}}