{"id":271690,"date":"2022-12-06T14:44:10","date_gmt":"2022-12-06T07:44:10","guid":{"rendered":"https:\/\/maybommini.com\/?post_type=product&#038;p=271690"},"modified":"2024-04-01T17:30:58","modified_gmt":"2024-04-01T10:30:58","slug":"mach-bao-ve-pin-3s-12v-20a-pcb-bms","status":"publish","type":"product","link":"https:\/\/maybommini.vn\/?product=mach-bao-ve-pin-3s-12v-20a-pcb-bms","title":{"rendered":"M\u1ea1ch b\u1ea3o v\u1ec7 pin 3S 12V 20A PCB BMS"},"content":{"rendered":"<p><strong>Cung c\u1ea5p ph\u00e2n ph\u1ed1i m\u1ea1ch b\u1ea3o v\u1ec7 pin 3S 12V 20A PCB BMS gi\u00e1 t\u1ed1t ch\u1ea5t l\u01b0\u1ee3ng ch\u00ednh h\u00e3ng. \u0110\u00e2y l\u00e0 m\u1ea1ch d\u00f9ng \u0111\u1ec3 b\u1ea3o v\u1ec7 s\u1ea1c v\u00e0 x\u1ea3 pin nh\u1ea7m \u0111\u1ea3m b\u1ea3o ho\u1ea1t \u0111\u1ed9ng l\u00e2u d\u00e0i v\u00e0 t\u1ed1t h\u01a1n, d\u00f2ng ch\u1ecbu t\u1ea3i t\u1ed1i \u0111a 20A.<\/strong><\/p>\n<p><strong><a href=\"https:\/\/maybommini.com\/wp-content\/uploads\/2022\/12\/mach-bao-ve-pin-3s-20a-18650.jpg\" target=\"_blank\" rel=\"noopener\"><img decoding=\"async\" class=\"size-full wp-image-271696 aligncenter\" src=\"https:\/\/maybommini.com\/wp-content\/uploads\/2022\/12\/mach-bao-ve-pin-3s-20a-18650.jpg\" alt=\"Mach Bao Ve Pin 3s 20a 18650\" width=\"750\" height=\"750\" srcset=\"https:\/\/maybommini.vn\/wp-content\/uploads\/2022\/12\/mach-bao-ve-pin-3s-20a-18650.jpg 750w, https:\/\/maybommini.vn\/wp-content\/uploads\/2022\/12\/mach-bao-ve-pin-3s-20a-18650-300x300.jpg 300w, https:\/\/maybommini.vn\/wp-content\/uploads\/2022\/12\/mach-bao-ve-pin-3s-20a-18650-150x150.jpg 150w, https:\/\/maybommini.vn\/wp-content\/uploads\/2022\/12\/mach-bao-ve-pin-3s-20a-18650-600x600.jpg 600w\" sizes=\"(max-width: 750px) 100vw, 750px\" \/><\/a>TH\u00d4NG S\u1ed0 K\u1ef8 THU\u1eacT<\/strong><br \/>\nModel: BMS-3S-20A-126<br \/>\nM\u1ea1ch lo\u1ea1i: 3S BMS<br \/>\nD\u00f2ng ch\u1ecbu t\u1ea3i: 20A<br \/>\nC\u00f4ng su\u1ea5t t\u1ed1i \u0111a: 252W<br \/>\n\u0110i\u1ec7n \u00e1p s\u1ea1c: 12.6V DC<br \/>\nT\u01b0\u01a1ng t\u00edch pin: 18650, 26650, lithium polymer pin<br \/>\nPin cell \u0111i\u1ec7n \u00e1p: 3.6V 3.7V Pin Lithium.<br \/>\nCh\u1ea5t li\u1ec7u: Kim lo\u1ea1i &#8211; nh\u1ef1a &#8211; linh ki\u1ec7n \u0111i\u1ec7m t\u1eed.<br \/>\nK\u00edch th\u01b0\u1edbc: 64 x 20 x 3.4 mm<br \/>\nTr\u1ecdng l\u01b0\u1ee3ng: 5 gam.<br \/>\n<a href=\"https:\/\/maybommini.com\/wp-content\/uploads\/2022\/12\/mach-sac-xa-pin-3s-18650-20A.jpg\" target=\"_blank\" rel=\"noopener\"><img decoding=\"async\" class=\"size-full wp-image-271702 aligncenter\" src=\"https:\/\/maybommini.com\/wp-content\/uploads\/2022\/12\/mach-sac-xa-pin-3s-18650-20A.jpg\" alt=\"Mach Sac Xa Pin 3s 18650 20A\" width=\"750\" height=\"750\" srcset=\"https:\/\/maybommini.vn\/wp-content\/uploads\/2022\/12\/mach-sac-xa-pin-3s-18650-20A.jpg 750w, https:\/\/maybommini.vn\/wp-content\/uploads\/2022\/12\/mach-sac-xa-pin-3s-18650-20A-300x300.jpg 300w, https:\/\/maybommini.vn\/wp-content\/uploads\/2022\/12\/mach-sac-xa-pin-3s-18650-20A-150x150.jpg 150w, https:\/\/maybommini.vn\/wp-content\/uploads\/2022\/12\/mach-sac-xa-pin-3s-18650-20A-600x600.jpg 600w\" sizes=\"(max-width: 750px) 100vw, 750px\" \/><\/a><a href=\"https:\/\/maybommini.com\/wp-content\/uploads\/2022\/12\/pin-BMS-ao-ve-pin-3s-18650.jpg\" target=\"_blank\" rel=\"noopener\"><img decoding=\"async\" class=\"size-full wp-image-271703 aligncenter\" src=\"https:\/\/maybommini.com\/wp-content\/uploads\/2022\/12\/pin-BMS-ao-ve-pin-3s-18650.jpg\" alt=\"Pin BMS Ao Ve Pin 3s 18650\" width=\"750\" height=\"750\" srcset=\"https:\/\/maybommini.vn\/wp-content\/uploads\/2022\/12\/pin-BMS-ao-ve-pin-3s-18650.jpg 750w, https:\/\/maybommini.vn\/wp-content\/uploads\/2022\/12\/pin-BMS-ao-ve-pin-3s-18650-300x300.jpg 300w, https:\/\/maybommini.vn\/wp-content\/uploads\/2022\/12\/pin-BMS-ao-ve-pin-3s-18650-150x150.jpg 150w, https:\/\/maybommini.vn\/wp-content\/uploads\/2022\/12\/pin-BMS-ao-ve-pin-3s-18650-600x600.jpg 600w\" sizes=\"(max-width: 750px) 100vw, 750px\" \/><\/a><a href=\"https:\/\/maybommini.com\/wp-content\/uploads\/2022\/12\/mach-bao-ve-pin-18650-3s.jpg\" target=\"_blank\" rel=\"noopener\"><img decoding=\"async\" class=\"size-full wp-image-271699 aligncenter\" src=\"https:\/\/maybommini.com\/wp-content\/uploads\/2022\/12\/mach-bao-ve-pin-18650-3s.jpg\" alt=\"Mach Bao Ve Pin 18650 3s\" width=\"750\" height=\"750\" srcset=\"https:\/\/maybommini.vn\/wp-content\/uploads\/2022\/12\/mach-bao-ve-pin-18650-3s.jpg 750w, https:\/\/maybommini.vn\/wp-content\/uploads\/2022\/12\/mach-bao-ve-pin-18650-3s-300x300.jpg 300w, https:\/\/maybommini.vn\/wp-content\/uploads\/2022\/12\/mach-bao-ve-pin-18650-3s-150x150.jpg 150w, https:\/\/maybommini.vn\/wp-content\/uploads\/2022\/12\/mach-bao-ve-pin-18650-3s-600x600.jpg 600w\" sizes=\"(max-width: 750px) 100vw, 750px\" \/><\/a><a href=\"https:\/\/maybommini.com\/wp-content\/uploads\/2022\/12\/mach-bao-ve-pin-12v-3s-20A.jpg\" target=\"_blank\" rel=\"noopener\"><img decoding=\"async\" class=\"size-full wp-image-271698 aligncenter\" src=\"https:\/\/maybommini.com\/wp-content\/uploads\/2022\/12\/mach-bao-ve-pin-12v-3s-20A.jpg\" alt=\"Mach Bao Ve Pin 12v 3s 20A\" width=\"750\" height=\"750\" srcset=\"https:\/\/maybommini.vn\/wp-content\/uploads\/2022\/12\/mach-bao-ve-pin-12v-3s-20A.jpg 750w, https:\/\/maybommini.vn\/wp-content\/uploads\/2022\/12\/mach-bao-ve-pin-12v-3s-20A-300x300.jpg 300w, https:\/\/maybommini.vn\/wp-content\/uploads\/2022\/12\/mach-bao-ve-pin-12v-3s-20A-150x150.jpg 150w, https:\/\/maybommini.vn\/wp-content\/uploads\/2022\/12\/mach-bao-ve-pin-12v-3s-20A-600x600.jpg 600w\" sizes=\"(max-width: 750px) 100vw, 750px\" \/><\/a><a href=\"https:\/\/maybommini.com\/wp-content\/uploads\/2022\/12\/mach-bao-ve-pin-3s-20a-18650-gia-re.jpg\" target=\"_blank\" rel=\"noopener\"><img decoding=\"async\" class=\"size-full wp-image-271697 aligncenter\" src=\"https:\/\/maybommini.com\/wp-content\/uploads\/2022\/12\/mach-bao-ve-pin-3s-20a-18650-gia-re.jpg\" alt=\"Mach Bao Ve Pin 3s 20a 18650 Gia Re\" width=\"750\" height=\"750\" srcset=\"https:\/\/maybommini.vn\/wp-content\/uploads\/2022\/12\/mach-bao-ve-pin-3s-20a-18650-gia-re.jpg 750w, https:\/\/maybommini.vn\/wp-content\/uploads\/2022\/12\/mach-bao-ve-pin-3s-20a-18650-gia-re-300x300.jpg 300w, https:\/\/maybommini.vn\/wp-content\/uploads\/2022\/12\/mach-bao-ve-pin-3s-20a-18650-gia-re-150x150.jpg 150w, https:\/\/maybommini.vn\/wp-content\/uploads\/2022\/12\/mach-bao-ve-pin-3s-20a-18650-gia-re-600x600.jpg 600w\" sizes=\"(max-width: 750px) 100vw, 750px\" \/><\/a><a href=\"https:\/\/maybommini.com\/wp-content\/uploads\/2022\/12\/kich-thuoch-mach-bao-ve-pin-3s-20a.jpg\" target=\"_blank\" rel=\"noopener\"><img decoding=\"async\" class=\"size-full wp-image-271695 aligncenter\" src=\"https:\/\/maybommini.com\/wp-content\/uploads\/2022\/12\/kich-thuoch-mach-bao-ve-pin-3s-20a.jpg\" alt=\"Kich Thuoch Mach Bao Ve Pin 3s 20a\" width=\"750\" height=\"750\" srcset=\"https:\/\/maybommini.vn\/wp-content\/uploads\/2022\/12\/kich-thuoch-mach-bao-ve-pin-3s-20a.jpg 750w, https:\/\/maybommini.vn\/wp-content\/uploads\/2022\/12\/kich-thuoch-mach-bao-ve-pin-3s-20a-300x300.jpg 300w, https:\/\/maybommini.vn\/wp-content\/uploads\/2022\/12\/kich-thuoch-mach-bao-ve-pin-3s-20a-150x150.jpg 150w, https:\/\/maybommini.vn\/wp-content\/uploads\/2022\/12\/kich-thuoch-mach-bao-ve-pin-3s-20a-600x600.jpg 600w\" sizes=\"(max-width: 750px) 100vw, 750px\" \/><\/a><a href=\"https:\/\/maybommini.com\/wp-content\/uploads\/2022\/12\/gia-mach-bao-ve-pin-3s-20a-18650.jpg\" target=\"_blank\" rel=\"noopener\"><img decoding=\"async\" class=\"size-full wp-image-271694 aligncenter\" src=\"https:\/\/maybommini.com\/wp-content\/uploads\/2022\/12\/gia-mach-bao-ve-pin-3s-20a-18650.jpg\" alt=\"Gia Mach Bao Ve Pin 3s 20a 18650\" width=\"750\" height=\"750\" srcset=\"https:\/\/maybommini.vn\/wp-content\/uploads\/2022\/12\/gia-mach-bao-ve-pin-3s-20a-18650.jpg 750w, https:\/\/maybommini.vn\/wp-content\/uploads\/2022\/12\/gia-mach-bao-ve-pin-3s-20a-18650-300x300.jpg 300w, https:\/\/maybommini.vn\/wp-content\/uploads\/2022\/12\/gia-mach-bao-ve-pin-3s-20a-18650-150x150.jpg 150w, https:\/\/maybommini.vn\/wp-content\/uploads\/2022\/12\/gia-mach-bao-ve-pin-3s-20a-18650-600x600.jpg 600w\" sizes=\"(max-width: 750px) 100vw, 750px\" \/><\/a><strong>H\u01af\u1edaNG D\u1eaaN L\u1eaeP M\u1ea0CH B\u1ea2O V\u1ec6 PIN 3S 20A<\/strong><br \/>\n&#8211; B\u1ea1n c\u1ea7n am hi\u1ec3u k\u1ef9 thu\u1eadt \u0111i\u1ec7n t\u1eed \u0111\u1ec3 s\u1eed d\u1ee5ng.<br \/>\n&#8211; Kh\u00f4ng n\u00ean d\u00f9ng \u0111\u1ebf nhi\u1ec1u lo\u1ea1i pin kh\u00e1c nhau v\u00e0 pin c\u00f3 ch\u1ea5t l\u01b0\u1ee3ng k\u00e9m.<br \/>\n&#8211; K\u1ebft n\u1ed1i theo s\u01a1 \u0111\u1ed3 h\u1ec7 th\u1ed1ng pin v\u00e0o \u0111i\u1ec3m: 0V\/4.2V\/8.4V\/12.6V n\u1ebfu kh\u00f4ng n\u00f3 s\u1ebd g\u00e2y h\u01b0 h\u1ea1i cho chip.<br \/>\n&#8211; Sau khi k\u1ebft n\u1ed1i, pin c\u1ea7n s\u1ea1c k\u00edch ho\u1ea1t l\u1ea7n \u0111\u1ea7u ti\u00ean, sau \u0111\u00f3 s\u1ebd c\u00f3 d\u00f2ng \u0111i\u1ec7n ra.<br \/>\n&#8211; Kh\u00f4ng pha tr\u1ed9n Pin t\u1ed1t v\u00e0 pin k\u00e9m \u0111\u1ec3 s\u1eed d\u1ee5ng.<br \/>\n&#8211; N\u1ed9i tr\u1edf pin v\u00e0 dung l\u01b0\u1ee3ng pin ph\u1ea3i g\u1ea7n gi\u1ed1ng nhau s\u1ebd t\u1ed1t h\u01a1n.<br \/>\n&#8211; Ng\u01b0\u1eddi mua bi\u1ebft ki\u1ebfn th\u1ee9c chuy\u00ean m\u00f4n c\u1ee7a module n\u00e0y tr\u01b0\u1edbc khi mua.<\/p>\n<p><strong><a href=\"https:\/\/maybommini.com\/wp-content\/uploads\/2022\/12\/so-do-ghep-pin-3s-voi-mach-20A.jpg\" target=\"_blank\" rel=\"noopener\"><img decoding=\"async\" class=\"size-full wp-image-271704 aligncenter\" src=\"https:\/\/maybommini.com\/wp-content\/uploads\/2022\/12\/so-do-ghep-pin-3s-voi-mach-20A.jpg\" alt=\"So Do Ghep Pin 3s Voi Mach 20A\" width=\"750\" height=\"750\" srcset=\"https:\/\/maybommini.vn\/wp-content\/uploads\/2022\/12\/so-do-ghep-pin-3s-voi-mach-20A.jpg 750w, https:\/\/maybommini.vn\/wp-content\/uploads\/2022\/12\/so-do-ghep-pin-3s-voi-mach-20A-300x300.jpg 300w, https:\/\/maybommini.vn\/wp-content\/uploads\/2022\/12\/so-do-ghep-pin-3s-voi-mach-20A-150x150.jpg 150w, https:\/\/maybommini.vn\/wp-content\/uploads\/2022\/12\/so-do-ghep-pin-3s-voi-mach-20A-600x600.jpg 600w\" sizes=\"(max-width: 750px) 100vw, 750px\" \/><\/a><a href=\"https:\/\/maybommini.com\/wp-content\/uploads\/2022\/12\/cach-ghep-pin-3s-voi-mach-bao-ve-20a.jpg\" target=\"_blank\" rel=\"noopener\"><img decoding=\"async\" class=\"size-full wp-image-271693 aligncenter\" src=\"https:\/\/maybommini.com\/wp-content\/uploads\/2022\/12\/cach-ghep-pin-3s-voi-mach-bao-ve-20a.jpg\" alt=\"Cach Ghep Pin 3s Voi Mach Bao Ve 20a\" width=\"750\" height=\"750\" srcset=\"https:\/\/maybommini.vn\/wp-content\/uploads\/2022\/12\/cach-ghep-pin-3s-voi-mach-bao-ve-20a.jpg 750w, https:\/\/maybommini.vn\/wp-content\/uploads\/2022\/12\/cach-ghep-pin-3s-voi-mach-bao-ve-20a-300x300.jpg 300w, https:\/\/maybommini.vn\/wp-content\/uploads\/2022\/12\/cach-ghep-pin-3s-voi-mach-bao-ve-20a-150x150.jpg 150w, https:\/\/maybommini.vn\/wp-content\/uploads\/2022\/12\/cach-ghep-pin-3s-voi-mach-bao-ve-20a-600x600.jpg 600w\" sizes=\"(max-width: 750px) 100vw, 750px\" \/><\/a><\/strong><\/p>\n<p><strong>S\u1eec D\u1ee4NG MI\u1ebeNG D\u00c1N C\u00c1CH \u0110I\u1ec6N C\u00c1CH NHI\u1ec6T PIN<\/strong><br \/>\n&#8211; S\u1eed d\u1ee5ng gh\u00e9p cell pin 3S 18650, 26650.<br \/>\n&#8211; S\u1eed d\u1ee5ng b\u1ea3o v\u1ec7 cho pin 12V 3S.<br \/>\n&#8211; S\u1eed d\u1ee5ng b\u1ea3o v\u1ec7 cell pin 3.6V 3.7V Lithium, polymer.<br \/>\n&#8211; M\u1ea1ch b\u1ea3o v\u1ec7 s\u1ea1c v\u00e0 x\u1ea3 pin 3S 12V.<strong><a href=\"https:\/\/maybommini.com\/wp-content\/uploads\/2022\/12\/mach-pin-3s-20a-chinh-hang.jpg\" target=\"_blank\" rel=\"noopener\"><img decoding=\"async\" class=\"size-full wp-image-271701 aligncenter\" src=\"https:\/\/maybommini.com\/wp-content\/uploads\/2022\/12\/mach-pin-3s-20a-chinh-hang.jpg\" alt=\"Mach Pin 3s 20a Chinh Hang\" width=\"750\" height=\"750\" srcset=\"https:\/\/maybommini.vn\/wp-content\/uploads\/2022\/12\/mach-pin-3s-20a-chinh-hang.jpg 750w, https:\/\/maybommini.vn\/wp-content\/uploads\/2022\/12\/mach-pin-3s-20a-chinh-hang-300x300.jpg 300w, https:\/\/maybommini.vn\/wp-content\/uploads\/2022\/12\/mach-pin-3s-20a-chinh-hang-150x150.jpg 150w, https:\/\/maybommini.vn\/wp-content\/uploads\/2022\/12\/mach-pin-3s-20a-chinh-hang-600x600.jpg 600w\" sizes=\"(max-width: 750px) 100vw, 750px\" \/><\/a><a href=\"https:\/\/maybommini.com\/wp-content\/uploads\/2022\/12\/bang-ve-mach-bao-ve-3s-20a.jpg\" target=\"_blank\" rel=\"noopener\"><img decoding=\"async\" class=\"size-full wp-image-271692 aligncenter\" src=\"https:\/\/maybommini.com\/wp-content\/uploads\/2022\/12\/bang-ve-mach-bao-ve-3s-20a.jpg\" alt=\"Bang Ve Mach Bao Ve 3s 20a\" width=\"750\" height=\"750\" srcset=\"https:\/\/maybommini.vn\/wp-content\/uploads\/2022\/12\/bang-ve-mach-bao-ve-3s-20a.jpg 750w, https:\/\/maybommini.vn\/wp-content\/uploads\/2022\/12\/bang-ve-mach-bao-ve-3s-20a-300x300.jpg 300w, https:\/\/maybommini.vn\/wp-content\/uploads\/2022\/12\/bang-ve-mach-bao-ve-3s-20a-150x150.jpg 150w, https:\/\/maybommini.vn\/wp-content\/uploads\/2022\/12\/bang-ve-mach-bao-ve-3s-20a-600x600.jpg 600w\" sizes=\"(max-width: 750px) 100vw, 750px\" \/><\/a>TH\u00d4NG TIN LI\u00caN H\u1ec6<\/strong><br \/>\nHotline Zalo: 090729 4310 \u2013 02873030399<br \/>\nNh\u1eadn \u0111\u00f3ng pin theo y\u00eau c\u1ea7u, l\u00e0m pin, n\u00e2ng c\u1ea5p pin, s\u1eeda pin cho h\u1ec7 th\u1ed1ng n\u0103ng l\u01b0\u1ee3ng m\u1eb7t tr\u1eddi, pin m\u00e1y khoan, pin robot h\u00fat b\u1ee5i lau nh\u00e0, pin m\u00e1y th\u1ed5i b\u1ee5i, pin s\u1ea1c, UPS mini, pin \u0111\u00e8n n\u0103ng l\u01b0\u1ee3ng m\u1eb7t tr\u1eddi, Pin LiFePo4, Pin 18650 &#8230;<\/p>\n<p><strong><a href=\"https:\/\/maybommini.com\/wp-content\/uploads\/2022\/12\/su-dung-mach-3S-20a.jpg\" target=\"_blank\" rel=\"noopener\"><img decoding=\"async\" class=\"size-full wp-image-271691 aligncenter\" src=\"https:\/\/maybommini.com\/wp-content\/uploads\/2022\/12\/su-dung-mach-3S-20a.jpg\" alt=\"Su Dung Mach 3S 20a\" width=\"750\" height=\"750\" srcset=\"https:\/\/maybommini.vn\/wp-content\/uploads\/2022\/12\/su-dung-mach-3S-20a.jpg 750w, https:\/\/maybommini.vn\/wp-content\/uploads\/2022\/12\/su-dung-mach-3S-20a-300x300.jpg 300w, https:\/\/maybommini.vn\/wp-content\/uploads\/2022\/12\/su-dung-mach-3S-20a-150x150.jpg 150w, https:\/\/maybommini.vn\/wp-content\/uploads\/2022\/12\/su-dung-mach-3S-20a-600x600.jpg 600w\" sizes=\"(max-width: 750px) 100vw, 750px\" \/><\/a><\/strong><\/p>\n<p><strong>MUA PIN &#8211; PH\u1ee4 KI\u1ec6N CELL PIN \u1ede \u0110\u00c2U ?\u00a0<\/strong><br \/>\n<a title=\"m\u00e1y b\u01a1m mini\" href=\"https:\/\/maybommini.com\/\" target=\"_blank\" rel=\"noopener\">M\u00e1y B\u01a1m Mini \u2013 MBM<\/a> nh\u00e0 cung c\u1ea5p h\u00e0ng \u0111\u1ea7u v\u1ec1 thi\u1ebft b\u1ecb ph\u1ee5 ki\u1ec7n pin b\u00ecnh \u1eafc quy s\u1ea1c gi\u00e1 t\u1ed1t ch\u00ednh h\u00e3ng. V\u1edbi ch\u00ednh s\u00e1ch b\u1ea3o h\u00e0nh l\u00e2u d\u00e0i.<br \/>\n<strong>Website:<\/strong>\u00a0<a href=\"https:\/\/maybommini.com\/\" target=\"_blank\" rel=\"noopener\">https:\/\/maybommini.com<\/a><br \/>\n<strong>Email:<\/strong>\u00a0maybommini.com@gmail.com<br \/>\n<strong>Tel Zalo:<\/strong>\u00a0<a href=\"tel:02873030399\">02873030399<\/a>\u00a0\u2013\u00a0<a href=\"tel:0907294310\">0907294310<\/a>\u00a0\u2013\u00a0<a href=\"tel:0908997823\">0908997823<\/a>\u00a0\u2013\u00a0<a href=\"tel:0908997872\">0908997872<\/a><\/p>\n<p><a class=\"swipebox\" title=\"\" href=\"https:\/\/maybommini.com\/wp-content\/uploads\/2022\/07\/thong-tin-lien-he-may-bom-mini.jpg\" data-rel=\"lightbox-image-bGlnaHRib3gtaW1hZ2UtYkdsbmFIUmliM2d0YVcxaFoyVXRNVEk9\" data-rl_title=\"\" data-rl_caption=\"\" data-rl_ target=\"_blank\" rel=\"noopener\"><img decoding=\"async\" class=\"size-full wp-image-270584 aligncenter lazyloaded\" src=\"https:\/\/maybommini.com\/wp-content\/uploads\/2022\/07\/thong-tin-lien-he-may-bom-mini.jpg\" sizes=\"(max-width: 750px) 100vw, 750px\" srcset=\"https:\/\/maybommini.com\/wp-content\/uploads\/2022\/07\/thong-tin-lien-he-may-bom-mini.jpg 750w, https:\/\/maybommini.com\/wp-content\/uploads\/2022\/07\/thong-tin-lien-he-may-bom-mini-300x202.jpg 300w, https:\/\/maybommini.com\/wp-content\/uploads\/2022\/07\/thong-tin-lien-he-may-bom-mini-600x405.jpg 600w\" alt=\"Thong Tin Lien He May Bom Mini\" width=\"750\" height=\"506\" data-lazy-srcset=\"https:\/\/maybommini.com\/wp-content\/uploads\/2022\/07\/thong-tin-lien-he-may-bom-mini.jpg 750w, https:\/\/maybommini.com\/wp-content\/uploads\/2022\/07\/thong-tin-lien-he-may-bom-mini-300x202.jpg 300w, https:\/\/maybommini.com\/wp-content\/uploads\/2022\/07\/thong-tin-lien-he-may-bom-mini-600x405.jpg 600w\" data-lazy-sizes=\"(max-width: 750px) 100vw, 750px\" data-lazy-src=\"https:\/\/maybommini.com\/wp-content\/uploads\/2022\/07\/thong-tin-lien-he-may-bom-mini.jpg\" data-was-processed=\"true\" \/><\/a><\/p>\n","protected":false},"excerpt":{"rendered":"<p>Model: BMS-3S-20A-126<br \/>\nM\u1ea1ch lo\u1ea1i: 3S BMS<br \/>\nD\u00f2ng ch\u1ecbu t\u1ea3i: 20A<br \/>\nC\u00f4ng su\u1ea5t t\u1ed1i \u0111a: 252W<br \/>\n\u0110i\u1ec7n \u00e1p s\u1ea1c: 12.6V DC<br \/>\nT\u01b0\u01a1ng t\u00edch pin: 18650, 26650, lithium polymer pin<br \/>\nPin cell \u0111i\u1ec7n \u00e1p: 3.6V 3.7V Pin Lithium.<br \/>\nCh\u1ea5t li\u1ec7u: Kim lo\u1ea1i &#8211; nh\u1ef1a &#8211; linh ki\u1ec7n \u0111i\u1ec7m t\u1eed.<br \/>\nK\u00edch th\u01b0\u1edbc: 64 x 20 x 3.4 mm<br \/>\nTr\u1ecdng l\u01b0\u1ee3ng: 5 gam.<br \/>\nB\u1ea3o h\u00e0nh: 1 \u0111\u1ed5i 1 n\u1ebfu l\u1ed5i do nh\u00e0 SX<br \/>\nM\u1ea1ch \u0111\u00e3 h\u00e0n gh\u00e9p kh\u00f4ng b\u1ea3o h\u00e0nh.<br \/>\n<span style=\"color: #ff0000;\"><strong>Mua s\u1ed1 l\u01b0\u1ee3ng c\u00f3 gi\u00e1 t\u1ed1t<\/strong><\/span><\/p>\n","protected":false},"featured_media":271696,"comment_status":"open","ping_status":"closed","template":"","meta":[],"product_brand":[],"product_cat":[4498],"product_tag":[3663,4499,3724,3721,1286,3821,3822,1410,3719,3723],"class_list":{"0":"post-271690","1":"product","2":"type-product","3":"status-publish","4":"has-post-thumbnail","6":"product_cat-3s-lithium-ion-3-7v","7":"product_tag-12-6v","8":"product_tag-3s-12v","9":"product_tag-dong-pin","10":"product_tag-giay-cach-nhiet","11":"product_tag-han-pin","12":"product_tag-mach-3s","13":"product_tag-mach-3s-20a","14":"product_tag-mach-bao-ve","15":"product_tag-mieng-dan-pin","16":"product_tag-phu-kien-han-cell","18":"first","19":"instock","20":"sale","21":"shipping-taxable","22":"purchasable","23":"product-type-simple"},"_links":{"self":[{"href":"https:\/\/maybommini.vn\/index.php?rest_route=\/wp\/v2\/product\/271690","targetHints":{"allow":["GET"]}}],"collection":[{"href":"https:\/\/maybommini.vn\/index.php?rest_route=\/wp\/v2\/product"}],"about":[{"href":"https:\/\/maybommini.vn\/index.php?rest_route=\/wp\/v2\/types\/product"}],"replies":[{"embeddable":true,"href":"https:\/\/maybommini.vn\/index.php?rest_route=%2Fwp%2Fv2%2Fcomments&post=271690"}],"wp:featuredmedia":[{"embeddable":true,"href":"https:\/\/maybommini.vn\/index.php?rest_route=\/wp\/v2\/media\/271696"}],"wp:attachment":[{"href":"https:\/\/maybommini.vn\/index.php?rest_route=%2Fwp%2Fv2%2Fmedia&parent=271690"}],"wp:term":[{"taxonomy":"product_brand","embeddable":true,"href":"https:\/\/maybommini.vn\/index.php?rest_route=%2Fwp%2Fv2%2Fproduct_brand&post=271690"},{"taxonomy":"product_cat","embeddable":true,"href":"https:\/\/maybommini.vn\/index.php?rest_route=%2Fwp%2Fv2%2Fproduct_cat&post=271690"},{"taxonomy":"product_tag","embeddable":true,"href":"https:\/\/maybommini.vn\/index.php?rest_route=%2Fwp%2Fv2%2Fproduct_tag&post=271690"}],"curies":[{"name":"wp","href":"https:\/\/api.w.org\/{rel}","templated":true}]}}