{"id":271771,"date":"2022-12-14T16:25:51","date_gmt":"2022-12-14T09:25:51","guid":{"rendered":"https:\/\/maybommini.com\/?post_type=product&#038;p=271771"},"modified":"2023-06-19T15:13:23","modified_gmt":"2023-06-19T08:13:23","slug":"luoc-nan-tan-nhiet-dieu-hoa-tron-ct-352","status":"publish","type":"product","link":"https:\/\/maybommini.vn\/?product=luoc-nan-tan-nhiet-dieu-hoa-tron-ct-352","title":{"rendered":"L\u01b0\u1ee3c n\u1eafn t\u1ea3n nhi\u1ec7t \u0111i\u1ec1u h\u00f2a tr\u00f2n CT-352"},"content":{"rendered":"<h4>L\u01b0\u1ee3c n\u1eafn t\u1ea3n nhi\u1ec7t \u0111i\u1ec1u h\u00f2a tr\u00f2n CT-352 chuy\u00ean d\u1ee5ng \u0111\u1ec3 u\u1ed1n th\u1eb1ng l\u01b0\u1edbi t\u1ea3n nhi\u1ec7t m\u00e1y l\u1ea1nh gia \u0111\u00ecnh, m\u00e1y l\u1ea1nh c\u00f4ng nhi\u1ec7p v\u00e0 k\u00e9t n\u01b0\u1edbc t\u1ea3n nhi\u1ec7t \u00f4 t\u00f4. S\u1eed d\u1ee5ng \u0111\u01a1n gi\u1ea3n nhanh g\u1ecdn l\u00e0 c\u00f3 th\u1ec3 n\u1eafn, u\u1ed1n l\u01b0\u1edbi t\u1ea3n nhi\u1ec7t th\u1eb3ng h\u00e0ng tr\u1edf l\u1ea1i nh\u01b0 m\u1edbi.<\/h4>\n<p><strong><a href=\"https:\/\/maybommini.com\/wp-content\/uploads\/2022\/12\/Dung-cu-luoc-nan-uon-tan-nhiet-dieu-hoa-CT352.jpg\" target=\"_blank\" rel=\"noopener\"><img decoding=\"async\" class=\"size-full wp-image-271778 aligncenter\" src=\"https:\/\/maybommini.com\/wp-content\/uploads\/2022\/12\/Dung-cu-luoc-nan-uon-tan-nhiet-dieu-hoa-CT352.jpg\" alt=\"Dung Cu Luoc Nan Uon Tan Nhiet Dieu Hoa CT352\" width=\"750\" height=\"750\" srcset=\"https:\/\/maybommini.vn\/wp-content\/uploads\/2022\/12\/Dung-cu-luoc-nan-uon-tan-nhiet-dieu-hoa-CT352.jpg 750w, https:\/\/maybommini.vn\/wp-content\/uploads\/2022\/12\/Dung-cu-luoc-nan-uon-tan-nhiet-dieu-hoa-CT352-300x300.jpg 300w, https:\/\/maybommini.vn\/wp-content\/uploads\/2022\/12\/Dung-cu-luoc-nan-uon-tan-nhiet-dieu-hoa-CT352-150x150.jpg 150w, https:\/\/maybommini.vn\/wp-content\/uploads\/2022\/12\/Dung-cu-luoc-nan-uon-tan-nhiet-dieu-hoa-CT352-600x600.jpg 600w\" sizes=\"(max-width: 750px) 100vw, 750px\" \/><\/a>TH\u00d4NG S\u1ed0 K\u1ef8 THU\u1eacT<\/strong><br \/>\nModel: CT-352<br \/>\nCh\u1ea5t li\u1ec7u: Kim lo\u1ea1i Inox &#8211; Nh\u00f4m<br \/>\nKi\u1ec3u l\u01b0\u1ee3c tr\u00f2n nhi\u1ec1u que l\u01b0\u1ee3c.<br \/>\nC\u00f3 th\u1ec3 \u0111i\u1ec1u ch\u1ec9nh khe l\u01b0\u1ee3c.<br \/>\nK\u00edch th\u01b0\u1edbc: 187 x 71 mm<br \/>\nTr\u1ecdng l\u01b0\u1ee3ng: 50 gam<br \/>\n<a href=\"https:\/\/maybommini.com\/wp-content\/uploads\/2022\/12\/bo-dung-cu-uon-luoi-tan-nhiet-may-lanh-dieu-hoa.jpg\" target=\"_blank\" rel=\"noopener\"><img decoding=\"async\" class=\"size-full wp-image-271776 aligncenter\" src=\"https:\/\/maybommini.com\/wp-content\/uploads\/2022\/12\/bo-dung-cu-uon-luoi-tan-nhiet-may-lanh-dieu-hoa.jpg\" alt=\"Bo Dung Cu Uon Luoi Tan Nhiet May Lanh Dieu Hoa\" width=\"750\" height=\"750\" srcset=\"https:\/\/maybommini.vn\/wp-content\/uploads\/2022\/12\/bo-dung-cu-uon-luoi-tan-nhiet-may-lanh-dieu-hoa.jpg 750w, https:\/\/maybommini.vn\/wp-content\/uploads\/2022\/12\/bo-dung-cu-uon-luoi-tan-nhiet-may-lanh-dieu-hoa-300x300.jpg 300w, https:\/\/maybommini.vn\/wp-content\/uploads\/2022\/12\/bo-dung-cu-uon-luoi-tan-nhiet-may-lanh-dieu-hoa-150x150.jpg 150w, https:\/\/maybommini.vn\/wp-content\/uploads\/2022\/12\/bo-dung-cu-uon-luoi-tan-nhiet-may-lanh-dieu-hoa-600x600.jpg 600w\" sizes=\"(max-width: 750px) 100vw, 750px\" \/><\/a><a href=\"https:\/\/maybommini.com\/wp-content\/uploads\/2022\/12\/kich-thuoc-luoc-nan-tan-nhiet-may-lanh.jpg\" target=\"_blank\" rel=\"noopener\"><img decoding=\"async\" class=\"size-full wp-image-271772 aligncenter\" src=\"https:\/\/maybommini.com\/wp-content\/uploads\/2022\/12\/kich-thuoc-luoc-nan-tan-nhiet-may-lanh.jpg\" alt=\"Kich Thuoc Luoc Nan Tan Nhiet May Lanh\" width=\"750\" height=\"750\" srcset=\"https:\/\/maybommini.vn\/wp-content\/uploads\/2022\/12\/kich-thuoc-luoc-nan-tan-nhiet-may-lanh.jpg 750w, https:\/\/maybommini.vn\/wp-content\/uploads\/2022\/12\/kich-thuoc-luoc-nan-tan-nhiet-may-lanh-300x300.jpg 300w, https:\/\/maybommini.vn\/wp-content\/uploads\/2022\/12\/kich-thuoc-luoc-nan-tan-nhiet-may-lanh-150x150.jpg 150w, https:\/\/maybommini.vn\/wp-content\/uploads\/2022\/12\/kich-thuoc-luoc-nan-tan-nhiet-may-lanh-600x600.jpg 600w\" sizes=\"(max-width: 750px) 100vw, 750px\" \/><\/a><a href=\"https:\/\/maybommini.com\/wp-content\/uploads\/2022\/12\/luoc-chai-dan-nong-lanh-may-lanh.jpg\" target=\"_blank\" rel=\"noopener\"><img decoding=\"async\" class=\"size-full wp-image-271773 aligncenter\" src=\"https:\/\/maybommini.com\/wp-content\/uploads\/2022\/12\/luoc-chai-dan-nong-lanh-may-lanh.jpg\" alt=\"Luoc Chai Dan Nong Lanh May Lanh\" width=\"750\" height=\"750\" srcset=\"https:\/\/maybommini.vn\/wp-content\/uploads\/2022\/12\/luoc-chai-dan-nong-lanh-may-lanh.jpg 750w, https:\/\/maybommini.vn\/wp-content\/uploads\/2022\/12\/luoc-chai-dan-nong-lanh-may-lanh-300x300.jpg 300w, https:\/\/maybommini.vn\/wp-content\/uploads\/2022\/12\/luoc-chai-dan-nong-lanh-may-lanh-150x150.jpg 150w, https:\/\/maybommini.vn\/wp-content\/uploads\/2022\/12\/luoc-chai-dan-nong-lanh-may-lanh-600x600.jpg 600w\" sizes=\"(max-width: 750px) 100vw, 750px\" \/><\/a><a href=\"https:\/\/maybommini.com\/wp-content\/uploads\/2022\/12\/ban-chai-luoi-tan-nhiet-may-lanh.jpg\" target=\"_blank\" rel=\"noopener\"><img decoding=\"async\" class=\"size-full wp-image-271775 aligncenter\" src=\"https:\/\/maybommini.com\/wp-content\/uploads\/2022\/12\/ban-chai-luoi-tan-nhiet-may-lanh.jpg\" alt=\"Ban Chai Luoi Tan Nhiet May Lanh\" width=\"750\" height=\"750\" srcset=\"https:\/\/maybommini.vn\/wp-content\/uploads\/2022\/12\/ban-chai-luoi-tan-nhiet-may-lanh.jpg 750w, https:\/\/maybommini.vn\/wp-content\/uploads\/2022\/12\/ban-chai-luoi-tan-nhiet-may-lanh-300x300.jpg 300w, https:\/\/maybommini.vn\/wp-content\/uploads\/2022\/12\/ban-chai-luoi-tan-nhiet-may-lanh-150x150.jpg 150w, https:\/\/maybommini.vn\/wp-content\/uploads\/2022\/12\/ban-chai-luoi-tan-nhiet-may-lanh-600x600.jpg 600w\" sizes=\"(max-width: 750px) 100vw, 750px\" \/><\/a><a href=\"https:\/\/maybommini.com\/wp-content\/uploads\/2022\/12\/dung-cu-go-uon-tan-nhiet.jpg\" target=\"_blank\" rel=\"noopener\"><img decoding=\"async\" class=\"size-full wp-image-271777 aligncenter\" src=\"https:\/\/maybommini.com\/wp-content\/uploads\/2022\/12\/dung-cu-go-uon-tan-nhiet.jpg\" alt=\"Dung Cu Go Uon Tan Nhiet\" width=\"750\" height=\"750\" srcset=\"https:\/\/maybommini.vn\/wp-content\/uploads\/2022\/12\/dung-cu-go-uon-tan-nhiet.jpg 750w, https:\/\/maybommini.vn\/wp-content\/uploads\/2022\/12\/dung-cu-go-uon-tan-nhiet-300x300.jpg 300w, https:\/\/maybommini.vn\/wp-content\/uploads\/2022\/12\/dung-cu-go-uon-tan-nhiet-150x150.jpg 150w, https:\/\/maybommini.vn\/wp-content\/uploads\/2022\/12\/dung-cu-go-uon-tan-nhiet-600x600.jpg 600w\" sizes=\"(max-width: 750px) 100vw, 750px\" \/><\/a><a href=\"https:\/\/maybommini.com\/wp-content\/uploads\/2022\/12\/dung-cu-uon-luoi-tan-nhiet-may-lanh.jpg\" target=\"_blank\" rel=\"noopener\"><img decoding=\"async\" class=\"size-full wp-image-271779 aligncenter\" src=\"https:\/\/maybommini.com\/wp-content\/uploads\/2022\/12\/dung-cu-uon-luoi-tan-nhiet-may-lanh.jpg\" alt=\"Dung Cu Uon Luoi Tan Nhiet May Lanh\" width=\"750\" height=\"750\" srcset=\"https:\/\/maybommini.vn\/wp-content\/uploads\/2022\/12\/dung-cu-uon-luoi-tan-nhiet-may-lanh.jpg 750w, https:\/\/maybommini.vn\/wp-content\/uploads\/2022\/12\/dung-cu-uon-luoi-tan-nhiet-may-lanh-300x300.jpg 300w, https:\/\/maybommini.vn\/wp-content\/uploads\/2022\/12\/dung-cu-uon-luoi-tan-nhiet-may-lanh-150x150.jpg 150w, https:\/\/maybommini.vn\/wp-content\/uploads\/2022\/12\/dung-cu-uon-luoi-tan-nhiet-may-lanh-600x600.jpg 600w\" sizes=\"(max-width: 750px) 100vw, 750px\" \/><\/a><strong>S\u1eec D\u1ee4NG L\u01af\u1ee2C U\u1ed0N N\u1eaeN L\u01af\u1edaI T\u1ea2N NHI\u1ec6T<\/strong><br \/>\nS\u1eed d\u1ee5ng d\u1ec5 d\u00e0ng, \u0111\u1ed9 b\u1ec1n cao v\u00e0 nhanh g\u1ecdn.<br \/>\nD\u1ee5ng c\u1ee5 cho k\u1ef9 thu\u1eadt l\u1eafp \u0111\u1eb7t \u0111i\u1ec1u h\u00f2a.<br \/>\nD\u00f9ng \u0111\u1ec3 n\u1eafn t\u1ea3n nhi\u1ec7t d\u00e0n n\u00f3ng ho\u1eb7c d\u00e0n l\u1ea1nh b\u1ecb cong, m\u00f3p, m\u00e9o.<br \/>\n\u0110i\u1ec1u ch\u1ec9nh k\u00edch th\u01b0\u1edbc ph\u00f9 h\u1ee3p v\u1edbi c\u00e1c khe t\u1ea3n kh\u00e1c nhau.<br \/>\nThi\u1ebft k\u1ebf g\u1ecdn nh\u1eb9, th\u00f4ng minh l\u00e0 d\u1ee5ng c\u1ee5 kh\u00f4ng th\u1ec3 thi\u1ebfu trong t\u00fai \u0111\u1ed3 ngh\u1ec1 th\u1ee3 \u0111i\u1ec1u h\u00f2a \u0111i\u1ec7n l\u1ea1nh.<br \/>\nL\u01b0\u1ee3c ch\u1ea3i d\u00e0n n\u00f3ng, d\u00e0n l\u1ea1nh m\u00e1y \u0111i\u1ec1u h\u00f2a d\u00e2n d\u1ee5ng v\u00e0 c\u00f4ng nghi\u1ec7p.<br \/>\nCh\u1ea5t li\u1ec7u nh\u1ef1a inox nh\u00f4m carbon v\u1edbi b\u1ec1 m\u1eb7t tr\u01a1n c\u1ee9ng.<br \/>\nT\u00e1c d\u1ee5ng n\u1eafn th\u1eb3ng c\u00e1c l\u00e1 nh\u00f4m b\u1ecb b\u1eb9p, m\u00e9o.<\/p>\n<p><a href=\"https:\/\/maybommini.com\/wp-content\/uploads\/2022\/12\/luoc-nan-uon-tan-nhiet-dieu-hoa-CT352.jpg\" target=\"_blank\" rel=\"noopener\"><img decoding=\"async\" class=\"size-full wp-image-271774 aligncenter\" src=\"https:\/\/maybommini.com\/wp-content\/uploads\/2022\/12\/luoc-nan-uon-tan-nhiet-dieu-hoa-CT352.jpg\" alt=\"Luoc Nan Uon Tan Nhiet Dieu Hoa CT352\" width=\"750\" height=\"750\" srcset=\"https:\/\/maybommini.vn\/wp-content\/uploads\/2022\/12\/luoc-nan-uon-tan-nhiet-dieu-hoa-CT352.jpg 750w, https:\/\/maybommini.vn\/wp-content\/uploads\/2022\/12\/luoc-nan-uon-tan-nhiet-dieu-hoa-CT352-300x300.jpg 300w, https:\/\/maybommini.vn\/wp-content\/uploads\/2022\/12\/luoc-nan-uon-tan-nhiet-dieu-hoa-CT352-150x150.jpg 150w, https:\/\/maybommini.vn\/wp-content\/uploads\/2022\/12\/luoc-nan-uon-tan-nhiet-dieu-hoa-CT352-600x600.jpg 600w\" sizes=\"(max-width: 750px) 100vw, 750px\" \/><\/a><\/p>\n<p><strong>BA\u0301N D\u1ee4NG C\u1ee4 V\u00ca\u0323 SINH MA\u0301Y LA\u0323NH GIA \u0110I\u0300NH V\u00c0 CHUY\u00caN NGHI\u1ec6P<\/strong><br \/>\nChu\u0301ng t\u00f4i chuy\u00ean ba\u0301n ca\u0301c loa\u0323i ma\u0301y b\u01a1m, n\u01b0\u1edbc r\u1eeda m\u00e1y l\u1ea1nh, l\u01b0\u1ee3c n\u1eafn ch\u1ea3i t\u1ea3n nhi\u1ec7t va\u0300 phu\u0323 ki\u00ea\u0323n du\u0300ng v\u00ea\u0323 sinh ma\u0301y la\u0323nh gia \u0111i\u0300nh va\u0300 v\u00ea\u0323 sinh ma\u0301y la\u0323nh di\u0323ch vu\u0323 tr\u00ean toa\u0300n qu\u00f4\u0301c v\u01a1\u0301i ch\u00e2\u0301t l\u01b0\u01a1\u0323ng cao uy ti\u0301n ba\u0309o ha\u0300nh toa\u0300n qu\u00f4\u0301c.<br \/>\n<a href=\"https:\/\/maybommini.com\/\" target=\"_blank\" rel=\"noopener\">Maybommini.com<\/a>\u00a0l\u00e0 nh\u00e0 ph\u00e2n ph\u1ed1i chuy\u00ean nghi\u1ec7p nhi\u1ec1u n\u0103m li\u1ec1n t\u1ea1i Vi\u1ec7t Nam v\u1edbi c\u00e1c lo\u1ea1i m\u00e1y b\u01a1m n\u01b0\u1edbc th\u1ea3i, m\u00e1y b\u01a1m n\u01b0\u1edbc m\u00e1y l\u1ea1nh, b\u01a1m n\u01b0\u1edbc \u0111i\u1ec1u ho\u00e0, b\u01a1m n\u01b0\u1edbc th\u1ea3i m\u00e1y l\u1ea1nh gia \u0111\u00ecnh, v\u0103n ph\u00f2ng, to\u00e0 nh\u00e0, ch\u01b0ng c\u01b0, cao \u00f3c v\u00e0 l\u00e0 nh\u00e0 cung c\u1ea5p c\u00e1c lo\u1ea1i b\u01a1m cho d\u1ef1 \u00e1n ch\u01b0ng c\u01b0 nh\u00e0 \u1edf v\u0103n ph\u00f2ng cao c\u1ea5p.<br \/>\n<strong>Website:\u00a0<a href=\"https:\/\/maybommini.com\/\" target=\"_blank\" rel=\"noopener\">https:\/\/maybommini.com<\/a><\/strong><br \/>\n<strong>Email: Maybommini.com@gmail.com<\/strong><br \/>\n<strong>T\u01af V\u1ea4N K\u1ef8 THU\u1eacT \u2013 MUA H\u00c0NG<\/strong><br \/>\n<strong>Tel\/ Zalo: 0908997823 \u2013 0908997872<\/strong><br \/>\n<strong>T\u01b0 v\u1ea5n mua h\u00e0ng: 0907294310 \u2013 02873030399<\/strong><br \/>\n<a class=\"swipebox\" title=\"\" href=\"https:\/\/maybommini.com\/wp-content\/uploads\/2022\/07\/thong-tin-lien-he-may-bom-mini.jpg\" data-rel=\"lightbox-image-bGlnaHRib3gtaW1hZ2UtMTE=\" data-rl_title=\"\" data-rl_caption=\"\" data-rl_ target=\"_blank\" rel=\"noopener\"><img decoding=\"async\" class=\"size-full wp-image-270584 lazyloaded aligncenter\" src=\"https:\/\/maybommini.com\/wp-content\/uploads\/2022\/07\/thong-tin-lien-he-may-bom-mini.jpg\" alt=\"Thong Tin Lien He May Bom Mini\" width=\"750\" height=\"506\" data-lazy-srcset=\"https:\/\/maybommini.com\/wp-content\/uploads\/2022\/07\/thong-tin-lien-he-may-bom-mini.jpg 750w, https:\/\/maybommini.com\/wp-content\/uploads\/2022\/07\/thong-tin-lien-he-may-bom-mini-300x202.jpg 300w, https:\/\/maybommini.com\/wp-content\/uploads\/2022\/07\/thong-tin-lien-he-may-bom-mini-600x405.jpg 600w\" data-lazy-sizes=\"(max-width: 750px) 100vw, 750px\" data-lazy-src=\"https:\/\/maybommini.com\/wp-content\/uploads\/2022\/07\/thong-tin-lien-he-may-bom-mini.jpg\" data-was-processed=\"true\" srcset=\"https:\/\/maybommini.vn\/wp-content\/uploads\/2022\/07\/thong-tin-lien-he-may-bom-mini.jpg 750w, https:\/\/maybommini.vn\/wp-content\/uploads\/2022\/07\/thong-tin-lien-he-may-bom-mini-150x101.jpg 150w, https:\/\/maybommini.vn\/wp-content\/uploads\/2022\/07\/thong-tin-lien-he-may-bom-mini-600x405.jpg 600w, https:\/\/maybommini.vn\/wp-content\/uploads\/2022\/07\/thong-tin-lien-he-may-bom-mini-300x202.jpg 300w\" sizes=\"(max-width: 750px) 100vw, 750px\" \/><\/a><\/p>\n","protected":false},"excerpt":{"rendered":"<p>Model: CT-352<br \/>\nCh\u1ea5t li\u1ec7u: Kim lo\u1ea1i Inox &#8211; Nh\u00f4m<br \/>\nKi\u1ec3u l\u01b0\u1ee3c tr\u00f2n nhi\u1ec1u que l\u01b0\u1ee3c.<br \/>\nC\u00f3 th\u1ec3 \u0111i\u1ec1u ch\u1ec9nh khe l\u01b0\u1ee3c.<br \/>\nK\u00edch th\u01b0\u1edbc: 187 x 71 mm<br \/>\nTr\u1ecdng l\u01b0\u1ee3ng: 50 gam<br \/>\n<strong>Mua s\u1ed1 l\u01b0\u1ee3ng c\u00f3 gi\u00e1 t\u1ed1t h\u01a1n.<\/strong><\/p>\n","protected":false},"featured_media":271778,"comment_status":"open","ping_status":"closed","template":"","meta":[],"product_brand":[],"product_cat":[4213],"product_tag":[3834,3830,3833,3831,3835,3832],"class_list":{"0":"post-271771","1":"product","2":"type-product","3":"status-publish","4":"has-post-thumbnail","6":"product_cat-dung-cu-dien-lanh","7":"product_tag-ct-352","8":"product_tag-luoc-chai","9":"product_tag-luoc-nan-tan-nhiet","10":"product_tag-luoc-uon-luoi-tan-nhiet","11":"product_tag-luoc-uon-tan-nhiet","12":"product_tag-uon-luoi-tan-nhiet","14":"first","15":"instock","16":"sale","17":"shipping-taxable","18":"purchasable","19":"product-type-simple"},"_links":{"self":[{"href":"https:\/\/maybommini.vn\/index.php?rest_route=\/wp\/v2\/product\/271771","targetHints":{"allow":["GET"]}}],"collection":[{"href":"https:\/\/maybommini.vn\/index.php?rest_route=\/wp\/v2\/product"}],"about":[{"href":"https:\/\/maybommini.vn\/index.php?rest_route=\/wp\/v2\/types\/product"}],"replies":[{"embeddable":true,"href":"https:\/\/maybommini.vn\/index.php?rest_route=%2Fwp%2Fv2%2Fcomments&post=271771"}],"wp:featuredmedia":[{"embeddable":true,"href":"https:\/\/maybommini.vn\/index.php?rest_route=\/wp\/v2\/media\/271778"}],"wp:attachment":[{"href":"https:\/\/maybommini.vn\/index.php?rest_route=%2Fwp%2Fv2%2Fmedia&parent=271771"}],"wp:term":[{"taxonomy":"product_brand","embeddable":true,"href":"https:\/\/maybommini.vn\/index.php?rest_route=%2Fwp%2Fv2%2Fproduct_brand&post=271771"},{"taxonomy":"product_cat","embeddable":true,"href":"https:\/\/maybommini.vn\/index.php?rest_route=%2Fwp%2Fv2%2Fproduct_cat&post=271771"},{"taxonomy":"product_tag","embeddable":true,"href":"https:\/\/maybommini.vn\/index.php?rest_route=%2Fwp%2Fv2%2Fproduct_tag&post=271771"}],"curies":[{"name":"wp","href":"https:\/\/api.w.org\/{rel}","templated":true}]}}