{"id":271781,"date":"2022-12-14T16:27:13","date_gmt":"2022-12-14T09:27:13","guid":{"rendered":"https:\/\/maybommini.com\/?post_type=product&#038;p=271781"},"modified":"2022-12-14T16:51:55","modified_gmt":"2022-12-14T09:51:55","slug":"day-nguon-dc-jack-duc-5-5x2-1mm-40cm","status":"publish","type":"product","link":"https:\/\/maybommini.vn\/?product=day-nguon-dc-jack-duc-5-5x2-1mm-40cm","title":{"rendered":"D\u00e2y ngu\u1ed3n DC jack \u0111\u1ef1c 5.5&#215;2.1mm 40cm"},"content":{"rendered":"<h4>D\u00e2y ngu\u1ed3n DC jack \u0111\u1ef1c 5.5&#215;2.1mm 40cm s\u1eed d\u1ee5ng cho thi\u1ebft b\u1ecb d\u00f9ng ngu\u1ed3n \u0111i\u1ec7n DC \u0111\u1ec3 n\u1ed1i v\u00e0o pin ho\u1eb7c b\u1ed9 ngu\u1ed3n. Ch\u1ea5t li\u1ec7u d\u00e2y \u0111\u1ed3ng v\u00e0 nh\u1ef1a t\u1ed1t n\u00ean ch\u1ea5t l\u01b0\u1ee3ng ch\u1ecbu t\u1ea3i cao, ch\u1ecbu nhi\u1ec7t t\u1ed1t.<\/h4>\n<p><strong><a href=\"https:\/\/maybommini.com\/wp-content\/uploads\/2022\/12\/day-nguon-dc-2-dau-jack-duc.jpg\" target=\"_blank\" rel=\"noopener\"><img decoding=\"async\" class=\"size-full wp-image-271783 aligncenter\" src=\"https:\/\/maybommini.com\/wp-content\/uploads\/2022\/12\/day-nguon-dc-2-dau-jack-duc.jpg\" alt=\"Day Nguon Dc 2 Dau Jack Duc\" width=\"750\" height=\"750\" srcset=\"https:\/\/maybommini.vn\/wp-content\/uploads\/2022\/12\/day-nguon-dc-2-dau-jack-duc.jpg 750w, https:\/\/maybommini.vn\/wp-content\/uploads\/2022\/12\/day-nguon-dc-2-dau-jack-duc-300x300.jpg 300w, https:\/\/maybommini.vn\/wp-content\/uploads\/2022\/12\/day-nguon-dc-2-dau-jack-duc-150x150.jpg 150w, https:\/\/maybommini.vn\/wp-content\/uploads\/2022\/12\/day-nguon-dc-2-dau-jack-duc-600x600.jpg 600w\" sizes=\"(max-width: 750px) 100vw, 750px\" \/><\/a>TH\u00d4NG S\u1ed0 K\u1ef8 THU\u1eacT<\/strong><br \/>\nModel: DC-JACK-DUC-40<br \/>\n\u0110\u1ea7u ra chu\u1ea9n: Jack DC 5.5&#215;2.1 mm<br \/>\n\u0110\u1eb7c \u0111i\u1ec3m: H\u00e0ng m\u1edbi 100%<br \/>\nCh\u1ea5t l\u01b0\u1ee3ng cao.<br \/>\nM\u00e0u s\u1eafc: \u0110en &#8211; V\u00e0ng<br \/>\nCh\u1ea5t li\u1ec7u: \u0110\u1ed3ng &#8211; Nh\u1ef1a PVC<br \/>\nC\u00f4ng su\u1ea5t t\u1ed1i \u0111a: DC 0-36V 10A<br \/>\nChi\u1ec1u d\u00e0i c\u00e1p: 40 cm<br \/>\n*** Gi\u00e1 tr\u00ean l\u00e0 1 s\u1ee3i<\/p>\n<p><strong><a href=\"https:\/\/maybommini.com\/wp-content\/uploads\/2022\/12\/day-nguon-noi-dai.jpg\" target=\"_blank\" rel=\"noopener\"><img decoding=\"async\" class=\"size-full wp-image-271784 aligncenter\" src=\"https:\/\/maybommini.com\/wp-content\/uploads\/2022\/12\/day-nguon-noi-dai.jpg\" alt=\"Day Nguon Noi Dai\" width=\"750\" height=\"750\" srcset=\"https:\/\/maybommini.vn\/wp-content\/uploads\/2022\/12\/day-nguon-noi-dai.jpg 750w, https:\/\/maybommini.vn\/wp-content\/uploads\/2022\/12\/day-nguon-noi-dai-300x300.jpg 300w, https:\/\/maybommini.vn\/wp-content\/uploads\/2022\/12\/day-nguon-noi-dai-150x150.jpg 150w, https:\/\/maybommini.vn\/wp-content\/uploads\/2022\/12\/day-nguon-noi-dai-600x600.jpg 600w\" sizes=\"(max-width: 750px) 100vw, 750px\" \/><\/a><a href=\"https:\/\/maybommini.com\/wp-content\/uploads\/2022\/12\/ban-day-nguon-pin-sac.jpg\" target=\"_blank\" rel=\"noopener\"><img decoding=\"async\" class=\"size-full wp-image-271785 aligncenter\" src=\"https:\/\/maybommini.com\/wp-content\/uploads\/2022\/12\/ban-day-nguon-pin-sac.jpg\" alt=\"Ban Day Nguon Pin Sac\" width=\"750\" height=\"750\" srcset=\"https:\/\/maybommini.vn\/wp-content\/uploads\/2022\/12\/ban-day-nguon-pin-sac.jpg 750w, https:\/\/maybommini.vn\/wp-content\/uploads\/2022\/12\/ban-day-nguon-pin-sac-300x300.jpg 300w, https:\/\/maybommini.vn\/wp-content\/uploads\/2022\/12\/ban-day-nguon-pin-sac-150x150.jpg 150w, https:\/\/maybommini.vn\/wp-content\/uploads\/2022\/12\/ban-day-nguon-pin-sac-600x600.jpg 600w\" sizes=\"(max-width: 750px) 100vw, 750px\" \/><\/a><a href=\"https:\/\/maybommini.com\/wp-content\/uploads\/2022\/12\/ban-day-nguon-pin-sac-1.jpg\" target=\"_blank\" rel=\"noopener\"><img decoding=\"async\" class=\"size-full wp-image-271786 aligncenter\" src=\"https:\/\/maybommini.com\/wp-content\/uploads\/2022\/12\/ban-day-nguon-pin-sac-1.jpg\" alt=\"Ban Day Nguon Pin Sac\" width=\"750\" height=\"750\" srcset=\"https:\/\/maybommini.vn\/wp-content\/uploads\/2022\/12\/ban-day-nguon-pin-sac-1.jpg 750w, https:\/\/maybommini.vn\/wp-content\/uploads\/2022\/12\/ban-day-nguon-pin-sac-1-300x300.jpg 300w, https:\/\/maybommini.vn\/wp-content\/uploads\/2022\/12\/ban-day-nguon-pin-sac-1-150x150.jpg 150w, https:\/\/maybommini.vn\/wp-content\/uploads\/2022\/12\/ban-day-nguon-pin-sac-1-600x600.jpg 600w\" sizes=\"(max-width: 750px) 100vw, 750px\" \/><\/a><a href=\"https:\/\/maybommini.com\/wp-content\/uploads\/2022\/12\/dau-jack-day-nguon-DC.jpg\" target=\"_blank\" rel=\"noopener\"><img decoding=\"async\" class=\"size-full wp-image-271788 aligncenter\" src=\"https:\/\/maybommini.com\/wp-content\/uploads\/2022\/12\/dau-jack-day-nguon-DC.jpg\" alt=\"Dau Jack Day Nguon DC\" width=\"750\" height=\"750\" srcset=\"https:\/\/maybommini.vn\/wp-content\/uploads\/2022\/12\/dau-jack-day-nguon-DC.jpg 750w, https:\/\/maybommini.vn\/wp-content\/uploads\/2022\/12\/dau-jack-day-nguon-DC-300x300.jpg 300w, https:\/\/maybommini.vn\/wp-content\/uploads\/2022\/12\/dau-jack-day-nguon-DC-150x150.jpg 150w, https:\/\/maybommini.vn\/wp-content\/uploads\/2022\/12\/dau-jack-day-nguon-DC-600x600.jpg 600w\" sizes=\"(max-width: 750px) 100vw, 750px\" \/><\/a><a href=\"https:\/\/maybommini.com\/wp-content\/uploads\/2022\/12\/day-dien-noi-nguon-DC-dau-jack-duc.jpg\" target=\"_blank\" rel=\"noopener\"><img decoding=\"async\" class=\"size-full wp-image-271789 aligncenter\" src=\"https:\/\/maybommini.com\/wp-content\/uploads\/2022\/12\/day-dien-noi-nguon-DC-dau-jack-duc.jpg\" alt=\"Day Dien Noi Nguon DC Dau Jack Duc\" width=\"750\" height=\"750\" srcset=\"https:\/\/maybommini.vn\/wp-content\/uploads\/2022\/12\/day-dien-noi-nguon-DC-dau-jack-duc.jpg 750w, https:\/\/maybommini.vn\/wp-content\/uploads\/2022\/12\/day-dien-noi-nguon-DC-dau-jack-duc-300x300.jpg 300w, https:\/\/maybommini.vn\/wp-content\/uploads\/2022\/12\/day-dien-noi-nguon-DC-dau-jack-duc-150x150.jpg 150w, https:\/\/maybommini.vn\/wp-content\/uploads\/2022\/12\/day-dien-noi-nguon-DC-dau-jack-duc-600x600.jpg 600w\" sizes=\"(max-width: 750px) 100vw, 750px\" \/><\/a><a href=\"https:\/\/maybommini.com\/wp-content\/uploads\/2022\/12\/day-jack-DC-duc.jpg\" target=\"_blank\" rel=\"noopener\"><img decoding=\"async\" class=\"size-full wp-image-271782 aligncenter\" src=\"https:\/\/maybommini.com\/wp-content\/uploads\/2022\/12\/day-jack-DC-duc.jpg\" alt=\"Day Jack DC Duc\" width=\"750\" height=\"750\" srcset=\"https:\/\/maybommini.vn\/wp-content\/uploads\/2022\/12\/day-jack-DC-duc.jpg 750w, https:\/\/maybommini.vn\/wp-content\/uploads\/2022\/12\/day-jack-DC-duc-300x300.jpg 300w, https:\/\/maybommini.vn\/wp-content\/uploads\/2022\/12\/day-jack-DC-duc-150x150.jpg 150w, https:\/\/maybommini.vn\/wp-content\/uploads\/2022\/12\/day-jack-DC-duc-600x600.jpg 600w\" sizes=\"(max-width: 750px) 100vw, 750px\" \/><\/a>CHUY\u00caN CUNG C\u1ea4P ADAPTER \u2013 BI\u1ebeN TH\u1ebe \u2013 NGU\u1ed2N T\u1ed4 ONG \u2013 BI\u1ebeN TH\u1ebe T\u0102NG PH\u00d4<\/strong><br \/>\nCh\u00fang t\u00f4i nh\u00e0 cung c\u1ea5p ph\u00e2n ph\u1ed1i to\u00e0n qu\u1ed1c c\u00e1c lo\u1ea1i adapter, ngu\u1ed3n \u0111i\u1ec7n, adaptor, ngu\u1ed3n t\u1ed5 ong, ngu\u1ed3n t\u0103ng ph\u00f4 v\u1edbi gi\u00e1 h\u1ee3p l\u00fd v\u00e0 b\u1ea3o h\u00e0nh ch\u00ednh h\u00e3ng.<\/p>\n<p><strong><a href=\"https:\/\/maybommini.com\/wp-content\/uploads\/2022\/12\/bo-2-day-nguon-DC.jpg\" target=\"_blank\" rel=\"noopener\"><img decoding=\"async\" class=\"size-full wp-image-271787 aligncenter\" src=\"https:\/\/maybommini.com\/wp-content\/uploads\/2022\/12\/bo-2-day-nguon-DC.jpg\" alt=\"Bo 2 Day Nguon DC\" width=\"750\" height=\"750\" srcset=\"https:\/\/maybommini.vn\/wp-content\/uploads\/2022\/12\/bo-2-day-nguon-DC.jpg 750w, https:\/\/maybommini.vn\/wp-content\/uploads\/2022\/12\/bo-2-day-nguon-DC-300x300.jpg 300w, https:\/\/maybommini.vn\/wp-content\/uploads\/2022\/12\/bo-2-day-nguon-DC-150x150.jpg 150w, https:\/\/maybommini.vn\/wp-content\/uploads\/2022\/12\/bo-2-day-nguon-DC-600x600.jpg 600w\" sizes=\"(max-width: 750px) 100vw, 750px\" \/><\/a><\/strong><br \/>\n<strong>CTY TNHH TH\u01af\u01a0NG M\u1ea0I D\u1ecaCH V\u1ee4 \u0110I\u1ec6N M\u00c1Y TH\u00d4NG MINH<br \/>\nWebsite:\u00a0<a href=\"https:\/\/maybommini.com\/\" target=\"_blank\" rel=\"noopener\">https:\/\/maybommini.com<\/a><br \/>\nEmail: Maybommini.com@gmail.com<br \/>\nT\u01af V\u1ea4N K\u1ef8 THU\u1eacT \u2013 MUA H\u00c0NG<br \/>\nTel\/ Zalo: 0908997823 \u2013 0908997872<br \/>\nT\u01b0 v\u1ea5n mua h\u00e0ng: 0907294310 \u2013 02873030399<\/strong><\/p>\n<h3><a class=\"swipebox\" title=\"\" href=\"https:\/\/maybommini.com\/wp-content\/uploads\/2022\/07\/thong-tin-lien-he-may-bom-mini.jpg\" data-rel=\"lightbox-image-bGlnaHRib3gtaW1hZ2UtYkdsbmFIUmliM2d0YVcxaFoyVXRZa2RzYm1GSVVtbGlNMmQwWVZjeGFGb3lWWFJaYTJSelltMUdTVlZ0YkdsTk1tUXdXVlpqZUdGR2IzbFdXRkphWVRKU2VsbHRNVWRUVmxaMFlrZHNUazF0VVhkWFZscHFaVWRHUjJJemJGZFhSa3BQVm10V1ZrOVJQVDA9\" data-rl_title=\"\" data-rl_caption=\"\" data-rl_ target=\"_blank\" rel=\"noopener\"><img decoding=\"async\" class=\"size-full wp-image-270584 lazyloaded aligncenter\" src=\"https:\/\/maybommini.com\/wp-content\/uploads\/2022\/07\/thong-tin-lien-he-may-bom-mini.jpg\" sizes=\"(max-width: 750px) 100vw, 750px\" srcset=\"https:\/\/maybommini.com\/wp-content\/uploads\/2022\/07\/thong-tin-lien-he-may-bom-mini.jpg 750w, https:\/\/maybommini.com\/wp-content\/uploads\/2022\/07\/thong-tin-lien-he-may-bom-mini-300x202.jpg 300w, https:\/\/maybommini.com\/wp-content\/uploads\/2022\/07\/thong-tin-lien-he-may-bom-mini-600x405.jpg 600w\" alt=\"Thong Tin Lien He May Bom Mini\" width=\"750\" height=\"506\" data-lazy-srcset=\"https:\/\/maybommini.com\/wp-content\/uploads\/2022\/07\/thong-tin-lien-he-may-bom-mini.jpg 750w, https:\/\/maybommini.com\/wp-content\/uploads\/2022\/07\/thong-tin-lien-he-may-bom-mini-300x202.jpg 300w, https:\/\/maybommini.com\/wp-content\/uploads\/2022\/07\/thong-tin-lien-he-may-bom-mini-600x405.jpg 600w\" data-lazy-sizes=\"(max-width: 750px) 100vw, 750px\" data-lazy-src=\"https:\/\/maybommini.com\/wp-content\/uploads\/2022\/07\/thong-tin-lien-he-may-bom-mini.jpg\" data-was-processed=\"true\" \/><\/a><\/h3>\n","protected":false},"excerpt":{"rendered":"<p>Model: DC-JACK-DUC-40<br \/>\n\u0110\u1ea7u ra chu\u1ea9n: Jack DC 5.5&#215;2.1 mm<br \/>\n\u0110\u1eb7c \u0111i\u1ec3m: H\u00e0ng m\u1edbi 100%<br \/>\nCh\u1ea5t l\u01b0\u1ee3ng cao.<br \/>\nM\u00e0u s\u1eafc: \u0110en &#8211; V\u00e0ng<br \/>\nCh\u1ea5t li\u1ec7u: \u0110\u1ed3ng &#8211; Nh\u1ef1a PVC<br \/>\nC\u00f4ng su\u1ea5t t\u1ed1i \u0111a: DC 0-36V 10A<br \/>\nChi\u1ec1u d\u00e0i c\u00e1p: 40 cm<br \/>\n*** Gi\u00e1 tr\u00ean l\u00e0 1 s\u1ee3i<br \/>\nB\u1ea3o h\u00e0nh: 1 \u0111\u1ed5i 1 trong 7 ng\u00e0y \u0111\u1ea7u<br \/>\n<strong>Mua s\u1ed1 l\u01b0\u1ee3ng c\u00f3 gi\u00e1 t\u1ed1t<\/strong><\/p>\n","protected":false},"featured_media":271783,"comment_status":"open","ping_status":"closed","template":"","meta":[],"product_brand":[],"product_cat":[214,3800],"product_tag":[3803,295,1196,3836,3804,1996],"class_list":{"0":"post-271781","1":"product","2":"type-product","3":"status-publish","4":"has-post-thumbnail","6":"product_cat-phu-kien-bom-nuoc","7":"product_cat-day-dien","8":"product_tag-day-ngoan-hoa-mai","9":"product_tag-day-nguon","10":"product_tag-day-nguon-220v","11":"product_tag-day-nguon-dc","12":"product_tag-day-nguon-tam-giac","13":"product_tag-jack-dc","15":"first","16":"instock","17":"sale","18":"shipping-taxable","19":"purchasable","20":"product-type-simple"},"_links":{"self":[{"href":"https:\/\/maybommini.vn\/index.php?rest_route=\/wp\/v2\/product\/271781","targetHints":{"allow":["GET"]}}],"collection":[{"href":"https:\/\/maybommini.vn\/index.php?rest_route=\/wp\/v2\/product"}],"about":[{"href":"https:\/\/maybommini.vn\/index.php?rest_route=\/wp\/v2\/types\/product"}],"replies":[{"embeddable":true,"href":"https:\/\/maybommini.vn\/index.php?rest_route=%2Fwp%2Fv2%2Fcomments&post=271781"}],"wp:featuredmedia":[{"embeddable":true,"href":"https:\/\/maybommini.vn\/index.php?rest_route=\/wp\/v2\/media\/271783"}],"wp:attachment":[{"href":"https:\/\/maybommini.vn\/index.php?rest_route=%2Fwp%2Fv2%2Fmedia&parent=271781"}],"wp:term":[{"taxonomy":"product_brand","embeddable":true,"href":"https:\/\/maybommini.vn\/index.php?rest_route=%2Fwp%2Fv2%2Fproduct_brand&post=271781"},{"taxonomy":"product_cat","embeddable":true,"href":"https:\/\/maybommini.vn\/index.php?rest_route=%2Fwp%2Fv2%2Fproduct_cat&post=271781"},{"taxonomy":"product_tag","embeddable":true,"href":"https:\/\/maybommini.vn\/index.php?rest_route=%2Fwp%2Fv2%2Fproduct_tag&post=271781"}],"curies":[{"name":"wp","href":"https:\/\/api.w.org\/{rel}","templated":true}]}}