{"id":271828,"date":"2022-12-17T00:30:17","date_gmt":"2022-12-16T17:30:17","guid":{"rendered":"https:\/\/maybommini.com\/?post_type=product&#038;p=271828"},"modified":"2022-12-22T11:32:28","modified_gmt":"2022-12-22T04:32:28","slug":"sac-du-phong-16000mah-8-cell-22-5w-sac-nhanh","status":"publish","type":"product","link":"https:\/\/maybommini.vn\/?product=sac-du-phong-16000mah-8-cell-22-5w-sac-nhanh","title":{"rendered":"S\u1ea1c d\u1ef1 ph\u00f2ng 16000mAh 8 cell 22.5W &#8211; s\u1ea1c nhanh"},"content":{"rendered":"<p><strong>S\u1ea1c d\u1ef1 ph\u00f2ng 16000mAh 8 cell 22.5W &#8211; s\u1ea1c nhanh \u0111\u01b0\u1ee3c thi\u1ebft k\u1ebf tinh t\u1ebf tr\u1ebb trung \u0111ang hot v\u00e0 \u0111\u01b0\u1ee3c \u0111\u00e1nh gi\u00e1 cao hi\u1ec7n nay. H\u1ed5 tr\u1ee3 s\u1ea1c nhanh cho t\u1ea5t c\u1ea3 c\u00e1c lo\u1ea1i \u0111i\u1ec7n tho\u1ea1i c\u00f3 h\u1ed5 tr\u1ee3 s\u1ea1c nhanh PD QC ph\u1ed5 th\u00f4ng, cell pin ch\u00ednh h\u00e3ng Lishen cao c\u1ea5p \u0111\u00fang dung l\u01b0\u1ee3ng tu\u1ed5i h\u1ecd s\u1eed d\u1ee5ng l\u00e2u b\u1ec1n.\u00a0<\/strong><\/p>\n<p><a href=\"https:\/\/maybommini.com\/wp-content\/uploads\/2022\/12\/Pin-sac-du-phong-8-cell-16000mah-22W.jpg\" target=\"_blank\" rel=\"noopener\"><img decoding=\"async\" class=\"size-full wp-image-271830 aligncenter\" src=\"https:\/\/maybommini.com\/wp-content\/uploads\/2022\/12\/Pin-sac-du-phong-8-cell-16000mah-22W.jpg\" alt=\"Pin Sac Du Phong 8 Cell 16000mah 22W\" width=\"750\" height=\"750\" srcset=\"https:\/\/maybommini.vn\/wp-content\/uploads\/2022\/12\/Pin-sac-du-phong-8-cell-16000mah-22W.jpg 750w, https:\/\/maybommini.vn\/wp-content\/uploads\/2022\/12\/Pin-sac-du-phong-8-cell-16000mah-22W-300x300.jpg 300w, https:\/\/maybommini.vn\/wp-content\/uploads\/2022\/12\/Pin-sac-du-phong-8-cell-16000mah-22W-150x150.jpg 150w, https:\/\/maybommini.vn\/wp-content\/uploads\/2022\/12\/Pin-sac-du-phong-8-cell-16000mah-22W-600x600.jpg 600w\" sizes=\"(max-width: 750px) 100vw, 750px\" \/><\/a><\/p>\n<p><strong>TH\u00d4NG S\u1ed0 K\u1ef8 THU\u1eacT<\/strong><br \/>\nTh\u01b0\u01a1ng hi\u1ec7u: JOLIE<br \/>\nModel: QH-68<br \/>\nCapaclty: 16.000 mAh<br \/>\nPin s\u1ea1c: Lishen 2000mah \u2013 8 Cell<br \/>\nIN\/OUT (TYPE-C\/ Micro)5V-3A\/ 9V-2.25A\/ 12V-1.5A<br \/>\nOUT (TYPE- C):4.5V-5A\/ 5V-4.5A\/ 5V-3A19V-2A\/ 12V-1.5A (Max)<br \/>\nOUT (USB)4.5V-5A\/ 5V-4.5A\/ 5AV-2A\/ 12V-1.5A (Max)<br \/>\nS\u1ea1c nhanh 2 chi\u1ec1u.<br \/>\nCh\u1ea5t li\u1ec7u: ABS \u2013 PVC \u2013 H\u1ee3p kim.<br \/>\nM\u00e0u s\u1eafc: X\u00e1m \u2013 V\u00e0ng \u2013 Xanh<br \/>\nTi\u00eau chu\u1ea9n: GB\/T35590-2017 RoHS FC CE<br \/>\nK\u00edch th\u01b0\u1edbc: 145 x 41 x 53 mm<br \/>\nTr\u1ecdng l\u01b0\u1ee3ng: 450 gam<\/p>\n<p><a href=\"https:\/\/maybommini.com\/wp-content\/uploads\/2022\/12\/sac-du-phong-22W-cao-cap.jpg\" target=\"_blank\" rel=\"noopener\"><img decoding=\"async\" class=\"size-full wp-image-271836 aligncenter\" src=\"https:\/\/maybommini.com\/wp-content\/uploads\/2022\/12\/sac-du-phong-22W-cao-cap.jpg\" alt=\"Sac Du Phong 22W Cao Cap\" width=\"750\" height=\"750\" srcset=\"https:\/\/maybommini.vn\/wp-content\/uploads\/2022\/12\/sac-du-phong-22W-cao-cap.jpg 750w, https:\/\/maybommini.vn\/wp-content\/uploads\/2022\/12\/sac-du-phong-22W-cao-cap-300x300.jpg 300w, https:\/\/maybommini.vn\/wp-content\/uploads\/2022\/12\/sac-du-phong-22W-cao-cap-150x150.jpg 150w, https:\/\/maybommini.vn\/wp-content\/uploads\/2022\/12\/sac-du-phong-22W-cao-cap-600x600.jpg 600w\" sizes=\"(max-width: 750px) 100vw, 750px\" \/><\/a><\/p>\n<p><strong>L\u01afU \u00dd TH\u00d4NG S\u1ed0 B\u1ed8 PIN S\u1ea0C<\/strong><br \/>\n&#8211; Dung l\u01b0\u1ee3ng ph\u1ee5 thu\u1ed9c v\u00e0o cell pin m\u00e0 NSX l\u1eafp v\u00e0o b\u1ed9 s\u1ea1c.<br \/>\n&#8211; T\u1ed5ng dung l\u01b0\u1ee3ng pin c\u00f3 th\u1ec3 thay \u0111\u1ed5i khi thay cell pin kh\u00e1c.<br \/>\n&#8211; Th\u00f4ng s\u1ed1 dung l\u01b0\u1ee3ng ghi tr\u00ean s\u1ea1c l\u00e0 dung l\u01b0\u1ee3ng t\u1ed1i \u0111a n\u1ebfu thay cell pin kh\u00e1c.<\/p>\n<p><a href=\"https:\/\/maybommini.com\/wp-content\/uploads\/2022\/12\/pin-sac-nhanh-du-phong-dien-thoai-16000mah.jpg\" target=\"_blank\" rel=\"noopener\"><img decoding=\"async\" class=\"size-full wp-image-271834 aligncenter\" src=\"https:\/\/maybommini.com\/wp-content\/uploads\/2022\/12\/pin-sac-nhanh-du-phong-dien-thoai-16000mah.jpg\" alt=\"Pin Sac Nhanh Du Phong Dien Thoai 16000mah\" width=\"750\" height=\"750\" srcset=\"https:\/\/maybommini.vn\/wp-content\/uploads\/2022\/12\/pin-sac-nhanh-du-phong-dien-thoai-16000mah.jpg 750w, https:\/\/maybommini.vn\/wp-content\/uploads\/2022\/12\/pin-sac-nhanh-du-phong-dien-thoai-16000mah-300x300.jpg 300w, https:\/\/maybommini.vn\/wp-content\/uploads\/2022\/12\/pin-sac-nhanh-du-phong-dien-thoai-16000mah-150x150.jpg 150w, https:\/\/maybommini.vn\/wp-content\/uploads\/2022\/12\/pin-sac-nhanh-du-phong-dien-thoai-16000mah-600x600.jpg 600w\" sizes=\"(max-width: 750px) 100vw, 750px\" \/><\/a><\/p>\n<p><strong>T\u00cdNH N\u0102NG B\u1ed8 PIN S\u1ea0C NHANH<\/strong><br \/>\n&#8211; H\u1ed7 tr\u1ee3 s\u1ea1c nhanh ti\u00eau chu\u1ea9n 22.5W v\u00e0 s\u1ea1c nhanh PD hai chi\u1ec1u 20W.<br \/>\n&#8211; C\u00f4ng su\u1ea5t 22.5W h\u1ed7 tr\u1ee3 PD QC- AFC SCP<br \/>\n&#8211; S\u1ea1c nhanh \u0111a giao th\u1ee9c cho \u0111i\u1ec7n tho\u1ea1i laptop th\u00f4ng d\u1ee5ng.<br \/>\n&#8211; C\u00f3 th\u1ec3 mang l\u00ean m\u00e1y bay kh\u00f4ng c\u1ea7n khai b\u00e1o, an to\u00e0n v\u00e0 tin c\u1eady.<br \/>\n&#8211; Th\u00e2n pin s\u1ea1c trong su\u1ed1t, m\u00e0n h\u00ecnh LED cao c\u1ea5p nh\u1eadp kh\u1ea9u c\u00f3 th\u1ec3 ki\u1ec3m tra dung l\u01b0\u1ee3ng pin c\u00f2n l\u1ea1i theo th\u1eddi gian th\u1ef1c.<\/p>\n<p style=\"text-align: center;\"><a href=\"https:\/\/maybommini.com\/wp-content\/uploads\/2022\/12\/sac-du-phong-pin-du-dung-luong-16000mah.jpg\" target=\"_blank\" rel=\"noopener\"><img decoding=\"async\" class=\"alignnone size-full wp-image-271837\" src=\"https:\/\/maybommini.com\/wp-content\/uploads\/2022\/12\/sac-du-phong-pin-du-dung-luong-16000mah.jpg\" alt=\"Sac Du Phong Pin Du Dung Luong 16000mah\" width=\"750\" height=\"750\" srcset=\"https:\/\/maybommini.vn\/wp-content\/uploads\/2022\/12\/sac-du-phong-pin-du-dung-luong-16000mah.jpg 750w, https:\/\/maybommini.vn\/wp-content\/uploads\/2022\/12\/sac-du-phong-pin-du-dung-luong-16000mah-300x300.jpg 300w, https:\/\/maybommini.vn\/wp-content\/uploads\/2022\/12\/sac-du-phong-pin-du-dung-luong-16000mah-150x150.jpg 150w, https:\/\/maybommini.vn\/wp-content\/uploads\/2022\/12\/sac-du-phong-pin-du-dung-luong-16000mah-600x600.jpg 600w\" sizes=\"(max-width: 750px) 100vw, 750px\" \/><\/a><a href=\"https:\/\/maybommini.com\/wp-content\/uploads\/2022\/12\/pin-sac-du-phong-16000mah.jpg\" target=\"_blank\" rel=\"noopener\"><img decoding=\"async\" class=\"alignnone size-full wp-image-271831\" src=\"https:\/\/maybommini.com\/wp-content\/uploads\/2022\/12\/pin-sac-du-phong-16000mah.jpg\" alt=\"Pin Sac Du Phong 16000mah\" width=\"750\" height=\"750\" srcset=\"https:\/\/maybommini.vn\/wp-content\/uploads\/2022\/12\/pin-sac-du-phong-16000mah.jpg 750w, https:\/\/maybommini.vn\/wp-content\/uploads\/2022\/12\/pin-sac-du-phong-16000mah-300x300.jpg 300w, https:\/\/maybommini.vn\/wp-content\/uploads\/2022\/12\/pin-sac-du-phong-16000mah-150x150.jpg 150w, https:\/\/maybommini.vn\/wp-content\/uploads\/2022\/12\/pin-sac-du-phong-16000mah-600x600.jpg 600w\" sizes=\"(max-width: 750px) 100vw, 750px\" \/><\/a><a href=\"https:\/\/maybommini.com\/wp-content\/uploads\/2022\/12\/pin-sac-nhanh-cao-cap.jpg\" target=\"_blank\" rel=\"noopener\"><img decoding=\"async\" class=\"alignnone size-full wp-image-271833\" src=\"https:\/\/maybommini.com\/wp-content\/uploads\/2022\/12\/pin-sac-nhanh-cao-cap.jpg\" alt=\"Pin Sac Nhanh Cao Cap\" width=\"750\" height=\"750\" srcset=\"https:\/\/maybommini.vn\/wp-content\/uploads\/2022\/12\/pin-sac-nhanh-cao-cap.jpg 750w, https:\/\/maybommini.vn\/wp-content\/uploads\/2022\/12\/pin-sac-nhanh-cao-cap-300x300.jpg 300w, https:\/\/maybommini.vn\/wp-content\/uploads\/2022\/12\/pin-sac-nhanh-cao-cap-150x150.jpg 150w, https:\/\/maybommini.vn\/wp-content\/uploads\/2022\/12\/pin-sac-nhanh-cao-cap-600x600.jpg 600w\" sizes=\"(max-width: 750px) 100vw, 750px\" \/><\/a><a href=\"https:\/\/maybommini.com\/wp-content\/uploads\/2022\/12\/sac-dung-phong-chinh-hang-gia-re.jpg\" target=\"_blank\" rel=\"noopener\"><img decoding=\"async\" class=\"alignnone size-full wp-image-271835\" src=\"https:\/\/maybommini.com\/wp-content\/uploads\/2022\/12\/sac-dung-phong-chinh-hang-gia-re.jpg\" alt=\"Sac Dung Phong Chinh Hang Gia Re\" width=\"750\" height=\"750\" srcset=\"https:\/\/maybommini.vn\/wp-content\/uploads\/2022\/12\/sac-dung-phong-chinh-hang-gia-re.jpg 750w, https:\/\/maybommini.vn\/wp-content\/uploads\/2022\/12\/sac-dung-phong-chinh-hang-gia-re-300x300.jpg 300w, https:\/\/maybommini.vn\/wp-content\/uploads\/2022\/12\/sac-dung-phong-chinh-hang-gia-re-150x150.jpg 150w, https:\/\/maybommini.vn\/wp-content\/uploads\/2022\/12\/sac-dung-phong-chinh-hang-gia-re-600x600.jpg 600w\" sizes=\"(max-width: 750px) 100vw, 750px\" \/><\/a><a href=\"https:\/\/maybommini.com\/wp-content\/uploads\/2022\/12\/chuyen-cung-cap-sac-du-phong-sieu-nhanh.jpg\" target=\"_blank\" rel=\"noopener\"><img decoding=\"async\" class=\"alignnone size-full wp-image-271843\" src=\"https:\/\/maybommini.com\/wp-content\/uploads\/2022\/12\/chuyen-cung-cap-sac-du-phong-sieu-nhanh.jpg\" alt=\"Chuyen Cung Cap Sac Du Phong Sieu Nhanh\" width=\"750\" height=\"750\" srcset=\"https:\/\/maybommini.vn\/wp-content\/uploads\/2022\/12\/chuyen-cung-cap-sac-du-phong-sieu-nhanh.jpg 750w, https:\/\/maybommini.vn\/wp-content\/uploads\/2022\/12\/chuyen-cung-cap-sac-du-phong-sieu-nhanh-300x300.jpg 300w, https:\/\/maybommini.vn\/wp-content\/uploads\/2022\/12\/chuyen-cung-cap-sac-du-phong-sieu-nhanh-150x150.jpg 150w, https:\/\/maybommini.vn\/wp-content\/uploads\/2022\/12\/chuyen-cung-cap-sac-du-phong-sieu-nhanh-600x600.jpg 600w\" sizes=\"(max-width: 750px) 100vw, 750px\" \/><\/a><a href=\"https:\/\/maybommini.com\/wp-content\/uploads\/2022\/12\/ban-pin-sac-du-phong-8-cell.jpg\" target=\"_blank\" rel=\"noopener\"><img decoding=\"async\" class=\"alignnone size-full wp-image-271840\" src=\"https:\/\/maybommini.com\/wp-content\/uploads\/2022\/12\/ban-pin-sac-du-phong-8-cell.jpg\" alt=\"Ban Pin Sac Du Phong 8 Cell\" width=\"750\" height=\"750\" srcset=\"https:\/\/maybommini.vn\/wp-content\/uploads\/2022\/12\/ban-pin-sac-du-phong-8-cell.jpg 750w, https:\/\/maybommini.vn\/wp-content\/uploads\/2022\/12\/ban-pin-sac-du-phong-8-cell-300x300.jpg 300w, https:\/\/maybommini.vn\/wp-content\/uploads\/2022\/12\/ban-pin-sac-du-phong-8-cell-150x150.jpg 150w, https:\/\/maybommini.vn\/wp-content\/uploads\/2022\/12\/ban-pin-sac-du-phong-8-cell-600x600.jpg 600w\" sizes=\"(max-width: 750px) 100vw, 750px\" \/><\/a><a href=\"https:\/\/maybommini.com\/wp-content\/uploads\/2022\/12\/18650-Battery-Power-Bank-PD22.5W-Dual-Direction-Fast-Charging.jpg\" target=\"_blank\" rel=\"noopener\"><img decoding=\"async\" class=\"alignnone size-full wp-image-271839\" src=\"https:\/\/maybommini.com\/wp-content\/uploads\/2022\/12\/18650-Battery-Power-Bank-PD22.5W-Dual-Direction-Fast-Charging.jpg\" alt=\"18650 Battery Power Bank PD22.5W Dual Direction Fast Charging\" width=\"750\" height=\"750\" srcset=\"https:\/\/maybommini.vn\/wp-content\/uploads\/2022\/12\/18650-Battery-Power-Bank-PD22.5W-Dual-Direction-Fast-Charging.jpg 750w, https:\/\/maybommini.vn\/wp-content\/uploads\/2022\/12\/18650-Battery-Power-Bank-PD22.5W-Dual-Direction-Fast-Charging-300x300.jpg 300w, https:\/\/maybommini.vn\/wp-content\/uploads\/2022\/12\/18650-Battery-Power-Bank-PD22.5W-Dual-Direction-Fast-Charging-150x150.jpg 150w, https:\/\/maybommini.vn\/wp-content\/uploads\/2022\/12\/18650-Battery-Power-Bank-PD22.5W-Dual-Direction-Fast-Charging-600x600.jpg 600w\" sizes=\"(max-width: 750px) 100vw, 750px\" \/><\/a><\/p>\n<p>&nbsp;<\/p>\n<p><strong><a href=\"https:\/\/maybommini.com\/wp-content\/uploads\/2022\/12\/chuyen-pin-sac-du-phong-chat-luong-cao-gia-re.jpg\" target=\"_blank\" rel=\"noopener\"><img decoding=\"async\" class=\"size-full wp-image-271829 aligncenter\" src=\"https:\/\/maybommini.com\/wp-content\/uploads\/2022\/12\/chuyen-pin-sac-du-phong-chat-luong-cao-gia-re.jpg\" alt=\"Chuyen Pin Sac Du Phong Chat Luong Cao Gia Re\" width=\"750\" height=\"750\" srcset=\"https:\/\/maybommini.vn\/wp-content\/uploads\/2022\/12\/chuyen-pin-sac-du-phong-chat-luong-cao-gia-re.jpg 750w, https:\/\/maybommini.vn\/wp-content\/uploads\/2022\/12\/chuyen-pin-sac-du-phong-chat-luong-cao-gia-re-300x300.jpg 300w, https:\/\/maybommini.vn\/wp-content\/uploads\/2022\/12\/chuyen-pin-sac-du-phong-chat-luong-cao-gia-re-150x150.jpg 150w, https:\/\/maybommini.vn\/wp-content\/uploads\/2022\/12\/chuyen-pin-sac-du-phong-chat-luong-cao-gia-re-600x600.jpg 600w\" sizes=\"(max-width: 750px) 100vw, 750px\" \/><\/a><\/strong><\/p>\n<p><strong>S\u1ea0C NHANH PD L\u00c0 G\u00cc ?<br \/>\n<\/strong>Power Delivery (PD) l\u00e0 t\u00ean c\u1ee7a m\u1ed9t chu\u1ea9n s\u1ea1c nhanh, th\u01b0\u1eddng \u0111\u01b0\u1ee3c h\u1ed7 tr\u1ee3 th\u00f4ng qua c\u1ed5ng s\u1ea1c USB, n\u00ean c\u00f2n \u0111\u01b0\u1ee3c g\u1ecdi l\u00e0 USB Power Delivery (ph\u1ed5 bi\u1ebfn hi\u1ec7n nay l\u00e0 phi\u00ean b\u1ea3n USB PD 3.0). USB Power Delivery ra \u0111\u1eddi v\u1edbi m\u1ee5c ti\u00eau tr\u1edf th\u00e0nh chu\u1ea9n s\u1ea1c chung duy nh\u1ea5t cho t\u1ea5t c\u1ea3 c\u00e1c thi\u1ebft b\u1ecb di \u0111\u1ed9ng.<\/p>\n<p><strong>S\u1ea0C NHANH QC L\u00c0 G\u00cc ?<br \/>\n<\/strong>Quick Charge (QC) hi\u1ec7n t\u1ea1i l\u00e0 t\u00ean c\u1ee7a c\u00f4ng ngh\u1ec7 s\u1ea1c nhanh \u0111\u1ed9c quy\u1ec1n c\u1ee7a g\u00e3 kh\u1ed5ng l\u1ed3 Qualcomm, v\u00e0 ch\u1ec9 \u0111\u01b0\u1ee3c trang b\u1ecb tr\u00ean c\u00e1c smartphone s\u1eed d\u1ee5ng chip Snapdragon. Sau nhi\u1ec1u n\u0103m h\u00e3ng s\u1ea3n xu\u1ea5t chip l\u1edbn b\u00e1n d\u1eabn l\u1edbn nh\u1ea5t th\u1ebf gi\u1edbi \u0111\u00e3 nghi\u00ean c\u1ee9u v\u00e0 gi\u1edbi thi\u1ec7u Quick Charge 4.0 (c\u00f4ng ngh\u1ec7 s\u1ea1c nhanh \u0111\u1eddi th\u1ee9 4 c\u1ee7a h\u00e3ng).<strong><br \/>\n<\/strong><\/p>\n<h4 style=\"text-align: center;\" data-pl=\"product-title\" data-spm-anchor-id=\"a2g0o.detail.1000016.i2.f44024c9cYpO46\"><a href=\"https:\/\/maybommini.com\/wp-content\/uploads\/2022\/12\/sac-nhanh-pin-sac-du-phong.jpg\" target=\"_blank\" rel=\"noopener\"><img decoding=\"async\" class=\"alignnone size-full wp-image-271838\" src=\"https:\/\/maybommini.com\/wp-content\/uploads\/2022\/12\/sac-nhanh-pin-sac-du-phong.jpg\" alt=\"Sac Nhanh Pin Sac Du Phong\" width=\"750\" height=\"750\" srcset=\"https:\/\/maybommini.vn\/wp-content\/uploads\/2022\/12\/sac-nhanh-pin-sac-du-phong.jpg 750w, https:\/\/maybommini.vn\/wp-content\/uploads\/2022\/12\/sac-nhanh-pin-sac-du-phong-300x300.jpg 300w, https:\/\/maybommini.vn\/wp-content\/uploads\/2022\/12\/sac-nhanh-pin-sac-du-phong-150x150.jpg 150w, https:\/\/maybommini.vn\/wp-content\/uploads\/2022\/12\/sac-nhanh-pin-sac-du-phong-600x600.jpg 600w\" sizes=\"(max-width: 750px) 100vw, 750px\" \/><\/a><\/h4>\n<p><a href=\"https:\/\/maybommini.com\/wp-content\/uploads\/2022\/12\/Battery-Power-Box-DIY-18650-Battery-Power-Bank-PD22.5W-Dual-Direction-Fast-Charging-Batttery-Power.jpg\" target=\"_blank\" rel=\"noopener\"><img decoding=\"async\" class=\"size-full wp-image-271841 aligncenter\" src=\"https:\/\/maybommini.com\/wp-content\/uploads\/2022\/12\/Battery-Power-Box-DIY-18650-Battery-Power-Bank-PD22.5W-Dual-Direction-Fast-Charging-Batttery-Power.jpg\" alt=\"Battery Power Box DIY 18650 Battery Power Bank PD22.5W Dual Direction Fast Charging Batttery Power\" width=\"750\" height=\"750\" srcset=\"https:\/\/maybommini.vn\/wp-content\/uploads\/2022\/12\/Battery-Power-Box-DIY-18650-Battery-Power-Bank-PD22.5W-Dual-Direction-Fast-Charging-Batttery-Power.jpg 750w, https:\/\/maybommini.vn\/wp-content\/uploads\/2022\/12\/Battery-Power-Box-DIY-18650-Battery-Power-Bank-PD22.5W-Dual-Direction-Fast-Charging-Batttery-Power-300x300.jpg 300w, https:\/\/maybommini.vn\/wp-content\/uploads\/2022\/12\/Battery-Power-Box-DIY-18650-Battery-Power-Bank-PD22.5W-Dual-Direction-Fast-Charging-Batttery-Power-150x150.jpg 150w, https:\/\/maybommini.vn\/wp-content\/uploads\/2022\/12\/Battery-Power-Box-DIY-18650-Battery-Power-Bank-PD22.5W-Dual-Direction-Fast-Charging-Batttery-Power-600x600.jpg 600w\" sizes=\"(max-width: 750px) 100vw, 750px\" \/><\/a><\/p>\n<h4 style=\"text-align: center;\" data-pl=\"product-title\" data-spm-anchor-id=\"a2g0o.detail.1000016.i2.f44024c9cYpO46\">S\u1ea1c d\u1ef1 ph\u00f2ng 16000mAh 8 cell 22.5W &#8211; s\u1ea1c nhanh<br \/>\nNew 18650 Battery Charger Box 8 Slot 18650<br \/>\nBattery DIY Power Bank Case PD22.5W<br \/>\nDual-Direction Fast Charging Power Bank Shell<\/h4>\n<p><strong>TH\u00d4NG TIN LI\u00caN H\u1ec6<\/strong><br \/>\n<em><strong>Hotline Zalo:\u00a0<a href=\"tel:02873030399\">02873030399<\/a>\u00a0\u2013\u00a0<a href=\"tel:0907294310\">0907294310<\/a>\u00a0\u2013\u00a0<a href=\"tel:0908997823\">0908997823<\/a>\u00a0\u2013\u00a0<a href=\"tel:0908997872\">0908997872<\/a><\/strong><\/em><br \/>\n<em><strong>Nh\u1eadn \u0111\u00f3ng pin theo y\u00eau c\u1ea7u, l\u00e0m pin, n\u00e2ng c\u1ea5p pin, s\u1eeda pin cho h\u1ec7 th\u1ed1ng n\u0103ng l\u01b0\u1ee3ng m\u1eb7t tr\u1eddi, pin m\u00e1y khoan, pin robot h\u00fat b\u1ee5i lau nh\u00e0, pin m\u00e1y th\u1ed5i b\u1ee5i, pin \u0111\u00e8n, pin s\u1ea1c d\u1ef1 ph\u00f2ng, pin \u0111\u00e8n n\u0103ng l\u01b0\u1ee3ng m\u1eb7t tr\u1eddi, pin UPS, pin xe \u0111\u1ea1p \u0111i\u1ec7n v\u00e0 c\u00e1c lo\u1ea1i pin kh\u00e1c.<\/strong><\/em><\/p>\n<p><a href=\"https:\/\/maybommini.com\/wp-content\/uploads\/2022\/12\/chuyen-cung-cap-pin-sac-du-phong-toan-quoc-gia-re.jpg\" target=\"_blank\" rel=\"noopener\"><img decoding=\"async\" class=\"size-full wp-image-271842 aligncenter\" src=\"https:\/\/maybommini.com\/wp-content\/uploads\/2022\/12\/chuyen-cung-cap-pin-sac-du-phong-toan-quoc-gia-re.jpg\" alt=\"Chuyen Cung Cap Pin Sac Du Phong Toan Quoc Gia Re\" width=\"750\" height=\"750\" srcset=\"https:\/\/maybommini.vn\/wp-content\/uploads\/2022\/12\/chuyen-cung-cap-pin-sac-du-phong-toan-quoc-gia-re.jpg 750w, https:\/\/maybommini.vn\/wp-content\/uploads\/2022\/12\/chuyen-cung-cap-pin-sac-du-phong-toan-quoc-gia-re-300x300.jpg 300w, https:\/\/maybommini.vn\/wp-content\/uploads\/2022\/12\/chuyen-cung-cap-pin-sac-du-phong-toan-quoc-gia-re-150x150.jpg 150w, https:\/\/maybommini.vn\/wp-content\/uploads\/2022\/12\/chuyen-cung-cap-pin-sac-du-phong-toan-quoc-gia-re-600x600.jpg 600w\" sizes=\"(max-width: 750px) 100vw, 750px\" \/><\/a><br \/>\n<strong>CTY TNHH TH\u01af\u01a0NG M\u1ea0I D\u1ecaCH V\u1ee4 \u0110I\u1ec6N M\u00c1Y TH\u00d4NG MINH<\/strong><br \/>\n<strong>Hotline:<\/strong>\u00a002873030399 \u2013 0907294310<br \/>\n<strong>Email:<\/strong> maybommini.com@gmail.com<strong>Website:<\/strong>\u00a0https:\/\/maybommini.com<br \/>\n<strong>Youtube demo:<\/strong>\u00a0https:\/\/www.youtube.com\/bahamasali<\/p>\n<h5><strong><a class=\"swipebox\" title=\"\" href=\"https:\/\/maybommini.com\/wp-content\/uploads\/2022\/07\/thong-tin-lien-he-may-bom-mini.jpg\" data-rel=\"lightbox-image-15\" data-rl_title=\"\" data-rl_caption=\"\" data-rl_ target=\"_blank\" rel=\"noopener\"><img decoding=\"async\" class=\"size-full wp-image-270584 lazyloaded aligncenter\" src=\"https:\/\/maybommini.com\/wp-content\/uploads\/2022\/07\/thong-tin-lien-he-may-bom-mini.jpg\" sizes=\"(max-width: 750px) 100vw, 750px\" srcset=\"https:\/\/maybommini.com\/wp-content\/uploads\/2022\/07\/thong-tin-lien-he-may-bom-mini.jpg 750w, https:\/\/maybommini.com\/wp-content\/uploads\/2022\/07\/thong-tin-lien-he-may-bom-mini-300x202.jpg 300w, https:\/\/maybommini.com\/wp-content\/uploads\/2022\/07\/thong-tin-lien-he-may-bom-mini-600x405.jpg 600w\" alt=\"Thong Tin Lien He May Bom Mini\" width=\"750\" height=\"506\" data-lazy-srcset=\"https:\/\/maybommini.com\/wp-content\/uploads\/2022\/07\/thong-tin-lien-he-may-bom-mini.jpg 750w, https:\/\/maybommini.com\/wp-content\/uploads\/2022\/07\/thong-tin-lien-he-may-bom-mini-300x202.jpg 300w, https:\/\/maybommini.com\/wp-content\/uploads\/2022\/07\/thong-tin-lien-he-may-bom-mini-600x405.jpg 600w\" data-lazy-sizes=\"(max-width: 750px) 100vw, 750px\" data-lazy-src=\"https:\/\/maybommini.com\/wp-content\/uploads\/2022\/07\/thong-tin-lien-he-may-bom-mini.jpg\" data-was-processed=\"true\" \/><\/a><\/strong><\/h5>\n","protected":false},"excerpt":{"rendered":"<p>Th\u01b0\u01a1ng hi\u1ec7u: JOLIE<br \/>\nModel: QH-68<br \/>\nCapaclty: 16.000 mAh<br \/>\nPin s\u1ea1c: Lishen 2000mah \u2013 8 Cell<br \/>\nIN\/OUT (TYPE-C\/ Micro)5V-3A\/ 9V-2.25A\/ 12V-1.5A<br \/>\nOUT (TYPE- C):4.5V-5A\/ 5V-4.5A\/ 5V-3A19V-2A\/ 12V-1.5A (Max)<br \/>\nOUT (USB)4.5V-5A\/ 5V-4.5A\/ 5AV-2A\/ 12V-1.5A (Max)<br \/>\nS\u1ea1c nhanh 2 chi\u1ec1u.<br \/>\nCh\u1ea5t li\u1ec7u: ABS \u2013 PVC \u2013 H\u1ee3p kim.<br \/>\nM\u00e0u s\u1eafc: X\u00e1m \u2013 V\u00e0ng \u2013 Xanh<br \/>\nTi\u00eau chu\u1ea9n: GB\/T35590-2017 RoHS FC CE<br \/>\nK\u00edch th\u01b0\u1edbc: 145 x 41 x 53 mm<br \/>\nTr\u1ecdng l\u01b0\u1ee3ng: 450 gam<br \/>\nB\u1ea3o h\u00e0nh: 3 th\u00e1ng<br \/>\nT\u1eb7ng k\u00e8m c\u00e1p s\u1ea1c nhanh Type-C<br \/>\n<strong>Mua s\u1ed1 l\u01b0\u1ee3ng gi\u00e1 t\u1ed1t<\/strong><\/p>\n","protected":false},"featured_media":271830,"comment_status":"open","ping_status":"closed","template":"","meta":[],"product_brand":[],"product_cat":[214,421,3840],"product_tag":[3843,3844,431,3738,3845,2544,3842,3841],"class_list":{"0":"post-271828","1":"product","2":"type-product","3":"status-publish","4":"has-post-thumbnail","6":"product_cat-phu-kien-bom-nuoc","7":"product_cat-pin-sac","8":"product_cat-pin-sac-du-phong","9":"product_tag-8-cell","10":"product_tag-box-sac-du-phong","11":"product_tag-pin-sac","12":"product_tag-pin-sac-du-phong","13":"product_tag-power-bank-case-pd22-5w","14":"product_tag-sac-nhanh","15":"product_tag-sac-nhanh-pd","16":"product_tag-sac-nhanh-qc","18":"first","19":"instock","20":"sale","21":"shipping-taxable","22":"purchasable","23":"product-type-simple"},"_links":{"self":[{"href":"https:\/\/maybommini.vn\/index.php?rest_route=\/wp\/v2\/product\/271828","targetHints":{"allow":["GET"]}}],"collection":[{"href":"https:\/\/maybommini.vn\/index.php?rest_route=\/wp\/v2\/product"}],"about":[{"href":"https:\/\/maybommini.vn\/index.php?rest_route=\/wp\/v2\/types\/product"}],"replies":[{"embeddable":true,"href":"https:\/\/maybommini.vn\/index.php?rest_route=%2Fwp%2Fv2%2Fcomments&post=271828"}],"wp:featuredmedia":[{"embeddable":true,"href":"https:\/\/maybommini.vn\/index.php?rest_route=\/wp\/v2\/media\/271830"}],"wp:attachment":[{"href":"https:\/\/maybommini.vn\/index.php?rest_route=%2Fwp%2Fv2%2Fmedia&parent=271828"}],"wp:term":[{"taxonomy":"product_brand","embeddable":true,"href":"https:\/\/maybommini.vn\/index.php?rest_route=%2Fwp%2Fv2%2Fproduct_brand&post=271828"},{"taxonomy":"product_cat","embeddable":true,"href":"https:\/\/maybommini.vn\/index.php?rest_route=%2Fwp%2Fv2%2Fproduct_cat&post=271828"},{"taxonomy":"product_tag","embeddable":true,"href":"https:\/\/maybommini.vn\/index.php?rest_route=%2Fwp%2Fv2%2Fproduct_tag&post=271828"}],"curies":[{"name":"wp","href":"https:\/\/api.w.org\/{rel}","templated":true}]}}