{"id":271888,"date":"2022-12-22T15:13:10","date_gmt":"2022-12-22T08:13:10","guid":{"rendered":"https:\/\/maybommini.com\/?post_type=product&#038;p=271888"},"modified":"2023-01-06T23:35:31","modified_gmt":"2023-01-06T16:35:31","slug":"pin-du-phong-10000mah-sac-nhanh-khong-day-5-cell","status":"publish","type":"product","link":"https:\/\/maybommini.vn\/?product=pin-du-phong-10000mah-sac-nhanh-khong-day-5-cell","title":{"rendered":"Pin d\u1ef1 ph\u00f2ng 10000mAh s\u1ea1c nhanh kh\u00f4ng d\u00e2y 5 Cell"},"content":{"rendered":"<p style=\"text-align: left;\"><strong>Pin d\u1ef1 ph\u00f2ng 10000mAh s\u1ea1c nhanh kh\u00f4ng d\u00e2y 5 Cell tinh t\u1ebf tr\u1ebb trung nh\u1ecf g\u1ecdn \u0111ang hot v\u00e0 \u0111\u01b0\u1ee3c \u0111\u00e1nh gi\u00e1 cao hi\u1ec7n nay. H\u1ed5 tr\u1ee3 s\u1ea1c nhanh kh\u00f4ng d\u00e2y v\u00e0 c\u00f3 d\u00e2y cho t\u1ea5t c\u1ea3 c\u00e1c lo\u1ea1i \u0111i\u1ec7n tho\u1ea1i c\u00f3 h\u1ed5 tr\u1ee3 s\u1ea1c nhanh PD QC VOOC ph\u1ed5 th\u00f4ng, cell pin ch\u00ednh h\u00e3ng cao c\u1ea5p \u0111\u00fang dung l\u01b0\u1ee3ng tu\u1ed5i h\u1ecd s\u1eed d\u1ee5ng l\u00e2u b\u1ec1n.<\/strong><\/p>\n<p style=\"text-align: center;\"><iframe title=\"YouTube video player\" src=\"https:\/\/www.youtube.com\/embed\/ct0tNsVlBp4\" width=\"700\" height=\"500\" frameborder=\"0\" allowfullscreen=\"allowfullscreen\"><\/iframe><br \/>\n<strong><a href=\"https:\/\/maybommini.com\/wp-content\/uploads\/2022\/12\/sac-du-phong-khong-day-10000mah-den.jpg\" target=\"_blank\" rel=\"noopener\"><img decoding=\"async\" class=\"size-full wp-image-271899 aligncenter\" src=\"https:\/\/maybommini.com\/wp-content\/uploads\/2022\/12\/sac-du-phong-khong-day-10000mah-den.jpg\" alt=\"Sac Du Phong Khong Day 10000mah Den\" width=\"750\" height=\"750\" srcset=\"https:\/\/maybommini.vn\/wp-content\/uploads\/2022\/12\/sac-du-phong-khong-day-10000mah-den.jpg 750w, https:\/\/maybommini.vn\/wp-content\/uploads\/2022\/12\/sac-du-phong-khong-day-10000mah-den-300x300.jpg 300w, https:\/\/maybommini.vn\/wp-content\/uploads\/2022\/12\/sac-du-phong-khong-day-10000mah-den-150x150.jpg 150w, https:\/\/maybommini.vn\/wp-content\/uploads\/2022\/12\/sac-du-phong-khong-day-10000mah-den-600x600.jpg 600w\" sizes=\"(max-width: 750px) 100vw, 750px\" \/><\/a><a href=\"https:\/\/maybommini.com\/wp-content\/uploads\/2022\/12\/sac-du-phong-khong-day-trang-10000mah.jpg\" target=\"_blank\" rel=\"noopener\"><img decoding=\"async\" class=\"size-full wp-image-271900 aligncenter\" src=\"https:\/\/maybommini.com\/wp-content\/uploads\/2022\/12\/sac-du-phong-khong-day-trang-10000mah.jpg\" alt=\"Sac Du Phong Khong Day Trang 10000mah\" width=\"750\" height=\"750\" srcset=\"https:\/\/maybommini.vn\/wp-content\/uploads\/2022\/12\/sac-du-phong-khong-day-trang-10000mah.jpg 750w, https:\/\/maybommini.vn\/wp-content\/uploads\/2022\/12\/sac-du-phong-khong-day-trang-10000mah-300x300.jpg 300w, https:\/\/maybommini.vn\/wp-content\/uploads\/2022\/12\/sac-du-phong-khong-day-trang-10000mah-150x150.jpg 150w, https:\/\/maybommini.vn\/wp-content\/uploads\/2022\/12\/sac-du-phong-khong-day-trang-10000mah-600x600.jpg 600w\" sizes=\"(max-width: 750px) 100vw, 750px\" \/><\/a>TH\u00d4NG S\u1ed0 K\u1ef8 THU\u1eacT<\/strong><br \/>\nTh\u01b0\u01a1ng hi\u1ec7u: YUYA<br \/>\nModel: CX5-PQ-QI<br \/>\nDung l\u01b0\u1ee3ng: 10.000 mAh<br \/>\nPin s\u1ea1c: Lithium ion 18650 2000mah Lishen x 5 Cell<br \/>\nC\u00f4ng su\u1ea5t s\u1ea1c ra: 5V-3A 9V-2A 12V-1.5A 4.5V-5A 5V-4A<br \/>\nC\u00f4ng su\u1ea5t s\u1ea1c v\u00e0o: 5V-3A 9V-2A 12V-1.5A<br \/>\nC\u00f4ng su\u1ea5t ra s\u1ea1c kh\u00f4ng d\u00e2y: 10W<br \/>\nC\u1ed5ng s\u1ea1c: USB Micro-USB Type-C Lightning<br \/>\nC\u00f4ng ngh\u1ec7 s\u1ea1c nhanh: QC PD VOOC<br \/>\nTi\u00eau chu\u1ea9n: GB\/T35590-2017 RoHS FC CE<br \/>\nS\u1ea1c nhanh 2 chi\u1ec1u.<br \/>\nCh\u1ea5t li\u1ec7u: ABS \u2013 PVC \u2013 H\u1ee3p kim.<br \/>\nM\u00e0u s\u1eafc: \u0110en &#8211; Tr\u1eafng<br \/>\nK\u00edch th\u01b0\u1edbc:\u00a0 80 x 135 x 23mm<br \/>\nTr\u1ecdng l\u01b0\u1ee3ng:\u00a0 350 gam<br \/>\n<a href=\"https:\/\/maybommini.com\/wp-content\/uploads\/2022\/12\/kich-thuoc-pin-sa-cdu-phong-khong-day-5-cell.jpg\" target=\"_blank\" rel=\"noopener\"><img decoding=\"async\" class=\"size-full wp-image-271894 aligncenter\" src=\"https:\/\/maybommini.com\/wp-content\/uploads\/2022\/12\/kich-thuoc-pin-sa-cdu-phong-khong-day-5-cell.jpg\" alt=\"Kich Thuoc Pin Sa Cdu Phong Khong Day 5 Cell\" width=\"750\" height=\"750\" srcset=\"https:\/\/maybommini.vn\/wp-content\/uploads\/2022\/12\/kich-thuoc-pin-sa-cdu-phong-khong-day-5-cell.jpg 750w, https:\/\/maybommini.vn\/wp-content\/uploads\/2022\/12\/kich-thuoc-pin-sa-cdu-phong-khong-day-5-cell-300x300.jpg 300w, https:\/\/maybommini.vn\/wp-content\/uploads\/2022\/12\/kich-thuoc-pin-sa-cdu-phong-khong-day-5-cell-150x150.jpg 150w, https:\/\/maybommini.vn\/wp-content\/uploads\/2022\/12\/kich-thuoc-pin-sa-cdu-phong-khong-day-5-cell-600x600.jpg 600w\" sizes=\"(max-width: 750px) 100vw, 750px\" \/><\/a><a href=\"https:\/\/maybommini.com\/wp-content\/uploads\/2022\/12\/Pin-sac-du-phong-5-cell-10000mah-sac-nhanh-khong-day-QC-PD-2-chieu.jpg\" target=\"_blank\" rel=\"noopener\"><img decoding=\"async\" class=\"size-full wp-image-271896 aligncenter\" src=\"https:\/\/maybommini.com\/wp-content\/uploads\/2022\/12\/Pin-sac-du-phong-5-cell-10000mah-sac-nhanh-khong-day-QC-PD-2-chieu.jpg\" alt=\"Pin Sac Du Phong 5 Cell 10000mah Sac Nhanh Khong Day QC PD 2 Chieu\" width=\"750\" height=\"750\" srcset=\"https:\/\/maybommini.vn\/wp-content\/uploads\/2022\/12\/Pin-sac-du-phong-5-cell-10000mah-sac-nhanh-khong-day-QC-PD-2-chieu.jpg 750w, https:\/\/maybommini.vn\/wp-content\/uploads\/2022\/12\/Pin-sac-du-phong-5-cell-10000mah-sac-nhanh-khong-day-QC-PD-2-chieu-300x300.jpg 300w, https:\/\/maybommini.vn\/wp-content\/uploads\/2022\/12\/Pin-sac-du-phong-5-cell-10000mah-sac-nhanh-khong-day-QC-PD-2-chieu-150x150.jpg 150w, https:\/\/maybommini.vn\/wp-content\/uploads\/2022\/12\/Pin-sac-du-phong-5-cell-10000mah-sac-nhanh-khong-day-QC-PD-2-chieu-600x600.jpg 600w\" sizes=\"(max-width: 750px) 100vw, 750px\" \/><\/a><a href=\"https:\/\/maybommini.com\/wp-content\/uploads\/2022\/12\/ban-bo-sac-du-phong-khong-day-mau-trang.jpg\" target=\"_blank\" rel=\"noopener\"><img decoding=\"async\" class=\"size-full wp-image-271890 aligncenter\" src=\"https:\/\/maybommini.com\/wp-content\/uploads\/2022\/12\/ban-bo-sac-du-phong-khong-day-mau-trang.jpg\" alt=\"Ban Bo Sac Du Phong Khong Day Mau Trang\" width=\"750\" height=\"750\" srcset=\"https:\/\/maybommini.vn\/wp-content\/uploads\/2022\/12\/ban-bo-sac-du-phong-khong-day-mau-trang.jpg 750w, https:\/\/maybommini.vn\/wp-content\/uploads\/2022\/12\/ban-bo-sac-du-phong-khong-day-mau-trang-300x300.jpg 300w, https:\/\/maybommini.vn\/wp-content\/uploads\/2022\/12\/ban-bo-sac-du-phong-khong-day-mau-trang-150x150.jpg 150w, https:\/\/maybommini.vn\/wp-content\/uploads\/2022\/12\/ban-bo-sac-du-phong-khong-day-mau-trang-600x600.jpg 600w\" sizes=\"(max-width: 750px) 100vw, 750px\" \/><\/a><a href=\"https:\/\/maybommini.com\/wp-content\/uploads\/2022\/12\/ban-sac-du-phong-khong-day.jpg\" target=\"_blank\" rel=\"noopener\"><img decoding=\"async\" class=\"size-full wp-image-271891 aligncenter\" src=\"https:\/\/maybommini.com\/wp-content\/uploads\/2022\/12\/ban-sac-du-phong-khong-day.jpg\" alt=\"Ban Sac Du Phong Khong Day\" width=\"750\" height=\"750\" srcset=\"https:\/\/maybommini.vn\/wp-content\/uploads\/2022\/12\/ban-sac-du-phong-khong-day.jpg 750w, https:\/\/maybommini.vn\/wp-content\/uploads\/2022\/12\/ban-sac-du-phong-khong-day-300x300.jpg 300w, https:\/\/maybommini.vn\/wp-content\/uploads\/2022\/12\/ban-sac-du-phong-khong-day-150x150.jpg 150w, https:\/\/maybommini.vn\/wp-content\/uploads\/2022\/12\/ban-sac-du-phong-khong-day-600x600.jpg 600w\" sizes=\"(max-width: 750px) 100vw, 750px\" \/><\/a><a href=\"https:\/\/maybommini.com\/wp-content\/uploads\/2022\/12\/box-sac-du-phong-khong-day-gia-re.jpg\" target=\"_blank\" rel=\"noopener\"><img decoding=\"async\" class=\"size-full wp-image-271893 aligncenter\" src=\"https:\/\/maybommini.com\/wp-content\/uploads\/2022\/12\/box-sac-du-phong-khong-day-gia-re.jpg\" alt=\"Box Sac Du Phong Khong Day Gia Re\" width=\"750\" height=\"750\" srcset=\"https:\/\/maybommini.vn\/wp-content\/uploads\/2022\/12\/box-sac-du-phong-khong-day-gia-re.jpg 750w, https:\/\/maybommini.vn\/wp-content\/uploads\/2022\/12\/box-sac-du-phong-khong-day-gia-re-300x300.jpg 300w, https:\/\/maybommini.vn\/wp-content\/uploads\/2022\/12\/box-sac-du-phong-khong-day-gia-re-150x150.jpg 150w, https:\/\/maybommini.vn\/wp-content\/uploads\/2022\/12\/box-sac-du-phong-khong-day-gia-re-600x600.jpg 600w\" sizes=\"(max-width: 750px) 100vw, 750px\" \/><\/a><a href=\"https:\/\/maybommini.com\/wp-content\/uploads\/2022\/12\/Pin-sac-du-phong-5-cell-10000mah-sac-nhanh-khong-day-QC-PD.jpg\" target=\"_blank\" rel=\"noopener\"><img decoding=\"async\" class=\"size-full wp-image-271895 aligncenter\" src=\"https:\/\/maybommini.com\/wp-content\/uploads\/2022\/12\/Pin-sac-du-phong-5-cell-10000mah-sac-nhanh-khong-day-QC-PD.jpg\" alt=\"Pin Sac Du Phong 5 Cell 10000mah Sac Nhanh Khong Day QC PD\" width=\"750\" height=\"750\" srcset=\"https:\/\/maybommini.vn\/wp-content\/uploads\/2022\/12\/Pin-sac-du-phong-5-cell-10000mah-sac-nhanh-khong-day-QC-PD.jpg 750w, https:\/\/maybommini.vn\/wp-content\/uploads\/2022\/12\/Pin-sac-du-phong-5-cell-10000mah-sac-nhanh-khong-day-QC-PD-300x300.jpg 300w, https:\/\/maybommini.vn\/wp-content\/uploads\/2022\/12\/Pin-sac-du-phong-5-cell-10000mah-sac-nhanh-khong-day-QC-PD-150x150.jpg 150w, https:\/\/maybommini.vn\/wp-content\/uploads\/2022\/12\/Pin-sac-du-phong-5-cell-10000mah-sac-nhanh-khong-day-QC-PD-600x600.jpg 600w\" sizes=\"(max-width: 750px) 100vw, 750px\" \/><\/a><a href=\"https:\/\/maybommini.com\/wp-content\/uploads\/2022\/12\/pin-sac-du-phong-kong-day-sieu-nhanh.jpg\" target=\"_blank\" rel=\"noopener\"><img decoding=\"async\" class=\"size-full wp-image-271897 aligncenter\" src=\"https:\/\/maybommini.com\/wp-content\/uploads\/2022\/12\/pin-sac-du-phong-kong-day-sieu-nhanh.jpg\" alt=\"Pin Sac Du Phong Kong Day Sieu Nhanh\" width=\"750\" height=\"750\" srcset=\"https:\/\/maybommini.vn\/wp-content\/uploads\/2022\/12\/pin-sac-du-phong-kong-day-sieu-nhanh.jpg 750w, https:\/\/maybommini.vn\/wp-content\/uploads\/2022\/12\/pin-sac-du-phong-kong-day-sieu-nhanh-300x300.jpg 300w, https:\/\/maybommini.vn\/wp-content\/uploads\/2022\/12\/pin-sac-du-phong-kong-day-sieu-nhanh-150x150.jpg 150w, https:\/\/maybommini.vn\/wp-content\/uploads\/2022\/12\/pin-sac-du-phong-kong-day-sieu-nhanh-600x600.jpg 600w\" sizes=\"(max-width: 750px) 100vw, 750px\" \/><\/a><\/p>\n<p><strong>L\u01afU \u00dd TH\u00d4NG S\u1ed0 B\u1ed8 PIN S\u1ea0C<\/strong><br \/>\n&#8211; Dung l\u01b0\u1ee3ng ph\u1ee5 thu\u1ed9c v\u00e0o cell pin m\u00e0 NSX l\u1eafp v\u00e0o b\u1ed9 s\u1ea1c.<br \/>\n&#8211; T\u1ed5ng dung l\u01b0\u1ee3ng pin c\u00f3 th\u1ec3 thay \u0111\u1ed5i khi thay cell pin kh\u00e1c.<br \/>\n&#8211; Th\u00f4ng s\u1ed1 dung l\u01b0\u1ee3ng ghi tr\u00ean s\u1ea1c l\u00e0 dung l\u01b0\u1ee3ng t\u1ed1i \u0111a n\u1ebfu thay cell pin kh\u00e1c.<\/p>\n<p><a href=\"https:\/\/maybommini.com\/wp-content\/uploads\/2022\/12\/sac-nhanh-du-phong-khong-day.jpg\" target=\"_blank\" rel=\"noopener\"><img decoding=\"async\" class=\"size-full wp-image-271901 aligncenter\" src=\"https:\/\/maybommini.com\/wp-content\/uploads\/2022\/12\/sac-nhanh-du-phong-khong-day.jpg\" alt=\"Sac Nhanh Du Phong Khong Day\" width=\"750\" height=\"750\" srcset=\"https:\/\/maybommini.vn\/wp-content\/uploads\/2022\/12\/sac-nhanh-du-phong-khong-day.jpg 750w, https:\/\/maybommini.vn\/wp-content\/uploads\/2022\/12\/sac-nhanh-du-phong-khong-day-300x300.jpg 300w, https:\/\/maybommini.vn\/wp-content\/uploads\/2022\/12\/sac-nhanh-du-phong-khong-day-150x150.jpg 150w, https:\/\/maybommini.vn\/wp-content\/uploads\/2022\/12\/sac-nhanh-du-phong-khong-day-600x600.jpg 600w\" sizes=\"(max-width: 750px) 100vw, 750px\" \/><\/a><\/p>\n<p><a href=\"https:\/\/maybommini.com\/wp-content\/uploads\/2022\/12\/bo-sac-du-phong-khong-day.jpg\" target=\"_blank\" rel=\"noopener\"><img decoding=\"async\" class=\"size-full wp-image-271892 aligncenter\" src=\"https:\/\/maybommini.com\/wp-content\/uploads\/2022\/12\/bo-sac-du-phong-khong-day.jpg\" alt=\"Bo Sac Du Phong Khong Day\" width=\"750\" height=\"750\" srcset=\"https:\/\/maybommini.vn\/wp-content\/uploads\/2022\/12\/bo-sac-du-phong-khong-day.jpg 750w, https:\/\/maybommini.vn\/wp-content\/uploads\/2022\/12\/bo-sac-du-phong-khong-day-300x300.jpg 300w, https:\/\/maybommini.vn\/wp-content\/uploads\/2022\/12\/bo-sac-du-phong-khong-day-150x150.jpg 150w, https:\/\/maybommini.vn\/wp-content\/uploads\/2022\/12\/bo-sac-du-phong-khong-day-600x600.jpg 600w\" sizes=\"(max-width: 750px) 100vw, 750px\" \/><\/a><\/p>\n<p><strong>T\u00cdNH N\u0102NG B\u1ed8 PIN S\u1ea0C NHANH<\/strong><br \/>\n&#8211; H\u1ed7 tr\u1ee3 s\u1ea1c nhanh 2 chi\u1ec1u ti\u00eau chu\u1ea9n.<br \/>\n&#8211; H\u1ed7 tr\u1ee3 PD QC- AFC SCP VOOC.<br \/>\n&#8211; S\u1ea1c nhanh \u0111a giao th\u1ee9c cho \u0111i\u1ec7n tho\u1ea1i laptop th\u00f4ng d\u1ee5ng.<br \/>\n&#8211; C\u00f3 th\u1ec3 mang l\u00ean m\u00e1y bay kh\u00f4ng c\u1ea7n khai b\u00e1o, an to\u00e0n v\u00e0 tin c\u1eady.<br \/>\n&#8211; Th\u00e2n pin s\u1ea1c trong su\u1ed1t, m\u00e0n h\u00ecnh LED cao c\u1ea5p nh\u1eadp kh\u1ea9u c\u00f3 th\u1ec3 ki\u1ec3m tra dung l\u01b0\u1ee3ng pin c\u00f2n l\u1ea1i theo th\u1eddi gian th\u1ef1c.<\/p>\n<p><a href=\"https:\/\/maybommini.com\/wp-content\/uploads\/2022\/12\/sac-du-phong-5-cell-18650-khong-day.jpg\" target=\"_blank\" rel=\"noopener\"><img decoding=\"async\" class=\"size-full wp-image-271898 aligncenter\" src=\"https:\/\/maybommini.com\/wp-content\/uploads\/2022\/12\/sac-du-phong-5-cell-18650-khong-day.jpg\" alt=\"Sac Du Phong 5 Cell 18650 Khong Day\" width=\"750\" height=\"750\" srcset=\"https:\/\/maybommini.vn\/wp-content\/uploads\/2022\/12\/sac-du-phong-5-cell-18650-khong-day.jpg 750w, https:\/\/maybommini.vn\/wp-content\/uploads\/2022\/12\/sac-du-phong-5-cell-18650-khong-day-300x300.jpg 300w, https:\/\/maybommini.vn\/wp-content\/uploads\/2022\/12\/sac-du-phong-5-cell-18650-khong-day-150x150.jpg 150w, https:\/\/maybommini.vn\/wp-content\/uploads\/2022\/12\/sac-du-phong-5-cell-18650-khong-day-600x600.jpg 600w\" sizes=\"(max-width: 750px) 100vw, 750px\" \/><\/a><\/p>\n<p><strong>S\u1ea0C NHANH PD L\u00c0 G\u00cc ?<br \/>\n<\/strong>Power Delivery (PD) l\u00e0 t\u00ean c\u1ee7a m\u1ed9t chu\u1ea9n s\u1ea1c nhanh, th\u01b0\u1eddng \u0111\u01b0\u1ee3c h\u1ed7 tr\u1ee3 th\u00f4ng qua c\u1ed5ng s\u1ea1c USB, n\u00ean c\u00f2n \u0111\u01b0\u1ee3c g\u1ecdi l\u00e0 USB Power Delivery (ph\u1ed5 bi\u1ebfn hi\u1ec7n nay l\u00e0 phi\u00ean b\u1ea3n USB PD 3.0). USB Power Delivery ra \u0111\u1eddi v\u1edbi m\u1ee5c ti\u00eau tr\u1edf th\u00e0nh chu\u1ea9n s\u1ea1c chung duy nh\u1ea5t cho t\u1ea5t c\u1ea3 c\u00e1c thi\u1ebft b\u1ecb di \u0111\u1ed9ng.<\/p>\n<p><strong>S\u1ea0C NHANH QC L\u00c0 G\u00cc ?<br \/>\n<\/strong>Quick Charge (QC) hi\u1ec7n t\u1ea1i l\u00e0 t\u00ean c\u1ee7a c\u00f4ng ngh\u1ec7 s\u1ea1c nhanh \u0111\u1ed9c quy\u1ec1n c\u1ee7a g\u00e3 kh\u1ed5ng l\u1ed3 Qualcomm, v\u00e0 ch\u1ec9 \u0111\u01b0\u1ee3c trang b\u1ecb tr\u00ean c\u00e1c smartphone s\u1eed d\u1ee5ng chip Snapdragon. Sau nhi\u1ec1u n\u0103m h\u00e3ng s\u1ea3n xu\u1ea5t chip l\u1edbn b\u00e1n d\u1eabn l\u1edbn nh\u1ea5t th\u1ebf gi\u1edbi \u0111\u00e3 nghi\u00ean c\u1ee9u v\u00e0 gi\u1edbi thi\u1ec7u Quick Charge 4.0 (c\u00f4ng ngh\u1ec7 s\u1ea1c nhanh \u0111\u1eddi th\u1ee9 4 c\u1ee7a h\u00e3ng).<\/p>\n<p><strong>S\u1ea0C NHANH VOOC L\u00c0 G\u00cc ?<\/strong><br \/>\nC\u00f4ng ngh\u1ec7 S\u1ea1c nhanh VOOC (Voltage Open Loop Multi-step Constant-Current Charging) do Oppo ph\u00e1t tri\u1ec3n \u0111\u00e3 \u0111\u01b0\u1ee3c coi l\u00e0 ni\u1ec1m t\u1ef1 h\u00e0o c\u1ee7a h\u00e3ng smartphone \u0111\u1ebfn t\u1eeb Trung Qu\u1ed1c.<br \/>\nB\u00ean c\u1ea1nh \u0111\u00f3, Oppo c\u0169ng \u0111\u1ea3m b\u1ea3o v\u1edbi kh\u00e1ch h\u00e0ng, m\u1eb7c d\u00f9 VOOC 3.0 nhanh h\u01a1n 20% so v\u1edbi th\u1ebf h\u1ec7 tr\u01b0\u1edbc nh\u01b0ng kh\u00f4ng h\u1ec1 g\u00e2y n\u00f3ng m\u00e1y &#8211; nguy\u00ean nh\u00e2n ch\u00ednh d\u1eabn \u0111\u1ebfn n\u1ed7i lo ch\u00e1y, n\u1ed5.<br \/>\nL\u01b0u \u00fd: \u0110\u1ec3 s\u1eed d\u1ee5ng \u0111\u01b0\u1ee3c VOOC, ng\u01b0\u1eddi d\u00f9ng c\u1ea7n c\u00f3 tr\u1ecdn b\u1ed9 s\u1ea1c VOOC bao g\u1ed3m C\u1ed1c s\u1ea1c v\u00e0 C\u00e1p s\u1ea1c t\u01b0\u01a1ng th\u00edch.<\/p>\n<h4 style=\"text-align: center;\" data-pl=\"product-title\" data-spm-anchor-id=\"a2g0o.detail.1000016.i2.f44024c9cYpO46\"><a href=\"https:\/\/maybommini.com\/wp-content\/uploads\/2022\/12\/sac-nhanh-khong-day-cao-cap.jpg\" target=\"_blank\" rel=\"noopener\"><img decoding=\"async\" class=\"alignnone size-full wp-image-271889\" src=\"https:\/\/maybommini.com\/wp-content\/uploads\/2022\/12\/sac-nhanh-khong-day-cao-cap.jpg\" alt=\"Sac Nhanh Khong Day Cao Cap\" width=\"750\" height=\"750\" srcset=\"https:\/\/maybommini.vn\/wp-content\/uploads\/2022\/12\/sac-nhanh-khong-day-cao-cap.jpg 750w, https:\/\/maybommini.vn\/wp-content\/uploads\/2022\/12\/sac-nhanh-khong-day-cao-cap-300x300.jpg 300w, https:\/\/maybommini.vn\/wp-content\/uploads\/2022\/12\/sac-nhanh-khong-day-cao-cap-150x150.jpg 150w, https:\/\/maybommini.vn\/wp-content\/uploads\/2022\/12\/sac-nhanh-khong-day-cao-cap-600x600.jpg 600w\" sizes=\"(max-width: 750px) 100vw, 750px\" \/><\/a><br \/>\nNew 18650 Battery Charger Box 5 Slot<br \/>\nBattery DIY Power Bank Case PD QC VOOC<br \/>\nDual-Direction Fast Charging Power Bank Shell<\/h4>\n<p><strong>TH\u00d4NG TIN LI\u00caN H\u1ec6<\/strong><br \/>\n<em><strong>Hotline Zalo:\u00a0<a href=\"tel:02873030399\">02873030399<\/a>\u00a0\u2013\u00a0<a href=\"tel:0907294310\">0907294310<\/a>\u00a0\u2013\u00a0<a href=\"tel:0908997823\">0908997823<\/a>\u00a0\u2013\u00a0<a href=\"tel:0908997872\">0908997872<\/a><\/strong><\/em><br \/>\n<em><strong>Nh\u1eadn \u0111\u00f3ng pin theo y\u00eau c\u1ea7u, l\u00e0m pin, n\u00e2ng c\u1ea5p pin, s\u1eeda pin cho h\u1ec7 th\u1ed1ng n\u0103ng l\u01b0\u1ee3ng m\u1eb7t tr\u1eddi, pin m\u00e1y khoan, pin robot h\u00fat b\u1ee5i lau nh\u00e0, pin m\u00e1y th\u1ed5i b\u1ee5i, pin \u0111\u00e8n, pin s\u1ea1c d\u1ef1 ph\u00f2ng, pin \u0111\u00e8n n\u0103ng l\u01b0\u1ee3ng m\u1eb7t tr\u1eddi, pin UPS, pin xe \u0111\u1ea1p \u0111i\u1ec7n v\u00e0 c\u00e1c lo\u1ea1i pin kh\u00e1c.<\/strong><\/em><\/p>\n<p><a href=\"https:\/\/maybommini.com\/wp-content\/uploads\/2022\/12\/chuyen-ban-cac-loai-pin-sac-du-phong.jpg\" target=\"_blank\" rel=\"noopener\"><img decoding=\"async\" class=\"size-full wp-image-271860 aligncenter\" src=\"https:\/\/maybommini.com\/wp-content\/uploads\/2022\/12\/chuyen-ban-cac-loai-pin-sac-du-phong.jpg\" alt=\"Chuyen Ban Cac Loai Pin Sac Du Phong\" width=\"750\" height=\"750\" srcset=\"https:\/\/maybommini.vn\/wp-content\/uploads\/2022\/12\/chuyen-ban-cac-loai-pin-sac-du-phong.jpg 750w, https:\/\/maybommini.vn\/wp-content\/uploads\/2022\/12\/chuyen-ban-cac-loai-pin-sac-du-phong-300x300.jpg 300w, https:\/\/maybommini.vn\/wp-content\/uploads\/2022\/12\/chuyen-ban-cac-loai-pin-sac-du-phong-150x150.jpg 150w, https:\/\/maybommini.vn\/wp-content\/uploads\/2022\/12\/chuyen-ban-cac-loai-pin-sac-du-phong-600x600.jpg 600w\" sizes=\"(max-width: 750px) 100vw, 750px\" \/><\/a><a href=\"https:\/\/maybommini.com\/wp-content\/uploads\/2022\/12\/chuyen-cung-cap-pin-sac-du-phong-toan-quoc-gia-re.jpg\" target=\"_blank\" rel=\"noopener\"><img decoding=\"async\" class=\"size-full wp-image-271842 aligncenter\" src=\"https:\/\/maybommini.com\/wp-content\/uploads\/2022\/12\/chuyen-cung-cap-pin-sac-du-phong-toan-quoc-gia-re.jpg\" alt=\"Chuyen Cung Cap Pin Sac Du Phong Toan Quoc Gia Re\" width=\"750\" height=\"750\" srcset=\"https:\/\/maybommini.vn\/wp-content\/uploads\/2022\/12\/chuyen-cung-cap-pin-sac-du-phong-toan-quoc-gia-re.jpg 750w, https:\/\/maybommini.vn\/wp-content\/uploads\/2022\/12\/chuyen-cung-cap-pin-sac-du-phong-toan-quoc-gia-re-300x300.jpg 300w, https:\/\/maybommini.vn\/wp-content\/uploads\/2022\/12\/chuyen-cung-cap-pin-sac-du-phong-toan-quoc-gia-re-150x150.jpg 150w, https:\/\/maybommini.vn\/wp-content\/uploads\/2022\/12\/chuyen-cung-cap-pin-sac-du-phong-toan-quoc-gia-re-600x600.jpg 600w\" sizes=\"(max-width: 750px) 100vw, 750px\" \/><\/a><br \/>\n<strong>CTY TNHH TH\u01af\u01a0NG M\u1ea0I D\u1ecaCH V\u1ee4 \u0110I\u1ec6N M\u00c1Y TH\u00d4NG MINH<\/strong><br \/>\n<strong>Hotline:<\/strong>\u00a002873030399 \u2013 0907294310<br \/>\n<strong>Email:<\/strong> maybommini.com@gmail.com<strong>Website:<\/strong>\u00a0https:\/\/maybommini.com<br \/>\n<strong>Youtube demo:<\/strong>\u00a0https:\/\/www.youtube.com\/bahamasali<\/p>\n<h5><strong><a class=\"swipebox\" title=\"\" href=\"https:\/\/maybommini.com\/wp-content\/uploads\/2022\/07\/thong-tin-lien-he-may-bom-mini.jpg\" data-rel=\"lightbox-image-15\" data-rl_title=\"\" data-rl_caption=\"\" data-rl_ target=\"_blank\" rel=\"noopener\"><img decoding=\"async\" class=\"size-full wp-image-270584 lazyloaded aligncenter\" src=\"https:\/\/maybommini.com\/wp-content\/uploads\/2022\/07\/thong-tin-lien-he-may-bom-mini.jpg\" sizes=\"(max-width: 750px) 100vw, 750px\" srcset=\"https:\/\/maybommini.com\/wp-content\/uploads\/2022\/07\/thong-tin-lien-he-may-bom-mini.jpg 750w, https:\/\/maybommini.com\/wp-content\/uploads\/2022\/07\/thong-tin-lien-he-may-bom-mini-300x202.jpg 300w, https:\/\/maybommini.com\/wp-content\/uploads\/2022\/07\/thong-tin-lien-he-may-bom-mini-600x405.jpg 600w\" alt=\"Thong Tin Lien He May Bom Mini\" width=\"750\" height=\"506\" data-lazy-srcset=\"https:\/\/maybommini.com\/wp-content\/uploads\/2022\/07\/thong-tin-lien-he-may-bom-mini.jpg 750w, https:\/\/maybommini.com\/wp-content\/uploads\/2022\/07\/thong-tin-lien-he-may-bom-mini-300x202.jpg 300w, https:\/\/maybommini.com\/wp-content\/uploads\/2022\/07\/thong-tin-lien-he-may-bom-mini-600x405.jpg 600w\" data-lazy-sizes=\"(max-width: 750px) 100vw, 750px\" data-lazy-src=\"https:\/\/maybommini.com\/wp-content\/uploads\/2022\/07\/thong-tin-lien-he-may-bom-mini.jpg\" data-was-processed=\"true\" \/><\/a><\/strong><\/h5>\n","protected":false},"excerpt":{"rendered":"<p>Th\u01b0\u01a1ng hi\u1ec7u: YUYA<br \/>\nModel: CX5-PQ-QI<br \/>\nDung l\u01b0\u1ee3ng: 10.000 mAh<br \/>\nPin s\u1ea1c: Lithium ion 18650 2000mah Lishen x 5 Cell<br \/>\nC\u00f4ng su\u1ea5t s\u1ea1c ra: 5V-3A 9V-2A 12V-1.5A 4.5V-5A 5V-4A<br \/>\nC\u00f4ng su\u1ea5t s\u1ea1c v\u00e0o: 5V-3A 9V-2A 12V-1.5A<br \/>\nC\u00f4ng su\u1ea5t ra s\u1ea1c kh\u00f4ng d\u00e2y: 10W<br \/>\nC\u1ed5ng s\u1ea1c: USB Micro-USB Type-C Lightning<br \/>\nC\u00f4ng ngh\u1ec7 s\u1ea1c nhanh: QC PD VOOC<br \/>\nTi\u00eau chu\u1ea9n: GB\/T35590-2017 RoHS FC CE<br \/>\nS\u1ea1c nhanh 2 chi\u1ec1u.<br \/>\nCh\u1ea5t li\u1ec7u: ABS \u2013 PVC \u2013 H\u1ee3p kim.<br \/>\nM\u00e0u s\u1eafc: \u0110en &#8211; Tr\u1eafng<br \/>\nK\u00edch th\u01b0\u1edbc:\u00a0 80 x 135 x 23mm<br \/>\nTr\u1ecdng l\u01b0\u1ee3ng:\u00a0 320 gam<br \/>\nT\u1eb7ng k\u00e8m c\u00e1p s\u1ea1c nhanh Type-C<br \/>\nB\u1ea3o h\u00e0nh: 3 th\u00e1ng<br \/>\n<strong>Mua s\u1ed1 l\u01b0\u1ee3ng gi\u00e1 t\u1ed1t<\/strong><\/p>\n","protected":false},"featured_media":271899,"comment_status":"open","ping_status":"closed","template":"","meta":[],"product_brand":[],"product_cat":[214,421,3840],"product_tag":[3849,3847,3843,424,3844,431,3848,3738,3845,3850,2544,3842,3841],"class_list":{"0":"post-271888","1":"product","2":"type-product","3":"status-publish","4":"has-post-thumbnail","6":"product_cat-phu-kien-bom-nuoc","7":"product_cat-pin-sac","8":"product_cat-pin-sac-du-phong","9":"product_tag-2-cell","10":"product_tag-4-cell","11":"product_tag-8-cell","12":"product_tag-8000mah","13":"product_tag-box-sac-du-phong","14":"product_tag-pin-sac","15":"product_tag-pin-sac-21700","16":"product_tag-pin-sac-du-phong","17":"product_tag-power-bank-case-pd22-5w","18":"product_tag-sac-khong-day","19":"product_tag-sac-nhanh","20":"product_tag-sac-nhanh-pd","21":"product_tag-sac-nhanh-qc","23":"first","24":"instock","25":"sale","26":"shipping-taxable","27":"purchasable","28":"product-type-simple"},"_links":{"self":[{"href":"https:\/\/maybommini.vn\/index.php?rest_route=\/wp\/v2\/product\/271888","targetHints":{"allow":["GET"]}}],"collection":[{"href":"https:\/\/maybommini.vn\/index.php?rest_route=\/wp\/v2\/product"}],"about":[{"href":"https:\/\/maybommini.vn\/index.php?rest_route=\/wp\/v2\/types\/product"}],"replies":[{"embeddable":true,"href":"https:\/\/maybommini.vn\/index.php?rest_route=%2Fwp%2Fv2%2Fcomments&post=271888"}],"wp:featuredmedia":[{"embeddable":true,"href":"https:\/\/maybommini.vn\/index.php?rest_route=\/wp\/v2\/media\/271899"}],"wp:attachment":[{"href":"https:\/\/maybommini.vn\/index.php?rest_route=%2Fwp%2Fv2%2Fmedia&parent=271888"}],"wp:term":[{"taxonomy":"product_brand","embeddable":true,"href":"https:\/\/maybommini.vn\/index.php?rest_route=%2Fwp%2Fv2%2Fproduct_brand&post=271888"},{"taxonomy":"product_cat","embeddable":true,"href":"https:\/\/maybommini.vn\/index.php?rest_route=%2Fwp%2Fv2%2Fproduct_cat&post=271888"},{"taxonomy":"product_tag","embeddable":true,"href":"https:\/\/maybommini.vn\/index.php?rest_route=%2Fwp%2Fv2%2Fproduct_tag&post=271888"}],"curies":[{"name":"wp","href":"https:\/\/api.w.org\/{rel}","templated":true}]}}