{"id":271933,"date":"2022-12-23T23:17:07","date_gmt":"2022-12-23T16:17:07","guid":{"rendered":"https:\/\/maybommini.com\/?post_type=product&#038;p=271933"},"modified":"2022-12-23T23:22:51","modified_gmt":"2022-12-23T16:22:51","slug":"bao-trom-hong-ngoai-duyka-dk221-coi-hu-sieu-lon","status":"publish","type":"product","link":"https:\/\/maybommini.vn\/?product=bao-trom-hong-ngoai-duyka-dk221-coi-hu-sieu-lon","title":{"rendered":"B\u00e1o tr\u1ed9m h\u1ed3ng ngo\u1ea1i Duyka DK221 &#8211; c\u00f2i h\u00fa si\u00eau l\u1edbn"},"content":{"rendered":"<p><strong>B\u00e1o tr\u1ed9m h\u1ed3ng ngo\u1ea1i Duyka DK221 c\u00f2i h\u00fa si\u00eau l\u1edbn s\u1eed d\u1ee5ng \u0111i\u1ec7n 220V \u0111\u00e2y l\u00e0 thi\u1ebft b\u1ecb b\u00e1o \u0111\u1ed9ng v\u1edbi \u0111\u1ed9 ch\u00ednh x\u00e1c cao do Vi\u1ec7t Nam s\u1ea3n xu\u1ea5t. V\u1edbi \u01b0u \u0111i\u1ec3m v\u01b0\u1ee3t tr\u1ed9i so v\u1edbi nh\u1eefng s\u1ea3n ph\u1ea9m c\u00f3 tr\u00ean th\u1ecb tr\u01b0\u1eddng v\u1eddi \u0111\u1ed9 nh\u1ea1y, \u00e2m thanh b\u00e1o v\u00e0 d\u1ec5 l\u1eafp \u0111\u1eb7t.<\/strong><\/p>\n<p><strong><a href=\"https:\/\/maybommini.com\/wp-content\/uploads\/2022\/12\/Bao-trom-hong-ngoai-220V-1-am-thanh-Duyka-DK221.jpg\" target=\"_blank\" rel=\"noopener\"><img decoding=\"async\" class=\"size-full wp-image-271940 aligncenter\" src=\"https:\/\/maybommini.com\/wp-content\/uploads\/2022\/12\/Bao-trom-hong-ngoai-220V-1-am-thanh-Duyka-DK221.jpg\" alt=\"Bao Trom Hong Ngoai 220V 1 Am Thanh Duyka DK221\" width=\"750\" height=\"750\" srcset=\"https:\/\/maybommini.vn\/wp-content\/uploads\/2022\/12\/Bao-trom-hong-ngoai-220V-1-am-thanh-Duyka-DK221.jpg 750w, https:\/\/maybommini.vn\/wp-content\/uploads\/2022\/12\/Bao-trom-hong-ngoai-220V-1-am-thanh-Duyka-DK221-300x300.jpg 300w, https:\/\/maybommini.vn\/wp-content\/uploads\/2022\/12\/Bao-trom-hong-ngoai-220V-1-am-thanh-Duyka-DK221-150x150.jpg 150w, https:\/\/maybommini.vn\/wp-content\/uploads\/2022\/12\/Bao-trom-hong-ngoai-220V-1-am-thanh-Duyka-DK221-600x600.jpg 600w\" sizes=\"(max-width: 750px) 100vw, 750px\" \/><\/a>TH\u00d4NG S\u1ed0 K\u1ef8 THU\u1eacT<\/strong><br \/>\nTh\u01b0\u01a1ng hi\u1ec7u: Duyka<br \/>\nModel: DK221<br \/>\n\u0110i\u1ec7n th\u1ebf: 120V &#8211; 220V AC Auto<br \/>\nC\u00f4ng su\u1ea5t: 300W<br \/>\nT\u1ea7m qu\u00e9t h\u1ed3ng ngo\u1ea1i: 8m &#8211; 12m<br \/>\nTh\u1eddi gian b\u00e1o: 3s &#8211; 180s<br \/>\nG\u00f3c qu\u00e9t : 120 \u0111\u1ed9<br \/>\nC\u00f4ng ngh\u1ec7 qu\u00e9t h\u1ed3ng ngo\u1ea1i.<br \/>\n\u00c2m thanh b\u00e1o : 1 lo\u1ea1i<br \/>\nTi\u1ebfng h\u00fa b\u00e1o \u0111\u1ed9ng si\u00eau l\u1edbn.<br \/>\nC\u1ed5ng l\u1eafp th\u00eam \u0111\u00e8n b\u00e1o v\u00e0 c\u00f2i h\u00fa th\u00eam.<br \/>\nN\u00fat ch\u1ec9nh \u0111\u1ed9 nh\u1ea1y c\u1ea3m bi\u1ebfn h\u1ed3ng ngo\u1ea1i.<br \/>\nN\u00fat ch\u1ec9nh th\u1eddi gian b\u00e1o \u0111\u1ed9ng.<br \/>\nPart l\u1eafp treo t\u01b0\u1eddng.<br \/>\nT\u1eb7ng k\u00e8m: Tua v\u00edt 2 \u0111\u1ea7u v\u00e0 ph\u00edch c\u1eafm \u0111i\u1ec7n<br \/>\nC\u00f3 k\u00e8m h\u01b0\u1edbng d\u1eabn s\u1eed d\u1ee5ng.<br \/>\nCh\u1ea5t li\u1ec7u: Nh\u1ef1a &#8211; h\u1ee3p kim.<br \/>\nK\u00edch th\u01b0\u1edbc:<br \/>\nTr\u1ecdng l\u01b0\u1ee3ng:<\/p>\n<p><strong><a href=\"https:\/\/maybommini.com\/wp-content\/uploads\/2022\/12\/cam-bien-hong-ngoai-chong-trom.jpg\" target=\"_blank\" rel=\"noopener\"><img decoding=\"async\" class=\"size-full wp-image-271935 aligncenter\" src=\"https:\/\/maybommini.com\/wp-content\/uploads\/2022\/12\/cam-bien-hong-ngoai-chong-trom.jpg\" alt=\"Cam Bien Hong Ngoai Chong Trom\" width=\"750\" height=\"750\" srcset=\"https:\/\/maybommini.vn\/wp-content\/uploads\/2022\/12\/cam-bien-hong-ngoai-chong-trom.jpg 750w, https:\/\/maybommini.vn\/wp-content\/uploads\/2022\/12\/cam-bien-hong-ngoai-chong-trom-300x300.jpg 300w, https:\/\/maybommini.vn\/wp-content\/uploads\/2022\/12\/cam-bien-hong-ngoai-chong-trom-150x150.jpg 150w, https:\/\/maybommini.vn\/wp-content\/uploads\/2022\/12\/cam-bien-hong-ngoai-chong-trom-600x600.jpg 600w\" sizes=\"(max-width: 750px) 100vw, 750px\" \/><\/a><a href=\"https:\/\/maybommini.com\/wp-content\/uploads\/2022\/12\/chong-trom-hong-ngoai-chinh-hang.jpg\" target=\"_blank\" rel=\"noopener\"><img decoding=\"async\" class=\"size-full wp-image-271936 aligncenter\" src=\"https:\/\/maybommini.com\/wp-content\/uploads\/2022\/12\/chong-trom-hong-ngoai-chinh-hang.jpg\" alt=\"Chong Trom Hong Ngoai Chinh Hang\" width=\"750\" height=\"750\" srcset=\"https:\/\/maybommini.vn\/wp-content\/uploads\/2022\/12\/chong-trom-hong-ngoai-chinh-hang.jpg 750w, https:\/\/maybommini.vn\/wp-content\/uploads\/2022\/12\/chong-trom-hong-ngoai-chinh-hang-300x300.jpg 300w, https:\/\/maybommini.vn\/wp-content\/uploads\/2022\/12\/chong-trom-hong-ngoai-chinh-hang-150x150.jpg 150w, https:\/\/maybommini.vn\/wp-content\/uploads\/2022\/12\/chong-trom-hong-ngoai-chinh-hang-600x600.jpg 600w\" sizes=\"(max-width: 750px) 100vw, 750px\" \/><\/a><a href=\"https:\/\/maybommini.com\/wp-content\/uploads\/2022\/12\/coi-bao-dong-chong-trom-hong-ngoai.jpg\" target=\"_blank\" rel=\"noopener\"><img decoding=\"async\" class=\"size-full wp-image-271937 aligncenter\" src=\"https:\/\/maybommini.com\/wp-content\/uploads\/2022\/12\/coi-bao-dong-chong-trom-hong-ngoai.jpg\" alt=\"Coi Bao Dong Chong Trom Hong Ngoai\" width=\"750\" height=\"750\" srcset=\"https:\/\/maybommini.vn\/wp-content\/uploads\/2022\/12\/coi-bao-dong-chong-trom-hong-ngoai.jpg 750w, https:\/\/maybommini.vn\/wp-content\/uploads\/2022\/12\/coi-bao-dong-chong-trom-hong-ngoai-300x300.jpg 300w, https:\/\/maybommini.vn\/wp-content\/uploads\/2022\/12\/coi-bao-dong-chong-trom-hong-ngoai-150x150.jpg 150w, https:\/\/maybommini.vn\/wp-content\/uploads\/2022\/12\/coi-bao-dong-chong-trom-hong-ngoai-600x600.jpg 600w\" sizes=\"(max-width: 750px) 100vw, 750px\" \/><\/a><a href=\"https:\/\/maybommini.com\/wp-content\/uploads\/2022\/12\/coi-bao-trom.jpg\" target=\"_blank\" rel=\"noopener\"><img decoding=\"async\" class=\"size-full wp-image-271938 aligncenter\" src=\"https:\/\/maybommini.com\/wp-content\/uploads\/2022\/12\/coi-bao-trom.jpg\" alt=\"Coi Bao Trom\" width=\"750\" height=\"750\" srcset=\"https:\/\/maybommini.vn\/wp-content\/uploads\/2022\/12\/coi-bao-trom.jpg 750w, https:\/\/maybommini.vn\/wp-content\/uploads\/2022\/12\/coi-bao-trom-300x300.jpg 300w, https:\/\/maybommini.vn\/wp-content\/uploads\/2022\/12\/coi-bao-trom-150x150.jpg 150w, https:\/\/maybommini.vn\/wp-content\/uploads\/2022\/12\/coi-bao-trom-600x600.jpg 600w\" sizes=\"(max-width: 750px) 100vw, 750px\" \/><\/a><a href=\"https:\/\/maybommini.com\/wp-content\/uploads\/2022\/12\/ban-coi-bao-dong-chong-trom-hong-ngoai-chinh-hang.jpg\" target=\"_blank\" rel=\"noopener\"><img decoding=\"async\" class=\"size-full wp-image-271939 aligncenter\" src=\"https:\/\/maybommini.com\/wp-content\/uploads\/2022\/12\/ban-coi-bao-dong-chong-trom-hong-ngoai-chinh-hang.jpg\" alt=\"Ban Coi Bao Dong Chong Trom Hong Ngoai Chinh Hang\" width=\"750\" height=\"750\" srcset=\"https:\/\/maybommini.vn\/wp-content\/uploads\/2022\/12\/ban-coi-bao-dong-chong-trom-hong-ngoai-chinh-hang.jpg 750w, https:\/\/maybommini.vn\/wp-content\/uploads\/2022\/12\/ban-coi-bao-dong-chong-trom-hong-ngoai-chinh-hang-300x300.jpg 300w, https:\/\/maybommini.vn\/wp-content\/uploads\/2022\/12\/ban-coi-bao-dong-chong-trom-hong-ngoai-chinh-hang-150x150.jpg 150w, https:\/\/maybommini.vn\/wp-content\/uploads\/2022\/12\/ban-coi-bao-dong-chong-trom-hong-ngoai-chinh-hang-600x600.jpg 600w\" sizes=\"(max-width: 750px) 100vw, 750px\" \/><\/a>H\u01af\u1edaNG D\u1ea8N L\u1eaeP B\u1ed8 B\u00c1O TR\u1ed8M H\u1ed2NG NGO\u1ea0I DUYKA DK221<\/strong><br \/>\n&#8211; S\u1eed d\u1ee5ng \u0111i\u1ec7n th\u1ebf AC 120V &#8211; 220V.<br \/>\n&#8211; K\u1ebft n\u1ed1i \u0111i\u1ec7n ngu\u1ed3n v\u00e0o c\u1ed5ng s\u1ed1 3 v\u00e0 4.<br \/>\n&#8211; K\u1ebft n\u1ed1i th\u00eam \u0111\u00e8n b\u00e1o ho\u1eb7c c\u00f2i h\u00fa v\u00e0 c\u1ed5ng 1 v\u00e0 2.<br \/>\n&#8211; \u0110i\u1ec1u ch\u1ec9nh \u0111\u1ed9 nh\u1ea1y c\u1ea3m bi\u1ebfn v\u00e0 th\u1eddi gian b\u00e1o h\u00fa ph\u00f9 h\u1ee3p.<br \/>\n&#8211; L\u1eafp c\u1ea3m bi\u1ebfn h\u01b0\u1edbng v\u1ec1 ph\u00eda c\u1ea7n b\u00e1o \u0111\u1ed9ng.<br \/>\n&#8211; L\u1eafp \u0111\u1eb7t n\u1edbi kh\u00f4 tho\u00e1ng che n\u1eafng m\u01b0a.<br \/>\n&#8211; Kh\u00f4ng \u0111\u01b0\u1ee3c l\u1eafp ngo\u00e0i tr\u1eddi.<br \/>\n&#8211; Kh\u1ea3 n\u0103ng ho\u1ea1t \u0111\u1ed9ng 24\/24.<br \/>\n&#8211; C\u00f3 th\u1ec3 l\u1eafp th\u00eam b\u1ed9 h\u1eb9n gi\u1edd Timer t\u1eaft m\u1edf v\u00e0o th\u1eddi gian c\u1ea7n thi\u1ebft b\u00e1o \u0111\u1ed9ng.<br \/>\n&#8211; C\u00f3 th\u1ec3 l\u1eafp th\u00eam b\u1ed9 \u0111i\u1ec1u khi\u1ec3n c\u00f4ng t\u1eafc m\u1edf t\u1eeb xa cho ti\u1ec7n.<\/p>\n<p><strong><a href=\"https:\/\/maybommini.com\/wp-content\/uploads\/2022\/12\/bo-coi-loa-chong-trom-sieu-to.jpg\" target=\"_blank\" rel=\"noopener\"><img decoding=\"async\" class=\"size-full wp-image-271934 aligncenter\" src=\"https:\/\/maybommini.com\/wp-content\/uploads\/2022\/12\/bo-coi-loa-chong-trom-sieu-to.jpg\" alt=\"Bo Coi Loa Chong Trom Sieu To\" width=\"750\" height=\"750\" srcset=\"https:\/\/maybommini.vn\/wp-content\/uploads\/2022\/12\/bo-coi-loa-chong-trom-sieu-to.jpg 750w, https:\/\/maybommini.vn\/wp-content\/uploads\/2022\/12\/bo-coi-loa-chong-trom-sieu-to-300x300.jpg 300w, https:\/\/maybommini.vn\/wp-content\/uploads\/2022\/12\/bo-coi-loa-chong-trom-sieu-to-150x150.jpg 150w, https:\/\/maybommini.vn\/wp-content\/uploads\/2022\/12\/bo-coi-loa-chong-trom-sieu-to-600x600.jpg 600w\" sizes=\"(max-width: 750px) 100vw, 750px\" \/><\/a><\/strong><\/p>\n<p><strong>S\u1eec D\u1ee4NG B\u1ed8 B\u00c1O CH\u1ed0NG TR\u1ed8M H\u1ed2NG NGO\u1ea0I DUYKA<\/strong><br \/>\n&#8211; S\u1eed d\u1ee5ng b\u00e1o tr\u1ed9m cho gia \u0111\u00ecnh.<br \/>\n&#8211; B\u1ed9 b\u00e1o tr\u1ed9m cho cty, v\u0103n ph\u00f2ng, t\u00f2a nh\u00e0.<br \/>\n&#8211; B\u00e1o tr\u1ed9m cho kho b\u00e3i, nh\u00e0 x\u01b0\u1edfng.<br \/>\n&#8211; B\u00e1o ch\u1ed1ng tr\u1ed9m cho c\u01a1 quan.<br \/>\n&#8211; B\u00e1o ch\u1ed1ng tr\u1ed9m nh\u00e0 \u0111\u1ec3 xe, nh\u00e0 xe, ph\u00f2ng k\u1ebf to\u00e1n, ph\u00f2ng l\u00e0m vi\u1ec7c.<br \/>\n&#8211; B\u00e1o tr\u1ed9m cho trang tr\u1ea1i, v\u01b0\u1eddn.<br \/>\n&#8211; B\u1ed9 b\u00e1o tr\u1ed9m chu\u1ed3ng tr\u1ea1i n\u00f4ng th\u00f4n.<br \/>\n&#8211; B\u00e1o tr\u1ed9m cho ng\u00e2n h\u00e0ng, c\u1eeda h\u00e0ng, kho ch\u1ee9a h\u00e0ng h\u00f3a.<br \/>\n&#8211; Thi\u1ebft b\u1ecb ch\u1ed1ng tr\u1ed9m \u0111\u1ed9t nh\u1eadp, b\u00e1o \u0111\u1ed9ng c\u00f2i h\u00fa.<br \/>\n&#8211; V\u00e0 \u1ee9ng d\u1ee5ng b\u00e1o tr\u1ed9m, b\u00e1o ng\u01b0\u1eddi.<\/p>\n<p><strong><a href=\"https:\/\/maybommini.com\/wp-content\/uploads\/2022\/12\/bao-trom-hong-ngoai-Duyka.jpg\" target=\"_blank\" rel=\"noopener\"><img decoding=\"async\" class=\"size-full wp-image-271944 aligncenter\" src=\"https:\/\/maybommini.com\/wp-content\/uploads\/2022\/12\/bao-trom-hong-ngoai-Duyka.jpg\" alt=\"Bao Trom Hong Ngoai Duyka\" width=\"750\" height=\"750\" srcset=\"https:\/\/maybommini.vn\/wp-content\/uploads\/2022\/12\/bao-trom-hong-ngoai-Duyka.jpg 750w, https:\/\/maybommini.vn\/wp-content\/uploads\/2022\/12\/bao-trom-hong-ngoai-Duyka-300x300.jpg 300w, https:\/\/maybommini.vn\/wp-content\/uploads\/2022\/12\/bao-trom-hong-ngoai-Duyka-150x150.jpg 150w, https:\/\/maybommini.vn\/wp-content\/uploads\/2022\/12\/bao-trom-hong-ngoai-Duyka-600x600.jpg 600w\" sizes=\"(max-width: 750px) 100vw, 750px\" \/><\/a><\/strong><\/p>\n<h4 style=\"text-align: center;\"><strong>B\u00e1o tr\u1ed9m h\u1ed3ng ngo\u1ea1i Duyka DK221 &#8211; c\u00f2i h\u00fa si\u00eau l\u1edbn<\/strong><\/h4>\n<p><em><strong>Ch\u00fang t\u00f4i chuy\u00ean cung c\u1ea5p c\u00e1c thi\u1ebft b\u1ecb c\u1ea3m bi\u1ebfn, c\u1ea3m \u1ee9ng, b\u00e1o \u0111\u1ed9ng, b\u00e1o tr\u1ed9m, thi\u1ebft \u0111i\u1ec1u khi\u1ec3n t\u1eeb xa, camera, pin d\u1ef1 ph\u00f2ng, UPS \u0111i\u1ec7n d\u1ef1 ph\u00f2ng v\u00e0 nhi\u1ec1u thi\u1ebft b\u1ecb kh\u00e1c tr\u00ean to\u00e0n qu\u1ed1c v\u1edbi gi\u00e1 t\u1ed1t b\u1ea3o h\u00e0nh ch\u00ednh h\u00e3ng.<\/strong><\/em><\/p>\n<p><strong>CTY TNHH TH\u01af\u01a0NG M\u1ea0I D\u1ecaCH V\u1ee4 \u0110I\u1ec6N M\u00c1Y TH\u00d4NG MINH<br \/>\nWebsite:\u00a0<a href=\"https:\/\/maybommini.com\/\" target=\"_blank\" rel=\"noopener\">https:\/\/maybommini.com<\/a><br \/>\nEmail: Maybommini.com@gmail.com<br \/>\nT\u01af V\u1ea4N K\u1ef8 THU\u1eacT \u2013 MUA H\u00c0NG<br \/>\nTel\/ Zalo: 0908997823 \u2013 0908997872<br \/>\nT\u01b0 v\u1ea5n mua h\u00e0ng: 0907294310 \u2013 02873030399<\/strong><\/p>\n<h3><a class=\"swipebox\" title=\"\" href=\"https:\/\/maybommini.com\/wp-content\/uploads\/2022\/07\/thong-tin-lien-he-may-bom-mini.jpg\" data-rel=\"lightbox-image-bGlnaHRib3gtaW1hZ2UtYkdsbmFIUmliM2d0YVcxaFoyVXRZa2RzYm1GSVVtbGlNMmQwWVZjeGFGb3lWWFJaYTJSelltMUdTVlZ0YkdsTk1tUXdXVlpqZUdGR2IzbFdXRkphWVRKU2VsbHRNVWRUVmxaMFlrZHNUazF0VVhkWFZscHFaVWRHUjJJemJGZFhSa3BoV1ZSS1UyVnNiSFJOVldSVVZteGFNRmxyWkhOVWF6RjBWVmhrV0Zac2NIRmFWV1JIVWpKSmVtSkdaRmhTYTNCUVZtMTBWMVpyT1ZKUVZEQTk=\" data-rl_title=\"\" data-rl_caption=\"\" data-rl_ target=\"_blank\" rel=\"noopener\"><img decoding=\"async\" class=\"size-full wp-image-270584 lazyloaded aligncenter\" src=\"https:\/\/maybommini.com\/wp-content\/uploads\/2022\/07\/thong-tin-lien-he-may-bom-mini.jpg\" sizes=\"(max-width: 750px) 100vw, 750px\" srcset=\"https:\/\/maybommini.com\/wp-content\/uploads\/2022\/07\/thong-tin-lien-he-may-bom-mini.jpg 750w, https:\/\/maybommini.com\/wp-content\/uploads\/2022\/07\/thong-tin-lien-he-may-bom-mini-300x202.jpg 300w, https:\/\/maybommini.com\/wp-content\/uploads\/2022\/07\/thong-tin-lien-he-may-bom-mini-600x405.jpg 600w\" alt=\"Thong Tin Lien He May Bom Mini\" width=\"750\" height=\"506\" data-lazy-srcset=\"https:\/\/maybommini.com\/wp-content\/uploads\/2022\/07\/thong-tin-lien-he-may-bom-mini.jpg 750w, https:\/\/maybommini.com\/wp-content\/uploads\/2022\/07\/thong-tin-lien-he-may-bom-mini-300x202.jpg 300w, https:\/\/maybommini.com\/wp-content\/uploads\/2022\/07\/thong-tin-lien-he-may-bom-mini-600x405.jpg 600w\" data-lazy-sizes=\"(max-width: 750px) 100vw, 750px\" data-lazy-src=\"https:\/\/maybommini.com\/wp-content\/uploads\/2022\/07\/thong-tin-lien-he-may-bom-mini.jpg\" data-was-processed=\"true\" \/><\/a><\/h3>\n","protected":false},"excerpt":{"rendered":"<p>Th\u01b0\u01a1ng hi\u1ec7u: Duyka<br \/>\nModel: DK221<br \/>\n\u0110i\u1ec7n th\u1ebf: 120V &#8211; 220V AC Auto<br \/>\nC\u00f4ng su\u1ea5t: 300W<br \/>\nT\u1ea7m qu\u00e9t h\u1ed3ng ngo\u1ea1i: 8m &#8211; 12m<br \/>\nTh\u1eddi gian b\u00e1o: 3s &#8211; 180s<br \/>\nG\u00f3c qu\u00e9t : 120 \u0111\u1ed9<br \/>\nC\u00f4ng ngh\u1ec7 qu\u00e9t h\u1ed3ng ngo\u1ea1i.<br \/>\n\u00c2m thanh b\u00e1o : 1 lo\u1ea1i<br \/>\nTi\u1ebfng h\u00fa b\u00e1o \u0111\u1ed9ng si\u00eau l\u1edbn.<br \/>\nC\u1ed5ng l\u1eafp th\u00eam \u0111\u00e8n b\u00e1o v\u00e0 c\u00f2i h\u00fa th\u00eam.<br \/>\nN\u00fat ch\u1ec9nh \u0111\u1ed9 nh\u1ea1y c\u1ea3m bi\u1ebfn h\u1ed3ng ngo\u1ea1i.<br \/>\nN\u00fat ch\u1ec9nh th\u1eddi gian b\u00e1o \u0111\u1ed9ng.<br \/>\nPart l\u1eafp treo t\u01b0\u1eddng.<br \/>\nT\u1eb7ng k\u00e8m: Tua v\u00edt 2 \u0111\u1ea7u v\u00e0 ph\u00edch c\u1eafm \u0111i\u1ec7n<br \/>\nC\u00f3 k\u00e8m h\u01b0\u1edbng d\u1eabn s\u1eed d\u1ee5ng.<br \/>\nCh\u1ea5t li\u1ec7u: Nh\u1ef1a &#8211; h\u1ee3p kim.<br \/>\nK\u00edch th\u01b0\u1edbc:<br \/>\nTr\u1ecdng l\u01b0\u1ee3ng:<br \/>\nB\u1ea3o h\u00e0nh: 3 th\u00e1ng.<br \/>\n<strong>Mua s\u1ed1 l\u01b0\u1ee3ng gi\u00e1 t\u1ed1t<\/strong><\/p>\n","protected":false},"featured_media":271940,"comment_status":"open","ping_status":"closed","template":"","meta":[],"product_brand":[],"product_cat":[317,3859],"product_tag":[3865,3860,3863,3861,3864,3866,3862],"class_list":{"0":"post-271933","1":"product","2":"type-product","3":"status-publish","4":"has-post-thumbnail","6":"product_cat-thiet-bi-dung-cu","7":"product_cat-thiet-bi-tu-dong","8":"product_tag-bao-dong-chong-trom","9":"product_tag-bao-trom","10":"product_tag-bao-trom-duyka","11":"product_tag-bao-trom-hong-ngoai","12":"product_tag-bo-bao-trom","13":"product_tag-dk221","14":"product_tag-duyka","16":"first","17":"instock","18":"sale","19":"shipping-taxable","20":"purchasable","21":"product-type-simple"},"_links":{"self":[{"href":"https:\/\/maybommini.vn\/index.php?rest_route=\/wp\/v2\/product\/271933","targetHints":{"allow":["GET"]}}],"collection":[{"href":"https:\/\/maybommini.vn\/index.php?rest_route=\/wp\/v2\/product"}],"about":[{"href":"https:\/\/maybommini.vn\/index.php?rest_route=\/wp\/v2\/types\/product"}],"replies":[{"embeddable":true,"href":"https:\/\/maybommini.vn\/index.php?rest_route=%2Fwp%2Fv2%2Fcomments&post=271933"}],"wp:featuredmedia":[{"embeddable":true,"href":"https:\/\/maybommini.vn\/index.php?rest_route=\/wp\/v2\/media\/271940"}],"wp:attachment":[{"href":"https:\/\/maybommini.vn\/index.php?rest_route=%2Fwp%2Fv2%2Fmedia&parent=271933"}],"wp:term":[{"taxonomy":"product_brand","embeddable":true,"href":"https:\/\/maybommini.vn\/index.php?rest_route=%2Fwp%2Fv2%2Fproduct_brand&post=271933"},{"taxonomy":"product_cat","embeddable":true,"href":"https:\/\/maybommini.vn\/index.php?rest_route=%2Fwp%2Fv2%2Fproduct_cat&post=271933"},{"taxonomy":"product_tag","embeddable":true,"href":"https:\/\/maybommini.vn\/index.php?rest_route=%2Fwp%2Fv2%2Fproduct_tag&post=271933"}],"curies":[{"name":"wp","href":"https:\/\/api.w.org\/{rel}","templated":true}]}}