{"id":272051,"date":"2022-12-28T21:52:41","date_gmt":"2022-12-28T14:52:41","guid":{"rendered":"https:\/\/maybommini.com\/?post_type=product&#038;p=272051"},"modified":"2022-12-28T22:28:20","modified_gmt":"2022-12-28T15:28:20","slug":"mach-timer-han-cell-pin-chuyen-nghiep-ny-d01-100a","status":"publish","type":"product","link":"https:\/\/maybommini.vn\/?product=mach-timer-han-cell-pin-chuyen-nghiep-ny-d01-100a","title":{"rendered":"M\u1ea1ch timer h\u00e0n cell pin chuy\u00ean nghi\u1ec7p NY-D01 100A"},"content":{"rendered":"<h3>M\u1ea1ch timer h\u00e0n cell pin chuy\u00ean nghi\u1ec7p NY-D01 100A thi\u1ebft k\u1ebf gi\u00e0nh ri\u00eang cho m\u00e1y h\u00e0n cell pin chuy\u00ean nghi\u1ec7p v\u00e0 kh\u00f4ng chuy\u00ean do d\u1ec5 s\u1eed d\u1ee5ng khi l\u1eafp r\u00e1p th\u00e0nh 1 m\u00e1y h\u00e0n cell. \u0110\u00e2y l\u00e0 lo\u1ea1i m\u1ea1ch timer c\u00f3 th\u1ec3 ch\u1ec9nh th\u1eddi gian v\u00e0 c\u00f4ng su\u1ea5t m\u00e1y h\u00e0n ph\u00f9 h\u1ee3p cho \u0111i\u1ec3m h\u00e0n m\u00e0 b\u1ea1n c\u1ea7n.<\/h3>\n<p><strong><a href=\"https:\/\/maybommini.com\/wp-content\/uploads\/2022\/12\/timer-han-cell-pin.jpg\" target=\"_blank\" rel=\"noopener\"><img decoding=\"async\" class=\"size-full wp-image-272058 aligncenter\" src=\"https:\/\/maybommini.com\/wp-content\/uploads\/2022\/12\/timer-han-cell-pin.jpg\" alt=\"Timer Han Cell Pin\" width=\"750\" height=\"750\" srcset=\"https:\/\/maybommini.vn\/wp-content\/uploads\/2022\/12\/timer-han-cell-pin.jpg 750w, https:\/\/maybommini.vn\/wp-content\/uploads\/2022\/12\/timer-han-cell-pin-300x300.jpg 300w, https:\/\/maybommini.vn\/wp-content\/uploads\/2022\/12\/timer-han-cell-pin-150x150.jpg 150w, https:\/\/maybommini.vn\/wp-content\/uploads\/2022\/12\/timer-han-cell-pin-600x600.jpg 600w\" sizes=\"(max-width: 750px) 100vw, 750px\" \/><\/a>TH\u00d4NG S\u1ed0 K\u1ef8 THU\u1eacT<br \/>\n<\/strong>Model: NY-D01-100A<br \/>\nD\u00f9ng ngu\u1ed3n nu\u00f4i 9V-12V AC (Ngu\u1ed3n xoay chi\u1ec1u)<br \/>\nD\u00f2ng t\u1ea3i qua m\u1ea1ch timer t\u1ed1i \u0111a 100A.<br \/>\nChi\u1ebft \u00e1p \u0111i\u1ec1u ch\u1ec9nh \u0111\u1ed9 tr\u1ec5 timer (b\u00ean tr\u00e1i): 0.02s ~ 1s<br \/>\nChi\u1ebft \u00e1p \u0111i\u1ec1u ch\u1ec9nh d\u00f2ng (b\u00ean ph\u1ea3i): 40% ~ 100%<br \/>\nLed b\u00e1o ngu\u1ed3n v\u00e0 b\u00e1o ho\u1ea1t \u0111\u1ed9ng.<br \/>\nLed b\u00e1o cho c\u1ea3 2 ph\u1ea7n \u0111i\u1ec1u khi\u1ec3n v\u00e0 c\u00f4ng su\u1ea5t.<br \/>\nM\u00e0n h\u00ecnh hi\u1ec3n th\u1ecb LED chuy\u00ean nghi\u1ec7p.<br \/>\n\u0110\u1ec1u ch\u1ec9nh c\u00f4ng su\u1ea5t h\u00e0n ph\u00f9 h\u1ee3p.<br \/>\nBo m\u1ea1ch cao c\u1ea5p.<br \/>\nK\u00edch th\u01b0\u1edbc m\u1ea1ch: 77 x 50 mm<br \/>\nTr\u1ecdng l\u01b0\u1ee3ng: 60 gam.<br \/>\n<a href=\"https:\/\/maybommini.com\/wp-content\/uploads\/2022\/12\/chuyen-ban-mach-han-cell-pin.jpg\" target=\"_blank\" rel=\"noopener\"><img decoding=\"async\" class=\"size-full wp-image-272060 aligncenter\" src=\"https:\/\/maybommini.com\/wp-content\/uploads\/2022\/12\/chuyen-ban-mach-han-cell-pin.jpg\" alt=\"Chuyen Ban Mach Han Cell Pin\" width=\"750\" height=\"750\" srcset=\"https:\/\/maybommini.vn\/wp-content\/uploads\/2022\/12\/chuyen-ban-mach-han-cell-pin.jpg 750w, https:\/\/maybommini.vn\/wp-content\/uploads\/2022\/12\/chuyen-ban-mach-han-cell-pin-300x300.jpg 300w, https:\/\/maybommini.vn\/wp-content\/uploads\/2022\/12\/chuyen-ban-mach-han-cell-pin-150x150.jpg 150w, https:\/\/maybommini.vn\/wp-content\/uploads\/2022\/12\/chuyen-ban-mach-han-cell-pin-600x600.jpg 600w\" sizes=\"(max-width: 750px) 100vw, 750px\" \/><\/a><a href=\"https:\/\/maybommini.com\/wp-content\/uploads\/2022\/12\/ban-mach-timer-may-han-cell-pin-NY-D01-100A.jpg\" target=\"_blank\" rel=\"noopener\"><img decoding=\"async\" class=\"size-full wp-image-272059 aligncenter\" src=\"https:\/\/maybommini.com\/wp-content\/uploads\/2022\/12\/ban-mach-timer-may-han-cell-pin-NY-D01-100A.jpg\" alt=\"Ban Mach Timer May Han Cell Pin NY D01 100A\" width=\"750\" height=\"750\" srcset=\"https:\/\/maybommini.vn\/wp-content\/uploads\/2022\/12\/ban-mach-timer-may-han-cell-pin-NY-D01-100A.jpg 750w, https:\/\/maybommini.vn\/wp-content\/uploads\/2022\/12\/ban-mach-timer-may-han-cell-pin-NY-D01-100A-300x300.jpg 300w, https:\/\/maybommini.vn\/wp-content\/uploads\/2022\/12\/ban-mach-timer-may-han-cell-pin-NY-D01-100A-150x150.jpg 150w, https:\/\/maybommini.vn\/wp-content\/uploads\/2022\/12\/ban-mach-timer-may-han-cell-pin-NY-D01-100A-600x600.jpg 600w\" sizes=\"(max-width: 750px) 100vw, 750px\" \/><\/a><a href=\"https:\/\/maybommini.com\/wp-content\/uploads\/2022\/12\/mach-timer-han-cell-pin-dong-pin.jpg\" target=\"_blank\" rel=\"noopener\"><img decoding=\"async\" class=\"size-full wp-image-272055 aligncenter\" src=\"https:\/\/maybommini.com\/wp-content\/uploads\/2022\/12\/mach-timer-han-cell-pin-dong-pin.jpg\" alt=\"Mach Timer Han Cell Pin Dong Pin\" width=\"750\" height=\"750\" srcset=\"https:\/\/maybommini.vn\/wp-content\/uploads\/2022\/12\/mach-timer-han-cell-pin-dong-pin.jpg 750w, https:\/\/maybommini.vn\/wp-content\/uploads\/2022\/12\/mach-timer-han-cell-pin-dong-pin-300x300.jpg 300w, https:\/\/maybommini.vn\/wp-content\/uploads\/2022\/12\/mach-timer-han-cell-pin-dong-pin-150x150.jpg 150w, https:\/\/maybommini.vn\/wp-content\/uploads\/2022\/12\/mach-timer-han-cell-pin-dong-pin-600x600.jpg 600w\" sizes=\"(max-width: 750px) 100vw, 750px\" \/><\/a><\/p>\n<p><strong><br \/>\nT\u00cdNH N\u0102NG M\u1ea0CH TIMER H\u00c0N CELL PIN<br \/>\n<\/strong>\u0110\u00e2y l\u00e0 phi\u00ean b\u1ea3n m\u1edbi nh\u1ea5t so v\u1edbi phi\u00ean b\u1ea3n c\u0169.<br \/>\n1. \u0110\u1ed9 ch\u00ednh x\u00e1c \u0111i\u1ec1u khi\u1ec3n ki\u1ec3m so\u00e1t b\u1edfi Microchip cao c\u1ea5p.<br \/>\n2. Ch\u1ebf \u0111\u1ed9 h\u00e0n m\u1ea1nh m\u1ebd v\u00e0 \u0111\u1ed9 tin c\u1eady cao h\u01a1n.<br \/>\n3. \u00c1p d\u1ee5ng cho t\u1ea5t c\u1ea3 c\u00e1c lo\u1ea1i t\u1ea5m niken 0.03 &#8211; 0.2mm.<\/p>\n<p><strong><a href=\"https:\/\/maybommini.com\/wp-content\/uploads\/2022\/12\/so-do-lap-mach-timer-han-cell-pin.jpg\" target=\"_blank\" rel=\"noopener\"><img decoding=\"async\" class=\"size-full wp-image-272057 aligncenter\" src=\"https:\/\/maybommini.com\/wp-content\/uploads\/2022\/12\/so-do-lap-mach-timer-han-cell-pin.jpg\" alt=\"So Do Lap Mach Timer Han Cell Pin\" width=\"750\" height=\"750\" srcset=\"https:\/\/maybommini.vn\/wp-content\/uploads\/2022\/12\/so-do-lap-mach-timer-han-cell-pin.jpg 750w, https:\/\/maybommini.vn\/wp-content\/uploads\/2022\/12\/so-do-lap-mach-timer-han-cell-pin-300x300.jpg 300w, https:\/\/maybommini.vn\/wp-content\/uploads\/2022\/12\/so-do-lap-mach-timer-han-cell-pin-150x150.jpg 150w, https:\/\/maybommini.vn\/wp-content\/uploads\/2022\/12\/so-do-lap-mach-timer-han-cell-pin-600x600.jpg 600w\" sizes=\"(max-width: 750px) 100vw, 750px\" \/><\/a><br \/>\nH\u01af\u1edaNG D\u1eaaN S\u1eec D\u1ee4NG M\u1ea0CH TIMER H\u00c0N CELL PIN<br \/>\n<\/strong>&#8211; S\u1eed d\u1ee5ng ngu\u1ed3n \u0111i\u1ec7n nu\u00f4i m\u1ea1ch 9V 12V AC<br \/>\n&#8211; L\u1eafp bi\u1ebfn \u00e1p c\u00f4ng su\u1ea5t l\u1edbn v\u00e0o m\u1ea1ch.<strong><br \/>\n<\/strong>&#8211; L\u1eafp b\u1ed9 k\u00edch b\u00e0n ho\u1eb7c tay h\u00e0ng c\u00f3 c\u00f4ng t\u1eafc v\u00e0o m\u1ea1ch.<br \/>\n&#8211; Ch\u00ecnh timer v\u00e0 c\u00f4ng su\u1ea5t ph\u00f9 h\u1ee3p.<br \/>\n&#8211; \u0110\u00e2y l\u00e0 m\u1ea1ch timer th\u00edch h\u1ee3p cho vi\u1ec7c D.I.Y m\u00e1y h\u00e0n cell<br \/>\n&#8211; Ch\u1ec9 d\u00e0nh cho th\u1ee3 c\u00f3 tay ngh\u1ec1 c\u0169ng nh\u01b0 am hi\u1ec3u v\u1ec1 nguy\u00ean t\u1eafc ho\u1ea1t \u0111\u1ed9ng c\u1ee7a m\u1ea1ch.<br \/>\n<a href=\"https:\/\/maybommini.com\/wp-content\/uploads\/2022\/12\/mach-han-cell-gia-re.jpg\" target=\"_blank\" rel=\"noopener\"><img decoding=\"async\" class=\"size-full wp-image-272052 aligncenter\" src=\"https:\/\/maybommini.com\/wp-content\/uploads\/2022\/12\/mach-han-cell-gia-re.jpg\" alt=\"Mach Han Cell Gia Re\" width=\"750\" height=\"750\" srcset=\"https:\/\/maybommini.vn\/wp-content\/uploads\/2022\/12\/mach-han-cell-gia-re.jpg 750w, https:\/\/maybommini.vn\/wp-content\/uploads\/2022\/12\/mach-han-cell-gia-re-300x300.jpg 300w, https:\/\/maybommini.vn\/wp-content\/uploads\/2022\/12\/mach-han-cell-gia-re-150x150.jpg 150w, https:\/\/maybommini.vn\/wp-content\/uploads\/2022\/12\/mach-han-cell-gia-re-600x600.jpg 600w\" sizes=\"(max-width: 750px) 100vw, 750px\" \/><\/a><a href=\"https:\/\/maybommini.com\/wp-content\/uploads\/2022\/12\/Mach-timer-may-han-cell-pin-NY-D01-100A.jpg\" target=\"_blank\" rel=\"noopener\"><img decoding=\"async\" class=\"size-full wp-image-272056 aligncenter\" src=\"https:\/\/maybommini.com\/wp-content\/uploads\/2022\/12\/Mach-timer-may-han-cell-pin-NY-D01-100A.jpg\" alt=\"Mach Timer May Han Cell Pin NY D01 100A\" width=\"750\" height=\"750\" srcset=\"https:\/\/maybommini.vn\/wp-content\/uploads\/2022\/12\/Mach-timer-may-han-cell-pin-NY-D01-100A.jpg 750w, https:\/\/maybommini.vn\/wp-content\/uploads\/2022\/12\/Mach-timer-may-han-cell-pin-NY-D01-100A-300x300.jpg 300w, https:\/\/maybommini.vn\/wp-content\/uploads\/2022\/12\/Mach-timer-may-han-cell-pin-NY-D01-100A-150x150.jpg 150w, https:\/\/maybommini.vn\/wp-content\/uploads\/2022\/12\/Mach-timer-may-han-cell-pin-NY-D01-100A-600x600.jpg 600w\" sizes=\"(max-width: 750px) 100vw, 750px\" \/><\/a><a href=\"https:\/\/maybommini.com\/wp-content\/uploads\/2022\/12\/mach-han-cel-NY-D01-100A.jpg\" target=\"_blank\" rel=\"noopener\"><img decoding=\"async\" class=\"size-full wp-image-272054 aligncenter\" src=\"https:\/\/maybommini.com\/wp-content\/uploads\/2022\/12\/mach-han-cel-NY-D01-100A.jpg\" alt=\"Mach Han Cel NY D01 100A\" width=\"750\" height=\"750\" srcset=\"https:\/\/maybommini.vn\/wp-content\/uploads\/2022\/12\/mach-han-cel-NY-D01-100A.jpg 750w, https:\/\/maybommini.vn\/wp-content\/uploads\/2022\/12\/mach-han-cel-NY-D01-100A-300x300.jpg 300w, https:\/\/maybommini.vn\/wp-content\/uploads\/2022\/12\/mach-han-cel-NY-D01-100A-150x150.jpg 150w, https:\/\/maybommini.vn\/wp-content\/uploads\/2022\/12\/mach-han-cel-NY-D01-100A-600x600.jpg 600w\" sizes=\"(max-width: 750px) 100vw, 750px\" \/><\/a><a href=\"https:\/\/maybommini.com\/wp-content\/uploads\/2022\/12\/mach-han-cell-pin.jpg\" target=\"_blank\" rel=\"noopener\"><img decoding=\"async\" class=\"size-full wp-image-272053 aligncenter\" src=\"https:\/\/maybommini.com\/wp-content\/uploads\/2022\/12\/mach-han-cell-pin.jpg\" alt=\"Mach Han Cell Pin\" width=\"750\" height=\"750\" srcset=\"https:\/\/maybommini.vn\/wp-content\/uploads\/2022\/12\/mach-han-cell-pin.jpg 750w, https:\/\/maybommini.vn\/wp-content\/uploads\/2022\/12\/mach-han-cell-pin-300x300.jpg 300w, https:\/\/maybommini.vn\/wp-content\/uploads\/2022\/12\/mach-han-cell-pin-150x150.jpg 150w, https:\/\/maybommini.vn\/wp-content\/uploads\/2022\/12\/mach-han-cell-pin-600x600.jpg 600w\" sizes=\"(max-width: 750px) 100vw, 750px\" \/><\/a><\/p>\n<p><strong><a href=\"https:\/\/maybommini.com\/wp-content\/uploads\/2018\/04\/han-pin-chuyen-nghiep-chat-luong.jpg\" target=\"_blank\" rel=\"noopener\"><img decoding=\"async\" class=\"size-full wp-image-267178 aligncenter\" src=\"https:\/\/maybommini.com\/wp-content\/uploads\/2018\/04\/han-pin-chuyen-nghiep-chat-luong.jpg\" alt=\"Han Pin Chuyen Nghiep Chat Luong\" width=\"750\" height=\"750\" srcset=\"https:\/\/maybommini.vn\/wp-content\/uploads\/2018\/04\/han-pin-chuyen-nghiep-chat-luong.jpg 750w, https:\/\/maybommini.vn\/wp-content\/uploads\/2018\/04\/han-pin-chuyen-nghiep-chat-luong-300x300.jpg 300w, https:\/\/maybommini.vn\/wp-content\/uploads\/2018\/04\/han-pin-chuyen-nghiep-chat-luong-150x150.jpg 150w, https:\/\/maybommini.vn\/wp-content\/uploads\/2018\/04\/han-pin-chuyen-nghiep-chat-luong-600x600.jpg 600w\" sizes=\"(max-width: 750px) 100vw, 750px\" \/><\/a><\/strong><\/p>\n<p><em><strong><a href=\"https:\/\/maybommini.com\/wp-content\/uploads\/2018\/04\/han-cell-pin-chuyen-nghiep.jpg\" target=\"_blank\" rel=\"noopener\"><img decoding=\"async\" class=\"size-full wp-image-267167 aligncenter\" src=\"https:\/\/maybommini.com\/wp-content\/uploads\/2018\/04\/han-cell-pin-chuyen-nghiep.jpg\" alt=\"Han Cell Pin Chuyen Nghiep\" width=\"750\" height=\"750\" srcset=\"https:\/\/maybommini.vn\/wp-content\/uploads\/2018\/04\/han-cell-pin-chuyen-nghiep.jpg 750w, https:\/\/maybommini.vn\/wp-content\/uploads\/2018\/04\/han-cell-pin-chuyen-nghiep-300x300.jpg 300w, https:\/\/maybommini.vn\/wp-content\/uploads\/2018\/04\/han-cell-pin-chuyen-nghiep-150x150.jpg 150w, https:\/\/maybommini.vn\/wp-content\/uploads\/2018\/04\/han-cell-pin-chuyen-nghiep-600x600.jpg 600w\" sizes=\"(max-width: 750px) 100vw, 750px\" \/><\/a><a href=\"https:\/\/maybommini.com\/wp-content\/uploads\/2018\/04\/han-pin-chat-luong-gia-re.jpg\" target=\"_blank\" rel=\"noopener\"><img decoding=\"async\" class=\"size-full wp-image-267169 aligncenter\" src=\"https:\/\/maybommini.com\/wp-content\/uploads\/2018\/04\/han-pin-chat-luong-gia-re.jpg\" alt=\"Han Pin Chat Luong Gia Re\" width=\"750\" height=\"750\" srcset=\"https:\/\/maybommini.vn\/wp-content\/uploads\/2018\/04\/han-pin-chat-luong-gia-re.jpg 750w, https:\/\/maybommini.vn\/wp-content\/uploads\/2018\/04\/han-pin-chat-luong-gia-re-300x300.jpg 300w, https:\/\/maybommini.vn\/wp-content\/uploads\/2018\/04\/han-pin-chat-luong-gia-re-150x150.jpg 150w, https:\/\/maybommini.vn\/wp-content\/uploads\/2018\/04\/han-pin-chat-luong-gia-re-600x600.jpg 600w\" sizes=\"(max-width: 750px) 100vw, 750px\" \/><\/a><\/strong><\/em><\/p>\n<p>&nbsp;<\/p>\n<h3 style=\"text-align: center;\"><a href=\"https:\/\/maybommini.com\/san-pham\/may-han-cell-pin-chuyen-nghiep-220v-3kw-jst-3\" target=\"_blank\" rel=\"noopener noreferrer\">M\u00e1y h\u00e0n cell pin chuy\u00ean nghi\u1ec7p 220V 3KW JST-3<\/a><br \/>\nM\u00e1y h\u00e0n cell pin chuy\u00ean nghi\u1ec7p 220V 3KW JST-2S<br \/>\n<a href=\"https:\/\/maybommini.com\/san-pham\/may-han-cell-pin-jst-4-220v-10kva\" target=\"_blank\" rel=\"noopener noreferrer\">M\u00e1y h\u00e0n cell pin chuy\u00ean nghi\u1ec7p 220V 5KW JST-4<\/a><br \/>\nPulse Spot Welding Machine<br \/>\nM\u1ea1ch timer h\u00e0n cell pin chuy\u00ean nghi\u1ec7p NY-D01 100A<\/h3>\n<p><strong>MUA M\u00c1Y H\u00c0N CEL &#8211; M\u1ea0CH TIMER &#8211; BI\u1ebeN TH\u1ebe BI\u1ebeP \u00c1P \u0110\u1ed4I \u0110I\u1ec6N ADAPTER APATOR NGU\u1ed2N T\u1ed4 ONG \u1ede \u0110\u00c2U ?<\/strong><br \/>\nCh\u00fang t\u00f4i chuy\u00ean cung c\u1ea5p thi\u1ebft b\u1ecb \u0111i\u1ec7n, ngu\u1ed3n \u0111i\u1ec7n, bi\u1ebfn th\u1ebf, bi\u1ebfn \u00e1p, t\u0103ng ph\u00f4 \u0111i\u1ec7n, adapter, adapter, ngu\u1ed3n t\u1ed5 ong, s\u1ea1c pin s\u1ea1c b\u00ecnh v\u1edbi gi\u00e1 t\u1ed1t ch\u00ednh h\u00e3ng c\u00f3 b\u1ea3o h\u00e0nh tr\u00ean to\u00e0n qu\u1ed1c.<br \/>\n<strong>CTY TNHH TH\u01af\u01a0NG M\u1ea0I D\u1ecaCH V\u1ee4 \u0110I\u1ec6N M\u00c1Y TH\u00d4NG MINH<\/strong><br \/>\n<strong>Hotline:<\/strong>\u00a0<a href=\"tel:02873030399\">02873030399<\/a>\u00a0\u2013\u00a0<a href=\"tel:0907294310\">0907294310<\/a>\u00a0\u2013\u00a0<a href=\"tel:0908997823\">0908997823<\/a>\u00a0\u2013\u00a0<a href=\"tel:0908997872\">0908997872<\/a><br \/>\n<strong>Email:<\/strong>\u00a0maybommini.com@gmail.com<br \/>\n<strong>Website:<\/strong>\u00a0<a href=\"https:\/\/maybommini.com\/\" target=\"_blank\" rel=\"noopener\">https:\/\/maybommini.com<\/a><br \/>\n<strong>Youtube demo:<\/strong>\u00a0<a title=\"Youtube M\u00e1y B\u01a1m Mini\" href=\"https:\/\/www.youtube.com\/bahamasali\" target=\"_blank\" rel=\"noopener\">M\u00e1y B\u01a1m Mini<\/a><\/p>\n<p><a class=\"swipebox\" title=\"\" href=\"https:\/\/maybommini.com\/wp-content\/uploads\/2022\/07\/thong-tin-lien-he-may-bom-mini.jpg\" data-rel=\"lightbox-image-bGlnaHRib3gtaW1hZ2UtMTU=\" data-rl_title=\"\" data-rl_caption=\"\" data-rl_ target=\"_blank\" rel=\"noopener\"><img decoding=\"async\" class=\"size-full wp-image-270584 aligncenter lazyloaded\" src=\"https:\/\/maybommini.com\/wp-content\/uploads\/2022\/07\/thong-tin-lien-he-may-bom-mini.jpg\" sizes=\"(max-width: 750px) 100vw, 750px\" srcset=\"https:\/\/maybommini.com\/wp-content\/uploads\/2022\/07\/thong-tin-lien-he-may-bom-mini.jpg 750w, https:\/\/maybommini.com\/wp-content\/uploads\/2022\/07\/thong-tin-lien-he-may-bom-mini-300x202.jpg 300w, https:\/\/maybommini.com\/wp-content\/uploads\/2022\/07\/thong-tin-lien-he-may-bom-mini-600x405.jpg 600w\" alt=\"Thong Tin Lien He May Bom Mini\" width=\"750\" height=\"506\" data-lazy-srcset=\"https:\/\/maybommini.com\/wp-content\/uploads\/2022\/07\/thong-tin-lien-he-may-bom-mini.jpg 750w, https:\/\/maybommini.com\/wp-content\/uploads\/2022\/07\/thong-tin-lien-he-may-bom-mini-300x202.jpg 300w, https:\/\/maybommini.com\/wp-content\/uploads\/2022\/07\/thong-tin-lien-he-may-bom-mini-600x405.jpg 600w\" data-lazy-sizes=\"(max-width: 750px) 100vw, 750px\" data-lazy-src=\"https:\/\/maybommini.com\/wp-content\/uploads\/2022\/07\/thong-tin-lien-he-may-bom-mini.jpg\" data-was-processed=\"true\" \/><\/a><\/p>\n","protected":false},"excerpt":{"rendered":"<p>Model: NY-D01-100A<br \/>\nD\u00f9ng ngu\u1ed3n nu\u00f4i 9V-12V AC<br \/>\nD\u00f2ng t\u1ea3i qua m\u1ea1ch timer t\u1ed1i \u0111a 100A.<br \/>\nChi\u1ebft \u00e1p \u0111i\u1ec1u ch\u1ec9nh \u0111\u1ed9 tr\u1ec5 timer (b\u00ean tr\u00e1i): 0.02s ~ 1s<br \/>\nChi\u1ebft \u00e1p \u0111i\u1ec1u ch\u1ec9nh d\u00f2ng (b\u00ean ph\u1ea3i): 40% ~ 100%<br \/>\nLed b\u00e1o ngu\u1ed3n v\u00e0 b\u00e1o ho\u1ea1t \u0111\u1ed9ng.<br \/>\nLed b\u00e1o cho c\u1ea3 2 ph\u1ea7n \u0111i\u1ec1u khi\u1ec3n v\u00e0 c\u00f4ng su\u1ea5t.<br \/>\nM\u00e0n h\u00ecnh hi\u1ec3n th\u1ecb LED chuy\u00ean nghi\u1ec7p.<br \/>\n\u0110\u1ec1u ch\u1ec9nh c\u00f4ng su\u1ea5t h\u00e0n ph\u00f9 h\u1ee3p.<br \/>\nBo m\u1ea1ch cao c\u1ea5p.<br \/>\nK\u00edch th\u01b0\u1edbc m\u1ea1ch: 77 x 50 mm<br \/>\nTr\u1ecdng l\u01b0\u1ee3ng: 60 gam.<br \/>\nS\u1ea3n ph\u1ea9m \u0111\u01b0\u1ee3c test ho\u1ea1t \u0111\u1ed9ng t\u1ed1t khi giao h\u00e0ng.<br \/>\nS\u1ea3n ph\u1ea9m kh\u00f4ng b\u00e0o h\u00e0nh.<\/p>\n","protected":false},"featured_media":272058,"comment_status":"open","ping_status":"closed","template":"","meta":[],"product_brand":[],"product_cat":[317,1282],"product_tag":[1283,1284,1285,1286,1287,3381,1288,3887,3889,1289,1290,1291,3888,1292,1293,3382,3890,3383],"class_list":{"0":"post-272051","1":"product","2":"type-product","3":"status-publish","4":"has-post-thumbnail","6":"product_cat-thiet-bi-dung-cu","7":"product_cat-han-ghep-pin","8":"product_tag-ghep-cell-pin","9":"product_tag-ghep-pin","10":"product_tag-han-cell-pin","11":"product_tag-han-pin","12":"product_tag-han-pin-may-khoan","13":"product_tag-jst-2s","14":"product_tag-jst-3","15":"product_tag-mach-han-cell","16":"product_tag-mach-timer","17":"product_tag-may-ghep-pin","18":"product_tag-may-ghep-pin-sac","19":"product_tag-may-han","20":"product_tag-may-han-cel","21":"product_tag-may-han-cell-pin","22":"product_tag-may-han-pin","23":"product_tag-pulse-spot-welding-machine","24":"product_tag-timer-han-cell","25":"product_tag-welding-machine","27":"first","28":"instock","29":"sale","30":"shipping-taxable","31":"purchasable","32":"product-type-simple"},"_links":{"self":[{"href":"https:\/\/maybommini.vn\/index.php?rest_route=\/wp\/v2\/product\/272051","targetHints":{"allow":["GET"]}}],"collection":[{"href":"https:\/\/maybommini.vn\/index.php?rest_route=\/wp\/v2\/product"}],"about":[{"href":"https:\/\/maybommini.vn\/index.php?rest_route=\/wp\/v2\/types\/product"}],"replies":[{"embeddable":true,"href":"https:\/\/maybommini.vn\/index.php?rest_route=%2Fwp%2Fv2%2Fcomments&post=272051"}],"wp:featuredmedia":[{"embeddable":true,"href":"https:\/\/maybommini.vn\/index.php?rest_route=\/wp\/v2\/media\/272058"}],"wp:attachment":[{"href":"https:\/\/maybommini.vn\/index.php?rest_route=%2Fwp%2Fv2%2Fmedia&parent=272051"}],"wp:term":[{"taxonomy":"product_brand","embeddable":true,"href":"https:\/\/maybommini.vn\/index.php?rest_route=%2Fwp%2Fv2%2Fproduct_brand&post=272051"},{"taxonomy":"product_cat","embeddable":true,"href":"https:\/\/maybommini.vn\/index.php?rest_route=%2Fwp%2Fv2%2Fproduct_cat&post=272051"},{"taxonomy":"product_tag","embeddable":true,"href":"https:\/\/maybommini.vn\/index.php?rest_route=%2Fwp%2Fv2%2Fproduct_tag&post=272051"}],"curies":[{"name":"wp","href":"https:\/\/api.w.org\/{rel}","templated":true}]}}