{"id":272077,"date":"2022-12-29T22:40:43","date_gmt":"2022-12-29T15:40:43","guid":{"rendered":"https:\/\/maybommini.com\/?post_type=product&#038;p=272077"},"modified":"2022-12-29T23:01:00","modified_gmt":"2022-12-29T16:01:00","slug":"pin-sat-lifepo4-32700-3-2v-6000mah","status":"publish","type":"product","link":"https:\/\/maybommini.vn\/?product=pin-sat-lifepo4-32700-3-2v-6000mah","title":{"rendered":"Pin s\u1eaft LiFePo4 32700 3.2V 6000mAh"},"content":{"rendered":"<p><em><strong>Chuy\u00ean cung c\u1ea5p ph\u00e2n ph\u1ed1i pin s\u1eaft LiFePo4 32700 3.2V 6000mAh c\u00f2n g\u1ecdi l\u00e0 pin lithium s\u1eaft ph\u1ed1t ph\u00e1t, \u0111ang \u0111\u01b0\u1ee3c s\u1eed d\u1ee5ng r\u1ed9ng r\u00e3i v\u1edbi nhi\u1ec1u hi\u1ec7u qu\u1ea3 v\u01b0\u1ee3t tr\u1ed9i so v\u1edbi c\u00e1c lo\u1ea1i pin v\u00e0 ngu\u1ed3n l\u01b0u tr\u1eef kh\u00e1c. C\u00f3 dung l\u01b0\u1ee3ng l\u1edbn, tu\u1ed5i th\u1ecd cao, s\u1ea1c x\u1ea3 v\u1edbi s\u1ed1 l\u1ea7n cao r\u1ea5t nhi\u1ec1u l\u1ea7n so v\u1edbi \u1eafc quy v\u00e0 d\u00f2ng x\u1ea3 l\u1edbn. Do v\u1eady pin s\u1eaft LiFePo4 \u0111ang \u0111\u01b0\u1ee3c s\u1eed d\u1ee5ng r\u1ea5t nhi\u1ec1u trong h\u1ec7 th\u1ed1ng \u0111i\u1ec7n n\u0103ng l\u01b0\u1ee3ng m\u1eb7t tr\u1eddi, h\u1ec7 th\u1ed1ng l\u01b0u \u0111i\u1ec7n UPS, k\u00edch \u0111i\u1ec7n, pin xe \u0111i\u1ec7n, h\u1ec7 th\u1ed1ng chi\u1ebfu s\u00e1ng v\u00e0 nhi\u1ec1u l\u0129nh v\u1ef1c kh\u00e1c.<\/strong><\/em><\/p>\n<p><strong><a href=\"https:\/\/maybommini.com\/wp-content\/uploads\/2022\/12\/lifepo4-battery-3-2v-6ah.jpg\" target=\"_blank\" rel=\"noopener\"><img decoding=\"async\" class=\"size-full wp-image-272078 aligncenter\" src=\"https:\/\/maybommini.com\/wp-content\/uploads\/2022\/12\/lifepo4-battery-3-2v-6ah.jpg\" alt=\"Lifepo4 Battery 3 2v 6ah\" width=\"750\" height=\"750\" srcset=\"https:\/\/maybommini.vn\/wp-content\/uploads\/2022\/12\/lifepo4-battery-3-2v-6ah.jpg 750w, https:\/\/maybommini.vn\/wp-content\/uploads\/2022\/12\/lifepo4-battery-3-2v-6ah-300x300.jpg 300w, https:\/\/maybommini.vn\/wp-content\/uploads\/2022\/12\/lifepo4-battery-3-2v-6ah-150x150.jpg 150w, https:\/\/maybommini.vn\/wp-content\/uploads\/2022\/12\/lifepo4-battery-3-2v-6ah-600x600.jpg 600w\" sizes=\"(max-width: 750px) 100vw, 750px\" \/><\/a>TH\u00d4NG S\u1ed0 K\u1ef8 THU\u1eacT<br \/>\n<\/strong>Th\u01b0\u01a1ng hi\u1ec7u: MTM<br \/>\nModel: LFP-32-6AH<br \/>\n\u0110i\u1ec7n \u00e1p danh \u0111\u1ecbnh: 3.2V<br \/>\n\u0110i\u1ec7n \u00e1p giao h\u00e0ng: 3.0 ~ 3.20V<br \/>\n\u0110i\u1ec7n \u00e1p gi\u1edbi h\u1ea1n: 2.0V &#8211; 3.65V<br \/>\nDung l\u01b0\u1ee3ng: 6Ah \u2013 6.000mAh<br \/>\nLo\u1ea1i pin: Lithium iron phosphate<br \/>\nD\u00f2ng x\u1ea3 t\u1ed1i \u0111a: 5C<br \/>\nD\u00f2ng x\u1ea3 li\u00ean t\u1ee5c: 3C<br \/>\nD\u00f2ng s\u1ea1c: 3,65V \u00b1 0,03V 1A &#8211; 3A<br \/>\nD\u00f2ng \u0111i\u1ec7n kh\u00f4ng \u0111\u01b0\u1ee3c th\u1ea5p h\u01a1n: 2.0V<br \/>\nTr\u1edf kh\u00e1ng n\u1ed9i b\u1ed9: 0,3 ~ 0,8m\u03a9<br \/>\nCh\u1ea5t li\u1ec7u v\u1ecf\uff1aNh\u1ef1a &#8211; H\u1ee3p kim<br \/>\nV\u00f2ng \u0111\u1eddi: 4000 chu k\u1ef3 s\u1ea1c x\u1ea3<br \/>\nNhi\u1ec7t \u0111\u1ed9 l\u00e0m vi\u1ec7c trong \u0111i\u1ec1u ki\u1ec7n s\u1ea1c: 0 \u2103 \uff5e 45 \u2103<br \/>\nNhi\u1ec7t \u0111\u1ed9 ho\u1ea1t \u0111\u1ed9ng trong \u0111i\u1ec1u ki\u1ec7n x\u1ea3: 20 \u2103 \uff5e 60 \u2103<br \/>\nK\u00edch th\u01b0\u1edbc: 32 x 70mm<br \/>\nTr\u1ecdng l\u01b0\u1ee3ng: 145 gam<\/p>\n<p><strong><a href=\"https:\/\/maybommini.com\/wp-content\/uploads\/2022\/12\/pin-sat-32650-6000mah.jpg\" target=\"_blank\" rel=\"noopener\"><img decoding=\"async\" class=\"size-full wp-image-272082 aligncenter\" src=\"https:\/\/maybommini.com\/wp-content\/uploads\/2022\/12\/pin-sat-32650-6000mah.jpg\" alt=\"Pin Sat 32650 6000mah\" width=\"750\" height=\"750\" srcset=\"https:\/\/maybommini.vn\/wp-content\/uploads\/2022\/12\/pin-sat-32650-6000mah.jpg 750w, https:\/\/maybommini.vn\/wp-content\/uploads\/2022\/12\/pin-sat-32650-6000mah-300x300.jpg 300w, https:\/\/maybommini.vn\/wp-content\/uploads\/2022\/12\/pin-sat-32650-6000mah-150x150.jpg 150w, https:\/\/maybommini.vn\/wp-content\/uploads\/2022\/12\/pin-sat-32650-6000mah-600x600.jpg 600w\" sizes=\"(max-width: 750px) 100vw, 750px\" \/><\/a><a href=\"https:\/\/maybommini.com\/wp-content\/uploads\/2022\/12\/Pin-32650-Lifepo4-6Ah.jpg\" target=\"_blank\" rel=\"noopener\"><img decoding=\"async\" class=\"size-full wp-image-272080 aligncenter\" src=\"https:\/\/maybommini.com\/wp-content\/uploads\/2022\/12\/Pin-32650-Lifepo4-6Ah.jpg\" alt=\"Pin 32650 Lifepo4 6Ah\" width=\"750\" height=\"750\" srcset=\"https:\/\/maybommini.vn\/wp-content\/uploads\/2022\/12\/Pin-32650-Lifepo4-6Ah.jpg 750w, https:\/\/maybommini.vn\/wp-content\/uploads\/2022\/12\/Pin-32650-Lifepo4-6Ah-300x300.jpg 300w, https:\/\/maybommini.vn\/wp-content\/uploads\/2022\/12\/Pin-32650-Lifepo4-6Ah-150x150.jpg 150w, https:\/\/maybommini.vn\/wp-content\/uploads\/2022\/12\/Pin-32650-Lifepo4-6Ah-600x600.jpg 600w\" sizes=\"(max-width: 750px) 100vw, 750px\" \/><\/a><a href=\"https:\/\/maybommini.com\/wp-content\/uploads\/2022\/12\/pin-sat-cao-cap-chinh-hang.jpg\" target=\"_blank\" rel=\"noopener\"><img decoding=\"async\" class=\"size-full wp-image-272084 aligncenter\" src=\"https:\/\/maybommini.com\/wp-content\/uploads\/2022\/12\/pin-sat-cao-cap-chinh-hang.jpg\" alt=\"Pin Sat Cao Cap Chinh Hang\" width=\"750\" height=\"750\" srcset=\"https:\/\/maybommini.vn\/wp-content\/uploads\/2022\/12\/pin-sat-cao-cap-chinh-hang.jpg 750w, https:\/\/maybommini.vn\/wp-content\/uploads\/2022\/12\/pin-sat-cao-cap-chinh-hang-300x300.jpg 300w, https:\/\/maybommini.vn\/wp-content\/uploads\/2022\/12\/pin-sat-cao-cap-chinh-hang-150x150.jpg 150w, https:\/\/maybommini.vn\/wp-content\/uploads\/2022\/12\/pin-sat-cao-cap-chinh-hang-600x600.jpg 600w\" sizes=\"(max-width: 750px) 100vw, 750px\" \/><\/a>L\u01afU \u00dd KHI S\u1eec D\u1ee4NG PIN S\u1eaeT &#8211; PIN LIFEPO4<\/strong><br \/>\n&#8211; Kh\u00f4ng s\u1ea1c qu\u00e1 m\u1ee9c d\u00f2ng \u0111i\u1ec7n cho ph\u00e9p c\u1ee7a nh\u00e0 s\u1ea3n xu\u1ea5t.<br \/>\n&#8211; Kh\u00f4ng \u0111\u01b0\u1ee3c \u0111\u1ec3 pin c\u00f3 d\u00f2ng \u0111i\u1ec7n qu\u00e1 th\u1ea5p d\u01b0\u1edbi 2.5V c\u00f3 th\u1ec3 l\u00e0m h\u01b0 pin.<br \/>\n&#8211; S\u1eed d\u1ee5ng th\u00eam m\u1ea1ch b\u1ea3o v\u1ec7 pin v\u00e0 m\u1ea1ch c\u00e2n b\u1eb1ng khi s\u1eed d\u1ee5ng.<br \/>\n&#8211; N\u1ebfu kh\u00f4ng s\u1eed d\u1ee5ng qu\u00e1 1 th\u00e1ng ph\u1ea3i s\u1ea1c v\u00e0 x\u1ea3 pin 1 l\u1ea7n.<br \/>\n&#8211; \u0110\u1ec3 n\u01a1i kh\u00f4 r\u00e1o tho\u00e1t m\u00e1t, c\u00e1ch \u0111i\u1ec7n t\u1ed1t.<br \/>\n&#8211; S\u1eed d\u1ee5ng thi\u1ebft b\u1ecb s\u1ea1c v\u00e0 x\u1ea3 ti\u00eau chu\u1ea9n \u0111\u1ec3 tu\u1ed5i th\u1ecd pin t\u1ed1t h\u01a1n.<br \/>\n&#8211; Kh\u00f4ng t\u1ef1 \u00fd th\u00e1o pin, bung m\u00e0ng b\u1ea3o v\u1ec7 pin, m\u00e0ng nh\u00f4m.<br \/>\n&#8211; Pin b\u1ecb m\u00f3p m\u00e9o, h\u01b0 h\u1ecfng kh\u00f4ng \u0111\u01b0\u1ee3c b\u1ea3o h\u00e0nh \u0111\u1ed5i tr\u1ea3.<br \/>\n&#8211; Kh\u00f4ng \u0111\u01b0\u1ee3c b\u00e0o h\u00e0nh n\u1ebfu l\u00e0m sai nh\u1eefng y\u00eau c\u1ea7u tr\u00ean.<br \/>\n&#8211; Vui l\u00f2ng li\u00ean h\u1ec7 th\u00eam \u0111\u1ec3 t\u01b0 v\u1ea5n s\u1eed d\u1ee5ng m\u1ed9t c\u00e1ch t\u1ed1t nh\u1ea5t.<\/p>\n<p><strong><a href=\"https:\/\/maybommini.com\/wp-content\/uploads\/2022\/12\/pin-sat-32650-Lifepo4-6ah.jpg\" target=\"_blank\" rel=\"noopener\"><img decoding=\"async\" class=\"size-full wp-image-272083 aligncenter\" src=\"https:\/\/maybommini.com\/wp-content\/uploads\/2022\/12\/pin-sat-32650-Lifepo4-6ah.jpg\" alt=\"Pin Sat 32650 Lifepo4 6ah\" width=\"750\" height=\"750\" srcset=\"https:\/\/maybommini.vn\/wp-content\/uploads\/2022\/12\/pin-sat-32650-Lifepo4-6ah.jpg 750w, https:\/\/maybommini.vn\/wp-content\/uploads\/2022\/12\/pin-sat-32650-Lifepo4-6ah-300x300.jpg 300w, https:\/\/maybommini.vn\/wp-content\/uploads\/2022\/12\/pin-sat-32650-Lifepo4-6ah-150x150.jpg 150w, https:\/\/maybommini.vn\/wp-content\/uploads\/2022\/12\/pin-sat-32650-Lifepo4-6ah-600x600.jpg 600w\" sizes=\"(max-width: 750px) 100vw, 750px\" \/><\/a><\/strong><\/p>\n<p><strong>GHI CH\u00da TH\u00caM PIN LIFEPO4<\/strong><br \/>\n1.Nh\u1eefng ng\u01b0\u1eddi mua lo\u1ea1i pin n\u00e0y, ph\u1ea3i \u0111\u1ed3ng \u00fd r\u1eb1ng b\u1ea1n \u0111\u00e3 n\u1eafm r\u00f5 ki\u1ebfn \u200b\u200bth\u1ee9c s\u1eed d\u1ee5ng pin an to\u00e0n.<br \/>\n2. Nghi\u00eam c\u1ea5m nh\u00fang pin v\u00e0o n\u01b0\u1edbc. Khi n\u00f3 kh\u00f4ng \u0111\u01b0\u1ee3c s\u1eed d\u1ee5ng, n\u00f3 n\u00ean \u0111\u01b0\u1ee3c \u0111\u1eb7t trong m\u1ed9t m\u00f4i tr\u01b0\u1eddng m\u00e1t m\u1ebb v\u00e0 kh\u00f4 r\u00e1o.<br \/>\n3. C\u1ea5m s\u1eed d\u1ee5ng v\u00e0 \u0111\u1ec3 pin g\u1ea7n c\u00e1c ngu\u1ed3n n\u00f3ng v\u00e0 nhi\u1ec7t \u0111\u1ed9 cao nh\u01b0 l\u1eeda, l\u00f2 s\u01b0\u1edfi<br \/>\n4 Trong qu\u00e1 tr\u00ecnh s\u1eed d\u1ee5ng, nghi\u00eam c\u1ea5m \u0111\u1ec3 ng\u01b0\u1ee3c c\u1ef1c d\u01b0\u01a1ng v\u00e0 c\u1ef1c \u00e2m c\u1ee7a pin<br \/>\n5. Kh\u00f4ng n\u00e9m pin v\u00e0o l\u1eeda ho\u1eb7c l\u00f2 s\u01b0\u1edfi<br \/>\n6. C\u1ea5m k\u1ebft n\u1ed1i tr\u1ef1c ti\u1ebfp c\u1ef1c d\u01b0\u01a1ng v\u00e0 c\u1ef1c \u00e2m c\u1ee7a pin v\u1edbi kim lo\u1ea1i<br \/>\n7. C\u1ea5m v\u1eadn chuy\u1ec3n ho\u1eb7c c\u1ea5t gi\u1eef pin c\u00f9ng v\u1edbi kim lo\u1ea1i, ch\u1eb3ng h\u1ea1n nh\u01b0 k\u1eb9p t\u00f3c, d\u00e2y chuy\u1ec1n, v.v.<br \/>\n8. C\u1ea5m \u0111\u1eadp ho\u1eb7c n\u00e9m, d\u1eabm l\u00ean v\u00e0 b\u1ebb cong pin, v.v ..<br \/>\n9 Kh\u00f4ng h\u00e0n tr\u1ef1c ti\u1ebfp pin v\u00e0 d\u00f9ng \u0111inh ho\u1eb7c c\u00e1c v\u1eadt s\u1eafc nh\u1ecdn kh\u00e1c \u0111\u00e2m v\u00e0o pin<\/p>\n<p><strong><a href=\"https:\/\/maybommini.com\/wp-content\/uploads\/2022\/12\/pin-den-nang-luong-mat-troi-6000mah.jpg\" target=\"_blank\" rel=\"noopener\"><img decoding=\"async\" class=\"size-full wp-image-272081 aligncenter\" src=\"https:\/\/maybommini.com\/wp-content\/uploads\/2022\/12\/pin-den-nang-luong-mat-troi-6000mah.jpg\" alt=\"Pin Den Nang Luong Mat Troi 6000mah\" width=\"750\" height=\"750\" srcset=\"https:\/\/maybommini.vn\/wp-content\/uploads\/2022\/12\/pin-den-nang-luong-mat-troi-6000mah.jpg 750w, https:\/\/maybommini.vn\/wp-content\/uploads\/2022\/12\/pin-den-nang-luong-mat-troi-6000mah-300x300.jpg 300w, https:\/\/maybommini.vn\/wp-content\/uploads\/2022\/12\/pin-den-nang-luong-mat-troi-6000mah-150x150.jpg 150w, https:\/\/maybommini.vn\/wp-content\/uploads\/2022\/12\/pin-den-nang-luong-mat-troi-6000mah-600x600.jpg 600w\" sizes=\"(max-width: 750px) 100vw, 750px\" \/><\/a><\/strong><\/p>\n<p><strong>S\u1eec D\u1ee4NG PIN S\u1eaeT &#8211; PIN LIFEPO4<br \/>\n<\/strong>S\u1eed d\u1ee5ng cho xe \u0111i\u1ec7n.<br \/>\nS\u1eed d\u1ee5ng pin s\u1eaft cho h\u1ec7 th\u1ed1ng \u0111i\u1ec7n n\u0103ng l\u01b0\u1ee3ng m\u1eb7t tr\u1eddi.<br \/>\nPin cho UPS l\u01b0u \u0111i\u1ec7n d\u1ef1 ph\u00f2ng.<br \/>\nD\u00f9ng t\u1ed1t cho c\u00e1c thi\u1ebft b\u1ecb \u0111i\u1ec7n DC kh\u00e1c.<br \/>\nPin \u0111\u00e8n led si\u00eau s\u00e1ng.<br \/>\nPin loa k\u00e9o karaoke.<br \/>\nPin thi\u1ebft b\u1ecb t\u1ef1 \u0111\u1ed9ng th\u00f4ng minh.<br \/>\nPin d\u1ef1 ph\u00f2ng c\u1eeda t\u1eeb.<br \/>\nPin cho m\u00e1y ch\u1ea5m c\u00f4ng v\u00e2n tay.<br \/>\nPin s\u1ea1c m\u00e1y ch\u1ea5m c\u00f4ng th\u1ebb t\u1eeb.<br \/>\nPin m\u00e1y khoan, m\u00e1y b\u1eafn v\u00edt.<br \/>\nUPS 12V 24V cho thi\u1ebft b\u1ecb.<br \/>\nNgu\u1ed3n Wifi, modem, box TV.<br \/>\nPin cho m\u00e1y k\u00edch \u0111i\u1ec7n.<br \/>\nPin ngu\u1ed3n \u0111i\u1ec7n 220V l\u01b0u \u0111\u1ed9ng d\u1ef1 ph\u00f2ng.<br \/>\nV\u00e0 nhi\u1ec1u \u1ee9ng d\u1ee5ng kh\u00e1c.<\/p>\n<p><strong><a href=\"https:\/\/maybommini.com\/wp-content\/uploads\/2022\/12\/ung-dung-su-dung-pin-sac-lifepo4.jpg\" target=\"_blank\" rel=\"noopener\"><img decoding=\"async\" class=\"size-full wp-image-272086 aligncenter\" src=\"https:\/\/maybommini.com\/wp-content\/uploads\/2022\/12\/ung-dung-su-dung-pin-sac-lifepo4.jpg\" alt=\"Ung Dung Su Dung Pin Sac Lifepo4\" width=\"750\" height=\"750\" srcset=\"https:\/\/maybommini.vn\/wp-content\/uploads\/2022\/12\/ung-dung-su-dung-pin-sac-lifepo4.jpg 750w, https:\/\/maybommini.vn\/wp-content\/uploads\/2022\/12\/ung-dung-su-dung-pin-sac-lifepo4-300x300.jpg 300w, https:\/\/maybommini.vn\/wp-content\/uploads\/2022\/12\/ung-dung-su-dung-pin-sac-lifepo4-150x150.jpg 150w, https:\/\/maybommini.vn\/wp-content\/uploads\/2022\/12\/ung-dung-su-dung-pin-sac-lifepo4-600x600.jpg 600w\" sizes=\"(max-width: 750px) 100vw, 750px\" \/><\/a><a href=\"https:\/\/maybommini.com\/wp-content\/uploads\/2022\/12\/pin-sat-chat-luong-cao-an-toan-su-dung.jpg\" target=\"_blank\" rel=\"noopener\"><img decoding=\"async\" class=\"size-full wp-image-272085 aligncenter\" src=\"https:\/\/maybommini.com\/wp-content\/uploads\/2022\/12\/pin-sat-chat-luong-cao-an-toan-su-dung.jpg\" alt=\"Pin Sat Chat Luong Cao An Toan Su Dung\" width=\"750\" height=\"750\" srcset=\"https:\/\/maybommini.vn\/wp-content\/uploads\/2022\/12\/pin-sat-chat-luong-cao-an-toan-su-dung.jpg 750w, https:\/\/maybommini.vn\/wp-content\/uploads\/2022\/12\/pin-sat-chat-luong-cao-an-toan-su-dung-300x300.jpg 300w, https:\/\/maybommini.vn\/wp-content\/uploads\/2022\/12\/pin-sat-chat-luong-cao-an-toan-su-dung-150x150.jpg 150w, https:\/\/maybommini.vn\/wp-content\/uploads\/2022\/12\/pin-sat-chat-luong-cao-an-toan-su-dung-600x600.jpg 600w\" sizes=\"(max-width: 750px) 100vw, 750px\" \/><\/a><a href=\"https:\/\/maybommini.com\/wp-content\/uploads\/2022\/12\/nha-may-san-xuat-pin.jpg\" target=\"_blank\" rel=\"noopener\"><img decoding=\"async\" class=\"size-full wp-image-272079 aligncenter\" src=\"https:\/\/maybommini.com\/wp-content\/uploads\/2022\/12\/nha-may-san-xuat-pin.jpg\" alt=\"Nha May San Xuat Pin\" width=\"750\" height=\"750\" srcset=\"https:\/\/maybommini.vn\/wp-content\/uploads\/2022\/12\/nha-may-san-xuat-pin.jpg 750w, https:\/\/maybommini.vn\/wp-content\/uploads\/2022\/12\/nha-may-san-xuat-pin-300x300.jpg 300w, https:\/\/maybommini.vn\/wp-content\/uploads\/2022\/12\/nha-may-san-xuat-pin-150x150.jpg 150w, https:\/\/maybommini.vn\/wp-content\/uploads\/2022\/12\/nha-may-san-xuat-pin-600x600.jpg 600w\" sizes=\"(max-width: 750px) 100vw, 750px\" \/><\/a>\u1ee8NG D\u1ee4NG KH\u00c1C CHO PIN LIFEPO4<\/strong><br \/>\nXe \u0111i\u1ec7n hybrid plug-in ch\u1edf kh\u00e1ch v\u00e0 xe th\u01b0\u01a1ng m\u1ea1i (PHEV)<br \/>\nXe \u0111i\u1ec7n ch\u1edf kh\u00e1ch v\u00e0 xe th\u01b0\u01a1ng m\u1ea1i (BEV)<br \/>\nXe \u0111i\u1ec7n, Xe \u0111\u1ea1p \u0111i\u1ec7n, Xe ba b\u00e1nh, xe tay ga, xe \u0111\u1ea9y ch\u01a1i g\u00f4n, xe \u0111\u1ea9y, xe l\u0103n, D\u1ee5ng c\u1ee5 y t\u1ebf,<br \/>\nH\u1ec7 th\u1ed1ng cung c\u1ea5p n\u0103ng l\u01b0\u1ee3ng m\u1eb7t tr\u1eddi<br \/>\nB\u1ea3ng \u0111i\u1ec1u khi\u1ec3n n\u0103ng l\u01b0\u1ee3ng m\u1eb7t tr\u1eddi<br \/>\nB\u1ed9 l\u01b0u tr\u1eef n\u0103ng l\u01b0\u1ee3ng<br \/>\nThi\u1ebft b\u1ecb chi\u1ebfu s\u00e1ng LED, \u0110\u1ed3 ch\u01a1i RC, Bi\u1ebfn t\u1ea7n, Thi\u1ebft b\u1ecb gia d\u1ee5ng v\u00e0 Khu v\u1ef1c thi\u1ebft b\u1ecb kh\u1ea9n c\u1ea5p, v.v.<\/p>\n<p><strong><a href=\"https:\/\/maybommini.com\/wp-content\/uploads\/2021\/12\/pin-sat-filepo4-cho-nang-luong-mat-troi.jpg\" target=\"_blank\" rel=\"noopener\"><img decoding=\"async\" class=\"size-full wp-image-269710 aligncenter\" src=\"https:\/\/maybommini.com\/wp-content\/uploads\/2021\/12\/pin-sat-filepo4-cho-nang-luong-mat-troi.jpg\" alt=\"Pin Sat Filepo4 Cho Nang Luong Mat Troi\" width=\"750\" height=\"750\" srcset=\"https:\/\/maybommini.vn\/wp-content\/uploads\/2021\/12\/pin-sat-filepo4-cho-nang-luong-mat-troi.jpg 750w, https:\/\/maybommini.vn\/wp-content\/uploads\/2021\/12\/pin-sat-filepo4-cho-nang-luong-mat-troi-300x300.jpg 300w, https:\/\/maybommini.vn\/wp-content\/uploads\/2021\/12\/pin-sat-filepo4-cho-nang-luong-mat-troi-150x150.jpg 150w, https:\/\/maybommini.vn\/wp-content\/uploads\/2021\/12\/pin-sat-filepo4-cho-nang-luong-mat-troi-600x600.jpg 600w\" sizes=\"(max-width: 750px) 100vw, 750px\" \/><\/a><a href=\"https:\/\/maybommini.com\/wp-content\/uploads\/2021\/12\/pin-sac-nang-luong-cao-cap-chat-luong-su-dung-tot.jpg\" target=\"_blank\" rel=\"noopener\"><img decoding=\"async\" class=\"size-full wp-image-269708 aligncenter\" src=\"https:\/\/maybommini.com\/wp-content\/uploads\/2021\/12\/pin-sac-nang-luong-cao-cap-chat-luong-su-dung-tot.jpg\" alt=\"Pin Sac Nang Luong Cao Cap Chat Luong Su Dung Tot\" width=\"750\" height=\"750\" srcset=\"https:\/\/maybommini.vn\/wp-content\/uploads\/2021\/12\/pin-sac-nang-luong-cao-cap-chat-luong-su-dung-tot.jpg 750w, https:\/\/maybommini.vn\/wp-content\/uploads\/2021\/12\/pin-sac-nang-luong-cao-cap-chat-luong-su-dung-tot-300x300.jpg 300w, https:\/\/maybommini.vn\/wp-content\/uploads\/2021\/12\/pin-sac-nang-luong-cao-cap-chat-luong-su-dung-tot-150x150.jpg 150w, https:\/\/maybommini.vn\/wp-content\/uploads\/2021\/12\/pin-sac-nang-luong-cao-cap-chat-luong-su-dung-tot-600x600.jpg 600w\" sizes=\"(max-width: 750px) 100vw, 750px\" \/><\/a><a href=\"https:\/\/maybommini.com\/wp-content\/uploads\/2021\/12\/sac-pin-lifepo4-tai-nha-may-san-xuat.jpg\" target=\"_blank\" rel=\"noopener\"><img decoding=\"async\" class=\"size-full wp-image-269696 aligncenter\" src=\"https:\/\/maybommini.com\/wp-content\/uploads\/2021\/12\/sac-pin-lifepo4-tai-nha-may-san-xuat.jpg\" alt=\"Sac Pin Lifepo4 Tai Nha May San Xuat\" width=\"750\" height=\"750\" srcset=\"https:\/\/maybommini.vn\/wp-content\/uploads\/2021\/12\/sac-pin-lifepo4-tai-nha-may-san-xuat.jpg 750w, https:\/\/maybommini.vn\/wp-content\/uploads\/2021\/12\/sac-pin-lifepo4-tai-nha-may-san-xuat-300x300.jpg 300w, https:\/\/maybommini.vn\/wp-content\/uploads\/2021\/12\/sac-pin-lifepo4-tai-nha-may-san-xuat-150x150.jpg 150w, https:\/\/maybommini.vn\/wp-content\/uploads\/2021\/12\/sac-pin-lifepo4-tai-nha-may-san-xuat-600x600.jpg 600w\" sizes=\"(max-width: 750px) 100vw, 750px\" \/><\/a>MUA PIN S\u1eaeT &#8211; PIN LIFEPO4 \u1ede \u0110\u00c2U ?<\/strong><br \/>\nM\u1ecdi chi ti\u1ebft vui l\u00f2ng li\u00ean h\u1ec7 tr\u1ef1c ti\u1ebfp cho ch\u00fang t\u00f4i \u0111\u1ec3 \u0111\u01b0\u1ee3c t\u01b0 v\u1ea5n theo nhu c\u1ea7u \u0111\u1ec3 c\u00f3 \u0111\u01b0\u1ee3c b\u1ed9 s\u1ea3n ph\u1ea9m t\u1ed1t nh\u1ea5t v\u00e0 ti\u1ebft ki\u1ec7m.\u00a0B\u1ea1n \u1edf xa v\u1eabn c\u00f3 th\u1ec3 mua h\u00e0ng v\u00e0 giao h\u00e0ng thanh to\u00e1n ti\u1ec1n t\u1ea1i nh\u00e0.<br \/>\nCh\u00fang t\u00f4i l\u00e0 nh\u00e0 cung c\u1ea5p ph\u00e2n ph\u1ed1i s\u1ec9 v\u00e0 l\u1ebb c\u00e1c lo\u1ea1i pin, pin s\u1ea1c, pin d\u1ef1 ph\u00f2ng, pin s\u1eaft, pin LiFePo4, b\u00ecnh \u1eafc quy, UPS 12V 24V, thi\u1ebft b\u1ecb \u0111o \u0111i\u1ec7n, m\u1ea1ch b\u1ea3o v\u1ec7 BMS, co PVC, m\u00e1y h\u00e0n cell pin v\u00e0 nhi\u1ec1u thi\u1ebft b\u1ecb kh\u00e1c ch\u00ednh h\u00e3ng gi\u00e1 t\u1ed1t.<\/p>\n<p style=\"text-align: center;\"><a href=\"https:\/\/maybommini.com\/wp-content\/uploads\/2020\/12\/chuyen-phan-phoi-ac-quy-nuoc-va-kho-chinh-hang.jpg\" target=\"_blank\" rel=\"noopener\"><img decoding=\"async\" class=\"size-full wp-image-267709 aligncenter\" src=\"https:\/\/maybommini.com\/wp-content\/uploads\/2020\/12\/chuyen-phan-phoi-ac-quy-nuoc-va-kho-chinh-hang.jpg\" alt=\"Chuyen Phan Phoi Ac Quy Nuoc Va Kho Chinh Hang\" width=\"750\" height=\"750\" srcset=\"https:\/\/maybommini.vn\/wp-content\/uploads\/2020\/12\/chuyen-phan-phoi-ac-quy-nuoc-va-kho-chinh-hang.jpg 750w, https:\/\/maybommini.vn\/wp-content\/uploads\/2020\/12\/chuyen-phan-phoi-ac-quy-nuoc-va-kho-chinh-hang-300x300.jpg 300w, https:\/\/maybommini.vn\/wp-content\/uploads\/2020\/12\/chuyen-phan-phoi-ac-quy-nuoc-va-kho-chinh-hang-150x150.jpg 150w, https:\/\/maybommini.vn\/wp-content\/uploads\/2020\/12\/chuyen-phan-phoi-ac-quy-nuoc-va-kho-chinh-hang-600x600.jpg 600w\" sizes=\"(max-width: 750px) 100vw, 750px\" \/><\/a><a href=\"https:\/\/maybommini.com\/wp-content\/uploads\/2020\/12\/chuyen-ban-ac-quy-cac-loai-gia-tot.jpg\" target=\"_blank\" rel=\"noopener\"><img decoding=\"async\" class=\"size-full wp-image-267708 aligncenter\" src=\"https:\/\/maybommini.com\/wp-content\/uploads\/2020\/12\/chuyen-ban-ac-quy-cac-loai-gia-tot.jpg\" alt=\"Chuyen Ban Ac Quy Cac Loai Gia Tot\" width=\"750\" height=\"750\" srcset=\"https:\/\/maybommini.vn\/wp-content\/uploads\/2020\/12\/chuyen-ban-ac-quy-cac-loai-gia-tot.jpg 750w, https:\/\/maybommini.vn\/wp-content\/uploads\/2020\/12\/chuyen-ban-ac-quy-cac-loai-gia-tot-300x300.jpg 300w, https:\/\/maybommini.vn\/wp-content\/uploads\/2020\/12\/chuyen-ban-ac-quy-cac-loai-gia-tot-150x150.jpg 150w, https:\/\/maybommini.vn\/wp-content\/uploads\/2020\/12\/chuyen-ban-ac-quy-cac-loai-gia-tot-600x600.jpg 600w\" sizes=\"(max-width: 750px) 100vw, 750px\" \/><\/a><a href=\"https:\/\/maybommini.com\/wp-content\/uploads\/2020\/12\/cung-cap-ac-quy-kho-dai-ly-so-luong-lon.jpg\" target=\"_blank\" rel=\"noopener\"><img decoding=\"async\" class=\"size-full wp-image-267710 aligncenter\" src=\"https:\/\/maybommini.com\/wp-content\/uploads\/2020\/12\/cung-cap-ac-quy-kho-dai-ly-so-luong-lon.jpg\" alt=\"Cung Cap Ac Quy Kho Dai Ly So Luong Lon\" width=\"750\" height=\"750\" srcset=\"https:\/\/maybommini.vn\/wp-content\/uploads\/2020\/12\/cung-cap-ac-quy-kho-dai-ly-so-luong-lon.jpg 750w, https:\/\/maybommini.vn\/wp-content\/uploads\/2020\/12\/cung-cap-ac-quy-kho-dai-ly-so-luong-lon-300x300.jpg 300w, https:\/\/maybommini.vn\/wp-content\/uploads\/2020\/12\/cung-cap-ac-quy-kho-dai-ly-so-luong-lon-150x150.jpg 150w, https:\/\/maybommini.vn\/wp-content\/uploads\/2020\/12\/cung-cap-ac-quy-kho-dai-ly-so-luong-lon-600x600.jpg 600w\" sizes=\"(max-width: 750px) 100vw, 750px\" \/><\/a><br \/>\n<em><strong>CHUY\u00caN B\u00c1N PH\u00c2N PH\u1ed0I C\u00c1C LO\u1ea0I PIN S\u1ea0C<br \/>\nLITHIUM LI-ION LiFePo4 12V 24V 36V 48V GI\u00c1 T\u1ed0T CH\u1ea4T L\u01af\u1ee2NG.<br \/>\nNH\u1eacN \u0110\u00d3NG PIN B\u00ccNH \u1eaeC QUY THEO Y\u00caU C\u1ea6U GI\u00c1 T\u1ed0T<br \/>\n<\/strong><\/em><em><strong>&#8212;&#8212;&#8212;&#8212;&#8212;&#8212;&#8212;&#8212;&#8212;&#8212;&#8212;&#8212;&#8212;&#8212;&#8212;&#8212;&#8212;&#8212;&#8212;&#8212;&#8212;&#8212;&#8212;&#8212;&#8212;<br \/>\nPin s\u1eaft LiFePo4 3.2V 50Ah MTM<br \/>\nPin s\u1eaft LiFePo4 3.2V 80Ah MTM<br \/>\n<\/strong><\/em><em><strong>Pin s\u1eaft LiFePo4 3.2V 280Ah MTM<br \/>\nPin s\u1eaft LiFePo4 32700 3.2V 6000mAh<br \/>\n<\/strong><\/em><\/p>\n<p><img decoding=\"async\" class=\"aligncenter\" src=\"https:\/\/maybommini.com\/wp-content\/uploads\/2022\/07\/thong-tin-lien-he-may-bom-mini.jpg\" alt=\"Thong Tin Lien He May Bom Mini\" \/><\/p>\n","protected":false},"excerpt":{"rendered":"<p>Th\u01b0\u01a1ng hi\u1ec7u: MTM<br \/>\nModel: LFP-32-6AH<br \/>\n\u0110i\u1ec7n \u00e1p danh \u0111\u1ecbnh: 3.2V<br \/>\n\u0110i\u1ec7n \u00e1p giao h\u00e0ng: 3.0 ~ 3.20V<br \/>\n\u0110i\u1ec7n \u00e1p gi\u1edbi h\u1ea1n: 2.0V &#8211; 3.65V<br \/>\nDung l\u01b0\u1ee3ng: 6Ah \u2013 6.000mAh<br \/>\nLo\u1ea1i pin: Lithium iron phosphate<br \/>\nD\u00f2ng x\u1ea3 t\u1ed1i \u0111a: 5C<br \/>\nD\u00f2ng x\u1ea3 li\u00ean t\u1ee5c: 3C<br \/>\nD\u00f2ng s\u1ea1c: 3,65V \u00b1 0,03V 1A &#8211; 3A<br \/>\nD\u00f2ng \u0111i\u1ec7n kh\u00f4ng \u0111\u01b0\u1ee3c th\u1ea5p h\u01a1n: 2.0V<br \/>\nTr\u1edf kh\u00e1ng n\u1ed9i b\u1ed9: 0,3 ~ 0,8m\u03a9<br \/>\nCh\u1ea5t li\u1ec7u v\u1ecf\uff1aNh\u1ef1a &#8211; H\u1ee3p kim<br \/>\nV\u00f2ng \u0111\u1eddi: 4000 chu k\u1ef3 s\u1ea1c x\u1ea3<br \/>\nNhi\u1ec7t \u0111\u1ed9 l\u00e0m vi\u1ec7c trong \u0111i\u1ec1u ki\u1ec7n s\u1ea1c: 0 \u2103 \uff5e 45 \u2103<br \/>\nNhi\u1ec7t \u0111\u1ed9 ho\u1ea1t \u0111\u1ed9ng trong \u0111i\u1ec1u ki\u1ec7n x\u1ea3: 20 \u2103 \uff5e 60 \u2103<br \/>\nK\u00edch th\u01b0\u1edbc: 32 x 70mm<br \/>\nTr\u1ecdng l\u01b0\u1ee3ng: 145 gam<\/p>\n","protected":false},"featured_media":272078,"comment_status":"open","ping_status":"closed","template":"","meta":[],"product_brand":[],"product_cat":[421,631,214,3528],"product_tag":[3536,3897,2926,3506,3504,3505,3503,1543,426,3529,3535,3534,427,2342,430,3537,3898,3460,3530,3532,3459,431,3461,3531,433,437,2369,3415],"class_list":{"0":"post-272077","1":"product","2":"type-product","3":"status-publish","4":"has-post-thumbnail","6":"product_cat-pin-sac","7":"product_cat-nang-luong-mat-troi","8":"product_cat-phu-kien-bom-nuoc","9":"product_cat-pin-sat-lifepo4","10":"product_tag-3-2v","11":"product_tag-6000mah","12":"product_tag-battery","13":"product_tag-battery-bank","14":"product_tag-battery-charger","15":"product_tag-battery-charger-12v-fully-automatic","16":"product_tag-battery-pack","17":"product_tag-charger","18":"product_tag-ion","19":"product_tag-lifepo4","20":"product_tag-lifepo4-cells","21":"product_tag-lifepo4-cells-3-2v-lifepo4-lithium-batteries","22":"product_tag-lithium","23":"product_tag-mtm","24":"product_tag-pin","25":"product_tag-pin-3-2v","26":"product_tag-pin-32700","27":"product_tag-pin-3s","28":"product_tag-pin-lifepo4","29":"product_tag-pin-lifepo4-50ah","30":"product_tag-pin-lithium","31":"product_tag-pin-sac","32":"product_tag-pin-sac-gia-re","33":"product_tag-pin-sat","34":"product_tag-sac","35":"product_tag-sac-pin","36":"product_tag-ups","37":"product_tag-ups-power","39":"first","40":"instock","41":"sale","42":"shipping-taxable","43":"purchasable","44":"product-type-simple"},"_links":{"self":[{"href":"https:\/\/maybommini.vn\/index.php?rest_route=\/wp\/v2\/product\/272077","targetHints":{"allow":["GET"]}}],"collection":[{"href":"https:\/\/maybommini.vn\/index.php?rest_route=\/wp\/v2\/product"}],"about":[{"href":"https:\/\/maybommini.vn\/index.php?rest_route=\/wp\/v2\/types\/product"}],"replies":[{"embeddable":true,"href":"https:\/\/maybommini.vn\/index.php?rest_route=%2Fwp%2Fv2%2Fcomments&post=272077"}],"wp:featuredmedia":[{"embeddable":true,"href":"https:\/\/maybommini.vn\/index.php?rest_route=\/wp\/v2\/media\/272078"}],"wp:attachment":[{"href":"https:\/\/maybommini.vn\/index.php?rest_route=%2Fwp%2Fv2%2Fmedia&parent=272077"}],"wp:term":[{"taxonomy":"product_brand","embeddable":true,"href":"https:\/\/maybommini.vn\/index.php?rest_route=%2Fwp%2Fv2%2Fproduct_brand&post=272077"},{"taxonomy":"product_cat","embeddable":true,"href":"https:\/\/maybommini.vn\/index.php?rest_route=%2Fwp%2Fv2%2Fproduct_cat&post=272077"},{"taxonomy":"product_tag","embeddable":true,"href":"https:\/\/maybommini.vn\/index.php?rest_route=%2Fwp%2Fv2%2Fproduct_tag&post=272077"}],"curies":[{"name":"wp","href":"https:\/\/api.w.org\/{rel}","templated":true}]}}