{"id":272110,"date":"2023-01-02T22:13:50","date_gmt":"2023-01-02T15:13:50","guid":{"rendered":"https:\/\/maybommini.com\/?post_type=product&#038;p=272110"},"modified":"2023-01-02T22:50:20","modified_gmt":"2023-01-02T15:50:20","slug":"van-dien-tu-24v-2-5mm-ren-13mm-rsc-2","status":"publish","type":"product","link":"https:\/\/maybommini.vn\/?product=van-dien-tu-24v-2-5mm-ren-13mm-rsc-2","title":{"rendered":"Van \u0111i\u1ec7n t\u1eeb 24V 2.5mm ren 13mm RSC-2"},"content":{"rendered":"<h3><em><strong>B\u00e1n van \u0111i\u1ec7n t\u1eeb 24V 2.5mm ren 13mm RSC-2 chuy\u00ean cho m\u00e1y l\u1ecdc n\u01b0\u1edbc v\u00e0 thi\u1ebft b\u1ecb m\u00e1y b\u01a1m t\u1ef1 \u0111\u1ed9ng. \u0110\u00e2y ch\u00ednh l\u00e0 l\u1ef1a ch\u1ecdn s\u1ed1 1 c\u1ee7a kh\u00e1ch h\u00e0ng ch\u00fang t\u00f4i hi\u1ec7n nay cho h\u1ec7 th\u1ed1ng m\u00e1y l\u1ecdc n\u01b0\u1edbc RO, m\u00e1y b\u01a1m t\u1ef1 \u0111\u1ed9ng, m\u00e1y phun s\u01b0\u01a1ng.<\/strong><\/em><\/h3>\n<p><strong><a href=\"https:\/\/maybommini.com\/wp-content\/uploads\/2023\/01\/van-dien-24v-13mm.jpg\" target=\"_blank\" rel=\"noopener\"><img decoding=\"async\" class=\"size-full wp-image-272113 aligncenter\" src=\"https:\/\/maybommini.com\/wp-content\/uploads\/2023\/01\/van-dien-24v-13mm.jpg\" alt=\"Van Dien 24v 13mm\" width=\"750\" height=\"750\" srcset=\"https:\/\/maybommini.vn\/wp-content\/uploads\/2023\/01\/van-dien-24v-13mm.jpg 750w, https:\/\/maybommini.vn\/wp-content\/uploads\/2023\/01\/van-dien-24v-13mm-300x300.jpg 300w, https:\/\/maybommini.vn\/wp-content\/uploads\/2023\/01\/van-dien-24v-13mm-150x150.jpg 150w, https:\/\/maybommini.vn\/wp-content\/uploads\/2023\/01\/van-dien-24v-13mm-600x600.jpg 600w\" sizes=\"(max-width: 750px) 100vw, 750px\" \/><\/a>TH\u00d4NG S\u1ed0 K\u1ef8 THU\u1eacT<\/strong><br \/>\nModel: RSC-2<br \/>\n\u0110i\u1ec7n th\u1ebf: 24V DC<br \/>\nPhi \u0111\u01b0\u1eddng \u1ed1ng: 2.5 mm<br \/>\nRen trong: 13 mm<br \/>\nNhi\u1ec7t \u0111\u1ed9 l\u00e0m vi\u1ec7c: -5 &#8211; 80 \u0111\u1ed9 C<br \/>\n\u00c1p l\u1ef1c ch\u1ecbu t\u1ea3i: 0 &#8211; 120 psi<br \/>\nC\u00f4ng ngh\u1ec7 du\u0300ng nam ch\u00e2m \u0111i\u00ea\u0323n.<br \/>\nCu\u1ed9n d\u00e2y \u0111\u1ed3ng 100%.<br \/>\nLo\u1ea1i van \u0111i\u1ec7n: Th\u01b0\u1eddng \u0111\u00f3ng<br \/>\nM\u1edf khi c\u00f3 \u0111i\u1ec7n.<br \/>\nCh\u1ea5t li\u1ec7u: Nh\u1ef1a &#8211; \u0110\u1ed3ng &#8211; Th\u00e9p<br \/>\nK\u00edch th\u01b0\u1edbc:<br \/>\nTr\u1ecdng l\u01b0\u1ee3ng:<\/p>\n<p><strong><a href=\"https:\/\/maybommini.com\/wp-content\/uploads\/2023\/01\/chuyen-ban-van-dien-24v-gia-re.jpg\" target=\"_blank\" rel=\"noopener\"><img decoding=\"async\" class=\"size-full wp-image-272112 aligncenter\" src=\"https:\/\/maybommini.com\/wp-content\/uploads\/2023\/01\/chuyen-ban-van-dien-24v-gia-re.jpg\" alt=\"Chuyen Ban Van Dien 24v Gia Re\" width=\"750\" height=\"750\" srcset=\"https:\/\/maybommini.vn\/wp-content\/uploads\/2023\/01\/chuyen-ban-van-dien-24v-gia-re.jpg 750w, https:\/\/maybommini.vn\/wp-content\/uploads\/2023\/01\/chuyen-ban-van-dien-24v-gia-re-300x300.jpg 300w, https:\/\/maybommini.vn\/wp-content\/uploads\/2023\/01\/chuyen-ban-van-dien-24v-gia-re-150x150.jpg 150w, https:\/\/maybommini.vn\/wp-content\/uploads\/2023\/01\/chuyen-ban-van-dien-24v-gia-re-600x600.jpg 600w\" sizes=\"(max-width: 750px) 100vw, 750px\" \/><\/a><a href=\"https:\/\/maybommini.com\/wp-content\/uploads\/2023\/01\/ban-van-dien-tu-24v-may-loc-nuoc.jpg\" target=\"_blank\" rel=\"noopener\"><img decoding=\"async\" class=\"size-full wp-image-272111 aligncenter\" src=\"https:\/\/maybommini.com\/wp-content\/uploads\/2023\/01\/ban-van-dien-tu-24v-may-loc-nuoc.jpg\" alt=\"Ban Van Dien Tu 24v May Loc Nuoc\" width=\"750\" height=\"750\" srcset=\"https:\/\/maybommini.vn\/wp-content\/uploads\/2023\/01\/ban-van-dien-tu-24v-may-loc-nuoc.jpg 750w, https:\/\/maybommini.vn\/wp-content\/uploads\/2023\/01\/ban-van-dien-tu-24v-may-loc-nuoc-300x300.jpg 300w, https:\/\/maybommini.vn\/wp-content\/uploads\/2023\/01\/ban-van-dien-tu-24v-may-loc-nuoc-150x150.jpg 150w, https:\/\/maybommini.vn\/wp-content\/uploads\/2023\/01\/ban-van-dien-tu-24v-may-loc-nuoc-600x600.jpg 600w\" sizes=\"(max-width: 750px) 100vw, 750px\" \/><\/a><a href=\"https:\/\/maybommini.com\/wp-content\/uploads\/2023\/01\/VAN-DIEN-TU-GIA-RE.jpg\" target=\"_blank\" rel=\"noopener\"><img decoding=\"async\" class=\"size-full wp-image-272116 aligncenter\" src=\"https:\/\/maybommini.com\/wp-content\/uploads\/2023\/01\/VAN-DIEN-TU-GIA-RE.jpg\" alt=\"VAN DIEN TU GIA RE\" width=\"750\" height=\"750\" srcset=\"https:\/\/maybommini.vn\/wp-content\/uploads\/2023\/01\/VAN-DIEN-TU-GIA-RE.jpg 750w, https:\/\/maybommini.vn\/wp-content\/uploads\/2023\/01\/VAN-DIEN-TU-GIA-RE-300x300.jpg 300w, https:\/\/maybommini.vn\/wp-content\/uploads\/2023\/01\/VAN-DIEN-TU-GIA-RE-150x150.jpg 150w, https:\/\/maybommini.vn\/wp-content\/uploads\/2023\/01\/VAN-DIEN-TU-GIA-RE-600x600.jpg 600w\" sizes=\"(max-width: 750px) 100vw, 750px\" \/><\/a><a href=\"https:\/\/maybommini.com\/wp-content\/uploads\/2023\/01\/van-dien-may-loc-nuoc-RO-24v-120-psi.jpg\" target=\"_blank\" rel=\"noopener\"><img decoding=\"async\" class=\"size-full wp-image-272114 aligncenter\" src=\"https:\/\/maybommini.com\/wp-content\/uploads\/2023\/01\/van-dien-may-loc-nuoc-RO-24v-120-psi.jpg\" alt=\"Van Dien May Loc Nuoc RO 24v 120 Psi\" width=\"750\" height=\"750\" srcset=\"https:\/\/maybommini.vn\/wp-content\/uploads\/2023\/01\/van-dien-may-loc-nuoc-RO-24v-120-psi.jpg 750w, https:\/\/maybommini.vn\/wp-content\/uploads\/2023\/01\/van-dien-may-loc-nuoc-RO-24v-120-psi-300x300.jpg 300w, https:\/\/maybommini.vn\/wp-content\/uploads\/2023\/01\/van-dien-may-loc-nuoc-RO-24v-120-psi-150x150.jpg 150w, https:\/\/maybommini.vn\/wp-content\/uploads\/2023\/01\/van-dien-may-loc-nuoc-RO-24v-120-psi-600x600.jpg 600w\" sizes=\"(max-width: 750px) 100vw, 750px\" \/><\/a><a href=\"https:\/\/maybommini.com\/wp-content\/uploads\/2023\/01\/van-khoa-nuoc-bang-dien-24v.jpg\" target=\"_blank\" rel=\"noopener\"><img decoding=\"async\" class=\"size-full wp-image-272119 aligncenter\" src=\"https:\/\/maybommini.com\/wp-content\/uploads\/2023\/01\/van-khoa-nuoc-bang-dien-24v.jpg\" alt=\"Van Khoa Nuoc Bang Dien 24v\" width=\"750\" height=\"750\" srcset=\"https:\/\/maybommini.vn\/wp-content\/uploads\/2023\/01\/van-khoa-nuoc-bang-dien-24v.jpg 750w, https:\/\/maybommini.vn\/wp-content\/uploads\/2023\/01\/van-khoa-nuoc-bang-dien-24v-300x300.jpg 300w, https:\/\/maybommini.vn\/wp-content\/uploads\/2023\/01\/van-khoa-nuoc-bang-dien-24v-150x150.jpg 150w, https:\/\/maybommini.vn\/wp-content\/uploads\/2023\/01\/van-khoa-nuoc-bang-dien-24v-600x600.jpg 600w\" sizes=\"(max-width: 750px) 100vw, 750px\" \/><\/a><a href=\"https:\/\/maybommini.com\/wp-content\/uploads\/2023\/01\/van-dien-tu-RO-mini-24v.jpg\" target=\"_blank\" rel=\"noopener\"><img decoding=\"async\" class=\"size-full wp-image-272118 aligncenter\" src=\"https:\/\/maybommini.com\/wp-content\/uploads\/2023\/01\/van-dien-tu-RO-mini-24v.jpg\" alt=\"Van Dien Tu RO Mini 24v\" width=\"750\" height=\"750\" srcset=\"https:\/\/maybommini.vn\/wp-content\/uploads\/2023\/01\/van-dien-tu-RO-mini-24v.jpg 750w, https:\/\/maybommini.vn\/wp-content\/uploads\/2023\/01\/van-dien-tu-RO-mini-24v-300x300.jpg 300w, https:\/\/maybommini.vn\/wp-content\/uploads\/2023\/01\/van-dien-tu-RO-mini-24v-150x150.jpg 150w, https:\/\/maybommini.vn\/wp-content\/uploads\/2023\/01\/van-dien-tu-RO-mini-24v-600x600.jpg 600w\" sizes=\"(max-width: 750px) 100vw, 750px\" \/><\/a><\/strong><\/p>\n<p><strong>H\u01af\u1edaNG D\u1ea8N S\u1eec D\u1ee4NG VAN \u0110I\u1ec6N T\u1eea TH\u01af\u1edcNG \u0110\u00d3NG<\/strong><br \/>\n&#8211; S\u1eed d\u1ee5ng \u0111\u00fang \u0111i\u1ec7n th\u1ebf nh\u00e0 s\u1ea3n xu\u1ea5t \u0111\u01b0a ra.<br \/>\n&#8211; K\u1ebft n\u1ed1i \u0111i\u1ec7n v\u00e0o 2 d\u00e2y c\u1ee7a van \u0111i\u1ec7m t\u1eeb.<br \/>\n&#8211; K\u1ebft n\u1ed1i \u1ed1ng n\u01b0\u1edbc 2 b\u00ean van \u0111i\u1ec7n.<br \/>\n&#8211; N\u01b0\u1edbc v\u00e0o v\u00e0 ra theo k\u00fd hi\u1ec7u d\u1ea5u m\u0169i t\u00ean.<br \/>\n&#8211; Kh\u00f4ng s\u1eed d\u1ee5ng \u1edf h\u1ec7 th\u1ed1ng c\u00f3 \u00e1p l\u1ef1c qu\u00e1 m\u1ee9c cho ph\u00e9p.<br \/>\n&#8211; L\u1eafp n\u01a1i tho\u00e1ng m\u00e1t kh\u00f4 r\u00e1o.<br \/>\n&#8211; Van ho\u1ea1t \u0111\u1ed9ng s\u1ebb ph\u00e1t sinh nhi\u1ec7t l\u00e0 b\u00ecnh th\u01b0\u1eddng.<br \/>\n&#8211; N\u1ebfu qu\u00e1 n\u00f3ng th\u00ec c\u00f3 th\u1ec3 l\u1eafp th\u00eam qu\u1ea1t t\u1ea3n nhi\u1ec7t l\u00e0m m\u00e1t.<br \/>\n&#8211; Ch\u00e1y cu\u1ed9n d\u00e2y do ho\u1ea1t \u0111\u1ed9ng li\u00ean t\u1ef1c qu\u00e1 n\u00f3ng kh\u00f4ng b\u1ea3o h\u00e0nh.<br \/>\n&#8211; Ch\u00e1y do d\u00f9ng sai ngu\u1ed3n \u0111i\u1ec7n v\u00e0 n\u01b0\u1edbc v\u00e0o cu\u1ed9n d\u00e2y kh\u00f4ng b\u1ea3o h\u00e0nh<\/p>\n<p><strong><a href=\"https:\/\/maybommini.com\/wp-content\/uploads\/2023\/01\/Van-dien-tu-may-loc-nuoc-Ro-24V.jpg\" target=\"_blank\" rel=\"noopener\"><img decoding=\"async\" class=\"size-full wp-image-272117 aligncenter\" src=\"https:\/\/maybommini.com\/wp-content\/uploads\/2023\/01\/Van-dien-tu-may-loc-nuoc-Ro-24V.jpg\" alt=\"Van Dien Tu May Loc Nuoc Ro 24V\" width=\"750\" height=\"750\" srcset=\"https:\/\/maybommini.vn\/wp-content\/uploads\/2023\/01\/Van-dien-tu-may-loc-nuoc-Ro-24V.jpg 750w, https:\/\/maybommini.vn\/wp-content\/uploads\/2023\/01\/Van-dien-tu-may-loc-nuoc-Ro-24V-300x300.jpg 300w, https:\/\/maybommini.vn\/wp-content\/uploads\/2023\/01\/Van-dien-tu-may-loc-nuoc-Ro-24V-150x150.jpg 150w, https:\/\/maybommini.vn\/wp-content\/uploads\/2023\/01\/Van-dien-tu-may-loc-nuoc-Ro-24V-600x600.jpg 600w\" sizes=\"(max-width: 750px) 100vw, 750px\" \/><\/a><a href=\"https:\/\/maybommini.com\/wp-content\/uploads\/2023\/01\/Van-dien-tu-24v-RSC-2-120-psi.jpg\" target=\"_blank\" rel=\"noopener\"><img decoding=\"async\" class=\"size-full wp-image-272115 aligncenter\" src=\"https:\/\/maybommini.com\/wp-content\/uploads\/2023\/01\/Van-dien-tu-24v-RSC-2-120-psi.jpg\" alt=\"Van Dien Tu 24v RSC 2 120 Psi\" width=\"750\" height=\"750\" srcset=\"https:\/\/maybommini.vn\/wp-content\/uploads\/2023\/01\/Van-dien-tu-24v-RSC-2-120-psi.jpg 750w, https:\/\/maybommini.vn\/wp-content\/uploads\/2023\/01\/Van-dien-tu-24v-RSC-2-120-psi-300x300.jpg 300w, https:\/\/maybommini.vn\/wp-content\/uploads\/2023\/01\/Van-dien-tu-24v-RSC-2-120-psi-150x150.jpg 150w, https:\/\/maybommini.vn\/wp-content\/uploads\/2023\/01\/Van-dien-tu-24v-RSC-2-120-psi-600x600.jpg 600w\" sizes=\"(max-width: 750px) 100vw, 750px\" \/><\/a><a href=\"https:\/\/maybommini.com\/wp-content\/uploads\/2023\/01\/van-dien-24v-13mm.jpg\" target=\"_blank\" rel=\"noopener\"><img decoding=\"async\" class=\"size-full wp-image-272113 aligncenter\" src=\"https:\/\/maybommini.com\/wp-content\/uploads\/2023\/01\/van-dien-24v-13mm.jpg\" alt=\"Van Dien 24v 13mm\" width=\"750\" height=\"750\" srcset=\"https:\/\/maybommini.vn\/wp-content\/uploads\/2023\/01\/van-dien-24v-13mm.jpg 750w, https:\/\/maybommini.vn\/wp-content\/uploads\/2023\/01\/van-dien-24v-13mm-300x300.jpg 300w, https:\/\/maybommini.vn\/wp-content\/uploads\/2023\/01\/van-dien-24v-13mm-150x150.jpg 150w, https:\/\/maybommini.vn\/wp-content\/uploads\/2023\/01\/van-dien-24v-13mm-600x600.jpg 600w\" sizes=\"(max-width: 750px) 100vw, 750px\" \/><\/a>\u1ee8NG D\u1ee4NG VAN \u0110I\u1ec6N T\u1eea &#8211; SOLENOID VALE<\/strong><br \/>\n&#8211; D\u00f9ng l\u00e0m kh\u00f3a m\u1edf n\u01b0\u1edbc t\u1ef1 \u0111\u1ed9ng<br \/>\n&#8211; D\u00f9ng l\u00e0m kh\u00f3a m\u1edf d\u1ea7u nh\u1edbt.<br \/>\n&#8211; D\u00f9ng trong <a href=\"\/\/maybommini.com\/danh-muc\/he-thong-phun-suong&quot;\" target=\"&quot;_blank&quot;\" rel=\"&quot;noopener noopener\">h\u1ec7 th\u1ed1ng phun s\u01b0\u01a1ng<\/a>.<br \/>\n&#8211; D\u00f9ng trong h\u1ec7 th\u1ed1ng t\u01b0\u1edbi t\u1ef1 \u0111\u1ed9ng.<br \/>\n&#8211; D\u00f9ng trong h\u1ec7 th\u1ed1ng cungg c\u1ea5p n\u01b0\u1edbc.<br \/>\n&#8211; D\u00f9ng trong t\u01b0\u1edbi Lan nh\u00e0 v\u01b0\u1eddn.<br \/>\n&#8211; D\u00f9ng trong h\u1ec7 th\u1ed1ng m\u00e1y c\u00f4ng nghi\u1ec7p.<br \/>\n&#8211; D\u00f9ng trong m\u00e1y <a href=\"\/\/maybommini.com\/danh-muc\/may-bom-ap-luc-mini\/may-bom-nuoc-ro&quot;\" target=\"&quot;_blank&quot;\" rel=\"&quot;noopener noopener\">l\u1ecdc n\u01b0\u1edbc RO<\/a>.<br \/>\n&#8211; S\u1eed d\u1ee5ng van trong h\u1ec7 th\u1ed1ng m\u00e1y t\u1ef1 \u0111\u1ed9ng.<br \/>\n&#8211; Van \u0111i\u1ec7n t\u1eeb m\u00e1y l\u1ecdc n\u01b0\u1edbc RO<br \/>\n&#8211; Van \u0111i\u1ec7n m\u00e1y b\u01a1m n\u01b0\u1edbc u\u1ed1ng th\u1ef1c ph\u1ea9m.<br \/>\n&#8211; Van kh\u00f3a b\u01a1m ch\u1ea5t l\u1ecfng, h\u00f3a ch\u1ea5t kh\u00f4ng \u0103n m\u00f2n.<br \/>\n&#8211; V\u00e0 s\u1eed d\u1ee5ng van \u0111i\u1ec7n t\u1eeb trong nhi\u1ec1u \u1ee9ng d\u1ee5ng kh\u00e1c.<\/p>\n<p><a href=\"https:\/\/maybommini.com\/wp-content\/uploads\/2019\/08\/su-dung-van-dien-tu.jpg\" target=\"_blank\" rel=\"noopener\"><img decoding=\"async\" class=\"size-full wp-image-263277 aligncenter\" src=\"https:\/\/maybommini.com\/wp-content\/uploads\/2019\/08\/su-dung-van-dien-tu.jpg\" alt=\"Su Dung Van Dien Tu\" width=\"750\" height=\"750\" srcset=\"https:\/\/maybommini.vn\/wp-content\/uploads\/2019\/08\/su-dung-van-dien-tu.jpg 750w, https:\/\/maybommini.vn\/wp-content\/uploads\/2019\/08\/su-dung-van-dien-tu-300x300.jpg 300w, https:\/\/maybommini.vn\/wp-content\/uploads\/2019\/08\/su-dung-van-dien-tu-150x150.jpg 150w, https:\/\/maybommini.vn\/wp-content\/uploads\/2019\/08\/su-dung-van-dien-tu-600x600.jpg 600w\" sizes=\"(max-width: 750px) 100vw, 750px\" \/><\/a><\/p>\n<p><strong>MUA VAN \u0110I\u1ec6N T\u1eea \u1ede \u0110\u00c2U ?\u00a0<\/strong><br \/>\nCh\u00fang t\u00f4i chuy\u00ean cung c\u1ea5p ph\u00e2n ph\u1ed1i van \u0111i\u1ec7n t\u1eeb th\u01b0\u1eddng \u0111\u00f3ng v\u00e0 th\u01b0\u1eddng m\u1edf gi\u00e1 t\u1ed1t b\u1ea3o h\u00e0nh ch\u00ednh h\u00e3ng s\u1ec9 v\u00e0 l\u1ebb tr\u00ean to\u00e0n qu\u1ed1c.<br \/>\n<strong>CTY TNHH TH\u01af\u01a0NG M\u1ea0I D\u1ecaCH V\u1ee4 \u0110I\u1ec6N M\u00c1Y TH\u00d4NG MINH<br \/>\nWebsite:\u00a0<a href=\"https:\/\/maybommini.com\/\" target=\"_blank\" rel=\"noopener\">https:\/\/maybommini.com<\/a><br \/>\nEmail: Maybommini.com@gmail.com<br \/>\nT\u01af V\u1ea4N K\u1ef8 THU\u1eacT \u2013 MUA H\u00c0NG<br \/>\nTel\/ Zalo: 0908997823 \u2013 0908997872<br \/>\nT\u01b0 v\u1ea5n mua h\u00e0ng: 0907294310 \u2013 028730303<\/strong><\/p>\n<p><a class=\"swipebox\" title=\"\" href=\"https:\/\/maybommini.com\/wp-content\/uploads\/2022\/07\/thong-tin-lien-he-may-bom-mini.jpg\" data-rel=\"lightbox-image-bGlnaHRib3gtaW1hZ2UtYkdsbmFIUmliM2d0YVcxaFoyVXRNVFU9\" data-rl_title=\"\" data-rl_caption=\"\" data-rl_ target=\"_blank\" rel=\"noopener\"><img decoding=\"async\" class=\"size-full wp-image-270584 aligncenter lazyloaded\" src=\"https:\/\/maybommini.com\/wp-content\/uploads\/2022\/07\/thong-tin-lien-he-may-bom-mini.jpg\" sizes=\"(max-width: 750px) 100vw, 750px\" srcset=\"https:\/\/maybommini.com\/wp-content\/uploads\/2022\/07\/thong-tin-lien-he-may-bom-mini.jpg 750w, https:\/\/maybommini.com\/wp-content\/uploads\/2022\/07\/thong-tin-lien-he-may-bom-mini-300x202.jpg 300w, https:\/\/maybommini.com\/wp-content\/uploads\/2022\/07\/thong-tin-lien-he-may-bom-mini-600x405.jpg 600w\" alt=\"Thong Tin Lien He May Bom Mini\" width=\"750\" height=\"506\" data-lazy-srcset=\"https:\/\/maybommini.com\/wp-content\/uploads\/2022\/07\/thong-tin-lien-he-may-bom-mini.jpg 750w, https:\/\/maybommini.com\/wp-content\/uploads\/2022\/07\/thong-tin-lien-he-may-bom-mini-300x202.jpg 300w, https:\/\/maybommini.com\/wp-content\/uploads\/2022\/07\/thong-tin-lien-he-may-bom-mini-600x405.jpg 600w\" data-lazy-sizes=\"(max-width: 750px) 100vw, 750px\" data-lazy-src=\"https:\/\/maybommini.com\/wp-content\/uploads\/2022\/07\/thong-tin-lien-he-may-bom-mini.jpg\" data-was-processed=\"true\" \/><\/a><\/p>\n","protected":false},"excerpt":{"rendered":"<p>Model: RSC-2<br \/>\n\u0110i\u1ec7n th\u1ebf: 24V DC<br \/>\nPhi \u0111\u01b0\u1eddng \u1ed1ng: 2.5 mm<br \/>\nRen trong: 13 mm<br \/>\nNhi\u1ec7t \u0111\u1ed9 l\u00e0m vi\u1ec7c: -5 &#8211; 80 \u0111\u1ed9 C<br \/>\n\u00c1p l\u1ef1c ch\u1ecbu t\u1ea3i: 0 &#8211; 120 psi<br \/>\nC\u00f4ng ngh\u1ec7 du\u0300ng nam ch\u00e2m \u0111i\u00ea\u0323n.<br \/>\nCu\u1ed9n d\u00e2y \u0111\u1ed3ng 100%.<br \/>\nLo\u1ea1i van \u0111i\u1ec7n: Th\u01b0\u1eddng \u0111\u00f3ng<br \/>\nM\u1edf khi c\u00f3 \u0111i\u1ec7n.<br \/>\nCh\u1ea5t li\u1ec7u: Nh\u1ef1a &#8211; \u0110\u1ed3ng &#8211; Th\u00e9p<br \/>\nK\u00edch th\u01b0\u1edbc:<br \/>\nTr\u1ecdng l\u01b0\u1ee3ng:<br \/>\nB\u1ea3o h\u00e0nh: 3 th\u00e1ng<br \/>\n<strong>T\u01af V\u1ea4N K\u1ef8 THU\u1eacT \u2013 MUA H\u00c0NG<br \/>\n0908997823 \u2013 0908997872<br \/>\n0907294310 \u2013 02873030399<\/strong><\/p>\n","protected":false},"featured_media":272113,"comment_status":"open","ping_status":"closed","template":"","meta":[],"product_brand":[],"product_cat":[543,3157],"product_tag":[267,500,488,557,1249,545,874,3018,546,3017],"class_list":{"0":"post-272110","1":"product","2":"type-product","3":"status-publish","4":"has-post-thumbnail","6":"product_cat-van-dien-tu-solenoid-vavle","7":"product_cat-van-dien-tu-24v","8":"product_tag-12v","9":"product_tag-220v","10":"product_tag-24v","11":"product_tag-khoa-nuoc","12":"product_tag-solenoid-vale","13":"product_tag-van-dien","14":"product_tag-van-dien-tu","15":"product_tag-van-khoa-nuoc-dien","16":"product_tag-van-nuoc","17":"product_tag-van-thuong-dong","19":"first","20":"instock","21":"sale","22":"shipping-taxable","23":"purchasable","24":"product-type-simple"},"_links":{"self":[{"href":"https:\/\/maybommini.vn\/index.php?rest_route=\/wp\/v2\/product\/272110","targetHints":{"allow":["GET"]}}],"collection":[{"href":"https:\/\/maybommini.vn\/index.php?rest_route=\/wp\/v2\/product"}],"about":[{"href":"https:\/\/maybommini.vn\/index.php?rest_route=\/wp\/v2\/types\/product"}],"replies":[{"embeddable":true,"href":"https:\/\/maybommini.vn\/index.php?rest_route=%2Fwp%2Fv2%2Fcomments&post=272110"}],"wp:featuredmedia":[{"embeddable":true,"href":"https:\/\/maybommini.vn\/index.php?rest_route=\/wp\/v2\/media\/272113"}],"wp:attachment":[{"href":"https:\/\/maybommini.vn\/index.php?rest_route=%2Fwp%2Fv2%2Fmedia&parent=272110"}],"wp:term":[{"taxonomy":"product_brand","embeddable":true,"href":"https:\/\/maybommini.vn\/index.php?rest_route=%2Fwp%2Fv2%2Fproduct_brand&post=272110"},{"taxonomy":"product_cat","embeddable":true,"href":"https:\/\/maybommini.vn\/index.php?rest_route=%2Fwp%2Fv2%2Fproduct_cat&post=272110"},{"taxonomy":"product_tag","embeddable":true,"href":"https:\/\/maybommini.vn\/index.php?rest_route=%2Fwp%2Fv2%2Fproduct_tag&post=272110"}],"curies":[{"name":"wp","href":"https:\/\/api.w.org\/{rel}","templated":true}]}}