{"id":272140,"date":"2023-01-04T20:23:28","date_gmt":"2023-01-04T13:23:28","guid":{"rendered":"https:\/\/maybommini.com\/?post_type=product&#038;p=272140"},"modified":"2024-07-10T02:30:19","modified_gmt":"2024-07-09T19:30:19","slug":"bo-inverter-12v-ra-220v-1000w-suoer-saa-1000af","status":"publish","type":"product","link":"https:\/\/maybommini.vn\/?product=bo-inverter-12v-ra-220v-1000w-suoer-saa-1000af","title":{"rendered":"B\u1ed9 inverter 12V ra 220V 1000W SUOER SAA-1000A"},"content":{"rendered":"<p><strong>Ph\u00e2n ph\u1ed1i ch\u00ednh h\u00e3ng b\u1ed9 inverter 12V ra 220V 1000W SUOER SAA-1000A c\u00f2n g\u1ecdi l\u00e0 ngu\u1ed3n k\u00edch \u0111i\u1ec7n \u0111\u1ed5i \u0111i\u1ec7n DC sang AC. \u0110\u01b0\u1ee3c d\u00f9ng r\u1ed9ng r\u00e3i trong h\u1ec7 th\u1ed1ng n\u0103ng l\u01b0\u1ee3ng m\u1eb7t tr\u1eddi, \u0111i\u1ec7n gi\u00f3, k\u00edch \u0111i\u1ec7n d\u1ef1 ph\u00f2ng.<\/strong><\/p>\n<p><strong><a href=\"https:\/\/maybommini.com\/wp-content\/uploads\/2023\/01\/Bo-doi-dien-inverter-12v-220v-1000w-Suoer-SAA-1000A.jpg\" target=\"_blank\" rel=\"noopener\"><img decoding=\"async\" class=\"size-full wp-image-272149 aligncenter\" src=\"https:\/\/maybommini.com\/wp-content\/uploads\/2023\/01\/Bo-doi-dien-inverter-12v-220v-1000w-Suoer-SAA-1000A.jpg\" alt=\"Bo Doi Dien Inverter 12v 220v 1000w Suoer SAA 1000A\" width=\"750\" height=\"750\" srcset=\"https:\/\/maybommini.vn\/wp-content\/uploads\/2023\/01\/Bo-doi-dien-inverter-12v-220v-1000w-Suoer-SAA-1000A.jpg 750w, https:\/\/maybommini.vn\/wp-content\/uploads\/2023\/01\/Bo-doi-dien-inverter-12v-220v-1000w-Suoer-SAA-1000A-300x300.jpg 300w, https:\/\/maybommini.vn\/wp-content\/uploads\/2023\/01\/Bo-doi-dien-inverter-12v-220v-1000w-Suoer-SAA-1000A-150x150.jpg 150w, https:\/\/maybommini.vn\/wp-content\/uploads\/2023\/01\/Bo-doi-dien-inverter-12v-220v-1000w-Suoer-SAA-1000A-600x600.jpg 600w\" sizes=\"(max-width: 750px) 100vw, 750px\" \/><\/a>TH\u00d4NG S\u1ed0 K\u1ef8 THU\u1eacT<br \/>\n<\/strong>Th\u01b0\u01a1ng hi\u1ec7u: Suoer<br \/>\nModel: SAA-1000A<br \/>\n\u0110i\u1ec7n \u00e1p \u0111\u1ea7u ra: 220V AC<br \/>\nT\u1ea7n s\u1ed1 \u0111\u1ea7u ra: 50Hz<br \/>\nD\u1ea1ng s\u00f3ng \u0111\u1ea7u ra: S\u00f3ng sin \u0111\u00e3 s\u1eeda \u0111\u1ed5i<br \/>\nD\u1ea3i \u0111i\u1ec7n \u00e1p \u0111\u1ea7u v\u00e0o: 10V &#8211; 15V DC<br \/>\nB\u00e1o \u0111\u1ed9ng ngu\u1ed3n v\u00e0o y\u1ebfu: 10.4V &#8211; 11V DC<br \/>\nB\u1ea3o v\u1ec7 ng\u1eaft \u0111i\u1ec7n \u00e1p th\u1ea5p: 9.7V &#8211; 10.3V DC<br \/>\nB\u1ea3o v\u1ec7 ng\u1eaft \u0111i\u1ec7n \u00e1p cao: 14.5V &#8211; 15.5V DC<br \/>\nTi\u00eau hao khi kh\u00f4ng c\u00f3 t\u1ea3i AC \u1edf \u0111\u1ea7u v\u00e0o 12V: &lt;0,3A<br \/>\nHi\u1ec7u su\u1ea5t chuy\u1ec3n \u0111\u1ed5i: 70% ~ 80%<br \/>\nK\u00edch th\u01b0\u1edbc: 165 x 55 x 85 mm<br \/>\nTr\u1ecdng l\u01b0\u1ee3ng: 800 gam<\/p>\n<p><strong><a href=\"https:\/\/maybommini.com\/wp-content\/uploads\/2023\/01\/inverter-12v-220v-1000w-suoer.jpg\" target=\"_blank\" rel=\"noopener\"><img decoding=\"async\" class=\"size-full wp-image-272142 aligncenter\" src=\"https:\/\/maybommini.com\/wp-content\/uploads\/2023\/01\/inverter-12v-220v-1000w-suoer.jpg\" alt=\"Inverter 12v 220v 1000w Suoer\" width=\"750\" height=\"750\" srcset=\"https:\/\/maybommini.vn\/wp-content\/uploads\/2023\/01\/inverter-12v-220v-1000w-suoer.jpg 750w, https:\/\/maybommini.vn\/wp-content\/uploads\/2023\/01\/inverter-12v-220v-1000w-suoer-300x300.jpg 300w, https:\/\/maybommini.vn\/wp-content\/uploads\/2023\/01\/inverter-12v-220v-1000w-suoer-150x150.jpg 150w, https:\/\/maybommini.vn\/wp-content\/uploads\/2023\/01\/inverter-12v-220v-1000w-suoer-600x600.jpg 600w\" sizes=\"(max-width: 750px) 100vw, 750px\" \/><\/a><a href=\"https:\/\/maybommini.com\/wp-content\/uploads\/2023\/01\/inverter-1000w-12v.jpg\" target=\"_blank\" rel=\"noopener\"><img decoding=\"async\" class=\"size-full wp-image-272143 aligncenter\" src=\"https:\/\/maybommini.com\/wp-content\/uploads\/2023\/01\/inverter-1000w-12v.jpg\" alt=\"Inverter 1000w 12v\" width=\"750\" height=\"750\" srcset=\"https:\/\/maybommini.vn\/wp-content\/uploads\/2023\/01\/inverter-1000w-12v.jpg 750w, https:\/\/maybommini.vn\/wp-content\/uploads\/2023\/01\/inverter-1000w-12v-300x300.jpg 300w, https:\/\/maybommini.vn\/wp-content\/uploads\/2023\/01\/inverter-1000w-12v-150x150.jpg 150w, https:\/\/maybommini.vn\/wp-content\/uploads\/2023\/01\/inverter-1000w-12v-600x600.jpg 600w\" sizes=\"(max-width: 750px) 100vw, 750px\" \/><\/a><a href=\"https:\/\/maybommini.com\/wp-content\/uploads\/2023\/01\/DC-to-AC-12vdc-to-220vac.jpg\" target=\"_blank\" rel=\"noopener\"><img decoding=\"async\" class=\"size-full wp-image-272151 aligncenter\" src=\"https:\/\/maybommini.com\/wp-content\/uploads\/2023\/01\/DC-to-AC-12vdc-to-220vac.jpg\" alt=\"DC To AC 12vdc To 220vac\" width=\"750\" height=\"750\" srcset=\"https:\/\/maybommini.vn\/wp-content\/uploads\/2023\/01\/DC-to-AC-12vdc-to-220vac.jpg 750w, https:\/\/maybommini.vn\/wp-content\/uploads\/2023\/01\/DC-to-AC-12vdc-to-220vac-300x300.jpg 300w, https:\/\/maybommini.vn\/wp-content\/uploads\/2023\/01\/DC-to-AC-12vdc-to-220vac-150x150.jpg 150w, https:\/\/maybommini.vn\/wp-content\/uploads\/2023\/01\/DC-to-AC-12vdc-to-220vac-600x600.jpg 600w\" sizes=\"(max-width: 750px) 100vw, 750px\" \/><\/a><a href=\"https:\/\/maybommini.com\/wp-content\/uploads\/2023\/01\/bo-chuyen-doi-dien-12v-220v-gia-re-chinh-hang.jpg\" target=\"_blank\" rel=\"noopener\"><img decoding=\"async\" class=\"size-full wp-image-272147 aligncenter\" src=\"https:\/\/maybommini.com\/wp-content\/uploads\/2023\/01\/bo-chuyen-doi-dien-12v-220v-gia-re-chinh-hang.jpg\" alt=\"Bo Chuyen Doi Dien 12v 220v Gia Re Chinh Hang\" width=\"750\" height=\"750\" srcset=\"https:\/\/maybommini.vn\/wp-content\/uploads\/2023\/01\/bo-chuyen-doi-dien-12v-220v-gia-re-chinh-hang.jpg 750w, https:\/\/maybommini.vn\/wp-content\/uploads\/2023\/01\/bo-chuyen-doi-dien-12v-220v-gia-re-chinh-hang-300x300.jpg 300w, https:\/\/maybommini.vn\/wp-content\/uploads\/2023\/01\/bo-chuyen-doi-dien-12v-220v-gia-re-chinh-hang-150x150.jpg 150w, https:\/\/maybommini.vn\/wp-content\/uploads\/2023\/01\/bo-chuyen-doi-dien-12v-220v-gia-re-chinh-hang-600x600.jpg 600w\" sizes=\"(max-width: 750px) 100vw, 750px\" \/><\/a><a href=\"https:\/\/maybommini.com\/wp-content\/uploads\/2023\/01\/phan-phoi-inverter-Suoer-chinh-hang.jpg\" target=\"_blank\" rel=\"noopener\"><img decoding=\"async\" class=\"size-full wp-image-272145 aligncenter\" src=\"https:\/\/maybommini.com\/wp-content\/uploads\/2023\/01\/phan-phoi-inverter-Suoer-chinh-hang.jpg\" alt=\"Phan Phoi Inverter Suoer Chinh Hang\" width=\"750\" height=\"750\" srcset=\"https:\/\/maybommini.vn\/wp-content\/uploads\/2023\/01\/phan-phoi-inverter-Suoer-chinh-hang.jpg 750w, https:\/\/maybommini.vn\/wp-content\/uploads\/2023\/01\/phan-phoi-inverter-Suoer-chinh-hang-300x300.jpg 300w, https:\/\/maybommini.vn\/wp-content\/uploads\/2023\/01\/phan-phoi-inverter-Suoer-chinh-hang-150x150.jpg 150w, https:\/\/maybommini.vn\/wp-content\/uploads\/2023\/01\/phan-phoi-inverter-Suoer-chinh-hang-600x600.jpg 600w\" sizes=\"(max-width: 750px) 100vw, 750px\" \/><\/a><\/strong><\/p>\n<p><strong>HI\u1ec6U SU\u1ea4T V\u00c0 CH\u1ee8C N\u0102NG INVERTER SUOER 12V &#8211; 220V 1000W<\/strong><br \/>\n&#8211; Hi\u1ec7u su\u1ea5t chuy\u1ec3n \u0111\u1ed5i cao, ch\u1ee9c n\u0103ng kh\u1edfi \u0111\u1ed9ng m\u1ec1m th\u00f4ng minh.<br \/>\n&#8211; Qu\u1ea1t t\u1ea3n nhi\u1ec7t v\u00e0 tr\u1ea1ng th\u00e1i l\u00e0m vi\u1ec7c \u0111\u01b0\u1ee3c \u0111i\u1ec1u khi\u1ec3n qua MCU th\u00f4ng minh, gi\u00fap k\u00e9o d\u00e0i tu\u1ed5i th\u1ecd v\u00e0 gi\u00fap ti\u1ebft ki\u1ec7m \u0111i\u1ec7n n\u0103ng ti\u00eau th\u1ee5.<br \/>\n&#8211; Nhi\u1ec1u bi\u1ec7n ph\u00e1p b\u1ea3o v\u1ec7 an to\u00e0n, \u0111\u1ea7u v\u00e0o v\u00e0 \u0111\u1ea7u ra ho\u00e0n to\u00e0n c\u00e1ch ly.<br \/>\n&#8211; Th\u00f4ng minh, nh\u1eb9 v\u00e0 di \u0111\u1ed9ng, \u0111\u01b0\u1ee3c thi\u1ebft k\u1ebf \u0111\u1ec3 s\u1eed d\u1ee5ng t\u1ea1i nh\u00e0.<br \/>\n&#8211; \u1ed4 c\u1eafm \u0111a n\u0103ng, ph\u00f9 h\u1ee3p v\u1edbi m\u1ecdi lo\u1ea1i ph\u00edch c\u1eafm.<br \/>\n&#8211;\u00a0 \u0110\u1ea7u ra d\u1ea1ng s\u00f3ng \u0111\u00e3 s\u1eeda \u0111\u1ed5i, \u00e1p d\u1ee5ng cho t\u1ea3i \u0111i\u1ec7n tr\u1edf.<br \/>\n&#8211; C\u00f4ng ngh\u1ec7 \u1ed5n \u0111\u1ecbnh \u0111i\u1ec7n \u00e1p ch\u00ednh x\u00e1c cao, kh\u00f4ng c\u00f3 ti\u1ebfng \u1ed3n<\/p>\n<p>&nbsp;<\/p>\n<p><strong><a href=\"https:\/\/maybommini.com\/wp-content\/uploads\/2023\/01\/bo-chuyen-doi-dien-nang-luong-mat-troi-12v-ra-220v-1000W.jpg\" target=\"_blank\" rel=\"noopener\"><img decoding=\"async\" class=\"size-full wp-image-272148 aligncenter\" src=\"https:\/\/maybommini.com\/wp-content\/uploads\/2023\/01\/bo-chuyen-doi-dien-nang-luong-mat-troi-12v-ra-220v-1000W.jpg\" alt=\"Bo Chuyen Doi Dien Nang Luong Mat Troi 12v Ra 220v 1000W\" width=\"750\" height=\"750\" srcset=\"https:\/\/maybommini.vn\/wp-content\/uploads\/2023\/01\/bo-chuyen-doi-dien-nang-luong-mat-troi-12v-ra-220v-1000W.jpg 750w, https:\/\/maybommini.vn\/wp-content\/uploads\/2023\/01\/bo-chuyen-doi-dien-nang-luong-mat-troi-12v-ra-220v-1000W-300x300.jpg 300w, https:\/\/maybommini.vn\/wp-content\/uploads\/2023\/01\/bo-chuyen-doi-dien-nang-luong-mat-troi-12v-ra-220v-1000W-150x150.jpg 150w, https:\/\/maybommini.vn\/wp-content\/uploads\/2023\/01\/bo-chuyen-doi-dien-nang-luong-mat-troi-12v-ra-220v-1000W-600x600.jpg 600w\" sizes=\"(max-width: 750px) 100vw, 750px\" \/><\/a><a href=\"https:\/\/maybommini.com\/wp-content\/uploads\/2023\/01\/inverter-12v-220v-1000W.jpg\" target=\"_blank\" rel=\"noopener\"><img decoding=\"async\" class=\"size-full wp-image-272141 aligncenter\" src=\"https:\/\/maybommini.com\/wp-content\/uploads\/2023\/01\/inverter-12v-220v-1000W.jpg\" alt=\"Inverter 12v 220v 1000W\" width=\"750\" height=\"750\" srcset=\"https:\/\/maybommini.vn\/wp-content\/uploads\/2023\/01\/inverter-12v-220v-1000W.jpg 750w, https:\/\/maybommini.vn\/wp-content\/uploads\/2023\/01\/inverter-12v-220v-1000W-300x300.jpg 300w, https:\/\/maybommini.vn\/wp-content\/uploads\/2023\/01\/inverter-12v-220v-1000W-150x150.jpg 150w, https:\/\/maybommini.vn\/wp-content\/uploads\/2023\/01\/inverter-12v-220v-1000W-600x600.jpg 600w\" sizes=\"(max-width: 750px) 100vw, 750px\" \/><\/a><a href=\"https:\/\/maybommini.com\/wp-content\/uploads\/2023\/01\/doi-dien-12v-ra-220v-1000w.jpg\" target=\"_blank\" rel=\"noopener\"><img decoding=\"async\" class=\"size-full wp-image-272152 aligncenter\" src=\"https:\/\/maybommini.com\/wp-content\/uploads\/2023\/01\/doi-dien-12v-ra-220v-1000w.jpg\" alt=\"Doi Dien 12v Ra 220v 1000w\" width=\"750\" height=\"750\" srcset=\"https:\/\/maybommini.vn\/wp-content\/uploads\/2023\/01\/doi-dien-12v-ra-220v-1000w.jpg 750w, https:\/\/maybommini.vn\/wp-content\/uploads\/2023\/01\/doi-dien-12v-ra-220v-1000w-300x300.jpg 300w, https:\/\/maybommini.vn\/wp-content\/uploads\/2023\/01\/doi-dien-12v-ra-220v-1000w-150x150.jpg 150w, https:\/\/maybommini.vn\/wp-content\/uploads\/2023\/01\/doi-dien-12v-ra-220v-1000w-600x600.jpg 600w\" sizes=\"(max-width: 750px) 100vw, 750px\" \/><\/a>H\u01af\u1edaNG D\u1ea8N S\u1eec D\u1ee4NG BI\u1ebeN TH\u1ebe<\/strong><br \/>\n&#8211; K\u1ebft n\u1ed1i \u0111\u00fang \u0111i\u1ec7n th\u1ebf 12VDC \u0111\u1ea7u v\u00e0o cho inverter.<br \/>\n&#8211; D\u00e2y \u0111\u1ecf d\u01b0\u01a1ng (+), d\u00e2y \u0111en \u00e2m (-).<br \/>\n&#8211; \u0110i\u1ec7n th\u1ebf ra k\u1ebft n\u1ed1i v\u00e0o thi\u1ebft b\u1ecb c\u00f3 c\u00f4ng su\u1ea5t nh\u1ecf h\u01a1n Inveter.<br \/>\n&#8211; N\u00ean l\u1eafp th\u00eam c\u00f4ng t\u1eafc ch\u1ed1ng gi\u1eadt v\u00e0 b\u1ea3o v\u1ec7 ch\u1eadp m\u1ea1ch.<br \/>\n&#8211; L\u1eafp \u0111\u1eb7t n\u01a1i tho\u00e1ng m\u00e1t kh\u00f4 r\u00e1o.<\/p>\n<p><strong><a href=\"https:\/\/maybommini.com\/wp-content\/uploads\/2023\/01\/bo-doi-dien-inverter-suoer.jpg\" target=\"_blank\" rel=\"noopener\"><img decoding=\"async\" class=\"size-full wp-image-272150 aligncenter\" src=\"https:\/\/maybommini.com\/wp-content\/uploads\/2023\/01\/bo-doi-dien-inverter-suoer.jpg\" alt=\"Bo Doi Dien Inverter Suoer\" width=\"750\" height=\"750\" srcset=\"https:\/\/maybommini.vn\/wp-content\/uploads\/2023\/01\/bo-doi-dien-inverter-suoer.jpg 750w, https:\/\/maybommini.vn\/wp-content\/uploads\/2023\/01\/bo-doi-dien-inverter-suoer-300x300.jpg 300w, https:\/\/maybommini.vn\/wp-content\/uploads\/2023\/01\/bo-doi-dien-inverter-suoer-150x150.jpg 150w, https:\/\/maybommini.vn\/wp-content\/uploads\/2023\/01\/bo-doi-dien-inverter-suoer-600x600.jpg 600w\" sizes=\"(max-width: 750px) 100vw, 750px\" \/><\/a><\/strong><\/p>\n<p><strong><br \/>\n\u1ee8NG D\u1ee4NG V\u00c0 S\u1eec D\u1ee4NG INVERTER SUOER 12V &#8211; 220V 1000W<br \/>\n<\/strong>B\u1ed9 bi\u1ebfn t\u1ea7n n\u00e0y \u0111\u01b0\u1ee3c thi\u1ebft k\u1ebf \u0111\u1eb7c bi\u1ec7t \u0111\u1ec3 s\u1eed d\u1ee5ng trong gia \u0111\u00ecnh, c\u00f3 th\u1ec3 chuy\u1ec3n \u0111\u1ed5i DC 12V th\u00e0nh AC 220V v\u00e0 n\u00f3 ho\u1ea1t \u0111\u1ed9ng cho h\u1ea7u h\u1ebft c\u00e1c thi\u1ebft b\u1ecb \u0111i\u1ec7n tr\u1edf gia D\u1ee5ng nh\u01b0 m\u00e1y nghe nh\u1ea1c MP3\/MP4, \u0111i\u1ec7n tho\u1ea1i di \u0111\u1ed9ng, m\u00e1y t\u00ednh x\u00e1ch tay, \u0111\u00e8n kh\u1ea9n c\u1ea5p, ch\u0103n \u0111i\u1ec7n, m\u00e1y c\u1ea1o r\u00e2u, n\u1ed3i c\u01a1m \u0111i\u1ec7n, m\u00e1y \u1ea3nh k\u1ef9 thu\u1eadt s\u1ed1, video k\u1ef9 thu\u1eadt s\u1ed1, \u0111\u1ea7u \u0111\u0129a CD\/DVD, M\u00e1y ch\u01a1i game XBOX\/PS4, \u0111\u00e8n \u0111i\u1ec7n th\u00f4ng th\u01b0\u1eddng, B\u00f3ng \u0111\u00e8n, \u0111\u00e8n hu\u1ef3nh quang, n\u1ed3i c\u01a1m \u0111i\u1ec7n, b\u00e0n l\u00e0 \u0111i\u1ec7n, m\u00e1y t\u00ednh \u0111\u1ec3 b\u00e0n, k\u00ednh graphoscope, m\u00e1y fax, m\u00e1y in, TV LCD, qu\u1ea1t \u0111i\u1ec7n, b\u1ed9 s\u1ea1c \u0111i\u1ec7n tho\u1ea1i di \u0111\u1ed9ng, b\u00e0n \u1ee7i \u0111i\u1ec7n, m\u00e1y l\u1ecdc n\u01b0\u1edbc, m\u00e1y s\u1ea5y t\u00f3c, v.v. , b\u1ebfp t\u1eeb, m\u00e1y khoan \u0111i\u1ec7n, m\u00e1y n\u00e9n kh\u00ed, m\u00e1y l\u1ea1nh, \u0111\u00e8n natri, v.v.<br \/>\nH\u1ec7 th\u1ed1ng n\u0103ng l\u01b0\u1ee3ng m\u1eb7t tr\u1eddi v\u00e0 \u0111i\u1ec7n gi\u00f3.<br \/>\nH\u1ec7 th\u1ed1ng l\u01b0u \u0111i\u1ec7n UPS.<br \/>\nH\u1ec7 th\u1ed1ng k\u00edch \u0111i\u1ec7n d\u1ef1 ph\u00f2ng v\u00e0 nhi\u1ec1u \u1ee9ng d\u1ee5ng kh\u00e1c.<\/p>\n<p><strong><a href=\"https:\/\/maybommini.com\/wp-content\/uploads\/2023\/01\/so-do-he-thong-nang-luong-mat-troi-12V-ra-220v-1000W-suoer.jpg\" target=\"_blank\" rel=\"noopener\"><img decoding=\"async\" class=\"size-full wp-image-272146 aligncenter\" src=\"https:\/\/maybommini.com\/wp-content\/uploads\/2023\/01\/so-do-he-thong-nang-luong-mat-troi-12V-ra-220v-1000W-suoer.jpg\" alt=\"So Do He Thong Nang Luong Mat Troi 12V Ra 220v 1000W Suoer\" width=\"750\" height=\"750\" srcset=\"https:\/\/maybommini.vn\/wp-content\/uploads\/2023\/01\/so-do-he-thong-nang-luong-mat-troi-12V-ra-220v-1000W-suoer.jpg 750w, https:\/\/maybommini.vn\/wp-content\/uploads\/2023\/01\/so-do-he-thong-nang-luong-mat-troi-12V-ra-220v-1000W-suoer-300x300.jpg 300w, https:\/\/maybommini.vn\/wp-content\/uploads\/2023\/01\/so-do-he-thong-nang-luong-mat-troi-12V-ra-220v-1000W-suoer-150x150.jpg 150w, https:\/\/maybommini.vn\/wp-content\/uploads\/2023\/01\/so-do-he-thong-nang-luong-mat-troi-12V-ra-220v-1000W-suoer-600x600.jpg 600w\" sizes=\"(max-width: 750px) 100vw, 750px\" \/><\/a><\/strong><\/p>\n<p style=\"text-align: center;\"><strong>B\u1ed9 inverter 12V ra 220V 1000W SUOER SAA-1000AF <\/strong><\/p>\n<p style=\"text-align: left;\"><strong>MUA INVERTER SUOER 12V &#8211; 220V 1000W \u1ede \u0110\u00c2U CH\u00cdNH H\u00c3NG GI\u00c1 T\u1ed0T ?\u00a0<\/strong><br \/>\nCh\u00fang t\u00f4i chuy\u00ean cung c\u1ea5p thi\u1ebft b\u1ecb \u0111i\u1ec7n, ngu\u1ed3n \u0111i\u1ec7n, bi\u1ebfn th\u1ebf, bi\u1ebfn \u00e1p, t\u0103ng ph\u00f4 \u0111i\u1ec7n, adapter, inverter, ngu\u1ed3n t\u1ed5 ong, s\u1ea1c pin s\u1ea1c b\u00ecnh v\u1edbi gi\u00e1 t\u1ed1t ch\u00ednh h\u00e3ng c\u00f3 b\u1ea3o h\u00e0nh tr\u00ean to\u00e0n qu\u1ed1c.<br \/>\n<strong>CTY TNHH TH\u01af\u01a0NG M\u1ea0I D\u1ecaCH V\u1ee4 \u0110I\u1ec6N M\u00c1Y TH\u00d4NG MINH<\/strong><br \/>\n<strong>Hotline:<\/strong> <a href=\"tel:02873030399\">02873030399<\/a> \u2013 <a href=\"tel:0907294310\">0907294310<\/a> &#8211; <a href=\"tel:0908997823\">0908997823<\/a> &#8211; <a href=\"tel:0908997872\">0908997872<\/a><br \/>\n<strong>Email:<\/strong>\u00a0maybommini.com@gmail.com<br \/>\n<strong>Website:<\/strong>\u00a0<a href=\"https:\/\/maybommini.com\" target=\"_blank\" rel=\"noopener\">https:\/\/maybommini.com<\/a><br \/>\n<strong>Youtube demo:<\/strong> <a title=\"Youtube M\u00e1y B\u01a1m Mini\" href=\"https:\/\/www.youtube.com\/bahamasali\" target=\"_blank\" rel=\"noopener\">M\u00e1y B\u01a1m Mini<\/a><\/p>\n<p><a class=\"swipebox\" title=\"\" href=\"https:\/\/maybommini.com\/wp-content\/uploads\/2022\/07\/thong-tin-lien-he-may-bom-mini.jpg\" data-rel=\"lightbox-image-15\" data-rl_title=\"\" data-rl_caption=\"\" data-rl_ target=\"_blank\" rel=\"noopener\"><img decoding=\"async\" class=\"size-full wp-image-270584 aligncenter lazyloaded\" src=\"https:\/\/maybommini.com\/wp-content\/uploads\/2022\/07\/thong-tin-lien-he-may-bom-mini.jpg\" sizes=\"(max-width: 750px) 100vw, 750px\" srcset=\"https:\/\/maybommini.com\/wp-content\/uploads\/2022\/07\/thong-tin-lien-he-may-bom-mini.jpg 750w, https:\/\/maybommini.com\/wp-content\/uploads\/2022\/07\/thong-tin-lien-he-may-bom-mini-300x202.jpg 300w, https:\/\/maybommini.com\/wp-content\/uploads\/2022\/07\/thong-tin-lien-he-may-bom-mini-600x405.jpg 600w\" alt=\"Thong Tin Lien He May Bom Mini\" width=\"750\" height=\"506\" data-lazy-srcset=\"https:\/\/maybommini.com\/wp-content\/uploads\/2022\/07\/thong-tin-lien-he-may-bom-mini.jpg 750w, https:\/\/maybommini.com\/wp-content\/uploads\/2022\/07\/thong-tin-lien-he-may-bom-mini-300x202.jpg 300w, https:\/\/maybommini.com\/wp-content\/uploads\/2022\/07\/thong-tin-lien-he-may-bom-mini-600x405.jpg 600w\" data-lazy-sizes=\"(max-width: 750px) 100vw, 750px\" data-lazy-src=\"https:\/\/maybommini.com\/wp-content\/uploads\/2022\/07\/thong-tin-lien-he-may-bom-mini.jpg\" data-was-processed=\"true\" \/><\/a><\/p>\n","protected":false},"excerpt":{"rendered":"<p>Th\u01b0\u01a1ng hi\u1ec7u: Suoer<br \/>\nModel: SAA-1000A<br \/>\n\u0110i\u1ec7n \u00e1p \u0111\u1ea7u ra: 220V AC<br \/>\nT\u1ea7n s\u1ed1 \u0111\u1ea7u ra: 50Hz<br \/>\nD\u1ea1ng s\u00f3ng \u0111\u1ea7u ra: S\u00f3ng sin \u0111\u00e3 s\u1eeda \u0111\u1ed5i<br \/>\nD\u1ea3i \u0111i\u1ec7n \u00e1p \u0111\u1ea7u v\u00e0o: 10V &#8211; 15V DC<br \/>\nB\u00e1o \u0111\u1ed9ng ngu\u1ed3n v\u00e0o y\u1ebfu: 10.4V &#8211; 11V DC<br \/>\nB\u1ea3o v\u1ec7 ng\u1eaft \u0111i\u1ec7n \u00e1p th\u1ea5p: 9.7V &#8211; 10.3V DC<br \/>\nB\u1ea3o v\u1ec7 ng\u1eaft \u0111i\u1ec7n \u00e1p cao: 14.5V &#8211; 15.5V DC<br \/>\nTi\u00eau hao khi kh\u00f4ng c\u00f3 t\u1ea3i AC \u1edf \u0111\u1ea7u v\u00e0o 12V: &lt;0,3A<br \/>\nHi\u1ec7u su\u1ea5t chuy\u1ec3n \u0111\u1ed5i: 70% ~ 80%<br \/>\nK\u00edch th\u01b0\u1edbc: 165 x 55 x 85 mm<br \/>\nTr\u1ecdng l\u01b0\u1ee3ng: 800 gam<br \/>\nB\u1ea3o h\u00e0nh: 3 th\u00e1ng.<br \/>\n<strong>Gi\u00e1 t\u1ed1t mua s\u1ed1 l\u01b0\u1ee3ng.<\/strong><\/p>\n","protected":false},"featured_media":272149,"comment_status":"open","ping_status":"closed","template":"","meta":[],"product_brand":[],"product_cat":[631,788,3132],"product_tag":[3752,961,3750,416,3749,3911,352,791,3748,3910,3751],"class_list":{"0":"post-272140","1":"product","2":"type-product","3":"status-publish","4":"has-post-thumbnail","6":"product_cat-nang-luong-mat-troi","7":"product_cat-bien-the-inverter","8":"product_cat-nguon-dien-bien-the-adapter","9":"product_tag-12vac","10":"product_tag-bien-ap","11":"product_tag-bien-ap-ac","12":"product_tag-bien-the","13":"product_tag-bien-the-ac","14":"product_tag-dc-to-ac","15":"product_tag-doi-dien","16":"product_tag-inverter","17":"product_tag-nguon-dien-ac","18":"product_tag-suoer","19":"product_tag-tang-pho","21":"first","22":"instock","23":"sale","24":"shipping-taxable","25":"purchasable","26":"product-type-simple"},"_links":{"self":[{"href":"https:\/\/maybommini.vn\/index.php?rest_route=\/wp\/v2\/product\/272140","targetHints":{"allow":["GET"]}}],"collection":[{"href":"https:\/\/maybommini.vn\/index.php?rest_route=\/wp\/v2\/product"}],"about":[{"href":"https:\/\/maybommini.vn\/index.php?rest_route=\/wp\/v2\/types\/product"}],"replies":[{"embeddable":true,"href":"https:\/\/maybommini.vn\/index.php?rest_route=%2Fwp%2Fv2%2Fcomments&post=272140"}],"wp:featuredmedia":[{"embeddable":true,"href":"https:\/\/maybommini.vn\/index.php?rest_route=\/wp\/v2\/media\/272149"}],"wp:attachment":[{"href":"https:\/\/maybommini.vn\/index.php?rest_route=%2Fwp%2Fv2%2Fmedia&parent=272140"}],"wp:term":[{"taxonomy":"product_brand","embeddable":true,"href":"https:\/\/maybommini.vn\/index.php?rest_route=%2Fwp%2Fv2%2Fproduct_brand&post=272140"},{"taxonomy":"product_cat","embeddable":true,"href":"https:\/\/maybommini.vn\/index.php?rest_route=%2Fwp%2Fv2%2Fproduct_cat&post=272140"},{"taxonomy":"product_tag","embeddable":true,"href":"https:\/\/maybommini.vn\/index.php?rest_route=%2Fwp%2Fv2%2Fproduct_tag&post=272140"}],"curies":[{"name":"wp","href":"https:\/\/api.w.org\/{rel}","templated":true}]}}