{"id":272212,"date":"2023-01-07T09:47:11","date_gmt":"2023-01-07T02:47:11","guid":{"rendered":"https:\/\/maybommini.com\/?post_type=product&#038;p=272212"},"modified":"2024-01-04T14:26:21","modified_gmt":"2024-01-04T07:26:21","slug":"sung-xit-ap-luc-cao-dau-nhon-inox-qm","status":"publish","type":"product","link":"https:\/\/maybommini.vn\/?product=sung-xit-ap-luc-cao-dau-nhon-inox-qm","title":{"rendered":"S\u00fang x\u1ecbt \u00e1p l\u1ef1c cao \u0111\u1ea7u nh\u1ecdn inox QM"},"content":{"rendered":"<h4>Ph\u00e2n ph\u1ed1i s\u00fang x\u1ecbt \u00e1p l\u1ef1c cao \u0111\u1ea7u nh\u1ecdn inox QM ch\u1ea5t l\u01b0\u1ee3ng ch\u00ednh h\u00e3ng gi\u00e1 t\u1ed1t. S\u1eed d\u1ee5ng s\u00fang x\u1ecbt cho m\u00e1y x\u1ecbt \u00e1p l\u1ef1c phun x\u1ecbt r\u1eeda xe, phun x\u1ecbt r\u1eeda v\u1ec7 sinh m\u00e1y l\u1ea1nh \u0111i\u1ec1u h\u00f2a, phun x\u1ecbt t\u01b0\u1edbi c\u00e2y v\u00e0 x\u1ecbt r\u1eeda v\u1ec7 sinh nh\u00e0 c\u1eeda.<\/h4>\n<p style=\"text-align: center;\"><strong><a href=\"https:\/\/maybommini.com\/wp-content\/uploads\/2023\/01\/voi-xit-rua-xe-tuoi-cay-ve-sinh-may-lanh-inox-QM-dau-nhon.jpg\" target=\"_blank\" rel=\"noopener\"><img decoding=\"async\" class=\"size-full wp-image-272213 aligncenter\" src=\"https:\/\/maybommini.com\/wp-content\/uploads\/2023\/01\/voi-xit-rua-xe-tuoi-cay-ve-sinh-may-lanh-inox-QM-dau-nhon.jpg\" alt=\"Voi Xit Rua Xe Tuoi Cay Ve Sinh May Lanh Inox QM Dau Nhon\" width=\"750\" height=\"750\" srcset=\"https:\/\/maybommini.vn\/wp-content\/uploads\/2023\/01\/voi-xit-rua-xe-tuoi-cay-ve-sinh-may-lanh-inox-QM-dau-nhon.jpg 750w, https:\/\/maybommini.vn\/wp-content\/uploads\/2023\/01\/voi-xit-rua-xe-tuoi-cay-ve-sinh-may-lanh-inox-QM-dau-nhon-300x300.jpg 300w, https:\/\/maybommini.vn\/wp-content\/uploads\/2023\/01\/voi-xit-rua-xe-tuoi-cay-ve-sinh-may-lanh-inox-QM-dau-nhon-150x150.jpg 150w, https:\/\/maybommini.vn\/wp-content\/uploads\/2023\/01\/voi-xit-rua-xe-tuoi-cay-ve-sinh-may-lanh-inox-QM-dau-nhon-600x600.jpg 600w\" sizes=\"(max-width: 750px) 100vw, 750px\" \/><\/a><br \/>\n<iframe title=\"YouTube video player\" src=\"https:\/\/www.youtube.com\/embed\/u0qNa86a4ZU?si=5Tl18FFglpkAhMOv\" width=\"560\" height=\"315\" frameborder=\"0\" allowfullscreen=\"allowfullscreen\"><\/iframe><\/strong><\/p>\n<p>TH\u00d4NG S\u1ed0 K\u1ef8 THU\u1eacT<br \/>\nTh\u01b0\u01a1ng hi\u1ec7u: QM<br \/>\nModel: QM-13-INOX-NHON<br \/>\nLo\u1ea1i s\u00fang x\u1ecbt v\u00f2i x\u1ecbt \u00e1p l\u1ef1c cao c\u1ea5p<br \/>\n\u0110\u1ea7u phun ki\u1ec3u tia theo c\u00f2 s\u00fang.<br \/>\nRen n\u1ed1i: 13mm trong.<br \/>\nCh\u1ea5t li\u1ec7u: Inox &#8211; Nh\u1ef1a<br \/>\nK\u00edch th\u01b0\u1edbc: mm<br \/>\nTr\u1ecdng l\u01b0\u1ee3ng: 500 gam<br \/>\n<a href=\"https:\/\/maybommini.com\/wp-content\/uploads\/2023\/01\/sung-xit-voi-xit-cao-cap-chinh-ap-inox.jpg\" target=\"_blank\" rel=\"noopener\"><img decoding=\"async\" class=\"size-full wp-image-272222 aligncenter\" src=\"https:\/\/maybommini.com\/wp-content\/uploads\/2023\/01\/sung-xit-voi-xit-cao-cap-chinh-ap-inox.jpg\" alt=\"Sung Xit Voi Xit Cao Cap Chinh Ap Inox\" width=\"750\" height=\"750\" srcset=\"https:\/\/maybommini.vn\/wp-content\/uploads\/2023\/01\/sung-xit-voi-xit-cao-cap-chinh-ap-inox.jpg 750w, https:\/\/maybommini.vn\/wp-content\/uploads\/2023\/01\/sung-xit-voi-xit-cao-cap-chinh-ap-inox-300x300.jpg 300w, https:\/\/maybommini.vn\/wp-content\/uploads\/2023\/01\/sung-xit-voi-xit-cao-cap-chinh-ap-inox-150x150.jpg 150w, https:\/\/maybommini.vn\/wp-content\/uploads\/2023\/01\/sung-xit-voi-xit-cao-cap-chinh-ap-inox-600x600.jpg 600w\" sizes=\"(max-width: 750px) 100vw, 750px\" \/><\/a><a href=\"https:\/\/maybommini.com\/wp-content\/uploads\/2023\/01\/sung-xit-rua-xe-ap-luc-cao-inox-dau-nhon-QM.jpg\" target=\"_blank\" rel=\"noopener\"><img decoding=\"async\" class=\"size-full wp-image-272221 aligncenter\" src=\"https:\/\/maybommini.com\/wp-content\/uploads\/2023\/01\/sung-xit-rua-xe-ap-luc-cao-inox-dau-nhon-QM.jpg\" alt=\"Sung Xit Rua Xe Ap Luc Cao Inox Dau Nhon QM\" width=\"750\" height=\"750\" srcset=\"https:\/\/maybommini.vn\/wp-content\/uploads\/2023\/01\/sung-xit-rua-xe-ap-luc-cao-inox-dau-nhon-QM.jpg 750w, https:\/\/maybommini.vn\/wp-content\/uploads\/2023\/01\/sung-xit-rua-xe-ap-luc-cao-inox-dau-nhon-QM-300x300.jpg 300w, https:\/\/maybommini.vn\/wp-content\/uploads\/2023\/01\/sung-xit-rua-xe-ap-luc-cao-inox-dau-nhon-QM-150x150.jpg 150w, https:\/\/maybommini.vn\/wp-content\/uploads\/2023\/01\/sung-xit-rua-xe-ap-luc-cao-inox-dau-nhon-QM-600x600.jpg 600w\" sizes=\"(max-width: 750px) 100vw, 750px\" \/><\/a><a href=\"https:\/\/maybommini.com\/wp-content\/uploads\/2023\/01\/Sung-xit-ap-luc-cao-inox-dau-nhon-QM.jpg\" target=\"_blank\" rel=\"noopener\"><img decoding=\"async\" class=\"size-full wp-image-272219 aligncenter\" src=\"https:\/\/maybommini.com\/wp-content\/uploads\/2023\/01\/Sung-xit-ap-luc-cao-inox-dau-nhon-QM.jpg\" alt=\"Sung Xit Ap Luc Cao Inox Dau Nhon QM\" width=\"750\" height=\"750\" srcset=\"https:\/\/maybommini.vn\/wp-content\/uploads\/2023\/01\/Sung-xit-ap-luc-cao-inox-dau-nhon-QM.jpg 750w, https:\/\/maybommini.vn\/wp-content\/uploads\/2023\/01\/Sung-xit-ap-luc-cao-inox-dau-nhon-QM-300x300.jpg 300w, https:\/\/maybommini.vn\/wp-content\/uploads\/2023\/01\/Sung-xit-ap-luc-cao-inox-dau-nhon-QM-150x150.jpg 150w, https:\/\/maybommini.vn\/wp-content\/uploads\/2023\/01\/Sung-xit-ap-luc-cao-inox-dau-nhon-QM-600x600.jpg 600w\" sizes=\"(max-width: 750px) 100vw, 750px\" \/><\/a><a href=\"https:\/\/maybommini.com\/wp-content\/uploads\/2023\/01\/sung-inox-dau-nhon-QM-cao-cap.jpg\" target=\"_blank\" rel=\"noopener\"><img decoding=\"async\" class=\"size-full wp-image-272217 aligncenter\" src=\"https:\/\/maybommini.com\/wp-content\/uploads\/2023\/01\/sung-inox-dau-nhon-QM-cao-cap.jpg\" alt=\"Sung Inox Dau Nhon QM Cao Cap\" width=\"750\" height=\"750\" srcset=\"https:\/\/maybommini.vn\/wp-content\/uploads\/2023\/01\/sung-inox-dau-nhon-QM-cao-cap.jpg 750w, https:\/\/maybommini.vn\/wp-content\/uploads\/2023\/01\/sung-inox-dau-nhon-QM-cao-cap-300x300.jpg 300w, https:\/\/maybommini.vn\/wp-content\/uploads\/2023\/01\/sung-inox-dau-nhon-QM-cao-cap-150x150.jpg 150w, https:\/\/maybommini.vn\/wp-content\/uploads\/2023\/01\/sung-inox-dau-nhon-QM-cao-cap-600x600.jpg 600w\" sizes=\"(max-width: 750px) 100vw, 750px\" \/><\/a><a href=\"https:\/\/maybommini.com\/wp-content\/uploads\/2023\/01\/dau-nhon-bec-xit-sung-ap-luc-cao-inox-QM.jpg\" target=\"_blank\" rel=\"noopener\"><img decoding=\"async\" class=\"size-full wp-image-272215 aligncenter\" src=\"https:\/\/maybommini.com\/wp-content\/uploads\/2023\/01\/dau-nhon-bec-xit-sung-ap-luc-cao-inox-QM.jpg\" alt=\"Dau Nhon Bec Xit Sung Ap Luc Cao Inox QM\" width=\"750\" height=\"750\" srcset=\"https:\/\/maybommini.vn\/wp-content\/uploads\/2023\/01\/dau-nhon-bec-xit-sung-ap-luc-cao-inox-QM.jpg 750w, https:\/\/maybommini.vn\/wp-content\/uploads\/2023\/01\/dau-nhon-bec-xit-sung-ap-luc-cao-inox-QM-300x300.jpg 300w, https:\/\/maybommini.vn\/wp-content\/uploads\/2023\/01\/dau-nhon-bec-xit-sung-ap-luc-cao-inox-QM-150x150.jpg 150w, https:\/\/maybommini.vn\/wp-content\/uploads\/2023\/01\/dau-nhon-bec-xit-sung-ap-luc-cao-inox-QM-600x600.jpg 600w\" sizes=\"(max-width: 750px) 100vw, 750px\" \/><\/a><\/p>\n<p><strong>H\u01af\u1edaNG D\u1ea8N S\u1eec D\u1ee4NG S\u00daNG X\u1ecaT \u00c1P L\u1ef0C<\/strong><br \/>\n&#8211; D\u00f9ng v\u1edbi m\u00e1y \u00e1p l\u1ef1c cao.<br \/>\n&#8211; D\u00f9ng cho h\u1ec7 th\u1ed1ng c\u1ea5p n\u01b0\u1edbc c\u00f3 \u00e1p l\u1ef1c m\u1ea1nh.<br \/>\n&#8211; K\u1ebft n\u1ed1i \u1ed1ng v\u00e0o ren s\u00fang x\u1ecbt.<br \/>\n&#8211; B\u00f3p c\u00f2 s\u00fang \u0111\u1ec3 phun x\u1ecbt.<br \/>\n&#8211; Ch\u1ebf \u0111\u1ed9 tia phun x\u1ecbt ph\u1ee5 thu\u1ed9c b\u00f3p c\u00f2 s\u00fang x\u1ecbt m\u1ea1nh hay y\u1ebfu.<\/p>\n<p><a href=\"https:\/\/maybommini.com\/wp-content\/uploads\/2023\/01\/Ren-trong-13mm-sung-xit-inox-QM.jpg\" target=\"_blank\" rel=\"noopener\"><img decoding=\"async\" class=\"size-full wp-image-272216 aligncenter\" src=\"https:\/\/maybommini.com\/wp-content\/uploads\/2023\/01\/Ren-trong-13mm-sung-xit-inox-QM.jpg\" alt=\"Ren Trong 13mm Sung Xit Inox QM\" width=\"750\" height=\"750\" srcset=\"https:\/\/maybommini.vn\/wp-content\/uploads\/2023\/01\/Ren-trong-13mm-sung-xit-inox-QM.jpg 750w, https:\/\/maybommini.vn\/wp-content\/uploads\/2023\/01\/Ren-trong-13mm-sung-xit-inox-QM-300x300.jpg 300w, https:\/\/maybommini.vn\/wp-content\/uploads\/2023\/01\/Ren-trong-13mm-sung-xit-inox-QM-150x150.jpg 150w, https:\/\/maybommini.vn\/wp-content\/uploads\/2023\/01\/Ren-trong-13mm-sung-xit-inox-QM-600x600.jpg 600w\" sizes=\"(max-width: 750px) 100vw, 750px\" \/><\/a><a href=\"https:\/\/maybommini.com\/wp-content\/uploads\/2023\/01\/co-sung-xit-inox-ap-luc-cao-Qm.jpg\" target=\"_blank\" rel=\"noopener\"><img decoding=\"async\" class=\"size-full wp-image-272214 aligncenter\" src=\"https:\/\/maybommini.com\/wp-content\/uploads\/2023\/01\/co-sung-xit-inox-ap-luc-cao-Qm.jpg\" alt=\"Co Sung Xit Inox Ap Luc Cao Qm\" width=\"750\" height=\"750\" srcset=\"https:\/\/maybommini.vn\/wp-content\/uploads\/2023\/01\/co-sung-xit-inox-ap-luc-cao-Qm.jpg 750w, https:\/\/maybommini.vn\/wp-content\/uploads\/2023\/01\/co-sung-xit-inox-ap-luc-cao-Qm-300x300.jpg 300w, https:\/\/maybommini.vn\/wp-content\/uploads\/2023\/01\/co-sung-xit-inox-ap-luc-cao-Qm-150x150.jpg 150w, https:\/\/maybommini.vn\/wp-content\/uploads\/2023\/01\/co-sung-xit-inox-ap-luc-cao-Qm-600x600.jpg 600w\" sizes=\"(max-width: 750px) 100vw, 750px\" \/><\/a><\/p>\n<p><strong>\u1ee8NG D\u1ee4NG V\u00c0 S\u1eec D\u1ee4NG S\u00daNG X\u1ecaT \u00c1P L\u1ef0C<\/strong><br \/>\n&#8211; S\u00fang x\u1ecbt r\u1eeda xe \u00e1p l\u1ef1c cao.<br \/>\n&#8211; S\u00fang x\u1ecbt r\u1eeda v\u1ec7 sinh m\u00e1y l\u1ea1nh \u0111i\u1ec1u h\u00f2a gia \u0111\u00ecnh v\u00e0 chuy\u00ean nghi\u1ec7p.<br \/>\n&#8211; S\u00fang phun x\u1ecbt t\u01b0\u1edbi c\u00e2y, phun l\u00e0m m\u00e1t.<br \/>\n&#8211; V\u00f2i phun x\u1ecbt r\u1eeda nh\u00e0 c\u1eeda s\u00e2n v\u01b0\u1eddn, b\u1ebfp.<br \/>\n&#8211; S\u00fang phun x\u1ecbt \u00e1p l\u1ef1c trong h\u1ec7 th\u1ed1ng v\u1ec7 sinh.<br \/>\n&#8211; V\u00e0 \u1ee9ng d\u1ee5ng cho nhi\u1ec1u \u1ee9ng d\u1ee5ng kh\u00e1c.<\/p>\n<p><a href=\"https:\/\/maybommini.com\/wp-content\/uploads\/2023\/01\/sung-voi-phun-ap-luc-cao-QM-inox-dau-nhon.jpg\" target=\"_blank\" rel=\"noopener\"><img decoding=\"async\" class=\"size-full wp-image-272218 aligncenter\" src=\"https:\/\/maybommini.com\/wp-content\/uploads\/2023\/01\/sung-voi-phun-ap-luc-cao-QM-inox-dau-nhon.jpg\" alt=\"Sung Voi Phun Ap Luc Cao QM Inox Dau Nhon\" width=\"750\" height=\"750\" srcset=\"https:\/\/maybommini.vn\/wp-content\/uploads\/2023\/01\/sung-voi-phun-ap-luc-cao-QM-inox-dau-nhon.jpg 750w, https:\/\/maybommini.vn\/wp-content\/uploads\/2023\/01\/sung-voi-phun-ap-luc-cao-QM-inox-dau-nhon-300x300.jpg 300w, https:\/\/maybommini.vn\/wp-content\/uploads\/2023\/01\/sung-voi-phun-ap-luc-cao-QM-inox-dau-nhon-150x150.jpg 150w, https:\/\/maybommini.vn\/wp-content\/uploads\/2023\/01\/sung-voi-phun-ap-luc-cao-QM-inox-dau-nhon-600x600.jpg 600w\" sizes=\"(max-width: 750px) 100vw, 750px\" \/><\/a><\/p>\n<h4 style=\"text-align: center;\">S\u00fang x\u1ecbt \u00e1p l\u1ef1c cao \u0111\u1ea7u nh\u1ecdn inox QM<\/h4>\n<p><strong>MUA S\u00daNG X\u1ecaT \u00c1P L\u1ef0C &#8211; M\u00c1Y R\u1eecA XE V\u1ec6 SINH M\u00c1Y L\u1ea0NH \u1ede \u0110\u00c2U ?<\/strong><br \/>\nChuy\u00ean cung c\u1ea5p ph\u00e2n ph\u1ed1i m\u00e1y x\u1ecbt r\u1eeda \u00e1p l\u1ef1c cao \u0111a n\u0103ng, m\u00e1y r\u1eeda xe gia \u0111\u00ecnh, m\u00e1y x\u1ecbt r\u1eeda chuy\u00ean nghi\u1ec7p, \u1ed1ng \u00e1p l\u1ef1c cao, s\u00fang v\u00f2i phun \u00e1p l\u1ef1c, b\u00e9c x\u1ecbt \u00e1p l\u1ef1c, ph\u1ee5 ki\u1ec7n m\u00e1y r\u1eeda xe, \u0111\u1ea7u b\u01a1m m\u00e1y r\u1eeda xe, b\u00ecnh phun b\u1ecdt tuy\u1ebft, Dung d\u1ecbch r\u1eeda xe b\u1ecdt tuy\u1ebft, s\u1eeda ch\u1eefa m\u00e1y r\u1eeda xe.<\/p>\n<p><strong>CTY TNHH TH\u01af\u01a0NG M\u1ea0I D\u1ecaCH V\u1ee4 \u0110I\u1ec6N M\u00c1Y TH\u00d4NG MINH<\/strong><br \/>\n<strong>Hotline:<\/strong>\u00a0<a href=\"tel:02873030399\">02873030399<\/a>\u00a0\u2013\u00a0<a href=\"tel:0907294310\">0907294310<\/a>\u00a0\u2013\u00a0<a href=\"tel:0908997823\">0908997823<\/a>\u00a0\u2013\u00a0<a href=\"tel:0908997872\">0908997872<\/a><br \/>\n<strong>Email:<\/strong>\u00a0maybommini.com@gmail.com<br \/>\n<strong>Website:<\/strong>\u00a0<a href=\"https:\/\/maybommini.com\/\" target=\"_blank\" rel=\"noopener\">https:\/\/maybommini.com<\/a><br \/>\n<strong>Youtube:<\/strong>\u00a0<a title=\"MayBomMini\" href=\"https:\/\/www.youtube.com\/@MayBomMini\" target=\"_blank\" rel=\"noopener\">https:\/\/www.youtube.com\/@MayBomMini<\/a><\/p>\n<h5><strong><a class=\"swipebox\" title=\"\" href=\"https:\/\/maybommini.com\/wp-content\/uploads\/2022\/07\/thong-tin-lien-he-may-bom-mini.jpg\" data-rel=\"lightbox-image-bGlnaHRib3gtaW1hZ2UtYkdsbmFIUmliM2d0YVcxaFoyVXRNVEk9\" data-rl_title=\"\" data-rl_caption=\"\" data-rl_ target=\"_blank\" rel=\"noopener\"><img decoding=\"async\" class=\"size-full wp-image-270584 lazyloaded aligncenter\" src=\"https:\/\/maybommini.com\/wp-content\/uploads\/2022\/07\/thong-tin-lien-he-may-bom-mini.jpg\" sizes=\"(max-width: 750px) 100vw, 750px\" srcset=\"https:\/\/maybommini.com\/wp-content\/uploads\/2022\/07\/thong-tin-lien-he-may-bom-mini.jpg 750w, https:\/\/maybommini.com\/wp-content\/uploads\/2022\/07\/thong-tin-lien-he-may-bom-mini-300x202.jpg 300w, https:\/\/maybommini.com\/wp-content\/uploads\/2022\/07\/thong-tin-lien-he-may-bom-mini-600x405.jpg 600w\" alt=\"Thong Tin Lien He May Bom Mini\" width=\"750\" height=\"506\" data-lazy-srcset=\"https:\/\/maybommini.com\/wp-content\/uploads\/2022\/07\/thong-tin-lien-he-may-bom-mini.jpg 750w, https:\/\/maybommini.com\/wp-content\/uploads\/2022\/07\/thong-tin-lien-he-may-bom-mini-300x202.jpg 300w, https:\/\/maybommini.com\/wp-content\/uploads\/2022\/07\/thong-tin-lien-he-may-bom-mini-600x405.jpg 600w\" data-lazy-sizes=\"(max-width: 750px) 100vw, 750px\" data-lazy-src=\"https:\/\/maybommini.com\/wp-content\/uploads\/2022\/07\/thong-tin-lien-he-may-bom-mini.jpg\" data-was-processed=\"true\" \/><\/a><\/strong><\/h5>\n<h3><strong><a class=\"swipebox\" title=\"\" href=\"https:\/\/maybommini.com\/wp-content\/uploads\/2021\/02\/may-bom-mini-lien-he-mua-hang-va-bao-hanh.jpg\" data-rel=\"lightbox-image-16\" data-rl_title=\"\" data-rl_caption=\"\" data-rl_ target=\"_blank\" rel=\"noopener\"><img decoding=\"async\" class=\"size-full wp-image-268127 lazyloaded aligncenter\" src=\"https:\/\/maybommini.com\/wp-content\/uploads\/2021\/02\/may-bom-mini-lien-he-mua-hang-va-bao-hanh.jpg\" sizes=\"(max-width: 750px) 100vw, 750px\" srcset=\"https:\/\/maybommini.com\/wp-content\/uploads\/2021\/02\/may-bom-mini-lien-he-mua-hang-va-bao-hanh.jpg 750w, https:\/\/maybommini.com\/wp-content\/uploads\/2021\/02\/may-bom-mini-lien-he-mua-hang-va-bao-hanh-300x300.jpg 300w, https:\/\/maybommini.com\/wp-content\/uploads\/2021\/02\/may-bom-mini-lien-he-mua-hang-va-bao-hanh-600x600.jpg 600w, https:\/\/maybommini.com\/wp-content\/uploads\/2021\/02\/may-bom-mini-lien-he-mua-hang-va-bao-hanh-150x150.jpg 150w\" alt=\"May Bom Mini Lien He Mua Hang Va Bao Hanh\" width=\"750\" height=\"750\" data-lazy-srcset=\"https:\/\/maybommini.com\/wp-content\/uploads\/2021\/02\/may-bom-mini-lien-he-mua-hang-va-bao-hanh.jpg 750w, https:\/\/maybommini.com\/wp-content\/uploads\/2021\/02\/may-bom-mini-lien-he-mua-hang-va-bao-hanh-300x300.jpg 300w, https:\/\/maybommini.com\/wp-content\/uploads\/2021\/02\/may-bom-mini-lien-he-mua-hang-va-bao-hanh-600x600.jpg 600w, https:\/\/maybommini.com\/wp-content\/uploads\/2021\/02\/may-bom-mini-lien-he-mua-hang-va-bao-hanh-150x150.jpg 150w\" data-lazy-sizes=\"(max-width: 750px) 100vw, 750px\" data-lazy-src=\"https:\/\/maybommini.com\/wp-content\/uploads\/2021\/02\/may-bom-mini-lien-he-mua-hang-va-bao-hanh.jpg\" data-was-processed=\"true\" \/><\/a><\/strong><\/h3>\n<p><a href=\"https:\/\/maybommini.com\/wp-content\/uploads\/2016\/01\/sung-xit-rua-xe-ap-luc.jpg\" rel=\"attachment wp-att-244544 noopener\" target=\"_blank\"><img decoding=\"async\" class=\"wp-image-244544 aligncenter\" src=\"https:\/\/maybommini.com\/wp-content\/uploads\/2016\/01\/sung-xit-rua-xe-ap-luc-1024x666.jpg\" alt=\"s\u00fang x\u1ecbt \u00e1p l\u1ef1c\" width=\"1024\" height=\"666\" srcset=\"https:\/\/maybommini.vn\/wp-content\/uploads\/2016\/01\/sung-xit-rua-xe-ap-luc-1024x666.jpg 1024w, https:\/\/maybommini.vn\/wp-content\/uploads\/2016\/01\/sung-xit-rua-xe-ap-luc-600x390.jpg 600w, https:\/\/maybommini.vn\/wp-content\/uploads\/2016\/01\/sung-xit-rua-xe-ap-luc-300x195.jpg 300w, https:\/\/maybommini.vn\/wp-content\/uploads\/2016\/01\/sung-xit-rua-xe-ap-luc-768x499.jpg 768w, https:\/\/maybommini.vn\/wp-content\/uploads\/2016\/01\/sung-xit-rua-xe-ap-luc.jpg 1200w\" sizes=\"(max-width: 1024px) 100vw, 1024px\" \/><\/a> <a href=\"https:\/\/maybommini.com\/wp-content\/uploads\/2016\/01\/sung-xit-dung-rua-xe-rua-may-lanh.jpg\" rel=\"attachment wp-att-244543 noopener\" target=\"_blank\"><img decoding=\"async\" class=\"size-large wp-image-244543 aligncenter\" src=\"https:\/\/maybommini.com\/wp-content\/uploads\/2016\/01\/sung-xit-dung-rua-xe-rua-may-lanh-1024x651.jpg\" alt=\"s\u00fang x\u1ecbt \u00e1p l\u1ef1c\" width=\"1024\" height=\"651\" srcset=\"https:\/\/maybommini.vn\/wp-content\/uploads\/2016\/01\/sung-xit-dung-rua-xe-rua-may-lanh-1024x651.jpg 1024w, https:\/\/maybommini.vn\/wp-content\/uploads\/2016\/01\/sung-xit-dung-rua-xe-rua-may-lanh-600x382.jpg 600w, https:\/\/maybommini.vn\/wp-content\/uploads\/2016\/01\/sung-xit-dung-rua-xe-rua-may-lanh-300x191.jpg 300w, https:\/\/maybommini.vn\/wp-content\/uploads\/2016\/01\/sung-xit-dung-rua-xe-rua-may-lanh-768x488.jpg 768w, https:\/\/maybommini.vn\/wp-content\/uploads\/2016\/01\/sung-xit-dung-rua-xe-rua-may-lanh.jpg 1200w\" sizes=\"(max-width: 1024px) 100vw, 1024px\" \/><\/a> <a href=\"https:\/\/maybommini.com\/wp-content\/uploads\/2016\/01\/sung-rua-xe-ap-luc.jpg\" rel=\"attachment wp-att-244542 noopener\" target=\"_blank\"><img decoding=\"async\" class=\"size-large wp-image-244542 aligncenter\" src=\"https:\/\/maybommini.com\/wp-content\/uploads\/2016\/01\/sung-rua-xe-ap-luc-1024x655.jpg\" alt=\"s\u00fang x\u1ecbt \u00e1p l\u1ef1c\" width=\"1024\" height=\"655\" srcset=\"https:\/\/maybommini.vn\/wp-content\/uploads\/2016\/01\/sung-rua-xe-ap-luc-1024x655.jpg 1024w, https:\/\/maybommini.vn\/wp-content\/uploads\/2016\/01\/sung-rua-xe-ap-luc-600x384.jpg 600w, https:\/\/maybommini.vn\/wp-content\/uploads\/2016\/01\/sung-rua-xe-ap-luc-300x192.jpg 300w, https:\/\/maybommini.vn\/wp-content\/uploads\/2016\/01\/sung-rua-xe-ap-luc-768x491.jpg 768w, https:\/\/maybommini.vn\/wp-content\/uploads\/2016\/01\/sung-rua-xe-ap-luc.jpg 1200w\" sizes=\"(max-width: 1024px) 100vw, 1024px\" \/><\/a> <a href=\"https:\/\/maybommini.com\/wp-content\/uploads\/2016\/01\/sung-phun-ap-luc-cao.jpg\" rel=\"attachment wp-att-244541 noopener\" target=\"_blank\"><img decoding=\"async\" class=\"size-large wp-image-244541 aligncenter\" src=\"https:\/\/maybommini.com\/wp-content\/uploads\/2016\/01\/sung-phun-ap-luc-cao-1024x656.jpg\" alt=\"s\u00fang x\u1ecbt \u00e1p l\u1ef1c\" width=\"1024\" height=\"656\" srcset=\"https:\/\/maybommini.vn\/wp-content\/uploads\/2016\/01\/sung-phun-ap-luc-cao-1024x656.jpg 1024w, https:\/\/maybommini.vn\/wp-content\/uploads\/2016\/01\/sung-phun-ap-luc-cao-600x385.jpg 600w, https:\/\/maybommini.vn\/wp-content\/uploads\/2016\/01\/sung-phun-ap-luc-cao-300x192.jpg 300w, https:\/\/maybommini.vn\/wp-content\/uploads\/2016\/01\/sung-phun-ap-luc-cao-768x492.jpg 768w, https:\/\/maybommini.vn\/wp-content\/uploads\/2016\/01\/sung-phun-ap-luc-cao.jpg 1200w\" sizes=\"(max-width: 1024px) 100vw, 1024px\" \/><\/a> <a href=\"https:\/\/maybommini.com\/wp-content\/uploads\/2016\/01\/dau-phun-sung-xit-rua-xe-ap-luc-cao.jpg\" rel=\"attachment wp-att-244540 noopener\" target=\"_blank\"><img decoding=\"async\" class=\"size-large wp-image-244540 aligncenter\" src=\"https:\/\/maybommini.com\/wp-content\/uploads\/2016\/01\/dau-phun-sung-xit-rua-xe-ap-luc-cao-1024x639.jpg\" alt=\"s\u00fang x\u1ecbt \u00e1p l\u1ef1c\" width=\"1024\" height=\"639\" srcset=\"https:\/\/maybommini.vn\/wp-content\/uploads\/2016\/01\/dau-phun-sung-xit-rua-xe-ap-luc-cao-1024x639.jpg 1024w, https:\/\/maybommini.vn\/wp-content\/uploads\/2016\/01\/dau-phun-sung-xit-rua-xe-ap-luc-cao-600x375.jpg 600w, https:\/\/maybommini.vn\/wp-content\/uploads\/2016\/01\/dau-phun-sung-xit-rua-xe-ap-luc-cao-300x187.jpg 300w, https:\/\/maybommini.vn\/wp-content\/uploads\/2016\/01\/dau-phun-sung-xit-rua-xe-ap-luc-cao-768x479.jpg 768w, https:\/\/maybommini.vn\/wp-content\/uploads\/2016\/01\/dau-phun-sung-xit-rua-xe-ap-luc-cao.jpg 1200w\" sizes=\"(max-width: 1024px) 100vw, 1024px\" \/><\/a><\/p>\n","protected":false},"excerpt":{"rendered":"<p>Th\u01b0\u01a1ng hi\u1ec7u: QM<br \/>\nModel: QM-13-INOX-NHON<br \/>\nLo\u1ea1i s\u00fang x\u1ecbt v\u00f2i x\u1ecbt \u00e1p l\u1ef1c cao c\u1ea5p<br \/>\n\u0110\u1ea7u phun ki\u1ec3u tia theo c\u00f2 s\u00fang.<br \/>\nRen n\u1ed1i: 13mm trong.<br \/>\nCh\u1ea5t li\u1ec7u: Inox &#8211; Nh\u1ef1a<br \/>\nK\u00edch th\u01b0\u1edbc: mm<br \/>\nTr\u1ecdng l\u01b0\u1ee3ng: 500 gam<br \/>\nB\u1ea3o h\u00e0nh: \u0111\u1ed5i m\u1edbi trong 7 ng\u00e0y do l\u1ed5i NSX<br \/>\n<strong>Mua s\u1ed1 l\u01b0\u1ee3ng c\u00f3 gi\u00e1 t\u1ed1t<\/strong><\/p>\n","protected":false},"featured_media":272213,"comment_status":"open","ping_status":"closed","template":"","meta":[],"product_brand":[],"product_cat":[216,214],"product_tag":[445,252,2349,217,729,218,3932,219,253,223,3933],"class_list":{"0":"post-272212","1":"product","2":"type-product","3":"status-publish","4":"has-post-thumbnail","6":"product_cat-sung-phun-xit-ap-luc-cao","7":"product_cat-phu-kien-bom-nuoc","8":"product_tag-bec-phun","9":"product_tag-mua-sung-xit","10":"product_tag-qm","11":"product_tag-sung-ap-luc","12":"product_tag-sung-inox","13":"product_tag-sung-nuoc-ap-luc","14":"product_tag-sung-phun-tuoi-cay","15":"product_tag-sung-rua-xe","16":"product_tag-sung-xit","17":"product_tag-sung-xit-rua-may-lanh","18":"product_tag-voi-phun","20":"first","21":"instock","22":"sale","23":"shipping-taxable","24":"purchasable","25":"product-type-simple"},"_links":{"self":[{"href":"https:\/\/maybommini.vn\/index.php?rest_route=\/wp\/v2\/product\/272212","targetHints":{"allow":["GET"]}}],"collection":[{"href":"https:\/\/maybommini.vn\/index.php?rest_route=\/wp\/v2\/product"}],"about":[{"href":"https:\/\/maybommini.vn\/index.php?rest_route=\/wp\/v2\/types\/product"}],"replies":[{"embeddable":true,"href":"https:\/\/maybommini.vn\/index.php?rest_route=%2Fwp%2Fv2%2Fcomments&post=272212"}],"wp:featuredmedia":[{"embeddable":true,"href":"https:\/\/maybommini.vn\/index.php?rest_route=\/wp\/v2\/media\/272213"}],"wp:attachment":[{"href":"https:\/\/maybommini.vn\/index.php?rest_route=%2Fwp%2Fv2%2Fmedia&parent=272212"}],"wp:term":[{"taxonomy":"product_brand","embeddable":true,"href":"https:\/\/maybommini.vn\/index.php?rest_route=%2Fwp%2Fv2%2Fproduct_brand&post=272212"},{"taxonomy":"product_cat","embeddable":true,"href":"https:\/\/maybommini.vn\/index.php?rest_route=%2Fwp%2Fv2%2Fproduct_cat&post=272212"},{"taxonomy":"product_tag","embeddable":true,"href":"https:\/\/maybommini.vn\/index.php?rest_route=%2Fwp%2Fv2%2Fproduct_tag&post=272212"}],"curies":[{"name":"wp","href":"https:\/\/api.w.org\/{rel}","templated":true}]}}