{"id":272340,"date":"2023-01-13T22:41:47","date_gmt":"2023-01-13T15:41:47","guid":{"rendered":"https:\/\/maybommini.com\/?post_type=product&#038;p=272340"},"modified":"2023-01-14T11:56:32","modified_gmt":"2023-01-14T04:56:32","slug":"rulo-cuon-ong-nuoc-kim-loai","status":"publish","type":"product","link":"https:\/\/maybommini.vn\/?product=rulo-cuon-ong-nuoc-kim-loai","title":{"rendered":"Rulo cu\u1ed1n \u1ed1ng n\u01b0\u1edbc &#8211; kim lo\u1ea1i"},"content":{"rendered":"<h4>Rulo cu\u1ed1n \u1ed1ng n\u01b0\u1edbc ch\u1ea5t li\u1ec7u kim lo\u1ea1i ch\u1eafc ch\u1eafn d\u00f9ng cho \u1ed1ng c\u00f3 chi\u1ec1u d\u00e0i t\u1eeb 50 \u0111\u1ebfn 70 m\u00e9t size 8.5mm \u0111\u1ebfn 16mm. \u0110\u01b0\u1ee3c l\u00e0m t\u1eeb th\u00e9p ch\u1ea5t l\u01b0\u1ee3ng b\u1ec1n ch\u1ecbu \u0111\u01b0\u1ee3c \u1ed1ng \u00e1p l\u1ef1c, \u1ed1ng r\u1eeda xe, \u1ed1ng n\u01b0\u1edbc v\u00e0 nhi\u1ec1u lo\u1ea1i \u1ed1ng kh\u00e1c.<\/h4>\n<p><strong><a href=\"https:\/\/maybommini.com\/wp-content\/uploads\/2023\/01\/Rulo-cuon-ong-day-ong-ap-luc-chinh-hang.jpg\" target=\"_blank\" rel=\"noopener\"><img decoding=\"async\" class=\"size-full wp-image-272344 aligncenter\" src=\"https:\/\/maybommini.com\/wp-content\/uploads\/2023\/01\/Rulo-cuon-ong-day-ong-ap-luc-chinh-hang.jpg\" alt=\"Rulo Cuon Ong Day Ong Ap Luc Chinh Hang\" width=\"750\" height=\"750\" srcset=\"https:\/\/maybommini.vn\/wp-content\/uploads\/2023\/01\/Rulo-cuon-ong-day-ong-ap-luc-chinh-hang.jpg 750w, https:\/\/maybommini.vn\/wp-content\/uploads\/2023\/01\/Rulo-cuon-ong-day-ong-ap-luc-chinh-hang-300x300.jpg 300w, https:\/\/maybommini.vn\/wp-content\/uploads\/2023\/01\/Rulo-cuon-ong-day-ong-ap-luc-chinh-hang-150x150.jpg 150w, https:\/\/maybommini.vn\/wp-content\/uploads\/2023\/01\/Rulo-cuon-ong-day-ong-ap-luc-chinh-hang-600x600.jpg 600w\" sizes=\"(max-width: 750px) 100vw, 750px\" \/><\/a>TH\u00d4NG S\u1ed0 K\u1ef8 THU\u1eacT<\/strong><br \/>\nModel: RULO-5070<br \/>\nRulo cu\u1ed1n \u1ed1ng n\u01b0\u1edbc<br \/>\nChi\u1ec1u d\u00e0i cu\u1ed1n \u1ed1ng: 50 &#8211; 70 m\u00e9t<br \/>\nQuay tay cu\u1ed1n \u1ed1ng.<br \/>\nCh\u1ea5t li\u1ec7u: th\u00e9p<br \/>\nK\u00edch th\u01b0\u1edbc: 55 x 37 x 43 cm<br \/>\nTr\u1ecdng l\u01b0\u1ee3ng: 5 kg<br \/>\n<a href=\"https:\/\/maybommini.com\/wp-content\/uploads\/2023\/01\/Rulo-kim-loai-cuon-quan-ong-day-50m-100m.jpg\" target=\"_blank\" rel=\"noopener\"><img decoding=\"async\" class=\"size-full wp-image-272345 aligncenter\" src=\"https:\/\/maybommini.com\/wp-content\/uploads\/2023\/01\/Rulo-kim-loai-cuon-quan-ong-day-50m-100m.jpg\" alt=\"Rulo Kim Loai Cuon Quan Ong Day 50m 100m\" width=\"750\" height=\"750\" srcset=\"https:\/\/maybommini.vn\/wp-content\/uploads\/2023\/01\/Rulo-kim-loai-cuon-quan-ong-day-50m-100m.jpg 750w, https:\/\/maybommini.vn\/wp-content\/uploads\/2023\/01\/Rulo-kim-loai-cuon-quan-ong-day-50m-100m-300x300.jpg 300w, https:\/\/maybommini.vn\/wp-content\/uploads\/2023\/01\/Rulo-kim-loai-cuon-quan-ong-day-50m-100m-150x150.jpg 150w, https:\/\/maybommini.vn\/wp-content\/uploads\/2023\/01\/Rulo-kim-loai-cuon-quan-ong-day-50m-100m-600x600.jpg 600w\" sizes=\"(max-width: 750px) 100vw, 750px\" \/><\/a><a href=\"https:\/\/maybommini.com\/wp-content\/uploads\/2023\/01\/rulo-quan-ong-phun-thuoc-tru-sau-tuoi-cay.jpg\" target=\"_blank\" rel=\"noopener\"><img decoding=\"async\" class=\"size-full wp-image-272346 aligncenter\" src=\"https:\/\/maybommini.com\/wp-content\/uploads\/2023\/01\/rulo-quan-ong-phun-thuoc-tru-sau-tuoi-cay.jpg\" alt=\"Rulo Quan Ong Phun Thuoc Tru Sau Tuoi Cay\" width=\"750\" height=\"750\" srcset=\"https:\/\/maybommini.vn\/wp-content\/uploads\/2023\/01\/rulo-quan-ong-phun-thuoc-tru-sau-tuoi-cay.jpg 750w, https:\/\/maybommini.vn\/wp-content\/uploads\/2023\/01\/rulo-quan-ong-phun-thuoc-tru-sau-tuoi-cay-300x300.jpg 300w, https:\/\/maybommini.vn\/wp-content\/uploads\/2023\/01\/rulo-quan-ong-phun-thuoc-tru-sau-tuoi-cay-150x150.jpg 150w, https:\/\/maybommini.vn\/wp-content\/uploads\/2023\/01\/rulo-quan-ong-phun-thuoc-tru-sau-tuoi-cay-600x600.jpg 600w\" sizes=\"(max-width: 750px) 100vw, 750px\" \/><\/a><a href=\"https:\/\/maybommini.com\/wp-content\/uploads\/2023\/01\/rulo-quan-ong-rua-xe-ap-luc-cao.jpg\" target=\"_blank\" rel=\"noopener\"><img decoding=\"async\" class=\"size-full wp-image-272347 aligncenter\" src=\"https:\/\/maybommini.com\/wp-content\/uploads\/2023\/01\/rulo-quan-ong-rua-xe-ap-luc-cao.jpg\" alt=\"Rulo Quan Ong Rua Xe Ap Luc Cao\" width=\"750\" height=\"750\" srcset=\"https:\/\/maybommini.vn\/wp-content\/uploads\/2023\/01\/rulo-quan-ong-rua-xe-ap-luc-cao.jpg 750w, https:\/\/maybommini.vn\/wp-content\/uploads\/2023\/01\/rulo-quan-ong-rua-xe-ap-luc-cao-300x300.jpg 300w, https:\/\/maybommini.vn\/wp-content\/uploads\/2023\/01\/rulo-quan-ong-rua-xe-ap-luc-cao-150x150.jpg 150w, https:\/\/maybommini.vn\/wp-content\/uploads\/2023\/01\/rulo-quan-ong-rua-xe-ap-luc-cao-600x600.jpg 600w\" sizes=\"(max-width: 750px) 100vw, 750px\" \/><\/a><a href=\"https:\/\/maybommini.com\/wp-content\/uploads\/2023\/01\/rulo-quay-tay-cuon-ong-day-ap-luc-rua-xe-tuoi-cay.jpg\" target=\"_blank\" rel=\"noopener\"><img decoding=\"async\" class=\"size-full wp-image-272348 aligncenter\" src=\"https:\/\/maybommini.com\/wp-content\/uploads\/2023\/01\/rulo-quay-tay-cuon-ong-day-ap-luc-rua-xe-tuoi-cay.jpg\" alt=\"Rulo Quay Tay Cuon Ong Day Ap Luc Rua Xe Tuoi Cay\" width=\"750\" height=\"750\" srcset=\"https:\/\/maybommini.vn\/wp-content\/uploads\/2023\/01\/rulo-quay-tay-cuon-ong-day-ap-luc-rua-xe-tuoi-cay.jpg 750w, https:\/\/maybommini.vn\/wp-content\/uploads\/2023\/01\/rulo-quay-tay-cuon-ong-day-ap-luc-rua-xe-tuoi-cay-300x300.jpg 300w, https:\/\/maybommini.vn\/wp-content\/uploads\/2023\/01\/rulo-quay-tay-cuon-ong-day-ap-luc-rua-xe-tuoi-cay-150x150.jpg 150w, https:\/\/maybommini.vn\/wp-content\/uploads\/2023\/01\/rulo-quay-tay-cuon-ong-day-ap-luc-rua-xe-tuoi-cay-600x600.jpg 600w\" sizes=\"(max-width: 750px) 100vw, 750px\" \/><\/a><br \/>\n<strong>H\u01af\u1edaNG D\u1eaaN L\u1eaeP R\u00c1P V\u00c0 S\u1eec D\u1ee4NG RULO CU\u1ed0N \u1ed0NG N\u01af\u1edaC<\/strong><br \/>\n&#8211; Rulo cu\u1ed1n \u1ed1ng \u0111\u01b0\u1ee3c thi\u1ebft k\u1ebf l\u1eafp r\u00e1p \u0111\u01a1n gi\u1ea3n.<br \/>\n&#8211; L\u1eafp c\u00e1c b\u1ed9 ph\u1eadn c\u00f3 \u00f3c k\u00e8m theo.<br \/>\n&#8211; L\u1eafp \u1ed1ng n\u01b0\u1edbc k\u00e8m theo \u0111\u1ebf n\u1ed1i \u1ed1ng c\u1ea7n cu\u1ed1n.<br \/>\n&#8211; L\u1eafp tay quay v\u00e0o rulo.<br \/>\n<a href=\"https:\/\/maybommini.com\/wp-content\/uploads\/2023\/01\/dau-noi-ren-ong-rulo-ong-day-ap-luc.jpg\" target=\"_blank\" rel=\"noopener\"><img decoding=\"async\" class=\"size-full wp-image-272342 aligncenter\" src=\"https:\/\/maybommini.com\/wp-content\/uploads\/2023\/01\/dau-noi-ren-ong-rulo-ong-day-ap-luc.jpg\" alt=\"Dau Noi Ren Ong Rulo Ong Day Ap Luc\" width=\"750\" height=\"750\" srcset=\"https:\/\/maybommini.vn\/wp-content\/uploads\/2023\/01\/dau-noi-ren-ong-rulo-ong-day-ap-luc.jpg 750w, https:\/\/maybommini.vn\/wp-content\/uploads\/2023\/01\/dau-noi-ren-ong-rulo-ong-day-ap-luc-300x300.jpg 300w, https:\/\/maybommini.vn\/wp-content\/uploads\/2023\/01\/dau-noi-ren-ong-rulo-ong-day-ap-luc-150x150.jpg 150w, https:\/\/maybommini.vn\/wp-content\/uploads\/2023\/01\/dau-noi-ren-ong-rulo-ong-day-ap-luc-600x600.jpg 600w\" sizes=\"(max-width: 750px) 100vw, 750px\" \/><\/a><\/p>\n<p><a href=\"https:\/\/maybommini.com\/wp-content\/uploads\/2023\/01\/day-noi-ong-rulo-ren-13mm.jpg\" target=\"_blank\" rel=\"noopener\"><img decoding=\"async\" class=\"size-full wp-image-272343 aligncenter\" src=\"https:\/\/maybommini.com\/wp-content\/uploads\/2023\/01\/day-noi-ong-rulo-ren-13mm.jpg\" alt=\"Day Noi Ong Rulo Ren 13mm\" width=\"750\" height=\"750\" srcset=\"https:\/\/maybommini.vn\/wp-content\/uploads\/2023\/01\/day-noi-ong-rulo-ren-13mm.jpg 750w, https:\/\/maybommini.vn\/wp-content\/uploads\/2023\/01\/day-noi-ong-rulo-ren-13mm-300x300.jpg 300w, https:\/\/maybommini.vn\/wp-content\/uploads\/2023\/01\/day-noi-ong-rulo-ren-13mm-150x150.jpg 150w, https:\/\/maybommini.vn\/wp-content\/uploads\/2023\/01\/day-noi-ong-rulo-ren-13mm-600x600.jpg 600w\" sizes=\"(max-width: 750px) 100vw, 750px\" \/><\/a><\/p>\n<p><a href=\"https:\/\/maybommini.com\/wp-content\/uploads\/2023\/01\/tay-quay-rulo-quan-ong-day.jpg\" target=\"_blank\" rel=\"noopener\"><img decoding=\"async\" class=\"size-full wp-image-272349 aligncenter\" src=\"https:\/\/maybommini.com\/wp-content\/uploads\/2023\/01\/tay-quay-rulo-quan-ong-day.jpg\" alt=\"Tay Quay Rulo Quan Ong Day\" width=\"750\" height=\"750\" srcset=\"https:\/\/maybommini.vn\/wp-content\/uploads\/2023\/01\/tay-quay-rulo-quan-ong-day.jpg 750w, https:\/\/maybommini.vn\/wp-content\/uploads\/2023\/01\/tay-quay-rulo-quan-ong-day-300x300.jpg 300w, https:\/\/maybommini.vn\/wp-content\/uploads\/2023\/01\/tay-quay-rulo-quan-ong-day-150x150.jpg 150w, https:\/\/maybommini.vn\/wp-content\/uploads\/2023\/01\/tay-quay-rulo-quan-ong-day-600x600.jpg 600w\" sizes=\"(max-width: 750px) 100vw, 750px\" \/><\/a><\/p>\n<p><strong>S\u1eec D\u1ee4NG RULO CU\u1ed8N QU\u1ea4N \u1ed0NG N\u01af\u1edaC &#8211; \u1ed0NG \u00c1P L\u1ef0C<\/strong><br \/>\n&#8211; S\u1eed d\u1ee5ng rulo \u0111\u1ec3 cu\u1ed1n \u1ed1ng n\u01b0\u1edbc.<br \/>\n&#8211; Rulo cu\u1ed1n \u1ed1ng phun t\u01b0\u1edbi c\u00e2y.<br \/>\n&#8211; Rulo cu\u1ed9n qu\u00e2n \u1ed1ng phu x\u1ecbt tr\u1eeb s\u00e2u c\u00e2y \u0103n tr\u00e1i, v\u01b0\u1eddn.<br \/>\n&#8211; Rulo cu\u1ed1n \u1ed1ng m\u00e1p r\u1eeda xe \u00e1p l\u1ef1c cao.<br \/>\n&#8211; Rulo cu\u1ed1n \u1ed1ng t\u01b0\u1edbi c\u00e2y.<br \/>\n&#8211; Rulo qu\u1ea5n cu\u1ed1n cu\u1ed9n \u1ed1ng.<br \/>\n&#8211; Rulo \u1ed1ng h\u01a1i kh\u00ed n\u00e9n.<br \/>\n&#8211; Rulo cu\u1ed1n \u1ed1ng h\u01a1i, \u1ed1ng b\u01a1m kh\u00ed.<br \/>\n&#8211; Rulo cu\u1ed9n d\u00e2y \u0111i\u1ec7n, d\u00e2y d\u1eabn, d\u00e2y c\u00e1p.<br \/>\n&#8211; Rulo cu\u1ed1n \u1ed1ng ch\u1ea5t l\u1ecfng.<br \/>\n&#8211; Rulo cu\u1ed1n d\u00e2y c\u00e1p truy\u1ec1n t\u00ednh hi\u1ec7u.<br \/>\n&#8211; Rulo cu\u1ed1n d\u00e2y c\u00e1p m\u1ed3i, d\u00e2y c\u00e1p r\u00fat.<br \/>\n&#8211; V\u00e0 nhi\u1ec1u \u1ee9ng d\u00f9ng kh\u00e1cc\u1ee7a Rulo cu\u1ed1n cu\u1ed9n qu\u1ea5n.<\/p>\n<p><a href=\"https:\/\/maybommini.com\/wp-content\/uploads\/2023\/01\/bo-rulo-quay-tay-quan-ong-nuoc-kim-loai.jpg\" target=\"_blank\" rel=\"noopener\"><img decoding=\"async\" class=\"size-full wp-image-272341 aligncenter\" src=\"https:\/\/maybommini.com\/wp-content\/uploads\/2023\/01\/bo-rulo-quay-tay-quan-ong-nuoc-kim-loai.jpg\" alt=\"Bo Rulo Quay Tay Quan Ong Nuoc Kim Loai\" width=\"750\" height=\"750\" srcset=\"https:\/\/maybommini.vn\/wp-content\/uploads\/2023\/01\/bo-rulo-quay-tay-quan-ong-nuoc-kim-loai.jpg 750w, https:\/\/maybommini.vn\/wp-content\/uploads\/2023\/01\/bo-rulo-quay-tay-quan-ong-nuoc-kim-loai-300x300.jpg 300w, https:\/\/maybommini.vn\/wp-content\/uploads\/2023\/01\/bo-rulo-quay-tay-quan-ong-nuoc-kim-loai-150x150.jpg 150w, https:\/\/maybommini.vn\/wp-content\/uploads\/2023\/01\/bo-rulo-quay-tay-quan-ong-nuoc-kim-loai-600x600.jpg 600w\" sizes=\"(max-width: 750px) 100vw, 750px\" \/><\/a><\/p>\n<h4 style=\"text-align: center;\"><strong>Rulo cu\u1ed1n \u1ed1ng n\u01b0\u1edbc &#8211; kim lo\u1ea1i<\/strong><\/h4>\n<p><strong>MUA RULO CU\u1ed0N \u1ed0NG N\u01af\u1edaC \u1ede \u0110\u00c2U ?<\/strong><br \/>\nCh\u00fang t\u00f4i chuy\u00ean cung c\u1ea5p rulo cu\u1ed1n \u1ed1ng, \u1ed1ng \u00e1p l\u1ef1c, ph\u1ee5 ki\u1ec7n m\u00e1y r\u1eeda xe, m\u00e1y r\u1eeda xe, c\u00e1c lo\u1ea1i b\u00e9c x\u1ecbt r\u1eeda xe v\u1ec7 sinh m\u00e1y l\u1ea1nh \u00e1p l\u1ef1c cao b\u1eb1ng \u0111\u1ed3ng cao c\u1ea5p, s\u00fang x\u1ecbt r\u1eeda xe, v\u00f2i x\u1ecbt t\u01b0\u1edbi c\u00e2y, c\u1ea7n phun thu\u1ed1c tr\u1eeb s\u00e2u. Giao h\u00e0ng to\u00e0n qu\u1ed1c b\u00e0o h\u00e0nh l\u00e2u d\u00e0i, ch\u1ea5t l\u01b0\u1ee3ng uy t\u00edn h\u00e0ng \u0111\u1ea7u t\u1ea1i Vi\u1ec7t Nam.<\/p>\n<p><strong>CTY TNHH TH\u01af\u01a0NG M\u1ea0I D\u1ecaCH V\u1ee4 \u0110I\u1ec6N M\u00c1Y TH\u00d4NG MINH<br \/>\nWebsite:\u00a0<a href=\"https:\/\/maybommini.com\/\" target=\"_blank\" rel=\"noopener\">https:\/\/maybommini.com<\/a><br \/>\nEmail: Maybommini.com@gmail.com<br \/>\nT\u01af V\u1ea4N K\u1ef8 THU\u1eacT \u2013 MUA H\u00c0NG<br \/>\nTel\/ Zalo: 0908997823 \u2013 0908997872<br \/>\nT\u01b0 v\u1ea5n mua h\u00e0ng: 0907294310 \u2013 028730303<\/strong><\/p>\n<p><a class=\"swipebox\" title=\"\" href=\"https:\/\/maybommini.com\/wp-content\/uploads\/2022\/07\/thong-tin-lien-he-may-bom-mini.jpg\" data-rel=\"lightbox-image-bGlnaHRib3gtaW1hZ2UtYkdsbmFIUmliM2d0YVcxaFoyVXRZa2RzYm1GSVVtbGlNMmQwWVZjeGFGb3lWWFJaYTJSelltMUdTVlZ0YkdsTk1tUXdXVlpqZUdGR2IzbFdXRkpPVmtaVk9RPT0=\" data-rl_title=\"\" data-rl_caption=\"\" data-rl_ target=\"_blank\" rel=\"noopener\"><img decoding=\"async\" class=\"size-full wp-image-270584 aligncenter lazyloaded\" src=\"https:\/\/maybommini.com\/wp-content\/uploads\/2022\/07\/thong-tin-lien-he-may-bom-mini.jpg\" sizes=\"(max-width: 750px) 100vw, 750px\" srcset=\"https:\/\/maybommini.com\/wp-content\/uploads\/2022\/07\/thong-tin-lien-he-may-bom-mini.jpg 750w, https:\/\/maybommini.com\/wp-content\/uploads\/2022\/07\/thong-tin-lien-he-may-bom-mini-300x202.jpg 300w, https:\/\/maybommini.com\/wp-content\/uploads\/2022\/07\/thong-tin-lien-he-may-bom-mini-600x405.jpg 600w\" alt=\"Thong Tin Lien He May Bom Mini\" width=\"750\" height=\"506\" data-lazy-srcset=\"https:\/\/maybommini.com\/wp-content\/uploads\/2022\/07\/thong-tin-lien-he-may-bom-mini.jpg 750w, https:\/\/maybommini.com\/wp-content\/uploads\/2022\/07\/thong-tin-lien-he-may-bom-mini-300x202.jpg 300w, https:\/\/maybommini.com\/wp-content\/uploads\/2022\/07\/thong-tin-lien-he-may-bom-mini-600x405.jpg 600w\" data-lazy-sizes=\"(max-width: 750px) 100vw, 750px\" data-lazy-src=\"https:\/\/maybommini.com\/wp-content\/uploads\/2022\/07\/thong-tin-lien-he-may-bom-mini.jpg\" data-was-processed=\"true\" \/><\/a><\/p>\n","protected":false},"excerpt":{"rendered":"<p>Model: RULO-50100<br \/>\nRulo cu\u1ed1n \u1ed1ng n\u01b0\u1edbc<br \/>\nChi\u1ec1u d\u00e0i cu\u1ed1n \u1ed1ng: 50 &#8211; 70 m\u00e9t<br \/>\nQuay tay cu\u1ed1n \u1ed1ng.<br \/>\nCh\u1ea5t li\u1ec7u: th\u00e9p<br \/>\nK\u00edch th\u01b0\u1edbc: 55 x 37 x 43 cm<br \/>\nTr\u1ecdng l\u01b0\u1ee3ng: 5 kg<br \/>\nB\u00e0o h\u00e0nh: 3 th\u00e1ng<br \/>\n<strong>Mua s\u1ed1 l\u01b0\u1ee3ng gi\u00e1 t\u1ed1t<\/strong><\/p>\n","protected":false},"featured_media":272344,"comment_status":"open","ping_status":"closed","template":"","meta":[],"product_brand":[],"product_cat":[215,214],"product_tag":[3622,3950,3949,3952,3951],"class_list":{"0":"post-272340","1":"product","2":"type-product","3":"status-publish","4":"has-post-thumbnail","6":"product_cat-phu-kien-xit-rua-ap-luc","7":"product_cat-phu-kien-bom-nuoc","8":"product_tag-rulo","9":"product_tag-rulo-cuon-ong","10":"product_tag-rulo-ong-nuoc","11":"product_tag-rulo-ong-rua-xe","12":"product_tag-rulo-quan-ong","14":"first","15":"instock","16":"sale","17":"shipping-taxable","18":"purchasable","19":"product-type-simple"},"_links":{"self":[{"href":"https:\/\/maybommini.vn\/index.php?rest_route=\/wp\/v2\/product\/272340","targetHints":{"allow":["GET"]}}],"collection":[{"href":"https:\/\/maybommini.vn\/index.php?rest_route=\/wp\/v2\/product"}],"about":[{"href":"https:\/\/maybommini.vn\/index.php?rest_route=\/wp\/v2\/types\/product"}],"replies":[{"embeddable":true,"href":"https:\/\/maybommini.vn\/index.php?rest_route=%2Fwp%2Fv2%2Fcomments&post=272340"}],"wp:featuredmedia":[{"embeddable":true,"href":"https:\/\/maybommini.vn\/index.php?rest_route=\/wp\/v2\/media\/272344"}],"wp:attachment":[{"href":"https:\/\/maybommini.vn\/index.php?rest_route=%2Fwp%2Fv2%2Fmedia&parent=272340"}],"wp:term":[{"taxonomy":"product_brand","embeddable":true,"href":"https:\/\/maybommini.vn\/index.php?rest_route=%2Fwp%2Fv2%2Fproduct_brand&post=272340"},{"taxonomy":"product_cat","embeddable":true,"href":"https:\/\/maybommini.vn\/index.php?rest_route=%2Fwp%2Fv2%2Fproduct_cat&post=272340"},{"taxonomy":"product_tag","embeddable":true,"href":"https:\/\/maybommini.vn\/index.php?rest_route=%2Fwp%2Fv2%2Fproduct_tag&post=272340"}],"curies":[{"name":"wp","href":"https:\/\/api.w.org\/{rel}","templated":true}]}}