{"id":272559,"date":"2023-02-12T23:53:19","date_gmt":"2023-02-12T16:53:19","guid":{"rendered":"https:\/\/maybommini.com\/?post_type=product&#038;p=272559"},"modified":"2023-04-14T18:27:01","modified_gmt":"2023-04-14T11:27:01","slug":"nguon-dien-adapter-bien-the-220v-ra-12v-20a","status":"publish","type":"product","link":"https:\/\/maybommini.vn\/?product=nguon-dien-adapter-bien-the-220v-ra-12v-20a","title":{"rendered":"Ngu\u1ed3n \u0111i\u1ec7n adapter bi\u1ebfn th\u1ebf 220V ra 12V 20A"},"content":{"rendered":"<p><strong>Ph\u00e2n ph\u1ed1i s\u1ec9 v\u00e0 l\u1ebb ngu\u1ed3n \u0111i\u1ec7n ngu\u1ed3n \u0111i\u1ec7n adapter bi\u1ebfn th\u1ebf 220V ra 12V 20A ch\u00ednh h\u00e3ng s\u1eed d\u1ee5ng cho c\u00e1c thi\u1ebft b\u1ecb \u0111i\u1ec7n 12V DC nh\u01b0 motor, m\u00e0n h\u00ecnh, thi\u1ebft b\u1ecb \u0111i\u1ec7n t\u1eed, m\u00e1y b\u01a1m mini, ngu\u1ed3n \u0111i\u1ec7n camera v\u00e0 nhi\u1ec1u thi\u1ebft b\u1ecb kh\u00e1c.<\/strong><\/p>\n<p><strong><a href=\"https:\/\/maybommini.com\/wp-content\/uploads\/2023\/02\/Adapter-doi-dien-220v-ra-12v-20A.jpg\" target=\"_blank\" rel=\"noopener\"><img decoding=\"async\" class=\"size-full wp-image-272565 aligncenter\" src=\"https:\/\/maybommini.com\/wp-content\/uploads\/2023\/02\/Adapter-doi-dien-220v-ra-12v-20A.jpg\" alt=\"Adapter Doi Dien 220v Ra 12v 20A\" width=\"750\" height=\"750\" srcset=\"https:\/\/maybommini.vn\/wp-content\/uploads\/2023\/02\/Adapter-doi-dien-220v-ra-12v-20A.jpg 750w, https:\/\/maybommini.vn\/wp-content\/uploads\/2023\/02\/Adapter-doi-dien-220v-ra-12v-20A-300x300.jpg 300w, https:\/\/maybommini.vn\/wp-content\/uploads\/2023\/02\/Adapter-doi-dien-220v-ra-12v-20A-150x150.jpg 150w, https:\/\/maybommini.vn\/wp-content\/uploads\/2023\/02\/Adapter-doi-dien-220v-ra-12v-20A-600x600.jpg 600w\" sizes=\"(max-width: 750px) 100vw, 750px\" \/><\/a>TH\u00d4NG S\u1ed0 K\u1ef8 THU\u1eacT<\/strong><br \/>\nModel: D240P-1<br \/>\n\u0110i\u1ec7n v\u00e0o: AC 100-220V 4.8A 50\/60HZ<br \/>\n\u0110i\u1ec7n ra: DC 12V 20A<br \/>\nNgu\u1ed3n \u0111i\u1ec7n hi\u1ec7u n\u0103ng cao \u1ed5n \u0111\u1ecbnh.<br \/>\nLo\u1ea1i ngu\u1ed3n xung.<br \/>\nM\u1ea1ch chuy\u1ec3n \u0111\u1ed5i AC &#8211; DC \u1ed5n \u0111\u1ecbnh ch\u1ea5t l\u01b0\u1ee3ng.<br \/>\n\u0110\u1ea7u ra Jack DC 5.5 x 2.5mm<br \/>\nCh\u1ea5t li\u1ec7u: \u0110\u1ed3ng &#8211; Th\u00e9p &#8211; Nh\u1ef1a ABS.<br \/>\nK\u00edch th\u01b0\u1edbc:\u00a0 mm.<br \/>\nTr\u1ecdng l\u01b0\u1ee3ng: kg.<\/p>\n<p><strong><a href=\"https:\/\/maybommini.com\/wp-content\/uploads\/2023\/02\/bo-nguon-12v-20a.jpg\" target=\"_blank\" rel=\"noopener\"><img decoding=\"async\" class=\"size-full wp-image-272560 aligncenter\" src=\"https:\/\/maybommini.com\/wp-content\/uploads\/2023\/02\/bo-nguon-12v-20a.jpg\" alt=\"Bo Nguon 12v 20a\" width=\"750\" height=\"750\" srcset=\"https:\/\/maybommini.vn\/wp-content\/uploads\/2023\/02\/bo-nguon-12v-20a.jpg 750w, https:\/\/maybommini.vn\/wp-content\/uploads\/2023\/02\/bo-nguon-12v-20a-300x300.jpg 300w, https:\/\/maybommini.vn\/wp-content\/uploads\/2023\/02\/bo-nguon-12v-20a-150x150.jpg 150w, https:\/\/maybommini.vn\/wp-content\/uploads\/2023\/02\/bo-nguon-12v-20a-600x600.jpg 600w\" sizes=\"(max-width: 750px) 100vw, 750px\" \/><\/a><a href=\"https:\/\/maybommini.com\/wp-content\/uploads\/2023\/02\/bo-nguon-dien-220v-12v.jpg\" target=\"_blank\" rel=\"noopener\"><img decoding=\"async\" class=\"size-full wp-image-272561 aligncenter\" src=\"https:\/\/maybommini.com\/wp-content\/uploads\/2023\/02\/bo-nguon-dien-220v-12v.jpg\" alt=\"Bo Nguon Dien 220v 12v\" width=\"750\" height=\"750\" srcset=\"https:\/\/maybommini.vn\/wp-content\/uploads\/2023\/02\/bo-nguon-dien-220v-12v.jpg 750w, https:\/\/maybommini.vn\/wp-content\/uploads\/2023\/02\/bo-nguon-dien-220v-12v-300x300.jpg 300w, https:\/\/maybommini.vn\/wp-content\/uploads\/2023\/02\/bo-nguon-dien-220v-12v-150x150.jpg 150w, https:\/\/maybommini.vn\/wp-content\/uploads\/2023\/02\/bo-nguon-dien-220v-12v-600x600.jpg 600w\" sizes=\"(max-width: 750px) 100vw, 750px\" \/><\/a><a href=\"https:\/\/maybommini.com\/wp-content\/uploads\/2023\/02\/cuc-doi-dien-220v-ra-12v-20a.jpg\" target=\"_blank\" rel=\"noopener\"><img decoding=\"async\" class=\"size-full wp-image-272562 aligncenter\" src=\"https:\/\/maybommini.com\/wp-content\/uploads\/2023\/02\/cuc-doi-dien-220v-ra-12v-20a.jpg\" alt=\"Cuc Doi Dien 220v Ra 12v 20a\" width=\"750\" height=\"750\" srcset=\"https:\/\/maybommini.vn\/wp-content\/uploads\/2023\/02\/cuc-doi-dien-220v-ra-12v-20a.jpg 750w, https:\/\/maybommini.vn\/wp-content\/uploads\/2023\/02\/cuc-doi-dien-220v-ra-12v-20a-300x300.jpg 300w, https:\/\/maybommini.vn\/wp-content\/uploads\/2023\/02\/cuc-doi-dien-220v-ra-12v-20a-150x150.jpg 150w, https:\/\/maybommini.vn\/wp-content\/uploads\/2023\/02\/cuc-doi-dien-220v-ra-12v-20a-600x600.jpg 600w\" sizes=\"(max-width: 750px) 100vw, 750px\" \/><\/a><a href=\"https:\/\/maybommini.com\/wp-content\/uploads\/2023\/02\/nguon-dien-12v.jpg\" target=\"_blank\" rel=\"noopener\"><img decoding=\"async\" class=\"size-full wp-image-272563 aligncenter\" src=\"https:\/\/maybommini.com\/wp-content\/uploads\/2023\/02\/nguon-dien-12v.jpg\" alt=\"Nguon Dien 12v\" width=\"750\" height=\"750\" srcset=\"https:\/\/maybommini.vn\/wp-content\/uploads\/2023\/02\/nguon-dien-12v.jpg 750w, https:\/\/maybommini.vn\/wp-content\/uploads\/2023\/02\/nguon-dien-12v-300x300.jpg 300w, https:\/\/maybommini.vn\/wp-content\/uploads\/2023\/02\/nguon-dien-12v-150x150.jpg 150w, https:\/\/maybommini.vn\/wp-content\/uploads\/2023\/02\/nguon-dien-12v-600x600.jpg 600w\" sizes=\"(max-width: 750px) 100vw, 750px\" \/><\/a><a href=\"https:\/\/maybommini.com\/wp-content\/uploads\/2023\/02\/ban-nguon-dien-12v-20a.jpg\" target=\"_blank\" rel=\"noopener\"><img decoding=\"async\" class=\"size-full wp-image-272567 aligncenter\" src=\"https:\/\/maybommini.com\/wp-content\/uploads\/2023\/02\/ban-nguon-dien-12v-20a.jpg\" alt=\"Ban Nguon Dien 12v 20a\" width=\"750\" height=\"750\" srcset=\"https:\/\/maybommini.vn\/wp-content\/uploads\/2023\/02\/ban-nguon-dien-12v-20a.jpg 750w, https:\/\/maybommini.vn\/wp-content\/uploads\/2023\/02\/ban-nguon-dien-12v-20a-300x300.jpg 300w, https:\/\/maybommini.vn\/wp-content\/uploads\/2023\/02\/ban-nguon-dien-12v-20a-150x150.jpg 150w, https:\/\/maybommini.vn\/wp-content\/uploads\/2023\/02\/ban-nguon-dien-12v-20a-600x600.jpg 600w\" sizes=\"(max-width: 750px) 100vw, 750px\" \/><\/a><br \/>\nH\u01af\u1edaNG D\u1eaaN S\u1eec D\u1ee4NG ADAPTOR BI\u1ebeN TH\u1ebe<\/strong><br \/>\nC\u1eafm tr\u1ef1c ti\u1ebfp adaptor v\u00e0o ngu\u1ed3n \u0111i\u1ec7n 220V AC.<br \/>\nNgu\u1ed3n ra 12V s\u1eed d\u1ee5ng jack c\u1eafm ngu\u1ed3n. \u200b\u200b\u200b\u200b\u200b\u200b<br \/>\nTr\u00e1nh s\u1eed d\u1ee5ng cho thi\u1ebft b\u1ecb qu\u00e1 c\u00f4ng su\u1ea5t h\u01a1n c\u1ee7a bi\u1ebfn th\u1ebf adaptor.<br \/>\nS\u1eed d\u1ee5ng n\u01a1i tho\u00e1ng m\u00e1t v\u00e0 kh\u00f4 r\u00e1o.<br \/>\nKh\u00f4ng s\u1eed d\u1ee5ng n\u00ean th\u00e1o ra kh\u1ecfi ngu\u1ed3n \u0111i\u1ec7n AC 220V.<\/p>\n<p><strong><a href=\"https:\/\/maybommini.com\/wp-content\/uploads\/2023\/02\/adaptor-220V-12V-240W.jpg\" target=\"_blank\" rel=\"noopener\"><img decoding=\"async\" class=\"size-full wp-image-272566 aligncenter\" src=\"https:\/\/maybommini.com\/wp-content\/uploads\/2023\/02\/adaptor-220V-12V-240W.jpg\" alt=\"Adaptor 220V 12V 240W\" width=\"750\" height=\"750\" srcset=\"https:\/\/maybommini.vn\/wp-content\/uploads\/2023\/02\/adaptor-220V-12V-240W.jpg 750w, https:\/\/maybommini.vn\/wp-content\/uploads\/2023\/02\/adaptor-220V-12V-240W-300x300.jpg 300w, https:\/\/maybommini.vn\/wp-content\/uploads\/2023\/02\/adaptor-220V-12V-240W-150x150.jpg 150w, https:\/\/maybommini.vn\/wp-content\/uploads\/2023\/02\/adaptor-220V-12V-240W-600x600.jpg 600w\" sizes=\"(max-width: 750px) 100vw, 750px\" \/><\/a><br \/>\n<\/strong><\/p>\n<p><strong>\u1ee8NG D\u1ee4NG <a href=\"https:\/\/maybommini.com\/danh-muc\/phu-kien-bom-nuoc-mini\/nguon-dien-bien-the-adapter\" target=\"_blank\" rel=\"noopener noreferrer\">BI\u1ebeN TH\u1ebe NGU\u1ed2N \u0110I\u1ec6N<\/a> ADAPTOR<\/strong><br \/>\nNgu\u1ed3n \u0111i\u1ec7n adaptor <a href=\"https:\/\/maybommini.com\/danh-muc\/he-thong-phun-suong\/may-phun-suong-mini\" target=\"_blank\" rel=\"noopener noreferrer\">m\u00e1y b\u01a1m phun s\u01b0\u01a1ng<\/a>.<br \/>\nNgu\u1ed3n \u0111i\u1ec7n m\u00e1y l\u1ecdc n\u01b0\u1edbc<br \/>\nS\u1eed d\u1ee5ng cho m\u00e1y b\u01a1m mini 12V.<br \/>\nS\u1eed d\u1ee5ng cho thi\u1ebft b\u1ecb \u0111i\u1ec7n t\u1eed, m\u1ea1ch \u0111i\u1ec7n t\u1eed.<br \/>\nNgu\u1ed3n \u0111i\u1ec7n cho camera, chu\u00f4ng c\u1eeda, kh\u00f3a c\u1eeda v\u00e2n tay, kh\u00f3a c\u1eeda t\u1ef1 \u0111\u1ed9ng, m\u00e1y ch\u1ea5m c\u00f4ng.<br \/>\nNgu\u1ed3n \u0111i\u1ec7n \u0111\u00e8n LED, \u0111\u00e8n chi\u1ebfu s\u00e1ng.<br \/>\nNgu\u1ed3n \u0111i\u1ec7n loa nghe nh\u1ea1c box.<br \/>\nBi\u1ebfn th\u1ebf ngu\u1ed3n thi\u1ebft b\u1ecb m\u1ea1ng Modem Hub Switch.<br \/>\nNgu\u1ed3n \u0111i\u1ec7n Box TV, Box HDD, M\u00e0n h\u00ecnh, m\u00e1y Pop, m\u00e1y in.<br \/>\nV\u00e0 s\u1eed d\u1ee5ng l\u00e0m ngu\u1ed3n \u0111i\u1ec7n cho nhi\u1ec1u thi\u1ebft b\u1ecb kh\u00e1c.<\/p>\n<h2 style=\"text-align: center;\"><strong><a href=\"https:\/\/maybommini.com\/wp-content\/uploads\/2023\/02\/AC-to-DC-12V-20A.jpg\" target=\"_blank\" rel=\"noopener\"><img decoding=\"async\" class=\"size-full wp-image-272564 aligncenter\" src=\"https:\/\/maybommini.com\/wp-content\/uploads\/2023\/02\/AC-to-DC-12V-20A.jpg\" alt=\"AC To DC 12V 20A\" width=\"750\" height=\"750\" srcset=\"https:\/\/maybommini.vn\/wp-content\/uploads\/2023\/02\/AC-to-DC-12V-20A.jpg 750w, https:\/\/maybommini.vn\/wp-content\/uploads\/2023\/02\/AC-to-DC-12V-20A-300x300.jpg 300w, https:\/\/maybommini.vn\/wp-content\/uploads\/2023\/02\/AC-to-DC-12V-20A-150x150.jpg 150w, https:\/\/maybommini.vn\/wp-content\/uploads\/2023\/02\/AC-to-DC-12V-20A-600x600.jpg 600w\" sizes=\"(max-width: 750px) 100vw, 750px\" \/><\/a><\/strong><\/h2>\n<p><strong>MUA BI\u1ebeN TH\u1ebe BI\u1ebeP \u00c1P \u0110\u1ed4I \u0110I\u1ec6N ADAPTER APATOR NGU\u1ed2N T\u1ed4 ONG \u1ede \u0110\u00c2U ?<\/strong><br \/>\nCh\u00fang t\u00f4i chuy\u00ean cung c\u1ea5p thi\u1ebft b\u1ecb \u0111i\u1ec7n, ngu\u1ed3n m\u00e1y l\u1ecdc n\u01b0\u1edbc RO, ngu\u1ed3n m\u00e1y phun s\u01b0\u01a1ng, ngu\u1ed3n \u0111i\u1ec7n \u0111\u1ed5i \u0111i\u1ec7n, adaptor, bi\u1ebfn th\u1ebf, bi\u1ebfn \u00e1p, t\u0103ng ph\u00f4 \u0111i\u1ec7n, adapter, ngu\u1ed3n t\u1ed5 ong, s\u1ea1c pin s\u1ea1c b\u00ecnh v\u1edbi gi\u00e1 t\u1ed1t ch\u00ednh h\u00e3ng c\u00f3 b\u1ea3o h\u00e0nh tr\u00ean to\u00e0n qu\u1ed1c.<br \/>\n<strong>CTY TNHH TH\u01af\u01a0NG M\u1ea0I D\u1ecaCH V\u1ee4 \u0110I\u1ec6N M\u00c1Y TH\u00d4NG MINH<\/strong><br \/>\n<strong>Hotline:<\/strong>\u00a0<a href=\"tel:02873030399\">02873030399<\/a>\u00a0\u2013\u00a0<a href=\"tel:0907294310\">0907294310<\/a>\u00a0\u2013\u00a0<a href=\"tel:0908997823\">0908997823<\/a>\u00a0\u2013\u00a0<a href=\"tel:0908997872\">0908997872<\/a><br \/>\n<strong>Email:<\/strong>\u00a0maybommini.com@gmail.com<br \/>\n<strong>Website:<\/strong>\u00a0<a href=\"https:\/\/maybommini.com\/\" target=\"_blank\" rel=\"noopener\">https:\/\/maybommini.com<\/a><br \/>\n<strong>Youtube demo:<\/strong>\u00a0<a title=\"Youtube M\u00e1y B\u01a1m Mini\" href=\"https:\/\/www.youtube.com\/bahamasali\" target=\"_blank\" rel=\"noopener\">M\u00e1y B\u01a1m Mini<\/a><\/p>\n<p><a class=\"swipebox\" title=\"\" href=\"https:\/\/maybommini.com\/wp-content\/uploads\/2022\/07\/thong-tin-lien-he-may-bom-mini.jpg\" data-rel=\"lightbox-image-bGlnaHRib3gtaW1hZ2UtMTU=\" data-rl_title=\"\" data-rl_caption=\"\" data-rl_ target=\"_blank\" rel=\"noopener\"><img decoding=\"async\" class=\"size-full wp-image-270584 aligncenter lazyloaded\" src=\"https:\/\/maybommini.com\/wp-content\/uploads\/2022\/07\/thong-tin-lien-he-may-bom-mini.jpg\" sizes=\"(max-width: 750px) 100vw, 750px\" srcset=\"https:\/\/maybommini.com\/wp-content\/uploads\/2022\/07\/thong-tin-lien-he-may-bom-mini.jpg 750w, https:\/\/maybommini.com\/wp-content\/uploads\/2022\/07\/thong-tin-lien-he-may-bom-mini-300x202.jpg 300w, https:\/\/maybommini.com\/wp-content\/uploads\/2022\/07\/thong-tin-lien-he-may-bom-mini-600x405.jpg 600w\" alt=\"Thong Tin Lien He May Bom Mini\" width=\"750\" height=\"506\" data-lazy-srcset=\"https:\/\/maybommini.com\/wp-content\/uploads\/2022\/07\/thong-tin-lien-he-may-bom-mini.jpg 750w, https:\/\/maybommini.com\/wp-content\/uploads\/2022\/07\/thong-tin-lien-he-may-bom-mini-300x202.jpg 300w, https:\/\/maybommini.com\/wp-content\/uploads\/2022\/07\/thong-tin-lien-he-may-bom-mini-600x405.jpg 600w\" data-lazy-sizes=\"(max-width: 750px) 100vw, 750px\" data-lazy-src=\"https:\/\/maybommini.com\/wp-content\/uploads\/2022\/07\/thong-tin-lien-he-may-bom-mini.jpg\" data-was-processed=\"true\" \/><\/a><\/p>\n","protected":false},"excerpt":{"rendered":"<p>Model: D240P-1<br \/>\n\u0110i\u1ec7n v\u00e0o: AC 100-220V 4.8A 50\/60HZ<br \/>\n\u0110i\u1ec7n ra: DC 12V 20A<br \/>\nNgu\u1ed3n \u0111i\u1ec7n hi\u1ec7u n\u0103ng cao \u1ed5n \u0111\u1ecbnh.<br \/>\nLo\u1ea1i ngu\u1ed3n xung.<br \/>\nM\u1ea1ch chuy\u1ec3n \u0111\u1ed5i AC &#8211; DC \u1ed5n \u0111\u1ecbnh ch\u1ea5t l\u01b0\u1ee3ng.<br \/>\n\u0110\u1ea7u ra Jack DC 5.5 x 2.5mm<br \/>\nCh\u1ea5t li\u1ec7u: \u0110\u1ed3ng &#8211; Th\u00e9p &#8211; Nh\u1ef1a ABS.<br \/>\nK\u00edch th\u01b0\u1edbc:\u00a0 mm.<br \/>\nTr\u1ecdng l\u01b0\u1ee3ng: kg.<br \/>\nB\u1ea3o h\u00e0nh: 1 th\u00e1ng<br \/>\n<strong>C\u00f3 gi\u00e1 t\u1ed1t mua s\u1ed1 l\u01b0\u1ee3ng<\/strong><br \/>\n<strong>Tel Zalo: 02873030399 &#8211; 0907294310<\/strong><\/p>\n","protected":false},"featured_media":272565,"comment_status":"open","ping_status":"closed","template":"","meta":[],"product_brand":[],"product_cat":[3132,214],"product_tag":[267,573,3419,416,3338,3337,2093,260,576,3144,3423,3424,3422],"class_list":{"0":"post-272559","1":"product","2":"type-product","3":"status-publish","4":"has-post-thumbnail","6":"product_cat-nguon-dien-bien-the-adapter","7":"product_cat-phu-kien-bom-nuoc","8":"product_tag-12v","9":"product_tag-adapter","10":"product_tag-adaptor","11":"product_tag-bien-the","12":"product_tag-bo-doi-nguon","13":"product_tag-cuc-doi-nguon","14":"product_tag-doi-nguon","15":"product_tag-nguon","16":"product_tag-nguon-dien","17":"product_tag-nguon-dien-may-bom","18":"product_tag-nguon-dien-may-loc-nuoc","19":"product_tag-nguon-loc-nuoc-ro","20":"product_tag-nguon-may-phun-suong","22":"first","23":"instock","24":"shipping-taxable","25":"purchasable","26":"product-type-simple"},"_links":{"self":[{"href":"https:\/\/maybommini.vn\/index.php?rest_route=\/wp\/v2\/product\/272559","targetHints":{"allow":["GET"]}}],"collection":[{"href":"https:\/\/maybommini.vn\/index.php?rest_route=\/wp\/v2\/product"}],"about":[{"href":"https:\/\/maybommini.vn\/index.php?rest_route=\/wp\/v2\/types\/product"}],"replies":[{"embeddable":true,"href":"https:\/\/maybommini.vn\/index.php?rest_route=%2Fwp%2Fv2%2Fcomments&post=272559"}],"wp:featuredmedia":[{"embeddable":true,"href":"https:\/\/maybommini.vn\/index.php?rest_route=\/wp\/v2\/media\/272565"}],"wp:attachment":[{"href":"https:\/\/maybommini.vn\/index.php?rest_route=%2Fwp%2Fv2%2Fmedia&parent=272559"}],"wp:term":[{"taxonomy":"product_brand","embeddable":true,"href":"https:\/\/maybommini.vn\/index.php?rest_route=%2Fwp%2Fv2%2Fproduct_brand&post=272559"},{"taxonomy":"product_cat","embeddable":true,"href":"https:\/\/maybommini.vn\/index.php?rest_route=%2Fwp%2Fv2%2Fproduct_cat&post=272559"},{"taxonomy":"product_tag","embeddable":true,"href":"https:\/\/maybommini.vn\/index.php?rest_route=%2Fwp%2Fv2%2Fproduct_tag&post=272559"}],"curies":[{"name":"wp","href":"https:\/\/api.w.org\/{rel}","templated":true}]}}