{"id":272611,"date":"2023-02-23T09:04:51","date_gmt":"2023-02-23T02:04:51","guid":{"rendered":"https:\/\/maybommini.com\/?post_type=product&#038;p=272611"},"modified":"2023-02-23T09:04:52","modified_gmt":"2023-02-23T02:04:52","slug":"dong-ho-do-luu-luong-dien-tu-ogm-25","status":"publish","type":"product","link":"https:\/\/maybommini.vn\/?product=dong-ho-do-luu-luong-dien-tu-ogm-25","title":{"rendered":"\u0110\u1ed3ng h\u1ed3 \u0111o l\u01b0u l\u01b0\u1ee3ng \u0111i\u1ec7n t\u1eed OGM-25"},"content":{"rendered":"<h4>\u0110\u1ed3ng h\u1ed3 \u0111o l\u01b0u l\u01b0\u1ee3ng \u0111i\u1ec7n t\u1eed b\u00e1nh r\u0103ng OGM-25 c\u00f3 kh\u1ea3 n\u0103ng \u0111o l\u01b0\u1eddng \u0111\u01b0\u1ee3c c\u00e1c lo\u1ea1i ch\u1ea5t l\u1ecfng c\u00f3 \u0111\u1ed9 nh\u1edbt cao, \u0111\u1ed9 l\u1eb7p l\u1ea1i v\u00e0 \u0111\u1ed9 b\u1ec1n v\u01b0\u1ee3t tr\u1ed9i, \u0111\u1ed9 ch\u00ednh x\u00e1c cao. Trong \u0111\u00f3, \u0111\u1ed9 l\u1eb7p l\u1ea1i l\u00e0 c\u00f9ng t\u1ea1o ra c\u00f9ng m\u1ed9t k\u1ebft qu\u1ea3 trong c\u00f9ng \u0111i\u1ec1u ki\u1ec7n. \u0110\u1ed3ng h\u1ed3 \u0111o l\u01b0u l\u01b0\u1ee3ng \u0111i\u1ec7n t\u1eed b\u00e1nh r\u0103ng OGM-25 \u0111\u01b0\u1ee3c s\u1eed d\u1ee5ng trong nhi\u1ec1u l\u0129nh v\u1ef1c nh\u01b0 d\u1ea7u m\u1ecf, ho\u00e1 ch\u1ea5t, y t\u1ebf, th\u1ef1c ph\u1ea9m\u2026<\/h4>\n<p><strong><a href=\"https:\/\/maybommini.com\/wp-content\/uploads\/2023\/02\/Dong-ho-do-luu-luong-ke-dien-tu-OGM-35.jpg\" target=\"_blank\" rel=\"noopener\"><img decoding=\"async\" class=\"size-full wp-image-272617 aligncenter\" src=\"https:\/\/maybommini.com\/wp-content\/uploads\/2023\/02\/Dong-ho-do-luu-luong-ke-dien-tu-OGM-35.jpg\" alt=\"Dong Ho Do Luu Luong Ke Dien Tu OGM 35\" width=\"750\" height=\"750\" srcset=\"https:\/\/maybommini.vn\/wp-content\/uploads\/2023\/02\/Dong-ho-do-luu-luong-ke-dien-tu-OGM-35.jpg 750w, https:\/\/maybommini.vn\/wp-content\/uploads\/2023\/02\/Dong-ho-do-luu-luong-ke-dien-tu-OGM-35-300x300.jpg 300w, https:\/\/maybommini.vn\/wp-content\/uploads\/2023\/02\/Dong-ho-do-luu-luong-ke-dien-tu-OGM-35-150x150.jpg 150w, https:\/\/maybommini.vn\/wp-content\/uploads\/2023\/02\/Dong-ho-do-luu-luong-ke-dien-tu-OGM-35-600x600.jpg 600w\" sizes=\"(max-width: 750px) 100vw, 750px\" \/><\/a>TH\u00d4NG S\u1ed0 K\u1ef8 THU\u1eacT:<\/strong><br \/>\n&#8211; MODEL: OGM-E-25<br \/>\n&#8211; Ren trong 32mm (1\u201d)<br \/>\n&#8211; L\u01b0u l\u01b0\u1ee3ng t\u1ed1i thi\u1ec3u: 12 L\/P<br \/>\n&#8211; L\u01b0u l\u01b0\u1ee3ng t\u1ed1i \u0111a: 120 L\/P<br \/>\n&#8211; Sai s\u1ed1: \u00b1 0.5%<br \/>\n&#8211; T\u00ednh l\u1eb7p l\u1ea1i: \u2264 0.03%<br \/>\n&#8211; \u0110\u1ed9 nh\u1edbt t\u1ed1i \u0111a: 1000 CPS<br \/>\n&#8211; \u00c1p l\u1ef1c: \u2264 3.4 Mpa<br \/>\n&#8211; Nhi\u1ec7t \u0111\u1ed9 m\u00f4i tr\u01b0\u1eddng: 15-35\u00b0C<br \/>\n&#8211; M\u1ed9t l\u1ea7n \u0111o: 0 \u2013 9999 L\u00edt<br \/>\n&#8211; T\u1ed5ng t\u00edch lu\u1ef9: 0 \u2013 9999999 L\u00edt<br \/>\n&#8211; Pin s\u1eed d\u1ee5ng: 02 pin AA<br \/>\n&#8211; K\u00edch th\u01b0\u1edbc: 145 x 145 x 135 mm<br \/>\n&#8211; Tr\u1ecdng l\u01b0\u1ee3ng: 1.2 kg<br \/>\n&#8211; B\u1ea3o h\u00e0nh: 06 th\u00e1ng<\/p>\n<p><strong><a href=\"https:\/\/maybommini.com\/wp-content\/uploads\/2023\/02\/bang-thong-so-dong-ho-do-luu-luong-OGM.jpg\" target=\"_blank\" rel=\"noopener\"><img decoding=\"async\" class=\"size-full wp-image-272613 aligncenter\" src=\"https:\/\/maybommini.com\/wp-content\/uploads\/2023\/02\/bang-thong-so-dong-ho-do-luu-luong-OGM.jpg\" alt=\"Bang Thong So Dong Ho Do Luu Luong OGM\" width=\"750\" height=\"750\" srcset=\"https:\/\/maybommini.vn\/wp-content\/uploads\/2023\/02\/bang-thong-so-dong-ho-do-luu-luong-OGM.jpg 750w, https:\/\/maybommini.vn\/wp-content\/uploads\/2023\/02\/bang-thong-so-dong-ho-do-luu-luong-OGM-300x300.jpg 300w, https:\/\/maybommini.vn\/wp-content\/uploads\/2023\/02\/bang-thong-so-dong-ho-do-luu-luong-OGM-150x150.jpg 150w, https:\/\/maybommini.vn\/wp-content\/uploads\/2023\/02\/bang-thong-so-dong-ho-do-luu-luong-OGM-600x600.jpg 600w\" sizes=\"(max-width: 750px) 100vw, 750px\" \/><\/a><a href=\"https:\/\/maybommini.com\/wp-content\/uploads\/2023\/02\/Dong-ho-do-luu-luong-ke-dien-tu-OGM-25.jpg\" target=\"_blank\" rel=\"noopener\"><img decoding=\"async\" class=\"size-full wp-image-272616 aligncenter\" src=\"https:\/\/maybommini.com\/wp-content\/uploads\/2023\/02\/Dong-ho-do-luu-luong-ke-dien-tu-OGM-25.jpg\" alt=\"Dong Ho Do Luu Luong Ke Dien Tu OGM 25\" width=\"750\" height=\"750\" srcset=\"https:\/\/maybommini.vn\/wp-content\/uploads\/2023\/02\/Dong-ho-do-luu-luong-ke-dien-tu-OGM-25.jpg 750w, https:\/\/maybommini.vn\/wp-content\/uploads\/2023\/02\/Dong-ho-do-luu-luong-ke-dien-tu-OGM-25-300x300.jpg 300w, https:\/\/maybommini.vn\/wp-content\/uploads\/2023\/02\/Dong-ho-do-luu-luong-ke-dien-tu-OGM-25-150x150.jpg 150w, https:\/\/maybommini.vn\/wp-content\/uploads\/2023\/02\/Dong-ho-do-luu-luong-ke-dien-tu-OGM-25-600x600.jpg 600w\" sizes=\"(max-width: 750px) 100vw, 750px\" \/><\/a><a href=\"https:\/\/maybommini.com\/wp-content\/uploads\/2023\/02\/dong-ho-luu-luong-cao-cap-OGM-25.jpg\" target=\"_blank\" rel=\"noopener\"><img decoding=\"async\" class=\"size-full wp-image-272618 aligncenter\" src=\"https:\/\/maybommini.com\/wp-content\/uploads\/2023\/02\/dong-ho-luu-luong-cao-cap-OGM-25.jpg\" alt=\"Dong Ho Luu Luong Cao Cap OGM 25\" width=\"750\" height=\"750\" srcset=\"https:\/\/maybommini.vn\/wp-content\/uploads\/2023\/02\/dong-ho-luu-luong-cao-cap-OGM-25.jpg 750w, https:\/\/maybommini.vn\/wp-content\/uploads\/2023\/02\/dong-ho-luu-luong-cao-cap-OGM-25-300x300.jpg 300w, https:\/\/maybommini.vn\/wp-content\/uploads\/2023\/02\/dong-ho-luu-luong-cao-cap-OGM-25-150x150.jpg 150w, https:\/\/maybommini.vn\/wp-content\/uploads\/2023\/02\/dong-ho-luu-luong-cao-cap-OGM-25-600x600.jpg 600w\" sizes=\"(max-width: 750px) 100vw, 750px\" \/><\/a><a href=\"https:\/\/maybommini.com\/wp-content\/uploads\/2023\/02\/ban-dong-ho-do-luu-luong-chat-long-OGM-25.jpg\" target=\"_blank\" rel=\"noopener\"><img decoding=\"async\" class=\"size-full wp-image-272612 aligncenter\" src=\"https:\/\/maybommini.com\/wp-content\/uploads\/2023\/02\/ban-dong-ho-do-luu-luong-chat-long-OGM-25.jpg\" alt=\"Ban Dong Ho Do Luu Luong Chat Long OGM 25\" width=\"750\" height=\"750\" srcset=\"https:\/\/maybommini.vn\/wp-content\/uploads\/2023\/02\/ban-dong-ho-do-luu-luong-chat-long-OGM-25.jpg 750w, https:\/\/maybommini.vn\/wp-content\/uploads\/2023\/02\/ban-dong-ho-do-luu-luong-chat-long-OGM-25-300x300.jpg 300w, https:\/\/maybommini.vn\/wp-content\/uploads\/2023\/02\/ban-dong-ho-do-luu-luong-chat-long-OGM-25-150x150.jpg 150w, https:\/\/maybommini.vn\/wp-content\/uploads\/2023\/02\/ban-dong-ho-do-luu-luong-chat-long-OGM-25-600x600.jpg 600w\" sizes=\"(max-width: 750px) 100vw, 750px\" \/><\/a><a href=\"https:\/\/maybommini.com\/wp-content\/uploads\/2023\/02\/trong-luong-dong-ho-do-luu-luong-OGM-25.jpg\" target=\"_blank\" rel=\"noopener\"><img decoding=\"async\" class=\"size-full wp-image-272623 aligncenter\" src=\"https:\/\/maybommini.com\/wp-content\/uploads\/2023\/02\/trong-luong-dong-ho-do-luu-luong-OGM-25.jpg\" alt=\"Trong Luong Dong Ho Do Luu Luong OGM 25\" width=\"750\" height=\"750\" srcset=\"https:\/\/maybommini.vn\/wp-content\/uploads\/2023\/02\/trong-luong-dong-ho-do-luu-luong-OGM-25.jpg 750w, https:\/\/maybommini.vn\/wp-content\/uploads\/2023\/02\/trong-luong-dong-ho-do-luu-luong-OGM-25-300x300.jpg 300w, https:\/\/maybommini.vn\/wp-content\/uploads\/2023\/02\/trong-luong-dong-ho-do-luu-luong-OGM-25-150x150.jpg 150w, https:\/\/maybommini.vn\/wp-content\/uploads\/2023\/02\/trong-luong-dong-ho-do-luu-luong-OGM-25-600x600.jpg 600w\" sizes=\"(max-width: 750px) 100vw, 750px\" \/><\/a><a href=\"https:\/\/maybommini.com\/wp-content\/uploads\/2023\/02\/ben-trong-dong-ho-do-luu-luong-OGM-25.jpg\" target=\"_blank\" rel=\"noopener\"><img decoding=\"async\" class=\"size-full wp-image-272614 aligncenter\" src=\"https:\/\/maybommini.com\/wp-content\/uploads\/2023\/02\/ben-trong-dong-ho-do-luu-luong-OGM-25.jpg\" alt=\"Ben Trong Dong Ho Do Luu Luong OGM 25\" width=\"750\" height=\"750\" srcset=\"https:\/\/maybommini.vn\/wp-content\/uploads\/2023\/02\/ben-trong-dong-ho-do-luu-luong-OGM-25.jpg 750w, https:\/\/maybommini.vn\/wp-content\/uploads\/2023\/02\/ben-trong-dong-ho-do-luu-luong-OGM-25-300x300.jpg 300w, https:\/\/maybommini.vn\/wp-content\/uploads\/2023\/02\/ben-trong-dong-ho-do-luu-luong-OGM-25-150x150.jpg 150w, https:\/\/maybommini.vn\/wp-content\/uploads\/2023\/02\/ben-trong-dong-ho-do-luu-luong-OGM-25-600x600.jpg 600w\" sizes=\"(max-width: 750px) 100vw, 750px\" \/><\/a><\/strong><\/p>\n<p><strong>C\u00c1C T\u00cdNH N\u0102NG \u0110\u1eb6C TR\u01afNG:<\/strong><br \/>\n&#8211; C\u00f3 th\u1ec3 s\u1eed d\u1ee5ng \u0111\u01b0\u1ee3c cho c\u00e1c ch\u1ea5t nh\u01b0 x\u0103ng, d\u1ea7u diesel, d\u1ea7u ho\u1ea3, nh\u1edbt ho\u1eb7c c\u00e1c ch\u1ea5t c\u00f3 \u0111\u1ed9 nh\u1edbt cao<br \/>\n&#8211; \u00c1p su\u1ea5t d\u00f2ng ch\u1ea3y \u2264 3.4 Mpa<br \/>\n&#8211; 02 b\u00e1nh r\u0103ng nh\u00f4m gi\u00fap cho \u0111\u1ed9 ch\u00ednh x\u00e1c cao, sai s\u1ed1 kh\u00f4ng qu\u00e1 0.5%<br \/>\n&#8211; C\u00f3 th\u1ec3 c\u00e0i \u0111\u1eb7t l\u1ea1i sau m\u1ed7i l\u1ea7n \u0111o, ho\u1eb7c c\u1ed9ng d\u1ed3n<\/p>\n<p><strong><a href=\"https:\/\/maybommini.com\/wp-content\/uploads\/2023\/02\/Electronic-Flowmeter-OGM-25.jpg\" target=\"_blank\" rel=\"noopener\"><img decoding=\"async\" class=\"size-full wp-image-272619 aligncenter\" src=\"https:\/\/maybommini.com\/wp-content\/uploads\/2023\/02\/Electronic-Flowmeter-OGM-25.jpg\" alt=\"Electronic Flowmeter OGM 25\" width=\"750\" height=\"750\" srcset=\"https:\/\/maybommini.vn\/wp-content\/uploads\/2023\/02\/Electronic-Flowmeter-OGM-25.jpg 750w, https:\/\/maybommini.vn\/wp-content\/uploads\/2023\/02\/Electronic-Flowmeter-OGM-25-300x300.jpg 300w, https:\/\/maybommini.vn\/wp-content\/uploads\/2023\/02\/Electronic-Flowmeter-OGM-25-150x150.jpg 150w, https:\/\/maybommini.vn\/wp-content\/uploads\/2023\/02\/Electronic-Flowmeter-OGM-25-600x600.jpg 600w\" sizes=\"(max-width: 750px) 100vw, 750px\" \/><\/a><\/strong><br \/>\n<strong>C\u00c1C N\u00daT NGU\u1ed2N:<\/strong><br \/>\n&#8211; N\u00fat CLEAR: xo\u00e1 s\u1ed1 v\u1eeba \u0111o<br \/>\n&#8211; N\u00fat START: kh\u1edfi \u0111\u1ed9ng, chuy\u1ec3n \u0111\u1ed5i \u0111\u01a1n gi\u00e1 \u2013 l\u01b0u l\u01b0\u1ee3ng, c\u00e0i \u0111\u1eb7t h\u1ec7 s\u1ed1<br \/>\n&#8211; N\u00fat Total: xem t\u1ed5ng c\u1ed9ng d\u1ed3n, xo\u00e1 t\u1ed5ng c\u1ed9ng, xo\u00e1 l\u01b0u l\u01b0\u1ee3ng c\u1ee7a 1 l\u1ea7n \u0111o<\/p>\n<h5><a href=\"https:\/\/maybommini.com\/wp-content\/uploads\/2023\/02\/nut-chuc-nang-dong-ho-do-luu-luong-OGM.jpg\" target=\"_blank\" rel=\"noopener\"><img decoding=\"async\" class=\"size-full wp-image-272620 aligncenter\" src=\"https:\/\/maybommini.com\/wp-content\/uploads\/2023\/02\/nut-chuc-nang-dong-ho-do-luu-luong-OGM.jpg\" alt=\"Nut Chuc Nang Dong Ho Do Luu Luong OGM\" width=\"750\" height=\"750\" srcset=\"https:\/\/maybommini.vn\/wp-content\/uploads\/2023\/02\/nut-chuc-nang-dong-ho-do-luu-luong-OGM.jpg 750w, https:\/\/maybommini.vn\/wp-content\/uploads\/2023\/02\/nut-chuc-nang-dong-ho-do-luu-luong-OGM-300x300.jpg 300w, https:\/\/maybommini.vn\/wp-content\/uploads\/2023\/02\/nut-chuc-nang-dong-ho-do-luu-luong-OGM-150x150.jpg 150w, https:\/\/maybommini.vn\/wp-content\/uploads\/2023\/02\/nut-chuc-nang-dong-ho-do-luu-luong-OGM-600x600.jpg 600w\" sizes=\"(max-width: 750px) 100vw, 750px\" \/><\/a><\/h5>\n<h5 style=\"text-align: center;\">Thi\u1ebft b\u1ecb \u0111o l\u01b0u l\u01b0\u1ee3ng d\u00f2ng ch\u1ea3y<br \/>\nOGM Flow Meter<br \/>\nCalibrated Electronic Oval Gear Flow Meter<br \/>\n\u0110\u1ed3ng h\u1ed3 \u0111o l\u01b0u l\u01b0\u1ee3ng \u0111i\u1ec7n t\u1eed OGM-E-25<\/h5>\n<p><a href=\"https:\/\/maybommini.com\/wp-content\/uploads\/2023\/02\/chung-nhan-kiem-dinh-do-luong-cua-dong-do-luu-luong-OGM.jpg\" target=\"_blank\" rel=\"noopener\"><img decoding=\"async\" class=\"size-full wp-image-272615 aligncenter\" src=\"https:\/\/maybommini.com\/wp-content\/uploads\/2023\/02\/chung-nhan-kiem-dinh-do-luong-cua-dong-do-luu-luong-OGM.jpg\" alt=\"Chung Nhan Kiem Dinh Do Luong Cua Dong Do Luu Luong OGM\" width=\"750\" height=\"750\" srcset=\"https:\/\/maybommini.vn\/wp-content\/uploads\/2023\/02\/chung-nhan-kiem-dinh-do-luong-cua-dong-do-luu-luong-OGM.jpg 750w, https:\/\/maybommini.vn\/wp-content\/uploads\/2023\/02\/chung-nhan-kiem-dinh-do-luong-cua-dong-do-luu-luong-OGM-300x300.jpg 300w, https:\/\/maybommini.vn\/wp-content\/uploads\/2023\/02\/chung-nhan-kiem-dinh-do-luong-cua-dong-do-luu-luong-OGM-150x150.jpg 150w, https:\/\/maybommini.vn\/wp-content\/uploads\/2023\/02\/chung-nhan-kiem-dinh-do-luong-cua-dong-do-luu-luong-OGM-600x600.jpg 600w\" sizes=\"(max-width: 750px) 100vw, 750px\" \/><\/a><\/p>\n<p><a href=\"https:\/\/maybommini.com\/wp-content\/uploads\/2023\/02\/su-dung-dong-ho-do-luu-luong-OGM-25.jpg\" target=\"_blank\" rel=\"noopener\"><img decoding=\"async\" class=\"size-full wp-image-272622 aligncenter\" src=\"https:\/\/maybommini.com\/wp-content\/uploads\/2023\/02\/su-dung-dong-ho-do-luu-luong-OGM-25.jpg\" alt=\"Su Dung Dong Ho Do Luu Luong OGM 25\" width=\"750\" height=\"750\" srcset=\"https:\/\/maybommini.vn\/wp-content\/uploads\/2023\/02\/su-dung-dong-ho-do-luu-luong-OGM-25.jpg 750w, https:\/\/maybommini.vn\/wp-content\/uploads\/2023\/02\/su-dung-dong-ho-do-luu-luong-OGM-25-300x300.jpg 300w, https:\/\/maybommini.vn\/wp-content\/uploads\/2023\/02\/su-dung-dong-ho-do-luu-luong-OGM-25-150x150.jpg 150w, https:\/\/maybommini.vn\/wp-content\/uploads\/2023\/02\/su-dung-dong-ho-do-luu-luong-OGM-25-600x600.jpg 600w\" sizes=\"(max-width: 750px) 100vw, 750px\" \/><\/a><\/p>\n<p><strong>CTY TNHH TH\u01af\u01a0NG M\u1ea0I D\u1ecaCH V\u1ee4 \u0110I\u1ec6N M\u00c1Y TH\u00d4NG MINH<br \/>\nWebsite:\u00a0<a href=\"https:\/\/maybommini.com\/\" target=\"_blank\" rel=\"noopener\">https:\/\/maybommini.com<\/a><br \/>\nEmail: Maybommini.com@gmail.com<br \/>\nT\u01af V\u1ea4N K\u1ef8 THU\u1eacT \u2013 MUA H\u00c0NG<br \/>\nTel\/ Zalo: 0908997823 \u2013 0908997872<br \/>\nT\u01b0 v\u1ea5n mua h\u00e0ng: 0907294310 \u2013 02873030399<br \/>\n<\/strong><\/p>\n<h3><a class=\"swipebox\" title=\"\" href=\"https:\/\/maybommini.com\/wp-content\/uploads\/2022\/07\/thong-tin-lien-he-may-bom-mini.jpg\" data-rel=\"lightbox-image-bGlnaHRib3gtaW1hZ2UtYkdsbmFIUmliM2d0YVcxaFoyVXRZa2RzYm1GSVVtbGlNMmQwWVZjeGFGb3lWWFJaYTJSelltMUdTVlZ0YkdsTk1tUXdXVlpqZUdGR2IzbFdXRkphWVRKU2VsbHRNVWRUVmxaMFlrZHNUazF0VVhkWFZscHFaVWRHUjJJemJGZFhSa3BQVm10V1ZrOVJQVDA9\" data-rl_title=\"\" data-rl_caption=\"\" data-rl_ target=\"_blank\" rel=\"noopener\"><img decoding=\"async\" class=\"size-full wp-image-270584 lazyloaded aligncenter\" src=\"https:\/\/maybommini.com\/wp-content\/uploads\/2022\/07\/thong-tin-lien-he-may-bom-mini.jpg\" sizes=\"(max-width: 750px) 100vw, 750px\" srcset=\"https:\/\/maybommini.com\/wp-content\/uploads\/2022\/07\/thong-tin-lien-he-may-bom-mini.jpg 750w, https:\/\/maybommini.com\/wp-content\/uploads\/2022\/07\/thong-tin-lien-he-may-bom-mini-300x202.jpg 300w, https:\/\/maybommini.com\/wp-content\/uploads\/2022\/07\/thong-tin-lien-he-may-bom-mini-600x405.jpg 600w\" alt=\"Thong Tin Lien He May Bom Mini\" width=\"750\" height=\"506\" data-lazy-srcset=\"https:\/\/maybommini.com\/wp-content\/uploads\/2022\/07\/thong-tin-lien-he-may-bom-mini.jpg 750w, https:\/\/maybommini.com\/wp-content\/uploads\/2022\/07\/thong-tin-lien-he-may-bom-mini-300x202.jpg 300w, https:\/\/maybommini.com\/wp-content\/uploads\/2022\/07\/thong-tin-lien-he-may-bom-mini-600x405.jpg 600w\" data-lazy-sizes=\"(max-width: 750px) 100vw, 750px\" data-lazy-src=\"https:\/\/maybommini.com\/wp-content\/uploads\/2022\/07\/thong-tin-lien-he-may-bom-mini.jpg\" data-was-processed=\"true\" \/><\/a><\/h3>\n","protected":false},"excerpt":{"rendered":"<p>&#8211; MODEL: OGM-E-25<br \/>\n&#8211; Ren trong 32mm (1\u201d)<br \/>\n&#8211; L\u01b0u l\u01b0\u1ee3ng t\u1ed1i thi\u1ec3u: 12 L\/P<br \/>\n&#8211; L\u01b0u l\u01b0\u1ee3ng t\u1ed1i \u0111a: 120 L\/P<br \/>\n&#8211; Sai s\u1ed1: \u00b1 0.5%<br \/>\n&#8211; T\u00ednh l\u1eb7p l\u1ea1i: \u2264 0.03%<br \/>\n&#8211; \u0110\u1ed9 nh\u1edbt t\u1ed1i \u0111a: 1000 CPS<br \/>\n&#8211; \u00c1p l\u1ef1c: \u2264 3.4 Mpa<br \/>\n&#8211; Nhi\u1ec7t \u0111\u1ed9 m\u00f4i tr\u01b0\u1eddng: 15-35\u00b0C<br \/>\n&#8211; M\u1ed9t l\u1ea7n \u0111o: 0 \u2013 9999 L\u00edt<br \/>\n&#8211; T\u1ed5ng t\u00edch lu\u1ef9: 0 \u2013 9999999 L\u00edt<br \/>\n&#8211; Pin s\u1eed d\u1ee5ng: 02 pin AA<br \/>\n&#8211; K\u00edch th\u01b0\u1edbc: 145 x 145 x 135 mm<br \/>\n&#8211; Tr\u1ecdng l\u01b0\u1ee3ng: 1.2 kg<br \/>\n&#8211; B\u1ea3o h\u00e0nh: 06 th\u00e1ng<\/p>\n","protected":false},"featured_media":272617,"comment_status":"open","ping_status":"closed","template":"","meta":[],"product_brand":[],"product_cat":[383,3008,317,3239,4004],"product_tag":[4006,3792,4007,4009,4008],"class_list":{"0":"post-272611","1":"product","2":"type-product","3":"status-publish","4":"has-post-thumbnail","6":"product_cat-may-bom-xang-dau-nhot","7":"product_cat-phu-kien-bom-dau-nhot","8":"product_cat-thiet-bi-dung-cu","9":"product_cat-thiet-bi-do-luong","10":"product_cat-do-luu-luong-dong-chay","11":"product_tag-do-luu-luong","12":"product_tag-dong-ho-do-luu-luong","13":"product_tag-do-luu-luong-dong-chay","14":"product_tag-ogm-flow-meter","15":"product_tag-ogm-25","17":"first","18":"instock","19":"sale","20":"shipping-taxable","21":"purchasable","22":"product-type-simple"},"_links":{"self":[{"href":"https:\/\/maybommini.vn\/index.php?rest_route=\/wp\/v2\/product\/272611","targetHints":{"allow":["GET"]}}],"collection":[{"href":"https:\/\/maybommini.vn\/index.php?rest_route=\/wp\/v2\/product"}],"about":[{"href":"https:\/\/maybommini.vn\/index.php?rest_route=\/wp\/v2\/types\/product"}],"replies":[{"embeddable":true,"href":"https:\/\/maybommini.vn\/index.php?rest_route=%2Fwp%2Fv2%2Fcomments&post=272611"}],"wp:featuredmedia":[{"embeddable":true,"href":"https:\/\/maybommini.vn\/index.php?rest_route=\/wp\/v2\/media\/272617"}],"wp:attachment":[{"href":"https:\/\/maybommini.vn\/index.php?rest_route=%2Fwp%2Fv2%2Fmedia&parent=272611"}],"wp:term":[{"taxonomy":"product_brand","embeddable":true,"href":"https:\/\/maybommini.vn\/index.php?rest_route=%2Fwp%2Fv2%2Fproduct_brand&post=272611"},{"taxonomy":"product_cat","embeddable":true,"href":"https:\/\/maybommini.vn\/index.php?rest_route=%2Fwp%2Fv2%2Fproduct_cat&post=272611"},{"taxonomy":"product_tag","embeddable":true,"href":"https:\/\/maybommini.vn\/index.php?rest_route=%2Fwp%2Fv2%2Fproduct_tag&post=272611"}],"curies":[{"name":"wp","href":"https:\/\/api.w.org\/{rel}","templated":true}]}}