{"id":272624,"date":"2023-02-24T00:19:36","date_gmt":"2023-02-23T17:19:36","guid":{"rendered":"https:\/\/maybommini.com\/?post_type=product&#038;p=272624"},"modified":"2023-02-24T00:46:45","modified_gmt":"2023-02-23T17:46:45","slug":"binh-phun-bot-tuyet-bom-tay-oring","status":"publish","type":"product","link":"https:\/\/maybommini.vn\/?product=binh-phun-bot-tuyet-bom-tay-oring","title":{"rendered":"B\u00ecnh phun b\u1ecdt tuy\u1ebft b\u01a1m tay Oring"},"content":{"rendered":"<p><strong>Chuy\u00ean cung c\u1ea5p ph\u00e2n ph\u1ed1i thi\u1ebft b\u1ecb ph\u1ee5 ki\u1ec7n r\u1eeda xe gia \u0111\u00ecnh v\u00e0 c\u00f4ng nghi\u1ec7p ch\u00ednh h\u00e3ng tr\u00ean to\u00e0n qu\u1ed1c v\u1edbi gi\u00e1 t\u1ed1t. B\u00ecnh phun b\u1ecdt tuy\u1ebft b\u01a1m tay Oring \u0111ang \u0111\u01b0\u1ee3c \u01b0u chu\u1ed9ng hi\u1ec7n nay do s\u1eed d\u1ee5ng ti\u1ec7n l\u1ee3i c\u00f3 th\u1ec3 k\u1ebft h\u1ee3p phun t\u01b0\u1edbi c\u00e2y, phun x\u1ecbt h\u00f3a ch\u1ea5t v\u00e0 nhi\u1ec1u \u1ee9ng d\u1ee5ng kh\u00e1c.<\/strong><\/p>\n<p><strong><a href=\"https:\/\/maybommini.com\/wp-content\/uploads\/2023\/02\/Binh-phun-bot-tuyet-rua-xe-khi-nen-bom-tay-Oring-Foam-Spray.jpg\" target=\"_blank\" rel=\"noopener\"><img decoding=\"async\" class=\"size-full wp-image-272626 aligncenter\" src=\"https:\/\/maybommini.com\/wp-content\/uploads\/2023\/02\/Binh-phun-bot-tuyet-rua-xe-khi-nen-bom-tay-Oring-Foam-Spray.jpg\" alt=\"Binh Phun Bot Tuyet Rua Xe Khi Nen Bom Tay Oring Foam Spray\" width=\"750\" height=\"750\" srcset=\"https:\/\/maybommini.vn\/wp-content\/uploads\/2023\/02\/Binh-phun-bot-tuyet-rua-xe-khi-nen-bom-tay-Oring-Foam-Spray.jpg 750w, https:\/\/maybommini.vn\/wp-content\/uploads\/2023\/02\/Binh-phun-bot-tuyet-rua-xe-khi-nen-bom-tay-Oring-Foam-Spray-300x300.jpg 300w, https:\/\/maybommini.vn\/wp-content\/uploads\/2023\/02\/Binh-phun-bot-tuyet-rua-xe-khi-nen-bom-tay-Oring-Foam-Spray-150x150.jpg 150w, https:\/\/maybommini.vn\/wp-content\/uploads\/2023\/02\/Binh-phun-bot-tuyet-rua-xe-khi-nen-bom-tay-Oring-Foam-Spray-600x600.jpg 600w\" sizes=\"(max-width: 750px) 100vw, 750px\" \/><\/a>TH\u00d4NG S\u1ed0 K\u1ef8 THU\u1eacT<\/strong><br \/>\nTh\u01b0\u01a1ng hi\u1ec7u: ORING<br \/>\nModel: ORG-620<br \/>\nLo\u1ea1i b\u00ecnh phun kh\u00ed n\u00e9n.<br \/>\nTay b\u01a1m kh\u00ed n\u00e9n.<br \/>\nB\u00e9c phun: tia tr\u00f2n &#8211; r\u1ebd qu\u1ea1t<br \/>\n\u1ed0ng inox d\u00e0i phun x\u1ecbt.<br \/>\n\u0110\u1ea7u b\u00e9c t\u1ea1o b\u1ecdt tuy\u1ebft.<br \/>\nVan x\u1ea3 kh\u00ed n\u00e9n.<br \/>\nCh\u1ea5t li\u1ec7u: Nh\u1ef1a &#8211; Kim lo\u1ea1i<br \/>\nCh\u1ea5t li\u1ec7u thi\u1ebft k\u1ebf ch\u1ecbu \u00e1p l\u1ef1c.<br \/>\nDung t\u00edch: 2 L\u00edt<br \/>\nK\u00edch th\u01b0\u1edbc: 12.5 x 34 cm<br \/>\nTr\u1ecdng l\u01b0\u1ee3ng: 450 gam.<\/p>\n<p>&nbsp;<\/p>\n<p><strong><a href=\"https:\/\/maybommini.com\/wp-content\/uploads\/2023\/02\/voi-phun-binh-bot-tuyet-rua-xe-oring.jpg\" target=\"_blank\" rel=\"noopener\"><img decoding=\"async\" class=\"size-full wp-image-272625 aligncenter\" src=\"https:\/\/maybommini.com\/wp-content\/uploads\/2023\/02\/voi-phun-binh-bot-tuyet-rua-xe-oring.jpg\" alt=\"Voi Phun Binh Bot Tuyet Rua Xe Oring\" width=\"750\" height=\"750\" srcset=\"https:\/\/maybommini.vn\/wp-content\/uploads\/2023\/02\/voi-phun-binh-bot-tuyet-rua-xe-oring.jpg 750w, https:\/\/maybommini.vn\/wp-content\/uploads\/2023\/02\/voi-phun-binh-bot-tuyet-rua-xe-oring-300x300.jpg 300w, https:\/\/maybommini.vn\/wp-content\/uploads\/2023\/02\/voi-phun-binh-bot-tuyet-rua-xe-oring-150x150.jpg 150w, https:\/\/maybommini.vn\/wp-content\/uploads\/2023\/02\/voi-phun-binh-bot-tuyet-rua-xe-oring-600x600.jpg 600w\" sizes=\"(max-width: 750px) 100vw, 750px\" \/><\/a><a href=\"https:\/\/maybommini.com\/wp-content\/uploads\/2023\/02\/binh-phun-rua-xe-bot-tuyet-bom-tay-oring-chinh-hang.jpg\" target=\"_blank\" rel=\"noopener\"><img decoding=\"async\" class=\"size-full wp-image-272627 aligncenter\" src=\"https:\/\/maybommini.com\/wp-content\/uploads\/2023\/02\/binh-phun-rua-xe-bot-tuyet-bom-tay-oring-chinh-hang.jpg\" alt=\"Binh Phun Rua Xe Bot Tuyet Bom Tay Oring Chinh Hang\" width=\"750\" height=\"750\" srcset=\"https:\/\/maybommini.vn\/wp-content\/uploads\/2023\/02\/binh-phun-rua-xe-bot-tuyet-bom-tay-oring-chinh-hang.jpg 750w, https:\/\/maybommini.vn\/wp-content\/uploads\/2023\/02\/binh-phun-rua-xe-bot-tuyet-bom-tay-oring-chinh-hang-300x300.jpg 300w, https:\/\/maybommini.vn\/wp-content\/uploads\/2023\/02\/binh-phun-rua-xe-bot-tuyet-bom-tay-oring-chinh-hang-150x150.jpg 150w, https:\/\/maybommini.vn\/wp-content\/uploads\/2023\/02\/binh-phun-rua-xe-bot-tuyet-bom-tay-oring-chinh-hang-600x600.jpg 600w\" sizes=\"(max-width: 750px) 100vw, 750px\" \/><\/a><a href=\"https:\/\/maybommini.com\/wp-content\/uploads\/2023\/02\/binh-phun-tuoi-cay-bom-tay.jpg\" target=\"_blank\" rel=\"noopener\"><img decoding=\"async\" class=\"size-full wp-image-272628 aligncenter\" src=\"https:\/\/maybommini.com\/wp-content\/uploads\/2023\/02\/binh-phun-tuoi-cay-bom-tay.jpg\" alt=\"Binh Phun Tuoi Cay Bom Tay\" width=\"750\" height=\"750\" srcset=\"https:\/\/maybommini.vn\/wp-content\/uploads\/2023\/02\/binh-phun-tuoi-cay-bom-tay.jpg 750w, https:\/\/maybommini.vn\/wp-content\/uploads\/2023\/02\/binh-phun-tuoi-cay-bom-tay-300x300.jpg 300w, https:\/\/maybommini.vn\/wp-content\/uploads\/2023\/02\/binh-phun-tuoi-cay-bom-tay-150x150.jpg 150w, https:\/\/maybommini.vn\/wp-content\/uploads\/2023\/02\/binh-phun-tuoi-cay-bom-tay-600x600.jpg 600w\" sizes=\"(max-width: 750px) 100vw, 750px\" \/><\/a><a href=\"https:\/\/maybommini.com\/wp-content\/uploads\/2023\/02\/binh-phun-xa-phong-bot-tuyet-rua-xe-va-tuoi-cay.jpg\" target=\"_blank\" rel=\"noopener\"><img decoding=\"async\" class=\"size-full wp-image-272629 aligncenter\" src=\"https:\/\/maybommini.com\/wp-content\/uploads\/2023\/02\/binh-phun-xa-phong-bot-tuyet-rua-xe-va-tuoi-cay.jpg\" alt=\"Binh Phun Xa Phong Bot Tuyet Rua Xe Va Tuoi Cay\" width=\"750\" height=\"750\" srcset=\"https:\/\/maybommini.vn\/wp-content\/uploads\/2023\/02\/binh-phun-xa-phong-bot-tuyet-rua-xe-va-tuoi-cay.jpg 750w, https:\/\/maybommini.vn\/wp-content\/uploads\/2023\/02\/binh-phun-xa-phong-bot-tuyet-rua-xe-va-tuoi-cay-300x300.jpg 300w, https:\/\/maybommini.vn\/wp-content\/uploads\/2023\/02\/binh-phun-xa-phong-bot-tuyet-rua-xe-va-tuoi-cay-150x150.jpg 150w, https:\/\/maybommini.vn\/wp-content\/uploads\/2023\/02\/binh-phun-xa-phong-bot-tuyet-rua-xe-va-tuoi-cay-600x600.jpg 600w\" sizes=\"(max-width: 750px) 100vw, 750px\" \/><\/a><a href=\"https:\/\/maybommini.com\/wp-content\/uploads\/2023\/02\/pun-bot-tuyet-rua-xe-oring-gia-re.jpg\" target=\"_blank\" rel=\"noopener\"><img decoding=\"async\" class=\"size-full wp-image-272632 aligncenter\" src=\"https:\/\/maybommini.com\/wp-content\/uploads\/2023\/02\/pun-bot-tuyet-rua-xe-oring-gia-re.jpg\" alt=\"Pun Bot Tuyet Rua Xe Oring Gia Re\" width=\"750\" height=\"750\" srcset=\"https:\/\/maybommini.vn\/wp-content\/uploads\/2023\/02\/pun-bot-tuyet-rua-xe-oring-gia-re.jpg 750w, https:\/\/maybommini.vn\/wp-content\/uploads\/2023\/02\/pun-bot-tuyet-rua-xe-oring-gia-re-300x300.jpg 300w, https:\/\/maybommini.vn\/wp-content\/uploads\/2023\/02\/pun-bot-tuyet-rua-xe-oring-gia-re-150x150.jpg 150w, https:\/\/maybommini.vn\/wp-content\/uploads\/2023\/02\/pun-bot-tuyet-rua-xe-oring-gia-re-600x600.jpg 600w\" sizes=\"(max-width: 750px) 100vw, 750px\" \/><\/a><a href=\"https:\/\/maybommini.com\/wp-content\/uploads\/2023\/02\/tay-bom-hoi-binh-bot-tuyet-va-voi-sa-hoi.jpg\" target=\"_blank\" rel=\"noopener\"><img decoding=\"async\" class=\"size-full wp-image-272633 aligncenter\" src=\"https:\/\/maybommini.com\/wp-content\/uploads\/2023\/02\/tay-bom-hoi-binh-bot-tuyet-va-voi-sa-hoi.jpg\" alt=\"Tay Bom Hoi Binh Bot Tuyet Va Voi Sa Hoi\" width=\"750\" height=\"750\" srcset=\"https:\/\/maybommini.vn\/wp-content\/uploads\/2023\/02\/tay-bom-hoi-binh-bot-tuyet-va-voi-sa-hoi.jpg 750w, https:\/\/maybommini.vn\/wp-content\/uploads\/2023\/02\/tay-bom-hoi-binh-bot-tuyet-va-voi-sa-hoi-300x300.jpg 300w, https:\/\/maybommini.vn\/wp-content\/uploads\/2023\/02\/tay-bom-hoi-binh-bot-tuyet-va-voi-sa-hoi-150x150.jpg 150w, https:\/\/maybommini.vn\/wp-content\/uploads\/2023\/02\/tay-bom-hoi-binh-bot-tuyet-va-voi-sa-hoi-600x600.jpg 600w\" sizes=\"(max-width: 750px) 100vw, 750px\" \/><\/a><br \/>\nC\u00c1CH S\u1eec D\u1ee4NG B\u00ccNH PHUN B\u1eccT TUY\u1ebeT KH\u00cd N\u00c9N<\/strong><br \/>\n&#8211; G\u1eafn b\u00e9c phun b\u1ecdt tuy\u1ebft v\u00e0o v\u00f2i phun.<br \/>\n&#8211; Cho dung d\u1ecbch n\u01b0\u1edbc r\u1eeda xe b\u1ecdt tuy\u1ebft theo h\u01b0\u1edbng d\u1eabn c\u1ee7a nh\u00e0 s\u1ea3n xu\u1ea5t c\u00f3 ghi tr\u00ean s\u1ea3n ph\u1ea9m.<br \/>\n&#8211; Cho th\u00eam n\u01b0\u1edbc s\u1ea1ch v\u00e0o b\u00ecnh phun theo l\u01b0\u1ee3ng nh\u00e0 s\u1ea3n xu\u1ea5t dung d\u1ecbch r\u1eeda xe b\u1ecdt tuy\u1ebft quy \u0111\u1ecbnh.<br \/>\n&#8211; L\u1eafc cho dung d\u1ecbch r\u1eeda xe v\u00e0 n\u01b0\u1edbc s\u1ea1ch tr\u1ed9n \u0111\u1ec1u.<br \/>\n&#8211; \u0110\u00f3ng k\u00edn n\u1eafp b\u00ecnh phun b\u1ecdt tuy\u1ebft tr\u00e1nh x\u00ec h\u01a1i.<br \/>\n&#8211; D\u00f9ng b\u01a1m tay tr\u00ean b\u00ecnh \u0111\u1ec3 b\u01a1m t\u1ea1o kh\u00ed n\u00e9n.<br \/>\n&#8211; N\u1ebfu l\u00e0 lo\u1ea1i c\u00f3 v\u00f2i b\u01a1m kh\u00ed n\u00e9n th\u00ec c\u00f3 th\u1ec3 d\u00f9ng m\u00e1y \u0111\u1ec3 b\u01a1m kh\u00ed n\u00e9n v\u00e0o b\u00ecnh.<br \/>\n&#8211; B\u01a1m l\u01b0\u1ee3ng kh\u00ed v\u1eeba \u0111\u1ee7 \u0111\u1ec3 t\u1ea1o l\u1ef1c n\u00e9n.<br \/>\n&#8211; B\u1ea5m c\u00f2 van \u0111\u1ec3 phun dung d\u1ecbch t\u1ea1o b\u1ecdt tuy\u1ebft l\u00ean xe, thi\u1ebft b\u1ecb.<br \/>\n&#8211; S\u1eed d\u1ee5ng xong v\u1ec7 sinh s\u1ea1ch b\u00ecnh phun b\u1eb1ng n\u01b0\u1edbc s\u1ea1ch.<\/p>\n<p><strong><a href=\"https:\/\/maybommini.com\/wp-content\/uploads\/2023\/02\/tay-bom-va-voi-sa-hoi-binh-bot-tuyet.jpg\" target=\"_blank\" rel=\"noopener\"><img decoding=\"async\" class=\"size-full wp-image-272634 aligncenter\" src=\"https:\/\/maybommini.com\/wp-content\/uploads\/2023\/02\/tay-bom-va-voi-sa-hoi-binh-bot-tuyet.jpg\" alt=\"Tay Bom Va Voi Sa Hoi Binh Bot Tuyet\" width=\"750\" height=\"750\" srcset=\"https:\/\/maybommini.vn\/wp-content\/uploads\/2023\/02\/tay-bom-va-voi-sa-hoi-binh-bot-tuyet.jpg 750w, https:\/\/maybommini.vn\/wp-content\/uploads\/2023\/02\/tay-bom-va-voi-sa-hoi-binh-bot-tuyet-300x300.jpg 300w, https:\/\/maybommini.vn\/wp-content\/uploads\/2023\/02\/tay-bom-va-voi-sa-hoi-binh-bot-tuyet-150x150.jpg 150w, https:\/\/maybommini.vn\/wp-content\/uploads\/2023\/02\/tay-bom-va-voi-sa-hoi-binh-bot-tuyet-600x600.jpg 600w\" sizes=\"(max-width: 750px) 100vw, 750px\" \/><\/a><\/strong><\/p>\n<p>&nbsp;<\/p>\n<h4 style=\"text-align: center;\">B\u00ecnh phun b\u1ecdt tuy\u1ebft b\u01a1m tay Oring<br \/>\n2L Foam Sprayer Car Wash Hand-held Foam Watering Can Air Pressure Sprayer Plastic Disinfection Water Bottle Car Cleaning Tools<\/h4>\n<p><strong>\u1ee8NG D\u1ee4NG S\u1eec D\u1ee4NG B\u00ccNH PHUN B\u1eccT TUY\u1ebeT KH\u00cd N\u00c9N.<\/strong><br \/>\n&#8211; D\u00f9ng phun b\u1ecdt tuy\u1ebft r\u1eeda xe m\u00e1y gia \u0111\u00ecnh.<br \/>\n&#8211; B\u00ecnh phun x\u00e0 ph\u00f2ng t\u1ea1o tuy\u1ebft r\u1eeda xe \u00f4t\u00f4.<br \/>\n&#8211; Phun x\u1ecbt b\u1ecdt tuy\u1ebft ch\u1ea5t t\u1ea9y r\u1eeda cho thi\u1ebft b\u1ecb nh\u00e0 b\u1ebfp qu\u00e1n \u0103n, gia \u0111\u00ecnh.<br \/>\n&#8211; Phun x\u1ecbt h\u00f3a ch\u1ea5t di\u1ec7t c\u00f4n tr\u00f9ng.<br \/>\n&#8211; B\u00ecnh phun t\u1ea1o b\u1ecdt tuy\u1ebft v\u1ec7 sinh.<br \/>\n&#8211; B\u00ecnh phun x\u1ecbt ch\u1ea5t l\u1ecfng.<br \/>\n&#8211; B\u00ecnh phun t\u01b0\u1edbi c\u00e2y b\u01a1m tay.<br \/>\n&#8211; B\u00ecnh phun t\u01b0\u1edbi hoa c\u00e2y c\u1ea3nh.<br \/>\n&#8211; V\u00e0 nhi\u1ec1u \u1ee9ng d\u1ee5ng kh\u00e1c.<strong><a href=\"https:\/\/maybommini.com\/wp-content\/uploads\/2023\/02\/su-dung-binh-phun-bot-tuyet-khi-nen-Oring.jpg\" target=\"_blank\" rel=\"noopener\"><img decoding=\"async\" class=\"size-full wp-image-272635 aligncenter\" src=\"https:\/\/maybommini.com\/wp-content\/uploads\/2023\/02\/su-dung-binh-phun-bot-tuyet-khi-nen-Oring.jpg\" alt=\"Su Dung Binh Phun Bot Tuyet Khi Nen Oring\" width=\"750\" height=\"750\" srcset=\"https:\/\/maybommini.vn\/wp-content\/uploads\/2023\/02\/su-dung-binh-phun-bot-tuyet-khi-nen-Oring.jpg 750w, https:\/\/maybommini.vn\/wp-content\/uploads\/2023\/02\/su-dung-binh-phun-bot-tuyet-khi-nen-Oring-300x300.jpg 300w, https:\/\/maybommini.vn\/wp-content\/uploads\/2023\/02\/su-dung-binh-phun-bot-tuyet-khi-nen-Oring-150x150.jpg 150w, https:\/\/maybommini.vn\/wp-content\/uploads\/2023\/02\/su-dung-binh-phun-bot-tuyet-khi-nen-Oring-600x600.jpg 600w\" sizes=\"(max-width: 750px) 100vw, 750px\" \/><\/a><a href=\"https:\/\/maybommini.com\/wp-content\/uploads\/2023\/02\/phun-bot-tuyet.jpg\" target=\"_blank\" rel=\"noopener\"><img decoding=\"async\" class=\"size-full wp-image-272630 aligncenter\" src=\"https:\/\/maybommini.com\/wp-content\/uploads\/2023\/02\/phun-bot-tuyet.jpg\" alt=\"Phun Bot Tuyet\" width=\"750\" height=\"750\" srcset=\"https:\/\/maybommini.vn\/wp-content\/uploads\/2023\/02\/phun-bot-tuyet.jpg 750w, https:\/\/maybommini.vn\/wp-content\/uploads\/2023\/02\/phun-bot-tuyet-300x300.jpg 300w, https:\/\/maybommini.vn\/wp-content\/uploads\/2023\/02\/phun-bot-tuyet-150x150.jpg 150w, https:\/\/maybommini.vn\/wp-content\/uploads\/2023\/02\/phun-bot-tuyet-600x600.jpg 600w\" sizes=\"(max-width: 750px) 100vw, 750px\" \/><\/a><\/strong><\/p>\n<p><strong><a href=\"https:\/\/maybommini.com\/wp-content\/uploads\/2023\/02\/phun-bot-tuyet-rua-xe.jpg\" target=\"_blank\" rel=\"noopener\"><img decoding=\"async\" class=\"size-full wp-image-272631 aligncenter\" src=\"https:\/\/maybommini.com\/wp-content\/uploads\/2023\/02\/phun-bot-tuyet-rua-xe.jpg\" alt=\"Phun Bot Tuyet Rua Xe\" width=\"750\" height=\"750\" srcset=\"https:\/\/maybommini.vn\/wp-content\/uploads\/2023\/02\/phun-bot-tuyet-rua-xe.jpg 750w, https:\/\/maybommini.vn\/wp-content\/uploads\/2023\/02\/phun-bot-tuyet-rua-xe-300x300.jpg 300w, https:\/\/maybommini.vn\/wp-content\/uploads\/2023\/02\/phun-bot-tuyet-rua-xe-150x150.jpg 150w, https:\/\/maybommini.vn\/wp-content\/uploads\/2023\/02\/phun-bot-tuyet-rua-xe-600x600.jpg 600w\" sizes=\"(max-width: 750px) 100vw, 750px\" \/><\/a><a href=\"https:\/\/maybommini.com\/wp-content\/uploads\/2022\/10\/phun-bot-tuyet-ve-sinh-nha-bep.jpg\" target=\"_blank\" rel=\"noopener\"><img decoding=\"async\" class=\"size-full wp-image-271136 aligncenter\" src=\"https:\/\/maybommini.com\/wp-content\/uploads\/2022\/10\/phun-bot-tuyet-ve-sinh-nha-bep.jpg\" alt=\"Phun Bot Tuyet Ve Sinh Nha Bep\" width=\"750\" height=\"750\" srcset=\"https:\/\/maybommini.vn\/wp-content\/uploads\/2022\/10\/phun-bot-tuyet-ve-sinh-nha-bep.jpg 750w, https:\/\/maybommini.vn\/wp-content\/uploads\/2022\/10\/phun-bot-tuyet-ve-sinh-nha-bep-300x300.jpg 300w, https:\/\/maybommini.vn\/wp-content\/uploads\/2022\/10\/phun-bot-tuyet-ve-sinh-nha-bep-150x150.jpg 150w, https:\/\/maybommini.vn\/wp-content\/uploads\/2022\/10\/phun-bot-tuyet-ve-sinh-nha-bep-600x600.jpg 600w\" sizes=\"(max-width: 750px) 100vw, 750px\" \/><\/a><a href=\"https:\/\/maybommini.com\/wp-content\/uploads\/2022\/10\/tao-bot-tuyet-bang-binh-phun.jpg\" target=\"_blank\" rel=\"noopener\"><img decoding=\"async\" class=\"size-full wp-image-271137 aligncenter\" src=\"https:\/\/maybommini.com\/wp-content\/uploads\/2022\/10\/tao-bot-tuyet-bang-binh-phun.jpg\" alt=\"Tao Bot Tuyet Bang Binh Phun\" width=\"750\" height=\"750\" srcset=\"https:\/\/maybommini.vn\/wp-content\/uploads\/2022\/10\/tao-bot-tuyet-bang-binh-phun.jpg 750w, https:\/\/maybommini.vn\/wp-content\/uploads\/2022\/10\/tao-bot-tuyet-bang-binh-phun-300x300.jpg 300w, https:\/\/maybommini.vn\/wp-content\/uploads\/2022\/10\/tao-bot-tuyet-bang-binh-phun-150x150.jpg 150w, https:\/\/maybommini.vn\/wp-content\/uploads\/2022\/10\/tao-bot-tuyet-bang-binh-phun-600x600.jpg 600w\" sizes=\"(max-width: 750px) 100vw, 750px\" \/><\/a><a href=\"https:\/\/maybommini.com\/wp-content\/uploads\/2022\/10\/Car-Wash-Foam-Sprayer-with-3-Nozzles-Foam-Lance-Watering-Flowers-Water-Spray-Gun-Foam-Generator-for-Home-Kitchen-Cleaning.jpg\" target=\"_blank\" rel=\"noopener\"><img decoding=\"async\" class=\"size-full wp-image-271140 aligncenter\" src=\"https:\/\/maybommini.com\/wp-content\/uploads\/2022\/10\/Car-Wash-Foam-Sprayer-with-3-Nozzles-Foam-Lance-Watering-Flowers-Water-Spray-Gun-Foam-Generator-for-Home-Kitchen-Cleaning.jpg\" alt=\"Car Wash Foam Sprayer With 3 Nozzles Foam Lance Watering Flowers Water Spray Gun Foam Generator For Home Kitchen Cleaning\" width=\"750\" height=\"750\" srcset=\"https:\/\/maybommini.vn\/wp-content\/uploads\/2022\/10\/Car-Wash-Foam-Sprayer-with-3-Nozzles-Foam-Lance-Watering-Flowers-Water-Spray-Gun-Foam-Generator-for-Home-Kitchen-Cleaning.jpg 750w, https:\/\/maybommini.vn\/wp-content\/uploads\/2022\/10\/Car-Wash-Foam-Sprayer-with-3-Nozzles-Foam-Lance-Watering-Flowers-Water-Spray-Gun-Foam-Generator-for-Home-Kitchen-Cleaning-300x300.jpg 300w, https:\/\/maybommini.vn\/wp-content\/uploads\/2022\/10\/Car-Wash-Foam-Sprayer-with-3-Nozzles-Foam-Lance-Watering-Flowers-Water-Spray-Gun-Foam-Generator-for-Home-Kitchen-Cleaning-150x150.jpg 150w, https:\/\/maybommini.vn\/wp-content\/uploads\/2022\/10\/Car-Wash-Foam-Sprayer-with-3-Nozzles-Foam-Lance-Watering-Flowers-Water-Spray-Gun-Foam-Generator-for-Home-Kitchen-Cleaning-600x600.jpg 600w\" sizes=\"(max-width: 750px) 100vw, 750px\" \/><\/a>MUA B\u00ccNH PHUN B\u1eccT TUY\u1ebeT \u1ede \u0110\u00c2U ?<\/strong><br \/>\n<a title=\"m\u00e1y b\u01a1m mini\" href=\"https:\/\/maybommini.com\" target=\"_blank\" rel=\"noopener\">M\u00e1y B\u01a1m Mini \u2013 MBM<\/a> nh\u00e0 cung c\u1ea5p h\u00e0ng \u0111\u1ea7u v\u1ec1 thi\u1ebft b\u1ecb ph\u1ee5 ki\u1ec7n x\u1ecbt r\u1eeda xe chuy\u1ec7n nghi\u1ec7p cho gia \u0111\u00ecnh tr\u00ean to\u00e0n qu\u1ed1c v\u1edbi gi\u00e1 t\u1edbt ch\u00ednh h\u00e3ng. M\u00e1y r\u1eeda xe \u00e1p l\u1ef1c cao, d\u00e2y r\u1eeda xe, s\u00fang x\u1ecbt r\u1eeda xe, b\u00e9c x\u1ecbt r\u1eeda, b\u00ecnh phun b\u1ecdt tuy\u1ebft, dung d\u1ecbch n\u01b0\u1edbc r\u1eeda xe v\u00e0 nhi\u1ec1u ph\u1ee5 ki\u1ec7n kh\u00e1c.<br \/>\n<strong>Website:<\/strong>\u00a0<a href=\"https:\/\/maybommini.com\/\" target=\"_blank\" rel=\"noopener\">https:\/\/maybommini.com<\/a><br \/>\n<strong>Email:<\/strong>\u00a0maybommini.com@gmail.com<br \/>\n<strong>Tel Zalo:<\/strong> <a href=\"tel:02873030399\">02873030399<\/a> \u2013 <a href=\"tel:0907294310\">0907294310<\/a> &#8211; <a href=\"tel:0908997823\">0908997823<\/a> &#8211; <a href=\"tel:0908997872\">0908997872<\/a><\/p>\n<p><a class=\"swipebox\" title=\"\" href=\"https:\/\/maybommini.com\/wp-content\/uploads\/2022\/07\/thong-tin-lien-he-may-bom-mini.jpg\" data-rel=\"lightbox-image-bGlnaHRib3gtaW1hZ2UtMTI=\" data-rl_title=\"\" data-rl_caption=\"\" data-rl_ target=\"_blank\" rel=\"noopener\"><img decoding=\"async\" class=\"size-full wp-image-270584 aligncenter lazyloaded\" src=\"https:\/\/maybommini.com\/wp-content\/uploads\/2022\/07\/thong-tin-lien-he-may-bom-mini.jpg\" sizes=\"(max-width: 750px) 100vw, 750px\" srcset=\"https:\/\/maybommini.com\/wp-content\/uploads\/2022\/07\/thong-tin-lien-he-may-bom-mini.jpg 750w, https:\/\/maybommini.com\/wp-content\/uploads\/2022\/07\/thong-tin-lien-he-may-bom-mini-300x202.jpg 300w, https:\/\/maybommini.com\/wp-content\/uploads\/2022\/07\/thong-tin-lien-he-may-bom-mini-600x405.jpg 600w\" alt=\"Thong Tin Lien He May Bom Mini\" width=\"750\" height=\"506\" data-lazy-srcset=\"https:\/\/maybommini.com\/wp-content\/uploads\/2022\/07\/thong-tin-lien-he-may-bom-mini.jpg 750w, https:\/\/maybommini.com\/wp-content\/uploads\/2022\/07\/thong-tin-lien-he-may-bom-mini-300x202.jpg 300w, https:\/\/maybommini.com\/wp-content\/uploads\/2022\/07\/thong-tin-lien-he-may-bom-mini-600x405.jpg 600w\" data-lazy-sizes=\"(max-width: 750px) 100vw, 750px\" data-lazy-src=\"https:\/\/maybommini.com\/wp-content\/uploads\/2022\/07\/thong-tin-lien-he-may-bom-mini.jpg\" data-was-processed=\"true\" \/><\/a><\/p>\n","protected":false},"excerpt":{"rendered":"<p>Th\u01b0\u01a1ng hi\u1ec7u: ORING<br \/>\nModel: ORG-620<br \/>\nLo\u1ea1i b\u00ecnh phun kh\u00ed n\u00e9n.<br \/>\nTay b\u01a1m kh\u00ed n\u00e9n.<br \/>\nB\u00e9c phun: tia tr\u00f2n &#8211; r\u1ebd qu\u1ea1t<br \/>\n\u1ed0ng inox d\u00e0i phun x\u1ecbt.<br \/>\n\u0110\u1ea7u b\u00e9c t\u1ea1o b\u1ecdt tuy\u1ebft.<br \/>\nVan x\u1ea3 kh\u00ed n\u00e9n.<br \/>\nCh\u1ea5t li\u1ec7u: Nh\u1ef1a &#8211; Kim lo\u1ea1i<br \/>\nCh\u1ea5t li\u1ec7u thi\u1ebft k\u1ebf ch\u1ecbu \u00e1p l\u1ef1c.<br \/>\nDung t\u00edch: 2 L\u00edt<br \/>\nK\u00edch th\u01b0\u1edbc: 12.5 x 34 cm<br \/>\nTr\u1ecdng l\u01b0\u1ee3ng: 450 gam.<br \/>\n\u0110\u1ed5i m\u1edbi trong 7 ng\u00e0y n\u1ebfu c\u00f3 l\u1ed5i do NSX.<br \/>\n<span style=\"color: #ff0000;\"><strong>Mua s\u1ed1 l\u01b0\u1ee3ng c\u00f3 gi\u00e1 t\u1ed1t<\/strong><\/span><\/p>\n","protected":false},"featured_media":272626,"comment_status":"open","ping_status":"closed","template":"","meta":[],"product_brand":[],"product_cat":[364,215,214],"product_tag":[2308,3713,4010,3710,3711,3712,4012,4011,4013],"class_list":{"0":"post-272624","1":"product","2":"type-product","3":"status-publish","4":"has-post-thumbnail","6":"product_cat-may-bom-ap-luc-cao","7":"product_cat-phu-kien-xit-rua-ap-luc","8":"product_cat-phu-kien-bom-nuoc","9":"product_tag-binh-phun-bot-tuyet","10":"product_tag-binh-phun-bot-tuyet-khi-nen","11":"product_tag-binh-phun-bot-tuyet-oring","12":"product_tag-binh-tao-bot-tuyet","13":"product_tag-bot-tuyet","14":"product_tag-bot-tuyet-rua-xe","15":"product_tag-foam","16":"product_tag-foam-sprayer","17":"product_tag-sprayer","19":"first","20":"instock","21":"sale","22":"shipping-taxable","23":"purchasable","24":"product-type-simple"},"_links":{"self":[{"href":"https:\/\/maybommini.vn\/index.php?rest_route=\/wp\/v2\/product\/272624","targetHints":{"allow":["GET"]}}],"collection":[{"href":"https:\/\/maybommini.vn\/index.php?rest_route=\/wp\/v2\/product"}],"about":[{"href":"https:\/\/maybommini.vn\/index.php?rest_route=\/wp\/v2\/types\/product"}],"replies":[{"embeddable":true,"href":"https:\/\/maybommini.vn\/index.php?rest_route=%2Fwp%2Fv2%2Fcomments&post=272624"}],"wp:featuredmedia":[{"embeddable":true,"href":"https:\/\/maybommini.vn\/index.php?rest_route=\/wp\/v2\/media\/272626"}],"wp:attachment":[{"href":"https:\/\/maybommini.vn\/index.php?rest_route=%2Fwp%2Fv2%2Fmedia&parent=272624"}],"wp:term":[{"taxonomy":"product_brand","embeddable":true,"href":"https:\/\/maybommini.vn\/index.php?rest_route=%2Fwp%2Fv2%2Fproduct_brand&post=272624"},{"taxonomy":"product_cat","embeddable":true,"href":"https:\/\/maybommini.vn\/index.php?rest_route=%2Fwp%2Fv2%2Fproduct_cat&post=272624"},{"taxonomy":"product_tag","embeddable":true,"href":"https:\/\/maybommini.vn\/index.php?rest_route=%2Fwp%2Fv2%2Fproduct_tag&post=272624"}],"curies":[{"name":"wp","href":"https:\/\/api.w.org\/{rel}","templated":true}]}}