{"id":272757,"date":"2023-03-02T22:44:32","date_gmt":"2023-03-02T15:44:32","guid":{"rendered":"https:\/\/maybommini.com\/?post_type=product&#038;p=272757"},"modified":"2023-03-02T23:07:13","modified_gmt":"2023-03-02T16:07:13","slug":"pin-lithium-ion-3-7v-8000mah-65c-smart","status":"publish","type":"product","link":"https:\/\/maybommini.vn\/?product=pin-lithium-ion-3-7v-8000mah-65c-smart","title":{"rendered":"Pin lithium ion 3.7V 8000mAh 65C Smart"},"content":{"rendered":"<h4>Ph\u00e2n ph\u1ed1i pin lithium ion 3.7V 8000mAh 65C Smart d\u00f2ng x\u1ea3 l\u1edbn \u1ed5n \u0111\u1ecbnh tu\u1ed5i th\u1ecd cao nh\u1ecf g\u1ecdn. \u0110\u01b0\u1ee3c s\u1eed d\u00f9ng cho cho nhi\u1ec1u thi\u1ebft b\u1ecb d\u00f9ng pin cao c\u1ea5p nh\u01b0 b\u1ed9 k\u00edt \u0111i\u1ec7n \u00f4 t\u00f4, b\u1ed9 ngu\u1ed3n d\u1ef1 ph\u00f2ng, b\u00ecnh \u1eafc quy pin, thi\u1ebft b\u1ecb c\u1ea7m tay, thi\u1ebft b\u1ecb chi\u1ebfu s\u00e1ng, pin xe \u0111i\u1ec7n, robot, h\u1ec7 th\u1ed1ng pin n\u0103ng l\u01b0\u1ee3ng m\u1eb7t tr\u1eddi v\u00e0 \u0111\u01b0\u1ee3c d\u00f9ng cho m\u1ea1ch h\u00e0n cell pin.<\/h4>\n<p><strong><a href=\"https:\/\/maybommini.com\/wp-content\/uploads\/2023\/03\/pin-mach-han-cell-diem.jpg\" target=\"_blank\" rel=\"noopener\"><img decoding=\"async\" class=\"size-full wp-image-272758 aligncenter\" src=\"https:\/\/maybommini.com\/wp-content\/uploads\/2023\/03\/pin-mach-han-cell-diem.jpg\" alt=\"Pin Mach Han Cell Diem\" width=\"750\" height=\"750\" srcset=\"https:\/\/maybommini.vn\/wp-content\/uploads\/2023\/03\/pin-mach-han-cell-diem.jpg 750w, https:\/\/maybommini.vn\/wp-content\/uploads\/2023\/03\/pin-mach-han-cell-diem-300x300.jpg 300w, https:\/\/maybommini.vn\/wp-content\/uploads\/2023\/03\/pin-mach-han-cell-diem-150x150.jpg 150w, https:\/\/maybommini.vn\/wp-content\/uploads\/2023\/03\/pin-mach-han-cell-diem-600x600.jpg 600w\" sizes=\"(max-width: 750px) 100vw, 750px\" \/><\/a>TH\u00d4NG S\u1ed0 K\u1ef8 THU\u1eacT<\/strong><br \/>\nTh\u01b0\u01a1ng hi\u1ec7u: Smart<br \/>\nModel: SMART-8000-65C<br \/>\nDung l\u01b0\u1ee3ng: 8000mAh &#8211; 8Ah<br \/>\n\u0110i\u1ec7n th\u1ebf \u0111\u1ecbnh danh: 3.7V DC<br \/>\n\u0110i\u1ec7n th\u1ebf giao \u0111\u1ed9ng: 2.5V &#8211; 4.2V DC<br \/>\nD\u00f2ng x\u1ea3: 65C<br \/>\nD\u00f2ng x\u1ea3 li\u00ean t\u1ee5c: 35C &#8211; 240A<br \/>\nD\u00f2ng x\u1ea3 t\u1ee9c th\u1eddi: 65C &#8211; 480A<br \/>\n\u0110i\u1ec7n th\u1ebf s\u1ea1c: 4.2V DC<br \/>\nD\u00f2ng s\u1ea1c: 1C &#8211; 8A<br \/>\nN\u1ed9i tr\u1edf : 1,1-1,2 milliohms<br \/>\nTu\u1ed5i th\u1ecd: 500 &#8211; 1000 l\u1ea7n s\u1ea1c x\u1ea3.<br \/>\nCh\u1ea5t li\u1ec7u: \u0110\u1ed3ng &#8211; Niken<br \/>\nL\u1ed7 b\u1eaft \u1ed1c v\u00edt: 5.2mm<br \/>\nK\u00e8m \u1ed1c v\u00edt theo pin.<br \/>\nK\u00edch th\u01b0\u1edbc kh\u1ed1i pin: 155 x 65 x 10mm<br \/>\nKh\u1ed1i l\u01b0\u1ee3ng: 195 gam<\/p>\n<p><strong><a href=\"https:\/\/maybommini.com\/wp-content\/uploads\/2023\/03\/pin-mach-han-cell-pin-gia-re.jpg\" target=\"_blank\" rel=\"noopener\"><img decoding=\"async\" class=\"size-full wp-image-272759 aligncenter\" src=\"https:\/\/maybommini.com\/wp-content\/uploads\/2023\/03\/pin-mach-han-cell-pin-gia-re.jpg\" alt=\"Pin Mach Han Cell Pin Gia Re\" width=\"750\" height=\"750\" srcset=\"https:\/\/maybommini.vn\/wp-content\/uploads\/2023\/03\/pin-mach-han-cell-pin-gia-re.jpg 750w, https:\/\/maybommini.vn\/wp-content\/uploads\/2023\/03\/pin-mach-han-cell-pin-gia-re-300x300.jpg 300w, https:\/\/maybommini.vn\/wp-content\/uploads\/2023\/03\/pin-mach-han-cell-pin-gia-re-150x150.jpg 150w, https:\/\/maybommini.vn\/wp-content\/uploads\/2023\/03\/pin-mach-han-cell-pin-gia-re-600x600.jpg 600w\" sizes=\"(max-width: 750px) 100vw, 750px\" \/><\/a><a href=\"https:\/\/maybommini.com\/wp-content\/uploads\/2023\/03\/pin-may-han-cell-8ah-65C.jpg\" target=\"_blank\" rel=\"noopener\"><img decoding=\"async\" class=\"size-full wp-image-272760 aligncenter\" src=\"https:\/\/maybommini.com\/wp-content\/uploads\/2023\/03\/pin-may-han-cell-8ah-65C.jpg\" alt=\"Pin May Han Cell 8ah 65C\" width=\"750\" height=\"750\" srcset=\"https:\/\/maybommini.vn\/wp-content\/uploads\/2023\/03\/pin-may-han-cell-8ah-65C.jpg 750w, https:\/\/maybommini.vn\/wp-content\/uploads\/2023\/03\/pin-may-han-cell-8ah-65C-300x300.jpg 300w, https:\/\/maybommini.vn\/wp-content\/uploads\/2023\/03\/pin-may-han-cell-8ah-65C-150x150.jpg 150w, https:\/\/maybommini.vn\/wp-content\/uploads\/2023\/03\/pin-may-han-cell-8ah-65C-600x600.jpg 600w\" sizes=\"(max-width: 750px) 100vw, 750px\" \/><\/a><a href=\"https:\/\/maybommini.com\/wp-content\/uploads\/2023\/03\/pin-sac-Lithium-ion-8ah-65C.jpg\" target=\"_blank\" rel=\"noopener\"><img decoding=\"async\" class=\"size-full wp-image-272761 aligncenter\" src=\"https:\/\/maybommini.com\/wp-content\/uploads\/2023\/03\/pin-sac-Lithium-ion-8ah-65C.jpg\" alt=\"Pin Sac Lithium Ion 8ah 65C\" width=\"750\" height=\"750\" srcset=\"https:\/\/maybommini.vn\/wp-content\/uploads\/2023\/03\/pin-sac-Lithium-ion-8ah-65C.jpg 750w, https:\/\/maybommini.vn\/wp-content\/uploads\/2023\/03\/pin-sac-Lithium-ion-8ah-65C-300x300.jpg 300w, https:\/\/maybommini.vn\/wp-content\/uploads\/2023\/03\/pin-sac-Lithium-ion-8ah-65C-150x150.jpg 150w, https:\/\/maybommini.vn\/wp-content\/uploads\/2023\/03\/pin-sac-Lithium-ion-8ah-65C-600x600.jpg 600w\" sizes=\"(max-width: 750px) 100vw, 750px\" \/><\/a><a href=\"https:\/\/maybommini.com\/wp-content\/uploads\/2023\/03\/Pin-lithiun-ion-8000mah-65C.jpg\" target=\"_blank\" rel=\"noopener\"><img decoding=\"async\" class=\"size-full wp-image-272764 aligncenter\" src=\"https:\/\/maybommini.com\/wp-content\/uploads\/2023\/03\/Pin-lithiun-ion-8000mah-65C.jpg\" alt=\"Pin Lithiun Ion 8000mah 65C\" width=\"750\" height=\"750\" srcset=\"https:\/\/maybommini.vn\/wp-content\/uploads\/2023\/03\/Pin-lithiun-ion-8000mah-65C.jpg 750w, https:\/\/maybommini.vn\/wp-content\/uploads\/2023\/03\/Pin-lithiun-ion-8000mah-65C-300x300.jpg 300w, https:\/\/maybommini.vn\/wp-content\/uploads\/2023\/03\/Pin-lithiun-ion-8000mah-65C-150x150.jpg 150w, https:\/\/maybommini.vn\/wp-content\/uploads\/2023\/03\/Pin-lithiun-ion-8000mah-65C-600x600.jpg 600w\" sizes=\"(max-width: 750px) 100vw, 750px\" \/><\/a>L\u01afU \u00dd H\u01af\u1edaNG D\u1ea8N S\u1eec D\u1ee4NG PIN LITHIUM<br \/>\n<\/strong>&#8211; Mua v\u00e0 s\u1eed d\u1ee5ng pin B\u1ea1n ph\u1ea3i am hi\u1ec1u k\u1ef9 thu\u1eadt.<br \/>\n&#8211; S\u1eed d\u1ee5ng m\u1ea1ch b\u1ea3o v\u1ec7 ti\u00eau chu\u1ea9n.<br \/>\n&#8211; C\u1ef1c D\u01b0\u01a1ng (+), c\u1ef1c \u00c2m (-).<br \/>\n&#8211; Kh\u00f4ng s\u1eed d\u1ee5ng thi\u1ebft b\u1ecb qu\u00e1 c\u00f4ng su\u1ea5t ch\u1ecbu t\u1ea3i.<br \/>\n&#8211; Kh\u00f4ng s\u1eed d\u1ee5ng qu\u00e1 nhi\u1ec7t \u0111\u1ed9.<br \/>\n&#8211; N\u00ean d\u00f9ng s\u1ea1c ch\u00ednh h\u00e3ng c\u00f3 d\u00f2ng \u0111i\u1ec7n \u0111i\u1ec7n \u00e1p ph\u00f9 h\u1ee3p v\u1edbi pin.<br \/>\n&#8211; N\u1ebfu kh\u00f4ng s\u1eed d\u1ee5ng trong v\u00f2ng 1 th\u00e1ng n\u00ean s\u1ea1c \u0111\u1ea7y 1 \u0111\u1ebfn 2 l\u1ea7n.<br \/>\n&#8211; S\u1eed d\u1ee5ng tr\u00e1nh \u0111\u1ec3 ch\u1ea1m m\u1ea1ch, ch\u1ea1m c\u1ef1c.<br \/>\n&#8211; Kh\u00f4ng \u0111\u1ec3 pin \u0111i\u1ec7n \u00e1p d\u01b0\u1edbi m\u1ee9c cho ph\u00e9p.<br \/>\n&#8211; \u0110\u1ec3 n\u01a1i tho\u00e1ng m\u00e1t, tr\u00e1nh \u1ea9m \u01b0\u1edbt, \u00e1nh n\u1eafng tr\u1ef1c ti\u1ebfp.<br \/>\n&#8211; Ch\u00e1y n\u1ed5 do d\u00f9ng kh\u00f4ng \u0111\u00fang c\u00e1ch.<br \/>\n&#8211; Pin h\u01b0 do s\u1ea1c kh\u00f4ng \u0111\u00fang ho\u1eb7c kh\u00f4ng s\u1ea1c pin trong th\u1eddi gian d\u00e0i.<br \/>\n&#8211; Vui l\u00f2ng xem tr\u01b0\u1edbc k\u00edch th\u01b0\u1edbc ph\u00f9 h\u1ee3p khi mua h\u00e0ng.<br \/>\n&#8211; Tu\u1ed5i th\u1ecd c\u1ee7a pin lithium li\u00ean quan \u0111\u1ebfn nhi\u1ec1u y\u1ebfu t\u1ed1 (nhi\u1ec7t \u0111\u1ed9 m\u00f4i tr\u01b0\u1eddng, \u0111i\u1ec7n \u00e1p l\u01b0u tr\u1eef, d\u00f2ng \u0111i\u1ec7n ho\u1ea1t \u0111\u1ed9ng, d\u00f2ng s\u1ea1c, v.v.,) m\u1ed9t sai l\u1ea7m l\u00e0 \u0111\u1ee7 \u0111\u1ec3 l\u00e0m h\u01b0 pin.<\/p>\n<p><strong><a href=\"https:\/\/maybommini.com\/wp-content\/uploads\/2023\/03\/Smart-Spot-Welder-8000mah-65C.jpg\" target=\"_blank\" rel=\"noopener\"><img decoding=\"async\" class=\"size-full wp-image-272762 aligncenter\" src=\"https:\/\/maybommini.com\/wp-content\/uploads\/2023\/03\/Smart-Spot-Welder-8000mah-65C.jpg\" alt=\"Smart Spot Welder 8000mah 65C\" width=\"750\" height=\"750\" srcset=\"https:\/\/maybommini.vn\/wp-content\/uploads\/2023\/03\/Smart-Spot-Welder-8000mah-65C.jpg 750w, https:\/\/maybommini.vn\/wp-content\/uploads\/2023\/03\/Smart-Spot-Welder-8000mah-65C-300x300.jpg 300w, https:\/\/maybommini.vn\/wp-content\/uploads\/2023\/03\/Smart-Spot-Welder-8000mah-65C-150x150.jpg 150w, https:\/\/maybommini.vn\/wp-content\/uploads\/2023\/03\/Smart-Spot-Welder-8000mah-65C-600x600.jpg 600w\" sizes=\"(max-width: 750px) 100vw, 750px\" \/><\/a><\/strong><\/p>\n<p><strong>\u1ee8NG D\u1ee4NG S\u1eec D\u1ee4NG PIN LITHIUM D\u00d2NG X\u1ea2 CAO<\/strong><br \/>\n&#8211; Pin cho thi\u1ebft b\u1ecb c\u1ea7m tay.<br \/>\n&#8211; Pin k\u00edch b\u00ecnh \u00f4 t\u00f4 xe m\u00e1y.<br \/>\n&#8211; B\u1ed9 ngu\u1ed3n k\u00edch \u0111i\u1ec7n.<br \/>\n&#8211; Pin cho robot.<br \/>\n&#8211; Pin thi\u1ebft b\u1ecb \u0111i\u1ec7n t\u1eed.<br \/>\n&#8211; Pin s\u1ea1c cho thi\u1ebft b\u1ecb chi\u1ebfu s\u00e1ng c\u00f4ng su\u1ea5t l\u1edbn.<br \/>\n&#8211; Pin cho m\u00e1y bay m\u00f4 h\u00ecnh.<br \/>\n&#8211; Pin cho m\u00e1y quay phim, ch\u1ee5p h\u00ecnh.<br \/>\n&#8211; Pin s\u1ea1c d\u1ef1 ph\u00f2ng.<br \/>\n&#8211; Pin h\u1ec7 th\u1ed1ng n\u0103ng l\u01b0\u1ee3ng m\u1eb7t tr\u1eddi.<br \/>\n&#8211; Pin cho h\u1ec7 th\u1ed1ng UPS 220V 12V 24V.<br \/>\n&#8211; S\u1eed d\u1ee5ng cho \u1eafc qui pin lithium 12V 24V.<br \/>\n&#8211; Pin cho xe \u0111i\u1ec7n.<br \/>\nV\u00e0 nhi\u1ec1u \u1ee9ng d\u1ee5ng kh\u00e1c.<\/p>\n<p><a href=\"https:\/\/maybommini.com\/wp-content\/uploads\/2022\/12\/chuyen-cac-loai-pin-lithium-cao-cap.jpg\" target=\"_blank\" rel=\"noopener\"><img decoding=\"async\" class=\"size-full wp-image-271625 aligncenter\" src=\"https:\/\/maybommini.com\/wp-content\/uploads\/2022\/12\/chuyen-cac-loai-pin-lithium-cao-cap.jpg\" alt=\"Chuyen Cac Loai Pin Lithium Cao Cap\" width=\"750\" height=\"750\" srcset=\"https:\/\/maybommini.vn\/wp-content\/uploads\/2022\/12\/chuyen-cac-loai-pin-lithium-cao-cap.jpg 750w, https:\/\/maybommini.vn\/wp-content\/uploads\/2022\/12\/chuyen-cac-loai-pin-lithium-cao-cap-300x300.jpg 300w, https:\/\/maybommini.vn\/wp-content\/uploads\/2022\/12\/chuyen-cac-loai-pin-lithium-cao-cap-150x150.jpg 150w, https:\/\/maybommini.vn\/wp-content\/uploads\/2022\/12\/chuyen-cac-loai-pin-lithium-cao-cap-600x600.jpg 600w\" sizes=\"(max-width: 750px) 100vw, 750px\" \/><\/a><\/p>\n<h4 style=\"text-align: center;\"><a title=\"Pin lithium ion 3.7V 2200mAh 100C Smart\" href=\"https:\/\/maybommini.com\/san-pham\/pin-lithium-ion-3-7v-2200mah-100c-smart\" target=\"_blank\" rel=\"noopener sponsored\">Pin lithium ion 3.7V 2200mAh 100C Smart<\/a><\/h4>\n<h4><strong><a href=\"https:\/\/maybommini.com\/wp-content\/uploads\/2023\/03\/pin-han-cell-cao-cap.jpg\" target=\"_blank\" rel=\"noopener\"><img decoding=\"async\" class=\"size-full wp-image-272763 aligncenter\" src=\"https:\/\/maybommini.com\/wp-content\/uploads\/2023\/03\/pin-han-cell-cao-cap.jpg\" alt=\"Pin Han Cell Cao Cap\" width=\"750\" height=\"750\" srcset=\"https:\/\/maybommini.vn\/wp-content\/uploads\/2023\/03\/pin-han-cell-cao-cap.jpg 750w, https:\/\/maybommini.vn\/wp-content\/uploads\/2023\/03\/pin-han-cell-cao-cap-300x300.jpg 300w, https:\/\/maybommini.vn\/wp-content\/uploads\/2023\/03\/pin-han-cell-cao-cap-150x150.jpg 150w, https:\/\/maybommini.vn\/wp-content\/uploads\/2023\/03\/pin-han-cell-cao-cap-600x600.jpg 600w\" sizes=\"(max-width: 750px) 100vw, 750px\" \/><\/a><\/strong><\/h4>\n<h4 style=\"text-align: center;\">Pin lithium ion 3.7V 8000mAh 65C Smart<br \/>\n<a title=\"M\u1ea1ch gh\u00e9p cell pin lithium ion 3.7V 2200mAh - vu\u00f4ng\" href=\"https:\/\/maybommini.com\/san-pham\/mach-ghep-cell-pin-lithium-ion-3-7v-2200mah-vuong\" target=\"_blank\" rel=\"noopener\">M\u1ea1ch gh\u00e9p cell pin lithium ion 3.7V 2200mAh \u2013 vu\u00f4ng<\/a><\/h4>\n<p><strong>B\u00c1N B\u00ccNH \u1eaeC QUY KH\u00d4 MINI \u2013 B\u00ccNH \u1eaeC QUY PIN LITHIUM \u2013 PIN S\u1ea0C<br \/>\nCh\u00fang t\u00f4i nh\u00e0 cung c\u1ea5p ph\u00e2n ph\u1ed1i to\u00e0n qu\u1ed1c c\u00e1c lo\u1ea1i b\u00e1n b\u00ecnh \u1eafc quy kh\u00f4 mini \u0111\u1ebfn c\u00e1c lo\u1ea1i b\u00ecnh \u1eafc quy c\u00f3 dung l\u01b0\u1ee3ng r\u1ea5t l\u1edbn v\u1edbi gi\u00e1 h\u1ee3p l\u00fd v\u00e0 b\u1ea3o h\u00e0nh ch\u00ednh h\u00e3ng.<\/strong><strong>CTY TNHH TH\u01af\u01a0NG M\u1ea0I D\u1ecaCH V\u1ee4 \u0110I\u1ec6N M\u00c1Y TH\u00d4NG MINH<br \/>\nWebsite:\u00a0<a href=\"https:\/\/maybommini.com\/\" target=\"_blank\" rel=\"noopener\">https:\/\/maybommini.com<\/a><br \/>\nEmail: Maybommini.com@gmail.com<br \/>\nT\u01af V\u1ea4N K\u1ef8 THU\u1eacT \u2013 MUA H\u00c0NG<br \/>\nTel\/ Zalo: 0908997823 \u2013 0908997872<br \/>\nT\u01b0 v\u1ea5n mua h\u00e0ng: 0907294310 \u2013 02873030399<br \/>\n<\/strong><\/p>\n<h3><a class=\"swipebox\" title=\"\" href=\"https:\/\/maybommini.com\/wp-content\/uploads\/2022\/07\/thong-tin-lien-he-may-bom-mini.jpg\" data-rel=\"lightbox-image-bGlnaHRib3gtaW1hZ2UtYkdsbmFIUmliM2d0YVcxaFoyVXRZa2RzYm1GSVVtbGlNMmQwWVZjeGFGb3lWWFJaYTJSelltMUdTVlZ0YkdsTk1tUXdXVlpqZUdGR2IzbFdXRkpPVmtWVk9RPT0=\" data-rl_title=\"\" data-rl_caption=\"\" data-rl_ target=\"_blank\" rel=\"noopener\"><img decoding=\"async\" class=\"size-full wp-image-270584 lazyloaded aligncenter\" src=\"https:\/\/maybommini.com\/wp-content\/uploads\/2022\/07\/thong-tin-lien-he-may-bom-mini.jpg\" sizes=\"(max-width: 750px) 100vw, 750px\" srcset=\"https:\/\/maybommini.com\/wp-content\/uploads\/2022\/07\/thong-tin-lien-he-may-bom-mini.jpg 750w, https:\/\/maybommini.com\/wp-content\/uploads\/2022\/07\/thong-tin-lien-he-may-bom-mini-300x202.jpg 300w, https:\/\/maybommini.com\/wp-content\/uploads\/2022\/07\/thong-tin-lien-he-may-bom-mini-600x405.jpg 600w\" alt=\"Thong Tin Lien He May Bom Mini\" width=\"750\" height=\"506\" data-lazy-srcset=\"https:\/\/maybommini.com\/wp-content\/uploads\/2022\/07\/thong-tin-lien-he-may-bom-mini.jpg 750w, https:\/\/maybommini.com\/wp-content\/uploads\/2022\/07\/thong-tin-lien-he-may-bom-mini-300x202.jpg 300w, https:\/\/maybommini.com\/wp-content\/uploads\/2022\/07\/thong-tin-lien-he-may-bom-mini-600x405.jpg 600w\" data-lazy-sizes=\"(max-width: 750px) 100vw, 750px\" data-lazy-src=\"https:\/\/maybommini.com\/wp-content\/uploads\/2022\/07\/thong-tin-lien-he-may-bom-mini.jpg\" data-was-processed=\"true\" \/><\/a><\/h3>\n<p>&nbsp;<\/p>\n","protected":false},"excerpt":{"rendered":"<p>Th\u01b0\u01a1ng hi\u1ec7u: Smart<br \/>\nModel: SMART-8000-65C<br \/>\nDung l\u01b0\u1ee3ng: 8000mAh &#8211; 8Ah<br \/>\n\u0110i\u1ec7n th\u1ebf \u0111\u1ecbnh danh: 3.7V DC<br \/>\n\u0110i\u1ec7n th\u1ebf giao \u0111\u1ed9ng: 2.5V &#8211; 4.2V DC<br \/>\nD\u00f2ng x\u1ea3: 65C<br \/>\nD\u00f2ng x\u1ea3 li\u00ean t\u1ee5c: 35C &#8211; 240A<br \/>\nD\u00f2ng x\u1ea3 t\u1ee9c th\u1eddi: 65C &#8211; 480A<br \/>\n\u0110i\u1ec7n th\u1ebf s\u1ea1c: 4.2V DC<br \/>\nD\u00f2ng s\u1ea1c: 1C &#8211; 8A<br \/>\nN\u1ed9i tr\u1edf : 1,1-1,2 milliohms<br \/>\nTu\u1ed5i th\u1ecd: 500 &#8211; 1000 l\u1ea7n s\u1ea1c x\u1ea3.<br \/>\nCh\u1ea5t li\u1ec7u: \u0110\u1ed3ng &#8211; Niken<br \/>\nL\u1ed7 b\u1eaft \u1ed1c v\u00edt: 5.2mm<br \/>\nK\u00e8m \u1ed1c v\u00edt theo pin.<br \/>\nK\u00edch th\u01b0\u1edbc kh\u1ed1i pin: 155 x 65 x 10mm<br \/>\nKh\u1ed1i l\u01b0\u1ee3ng: 195 gam<br \/>\nB\u1ea3o h\u00e0nh: 1 \u0111\u1ed5i 1 l\u1ed7i do NSX<br \/>\n<strong>Mua s\u1ed1 l\u01b0\u1ee3ng c\u00f3 gi\u00e1 t\u1ed1t<\/strong><\/p>\n","protected":false},"featured_media":272758,"comment_status":"open","ping_status":"closed","template":"","meta":[],"product_brand":[],"product_cat":[214,421],"product_tag":[1346,4021,430,3653,4020,3459,3557,431],"class_list":{"0":"post-272757","1":"product","2":"type-product","3":"status-publish","4":"has-post-thumbnail","6":"product_cat-phu-kien-bom-nuoc","7":"product_cat-pin-sac","8":"product_tag-cell-pin","9":"product_tag-lithium-ion","10":"product_tag-pin","11":"product_tag-pin-3-7v","12":"product_tag-pin-dong-xa-cao","13":"product_tag-pin-lithium","14":"product_tag-pin-lithium-ion","15":"product_tag-pin-sac","17":"first","18":"instock","19":"sale","20":"shipping-taxable","21":"purchasable","22":"product-type-simple"},"_links":{"self":[{"href":"https:\/\/maybommini.vn\/index.php?rest_route=\/wp\/v2\/product\/272757","targetHints":{"allow":["GET"]}}],"collection":[{"href":"https:\/\/maybommini.vn\/index.php?rest_route=\/wp\/v2\/product"}],"about":[{"href":"https:\/\/maybommini.vn\/index.php?rest_route=\/wp\/v2\/types\/product"}],"replies":[{"embeddable":true,"href":"https:\/\/maybommini.vn\/index.php?rest_route=%2Fwp%2Fv2%2Fcomments&post=272757"}],"wp:featuredmedia":[{"embeddable":true,"href":"https:\/\/maybommini.vn\/index.php?rest_route=\/wp\/v2\/media\/272758"}],"wp:attachment":[{"href":"https:\/\/maybommini.vn\/index.php?rest_route=%2Fwp%2Fv2%2Fmedia&parent=272757"}],"wp:term":[{"taxonomy":"product_brand","embeddable":true,"href":"https:\/\/maybommini.vn\/index.php?rest_route=%2Fwp%2Fv2%2Fproduct_brand&post=272757"},{"taxonomy":"product_cat","embeddable":true,"href":"https:\/\/maybommini.vn\/index.php?rest_route=%2Fwp%2Fv2%2Fproduct_cat&post=272757"},{"taxonomy":"product_tag","embeddable":true,"href":"https:\/\/maybommini.vn\/index.php?rest_route=%2Fwp%2Fv2%2Fproduct_tag&post=272757"}],"curies":[{"name":"wp","href":"https:\/\/api.w.org\/{rel}","templated":true}]}}