{"id":272879,"date":"2023-03-12T19:51:17","date_gmt":"2023-03-12T12:51:17","guid":{"rendered":"https:\/\/maybommini.com\/?post_type=product&#038;p=272879"},"modified":"2025-04-12T15:43:16","modified_gmt":"2025-04-12T08:43:16","slug":"day-dien-pvc-0-6x1-3mm-20cm-26awg-20-soi","status":"publish","type":"product","link":"https:\/\/maybommini.vn\/?product=day-dien-pvc-0-6x1-3mm-20cm-26awg-20-soi","title":{"rendered":"D\u00e2y \u0111i\u1ec7n PVC 0.6&#215;1.3mm 20cm 26AWG &#8211; 20 s\u1ee3i"},"content":{"rendered":"<h4>D\u00e2y \u0111i\u1ec7n PVC 0.6&#215;1.3mm 20cm 26AWG s\u1eed d\u1ee5ng trong m\u1ea1ch \u0111i\u1ec7n, d\u00e2y t\u00edn hi\u1ec7u v\u00e0 d\u1eabn \u0111i\u1ec7n thi\u1ebft b\u1ecb c\u00f4ng su\u1ea5t nh\u1ecf. \u0110\u01b0\u1ee3c m\u1ea1 k\u1ebdm s\u1eb5n 2 \u0111\u1ea7u c\u00f3 chi\u1ec1u d\u00e0i 20cm n\u00ean ti\u1ec7n l\u1ee3i ph\u00f9 h\u1ee3p s\u1eed d\u1ee5ng l\u00e0m m\u1ea1ch \u0111i\u1ec7n, d\u00e2y t\u00edn hi\u1ec7u pin, d\u00e2y ngu\u1ed3n thi\u1ebft b\u1ecb c\u00f4ng su\u1ea5t nh\u1ecf.<\/h4>\n<p><strong><a href=\"https:\/\/maybommini.com\/wp-content\/uploads\/2023\/03\/ban-Day-dien-26AWG-20CM-mau-do.jpg\" target=\"_blank\" rel=\"noopener\"><img decoding=\"async\" class=\"size-full wp-image-277529 aligncenter\" src=\"https:\/\/maybommini.com\/wp-content\/uploads\/2023\/03\/ban-Day-dien-26AWG-20CM-mau-do.jpg\" alt=\"Ban Day Dien 26AWG 20CM Mau Do\" width=\"750\" height=\"750\" srcset=\"https:\/\/maybommini.vn\/wp-content\/uploads\/2023\/03\/ban-Day-dien-26AWG-20CM-mau-do.jpg 750w, https:\/\/maybommini.vn\/wp-content\/uploads\/2023\/03\/ban-Day-dien-26AWG-20CM-mau-do-300x300.jpg 300w, https:\/\/maybommini.vn\/wp-content\/uploads\/2023\/03\/ban-Day-dien-26AWG-20CM-mau-do-150x150.jpg 150w, https:\/\/maybommini.vn\/wp-content\/uploads\/2023\/03\/ban-Day-dien-26AWG-20CM-mau-do-600x600.jpg 600w\" sizes=\"(max-width: 750px) 100vw, 750px\" \/><\/a>TH\u00d4NG S\u1ed0 K\u1ef8 THU\u1eacT<\/strong><br \/>\nModel: 26AWG-20CM-RED<br \/>\nChi\u1ec1u d\u00e0i: 20 cm<br \/>\n\u0110\u01b0\u1eddng k\u00ednh ngo\u00e0i: 1.3mm<br \/>\n\u0110\u01b0\u1eddng k\u00ednh trong: 0.6 mm<br \/>\nSai s\u1ed1 : 0.1 &#8211; 0.15 mm<br \/>\nM\u1ea1 k\u1ebdm 2 \u0111\u1ea7u d\u00e2y.<br \/>\nRu\u1ed9t d\u00e2y nhi\u1ec1u l\u00f5i \u0111\u1ed3ng m\u1ea1 k\u1ebdm.<br \/>\nCh\u1ecbu t\u1ea3i t\u1ed1i \u0111a 1A 300V.<br \/>\nV\u1ecf nh\u1ef1a PVC c\u00e1ch \u0111i\u1ec7n.<br \/>\nV\u1ecf d\u00e2y m\u00e0u: \u0111\u1ecf<br \/>\nSize d\u00e2y \u0111i\u1ec7n: 26AWG<\/p>\n<p><strong><a href=\"https:\/\/maybommini.com\/wp-content\/uploads\/2023\/03\/Day-dien-26AWG-20CM-mau-do-gia-re.jpg\" target=\"_blank\" rel=\"noopener\"><img decoding=\"async\" class=\"size-full wp-image-277533 aligncenter\" src=\"https:\/\/maybommini.com\/wp-content\/uploads\/2023\/03\/Day-dien-26AWG-20CM-mau-do-gia-re.jpg\" alt=\"Day Dien 26AWG 20CM Mau Do Gia Re\" width=\"750\" height=\"750\" srcset=\"https:\/\/maybommini.vn\/wp-content\/uploads\/2023\/03\/Day-dien-26AWG-20CM-mau-do-gia-re.jpg 750w, https:\/\/maybommini.vn\/wp-content\/uploads\/2023\/03\/Day-dien-26AWG-20CM-mau-do-gia-re-300x300.jpg 300w, https:\/\/maybommini.vn\/wp-content\/uploads\/2023\/03\/Day-dien-26AWG-20CM-mau-do-gia-re-150x150.jpg 150w, https:\/\/maybommini.vn\/wp-content\/uploads\/2023\/03\/Day-dien-26AWG-20CM-mau-do-gia-re-600x600.jpg 600w\" sizes=\"(max-width: 750px) 100vw, 750px\" \/><\/a><a href=\"https:\/\/maybommini.com\/wp-content\/uploads\/2023\/03\/Day-dien-26AWG-20CM-mau-do-gia-re-cao-cap-chinh-hang.jpg\" target=\"_blank\" rel=\"noopener\"><img decoding=\"async\" class=\"size-full wp-image-277534 aligncenter\" src=\"https:\/\/maybommini.com\/wp-content\/uploads\/2023\/03\/Day-dien-26AWG-20CM-mau-do-gia-re-cao-cap-chinh-hang.jpg\" alt=\"Day Dien 26AWG 20CM Mau Do Gia Re Cao Cap Chinh Hang\" width=\"750\" height=\"750\" srcset=\"https:\/\/maybommini.vn\/wp-content\/uploads\/2023\/03\/Day-dien-26AWG-20CM-mau-do-gia-re-cao-cap-chinh-hang.jpg 750w, https:\/\/maybommini.vn\/wp-content\/uploads\/2023\/03\/Day-dien-26AWG-20CM-mau-do-gia-re-cao-cap-chinh-hang-300x300.jpg 300w, https:\/\/maybommini.vn\/wp-content\/uploads\/2023\/03\/Day-dien-26AWG-20CM-mau-do-gia-re-cao-cap-chinh-hang-150x150.jpg 150w, https:\/\/maybommini.vn\/wp-content\/uploads\/2023\/03\/Day-dien-26AWG-20CM-mau-do-gia-re-cao-cap-chinh-hang-600x600.jpg 600w\" sizes=\"(max-width: 750px) 100vw, 750px\" \/><\/a><a href=\"https:\/\/maybommini.com\/wp-content\/uploads\/2023\/03\/chuyen-day-dien-26AWG-20CM-mau-do.jpg\" target=\"_blank\" rel=\"noopener\"><img decoding=\"async\" class=\"size-full wp-image-277530 aligncenter\" src=\"https:\/\/maybommini.com\/wp-content\/uploads\/2023\/03\/chuyen-day-dien-26AWG-20CM-mau-do.jpg\" alt=\"Chuyen Day Dien 26AWG 20CM Mau Do\" width=\"750\" height=\"750\" srcset=\"https:\/\/maybommini.vn\/wp-content\/uploads\/2023\/03\/chuyen-day-dien-26AWG-20CM-mau-do.jpg 750w, https:\/\/maybommini.vn\/wp-content\/uploads\/2023\/03\/chuyen-day-dien-26AWG-20CM-mau-do-300x300.jpg 300w, https:\/\/maybommini.vn\/wp-content\/uploads\/2023\/03\/chuyen-day-dien-26AWG-20CM-mau-do-150x150.jpg 150w, https:\/\/maybommini.vn\/wp-content\/uploads\/2023\/03\/chuyen-day-dien-26AWG-20CM-mau-do-600x600.jpg 600w\" sizes=\"(max-width: 750px) 100vw, 750px\" \/><\/a><a href=\"https:\/\/maybommini.com\/wp-content\/uploads\/2023\/03\/Day-dien-26AWG-20CM-mau-do-cao-cap.jpg\" target=\"_blank\" rel=\"noopener\"><img decoding=\"async\" class=\"size-full wp-image-277532 aligncenter\" src=\"https:\/\/maybommini.com\/wp-content\/uploads\/2023\/03\/Day-dien-26AWG-20CM-mau-do-cao-cap.jpg\" alt=\"Day Dien 26AWG 20CM Mau Do Cao Cap\" width=\"750\" height=\"750\" srcset=\"https:\/\/maybommini.vn\/wp-content\/uploads\/2023\/03\/Day-dien-26AWG-20CM-mau-do-cao-cap.jpg 750w, https:\/\/maybommini.vn\/wp-content\/uploads\/2023\/03\/Day-dien-26AWG-20CM-mau-do-cao-cap-300x300.jpg 300w, https:\/\/maybommini.vn\/wp-content\/uploads\/2023\/03\/Day-dien-26AWG-20CM-mau-do-cao-cap-150x150.jpg 150w, https:\/\/maybommini.vn\/wp-content\/uploads\/2023\/03\/Day-dien-26AWG-20CM-mau-do-cao-cap-600x600.jpg 600w\" sizes=\"(max-width: 750px) 100vw, 750px\" \/><\/a><a href=\"https:\/\/maybommini.com\/wp-content\/uploads\/2023\/03\/Day-dien-26AWG-20CM-mau-do-ruoy-to.jpg\" target=\"_blank\" rel=\"noopener\"><img decoding=\"async\" class=\"size-full wp-image-277536 aligncenter\" src=\"https:\/\/maybommini.com\/wp-content\/uploads\/2023\/03\/Day-dien-26AWG-20CM-mau-do-ruoy-to.jpg\" alt=\"Day Dien 26AWG 20CM Mau Do Ruoy To\" width=\"750\" height=\"750\" srcset=\"https:\/\/maybommini.vn\/wp-content\/uploads\/2023\/03\/Day-dien-26AWG-20CM-mau-do-ruoy-to.jpg 750w, https:\/\/maybommini.vn\/wp-content\/uploads\/2023\/03\/Day-dien-26AWG-20CM-mau-do-ruoy-to-300x300.jpg 300w, https:\/\/maybommini.vn\/wp-content\/uploads\/2023\/03\/Day-dien-26AWG-20CM-mau-do-ruoy-to-150x150.jpg 150w, https:\/\/maybommini.vn\/wp-content\/uploads\/2023\/03\/Day-dien-26AWG-20CM-mau-do-ruoy-to-600x600.jpg 600w\" sizes=\"(max-width: 750px) 100vw, 750px\" \/><\/a><a href=\"https:\/\/maybommini.com\/wp-content\/uploads\/2023\/03\/Day-dien-26AWG-20CM-mau-do-tren-tay.jpg\" target=\"_blank\" rel=\"noopener\"><img decoding=\"async\" class=\"size-full wp-image-277537 aligncenter\" src=\"https:\/\/maybommini.com\/wp-content\/uploads\/2023\/03\/Day-dien-26AWG-20CM-mau-do-tren-tay.jpg\" alt=\"Day Dien 26AWG 20CM Mau Do Tren Tay\" width=\"750\" height=\"750\" srcset=\"https:\/\/maybommini.vn\/wp-content\/uploads\/2023\/03\/Day-dien-26AWG-20CM-mau-do-tren-tay.jpg 750w, https:\/\/maybommini.vn\/wp-content\/uploads\/2023\/03\/Day-dien-26AWG-20CM-mau-do-tren-tay-300x300.jpg 300w, https:\/\/maybommini.vn\/wp-content\/uploads\/2023\/03\/Day-dien-26AWG-20CM-mau-do-tren-tay-150x150.jpg 150w, https:\/\/maybommini.vn\/wp-content\/uploads\/2023\/03\/Day-dien-26AWG-20CM-mau-do-tren-tay-600x600.jpg 600w\" sizes=\"(max-width: 750px) 100vw, 750px\" \/><\/a><a href=\"https:\/\/maybommini.com\/wp-content\/uploads\/2023\/03\/Day-dien-26AWG-20CM-mau-do-kich-trhuoc.jpg\" target=\"_blank\" rel=\"noopener\"><img decoding=\"async\" class=\"size-full wp-image-277535 aligncenter\" src=\"https:\/\/maybommini.com\/wp-content\/uploads\/2023\/03\/Day-dien-26AWG-20CM-mau-do-kich-trhuoc.jpg\" alt=\"Day Dien 26AWG 20CM Mau Do Kich Trhuoc\" width=\"750\" height=\"750\" srcset=\"https:\/\/maybommini.vn\/wp-content\/uploads\/2023\/03\/Day-dien-26AWG-20CM-mau-do-kich-trhuoc.jpg 750w, https:\/\/maybommini.vn\/wp-content\/uploads\/2023\/03\/Day-dien-26AWG-20CM-mau-do-kich-trhuoc-300x300.jpg 300w, https:\/\/maybommini.vn\/wp-content\/uploads\/2023\/03\/Day-dien-26AWG-20CM-mau-do-kich-trhuoc-150x150.jpg 150w, https:\/\/maybommini.vn\/wp-content\/uploads\/2023\/03\/Day-dien-26AWG-20CM-mau-do-kich-trhuoc-600x600.jpg 600w\" sizes=\"(max-width: 750px) 100vw, 750px\" \/><\/a>S\u1eec D\u1ee4NG D\u00c2Y \u0110I\u1ec6N PVC 20CM 26AWG<\/strong><br \/>\n&#8211; S\u1eed d\u1ee5ng l\u00e0m d\u00e2y ngu\u1ed3n d\u1eabn \u0111i\u1ec7n.<br \/>\n&#8211; S\u1eed d\u1ee5ng l\u00e0m d\u00e2y t\u00edn hi\u1ec7u m\u1ea1ch \u0111i\u1ec7n.<br \/>\n&#8211; D\u00e2y \u0111i\u1ec7n t\u00edn hi\u1ec7u m\u1ea1ch b\u1ea3o v\u1ec7 pin.<br \/>\n&#8211; D\u00e2y \u0111i\u1ec7n m\u1ea1ch \u0111i\u1ec7n t\u1eed.<br \/>\n&#8211; D\u00e2y ngu\u1ed3n thi\u1ebft b\u1ecb \u0111i\u1ec7n t\u1eed c\u00f4ng su\u1ea5t nh\u1ecf.<br \/>\n&#8211; S\u1eed d\u1ee5ng cho nhi\u1ec1u l\u0129nh v\u1ef1c kh\u00e1c.<\/p>\n<p><strong><a href=\"https:\/\/maybommini.com\/wp-content\/uploads\/2023\/03\/Day-dien-26AWG-20CM-mau-do-1.jpg\" target=\"_blank\" rel=\"noopener\"><img decoding=\"async\" class=\"size-full wp-image-277531 aligncenter\" src=\"https:\/\/maybommini.com\/wp-content\/uploads\/2023\/03\/Day-dien-26AWG-20CM-mau-do-1.jpg\" alt=\"Day Dien 26AWG 20CM Mau Do\" width=\"750\" height=\"750\" srcset=\"https:\/\/maybommini.vn\/wp-content\/uploads\/2023\/03\/Day-dien-26AWG-20CM-mau-do-1.jpg 750w, https:\/\/maybommini.vn\/wp-content\/uploads\/2023\/03\/Day-dien-26AWG-20CM-mau-do-1-300x300.jpg 300w, https:\/\/maybommini.vn\/wp-content\/uploads\/2023\/03\/Day-dien-26AWG-20CM-mau-do-1-150x150.jpg 150w, https:\/\/maybommini.vn\/wp-content\/uploads\/2023\/03\/Day-dien-26AWG-20CM-mau-do-1-600x600.jpg 600w\" sizes=\"(max-width: 750px) 100vw, 750px\" \/><\/a><\/strong><\/p>\n<p><strong>TH\u00d4NG S\u1ed0 AWG TR\u00caN D\u00c2Y \u0110I\u1ec6N L\u00c0 G\u00cc ?<\/strong><br \/>\nCh\u1ec9 s\u1ed1 AWG tr\u00ean d\u00e2y d\u1eabn l\u00e0 g\u00ec ????<br \/>\nCh\u1ec9 s\u1ed1 th\u00f4ng s\u1ed1 AWG l\u00e0 g\u00ec ? AWG l\u00e0 vi\u1ebft t\u1eaft (American Wire Gauge) l\u00e0 ch\u1ec9 s\u1ed1 ch\u1ec9 c\u1ee1 d\u00e2y d\u1eabn theo ti\u00eau chu\u1ea9n M\u1ef9.<br \/>\nCh\u1ec9 s\u1ed1 AWG c\u00f3 t\u1ef7 l\u1ec7 ngh\u1ecbch v\u1edbi c\u1ee1 d\u00e2y d\u1eabn. AWG c\u00e0ng nh\u1ecf th\u00ec \u0111\u01b0\u1eddng k\u00ednh d\u00e2y d\u1eabn c\u00e0ng l\u1edbn. V\u00ec AWG \u0111\u01b0\u1ee3c t\u00ednh theo s\u1ed1 l\u1ea7n qua khu\u00f4n k\u00e9o d\u00e2y, \u0111\u1ec3 \u0111\u1ea1t \u0111\u01b0\u1ee3c m\u1ed9t d\u00e2y c\u00f3 \u0111\u01b0\u1eddng k\u00ednh nh\u1ecf th\u00ec c\u1ea7n ph\u1ea3i k\u00e9o kh\u1ed1i kim lo\u1ea1i qua nhi\u1ec1u khu\u00f4n, s\u1ed1 AWG ch\u00ednh l\u00e0 s\u1ed1 khu\u00f4n m\u00e0 d\u00e2y \u0111\u01b0\u1ee3c k\u00e9o qua. S\u1ed1 khu\u00f4n k\u00e9o c\u00e0ng \u00edt (ch\u1ec9 s\u1ed1 AWG c\u00e0ng nh\u1ecf) t\u01b0\u01a1ng \u0111\u01b0\u01a1ng v\u1edbi c\u1ee1 d\u00e2y c\u00e0ng l\u1edbn.<\/p>\n<p><strong><a href=\"https:\/\/maybommini.com\/wp-content\/uploads\/2023\/03\/don-vi-AWG-day-dien.jpg\" target=\"_blank\" rel=\"noopener\"><img decoding=\"async\" class=\"size-full wp-image-277538 aligncenter\" src=\"https:\/\/maybommini.com\/wp-content\/uploads\/2023\/03\/don-vi-AWG-day-dien.jpg\" alt=\"Don Vi AWG Day Dien\" width=\"750\" height=\"750\" srcset=\"https:\/\/maybommini.vn\/wp-content\/uploads\/2023\/03\/don-vi-AWG-day-dien.jpg 750w, https:\/\/maybommini.vn\/wp-content\/uploads\/2023\/03\/don-vi-AWG-day-dien-300x300.jpg 300w, https:\/\/maybommini.vn\/wp-content\/uploads\/2023\/03\/don-vi-AWG-day-dien-150x150.jpg 150w, https:\/\/maybommini.vn\/wp-content\/uploads\/2023\/03\/don-vi-AWG-day-dien-600x600.jpg 600w\" sizes=\"(max-width: 750px) 100vw, 750px\" \/><\/a><\/strong><\/p>\n<p><strong>CTY TNHH TH\u01af\u01a0NG M\u1ea0I D\u1ecaCH V\u1ee4 \u0110I\u1ec6N M\u00c1Y TH\u00d4NG MINH<\/strong><br \/>\n<strong>Hotline:<\/strong>\u00a002873030399 \u2013 090 729 4310<br \/>\n<strong>Email:<\/strong>\u00a0maybommini.com@gmail.com<br \/>\n<strong>Website:<\/strong>\u00a0https:\/\/maybommini.com<br \/>\n<strong>Youtube demo:<\/strong>\u00a0https:\/\/www.youtube.com\/bahamasali<\/p>\n<h3 style=\"text-align: center;\"><em><strong>CHUY\u00caN B\u00c1N PH\u00c2N PH\u1ed0I C\u00c1C LO\u1ea0I PIN S\u1ea0C<br \/>\nLITHIUM LI-ION LiFePo4 12V 24V 36V 48V GI\u00c1 T\u1ed0T CH\u1ea4T L\u01af\u1ee2NG.<br \/>\nNH\u1eacN \u0110\u00d3NG PIN THEO Y\u00caU C\u1ea6U GI\u00c1 T\u1ed0T<br \/>\nD\u1ecaCH V\u1ee4 THAY PIN THAY CELL S\u1eecA PIN THI\u1ebeT B\u1eca C\u1ea6M TAY.<br \/>\n<\/strong><\/em><br \/>\n<strong><br \/>\n<\/strong><\/h3>\n<p><a class=\"swipebox\" title=\"\" href=\"https:\/\/maybommini.com\/wp-content\/uploads\/2022\/07\/thong-tin-lien-he-may-bom-mini.jpg\" data-rel=\"lightbox-image-18\" data-rl_title=\"\" data-rl_caption=\"\" data-rl_ target=\"_blank\" rel=\"noopener\"><img decoding=\"async\" class=\"size-full wp-image-270584 aligncenter lazyloaded\" src=\"https:\/\/maybommini.com\/wp-content\/uploads\/2022\/07\/thong-tin-lien-he-may-bom-mini.jpg\" sizes=\"(max-width: 750px) 100vw, 750px\" srcset=\"https:\/\/maybommini.com\/wp-content\/uploads\/2022\/07\/thong-tin-lien-he-may-bom-mini.jpg 750w, https:\/\/maybommini.com\/wp-content\/uploads\/2022\/07\/thong-tin-lien-he-may-bom-mini-300x202.jpg 300w, https:\/\/maybommini.com\/wp-content\/uploads\/2022\/07\/thong-tin-lien-he-may-bom-mini-600x405.jpg 600w\" alt=\"Thong Tin Lien He May Bom Mini\" width=\"750\" height=\"506\" data-lazy-srcset=\"https:\/\/maybommini.com\/wp-content\/uploads\/2022\/07\/thong-tin-lien-he-may-bom-mini.jpg 750w, https:\/\/maybommini.com\/wp-content\/uploads\/2022\/07\/thong-tin-lien-he-may-bom-mini-300x202.jpg 300w, https:\/\/maybommini.com\/wp-content\/uploads\/2022\/07\/thong-tin-lien-he-may-bom-mini-600x405.jpg 600w\" data-lazy-sizes=\"(max-width: 750px) 100vw, 750px\" data-lazy-src=\"https:\/\/maybommini.com\/wp-content\/uploads\/2022\/07\/thong-tin-lien-he-may-bom-mini.jpg\" data-was-processed=\"true\" \/><\/a><\/p>\n<p><a href=\"https:\/\/maybommini.com\/wp-content\/uploads\/2023\/03\/Day-dien-26AWG-20CM-mau-do.jpg\" target=\"_blank\" rel=\"noopener\"><img decoding=\"async\" class=\"size-full wp-image-272881 aligncenter\" src=\"https:\/\/maybommini.com\/wp-content\/uploads\/2023\/03\/Day-dien-26AWG-20CM-mau-do.jpg\" alt=\"Day Dien 26AWG 20CM Mau Do\" width=\"750\" height=\"750\" srcset=\"https:\/\/maybommini.vn\/wp-content\/uploads\/2023\/03\/Day-dien-26AWG-20CM-mau-do.jpg 750w, https:\/\/maybommini.vn\/wp-content\/uploads\/2023\/03\/Day-dien-26AWG-20CM-mau-do-300x300.jpg 300w, https:\/\/maybommini.vn\/wp-content\/uploads\/2023\/03\/Day-dien-26AWG-20CM-mau-do-150x150.jpg 150w, https:\/\/maybommini.vn\/wp-content\/uploads\/2023\/03\/Day-dien-26AWG-20CM-mau-do-600x600.jpg 600w\" sizes=\"(max-width: 750px) 100vw, 750px\" \/><\/a><\/p>\n<p><a href=\"https:\/\/maybommini.com\/wp-content\/uploads\/2023\/03\/kich-thuoc-day-26AWG-20CM-PVC.jpg\" target=\"_blank\" rel=\"noopener\"><img decoding=\"async\" class=\"size-full wp-image-272888 aligncenter\" src=\"https:\/\/maybommini.com\/wp-content\/uploads\/2023\/03\/kich-thuoc-day-26AWG-20CM-PVC.jpg\" alt=\"Kich Thuoc Day 26AWG 20CM PVC\" width=\"750\" height=\"750\" srcset=\"https:\/\/maybommini.vn\/wp-content\/uploads\/2023\/03\/kich-thuoc-day-26AWG-20CM-PVC.jpg 750w, https:\/\/maybommini.vn\/wp-content\/uploads\/2023\/03\/kich-thuoc-day-26AWG-20CM-PVC-300x300.jpg 300w, https:\/\/maybommini.vn\/wp-content\/uploads\/2023\/03\/kich-thuoc-day-26AWG-20CM-PVC-150x150.jpg 150w, https:\/\/maybommini.vn\/wp-content\/uploads\/2023\/03\/kich-thuoc-day-26AWG-20CM-PVC-600x600.jpg 600w\" sizes=\"(max-width: 750px) 100vw, 750px\" \/><\/a><a href=\"https:\/\/maybommini.com\/wp-content\/uploads\/2023\/03\/day-dien-ngan-nho.jpg\" target=\"_blank\" rel=\"noopener\"><img decoding=\"async\" class=\"size-full wp-image-272886 aligncenter\" src=\"https:\/\/maybommini.com\/wp-content\/uploads\/2023\/03\/day-dien-ngan-nho.jpg\" alt=\"Day Dien Ngan Nho\" width=\"750\" height=\"750\" srcset=\"https:\/\/maybommini.vn\/wp-content\/uploads\/2023\/03\/day-dien-ngan-nho.jpg 750w, https:\/\/maybommini.vn\/wp-content\/uploads\/2023\/03\/day-dien-ngan-nho-300x300.jpg 300w, https:\/\/maybommini.vn\/wp-content\/uploads\/2023\/03\/day-dien-ngan-nho-150x150.jpg 150w, https:\/\/maybommini.vn\/wp-content\/uploads\/2023\/03\/day-dien-ngan-nho-600x600.jpg 600w\" sizes=\"(max-width: 750px) 100vw, 750px\" \/><\/a><a href=\"https:\/\/maybommini.com\/wp-content\/uploads\/2023\/03\/day-dien-ngan-20cm-80-soi.jpg\" target=\"_blank\" rel=\"noopener\"><img decoding=\"async\" class=\"size-full wp-image-272885 aligncenter\" src=\"https:\/\/maybommini.com\/wp-content\/uploads\/2023\/03\/day-dien-ngan-20cm-80-soi.jpg\" alt=\"Day Dien Ngan 20cm 80 Soi\" width=\"750\" height=\"750\" srcset=\"https:\/\/maybommini.vn\/wp-content\/uploads\/2023\/03\/day-dien-ngan-20cm-80-soi.jpg 750w, https:\/\/maybommini.vn\/wp-content\/uploads\/2023\/03\/day-dien-ngan-20cm-80-soi-300x300.jpg 300w, https:\/\/maybommini.vn\/wp-content\/uploads\/2023\/03\/day-dien-ngan-20cm-80-soi-150x150.jpg 150w, https:\/\/maybommini.vn\/wp-content\/uploads\/2023\/03\/day-dien-ngan-20cm-80-soi-600x600.jpg 600w\" sizes=\"(max-width: 750px) 100vw, 750px\" \/><\/a><a href=\"https:\/\/maybommini.com\/wp-content\/uploads\/2023\/03\/day-dien-nho-20cm-26awg.jpg\" target=\"_blank\" rel=\"noopener\"><img decoding=\"async\" class=\"size-full wp-image-272887 aligncenter\" src=\"https:\/\/maybommini.com\/wp-content\/uploads\/2023\/03\/day-dien-nho-20cm-26awg.jpg\" alt=\"Day Dien Nho 20cm 26awg\" width=\"750\" height=\"750\" srcset=\"https:\/\/maybommini.vn\/wp-content\/uploads\/2023\/03\/day-dien-nho-20cm-26awg.jpg 750w, https:\/\/maybommini.vn\/wp-content\/uploads\/2023\/03\/day-dien-nho-20cm-26awg-300x300.jpg 300w, https:\/\/maybommini.vn\/wp-content\/uploads\/2023\/03\/day-dien-nho-20cm-26awg-150x150.jpg 150w, https:\/\/maybommini.vn\/wp-content\/uploads\/2023\/03\/day-dien-nho-20cm-26awg-600x600.jpg 600w\" sizes=\"(max-width: 750px) 100vw, 750px\" \/><\/a><a href=\"https:\/\/maybommini.com\/wp-content\/uploads\/2023\/03\/day-dien-20cm-40-soi.jpg\" target=\"_blank\" rel=\"noopener\"><img decoding=\"async\" class=\"size-full wp-image-272890 aligncenter\" src=\"https:\/\/maybommini.com\/wp-content\/uploads\/2023\/03\/day-dien-20cm-40-soi.jpg\" alt=\"Day Dien 20cm 40 Soi\" width=\"750\" height=\"750\" srcset=\"https:\/\/maybommini.vn\/wp-content\/uploads\/2023\/03\/day-dien-20cm-40-soi.jpg 750w, https:\/\/maybommini.vn\/wp-content\/uploads\/2023\/03\/day-dien-20cm-40-soi-300x300.jpg 300w, https:\/\/maybommini.vn\/wp-content\/uploads\/2023\/03\/day-dien-20cm-40-soi-150x150.jpg 150w, https:\/\/maybommini.vn\/wp-content\/uploads\/2023\/03\/day-dien-20cm-40-soi-600x600.jpg 600w\" sizes=\"(max-width: 750px) 100vw, 750px\" \/><\/a><a href=\"https:\/\/maybommini.com\/wp-content\/uploads\/2023\/03\/day-dien-20cm-60-soi.jpg\" target=\"_blank\" rel=\"noopener\"><img decoding=\"async\" class=\"size-full wp-image-272891 aligncenter\" src=\"https:\/\/maybommini.com\/wp-content\/uploads\/2023\/03\/day-dien-20cm-60-soi.jpg\" alt=\"Day Dien 20cm 60 Soi\" width=\"750\" height=\"750\" srcset=\"https:\/\/maybommini.vn\/wp-content\/uploads\/2023\/03\/day-dien-20cm-60-soi.jpg 750w, https:\/\/maybommini.vn\/wp-content\/uploads\/2023\/03\/day-dien-20cm-60-soi-300x300.jpg 300w, https:\/\/maybommini.vn\/wp-content\/uploads\/2023\/03\/day-dien-20cm-60-soi-150x150.jpg 150w, https:\/\/maybommini.vn\/wp-content\/uploads\/2023\/03\/day-dien-20cm-60-soi-600x600.jpg 600w\" sizes=\"(max-width: 750px) 100vw, 750px\" \/><\/a><a href=\"https:\/\/maybommini.com\/wp-content\/uploads\/2023\/03\/day-dien-20cm-ma-kem-2-dau.jpg\" target=\"_blank\" rel=\"noopener\"><img decoding=\"async\" class=\"size-full wp-image-272892 aligncenter\" src=\"https:\/\/maybommini.com\/wp-content\/uploads\/2023\/03\/day-dien-20cm-ma-kem-2-dau.jpg\" alt=\"Day Dien 20cm Ma Kem 2 Dau\" width=\"750\" height=\"750\" srcset=\"https:\/\/maybommini.vn\/wp-content\/uploads\/2023\/03\/day-dien-20cm-ma-kem-2-dau.jpg 750w, https:\/\/maybommini.vn\/wp-content\/uploads\/2023\/03\/day-dien-20cm-ma-kem-2-dau-300x300.jpg 300w, https:\/\/maybommini.vn\/wp-content\/uploads\/2023\/03\/day-dien-20cm-ma-kem-2-dau-150x150.jpg 150w, https:\/\/maybommini.vn\/wp-content\/uploads\/2023\/03\/day-dien-20cm-ma-kem-2-dau-600x600.jpg 600w\" sizes=\"(max-width: 750px) 100vw, 750px\" \/><\/a><a href=\"https:\/\/maybommini.com\/wp-content\/uploads\/2023\/03\/Day-dien-26AWG-20CM-mau-do-100-soi.jpg\" target=\"_blank\" rel=\"noopener\"><img decoding=\"async\" class=\"size-full wp-image-272882 aligncenter\" src=\"https:\/\/maybommini.com\/wp-content\/uploads\/2023\/03\/Day-dien-26AWG-20CM-mau-do-100-soi.jpg\" alt=\"Day Dien 26AWG 20CM Mau Do 100 Soi\" width=\"750\" height=\"750\" srcset=\"https:\/\/maybommini.vn\/wp-content\/uploads\/2023\/03\/Day-dien-26AWG-20CM-mau-do-100-soi.jpg 750w, https:\/\/maybommini.vn\/wp-content\/uploads\/2023\/03\/Day-dien-26AWG-20CM-mau-do-100-soi-300x300.jpg 300w, https:\/\/maybommini.vn\/wp-content\/uploads\/2023\/03\/Day-dien-26AWG-20CM-mau-do-100-soi-150x150.jpg 150w, https:\/\/maybommini.vn\/wp-content\/uploads\/2023\/03\/Day-dien-26AWG-20CM-mau-do-100-soi-600x600.jpg 600w\" sizes=\"(max-width: 750px) 100vw, 750px\" \/><\/a><a href=\"https:\/\/maybommini.com\/wp-content\/uploads\/2023\/03\/Day-dien-26AWG-20CM-mau-do-200-soi.jpg\" target=\"_blank\" rel=\"noopener\"><img decoding=\"async\" class=\"size-full wp-image-272883 aligncenter\" src=\"https:\/\/maybommini.com\/wp-content\/uploads\/2023\/03\/Day-dien-26AWG-20CM-mau-do-200-soi.jpg\" alt=\"Day Dien 26AWG 20CM Mau Do 200 Soi\" width=\"750\" height=\"750\" srcset=\"https:\/\/maybommini.vn\/wp-content\/uploads\/2023\/03\/Day-dien-26AWG-20CM-mau-do-200-soi.jpg 750w, https:\/\/maybommini.vn\/wp-content\/uploads\/2023\/03\/Day-dien-26AWG-20CM-mau-do-200-soi-300x300.jpg 300w, https:\/\/maybommini.vn\/wp-content\/uploads\/2023\/03\/Day-dien-26AWG-20CM-mau-do-200-soi-150x150.jpg 150w, https:\/\/maybommini.vn\/wp-content\/uploads\/2023\/03\/Day-dien-26AWG-20CM-mau-do-200-soi-600x600.jpg 600w\" sizes=\"(max-width: 750px) 100vw, 750px\" \/><\/a><a href=\"https:\/\/maybommini.com\/wp-content\/uploads\/2023\/03\/Day-dien-26AWG-20CM-mau-do-500-soi.jpg\" target=\"_blank\" rel=\"noopener\"><img decoding=\"async\" class=\"size-full wp-image-272884 aligncenter\" src=\"https:\/\/maybommini.com\/wp-content\/uploads\/2023\/03\/Day-dien-26AWG-20CM-mau-do-500-soi.jpg\" alt=\"Day Dien 26AWG 20CM Mau Do 500 Soi\" width=\"750\" height=\"750\" srcset=\"https:\/\/maybommini.vn\/wp-content\/uploads\/2023\/03\/Day-dien-26AWG-20CM-mau-do-500-soi.jpg 750w, https:\/\/maybommini.vn\/wp-content\/uploads\/2023\/03\/Day-dien-26AWG-20CM-mau-do-500-soi-300x300.jpg 300w, https:\/\/maybommini.vn\/wp-content\/uploads\/2023\/03\/Day-dien-26AWG-20CM-mau-do-500-soi-150x150.jpg 150w, https:\/\/maybommini.vn\/wp-content\/uploads\/2023\/03\/Day-dien-26AWG-20CM-mau-do-500-soi-600x600.jpg 600w\" sizes=\"(max-width: 750px) 100vw, 750px\" \/><\/a><a href=\"https:\/\/maybommini.com\/wp-content\/uploads\/2023\/03\/day-dien-26awg-20cm-gia-re.jpg\" target=\"_blank\" rel=\"noopener\"><img decoding=\"async\" class=\"size-full wp-image-272880 aligncenter\" src=\"https:\/\/maybommini.com\/wp-content\/uploads\/2023\/03\/day-dien-26awg-20cm-gia-re.jpg\" alt=\"Day Dien 26awg 20cm Gia Re\" width=\"750\" height=\"750\" srcset=\"https:\/\/maybommini.vn\/wp-content\/uploads\/2023\/03\/day-dien-26awg-20cm-gia-re.jpg 750w, https:\/\/maybommini.vn\/wp-content\/uploads\/2023\/03\/day-dien-26awg-20cm-gia-re-300x300.jpg 300w, https:\/\/maybommini.vn\/wp-content\/uploads\/2023\/03\/day-dien-26awg-20cm-gia-re-150x150.jpg 150w, https:\/\/maybommini.vn\/wp-content\/uploads\/2023\/03\/day-dien-26awg-20cm-gia-re-600x600.jpg 600w\" sizes=\"(max-width: 750px) 100vw, 750px\" \/><\/a><\/p>\n<p>&nbsp;<\/p>\n<p><a href=\"https:\/\/maybommini.com\/wp-content\/uploads\/2023\/03\/chi-so-AWG-tren-day-dien.jpg\" target=\"_blank\" rel=\"noopener\"><img decoding=\"async\" class=\"size-full wp-image-272889 aligncenter\" src=\"https:\/\/maybommini.com\/wp-content\/uploads\/2023\/03\/chi-so-AWG-tren-day-dien.jpg\" alt=\"Chi So AWG Tren Day Dien\" width=\"750\" height=\"750\" srcset=\"https:\/\/maybommini.vn\/wp-content\/uploads\/2023\/03\/chi-so-AWG-tren-day-dien.jpg 750w, https:\/\/maybommini.vn\/wp-content\/uploads\/2023\/03\/chi-so-AWG-tren-day-dien-300x300.jpg 300w, https:\/\/maybommini.vn\/wp-content\/uploads\/2023\/03\/chi-so-AWG-tren-day-dien-150x150.jpg 150w, https:\/\/maybommini.vn\/wp-content\/uploads\/2023\/03\/chi-so-AWG-tren-day-dien-600x600.jpg 600w\" sizes=\"(max-width: 750px) 100vw, 750px\" \/><\/a><\/p>\n<p>&nbsp;<\/p>\n","protected":false},"excerpt":{"rendered":"<p>Model: 26AWG-20CM-RED<br \/>\nChi\u1ec1u d\u00e0i: 20 cm<br \/>\n\u0110\u01b0\u1eddng k\u00ednh ngo\u00e0i: 1.3mm<br \/>\n\u0110\u01b0\u1eddng k\u00ednh trong: 0.6 mm<br \/>\nSai s\u1ed1 : 0.1 &#8211; 0.15 mm<br \/>\nM\u1ea1 k\u1ebdm 2 \u0111\u1ea7u d\u00e2y.<br \/>\nRu\u1ed9t d\u00e2y nhi\u1ec1u l\u00f5i \u0111\u1ed3ng m\u1ea1 k\u1ebdm.<br \/>\nCh\u1ecbu t\u1ea3i t\u1ed1i \u0111a 1A 300V.<br \/>\nV\u1ecf nh\u1ef1a PVC c\u00e1ch \u0111i\u1ec7n.<br \/>\nV\u1ecf d\u00e2y m\u00e0u: \u0111\u1ecf<br \/>\nSize d\u00e2y \u0111i\u1ec7n: 26AWG<br \/>\n<strong>Gi\u00e1 tr\u00ean l\u00e0 20 s\u1ee3i<\/strong><br \/>\n<strong>Mua s\u1ed1 l\u01b0\u1ee3ng gi\u00e1 t\u1ed1t<\/strong><\/p>\n","protected":false},"featured_media":277529,"comment_status":"open","ping_status":"closed","template":"","meta":[],"product_brand":[],"product_cat":[4736],"product_tag":[3794,4742,4741,295,4740],"class_list":{"0":"post-272879","1":"product","2":"type-product","3":"status-publish","4":"has-post-thumbnail","6":"product_cat-day-dien-day-dien","7":"product_tag-day-dien","8":"product_tag-day-dien-26awg","9":"product_tag-day-dien-pvc","10":"product_tag-day-nguon","11":"product_tag-day-tin-hieu","13":"first","14":"instock","15":"shipping-taxable","16":"purchasable","17":"product-type-simple"},"_links":{"self":[{"href":"https:\/\/maybommini.vn\/index.php?rest_route=\/wp\/v2\/product\/272879","targetHints":{"allow":["GET"]}}],"collection":[{"href":"https:\/\/maybommini.vn\/index.php?rest_route=\/wp\/v2\/product"}],"about":[{"href":"https:\/\/maybommini.vn\/index.php?rest_route=\/wp\/v2\/types\/product"}],"replies":[{"embeddable":true,"href":"https:\/\/maybommini.vn\/index.php?rest_route=%2Fwp%2Fv2%2Fcomments&post=272879"}],"wp:featuredmedia":[{"embeddable":true,"href":"https:\/\/maybommini.vn\/index.php?rest_route=\/wp\/v2\/media\/277529"}],"wp:attachment":[{"href":"https:\/\/maybommini.vn\/index.php?rest_route=%2Fwp%2Fv2%2Fmedia&parent=272879"}],"wp:term":[{"taxonomy":"product_brand","embeddable":true,"href":"https:\/\/maybommini.vn\/index.php?rest_route=%2Fwp%2Fv2%2Fproduct_brand&post=272879"},{"taxonomy":"product_cat","embeddable":true,"href":"https:\/\/maybommini.vn\/index.php?rest_route=%2Fwp%2Fv2%2Fproduct_cat&post=272879"},{"taxonomy":"product_tag","embeddable":true,"href":"https:\/\/maybommini.vn\/index.php?rest_route=%2Fwp%2Fv2%2Fproduct_tag&post=272879"}],"curies":[{"name":"wp","href":"https:\/\/api.w.org\/{rel}","templated":true}]}}