{"id":273022,"date":"2023-03-21T10:18:03","date_gmt":"2023-03-21T03:18:03","guid":{"rendered":"https:\/\/maybommini.com\/?post_type=product&#038;p=273022"},"modified":"2023-03-21T11:08:51","modified_gmt":"2023-03-21T04:08:51","slug":"choi-than-motor-may-bom-12v-24v-48v-60v","status":"publish","type":"product","link":"https:\/\/maybommini.vn\/?product=choi-than-motor-may-bom-12v-24v-48v-60v","title":{"rendered":"Ch\u1ed5i than motor m\u00e1y b\u01a1m 12V 24V 48V 60V"},"content":{"rendered":"<p><strong>Ch\u1ed5i than motor m\u00e1y b\u01a1m 12V 24V 48V 60V thay th\u1ebf cho b\u1ed9 ch\u1ed5i than s\u1eed d\u1ee5ng l\u00e2u ng\u00e0y b\u1ecb m\u00f2n. B\u1ed9 ch\u1ed5i than n\u00e0y ch\u1ec9 ph\u00f9 h\u1ee3p cho m\u00e1y b\u01a1m motor v\u00e0 c\u00e1c lo\u1ea1i m\u00e1y b\u01a1m t\u01b0\u01a1ng t\u1ef1 c\u00f3 k\u00edch th\u01b0\u1edbc gi\u1ed1ng nhau.<\/strong><\/p>\n<p><strong><a href=\"https:\/\/maybommini.com\/wp-content\/uploads\/2023\/03\/choi-than-motor-may-bom-12v-24v-36v-48v-60v.jpg\" target=\"_blank\" rel=\"noopener\"><img decoding=\"async\" class=\"size-full wp-image-273040 aligncenter\" src=\"https:\/\/maybommini.com\/wp-content\/uploads\/2023\/03\/choi-than-motor-may-bom-12v-24v-36v-48v-60v.jpg\" alt=\"Choi Than Motor May Bom 12v 24v 36v 48v 60v\" width=\"750\" height=\"750\" srcset=\"https:\/\/maybommini.vn\/wp-content\/uploads\/2023\/03\/choi-than-motor-may-bom-12v-24v-36v-48v-60v.jpg 750w, https:\/\/maybommini.vn\/wp-content\/uploads\/2023\/03\/choi-than-motor-may-bom-12v-24v-36v-48v-60v-300x300.jpg 300w, https:\/\/maybommini.vn\/wp-content\/uploads\/2023\/03\/choi-than-motor-may-bom-12v-24v-36v-48v-60v-150x150.jpg 150w, https:\/\/maybommini.vn\/wp-content\/uploads\/2023\/03\/choi-than-motor-may-bom-12v-24v-36v-48v-60v-600x600.jpg 600w\" sizes=\"(max-width: 750px) 100vw, 750px\" \/><\/a>TH\u00d4NG S\u1ed0 K\u1ef8 THU\u1eacT<\/strong><br \/>\nB\u1ed9 g\u1ed3m: 2 Ch\u1ed5i than.<br \/>\nCh\u1ea5t li\u1ec7u: Carbon, th\u00e9p, \u0111\u1ed3ng, nh\u1ef1a.<br \/>\nTr\u1ecdng l\u01b0\u1ee3ng: 50 gam<\/p>\n<p><strong><a href=\"https:\/\/maybommini.com\/wp-content\/uploads\/2023\/03\/choi-than-1489MM.jpg\" target=\"_blank\" rel=\"noopener\"><img decoding=\"async\" class=\"size-full wp-image-273045 aligncenter\" src=\"https:\/\/maybommini.com\/wp-content\/uploads\/2023\/03\/choi-than-1489MM.jpg\" alt=\"Choi Than 1489MM\" width=\"750\" height=\"750\" srcset=\"https:\/\/maybommini.vn\/wp-content\/uploads\/2023\/03\/choi-than-1489MM.jpg 750w, https:\/\/maybommini.vn\/wp-content\/uploads\/2023\/03\/choi-than-1489MM-300x300.jpg 300w, https:\/\/maybommini.vn\/wp-content\/uploads\/2023\/03\/choi-than-1489MM-150x150.jpg 150w, https:\/\/maybommini.vn\/wp-content\/uploads\/2023\/03\/choi-than-1489MM-600x600.jpg 600w\" sizes=\"(max-width: 750px) 100vw, 750px\" \/><\/a><a href=\"https:\/\/maybommini.com\/wp-content\/uploads\/2023\/03\/choi-than-6819MM.jpg\" target=\"_blank\" rel=\"noopener\"><img decoding=\"async\" class=\"size-full wp-image-273046 aligncenter\" src=\"https:\/\/maybommini.com\/wp-content\/uploads\/2023\/03\/choi-than-6819MM.jpg\" alt=\"Choi Than 6819MM\" width=\"750\" height=\"750\" srcset=\"https:\/\/maybommini.vn\/wp-content\/uploads\/2023\/03\/choi-than-6819MM.jpg 750w, https:\/\/maybommini.vn\/wp-content\/uploads\/2023\/03\/choi-than-6819MM-300x300.jpg 300w, https:\/\/maybommini.vn\/wp-content\/uploads\/2023\/03\/choi-than-6819MM-150x150.jpg 150w, https:\/\/maybommini.vn\/wp-content\/uploads\/2023\/03\/choi-than-6819MM-600x600.jpg 600w\" sizes=\"(max-width: 750px) 100vw, 750px\" \/><\/a><a href=\"https:\/\/maybommini.com\/wp-content\/uploads\/2023\/03\/choi-than-1657373MM.jpg\" target=\"_blank\" rel=\"noopener\"><img decoding=\"async\" class=\"size-full wp-image-273037 aligncenter\" src=\"https:\/\/maybommini.com\/wp-content\/uploads\/2023\/03\/choi-than-1657373MM.jpg\" alt=\"Choi Than 1657373MM\" width=\"750\" height=\"750\" srcset=\"https:\/\/maybommini.vn\/wp-content\/uploads\/2023\/03\/choi-than-1657373MM.jpg 750w, https:\/\/maybommini.vn\/wp-content\/uploads\/2023\/03\/choi-than-1657373MM-300x300.jpg 300w, https:\/\/maybommini.vn\/wp-content\/uploads\/2023\/03\/choi-than-1657373MM-150x150.jpg 150w, https:\/\/maybommini.vn\/wp-content\/uploads\/2023\/03\/choi-than-1657373MM-600x600.jpg 600w\" sizes=\"(max-width: 750px) 100vw, 750px\" \/><\/a><a href=\"https:\/\/maybommini.com\/wp-content\/uploads\/2023\/03\/choi-than-15588MM.jpg\" target=\"_blank\" rel=\"noopener\"><img decoding=\"async\" class=\"size-full wp-image-273047 aligncenter\" src=\"https:\/\/maybommini.com\/wp-content\/uploads\/2023\/03\/choi-than-15588MM.jpg\" alt=\"Choi Than 15588MM\" width=\"750\" height=\"750\" srcset=\"https:\/\/maybommini.vn\/wp-content\/uploads\/2023\/03\/choi-than-15588MM.jpg 750w, https:\/\/maybommini.vn\/wp-content\/uploads\/2023\/03\/choi-than-15588MM-300x300.jpg 300w, https:\/\/maybommini.vn\/wp-content\/uploads\/2023\/03\/choi-than-15588MM-150x150.jpg 150w, https:\/\/maybommini.vn\/wp-content\/uploads\/2023\/03\/choi-than-15588MM-600x600.jpg 600w\" sizes=\"(max-width: 750px) 100vw, 750px\" \/><\/a>S\u1eec D\u1ee4NG CH\u1ed4I THAN MOTOR M\u00c1Y B\u01a0M N\u01af\u1edaC M\u00c1Y B\u01a0M CH\u00ccM 12V 24V 48V 60V<\/strong><br \/>\nCh\u1ed5i than cho m\u00e1y b\u01a1m n\u01b0\u1edbc.<br \/>\nCh\u1ed5i than m\u00e1y b\u01a1m ch\u00ecm.<br \/>\nCh\u1ed5i than \u0111\u1ed9ng c\u01a1 \u0111i\u1ec7n.<br \/>\nCh\u1ed5i than cho motor.<br \/>\nCh\u1ed5i than cho m\u00e1y h\u00fat v\u00e0 th\u1ed5i b\u1ee5i.<br \/>\nCh\u1ed5i than cho thi\u1ebft b\u1ecb c\u1eb1m tay.<\/p>\n<p><a href=\"https:\/\/maybommini.com\/wp-content\/uploads\/2023\/03\/choi-than-motor-may-bom-12v-24v-36v-48v-60v.jpg\" target=\"_blank\" rel=\"noopener\"><img decoding=\"async\" class=\"size-full wp-image-273040 aligncenter\" src=\"https:\/\/maybommini.com\/wp-content\/uploads\/2023\/03\/choi-than-motor-may-bom-12v-24v-36v-48v-60v.jpg\" alt=\"Choi Than Motor May Bom 12v 24v 36v 48v 60v\" width=\"750\" height=\"750\" srcset=\"https:\/\/maybommini.vn\/wp-content\/uploads\/2023\/03\/choi-than-motor-may-bom-12v-24v-36v-48v-60v.jpg 750w, https:\/\/maybommini.vn\/wp-content\/uploads\/2023\/03\/choi-than-motor-may-bom-12v-24v-36v-48v-60v-300x300.jpg 300w, https:\/\/maybommini.vn\/wp-content\/uploads\/2023\/03\/choi-than-motor-may-bom-12v-24v-36v-48v-60v-150x150.jpg 150w, https:\/\/maybommini.vn\/wp-content\/uploads\/2023\/03\/choi-than-motor-may-bom-12v-24v-36v-48v-60v-600x600.jpg 600w\" sizes=\"(max-width: 750px) 100vw, 750px\" \/><\/a><br \/>\nCh\u00fang t\u00f4i chuy\u00ean cung c\u1ea5p c\u00e1c lo\u1ea1i m\u00e1y b\u01a1m n\u01b0\u1edbc mini, m\u00e1y b\u01a1m, m\u00e1y b\u01a1m h\u1ed3 c\u00e1, m\u00e1y b\u01a1m h\u00f2n non b\u1ed9 v\u1edbi nhi\u1ec1u c\u00f4ng su\u1ea5t kh\u00e1c nhau. T\u1ea5t c\u1ea3 c\u00e1c s\u1ea3n ph\u1ea9m b\u1ea3o h\u00e0nh v\u00e0 c\u00f3 gi\u00e1 t\u1ed1t nh\u1ea5t giao h\u00e0ng to\u00e0n qu\u1ed1c v\u00e0 thu ti\u1ec1n t\u1ea1i nh\u00e0 ti\u1ec7n l\u1ee3i nh\u1ea5t cho kh\u00e1ch h\u00e0ng s\u1eed d\u1ee5ng.<br \/>\n<strong>CTY TNHH TH\u01af\u01a0NG M\u1ea0I D\u1ecaCH V\u1ee4 \u0110I\u1ec6N M\u00c1Y TH\u00d4NG MINH<br \/>\nTel Zalo: 0907294310 \u2013 02873030399<br \/>\nWebsite<\/strong>:\u00a0https:\/\/maybommini.com<br \/>\n<strong>Email:<\/strong>\u00a0maybommini.com@gmail.com<br \/>\n<strong>Youtube demo:<\/strong>\u00a0https:\/\/www.youtube.com\/bahamasali<\/p>\n<h3><img decoding=\"async\" class=\"lazyloaded aligncenter\" src=\"https:\/\/maybommini.com\/wp-content\/uploads\/2022\/07\/thong-tin-lien-he-may-bom-mini.jpg\" alt=\"Thong Tin Lien He May Bom Mini\" data-lazy-src=\"https:\/\/maybommini.com\/wp-content\/uploads\/2022\/07\/thong-tin-lien-he-may-bom-mini.jpg\" data-was-processed=\"true\" \/><\/h3>\n","protected":false},"excerpt":{"rendered":"<p>Model: PK-039<br \/>\nK\u00edch th\u01b0\u1edbc ch\u1ed5i than: 17x 8 mm<br \/>\nB\u1ed9 g\u1ed3m: Ch\u1ed5i than, gi\u00e1 \u0111\u1ee1, l\u00f2 xo.<br \/>\nCh\u1ea5t li\u1ec7u: Carbon, th\u00e9p, \u0111\u1ed3ng, nh\u1ef1a.<br \/>\nTr\u1ecdng l\u01b0\u1ee3ng: 50 gam<br \/>\n<strong>Mua s\u1ed1 l\u01b0\u1ee3ng c\u00f3 gi\u00e1 t\u1ed1t<\/strong><\/p>\n","protected":false},"featured_media":273040,"comment_status":"open","ping_status":"closed","template":"","meta":[],"product_brand":[],"product_cat":[317,4072],"product_tag":[881,4068,4069,4067,4066,4071,4070,4073],"class_list":{"0":"post-273022","1":"product","2":"type-product","3":"status-publish","4":"has-post-thumbnail","6":"product_cat-thiet-bi-dung-cu","7":"product_cat-choi-than","8":"product_tag-choi-than","9":"product_tag-choi-than-12v","10":"product_tag-choi-than-24v","11":"product_tag-choi-than-bom-nuoc-tha-chim","12":"product_tag-choi-than-may-bom-chim","13":"product_tag-choi-than-may-bom-inox","14":"product_tag-choi-than-may-bomnuoc","15":"product_tag-choi-than-motor","17":"first","18":"instock","19":"shipping-taxable","20":"purchasable","21":"product-type-simple"},"_links":{"self":[{"href":"https:\/\/maybommini.vn\/index.php?rest_route=\/wp\/v2\/product\/273022","targetHints":{"allow":["GET"]}}],"collection":[{"href":"https:\/\/maybommini.vn\/index.php?rest_route=\/wp\/v2\/product"}],"about":[{"href":"https:\/\/maybommini.vn\/index.php?rest_route=\/wp\/v2\/types\/product"}],"replies":[{"embeddable":true,"href":"https:\/\/maybommini.vn\/index.php?rest_route=%2Fwp%2Fv2%2Fcomments&post=273022"}],"wp:featuredmedia":[{"embeddable":true,"href":"https:\/\/maybommini.vn\/index.php?rest_route=\/wp\/v2\/media\/273040"}],"wp:attachment":[{"href":"https:\/\/maybommini.vn\/index.php?rest_route=%2Fwp%2Fv2%2Fmedia&parent=273022"}],"wp:term":[{"taxonomy":"product_brand","embeddable":true,"href":"https:\/\/maybommini.vn\/index.php?rest_route=%2Fwp%2Fv2%2Fproduct_brand&post=273022"},{"taxonomy":"product_cat","embeddable":true,"href":"https:\/\/maybommini.vn\/index.php?rest_route=%2Fwp%2Fv2%2Fproduct_cat&post=273022"},{"taxonomy":"product_tag","embeddable":true,"href":"https:\/\/maybommini.vn\/index.php?rest_route=%2Fwp%2Fv2%2Fproduct_tag&post=273022"}],"curies":[{"name":"wp","href":"https:\/\/api.w.org\/{rel}","templated":true}]}}