{"id":273140,"date":"2023-03-27T10:14:47","date_gmt":"2023-03-27T03:14:47","guid":{"rendered":"https:\/\/maybommini.com\/?post_type=product&#038;p=273140"},"modified":"2023-03-29T21:50:53","modified_gmt":"2023-03-29T14:50:53","slug":"bo-khop-noi-nhanh-ong-ren-22mm","status":"publish","type":"product","link":"https:\/\/maybommini.vn\/?product=bo-khop-noi-nhanh-ong-ren-22mm","title":{"rendered":"B\u1ed9 kh\u1edbp n\u1ed1i nhanh \u1ed1ng ren 22mm"},"content":{"rendered":"<h4>B\u1ed9 kh\u1edbp n\u1ed1i nhanh \u1ed1ng ren 22mm s\u1eed d\u1ee5ng cho m\u00e1y r\u1eeda xe gia \u0111\u00ecnh \u00e1p l\u1ef1c cao. \u0110\u01b0\u1ee3c thi\u1ebft k\u1ebf v\u1edbi c\u00f4ng ngh\u1ec7 kh\u1edbp n\u1ed1i bi ch\u1ecbu l\u1ef1c, ch\u1ed1ng r\u00f2 r\u1ec9 n\u01b0\u1edbc khi c\u00f3 \u00e1p l\u1ef1c c\u00e0ng l\u1edbn. S\u1eed d\u1ee5ng \u0111\u01a1n gi\u1ea3n ti\u1ec7n l\u1ee3i \u0111\u1ec3 n\u1ed1i nhanh \u1ed1ng d\u00e2y r\u1eeda xe v\u00e0o m\u00e1y v\u00e0 \u1ed1ng d\u00e2y v\u00e0o s\u00fang x\u1ecbt v\u00f2i x\u1ecbt c\u00f3 ren 22mm.<\/h4>\n<p><strong><a href=\"https:\/\/maybommini.com\/wp-content\/uploads\/2023\/03\/noi-nhanh-ong-day-may-rua-xe.jpg\" target=\"_blank\" rel=\"noopener\"><img decoding=\"async\" class=\"size-full wp-image-273170 aligncenter\" src=\"https:\/\/maybommini.com\/wp-content\/uploads\/2023\/03\/noi-nhanh-ong-day-may-rua-xe.jpg\" alt=\"Noi Nhanh Ong Day May Rua Xe\" width=\"750\" height=\"750\" srcset=\"https:\/\/maybommini.vn\/wp-content\/uploads\/2023\/03\/noi-nhanh-ong-day-may-rua-xe.jpg 750w, https:\/\/maybommini.vn\/wp-content\/uploads\/2023\/03\/noi-nhanh-ong-day-may-rua-xe-300x300.jpg 300w, https:\/\/maybommini.vn\/wp-content\/uploads\/2023\/03\/noi-nhanh-ong-day-may-rua-xe-150x150.jpg 150w, https:\/\/maybommini.vn\/wp-content\/uploads\/2023\/03\/noi-nhanh-ong-day-may-rua-xe-600x600.jpg 600w\" sizes=\"(max-width: 750px) 100vw, 750px\" \/><\/a>TH\u00d4NG S\u1ed0 K\u1ef8 THU\u1eacT<\/strong><br \/>\nTh\u01b0\u01a1ng hi\u1ec7u: MTM<br \/>\nModel: BSP-22MM<br \/>\nKh\u1edbp n\u1ed1i nhanh bi.<br \/>\nRen trong: 22mm<br \/>\nRen ngo\u00e0i: 22mm<br \/>\nCh\u1ea5t li\u1ec7u: \u0110\u1ed3ng thau &#8211; Inox<br \/>\nB\u1ed9 g\u1ed3m: N\u1ed1i nhanh \u0111\u1ef1c v\u00e0 c\u00e1i.<br \/>\nK\u00edch th\u01b0\u1edbc:<br \/>\nKh\u1ed1i l\u01b0\u1ee3ng:<\/p>\n<p><strong><a href=\"https:\/\/maybommini.com\/wp-content\/uploads\/2023\/03\/khop-noi-ren-22mm-cao-cap.jpg\" target=\"_blank\" rel=\"noopener\"><img decoding=\"async\" class=\"size-full wp-image-273169 aligncenter\" src=\"https:\/\/maybommini.com\/wp-content\/uploads\/2023\/03\/khop-noi-ren-22mm-cao-cap.jpg\" alt=\"Khop Noi Ren 22mm Cao Cap\" width=\"750\" height=\"750\" srcset=\"https:\/\/maybommini.vn\/wp-content\/uploads\/2023\/03\/khop-noi-ren-22mm-cao-cap.jpg 750w, https:\/\/maybommini.vn\/wp-content\/uploads\/2023\/03\/khop-noi-ren-22mm-cao-cap-300x300.jpg 300w, https:\/\/maybommini.vn\/wp-content\/uploads\/2023\/03\/khop-noi-ren-22mm-cao-cap-150x150.jpg 150w, https:\/\/maybommini.vn\/wp-content\/uploads\/2023\/03\/khop-noi-ren-22mm-cao-cap-600x600.jpg 600w\" sizes=\"(max-width: 750px) 100vw, 750px\" \/><\/a><a href=\"https:\/\/maybommini.com\/wp-content\/uploads\/2023\/03\/khop-noi-ong-day-may-rua-xe-gia-dinh-tien-loi.jpg\" target=\"_blank\" rel=\"noopener\"><img decoding=\"async\" class=\"size-full wp-image-273175 aligncenter\" src=\"https:\/\/maybommini.com\/wp-content\/uploads\/2023\/03\/khop-noi-ong-day-may-rua-xe-gia-dinh-tien-loi.jpg\" alt=\"Khop Noi Ong Day May Rua Xe Gia Dinh Tien Loi\" width=\"750\" height=\"750\" srcset=\"https:\/\/maybommini.vn\/wp-content\/uploads\/2023\/03\/khop-noi-ong-day-may-rua-xe-gia-dinh-tien-loi.jpg 750w, https:\/\/maybommini.vn\/wp-content\/uploads\/2023\/03\/khop-noi-ong-day-may-rua-xe-gia-dinh-tien-loi-300x300.jpg 300w, https:\/\/maybommini.vn\/wp-content\/uploads\/2023\/03\/khop-noi-ong-day-may-rua-xe-gia-dinh-tien-loi-150x150.jpg 150w, https:\/\/maybommini.vn\/wp-content\/uploads\/2023\/03\/khop-noi-ong-day-may-rua-xe-gia-dinh-tien-loi-600x600.jpg 600w\" sizes=\"(max-width: 750px) 100vw, 750px\" \/><\/a><a href=\"https:\/\/maybommini.com\/wp-content\/uploads\/2023\/03\/noi-nhanh-ong-day-may-rua-xe-22mm.jpg\" target=\"_blank\" rel=\"noopener\"><img decoding=\"async\" class=\"size-full wp-image-273171 aligncenter\" src=\"https:\/\/maybommini.com\/wp-content\/uploads\/2023\/03\/noi-nhanh-ong-day-may-rua-xe-22mm.jpg\" alt=\"Noi Nhanh Ong Day May Rua Xe 22mm\" width=\"750\" height=\"750\" srcset=\"https:\/\/maybommini.vn\/wp-content\/uploads\/2023\/03\/noi-nhanh-ong-day-may-rua-xe-22mm.jpg 750w, https:\/\/maybommini.vn\/wp-content\/uploads\/2023\/03\/noi-nhanh-ong-day-may-rua-xe-22mm-300x300.jpg 300w, https:\/\/maybommini.vn\/wp-content\/uploads\/2023\/03\/noi-nhanh-ong-day-may-rua-xe-22mm-150x150.jpg 150w, https:\/\/maybommini.vn\/wp-content\/uploads\/2023\/03\/noi-nhanh-ong-day-may-rua-xe-22mm-600x600.jpg 600w\" sizes=\"(max-width: 750px) 100vw, 750px\" \/><\/a><a href=\"https:\/\/maybommini.com\/wp-content\/uploads\/2023\/03\/Bo-khop-noi-nhanh-ren-22mm.jpg\" target=\"_blank\" rel=\"noopener\"><img decoding=\"async\" class=\"size-full wp-image-273172 aligncenter\" src=\"https:\/\/maybommini.com\/wp-content\/uploads\/2023\/03\/Bo-khop-noi-nhanh-ren-22mm.jpg\" alt=\"Bo Khop Noi Nhanh Ren 22mm\" width=\"750\" height=\"750\" srcset=\"https:\/\/maybommini.vn\/wp-content\/uploads\/2023\/03\/Bo-khop-noi-nhanh-ren-22mm.jpg 750w, https:\/\/maybommini.vn\/wp-content\/uploads\/2023\/03\/Bo-khop-noi-nhanh-ren-22mm-300x300.jpg 300w, https:\/\/maybommini.vn\/wp-content\/uploads\/2023\/03\/Bo-khop-noi-nhanh-ren-22mm-150x150.jpg 150w, https:\/\/maybommini.vn\/wp-content\/uploads\/2023\/03\/Bo-khop-noi-nhanh-ren-22mm-600x600.jpg 600w\" sizes=\"(max-width: 750px) 100vw, 750px\" \/><\/a><a href=\"https:\/\/maybommini.com\/wp-content\/uploads\/2023\/03\/bo-khop-noi-ong-mya-rua-xe-ap-luc-cao-22mm.jpg\" target=\"_blank\" rel=\"noopener\"><img decoding=\"async\" class=\"size-full wp-image-273173 aligncenter\" src=\"https:\/\/maybommini.com\/wp-content\/uploads\/2023\/03\/bo-khop-noi-ong-mya-rua-xe-ap-luc-cao-22mm.jpg\" alt=\"Bo Khop Noi Ong Mya Rua Xe Ap Luc Cao 22mm\" width=\"750\" height=\"750\" srcset=\"https:\/\/maybommini.vn\/wp-content\/uploads\/2023\/03\/bo-khop-noi-ong-mya-rua-xe-ap-luc-cao-22mm.jpg 750w, https:\/\/maybommini.vn\/wp-content\/uploads\/2023\/03\/bo-khop-noi-ong-mya-rua-xe-ap-luc-cao-22mm-300x300.jpg 300w, https:\/\/maybommini.vn\/wp-content\/uploads\/2023\/03\/bo-khop-noi-ong-mya-rua-xe-ap-luc-cao-22mm-150x150.jpg 150w, https:\/\/maybommini.vn\/wp-content\/uploads\/2023\/03\/bo-khop-noi-ong-mya-rua-xe-ap-luc-cao-22mm-600x600.jpg 600w\" sizes=\"(max-width: 750px) 100vw, 750px\" \/><\/a>S\u1eec D\u1ee4NG B\u1ed8 KH\u1edaP N\u1ed0I NHANH<\/strong><br \/>\n&#8211; Kh\u1edbp n\u00f3i \u1ed1ng \u00e1p l\u1ef1c cho m\u00e1y r\u1eeda xe \u00e1p l\u1ef1c cao gia \u0111\u00ecnh v\u00e0 chuy\u00ean d\u1ee5ng.<br \/>\n&#8211; Kh\u1edbp n\u1ed1i \u1ed1ng d\u00e2y c\u1ea5p n\u01b0\u1edbc trong h\u1ec7 th\u1ed1ng.<br \/>\n&#8211; Kh\u1edbp n\u1ed1i \u1ed1ng d\u00e2y kh\u00ed n\u00e9n, h\u01a1i v\u00e0 h\u1ec7 th\u1ed1ng truy\u1ec1n d\u1eabn kh\u00e1c.<br \/>\n&#8211; B\u1ed9 n\u1ed1i nhanh \u1ed1ng n\u01b0\u1edbc \u00e1p l\u1ef1c cao.<br \/>\n&#8211; N\u1ed1i nhanh \u1ed1ng kh\u00ed n\u00e9n.<br \/>\n&#8211; Kh\u1edbp n\u1ed1i \u1ed1ng n\u01b0\u1edbc v\u00e0 kh\u00ed.<br \/>\n&#8211; \u0110\u1ea7u n\u1ed1i n\u1ed1i v\u00e0 v\u00f2i x\u1ecbt n\u01b0\u1edbc \u00e1p l\u1ef1c.<br \/>\n&#8211; B\u1ed9 \u0111\u1ea7u n\u1ed1i \u1ed1ng kh\u00ed n\u00e9n v\u00e0o v\u00f2i v\u00e0 m\u00e1y kh\u00ed n\u00e9n.<br \/>\n<strong><a href=\"https:\/\/maybommini.com\/wp-content\/uploads\/2023\/03\/KHOP-NOI-REN-22MM.jpg\" target=\"_blank\" rel=\"noopener\"><img decoding=\"async\" class=\"size-full wp-image-273176 aligncenter\" src=\"https:\/\/maybommini.com\/wp-content\/uploads\/2023\/03\/KHOP-NOI-REN-22MM.jpg\" alt=\"KHOP NOI REN 22MM\" width=\"750\" height=\"750\" srcset=\"https:\/\/maybommini.vn\/wp-content\/uploads\/2023\/03\/KHOP-NOI-REN-22MM.jpg 750w, https:\/\/maybommini.vn\/wp-content\/uploads\/2023\/03\/KHOP-NOI-REN-22MM-300x300.jpg 300w, https:\/\/maybommini.vn\/wp-content\/uploads\/2023\/03\/KHOP-NOI-REN-22MM-150x150.jpg 150w, https:\/\/maybommini.vn\/wp-content\/uploads\/2023\/03\/KHOP-NOI-REN-22MM-600x600.jpg 600w\" sizes=\"(max-width: 750px) 100vw, 750px\" \/><\/a><\/strong><\/p>\n<h4 style=\"text-align: center;\">B\u1ed9 kh\u1edbp nhanh n\u1ed1i \u1ed1ng ren 22mm<br \/>\nQuick Connector Air Fitting High Pressure Washer Hose Adaptor<\/h4>\n<p><strong><a href=\"https:\/\/maybommini.com\/wp-content\/uploads\/2023\/03\/dau-hoi-nhanh-ong-mau-rua-xe-22mm.jpg\" target=\"_blank\" rel=\"noopener\"><img decoding=\"async\" class=\"size-full wp-image-273174 aligncenter\" src=\"https:\/\/maybommini.com\/wp-content\/uploads\/2023\/03\/dau-hoi-nhanh-ong-mau-rua-xe-22mm.jpg\" alt=\"Dau Hoi Nhanh Ong Mau Rua Xe 22mm\" width=\"750\" height=\"750\" srcset=\"https:\/\/maybommini.vn\/wp-content\/uploads\/2023\/03\/dau-hoi-nhanh-ong-mau-rua-xe-22mm.jpg 750w, https:\/\/maybommini.vn\/wp-content\/uploads\/2023\/03\/dau-hoi-nhanh-ong-mau-rua-xe-22mm-300x300.jpg 300w, https:\/\/maybommini.vn\/wp-content\/uploads\/2023\/03\/dau-hoi-nhanh-ong-mau-rua-xe-22mm-150x150.jpg 150w, https:\/\/maybommini.vn\/wp-content\/uploads\/2023\/03\/dau-hoi-nhanh-ong-mau-rua-xe-22mm-600x600.jpg 600w\" sizes=\"(max-width: 750px) 100vw, 750px\" \/><\/a><\/strong><\/p>\n<p><strong>Chuy\u00ean cung c\u1ea5p v\u1eadt t\u01b0 thi\u1ebft b\u1ecb \u0111i\u1ec7n n\u01b0\u1edbc khi n\u00e9n, \u0111\u1ea7u n\u1ed1i \u1ed1ng, kh\u1edbp n\u1ed1i nhanh, van t\u1eeb, van bi, co n\u1ed1i, b\u00e9c phun, \u1ed1ng \u00e1p l\u1ef1c, \u1ed1ng n\u01b0\u1edbc, \u1ed1ng PVC, \u1ed1ng RO, PU v\u00e0 nhi\u1ec1u thi\u1ebft b\u1ecb kh\u00e1c.<br \/>\nCTY TNHH TH\u01af\u01a0NG M\u1ea0I D\u1ecaCH V\u1ee4 \u0110I\u1ec6N M\u00c1Y TH\u00d4NG MINH<\/strong><br \/>\n<strong>Hotline:<\/strong> <a href=\"tel:02873030399\">02873030399<\/a> \u2013 <a href=\"tel:0907294310\">0907294310<\/a> &#8211; <a href=\"tel:0908997823\">0908997823<\/a> &#8211; <a href=\"tel:0908997872\">0908997872<\/a><br \/>\n<strong>Email:<\/strong>\u00a0maybommini.com@gmail.com<br \/>\n<strong>Website:<\/strong>\u00a0https:\/\/maybommini.com<br \/>\n<strong>Youtube demo:<\/strong>\u00a0https:\/\/www.youtube.com\/bahamasali<\/p>\n<p><a class=\"swipebox\" title=\"\" href=\"https:\/\/maybommini.com\/wp-content\/uploads\/2022\/07\/thong-tin-lien-he-may-bom-mini.jpg\" data-rel=\"lightbox-image-bGlnaHRib3gtaW1hZ2UtMTE=\" data-rl_title=\"\" data-rl_caption=\"\" data-rl_ target=\"_blank\" rel=\"noopener\"><img decoding=\"async\" class=\"size-full wp-image-270584 aligncenter lazyloaded\" src=\"https:\/\/maybommini.com\/wp-content\/uploads\/2022\/07\/thong-tin-lien-he-may-bom-mini.jpg\" sizes=\"(max-width: 750px) 100vw, 750px\" srcset=\"https:\/\/maybommini.com\/wp-content\/uploads\/2022\/07\/thong-tin-lien-he-may-bom-mini.jpg 750w, https:\/\/maybommini.com\/wp-content\/uploads\/2022\/07\/thong-tin-lien-he-may-bom-mini-300x202.jpg 300w, https:\/\/maybommini.com\/wp-content\/uploads\/2022\/07\/thong-tin-lien-he-may-bom-mini-600x405.jpg 600w\" alt=\"Thong Tin Lien He May Bom Mini\" width=\"750\" height=\"506\" data-lazy-srcset=\"https:\/\/maybommini.com\/wp-content\/uploads\/2022\/07\/thong-tin-lien-he-may-bom-mini.jpg 750w, https:\/\/maybommini.com\/wp-content\/uploads\/2022\/07\/thong-tin-lien-he-may-bom-mini-300x202.jpg 300w, https:\/\/maybommini.com\/wp-content\/uploads\/2022\/07\/thong-tin-lien-he-may-bom-mini-600x405.jpg 600w\" data-lazy-sizes=\"(max-width: 750px) 100vw, 750px\" data-lazy-src=\"https:\/\/maybommini.com\/wp-content\/uploads\/2022\/07\/thong-tin-lien-he-may-bom-mini.jpg\" data-was-processed=\"true\" \/><\/a><\/p>\n","protected":false},"excerpt":{"rendered":"<p>Th\u01b0\u01a1ng hi\u1ec7u: MTM<br \/>\nModel: BSP-22MM<br \/>\nKh\u1edbp n\u1ed1i nhanh bi.<br \/>\nRen trong: 22mm<br \/>\nRen ngo\u00e0i: 22mm<br \/>\nCh\u1ea5t li\u1ec7u: \u0110\u1ed3ng thau &#8211; Inox<br \/>\nB\u1ed9 g\u1ed3m: N\u1ed1i nhanh \u0111\u1ef1c v\u00e0 c\u00e1i.<br \/>\nK\u00edch th\u01b0\u1edbc:<br \/>\nKh\u1ed1i l\u01b0\u1ee3ng:<\/p>\n","protected":false},"featured_media":273170,"comment_status":"open","ping_status":"closed","template":"","meta":[],"product_brand":[],"product_cat":[215,214],"product_tag":[4093,1214,1215,4092,4095,4091,4094,518],"class_list":{"0":"post-273140","1":"product","2":"type-product","3":"status-publish","4":"has-post-thumbnail","6":"product_cat-phu-kien-xit-rua-ap-luc","7":"product_cat-phu-kien-bom-nuoc","8":"product_tag-13mm","9":"product_tag-17mm","10":"product_tag-21mm","11":"product_tag-22mm","12":"product_tag-bo-noi-ong","13":"product_tag-khop-noi","14":"product_tag-khop-noi-ong-rua-xe","15":"product_tag-noi-nhanh","17":"first","18":"instock","19":"shipping-taxable","20":"purchasable","21":"product-type-simple"},"_links":{"self":[{"href":"https:\/\/maybommini.vn\/index.php?rest_route=\/wp\/v2\/product\/273140","targetHints":{"allow":["GET"]}}],"collection":[{"href":"https:\/\/maybommini.vn\/index.php?rest_route=\/wp\/v2\/product"}],"about":[{"href":"https:\/\/maybommini.vn\/index.php?rest_route=\/wp\/v2\/types\/product"}],"replies":[{"embeddable":true,"href":"https:\/\/maybommini.vn\/index.php?rest_route=%2Fwp%2Fv2%2Fcomments&post=273140"}],"wp:featuredmedia":[{"embeddable":true,"href":"https:\/\/maybommini.vn\/index.php?rest_route=\/wp\/v2\/media\/273170"}],"wp:attachment":[{"href":"https:\/\/maybommini.vn\/index.php?rest_route=%2Fwp%2Fv2%2Fmedia&parent=273140"}],"wp:term":[{"taxonomy":"product_brand","embeddable":true,"href":"https:\/\/maybommini.vn\/index.php?rest_route=%2Fwp%2Fv2%2Fproduct_brand&post=273140"},{"taxonomy":"product_cat","embeddable":true,"href":"https:\/\/maybommini.vn\/index.php?rest_route=%2Fwp%2Fv2%2Fproduct_cat&post=273140"},{"taxonomy":"product_tag","embeddable":true,"href":"https:\/\/maybommini.vn\/index.php?rest_route=%2Fwp%2Fv2%2Fproduct_tag&post=273140"}],"curies":[{"name":"wp","href":"https:\/\/api.w.org\/{rel}","templated":true}]}}