{"id":273177,"date":"2023-03-29T22:12:24","date_gmt":"2023-03-29T15:12:24","guid":{"rendered":"https:\/\/maybommini.com\/?post_type=product&#038;p=273177"},"modified":"2023-03-29T22:34:32","modified_gmt":"2023-03-29T15:34:32","slug":"bo-khop-noi-nhanh-ong-ren-13mm","status":"publish","type":"product","link":"https:\/\/maybommini.vn\/?product=bo-khop-noi-nhanh-ong-ren-13mm","title":{"rendered":"B\u1ed9 kh\u1edbp n\u1ed1i nhanh \u1ed1ng ren 13mm"},"content":{"rendered":"<h4>B\u1ed9 kh\u1edbp n\u1ed1i nhanh \u1ed1ng ren 13mm s\u1eed d\u1ee5ng cho h\u1ec7 th\u00f4ng c\u1ea5p n\u01b0\u1edbc, m\u00e1y r\u1eeda xe gia \u0111\u00ecnh \u00e1p l\u1ef1c cao v\u00e0 \u1ed1ng phun thu\u1ed1c tr\u1eeb s\u00e2u. \u0110\u01b0\u1ee3c thi\u1ebft k\u1ebf v\u1edbi c\u00f4ng ngh\u1ec7 kh\u1edbp n\u1ed1i bi ch\u1ecbu l\u1ef1c, ch\u1ed1ng r\u00f2 r\u1ec9 n\u01b0\u1edbc khi c\u00f3 \u00e1p l\u1ef1c c\u00e0ng l\u1edbn. S\u1eed d\u1ee5ng \u0111\u01a1n gi\u1ea3n ti\u1ec7n l\u1ee3i \u0111\u1ec3 n\u1ed1i nhanh \u1ed1ng d\u00e2y v\u00e0o h\u1ec7 th\u1ed1ng c\u1ea5p n\u01b0\u1edbc, m\u00e1y b\u01a1m v\u00f2i x\u1ecbt&#8230;<\/h4>\n<p><strong><a href=\"https:\/\/maybommini.com\/wp-content\/uploads\/2023\/03\/noi-nhanh-gia-re-13mm.jpg\" target=\"_blank\" rel=\"noopener\"><img decoding=\"async\" class=\"size-full wp-image-273192 aligncenter\" src=\"https:\/\/maybommini.com\/wp-content\/uploads\/2023\/03\/noi-nhanh-gia-re-13mm.jpg\" alt=\"Noi Nhanh Gia Re 13mm\" width=\"750\" height=\"750\" srcset=\"https:\/\/maybommini.vn\/wp-content\/uploads\/2023\/03\/noi-nhanh-gia-re-13mm.jpg 750w, https:\/\/maybommini.vn\/wp-content\/uploads\/2023\/03\/noi-nhanh-gia-re-13mm-300x300.jpg 300w, https:\/\/maybommini.vn\/wp-content\/uploads\/2023\/03\/noi-nhanh-gia-re-13mm-150x150.jpg 150w, https:\/\/maybommini.vn\/wp-content\/uploads\/2023\/03\/noi-nhanh-gia-re-13mm-600x600.jpg 600w\" sizes=\"(max-width: 750px) 100vw, 750px\" \/><\/a>TH\u00d4NG S\u1ed0 K\u1ef8 THU\u1eacT<\/strong><br \/>\nTh\u01b0\u01a1ng hi\u1ec7u: MTM<br \/>\nModel: BSP-13MM<br \/>\nKh\u1edbp n\u1ed1i nhanh bi.<br \/>\n\u0110u\u00f4i c\u00e1i ren trong: 13 mm<br \/>\n\u0110u\u00f4i \u0111\u1ef1c ren trong: 13 mm<br \/>\nCh\u1ea5t li\u1ec7u: \u0110\u1ed3ng thau &#8211; Inox<br \/>\nB\u1ed9 g\u1ed3m: N\u1ed1i nhanh \u0111\u1ef1c v\u00e0 c\u00e1i.<br \/>\nK\u00edch th\u01b0\u1edbc:<br \/>\nTr\u1ecdng l\u01b0\u1ee3ng: 76 gam<\/p>\n<p><strong><a href=\"https:\/\/maybommini.com\/wp-content\/uploads\/2023\/03\/noi-nhanh-khop-bi-13mm.jpg\" target=\"_blank\" rel=\"noopener\"><img decoding=\"async\" class=\"size-full wp-image-273193 aligncenter\" src=\"https:\/\/maybommini.com\/wp-content\/uploads\/2023\/03\/noi-nhanh-khop-bi-13mm.jpg\" alt=\"Noi Nhanh Khop Bi 13mm\" width=\"750\" height=\"750\" srcset=\"https:\/\/maybommini.vn\/wp-content\/uploads\/2023\/03\/noi-nhanh-khop-bi-13mm.jpg 750w, https:\/\/maybommini.vn\/wp-content\/uploads\/2023\/03\/noi-nhanh-khop-bi-13mm-300x300.jpg 300w, https:\/\/maybommini.vn\/wp-content\/uploads\/2023\/03\/noi-nhanh-khop-bi-13mm-150x150.jpg 150w, https:\/\/maybommini.vn\/wp-content\/uploads\/2023\/03\/noi-nhanh-khop-bi-13mm-600x600.jpg 600w\" sizes=\"(max-width: 750px) 100vw, 750px\" \/><\/a><a href=\"https:\/\/maybommini.com\/wp-content\/uploads\/2023\/03\/khop-noi-nhanh-13mm-gia-re.jpg\" target=\"_blank\" rel=\"noopener\"><img decoding=\"async\" class=\"size-full wp-image-273190 aligncenter\" src=\"https:\/\/maybommini.com\/wp-content\/uploads\/2023\/03\/khop-noi-nhanh-13mm-gia-re.jpg\" alt=\"Khop Noi Nhanh 13mm Gia Re\" width=\"750\" height=\"750\" srcset=\"https:\/\/maybommini.vn\/wp-content\/uploads\/2023\/03\/khop-noi-nhanh-13mm-gia-re.jpg 750w, https:\/\/maybommini.vn\/wp-content\/uploads\/2023\/03\/khop-noi-nhanh-13mm-gia-re-300x300.jpg 300w, https:\/\/maybommini.vn\/wp-content\/uploads\/2023\/03\/khop-noi-nhanh-13mm-gia-re-150x150.jpg 150w, https:\/\/maybommini.vn\/wp-content\/uploads\/2023\/03\/khop-noi-nhanh-13mm-gia-re-600x600.jpg 600w\" sizes=\"(max-width: 750px) 100vw, 750px\" \/><\/a><a href=\"https:\/\/maybommini.com\/wp-content\/uploads\/2023\/03\/Bo-khop-noi-nhanh-ren-13mm.jpg\" target=\"_blank\" rel=\"noopener\"><img decoding=\"async\" class=\"size-full wp-image-273189 aligncenter\" src=\"https:\/\/maybommini.com\/wp-content\/uploads\/2023\/03\/Bo-khop-noi-nhanh-ren-13mm.jpg\" alt=\"Bo Khop Noi Nhanh Ren 13mm\" width=\"750\" height=\"750\" srcset=\"https:\/\/maybommini.vn\/wp-content\/uploads\/2023\/03\/Bo-khop-noi-nhanh-ren-13mm.jpg 750w, https:\/\/maybommini.vn\/wp-content\/uploads\/2023\/03\/Bo-khop-noi-nhanh-ren-13mm-300x300.jpg 300w, https:\/\/maybommini.vn\/wp-content\/uploads\/2023\/03\/Bo-khop-noi-nhanh-ren-13mm-150x150.jpg 150w, https:\/\/maybommini.vn\/wp-content\/uploads\/2023\/03\/Bo-khop-noi-nhanh-ren-13mm-600x600.jpg 600w\" sizes=\"(max-width: 750px) 100vw, 750px\" \/><\/a><a href=\"https:\/\/maybommini.com\/wp-content\/uploads\/2023\/03\/ren-13mm-khop-noi-nhanh.jpg\" target=\"_blank\" rel=\"noopener\"><img decoding=\"async\" class=\"size-full wp-image-273188 aligncenter\" src=\"https:\/\/maybommini.com\/wp-content\/uploads\/2023\/03\/ren-13mm-khop-noi-nhanh.jpg\" alt=\"Ren 13mm Khop Noi Nhanh\" width=\"750\" height=\"750\" srcset=\"https:\/\/maybommini.vn\/wp-content\/uploads\/2023\/03\/ren-13mm-khop-noi-nhanh.jpg 750w, https:\/\/maybommini.vn\/wp-content\/uploads\/2023\/03\/ren-13mm-khop-noi-nhanh-300x300.jpg 300w, https:\/\/maybommini.vn\/wp-content\/uploads\/2023\/03\/ren-13mm-khop-noi-nhanh-150x150.jpg 150w, https:\/\/maybommini.vn\/wp-content\/uploads\/2023\/03\/ren-13mm-khop-noi-nhanh-600x600.jpg 600w\" sizes=\"(max-width: 750px) 100vw, 750px\" \/><\/a>S\u1eec D\u1ee4NG B\u1ed8 KH\u1edaP N\u1ed0I NHANH<br \/>\n<\/strong>&#8211; Kh\u1edbp n\u1ed1i \u1ed1ng 13mm h\u1ec7 th\u1ed1ng c\u1ea5p n\u01b0\u1edbc.<br \/>\n&#8211; \u0110\u1ea7u n\u1ed1i nhanh \u1ed1ng n\u01b0\u1edbc ren 13mm v\u00e0o m\u00e1y b\u01a1m.<br \/>\n&#8211; N\u1ed1i nhanh \u1ed1ng n\u01b0\u1edbc v\u00e0 v\u00f2i Rumine.<br \/>\n&#8211; N\u1ed1i nhanh v\u00f2i n\u01b0\u1edbc v\u00e0 b\u00e9c x\u1ecbt v\u00e0o \u1ed1ng.<br \/>\n&#8211; Kh\u1edbp n\u00f3i \u1ed1ng \u00e1p l\u1ef1c cho m\u00e1y r\u1eeda xe \u00e1p l\u1ef1c cao gia \u0111\u00ecnh v\u00e0 chuy\u00ean d\u1ee5ng.<br \/>\n&#8211; Kh\u1edbp n\u1ed1i \u1ed1ng d\u00e2y c\u1ea5p n\u01b0\u1edbc trong h\u1ec7 th\u1ed1ng.<br \/>\n&#8211; Kh\u1edbp n\u1ed1i \u1ed1ng d\u00e2y kh\u00ed n\u00e9n, h\u01a1i v\u00e0 h\u1ec7 th\u1ed1ng truy\u1ec1n d\u1eabn kh\u00e1c.<br \/>\n&#8211; B\u1ed9 n\u1ed1i nhanh \u1ed1ng n\u01b0\u1edbc \u00e1p l\u1ef1c cao.<br \/>\n&#8211; Kh\u1edbp n\u1ed1i \u1ed1ng n\u01b0\u1edbc, ch\u1ea5t l\u1ecfng<br \/>\n&#8211; \u0110\u1ea7u n\u1ed1i v\u00e0 v\u00f2i x\u1ecbt n\u01b0\u1edbc \u00e1p l\u1ef1c.<\/p>\n<p><strong><a href=\"https:\/\/maybommini.com\/wp-content\/uploads\/2023\/03\/khop-noi-nhanh-dong-thau-13mm.jpg\" target=\"_blank\" rel=\"noopener\"><img decoding=\"async\" class=\"size-full wp-image-273191 aligncenter\" src=\"https:\/\/maybommini.com\/wp-content\/uploads\/2023\/03\/khop-noi-nhanh-dong-thau-13mm.jpg\" alt=\"Khop Noi Nhanh Dong Thau 13mm\" width=\"750\" height=\"750\" srcset=\"https:\/\/maybommini.vn\/wp-content\/uploads\/2023\/03\/khop-noi-nhanh-dong-thau-13mm.jpg 750w, https:\/\/maybommini.vn\/wp-content\/uploads\/2023\/03\/khop-noi-nhanh-dong-thau-13mm-300x300.jpg 300w, https:\/\/maybommini.vn\/wp-content\/uploads\/2023\/03\/khop-noi-nhanh-dong-thau-13mm-150x150.jpg 150w, https:\/\/maybommini.vn\/wp-content\/uploads\/2023\/03\/khop-noi-nhanh-dong-thau-13mm-600x600.jpg 600w\" sizes=\"(max-width: 750px) 100vw, 750px\" \/><\/a><\/strong><\/p>\n<h4 style=\"text-align: center;\">B\u1ed9 kh\u1edbp nhanh n\u1ed1i \u1ed1ng ren 13mm<br \/>\nQuick Connector Air Fitting High Pressure Washer Hose Adaptor<\/h4>\n<p><strong><a href=\"https:\/\/maybommini.com\/wp-content\/uploads\/2023\/03\/noi-nhanh-ren-13mm.jpg\" target=\"_blank\" rel=\"noopener\"><img decoding=\"async\" class=\"size-full wp-image-273187 aligncenter\" src=\"https:\/\/maybommini.com\/wp-content\/uploads\/2023\/03\/noi-nhanh-ren-13mm.jpg\" alt=\"Noi Nhanh Ren 13mm\" width=\"750\" height=\"750\" srcset=\"https:\/\/maybommini.vn\/wp-content\/uploads\/2023\/03\/noi-nhanh-ren-13mm.jpg 750w, https:\/\/maybommini.vn\/wp-content\/uploads\/2023\/03\/noi-nhanh-ren-13mm-300x300.jpg 300w, https:\/\/maybommini.vn\/wp-content\/uploads\/2023\/03\/noi-nhanh-ren-13mm-150x150.jpg 150w, https:\/\/maybommini.vn\/wp-content\/uploads\/2023\/03\/noi-nhanh-ren-13mm-600x600.jpg 600w\" sizes=\"(max-width: 750px) 100vw, 750px\" \/><\/a><\/strong><\/p>\n<p><strong>Chuy\u00ean cung c\u1ea5p v\u1eadt t\u01b0 thi\u1ebft b\u1ecb \u0111i\u1ec7n n\u01b0\u1edbc khi n\u00e9n, \u0111\u1ea7u n\u1ed1i \u1ed1ng, kh\u1edbp n\u1ed1i nhanh, van t\u1eeb, van bi, co n\u1ed1i, b\u00e9c phun, \u1ed1ng \u00e1p l\u1ef1c, \u1ed1ng n\u01b0\u1edbc, \u1ed1ng PVC, \u1ed1ng RO, PU v\u00e0 nhi\u1ec1u thi\u1ebft b\u1ecb kh\u00e1c.<br \/>\nCTY TNHH TH\u01af\u01a0NG M\u1ea0I D\u1ecaCH V\u1ee4 \u0110I\u1ec6N M\u00c1Y TH\u00d4NG MINH<\/strong><br \/>\n<strong>Hotline:<\/strong> <a href=\"tel:02873030399\">02873030399<\/a> \u2013 <a href=\"tel:0907294310\">0907294310<\/a> &#8211; <a href=\"tel:0908997823\">0908997823<\/a> &#8211; <a href=\"tel:0908997872\">0908997872<\/a><br \/>\n<strong>Email:<\/strong>\u00a0maybommini.com@gmail.com<br \/>\n<strong>Website:<\/strong>\u00a0https:\/\/maybommini.com<br \/>\n<strong>Youtube demo:<\/strong>\u00a0https:\/\/www.youtube.com\/bahamasali<\/p>\n<p><a class=\"swipebox\" title=\"\" href=\"https:\/\/maybommini.com\/wp-content\/uploads\/2022\/07\/thong-tin-lien-he-may-bom-mini.jpg\" data-rel=\"lightbox-image-bGlnaHRib3gtaW1hZ2UtMTE=\" data-rl_title=\"\" data-rl_caption=\"\" data-rl_ target=\"_blank\" rel=\"noopener\"><img decoding=\"async\" class=\"size-full wp-image-270584 aligncenter lazyloaded\" src=\"https:\/\/maybommini.com\/wp-content\/uploads\/2022\/07\/thong-tin-lien-he-may-bom-mini.jpg\" sizes=\"(max-width: 750px) 100vw, 750px\" srcset=\"https:\/\/maybommini.com\/wp-content\/uploads\/2022\/07\/thong-tin-lien-he-may-bom-mini.jpg 750w, https:\/\/maybommini.com\/wp-content\/uploads\/2022\/07\/thong-tin-lien-he-may-bom-mini-300x202.jpg 300w, https:\/\/maybommini.com\/wp-content\/uploads\/2022\/07\/thong-tin-lien-he-may-bom-mini-600x405.jpg 600w\" alt=\"Thong Tin Lien He May Bom Mini\" width=\"750\" height=\"506\" data-lazy-srcset=\"https:\/\/maybommini.com\/wp-content\/uploads\/2022\/07\/thong-tin-lien-he-may-bom-mini.jpg 750w, https:\/\/maybommini.com\/wp-content\/uploads\/2022\/07\/thong-tin-lien-he-may-bom-mini-300x202.jpg 300w, https:\/\/maybommini.com\/wp-content\/uploads\/2022\/07\/thong-tin-lien-he-may-bom-mini-600x405.jpg 600w\" data-lazy-sizes=\"(max-width: 750px) 100vw, 750px\" data-lazy-src=\"https:\/\/maybommini.com\/wp-content\/uploads\/2022\/07\/thong-tin-lien-he-may-bom-mini.jpg\" data-was-processed=\"true\" \/><\/a><\/p>\n","protected":false},"excerpt":{"rendered":"<p>Th\u01b0\u01a1ng hi\u1ec7u: MTM<br \/>\nModel: BSP-13MM<br \/>\nKh\u1edbp n\u1ed1i nhanh bi.<br \/>\n\u0110u\u00f4i c\u00e1i ren trong: 13 mm<br \/>\n\u0110u\u00f4i \u0111\u1ef1c ren trong: 13 mm<br \/>\nCh\u1ea5t li\u1ec7u: \u0110\u1ed3ng thau &#8211; Inox<br \/>\nB\u1ed9 g\u1ed3m: N\u1ed1i nhanh \u0111\u1ef1c v\u00e0 c\u00e1i.<br \/>\nK\u00edch th\u01b0\u1edbc:<br \/>\nTr\u1ecdng l\u01b0\u1ee3ng: 76 gam<\/p>\n","protected":false},"featured_media":273192,"comment_status":"open","ping_status":"closed","template":"","meta":[],"product_brand":[],"product_cat":[215,214],"product_tag":[4096,4093,1214,1215,4092,4098,4095,4091,4094,4097,518,663],"class_list":{"0":"post-273177","1":"product","2":"type-product","3":"status-publish","4":"has-post-thumbnail","6":"product_cat-phu-kien-xit-rua-ap-luc","7":"product_cat-phu-kien-bom-nuoc","8":"product_tag-13-8mm","9":"product_tag-13mm","10":"product_tag-17mm","11":"product_tag-21mm","12":"product_tag-22mm","13":"product_tag-bo-khop-noi-nhanh","14":"product_tag-bo-noi-ong","15":"product_tag-khop-noi","16":"product_tag-khop-noi-ong-rua-xe","17":"product_tag-noi-day","18":"product_tag-noi-nhanh","19":"product_tag-noi-ong","21":"first","22":"instock","23":"shipping-taxable","24":"purchasable","25":"product-type-simple"},"_links":{"self":[{"href":"https:\/\/maybommini.vn\/index.php?rest_route=\/wp\/v2\/product\/273177","targetHints":{"allow":["GET"]}}],"collection":[{"href":"https:\/\/maybommini.vn\/index.php?rest_route=\/wp\/v2\/product"}],"about":[{"href":"https:\/\/maybommini.vn\/index.php?rest_route=\/wp\/v2\/types\/product"}],"replies":[{"embeddable":true,"href":"https:\/\/maybommini.vn\/index.php?rest_route=%2Fwp%2Fv2%2Fcomments&post=273177"}],"wp:featuredmedia":[{"embeddable":true,"href":"https:\/\/maybommini.vn\/index.php?rest_route=\/wp\/v2\/media\/273192"}],"wp:attachment":[{"href":"https:\/\/maybommini.vn\/index.php?rest_route=%2Fwp%2Fv2%2Fmedia&parent=273177"}],"wp:term":[{"taxonomy":"product_brand","embeddable":true,"href":"https:\/\/maybommini.vn\/index.php?rest_route=%2Fwp%2Fv2%2Fproduct_brand&post=273177"},{"taxonomy":"product_cat","embeddable":true,"href":"https:\/\/maybommini.vn\/index.php?rest_route=%2Fwp%2Fv2%2Fproduct_cat&post=273177"},{"taxonomy":"product_tag","embeddable":true,"href":"https:\/\/maybommini.vn\/index.php?rest_route=%2Fwp%2Fv2%2Fproduct_tag&post=273177"}],"curies":[{"name":"wp","href":"https:\/\/api.w.org\/{rel}","templated":true}]}}