{"id":273245,"date":"2023-03-31T15:47:47","date_gmt":"2023-03-31T08:47:47","guid":{"rendered":"https:\/\/maybommini.com\/?post_type=product&#038;p=273245"},"modified":"2023-03-31T16:17:50","modified_gmt":"2023-03-31T09:17:50","slug":"noi-ren-ngoai-17mm-22mm-dong","status":"publish","type":"product","link":"https:\/\/maybommini.vn\/?product=noi-ren-ngoai-17mm-22mm-dong","title":{"rendered":"N\u1ed1i ren ngo\u00e0i 17mm 22mm \u0111\u1ed3ng"},"content":{"rendered":"<h4>N\u1ed1i ren ngo\u00e0i 17mm 22mm \u0111\u1ed3ng s\u1eed d\u1ee5ng cho h\u1ec7 th\u00f4ng c\u1ea5p n\u01b0\u1edbc, m\u00e1y r\u1eeda xe gia \u0111\u00ecnh, \u1ed1ng n\u1ed1i m\u00e1y b\u01a1m, b\u00e9c phun x\u1ecbt \u00e1p l\u1ef1c cao, h\u1ec7 th\u1ed1ng \u1ed1ng h\u01a1i v\u00e0 \u1ed1ng gas. \u0110\u01b0\u1ee3c thi\u1ebft k\u1ebf v\u1edbi chi\u1ec1u d\u00e0i v\u00e0 ren ti\u00eau chu\u1ea9n ch\u1ea5t li\u1ec7u h\u1ee3p kim \u0111\u1ed3ng.<\/h4>\n<p><strong><a href=\"https:\/\/maybommini.com\/wp-content\/uploads\/2023\/03\/noi-ren-22m-ra-17mm.jpg\" target=\"_blank\" rel=\"noopener\"><img decoding=\"async\" class=\"size-full wp-image-273248 aligncenter\" src=\"https:\/\/maybommini.com\/wp-content\/uploads\/2023\/03\/noi-ren-22m-ra-17mm.jpg\" alt=\"Noi Ren 22m Ra 17mm\" width=\"750\" height=\"750\" srcset=\"https:\/\/maybommini.vn\/wp-content\/uploads\/2023\/03\/noi-ren-22m-ra-17mm.jpg 750w, https:\/\/maybommini.vn\/wp-content\/uploads\/2023\/03\/noi-ren-22m-ra-17mm-300x300.jpg 300w, https:\/\/maybommini.vn\/wp-content\/uploads\/2023\/03\/noi-ren-22m-ra-17mm-150x150.jpg 150w, https:\/\/maybommini.vn\/wp-content\/uploads\/2023\/03\/noi-ren-22m-ra-17mm-600x600.jpg 600w\" sizes=\"(max-width: 750px) 100vw, 750px\" \/><\/a>TH\u00d4NG S\u1ed0 K\u1ef8 THU\u1eacT<\/strong><br \/>\nTh\u01b0\u01a1ng hi\u1ec7u: MTM<br \/>\nModel: SM-N-1722<br \/>\nRen n\u1ed1i ngo\u00e0i: 17 &#8211; 22 mm<br \/>\nCh\u1ea5t li\u1ec7u: H\u1ee3p kim \u0111\u1ed3ng<br \/>\nS\u1ea3n ph\u1ea9m ch\u00ednh h\u00e3ng.<br \/>\nK\u00edch th\u01b0\u1edbc: 30 x 24 mm<br \/>\nTr\u1ecdng l\u01b0\u1ee3ng: 42 gam<\/p>\n<p><strong><a href=\"https:\/\/maybommini.com\/wp-content\/uploads\/2023\/03\/noi-ong-ren-ngoai-17-22-mm-gia-re.jpg\" target=\"_blank\" rel=\"noopener\"><img decoding=\"async\" class=\"size-full wp-image-273246 aligncenter\" src=\"https:\/\/maybommini.com\/wp-content\/uploads\/2023\/03\/noi-ong-ren-ngoai-17-22-mm-gia-re.jpg\" alt=\"Noi Ong Ren Ngoai 17 22 Mm Gia Re\" width=\"750\" height=\"750\" srcset=\"https:\/\/maybommini.vn\/wp-content\/uploads\/2023\/03\/noi-ong-ren-ngoai-17-22-mm-gia-re.jpg 750w, https:\/\/maybommini.vn\/wp-content\/uploads\/2023\/03\/noi-ong-ren-ngoai-17-22-mm-gia-re-300x300.jpg 300w, https:\/\/maybommini.vn\/wp-content\/uploads\/2023\/03\/noi-ong-ren-ngoai-17-22-mm-gia-re-150x150.jpg 150w, https:\/\/maybommini.vn\/wp-content\/uploads\/2023\/03\/noi-ong-ren-ngoai-17-22-mm-gia-re-600x600.jpg 600w\" sizes=\"(max-width: 750px) 100vw, 750px\" \/><\/a><a href=\"https:\/\/maybommini.com\/wp-content\/uploads\/2023\/03\/Noi-ren-ngoai-17mm-22mm-dong.jpg\" target=\"_blank\" rel=\"noopener\"><img decoding=\"async\" class=\"size-full wp-image-273249 aligncenter\" src=\"https:\/\/maybommini.com\/wp-content\/uploads\/2023\/03\/Noi-ren-ngoai-17mm-22mm-dong.jpg\" alt=\"Noi Ren Ngoai 17mm 22mm Dong\" width=\"750\" height=\"750\" srcset=\"https:\/\/maybommini.vn\/wp-content\/uploads\/2023\/03\/Noi-ren-ngoai-17mm-22mm-dong.jpg 750w, https:\/\/maybommini.vn\/wp-content\/uploads\/2023\/03\/Noi-ren-ngoai-17mm-22mm-dong-300x300.jpg 300w, https:\/\/maybommini.vn\/wp-content\/uploads\/2023\/03\/Noi-ren-ngoai-17mm-22mm-dong-150x150.jpg 150w, https:\/\/maybommini.vn\/wp-content\/uploads\/2023\/03\/Noi-ren-ngoai-17mm-22mm-dong-600x600.jpg 600w\" sizes=\"(max-width: 750px) 100vw, 750px\" \/><\/a><a href=\"https:\/\/maybommini.com\/wp-content\/uploads\/2023\/03\/noi-ong-ren-ngoai-17mm-22mm-kich-thuoc.jpg\" target=\"_blank\" rel=\"noopener\"><img decoding=\"async\" class=\"size-full wp-image-273247 aligncenter\" src=\"https:\/\/maybommini.com\/wp-content\/uploads\/2023\/03\/noi-ong-ren-ngoai-17mm-22mm-kich-thuoc.jpg\" alt=\"Noi Ong Ren Ngoai 17mm 22mm Kich Thuoc\" width=\"750\" height=\"750\" srcset=\"https:\/\/maybommini.vn\/wp-content\/uploads\/2023\/03\/noi-ong-ren-ngoai-17mm-22mm-kich-thuoc.jpg 750w, https:\/\/maybommini.vn\/wp-content\/uploads\/2023\/03\/noi-ong-ren-ngoai-17mm-22mm-kich-thuoc-300x300.jpg 300w, https:\/\/maybommini.vn\/wp-content\/uploads\/2023\/03\/noi-ong-ren-ngoai-17mm-22mm-kich-thuoc-150x150.jpg 150w, https:\/\/maybommini.vn\/wp-content\/uploads\/2023\/03\/noi-ong-ren-ngoai-17mm-22mm-kich-thuoc-600x600.jpg 600w\" sizes=\"(max-width: 750px) 100vw, 750px\" \/><\/a><a href=\"https:\/\/maybommini.com\/wp-content\/uploads\/2023\/03\/noi-dong-thau-ren-ngoai-17mm-22mm-trong-luong.jpg\" target=\"_blank\" rel=\"noopener\"><img decoding=\"async\" class=\"size-full wp-image-273251 aligncenter\" src=\"https:\/\/maybommini.com\/wp-content\/uploads\/2023\/03\/noi-dong-thau-ren-ngoai-17mm-22mm-trong-luong.jpg\" alt=\"Noi Dong Thau Ren Ngoai 17mm 22mm Trong Luong\" width=\"750\" height=\"750\" srcset=\"https:\/\/maybommini.vn\/wp-content\/uploads\/2023\/03\/noi-dong-thau-ren-ngoai-17mm-22mm-trong-luong.jpg 750w, https:\/\/maybommini.vn\/wp-content\/uploads\/2023\/03\/noi-dong-thau-ren-ngoai-17mm-22mm-trong-luong-300x300.jpg 300w, https:\/\/maybommini.vn\/wp-content\/uploads\/2023\/03\/noi-dong-thau-ren-ngoai-17mm-22mm-trong-luong-150x150.jpg 150w, https:\/\/maybommini.vn\/wp-content\/uploads\/2023\/03\/noi-dong-thau-ren-ngoai-17mm-22mm-trong-luong-600x600.jpg 600w\" sizes=\"(max-width: 750px) 100vw, 750px\" \/><\/a><a href=\"https:\/\/maybommini.com\/wp-content\/uploads\/2023\/03\/noi-so-mi-ren-ngoai-17-22-mm.jpg\" target=\"_blank\" rel=\"noopener\"><img decoding=\"async\" class=\"size-full wp-image-273250 aligncenter\" src=\"https:\/\/maybommini.com\/wp-content\/uploads\/2023\/03\/noi-so-mi-ren-ngoai-17-22-mm.jpg\" alt=\"Noi So Mi Ren Ngoai 17 22 Mm\" width=\"750\" height=\"750\" srcset=\"https:\/\/maybommini.vn\/wp-content\/uploads\/2023\/03\/noi-so-mi-ren-ngoai-17-22-mm.jpg 750w, https:\/\/maybommini.vn\/wp-content\/uploads\/2023\/03\/noi-so-mi-ren-ngoai-17-22-mm-300x300.jpg 300w, https:\/\/maybommini.vn\/wp-content\/uploads\/2023\/03\/noi-so-mi-ren-ngoai-17-22-mm-150x150.jpg 150w, https:\/\/maybommini.vn\/wp-content\/uploads\/2023\/03\/noi-so-mi-ren-ngoai-17-22-mm-600x600.jpg 600w\" sizes=\"(max-width: 750px) 100vw, 750px\" \/><\/a>S\u1eec D\u1ee4NG N\u1ed0I REN 17MM &#8211; 22MM<br \/>\n<\/strong>&#8211; N\u1ed1i chuy\u1ec3n \u0111\u1ed5i ren \u1ed1ng m\u00e1y r\u1eeda xe \u00e1p l\u1ef1c cao.<strong><br \/>\n<\/strong>&#8211; N\u1ed1i \u1ed1ng 17mm ra ren 22mm h\u1ec7 th\u1ed1ng c\u1ea5p n\u01b0\u1edbc.<br \/>\n&#8211; \u0110\u1ea7u n\u1ed1i \u1ed1ng n\u01b0\u1edbc ren 17mm v\u00e0o m\u00e1y b\u01a1m 22mm.<br \/>\n&#8211; B\u1ed9 n\u1ed1i b\u00e9c x\u1ecbt v\u1ec7 xinh m\u00e1y l\u1ea1nh.<br \/>\n&#8211; Co n\u1ed1i b\u00e9c x\u1ecbt r\u1eeda \u00e1p l\u1ef1c cao.<br \/>\n&#8211; N\u1ed1i \u1ed1ng \u00e1p l\u1ef1c cho m\u00e1y r\u1eeda xe \u00e1p l\u1ef1c cao gia \u0111\u00ecnh v\u00e0 chuy\u00ean d\u1ee5ng.<br \/>\n&#8211; N\u1ed1i \u1ed1ng d\u00e2y c\u1ea5p n\u01b0\u1edbc trong h\u1ec7 th\u1ed1ng.<br \/>\n&#8211; N\u1ed1i \u1ed1ng d\u00e2y kh\u00ed n\u00e9n, h\u01a1i v\u00e0 h\u1ec7 th\u1ed1ng truy\u1ec1n d\u1eabn kh\u00e1c.<br \/>\n&#8211; B\u1ed9 n\u1ed1i \u1ed1ng n\u01b0\u1edbc \u00e1p l\u1ef1c cao.<br \/>\n&#8211; N\u1ed1i \u1ed1ng n\u01b0\u1edbc, ch\u1ea5t l\u1ecfng<br \/>\n&#8211; \u0110\u1ea7u n\u1ed1i v\u00e0 v\u00f2i x\u1ecbt n\u01b0\u1edbc \u00e1p l\u1ef1c.<br \/>\n&#8211; N\u1ed1i b\u00e9c x\u1ecbt r\u1eeda xe.<br \/>\n&#8211; N\u1ed1i b\u00e9c x\u1ecbt r\u1eeda m\u00e1y l\u1ea1nh \u0111i\u1ec1u h\u00f2a chuy\u00ean nghi\u1ec7p.<br \/>\n&#8211; N\u1ed1i \u1ed1ng h\u01a1i, \u1ed1ng kh\u00ed gas.<br \/>\n&#8211; V\u00e0 \u1ee9ng d\u1ee5ng d\u1ee5ng cho c\u00e1c thi\u1ebft b\u1ecb kh\u00e1c.<\/p>\n<p><strong><a href=\"https:\/\/maybommini.com\/wp-content\/uploads\/2023\/03\/noi-ren-22m-ra-17mm.jpg\" target=\"_blank\" rel=\"noopener\"><img decoding=\"async\" class=\"size-full wp-image-273248 aligncenter\" src=\"https:\/\/maybommini.com\/wp-content\/uploads\/2023\/03\/noi-ren-22m-ra-17mm.jpg\" alt=\"Noi Ren 22m Ra 17mm\" width=\"750\" height=\"750\" srcset=\"https:\/\/maybommini.vn\/wp-content\/uploads\/2023\/03\/noi-ren-22m-ra-17mm.jpg 750w, https:\/\/maybommini.vn\/wp-content\/uploads\/2023\/03\/noi-ren-22m-ra-17mm-300x300.jpg 300w, https:\/\/maybommini.vn\/wp-content\/uploads\/2023\/03\/noi-ren-22m-ra-17mm-150x150.jpg 150w, https:\/\/maybommini.vn\/wp-content\/uploads\/2023\/03\/noi-ren-22m-ra-17mm-600x600.jpg 600w\" sizes=\"(max-width: 750px) 100vw, 750px\" \/><\/a><\/strong><\/p>\n<p><strong><a href=\"https:\/\/maybommini.com\/wp-content\/uploads\/2023\/03\/ong-noi-100mm-ren-13.jpg\" target=\"_blank\" rel=\"noopener\"><img decoding=\"async\" class=\"size-full wp-image-273232 aligncenter\" src=\"https:\/\/maybommini.com\/wp-content\/uploads\/2023\/03\/ong-noi-100mm-ren-13.jpg\" alt=\"Ong Noi 100mm Ren 13\" width=\"750\" height=\"750\" srcset=\"https:\/\/maybommini.vn\/wp-content\/uploads\/2023\/03\/ong-noi-100mm-ren-13.jpg 750w, https:\/\/maybommini.vn\/wp-content\/uploads\/2023\/03\/ong-noi-100mm-ren-13-300x300.jpg 300w, https:\/\/maybommini.vn\/wp-content\/uploads\/2023\/03\/ong-noi-100mm-ren-13-150x150.jpg 150w, https:\/\/maybommini.vn\/wp-content\/uploads\/2023\/03\/ong-noi-100mm-ren-13-600x600.jpg 600w\" sizes=\"(max-width: 750px) 100vw, 750px\" \/><\/a><\/strong><\/p>\n<h4 style=\"text-align: center;\">N\u1ed1i ren ngo\u00e0i 17mm 22mm \u0111\u1ed3ng<br \/>\nConnector Air Fitting High Pressure Washer Hose Adaptor<\/h4>\n<p><strong><a href=\"https:\/\/maybommini.com\/wp-content\/uploads\/2023\/03\/cung-cap-phan-phoi-thiet-bi-phun-xit-ap-luc-co-noi-khoa-nuoc.jpg\" target=\"_blank\" rel=\"noopener\"><img decoding=\"async\" class=\"size-full wp-image-273201 aligncenter\" src=\"https:\/\/maybommini.com\/wp-content\/uploads\/2023\/03\/cung-cap-phan-phoi-thiet-bi-phun-xit-ap-luc-co-noi-khoa-nuoc.jpg\" alt=\"Cung Cap Phan Phoi Thiet Bi Phun Xit Ap Luc Co Noi Khoa Nuoc\" width=\"750\" height=\"750\" srcset=\"https:\/\/maybommini.vn\/wp-content\/uploads\/2023\/03\/cung-cap-phan-phoi-thiet-bi-phun-xit-ap-luc-co-noi-khoa-nuoc.jpg 750w, https:\/\/maybommini.vn\/wp-content\/uploads\/2023\/03\/cung-cap-phan-phoi-thiet-bi-phun-xit-ap-luc-co-noi-khoa-nuoc-300x300.jpg 300w, https:\/\/maybommini.vn\/wp-content\/uploads\/2023\/03\/cung-cap-phan-phoi-thiet-bi-phun-xit-ap-luc-co-noi-khoa-nuoc-150x150.jpg 150w, https:\/\/maybommini.vn\/wp-content\/uploads\/2023\/03\/cung-cap-phan-phoi-thiet-bi-phun-xit-ap-luc-co-noi-khoa-nuoc-600x600.jpg 600w\" sizes=\"(max-width: 750px) 100vw, 750px\" \/><\/a><\/strong><\/p>\n<p><strong>Chuy\u00ean cung c\u1ea5p v\u1eadt t\u01b0 thi\u1ebft b\u1ecb \u0111i\u1ec7n n\u01b0\u1edbc khi n\u00e9n, \u0111\u1ea7u n\u1ed1i \u1ed1ng, kh\u1edbp n\u1ed1i nhanh, van t\u1eeb, van bi, co n\u1ed1i, b\u00e9c phun, \u1ed1ng \u00e1p l\u1ef1c, \u1ed1ng n\u01b0\u1edbc, \u1ed1ng PVC, \u1ed1ng RO, PU v\u00e0 nhi\u1ec1u thi\u1ebft b\u1ecb kh\u00e1c.<br \/>\nCTY TNHH TH\u01af\u01a0NG M\u1ea0I D\u1ecaCH V\u1ee4 \u0110I\u1ec6N M\u00c1Y TH\u00d4NG MINH<\/strong><br \/>\n<strong>Hotline:<\/strong> <a href=\"tel:02873030399\">02873030399<\/a> \u2013 <a href=\"tel:0907294310\">0907294310<\/a> &#8211; <a href=\"tel:0908997823\">0908997823<\/a> &#8211; <a href=\"tel:0908997872\">0908997872<\/a><br \/>\n<strong>Email:<\/strong>\u00a0maybommini.com@gmail.com<br \/>\n<strong>Website:<\/strong>\u00a0https:\/\/maybommini.com<br \/>\n<strong>Youtube demo:<\/strong>\u00a0https:\/\/www.youtube.com\/bahamasali<\/p>\n<p><a class=\"swipebox\" title=\"\" href=\"https:\/\/maybommini.com\/wp-content\/uploads\/2022\/07\/thong-tin-lien-he-may-bom-mini.jpg\" data-rel=\"lightbox-image-bGlnaHRib3gtaW1hZ2UtMTE=\" data-rl_title=\"\" data-rl_caption=\"\" data-rl_ target=\"_blank\" rel=\"noopener\"><img decoding=\"async\" class=\"size-full wp-image-270584 aligncenter lazyloaded\" src=\"https:\/\/maybommini.com\/wp-content\/uploads\/2022\/07\/thong-tin-lien-he-may-bom-mini.jpg\" sizes=\"(max-width: 750px) 100vw, 750px\" srcset=\"https:\/\/maybommini.com\/wp-content\/uploads\/2022\/07\/thong-tin-lien-he-may-bom-mini.jpg 750w, https:\/\/maybommini.com\/wp-content\/uploads\/2022\/07\/thong-tin-lien-he-may-bom-mini-300x202.jpg 300w, https:\/\/maybommini.com\/wp-content\/uploads\/2022\/07\/thong-tin-lien-he-may-bom-mini-600x405.jpg 600w\" alt=\"Thong Tin Lien He May Bom Mini\" width=\"750\" height=\"506\" data-lazy-srcset=\"https:\/\/maybommini.com\/wp-content\/uploads\/2022\/07\/thong-tin-lien-he-may-bom-mini.jpg 750w, https:\/\/maybommini.com\/wp-content\/uploads\/2022\/07\/thong-tin-lien-he-may-bom-mini-300x202.jpg 300w, https:\/\/maybommini.com\/wp-content\/uploads\/2022\/07\/thong-tin-lien-he-may-bom-mini-600x405.jpg 600w\" data-lazy-sizes=\"(max-width: 750px) 100vw, 750px\" data-lazy-src=\"https:\/\/maybommini.com\/wp-content\/uploads\/2022\/07\/thong-tin-lien-he-may-bom-mini.jpg\" data-was-processed=\"true\" \/><\/a><\/p>\n","protected":false},"excerpt":{"rendered":"<p>Th\u01b0\u01a1ng hi\u1ec7u: MTM<br \/>\nModel: SM-N-1722<br \/>\nRen n\u1ed1i ngo\u00e0i: 17 &#8211; 22 mm<br \/>\nCh\u1ea5t li\u1ec7u: H\u1ee3p kim \u0111\u1ed3ng<br \/>\nS\u1ea3n ph\u1ea9m ch\u00ednh h\u00e3ng.<br \/>\nK\u00edch th\u01b0\u1edbc: 30 x 24 mm<br \/>\nTr\u1ecdng l\u01b0\u1ee3ng: 42 gam<br \/>\n<strong>Mua s\u1ed1 l\u01b0\u1ee3ng gi\u00e1 t\u1ed1t<\/strong><\/p>\n","protected":false},"featured_media":273248,"comment_status":"open","ping_status":"closed","template":"","meta":[],"product_brand":[],"product_cat":[215,214],"product_tag":[4096,4093,1214,1215,4092,4098,4095,4101,4102,4100,4091,4094,4097,518,663,4103,4075],"class_list":{"0":"post-273245","1":"product","2":"type-product","3":"status-publish","4":"has-post-thumbnail","6":"product_cat-phu-kien-xit-rua-ap-luc","7":"product_cat-phu-kien-bom-nuoc","8":"product_tag-13-8mm","9":"product_tag-13mm","10":"product_tag-17mm","11":"product_tag-21mm","12":"product_tag-22mm","13":"product_tag-bo-khop-noi-nhanh","14":"product_tag-bo-noi-ong","15":"product_tag-co-90","16":"product_tag-co-dong","17":"product_tag-co-noi","18":"product_tag-khop-noi","19":"product_tag-khop-noi-ong-rua-xe","20":"product_tag-noi-day","21":"product_tag-noi-nhanh","22":"product_tag-noi-ong","23":"product_tag-ong-dong","24":"product_tag-ong-inox","26":"first","27":"instock","28":"shipping-taxable","29":"purchasable","30":"product-type-simple"},"_links":{"self":[{"href":"https:\/\/maybommini.vn\/index.php?rest_route=\/wp\/v2\/product\/273245","targetHints":{"allow":["GET"]}}],"collection":[{"href":"https:\/\/maybommini.vn\/index.php?rest_route=\/wp\/v2\/product"}],"about":[{"href":"https:\/\/maybommini.vn\/index.php?rest_route=\/wp\/v2\/types\/product"}],"replies":[{"embeddable":true,"href":"https:\/\/maybommini.vn\/index.php?rest_route=%2Fwp%2Fv2%2Fcomments&post=273245"}],"wp:featuredmedia":[{"embeddable":true,"href":"https:\/\/maybommini.vn\/index.php?rest_route=\/wp\/v2\/media\/273248"}],"wp:attachment":[{"href":"https:\/\/maybommini.vn\/index.php?rest_route=%2Fwp%2Fv2%2Fmedia&parent=273245"}],"wp:term":[{"taxonomy":"product_brand","embeddable":true,"href":"https:\/\/maybommini.vn\/index.php?rest_route=%2Fwp%2Fv2%2Fproduct_brand&post=273245"},{"taxonomy":"product_cat","embeddable":true,"href":"https:\/\/maybommini.vn\/index.php?rest_route=%2Fwp%2Fv2%2Fproduct_cat&post=273245"},{"taxonomy":"product_tag","embeddable":true,"href":"https:\/\/maybommini.vn\/index.php?rest_route=%2Fwp%2Fv2%2Fproduct_tag&post=273245"}],"curies":[{"name":"wp","href":"https:\/\/api.w.org\/{rel}","templated":true}]}}