{"id":273266,"date":"2023-03-31T21:51:28","date_gmt":"2023-03-31T14:51:28","guid":{"rendered":"https:\/\/maybommini.com\/?post_type=product&#038;p=273266"},"modified":"2023-09-24T23:14:28","modified_gmt":"2023-09-24T16:14:28","slug":"khoa-nuoc-nhua-pvc-ren-17mm","status":"publish","type":"product","link":"https:\/\/maybommini.vn\/?product=khoa-nuoc-nhua-pvc-ren-17mm","title":{"rendered":"Kh\u00f3a n\u01b0\u1edbc nh\u1ef1a PVC ren 17mm"},"content":{"rendered":"<h4>Kh\u00f3a n\u01b0\u1edbc nh\u1ef1a PVC ren 17mm ph\u00f9 h\u1ee3p s\u1eed d\u1ee5ng cho h\u1ec7 th\u00f4ng c\u1ea5p n\u01b0\u1edbc, \u1ed1ng v\u00f2i n\u01b0\u1edbc m\u00e1y, kh\u00f3a n\u01b0\u1edbc b\u00e9c phun x\u1ecbt t\u01b0\u1edbi c\u00e2y, h\u1ec7 th\u1ed1ng n\u01b0\u1edbc l\u00e0m m\u00e1t CNC. \u0110\u01b0\u1ee3c thi\u1ebft k\u1ebf b\u1eb1ng nh\u1ef1a PVC n\u00ean kh\u00f4ng ch\u1ecbu \u0111\u01b0\u1ee3c \u00e1p cao m\u00e0 ph\u00f9 h\u1ee3p h\u1ec7 th\u1ed1ng c\u1ea5p n\u01b0\u1edbc nh\u1ecf.<\/h4>\n<p><strong><a href=\"https:\/\/maybommini.com\/wp-content\/uploads\/2023\/03\/khoa-nuoc-nhua-pvc-ren-trong-ngoai-17mm.jpg\" target=\"_blank\" rel=\"noopener\"><img decoding=\"async\" class=\"size-full wp-image-273270 aligncenter\" src=\"https:\/\/maybommini.com\/wp-content\/uploads\/2023\/03\/khoa-nuoc-nhua-pvc-ren-trong-ngoai-17mm.jpg\" alt=\"Khoa Nuoc Nhua Pvc Ren Trong Ngoai 17mm\" width=\"750\" height=\"750\" srcset=\"https:\/\/maybommini.vn\/wp-content\/uploads\/2023\/03\/khoa-nuoc-nhua-pvc-ren-trong-ngoai-17mm.jpg 750w, https:\/\/maybommini.vn\/wp-content\/uploads\/2023\/03\/khoa-nuoc-nhua-pvc-ren-trong-ngoai-17mm-300x300.jpg 300w, https:\/\/maybommini.vn\/wp-content\/uploads\/2023\/03\/khoa-nuoc-nhua-pvc-ren-trong-ngoai-17mm-150x150.jpg 150w, https:\/\/maybommini.vn\/wp-content\/uploads\/2023\/03\/khoa-nuoc-nhua-pvc-ren-trong-ngoai-17mm-600x600.jpg 600w\" sizes=\"(max-width: 750px) 100vw, 750px\" \/><\/a>TH\u00d4NG S\u1ed0 K\u1ef8 THU\u1eacT<\/strong><br \/>\nTh\u01b0\u01a1ng hi\u1ec7u: MTM<br \/>\nModel: NPT-3-8<br \/>\nRen n\u1ed1i: NPT-3\/8<br \/>\nRen n\u1ed1i ngo\u00e0i: 17 mm<br \/>\nRen n\u1ed1i trong: 17 mm<br \/>\nLo\u1ea1i van bi nh\u1ef1a.<br \/>\nCh\u1ea5t li\u1ec7u: Nh\u1ef1a PVC<br \/>\nS\u1ea3n ph\u1ea9m ch\u00ednh h\u00e3ng.<br \/>\nK\u00edch th\u01b0\u1edbc: d\u00e0i 65mm<br \/>\nTr\u1ecdng l\u01b0\u1ee3ng: 15 gam<\/p>\n<h1 class=\"entry-title\"><a href=\"https:\/\/maybommini.com\/wp-content\/uploads\/2023\/03\/khoa-nhua-pvc-17mm.jpg\" target=\"_blank\" rel=\"noopener\"><img decoding=\"async\" class=\"size-full wp-image-273267 aligncenter\" src=\"https:\/\/maybommini.com\/wp-content\/uploads\/2023\/03\/khoa-nhua-pvc-17mm.jpg\" alt=\"Khoa Nhua Pvc 17mm\" width=\"750\" height=\"750\" srcset=\"https:\/\/maybommini.vn\/wp-content\/uploads\/2023\/03\/khoa-nhua-pvc-17mm.jpg 750w, https:\/\/maybommini.vn\/wp-content\/uploads\/2023\/03\/khoa-nhua-pvc-17mm-300x300.jpg 300w, https:\/\/maybommini.vn\/wp-content\/uploads\/2023\/03\/khoa-nhua-pvc-17mm-150x150.jpg 150w, https:\/\/maybommini.vn\/wp-content\/uploads\/2023\/03\/khoa-nhua-pvc-17mm-600x600.jpg 600w\" sizes=\"(max-width: 750px) 100vw, 750px\" \/><\/a><a href=\"https:\/\/maybommini.com\/wp-content\/uploads\/2023\/03\/khoa-nhua-ren-trong-17mm.jpg\" target=\"_blank\" rel=\"noopener\"><img decoding=\"async\" class=\"size-full wp-image-273268 aligncenter\" src=\"https:\/\/maybommini.com\/wp-content\/uploads\/2023\/03\/khoa-nhua-ren-trong-17mm.jpg\" alt=\"Khoa Nhua Ren Trong 17mm\" width=\"750\" height=\"750\" srcset=\"https:\/\/maybommini.vn\/wp-content\/uploads\/2023\/03\/khoa-nhua-ren-trong-17mm.jpg 750w, https:\/\/maybommini.vn\/wp-content\/uploads\/2023\/03\/khoa-nhua-ren-trong-17mm-300x300.jpg 300w, https:\/\/maybommini.vn\/wp-content\/uploads\/2023\/03\/khoa-nhua-ren-trong-17mm-150x150.jpg 150w, https:\/\/maybommini.vn\/wp-content\/uploads\/2023\/03\/khoa-nhua-ren-trong-17mm-600x600.jpg 600w\" sizes=\"(max-width: 750px) 100vw, 750px\" \/><\/a><a href=\"https:\/\/maybommini.com\/wp-content\/uploads\/2023\/03\/khoa-nuoc-nhua-17mm.jpg\" target=\"_blank\" rel=\"noopener\"><img decoding=\"async\" class=\"size-full wp-image-273269 aligncenter\" src=\"https:\/\/maybommini.com\/wp-content\/uploads\/2023\/03\/khoa-nuoc-nhua-17mm.jpg\" alt=\"Khoa Nuoc Nhua 17mm\" width=\"750\" height=\"750\" srcset=\"https:\/\/maybommini.vn\/wp-content\/uploads\/2023\/03\/khoa-nuoc-nhua-17mm.jpg 750w, https:\/\/maybommini.vn\/wp-content\/uploads\/2023\/03\/khoa-nuoc-nhua-17mm-300x300.jpg 300w, https:\/\/maybommini.vn\/wp-content\/uploads\/2023\/03\/khoa-nuoc-nhua-17mm-150x150.jpg 150w, https:\/\/maybommini.vn\/wp-content\/uploads\/2023\/03\/khoa-nuoc-nhua-17mm-600x600.jpg 600w\" sizes=\"(max-width: 750px) 100vw, 750px\" \/><\/a><a href=\"https:\/\/maybommini.com\/wp-content\/uploads\/2023\/03\/khoa-nuoc-ren-17mm.jpg\" target=\"_blank\" rel=\"noopener\"><img decoding=\"async\" class=\"size-full wp-image-273271 aligncenter\" src=\"https:\/\/maybommini.com\/wp-content\/uploads\/2023\/03\/khoa-nuoc-ren-17mm.jpg\" alt=\"Khoa Nuoc Ren 17mm\" width=\"750\" height=\"750\" srcset=\"https:\/\/maybommini.vn\/wp-content\/uploads\/2023\/03\/khoa-nuoc-ren-17mm.jpg 750w, https:\/\/maybommini.vn\/wp-content\/uploads\/2023\/03\/khoa-nuoc-ren-17mm-300x300.jpg 300w, https:\/\/maybommini.vn\/wp-content\/uploads\/2023\/03\/khoa-nuoc-ren-17mm-150x150.jpg 150w, https:\/\/maybommini.vn\/wp-content\/uploads\/2023\/03\/khoa-nuoc-ren-17mm-600x600.jpg 600w\" sizes=\"(max-width: 750px) 100vw, 750px\" \/><\/a><a href=\"https:\/\/maybommini.com\/wp-content\/uploads\/2023\/03\/kich-thuoc-khoa-nuoc-nhua-17mm.jpg\" target=\"_blank\" rel=\"noopener\"><img decoding=\"async\" class=\"size-full wp-image-273272 aligncenter\" src=\"https:\/\/maybommini.com\/wp-content\/uploads\/2023\/03\/kich-thuoc-khoa-nuoc-nhua-17mm.jpg\" alt=\"Kich Thuoc Khoa Nuoc Nhua 17mm\" width=\"750\" height=\"750\" srcset=\"https:\/\/maybommini.vn\/wp-content\/uploads\/2023\/03\/kich-thuoc-khoa-nuoc-nhua-17mm.jpg 750w, https:\/\/maybommini.vn\/wp-content\/uploads\/2023\/03\/kich-thuoc-khoa-nuoc-nhua-17mm-300x300.jpg 300w, https:\/\/maybommini.vn\/wp-content\/uploads\/2023\/03\/kich-thuoc-khoa-nuoc-nhua-17mm-150x150.jpg 150w, https:\/\/maybommini.vn\/wp-content\/uploads\/2023\/03\/kich-thuoc-khoa-nuoc-nhua-17mm-600x600.jpg 600w\" sizes=\"(max-width: 750px) 100vw, 750px\" \/><\/a><a href=\"https:\/\/maybommini.com\/wp-content\/uploads\/2023\/03\/Van-khoa-nuoc-nhua-ren-17mm.jpg\" target=\"_blank\" rel=\"noopener\"><img decoding=\"async\" class=\"size-full wp-image-273273 aligncenter\" src=\"https:\/\/maybommini.com\/wp-content\/uploads\/2023\/03\/Van-khoa-nuoc-nhua-ren-17mm.jpg\" alt=\"Van Khoa Nuoc Nhua Ren 17mm\" width=\"750\" height=\"750\" srcset=\"https:\/\/maybommini.vn\/wp-content\/uploads\/2023\/03\/Van-khoa-nuoc-nhua-ren-17mm.jpg 750w, https:\/\/maybommini.vn\/wp-content\/uploads\/2023\/03\/Van-khoa-nuoc-nhua-ren-17mm-300x300.jpg 300w, https:\/\/maybommini.vn\/wp-content\/uploads\/2023\/03\/Van-khoa-nuoc-nhua-ren-17mm-150x150.jpg 150w, https:\/\/maybommini.vn\/wp-content\/uploads\/2023\/03\/Van-khoa-nuoc-nhua-ren-17mm-600x600.jpg 600w\" sizes=\"(max-width: 750px) 100vw, 750px\" \/><\/a><a href=\"https:\/\/maybommini.com\/wp-content\/uploads\/2023\/03\/Van-khoa-nuoc-nhua-ren-noi-17mm.jpg\" target=\"_blank\" rel=\"noopener\"><img decoding=\"async\" class=\"size-full wp-image-273274 aligncenter\" src=\"https:\/\/maybommini.com\/wp-content\/uploads\/2023\/03\/Van-khoa-nuoc-nhua-ren-noi-17mm.jpg\" alt=\"Van Khoa Nuoc Nhua Ren Noi 17mm\" width=\"750\" height=\"750\" srcset=\"https:\/\/maybommini.vn\/wp-content\/uploads\/2023\/03\/Van-khoa-nuoc-nhua-ren-noi-17mm.jpg 750w, https:\/\/maybommini.vn\/wp-content\/uploads\/2023\/03\/Van-khoa-nuoc-nhua-ren-noi-17mm-300x300.jpg 300w, https:\/\/maybommini.vn\/wp-content\/uploads\/2023\/03\/Van-khoa-nuoc-nhua-ren-noi-17mm-150x150.jpg 150w, https:\/\/maybommini.vn\/wp-content\/uploads\/2023\/03\/Van-khoa-nuoc-nhua-ren-noi-17mm-600x600.jpg 600w\" sizes=\"(max-width: 750px) 100vw, 750px\" \/><\/a><a title=\"NPT l\u00e0 g\u00ec ? Ren NPT l\u00e0 g\u00ec ?\" href=\"https:\/\/maybommini.com\/npt-la-gi-ren-npt-la-gi.html\" target=\"_blank\" rel=\"noopener\">NPT l\u00e0 g\u00ec ? Ren NPT l\u00e0 g\u00ec ?<\/a><\/h1>\n<p>Ren NPT \u0111\u01b0\u1ee3c vi\u1ebft t\u1eaft l\u00e0 \u201cNational Pite Thread\u2019 hay c\u00f2n \u0111\u01b0\u1ee3c g\u1ecdi l\u00e0 ren \u1ed1ng c\u00f4n qu\u1ed1c gia. Xu\u1ea5t hi\u1ec7n \u1edf th\u1eddi k\u00ec \u0111\u1ea7u c\u1ee7a M\u1ef9 v\u00e0 Canada \u0111\u01b0\u1ee3c \u0111\u01b0a v\u00e0o l\u00e0m lo\u1ea1i ren ch\u00ednh v\u00e0 sau \u0111\u00f3 \u0111\u01b0\u1ee3c s\u1eed d\u1ee5ng r\u1ed9ng r\u00e3i \u0111i\u1ec3n h\u00ecnh l\u00e0 th\u1ee7y l\u1ef1c Parker, \u0111\u01b0\u1ee3c \u1ee9ng d\u1ee5ng r\u1ed9ng r\u00e3i trong ng\u00e0nh c\u00f4ng nghi\u1ec7p hi\u1ec7n nay. Ren NpT c\u00f3 hai lo\u1ea1i l\u00e0: ren trong v\u00e0 ren ngo\u00e0i d\u1ea1ng c\u00f4n.<\/p>\n<p>\u2605 \u0110\u1ed1i v\u1edbi ren ngo\u00e0i (male): Ren s\u1ebd l\u1edbn d\u1ea7n t\u1eeb ngo\u00e0i v\u00e0o trong<\/p>\n<p>\u2605 \u0110\u1ed1i v\u1edbi ren trong (female): Ren s\u1ebd nh\u1ecf d\u1ea7n t\u1eeb ngo\u00e0i v\u00e0o trong<\/p>\n<p><a href=\"https:\/\/maybommini.com\/wp-content\/uploads\/2023\/03\/ren-NPT-la-gi.jpg\" target=\"_blank\" rel=\"noopener\"><img decoding=\"async\" class=\"size-full wp-image-273263 aligncenter\" src=\"https:\/\/maybommini.com\/wp-content\/uploads\/2023\/03\/ren-NPT-la-gi.jpg\" alt=\"Ren NPT La Gi\" width=\"836\" height=\"598\" srcset=\"https:\/\/maybommini.vn\/wp-content\/uploads\/2023\/03\/ren-NPT-la-gi.jpg 836w, https:\/\/maybommini.vn\/wp-content\/uploads\/2023\/03\/ren-NPT-la-gi-150x107.jpg 150w, https:\/\/maybommini.vn\/wp-content\/uploads\/2023\/03\/ren-NPT-la-gi-600x429.jpg 600w\" sizes=\"(max-width: 836px) 100vw, 836px\" \/><\/a><\/p>\n<h2><b>K\u00edch th\u01b0\u1edbc ren NPT<\/b><\/h2>\n<p>Ren NPT c\u00f3 nhi\u1ec1u lo\u1ea1i kh\u00e1c nhau v\u00e0 \u0111a d\u1ea1ng tr\u00ean th\u1ecb tr\u01b0\u1eddng c\u00f4ng nghi\u1ec7p, m\u1ed7i lo\u1ea1i ren \u0111\u1ec1u c\u00f3 nh\u1eefng k\u00edch th\u01b0\u1edbc kh\u00e1c nhau. Ch\u00fang ta c\u1ea7n ph\u1ea3i bi\u1ebft r\u00f5 c\u00e1c k\u00edch th\u01b0\u1edbc c\u1ee7a ren NPT l\u00e0 g\u00ec \u0111\u1ec3 c\u00f3 l\u1ef1a ch\u1ecdn t\u1ed1t nh\u1ea5t.<\/p>\n<p><strong><a href=\"https:\/\/maybommini.com\/wp-content\/uploads\/2023\/03\/kich-thuoc-ren-NPT.jpg\" target=\"_blank\" rel=\"noopener\"><img decoding=\"async\" class=\"size-full wp-image-273262 aligncenter\" src=\"https:\/\/maybommini.com\/wp-content\/uploads\/2023\/03\/kich-thuoc-ren-NPT.jpg\" alt=\"Kich Thuoc Ren NPT\" width=\"836\" height=\"598\" srcset=\"https:\/\/maybommini.vn\/wp-content\/uploads\/2023\/03\/kich-thuoc-ren-NPT.jpg 836w, https:\/\/maybommini.vn\/wp-content\/uploads\/2023\/03\/kich-thuoc-ren-NPT-150x107.jpg 150w, https:\/\/maybommini.vn\/wp-content\/uploads\/2023\/03\/kich-thuoc-ren-NPT-600x429.jpg 600w\" sizes=\"(max-width: 836px) 100vw, 836px\" \/><\/a>S\u1eec D\u1ee4NG KH\u00d3A N\u01af\u1edaC NH\u1ef0A PVC<br \/>\n<\/strong>&#8211; Kh\u00f3a h\u1ec7 th\u1ed1ng c\u1ea5p n\u01b0\u1edbc, dung d\u1ecbch, ch\u1ea5t l\u1ecfng.<br \/>\n&#8211; S\u1eed d\u1ee5ng th\u00f4ng h\u1ec7 th\u1ed1ng b\u01a1m n\u01b0\u1edbc l\u00e0m m\u00e1t.<br \/>\n&#8211; Kh\u00f3a n\u01b0\u1edbc v\u00f2i x\u1ecbt t\u01b0\u1edbi c\u00e2y.<br \/>\n&#8211; Van kh\u00f3a h\u1ec7 th\u1ed1ng c\u1ea5p n\u01b0\u1edbc v\u00e0o m\u00e1y b\u01a1m.<br \/>\n&#8211; Van kh\u00f3a h\u1ec7 th\u1ed1ng b\u01a1m th\u1ef1c ph\u1ea9m.<br \/>\n&#8211; Kh\u00f3a n\u01b0\u1edbc m\u00e1y b\u01a1m n\u01b0\u1edbc d\u1ea7u m\u00e1y ti\u1ec7n CNC.<br \/>\n&#8211; Kh\u00f3a n\u01b0\u1edbc b\u01a1m m\u00e1y khoan c\u1eaft.<br \/>\n&#8211; Van kh\u00f3a ch\u1ea5t l\u1ecfng cho nhi\u1ec1u \u1ee9ng d\u1ee5ng kh\u00e1c.<\/p>\n<h1 class=\"entry-title\"><a href=\"https:\/\/maybommini.com\/wp-content\/uploads\/2023\/03\/khoa-nuoc-nhua-pvc-ren-trong-ngoai-17mm.jpg\" target=\"_blank\" rel=\"noopener\"><img decoding=\"async\" class=\"size-full wp-image-273270 aligncenter\" src=\"https:\/\/maybommini.com\/wp-content\/uploads\/2023\/03\/khoa-nuoc-nhua-pvc-ren-trong-ngoai-17mm.jpg\" alt=\"Khoa Nuoc Nhua Pvc Ren Trong Ngoai 17mm\" width=\"750\" height=\"750\" srcset=\"https:\/\/maybommini.vn\/wp-content\/uploads\/2023\/03\/khoa-nuoc-nhua-pvc-ren-trong-ngoai-17mm.jpg 750w, https:\/\/maybommini.vn\/wp-content\/uploads\/2023\/03\/khoa-nuoc-nhua-pvc-ren-trong-ngoai-17mm-300x300.jpg 300w, https:\/\/maybommini.vn\/wp-content\/uploads\/2023\/03\/khoa-nuoc-nhua-pvc-ren-trong-ngoai-17mm-150x150.jpg 150w, https:\/\/maybommini.vn\/wp-content\/uploads\/2023\/03\/khoa-nuoc-nhua-pvc-ren-trong-ngoai-17mm-600x600.jpg 600w\" sizes=\"(max-width: 750px) 100vw, 750px\" \/><\/a><\/h1>\n<h1 class=\"entry-title\"><a href=\"https:\/\/maybommini.com\/wp-content\/uploads\/2023\/03\/Van-khoa-nuoc-nhua-ren-13mm-chinh-hang.jpg\" target=\"_blank\" rel=\"noopener\"><img decoding=\"async\" class=\"size-full wp-image-273254 aligncenter\" src=\"https:\/\/maybommini.com\/wp-content\/uploads\/2023\/03\/Van-khoa-nuoc-nhua-ren-13mm-chinh-hang.jpg\" alt=\"Van Khoa Nuoc Nhua Ren 13mm Chinh Hang\" width=\"750\" height=\"750\" srcset=\"https:\/\/maybommini.vn\/wp-content\/uploads\/2023\/03\/Van-khoa-nuoc-nhua-ren-13mm-chinh-hang.jpg 750w, https:\/\/maybommini.vn\/wp-content\/uploads\/2023\/03\/Van-khoa-nuoc-nhua-ren-13mm-chinh-hang-300x300.jpg 300w, https:\/\/maybommini.vn\/wp-content\/uploads\/2023\/03\/Van-khoa-nuoc-nhua-ren-13mm-chinh-hang-150x150.jpg 150w, https:\/\/maybommini.vn\/wp-content\/uploads\/2023\/03\/Van-khoa-nuoc-nhua-ren-13mm-chinh-hang-600x600.jpg 600w\" sizes=\"(max-width: 750px) 100vw, 750px\" \/><\/a><\/h1>\n<h4 style=\"text-align: center;\"><a href=\"https:\/\/maybommini.com\/san-pham\/khoa-nuoc-nhua-pvc-ren-13mm\" target=\"_blank\" rel=\"noopener\">Kh\u00f3a n\u01b0\u1edbc nh\u1ef1a PVC ren 13mm<\/a><br \/>\nKh\u00f3a n\u01b0\u1edbc nh\u1ef1a PVC ren 17mm<br \/>\nKh\u00f3a n\u01b0\u1edbc nh\u1ef1a PVC ren 21mm<br \/>\nWater Plastic Valve<\/h4>\n<p><strong><a href=\"https:\/\/maybommini.com\/wp-content\/uploads\/2023\/03\/cung-cap-phan-phoi-thiet-bi-phun-xit-ap-luc-co-noi-khoa-nuoc.jpg\" target=\"_blank\" rel=\"noopener\"><img decoding=\"async\" class=\"size-full wp-image-273201 aligncenter\" src=\"https:\/\/maybommini.com\/wp-content\/uploads\/2023\/03\/cung-cap-phan-phoi-thiet-bi-phun-xit-ap-luc-co-noi-khoa-nuoc.jpg\" alt=\"Cung Cap Phan Phoi Thiet Bi Phun Xit Ap Luc Co Noi Khoa Nuoc\" width=\"750\" height=\"750\" srcset=\"https:\/\/maybommini.vn\/wp-content\/uploads\/2023\/03\/cung-cap-phan-phoi-thiet-bi-phun-xit-ap-luc-co-noi-khoa-nuoc.jpg 750w, https:\/\/maybommini.vn\/wp-content\/uploads\/2023\/03\/cung-cap-phan-phoi-thiet-bi-phun-xit-ap-luc-co-noi-khoa-nuoc-300x300.jpg 300w, https:\/\/maybommini.vn\/wp-content\/uploads\/2023\/03\/cung-cap-phan-phoi-thiet-bi-phun-xit-ap-luc-co-noi-khoa-nuoc-150x150.jpg 150w, https:\/\/maybommini.vn\/wp-content\/uploads\/2023\/03\/cung-cap-phan-phoi-thiet-bi-phun-xit-ap-luc-co-noi-khoa-nuoc-600x600.jpg 600w\" sizes=\"(max-width: 750px) 100vw, 750px\" \/><\/a><\/strong><\/p>\n<p><strong>Chuy\u00ean cung c\u1ea5p v\u1eadt t\u01b0 thi\u1ebft b\u1ecb \u0111i\u1ec7n n\u01b0\u1edbc khi n\u00e9n, \u0111\u1ea7u n\u1ed1i \u1ed1ng, kh\u1edbp n\u1ed1i nhanh, van t\u1eeb, van bi, co n\u1ed1i, b\u00e9c phun, \u1ed1ng \u00e1p l\u1ef1c, \u1ed1ng n\u01b0\u1edbc, \u1ed1ng PVC, \u1ed1ng RO, PU v\u00e0 nhi\u1ec1u thi\u1ebft b\u1ecb kh\u00e1c.<br \/>\nCTY TNHH TH\u01af\u01a0NG M\u1ea0I D\u1ecaCH V\u1ee4 \u0110I\u1ec6N M\u00c1Y TH\u00d4NG MINH<\/strong><br \/>\n<strong>Hotline:<\/strong> <a href=\"tel:02873030399\">02873030399<\/a> \u2013 <a href=\"tel:0907294310\">0907294310<\/a> &#8211; <a href=\"tel:0908997823\">0908997823<\/a> &#8211; <a href=\"tel:0908997872\">0908997872<\/a><br \/>\n<strong>Email:<\/strong>\u00a0maybommini.com@gmail.com<br \/>\n<strong>Website:<\/strong>\u00a0https:\/\/maybommini.com<br \/>\n<strong>Youtube demo:<\/strong>\u00a0https:\/\/www.youtube.com\/bahamasali<\/p>\n<p><a class=\"swipebox\" title=\"\" href=\"https:\/\/maybommini.com\/wp-content\/uploads\/2022\/07\/thong-tin-lien-he-may-bom-mini.jpg\" data-rel=\"lightbox-image-bGlnaHRib3gtaW1hZ2UtMTE=\" data-rl_title=\"\" data-rl_caption=\"\" data-rl_ target=\"_blank\" rel=\"noopener\"><img decoding=\"async\" class=\"size-full wp-image-270584 aligncenter lazyloaded\" src=\"https:\/\/maybommini.com\/wp-content\/uploads\/2022\/07\/thong-tin-lien-he-may-bom-mini.jpg\" sizes=\"(max-width: 750px) 100vw, 750px\" srcset=\"https:\/\/maybommini.com\/wp-content\/uploads\/2022\/07\/thong-tin-lien-he-may-bom-mini.jpg 750w, https:\/\/maybommini.com\/wp-content\/uploads\/2022\/07\/thong-tin-lien-he-may-bom-mini-300x202.jpg 300w, https:\/\/maybommini.com\/wp-content\/uploads\/2022\/07\/thong-tin-lien-he-may-bom-mini-600x405.jpg 600w\" alt=\"Thong Tin Lien He May Bom Mini\" width=\"750\" height=\"506\" data-lazy-srcset=\"https:\/\/maybommini.com\/wp-content\/uploads\/2022\/07\/thong-tin-lien-he-may-bom-mini.jpg 750w, https:\/\/maybommini.com\/wp-content\/uploads\/2022\/07\/thong-tin-lien-he-may-bom-mini-300x202.jpg 300w, https:\/\/maybommini.com\/wp-content\/uploads\/2022\/07\/thong-tin-lien-he-may-bom-mini-600x405.jpg 600w\" data-lazy-sizes=\"(max-width: 750px) 100vw, 750px\" data-lazy-src=\"https:\/\/maybommini.com\/wp-content\/uploads\/2022\/07\/thong-tin-lien-he-may-bom-mini.jpg\" data-was-processed=\"true\" \/><\/a><\/p>\n","protected":false},"excerpt":{"rendered":"<p>Th\u01b0\u01a1ng hi\u1ec7u: MTM<br \/>\nModel: NPT-3-8<br \/>\nRen n\u1ed1i: NPT-3\/8<br \/>\nRen n\u1ed1i ngo\u00e0i: 17 mm<br \/>\nRen n\u1ed1i trong: 17 mm<br \/>\nLo\u1ea1i van bi nh\u1ef1a.<br \/>\nCh\u1ea5t li\u1ec7u: Nh\u1ef1a PVC<br \/>\nS\u1ea3n ph\u1ea9m ch\u00ednh h\u00e3ng.<br \/>\nK\u00edch th\u01b0\u1edbc: d\u00e0i 65mm<br \/>\nTr\u1ecdng l\u01b0\u1ee3ng: 15 gam<br \/>\n<strong>Mua s\u1ed1 l\u01b0\u1ee3ng gi\u00e1 t\u1ed1t<\/strong><\/p>\n","protected":false},"featured_media":273270,"comment_status":"open","ping_status":"closed","template":"","meta":[],"product_brand":[],"product_cat":[214,4005],"product_tag":[4093,1214,1215,4109,557,4110,4111,4108],"class_list":{"0":"post-273266","1":"product","2":"type-product","3":"status-publish","4":"has-post-thumbnail","6":"product_cat-phu-kien-bom-nuoc","7":"product_cat-van-khoa-nuoc","8":"product_tag-13mm","9":"product_tag-17mm","10":"product_tag-21mm","11":"product_tag-khoa-nhua","12":"product_tag-khoa-nuoc","13":"product_tag-khoa-nuoc-pvc","14":"product_tag-npt","15":"product_tag-water-plastic-valve","17":"first","18":"instock","19":"shipping-taxable","20":"purchasable","21":"product-type-simple"},"_links":{"self":[{"href":"https:\/\/maybommini.vn\/index.php?rest_route=\/wp\/v2\/product\/273266","targetHints":{"allow":["GET"]}}],"collection":[{"href":"https:\/\/maybommini.vn\/index.php?rest_route=\/wp\/v2\/product"}],"about":[{"href":"https:\/\/maybommini.vn\/index.php?rest_route=\/wp\/v2\/types\/product"}],"replies":[{"embeddable":true,"href":"https:\/\/maybommini.vn\/index.php?rest_route=%2Fwp%2Fv2%2Fcomments&post=273266"}],"wp:featuredmedia":[{"embeddable":true,"href":"https:\/\/maybommini.vn\/index.php?rest_route=\/wp\/v2\/media\/273270"}],"wp:attachment":[{"href":"https:\/\/maybommini.vn\/index.php?rest_route=%2Fwp%2Fv2%2Fmedia&parent=273266"}],"wp:term":[{"taxonomy":"product_brand","embeddable":true,"href":"https:\/\/maybommini.vn\/index.php?rest_route=%2Fwp%2Fv2%2Fproduct_brand&post=273266"},{"taxonomy":"product_cat","embeddable":true,"href":"https:\/\/maybommini.vn\/index.php?rest_route=%2Fwp%2Fv2%2Fproduct_cat&post=273266"},{"taxonomy":"product_tag","embeddable":true,"href":"https:\/\/maybommini.vn\/index.php?rest_route=%2Fwp%2Fv2%2Fproduct_tag&post=273266"}],"curies":[{"name":"wp","href":"https:\/\/api.w.org\/{rel}","templated":true}]}}