{"id":273390,"date":"2023-04-06T11:25:16","date_gmt":"2023-04-06T04:25:16","guid":{"rendered":"https:\/\/maybommini.com\/?post_type=product&#038;p=273390"},"modified":"2025-05-20T13:51:13","modified_gmt":"2025-05-20T06:51:13","slug":"binh-ac-quy-kho-12v-3-5ah-panasonic","status":"publish","type":"product","link":"https:\/\/maybommini.vn\/?product=binh-ac-quy-kho-12v-3-5ah-panasonic","title":{"rendered":"B\u00ecnh \u1eafc quy kh\u00f4 12V 3.5Ah Panasonic"},"content":{"rendered":"<h3><em><strong>B\u00ecnh \u1eafc quy kh\u00f4 12V 3.5Ah Panasonic chuy\u00ean d\u1ee5ng ch\u1ea5t l\u01b0\u1ee3ng cao ch\u00ednh h\u00e3ng d\u00f9ng cho c\u00e1c thi\u1ebft b\u1ecb thang m\u00e1y, l\u01b0u \u0111i\u1ec7n UPS, b\u00ecnh phun thu\u1ed1c s\u00e2u, m\u00e1y b\u01a1m mini v\u00e0 nhi\u1ec1u \u1ee9ng d\u1ee5ng kh\u00e1c.<\/strong><\/em><\/h3>\n<p><strong><a href=\"https:\/\/maybommini.com\/wp-content\/uploads\/2023\/04\/Binh-ac-quy-kho-12V-3500mah-Panasonic-chinh-hang.jpg\" target=\"_blank\" rel=\"noopener\"><img decoding=\"async\" class=\"size-full wp-image-273395 aligncenter\" src=\"https:\/\/maybommini.com\/wp-content\/uploads\/2023\/04\/Binh-ac-quy-kho-12V-3500mah-Panasonic-chinh-hang.jpg\" alt=\"Binh Ac Quy Kho 12V 3500mah Panasonic Chinh Hang\" width=\"750\" height=\"750\" srcset=\"https:\/\/maybommini.vn\/wp-content\/uploads\/2023\/04\/Binh-ac-quy-kho-12V-3500mah-Panasonic-chinh-hang.jpg 750w, https:\/\/maybommini.vn\/wp-content\/uploads\/2023\/04\/Binh-ac-quy-kho-12V-3500mah-Panasonic-chinh-hang-300x300.jpg 300w, https:\/\/maybommini.vn\/wp-content\/uploads\/2023\/04\/Binh-ac-quy-kho-12V-3500mah-Panasonic-chinh-hang-150x150.jpg 150w, https:\/\/maybommini.vn\/wp-content\/uploads\/2023\/04\/Binh-ac-quy-kho-12V-3500mah-Panasonic-chinh-hang-600x600.jpg 600w\" sizes=\"(max-width: 750px) 100vw, 750px\" \/><\/a>TH\u00d4NG S\u1ed0 K\u1ef8 THU\u1eacT<br \/>\n<\/strong>Th\u01b0\u01a1ng hi\u1ec7u: PANASONIC<br \/>\nModel: UP-VW1235P1<br \/>\n\u0110i\u1ec7n th\u1ebf:12V<br \/>\nDung l\u01b0\u1ee3ng: 3.5Ah<br \/>\n\u0110i\u1ec7n th\u1ebf s\u1ea1c v\u00e0o: 13.5V &#8211; 14.0V<br \/>\nD\u00f2ng s\u1ea1c v\u00e0o: 1A &#8211; 2A<br \/>\n\u1eaec quy chuy\u00ean d\u1ee5ng tu\u1ed5i th\u1ecd cao.<br \/>\nLo\u1ea1i \u1eafc quy ch\u00ec kh\u00f4.<br \/>\nK\u00edch th\u01b0\u1edbc: 17.5 x 3.0 x 6.0 cm.<br \/>\nTr\u1ecdng l\u01b0\u1ee3ng: 900 g.<\/p>\n<p><strong><a href=\"https:\/\/maybommini.com\/wp-content\/uploads\/2023\/04\/ac-quy-12v-panasonic-chieu-dai.jpg\" target=\"_blank\" rel=\"noopener\"><img decoding=\"async\" class=\"size-full wp-image-273391 aligncenter\" src=\"https:\/\/maybommini.com\/wp-content\/uploads\/2023\/04\/ac-quy-12v-panasonic-chieu-dai.jpg\" alt=\"Ac Quy 12v Panasonic Chieu Dai\" width=\"750\" height=\"750\" srcset=\"https:\/\/maybommini.vn\/wp-content\/uploads\/2023\/04\/ac-quy-12v-panasonic-chieu-dai.jpg 750w, https:\/\/maybommini.vn\/wp-content\/uploads\/2023\/04\/ac-quy-12v-panasonic-chieu-dai-300x300.jpg 300w, https:\/\/maybommini.vn\/wp-content\/uploads\/2023\/04\/ac-quy-12v-panasonic-chieu-dai-150x150.jpg 150w, https:\/\/maybommini.vn\/wp-content\/uploads\/2023\/04\/ac-quy-12v-panasonic-chieu-dai-600x600.jpg 600w\" sizes=\"(max-width: 750px) 100vw, 750px\" \/><\/a><a href=\"https:\/\/maybommini.com\/wp-content\/uploads\/2023\/04\/ac-quy-12v-panasonic-chieu-rong.jpg\" target=\"_blank\" rel=\"noopener\"><img decoding=\"async\" class=\"size-full wp-image-273392 aligncenter\" src=\"https:\/\/maybommini.com\/wp-content\/uploads\/2023\/04\/ac-quy-12v-panasonic-chieu-rong.jpg\" alt=\"Ac Quy 12v Panasonic Chieu Rong\" width=\"750\" height=\"750\" srcset=\"https:\/\/maybommini.vn\/wp-content\/uploads\/2023\/04\/ac-quy-12v-panasonic-chieu-rong.jpg 750w, https:\/\/maybommini.vn\/wp-content\/uploads\/2023\/04\/ac-quy-12v-panasonic-chieu-rong-300x300.jpg 300w, https:\/\/maybommini.vn\/wp-content\/uploads\/2023\/04\/ac-quy-12v-panasonic-chieu-rong-150x150.jpg 150w, https:\/\/maybommini.vn\/wp-content\/uploads\/2023\/04\/ac-quy-12v-panasonic-chieu-rong-600x600.jpg 600w\" sizes=\"(max-width: 750px) 100vw, 750px\" \/><\/a><a href=\"https:\/\/maybommini.com\/wp-content\/uploads\/2023\/04\/ac-quy-12v-panasonic-chieu-cao.jpg\" target=\"_blank\" rel=\"noopener\"><img decoding=\"async\" class=\"size-full wp-image-273397 aligncenter\" src=\"https:\/\/maybommini.com\/wp-content\/uploads\/2023\/04\/ac-quy-12v-panasonic-chieu-cao.jpg\" alt=\"Ac Quy 12v Panasonic Chieu Cao\" width=\"750\" height=\"750\" srcset=\"https:\/\/maybommini.vn\/wp-content\/uploads\/2023\/04\/ac-quy-12v-panasonic-chieu-cao.jpg 750w, https:\/\/maybommini.vn\/wp-content\/uploads\/2023\/04\/ac-quy-12v-panasonic-chieu-cao-300x300.jpg 300w, https:\/\/maybommini.vn\/wp-content\/uploads\/2023\/04\/ac-quy-12v-panasonic-chieu-cao-150x150.jpg 150w, https:\/\/maybommini.vn\/wp-content\/uploads\/2023\/04\/ac-quy-12v-panasonic-chieu-cao-600x600.jpg 600w\" sizes=\"(max-width: 750px) 100vw, 750px\" \/><\/a><br \/>\n<\/strong><\/p>\n<p><strong>H\u01af\u1edaNG D\u1ea8N CH\u00da \u00dd KHI S\u1eec D\u1ee4NG B\u00ccNH \u1eaeC QUY CH\u00cc KH\u00d4 12V<\/strong><br \/>\nN\u1ebfu kh\u00f4ng s\u1eed d\u1ee5ng m\u1ed7i th\u00e1ng c\u0169ng n\u00ean s\u1ea1c \u0111i\u1ec7n 3 \u2013 5 gi\u1edd.<br \/>\n\u1eaec quy kh\u00f4ng \u0111\u01b0\u1ee3c \u0111\u1ec3 \u0111i\u1ec7n th\u1ebf d\u01b0\u1edbi 10V.<br \/>\nQu\u00e1 s\u1ea3 \u0111i\u1ec7n, \u0111i\u1ec7n \u00e1p d\u01b0\u1edbi 8V kh\u00f4ng b\u1ea3o h\u00e0nh.<br \/>\nKh\u00f4ng \u0111\u1ec3 \u0111\u1ea7u c\u1ef1c \u00e2m ch\u1ea1m v\u00e0o c\u1ef1c d\u01b0\u01a1ng.<br \/>\nL\u01b0u tr\u1eef \u1eafc quy n\u1edbi kh\u00f4 m\u00e1t, tho\u00e1ng kh\u00ed, tr\u00e1nh xa tr\u1ebb em.<br \/>\nKh\u00f4ng t\u1ef1 \u00fd th\u00e1o n\u1eafp b\u00ecnh \u1eafc kh\u00f4.<\/p>\n<p><strong><a href=\"https:\/\/maybommini.com\/wp-content\/uploads\/2023\/04\/ac-quy-12v-panasonic-can-nang.jpg\" target=\"_blank\" rel=\"noopener\"><img decoding=\"async\" class=\"size-full wp-image-273396 aligncenter\" src=\"https:\/\/maybommini.com\/wp-content\/uploads\/2023\/04\/ac-quy-12v-panasonic-can-nang.jpg\" alt=\"Ac Quy 12v Panasonic Can Nang\" width=\"750\" height=\"750\" srcset=\"https:\/\/maybommini.vn\/wp-content\/uploads\/2023\/04\/ac-quy-12v-panasonic-can-nang.jpg 750w, https:\/\/maybommini.vn\/wp-content\/uploads\/2023\/04\/ac-quy-12v-panasonic-can-nang-300x300.jpg 300w, https:\/\/maybommini.vn\/wp-content\/uploads\/2023\/04\/ac-quy-12v-panasonic-can-nang-150x150.jpg 150w, https:\/\/maybommini.vn\/wp-content\/uploads\/2023\/04\/ac-quy-12v-panasonic-can-nang-600x600.jpg 600w\" sizes=\"(max-width: 750px) 100vw, 750px\" \/><\/a><\/strong><\/p>\n<p><strong>S\u1eec D\u1ee4NG B\u00ccNH\u00a0\u1eaeC QUY KH\u00d4\u00a0MINI 12V<\/strong><br \/>\n&#8211; D\u00f9ng cho l\u01b0u \u0111i\u1ec7n thang m\u00e1y.<br \/>\n&#8211; D\u00f9ng cho l\u01b0u \u0111i\u1ec7n UPS.<br \/>\n&#8211; B\u00ecnh \u1eafc quy cho c\u1eeda cu\u1ed1n.<br \/>\n&#8211; \u1eaec quy cho thi\u1ebft b\u1ecb \u0111i\u1ec7n cao c\u1ea5p.<br \/>\n&#8211; D\u00f9ng cho h\u1ec7 th\u1ed1ng thi\u1ebft b\u1ecb \u0111i\u1ec7n.<br \/>\n&#8211; D\u00f9ng cho m\u00e1y b\u01a1m n\u01b0\u1edbc mini 12V 24V<br \/>\n&#8211; D\u00f9ng h\u1ec7 th\u1ed1ng Camera.<br \/>\n&#8211; D\u00f9ng ngu\u1ed3n\u00a0\u0111i\u1ec7n d\u1ef1 ph\u00f2ng.<br \/>\n&#8211; D\u00f9ng cho\u00a0\u0111\u00e8n chi\u1ebfu s\u00e1ng c\u1ea7m tay ho\u1eb7c\u00a0\u0111\u00e8n treo t\u01b0\u1eddng d\u1ee5 ph\u00f2ng.<br \/>\n&#8211; D\u00f9ng trong h\u1ec7 th\u1ed1ng m\u00e1y m\u00f3c t\u1ef1\u00a0\u0111\u1ed9ng.<br \/>\n&#8211; D\u00f9ng h\u1ec7 th\u1ed1ng n\u0103ng l\u01b0\u1ee3ng m\u1eb7t tr\u1eddi.<br \/>\n&#8211; D\u00f9ng trong\u00a0\u0111\u1ed3 ch\u01a1i tr\u1ebb em.<br \/>\nV\u00e0\u00a0\u1ee9ng d\u1ee5ng trong nhi\u1ec1u l\u0129nh v\u1ef1c kh\u00e1c&#8230;<br \/>\n&#8211; S\u1eed d\u1ee5ng <a href=\"https:\/\/maybommini.com\/san-pham\/sac-binh-ac-qui-12v-1-2a\" target=\"_blank\" rel=\"noopener noreferrer\">s\u1ea1c \u1eafc quy<\/a>\u00a0\u0111\u1ec3 n\u1ea1p.<\/p>\n<p><strong><a href=\"https:\/\/maybommini.com\/wp-content\/uploads\/2023\/04\/ban-ac-quy-kho-12v-panasonic.jpg\" target=\"_blank\" rel=\"noopener\"><img decoding=\"async\" class=\"size-full wp-image-273393 aligncenter\" src=\"https:\/\/maybommini.com\/wp-content\/uploads\/2023\/04\/ban-ac-quy-kho-12v-panasonic.jpg\" alt=\"Ban Ac Quy Kho 12v Panasonic\" width=\"750\" height=\"750\" srcset=\"https:\/\/maybommini.vn\/wp-content\/uploads\/2023\/04\/ban-ac-quy-kho-12v-panasonic.jpg 750w, https:\/\/maybommini.vn\/wp-content\/uploads\/2023\/04\/ban-ac-quy-kho-12v-panasonic-300x300.jpg 300w, https:\/\/maybommini.vn\/wp-content\/uploads\/2023\/04\/ban-ac-quy-kho-12v-panasonic-150x150.jpg 150w, https:\/\/maybommini.vn\/wp-content\/uploads\/2023\/04\/ban-ac-quy-kho-12v-panasonic-600x600.jpg 600w\" sizes=\"(max-width: 750px) 100vw, 750px\" \/><\/a><\/strong><\/p>\n<p><strong><br \/>\n<a href=\"https:\/\/maybommini.com\/wp-content\/uploads\/2020\/09\/nha-cung-cap-phan-phoi-cac-loai-binh-ac-quy-kho-12V-chinh-hang.jpg\" target=\"_blank\" rel=\"noopener\"><img decoding=\"async\" class=\"size-full wp-image-267200 aligncenter\" src=\"https:\/\/maybommini.com\/wp-content\/uploads\/2020\/09\/nha-cung-cap-phan-phoi-cac-loai-binh-ac-quy-kho-12V-chinh-hang.jpg\" alt=\"Nha Cung Cap Phan Phoi Cac Loai Binh Ac Quy Kho 12V Chinh Hang\" width=\"750\" height=\"750\" srcset=\"https:\/\/maybommini.vn\/wp-content\/uploads\/2020\/09\/nha-cung-cap-phan-phoi-cac-loai-binh-ac-quy-kho-12V-chinh-hang.jpg 750w, https:\/\/maybommini.vn\/wp-content\/uploads\/2020\/09\/nha-cung-cap-phan-phoi-cac-loai-binh-ac-quy-kho-12V-chinh-hang-300x300.jpg 300w, https:\/\/maybommini.vn\/wp-content\/uploads\/2020\/09\/nha-cung-cap-phan-phoi-cac-loai-binh-ac-quy-kho-12V-chinh-hang-150x150.jpg 150w, https:\/\/maybommini.vn\/wp-content\/uploads\/2020\/09\/nha-cung-cap-phan-phoi-cac-loai-binh-ac-quy-kho-12V-chinh-hang-600x600.jpg 600w\" sizes=\"(max-width: 750px) 100vw, 750px\" \/><\/a><br \/>\nB\u00c1N B\u00ccNH \u1eaeC QUY KH\u00d4 MINI 12V \u1ede \u0110\u00c2U ?<\/strong><br \/>\n<strong>Ch\u00fang t\u00f4i nh\u00e0 cung c\u1ea5p ph\u00e2n ph\u1ed1i to\u00e0n qu\u1ed1c c\u00e1c lo\u1ea1i b\u00e1n b\u00ecnh \u1eafc quy kh\u00f4 mini \u0111\u1ebfn c\u00e1c lo\u1ea1i \u00e1c quy c\u00e1c dung l\u01b0\u1ee3ng r\u1ea5t l\u1edbn v\u1edbi gi\u00e1 h\u1ee3p l\u00fd v\u00e0 b\u1ea3o h\u00e0nh ch\u00ednh h\u00e3ng.<\/strong><br \/>\n<strong>Website:<\/strong>\u00a0<a href=\"https:\/\/maybommini.com\" target=\"_blank\" rel=\"noopener\">https:\/\/maybommini.com<\/a><br \/>\n<strong>Email:<\/strong> maybommini.com@gmail.com<br \/>\n<strong>Tel:<\/strong> 02873030399 &#8211; 0907294310<\/p>\n<h3 style=\"text-align: center;\">Lead acid battery 12V<br \/>\nB\u00ecnh \u1eafc quy kh\u00f4 12V 3.5Ah Panasonic<\/h3>\n<h3 style=\"text-align: center;\"><a href=\"https:\/\/maybommini.com\/san-pham\/binh-ac-quy-kho-6v-7-5ah-panasonic\" target=\"_blank\" rel=\"noopener\">B\u00ecnh \u1eafc quy kh\u00f4 6V 7.5Ah Panasonic<\/a><br \/>\n<a title=\"B\u00ecnh \u1eafc quy kh\u00f4 6V 1.4Ah Panasonic\" href=\"https:\/\/maybommini.com\/san-pham\/binh-ac-quy-kho-6v-1-4ah-panasonic\" target=\"_blank\" rel=\"noopener\">B\u00ecnh \u1eafc quy kh\u00f4 6V 1.4Ah Panasonic<\/a><br \/>\n<a href=\"https:\/\/maybommini.com\/san-pham\/binh-ac-quy-kho-6v-5ah-globe-chinh-hang\" target=\"_blank\" rel=\"noopener\">B\u00ecnh \u1eafc quy kh\u00f4 6V 5Ah Globe ch\u00ednh h\u00e3ng<\/a><br \/>\n<a href=\"https:\/\/maybommini.com\/san-pham\/binh-ac-quy-kho-12v-7-5ah-globe-chinh-hang\" target=\"_blank\" rel=\"noopener\">B\u00ecnh \u1eafc quy kh\u00f4 12V 7.5Ah Globe ch\u00ednh h\u00e3ng<\/a><br \/>\nB\u00ecnh \u1eafc quy kh\u00f4 12V 9.0Ah Globe ch\u00ednh h\u00e3ng<br \/>\n<a href=\"https:\/\/maybommini.com\/san-pham\/binh-ac-quy-kho-12v-12ah-globe-chinh-hang\" target=\"_blank\" rel=\"noopener noreferrer\">B\u00ecnh \u1eafc quy kh\u00f4 12V 12Ah Globe ch\u00ednh h\u00e3ng<\/a><br \/>\n<a href=\"https:\/\/maybommini.com\/san-pham\/binh-ac-quy-kho-12v-20ah-globe-chinh-hang\" target=\"_blank\" rel=\"noopener noreferrer\">B\u00ecnh \u1eafc quy kh\u00f4 12V 20Ah Globe ch\u00ednh h\u00e3ng<\/a><\/h3>\n","protected":false},"excerpt":{"rendered":"<p>Th\u01b0\u01a1ng hi\u1ec7u: PANASONIC<br \/>\nModel: UP-VW1235P1<br \/>\n\u0110i\u1ec7n th\u1ebf:12V<br \/>\nDung l\u01b0\u1ee3ng: 3.5Ah<br \/>\n\u0110i\u1ec7n th\u1ebf s\u1ea1c v\u00e0o: 13.5V &#8211; 14.0V<br \/>\nD\u00f2ng s\u1ea1c v\u00e0o: 1A &#8211; 2A<br \/>\n\u1eaec quy chuy\u00ean d\u1ee5ng tu\u1ed5i th\u1ecd cao.<br \/>\nLo\u1ea1i \u1eafc quy ch\u00ec kh\u00f4.<br \/>\nK\u00edch th\u01b0\u1edbc: 17.5 x 3.0 x 6.0 cm.<br \/>\nTr\u1ecdng l\u01b0\u1ee3ng: 900 g.<br \/>\nB\u1ea3o h\u00e0nh: 3 th\u00e1ng<br \/>\n<strong>Mua s\u1ed1 l\u01b0\u1ee3ng c\u00f3 gi\u00e1 t\u1ed1t<\/strong><\/p>\n","protected":false},"featured_media":273395,"comment_status":"open","ping_status":"closed","template":"","meta":[],"product_brand":[],"product_cat":[214,1486,4122],"product_tag":[267,3400,4123,4124,1488,1539,2322,3396,3399,3390,3389,1489,1490,1491,3541,3386,1492,3191,1493,3388,275,435],"class_list":{"0":"post-273390","1":"product","2":"type-product","3":"status-publish","4":"has-post-thumbnail","6":"product_cat-phu-kien-bom-nuoc","7":"product_cat-binh-ac-quy","8":"product_cat-ac-quy-12v","9":"product_tag-12v","10":"product_tag-12v-1-4ah","11":"product_tag-12v-3-5ah","12":"product_tag-3-5ah","13":"product_tag-ac-quy","14":"product_tag-ac-quy-kho","15":"product_tag-ac-quy-mini","16":"product_tag-ac-quy-outdo","17":"product_tag-ac-quy-panasonic","18":"product_tag-ac-quy-thang-may","19":"product_tag-ac-quy-ups","20":"product_tag-apollo","21":"product_tag-binh","22":"product_tag-binh-ac","23":"product_tag-binh-ac-quy","24":"product_tag-binh-ac-quy-kho","25":"product_tag-binh-ac-quy-nho","26":"product_tag-binh-dien","27":"product_tag-binh-kho","28":"product_tag-lead-acid-battery","29":"product_tag-mini","30":"product_tag-sac-ac-quy","32":"first","33":"instock","34":"sale","35":"shipping-taxable","36":"purchasable","37":"product-type-simple"},"_links":{"self":[{"href":"https:\/\/maybommini.vn\/index.php?rest_route=\/wp\/v2\/product\/273390","targetHints":{"allow":["GET"]}}],"collection":[{"href":"https:\/\/maybommini.vn\/index.php?rest_route=\/wp\/v2\/product"}],"about":[{"href":"https:\/\/maybommini.vn\/index.php?rest_route=\/wp\/v2\/types\/product"}],"replies":[{"embeddable":true,"href":"https:\/\/maybommini.vn\/index.php?rest_route=%2Fwp%2Fv2%2Fcomments&post=273390"}],"wp:featuredmedia":[{"embeddable":true,"href":"https:\/\/maybommini.vn\/index.php?rest_route=\/wp\/v2\/media\/273395"}],"wp:attachment":[{"href":"https:\/\/maybommini.vn\/index.php?rest_route=%2Fwp%2Fv2%2Fmedia&parent=273390"}],"wp:term":[{"taxonomy":"product_brand","embeddable":true,"href":"https:\/\/maybommini.vn\/index.php?rest_route=%2Fwp%2Fv2%2Fproduct_brand&post=273390"},{"taxonomy":"product_cat","embeddable":true,"href":"https:\/\/maybommini.vn\/index.php?rest_route=%2Fwp%2Fv2%2Fproduct_cat&post=273390"},{"taxonomy":"product_tag","embeddable":true,"href":"https:\/\/maybommini.vn\/index.php?rest_route=%2Fwp%2Fv2%2Fproduct_tag&post=273390"}],"curies":[{"name":"wp","href":"https:\/\/api.w.org\/{rel}","templated":true}]}}