{"id":273399,"date":"2023-04-06T12:29:24","date_gmt":"2023-04-06T05:29:24","guid":{"rendered":"https:\/\/maybommini.com\/?post_type=product&#038;p=273399"},"modified":"2024-12-22T15:03:15","modified_gmt":"2024-12-22T08:03:15","slug":"may-bom-dau-12v-600w-100l-smartpumps","status":"publish","type":"product","link":"https:\/\/maybommini.vn\/?product=may-bom-dau-12v-600w-100l-smartpumps","title":{"rendered":"M\u00e1y b\u01a1m d\u1ea7u 12V 600W 100L SmartPumps"},"content":{"rendered":"<p><strong>M\u00e1y b\u01a1m d\u1ea7u 12V 600W 100L SmartPumps chuy\u00ean d\u1ee5ng c\u00f4ng su\u1ea5t b\u01a1m nhanh m\u1ea1nh. V\u1edbi c\u00f4ng xu\u1ea5t b\u01a1m l\u1edbn v\u00e0 l\u01b0u l\u01b0\u1ee3ng cao th\u00edch h\u1ee3p b\u01a1m nhi\u00ean li\u1ec7u t\u00e0u xe ph\u01b0\u01a1ng ti\u1ec7n b\u01a1m sang chi\u1ebft ch\u1ea5t l\u1ecfng, b\u01a1m d\u1ea7u nh\u1edbt \u0111\u00e2y l\u00e0 s\u1ea3n ph\u1ea9m ch\u1ea5t l\u01b0\u1ee3ng cao gi\u00e1 t\u1ed1t.<\/strong><\/p>\n<p><strong><a href=\"https:\/\/maybommini.com\/wp-content\/uploads\/2023\/04\/May-bom-dau-12V-600W-100L.jpg\" target=\"_blank\" rel=\"noopener\"><img decoding=\"async\" class=\"size-full wp-image-273407 aligncenter\" src=\"https:\/\/maybommini.com\/wp-content\/uploads\/2023\/04\/May-bom-dau-12V-600W-100L.jpg\" alt=\"May Bom Dau 12V 600W 100L\" width=\"750\" height=\"750\" srcset=\"https:\/\/maybommini.vn\/wp-content\/uploads\/2023\/04\/May-bom-dau-12V-600W-100L.jpg 750w, https:\/\/maybommini.vn\/wp-content\/uploads\/2023\/04\/May-bom-dau-12V-600W-100L-300x300.jpg 300w, https:\/\/maybommini.vn\/wp-content\/uploads\/2023\/04\/May-bom-dau-12V-600W-100L-150x150.jpg 150w, https:\/\/maybommini.vn\/wp-content\/uploads\/2023\/04\/May-bom-dau-12V-600W-100L-600x600.jpg 600w\" sizes=\"(max-width: 750px) 100vw, 750px\" \/><\/a>TH\u00d4NG S\u1ed0 K\u1ef8 THU\u1eacT<br \/>\n<\/strong>Th\u01b0\u01a1ng hi\u1ec7u: SMARTPUMPS<br \/>\nModel: EP-100-12-600<br \/>\n\u0110i\u1ec7n th\u1ebf: 12V DC<br \/>\nC\u00f4ng su\u1ea5t: 600W<br \/>\nL\u01b0u l\u01b0\u1ee3ng: 80 &#8211; 100 L\/ph\u00fat<br \/>\nH\u00fat s\u00e2u: 2 &#8211; 3 m\u00e9t.<br \/>\n\u0110\u1ea9y cao: 15 m\u00e9t.<br \/>\n\u1ed0ng ra v\u00e0o: 32 mm.<br \/>\nCh\u1ea5t li\u1ec7u: Inox Gang \u0110\u1ed3ng Nh\u1ef1a ABS<br \/>\nM\u00e1y b\u01a1m t\u1ef1\u00a0\u0111\u1ed9ng m\u1ed3i.<br \/>\nTr\u1ecdng l\u01b0\u1ee3ng: 13.8 kg<br \/>\nK\u00edch th\u01b0\u1edbc: 31 x 18 18 cm.<br \/>\nT\u00ecnh tr\u1ea1ng: H\u00e0ng m\u1edbi 100%<br \/>\nB\u1ea3o h\u00e0nh: 6 th\u00e1ng.<br \/>\nKh\u00f4ng b\u1ea3o h\u00e0nh c\u00e1nh m\u00e1y b\u01a1m v\u00e0 ch\u1ed5i than.<br \/>\nC\u00e1nh m\u00e1y b\u01a1m v\u00e0 ch\u1ed5i than m\u00f2n thay m\u1edbi.<br \/>\nPh\u1ee5 ki\u1ec7n: \u0110\u1ea7u n\u1ed1i \u1ed1ng, L\u1ecdc inox.<\/p>\n<p><a href=\"https:\/\/maybommini.com\/wp-content\/uploads\/2023\/04\/bom-dau-nhot-12v-600w-100l-smartpumps.jpg\" target=\"_blank\" rel=\"noopener\"><img decoding=\"async\" class=\"size-full wp-image-273403 aligncenter\" src=\"https:\/\/maybommini.com\/wp-content\/uploads\/2023\/04\/bom-dau-nhot-12v-600w-100l-smartpumps.jpg\" alt=\"Bom Dau Nhot 12v 600w 100l Smartpumps\" width=\"750\" height=\"750\" srcset=\"https:\/\/maybommini.vn\/wp-content\/uploads\/2023\/04\/bom-dau-nhot-12v-600w-100l-smartpumps.jpg 750w, https:\/\/maybommini.vn\/wp-content\/uploads\/2023\/04\/bom-dau-nhot-12v-600w-100l-smartpumps-300x300.jpg 300w, https:\/\/maybommini.vn\/wp-content\/uploads\/2023\/04\/bom-dau-nhot-12v-600w-100l-smartpumps-150x150.jpg 150w, https:\/\/maybommini.vn\/wp-content\/uploads\/2023\/04\/bom-dau-nhot-12v-600w-100l-smartpumps-600x600.jpg 600w\" sizes=\"(max-width: 750px) 100vw, 750px\" \/><\/a><a href=\"https:\/\/maybommini.com\/wp-content\/uploads\/2023\/04\/ban-may-bom-dau-nhot-12v-600w.jpg\" target=\"_blank\" rel=\"noopener\"><img decoding=\"async\" class=\"size-full wp-image-273409 aligncenter\" src=\"https:\/\/maybommini.com\/wp-content\/uploads\/2023\/04\/ban-may-bom-dau-nhot-12v-600w.jpg\" alt=\"Ban May Bom Dau Nhot 12v 600w\" width=\"750\" height=\"750\" srcset=\"https:\/\/maybommini.vn\/wp-content\/uploads\/2023\/04\/ban-may-bom-dau-nhot-12v-600w.jpg 750w, https:\/\/maybommini.vn\/wp-content\/uploads\/2023\/04\/ban-may-bom-dau-nhot-12v-600w-300x300.jpg 300w, https:\/\/maybommini.vn\/wp-content\/uploads\/2023\/04\/ban-may-bom-dau-nhot-12v-600w-150x150.jpg 150w, https:\/\/maybommini.vn\/wp-content\/uploads\/2023\/04\/ban-may-bom-dau-nhot-12v-600w-600x600.jpg 600w\" sizes=\"(max-width: 750px) 100vw, 750px\" \/><\/a><a href=\"https:\/\/maybommini.com\/wp-content\/uploads\/2023\/04\/bom-dau-nhot-12v-600w-100l.jpg\" target=\"_blank\" rel=\"noopener\"><img decoding=\"async\" class=\"size-full wp-image-273402 aligncenter\" src=\"https:\/\/maybommini.com\/wp-content\/uploads\/2023\/04\/bom-dau-nhot-12v-600w-100l.jpg\" alt=\"Bom Dau Nhot 12v 600w 100l\" width=\"750\" height=\"750\" srcset=\"https:\/\/maybommini.vn\/wp-content\/uploads\/2023\/04\/bom-dau-nhot-12v-600w-100l.jpg 750w, https:\/\/maybommini.vn\/wp-content\/uploads\/2023\/04\/bom-dau-nhot-12v-600w-100l-300x300.jpg 300w, https:\/\/maybommini.vn\/wp-content\/uploads\/2023\/04\/bom-dau-nhot-12v-600w-100l-150x150.jpg 150w, https:\/\/maybommini.vn\/wp-content\/uploads\/2023\/04\/bom-dau-nhot-12v-600w-100l-600x600.jpg 600w\" sizes=\"(max-width: 750px) 100vw, 750px\" \/><\/a><a href=\"https:\/\/maybommini.com\/wp-content\/uploads\/2023\/04\/motor-may-bom-dau-12v-600w-day-loi-dong-cao-cap.jpg\" target=\"_blank\" rel=\"noopener\"><img decoding=\"async\" class=\"size-full wp-image-273408 aligncenter\" src=\"https:\/\/maybommini.com\/wp-content\/uploads\/2023\/04\/motor-may-bom-dau-12v-600w-day-loi-dong-cao-cap.jpg\" alt=\"Motor May Bom Dau 12v 600w Day Loi Dong Cao Cap\" width=\"750\" height=\"750\" srcset=\"https:\/\/maybommini.vn\/wp-content\/uploads\/2023\/04\/motor-may-bom-dau-12v-600w-day-loi-dong-cao-cap.jpg 750w, https:\/\/maybommini.vn\/wp-content\/uploads\/2023\/04\/motor-may-bom-dau-12v-600w-day-loi-dong-cao-cap-300x300.jpg 300w, https:\/\/maybommini.vn\/wp-content\/uploads\/2023\/04\/motor-may-bom-dau-12v-600w-day-loi-dong-cao-cap-150x150.jpg 150w, https:\/\/maybommini.vn\/wp-content\/uploads\/2023\/04\/motor-may-bom-dau-12v-600w-day-loi-dong-cao-cap-600x600.jpg 600w\" sizes=\"(max-width: 750px) 100vw, 750px\" \/><\/a><a href=\"https:\/\/maybommini.com\/wp-content\/uploads\/2023\/04\/dau-bom-may-xang-dau-12v-600w.jpg\" target=\"_blank\" rel=\"noopener\"><img decoding=\"async\" class=\"size-full wp-image-273406 aligncenter\" src=\"https:\/\/maybommini.com\/wp-content\/uploads\/2023\/04\/dau-bom-may-xang-dau-12v-600w.jpg\" alt=\"Dau Bom May Xang Dau 12v 600w\" width=\"750\" height=\"750\" srcset=\"https:\/\/maybommini.vn\/wp-content\/uploads\/2023\/04\/dau-bom-may-xang-dau-12v-600w.jpg 750w, https:\/\/maybommini.vn\/wp-content\/uploads\/2023\/04\/dau-bom-may-xang-dau-12v-600w-300x300.jpg 300w, https:\/\/maybommini.vn\/wp-content\/uploads\/2023\/04\/dau-bom-may-xang-dau-12v-600w-150x150.jpg 150w, https:\/\/maybommini.vn\/wp-content\/uploads\/2023\/04\/dau-bom-may-xang-dau-12v-600w-600x600.jpg 600w\" sizes=\"(max-width: 750px) 100vw, 750px\" \/><\/a><a href=\"https:\/\/maybommini.com\/wp-content\/uploads\/2023\/04\/bom-dau-cao-cap-luu-luong-lon-12v-600w-can-nang.jpg\" target=\"_blank\" rel=\"noopener\"><img decoding=\"async\" class=\"size-full wp-image-273401 aligncenter\" src=\"https:\/\/maybommini.com\/wp-content\/uploads\/2023\/04\/bom-dau-cao-cap-luu-luong-lon-12v-600w-can-nang.jpg\" alt=\"Bom Dau Cao Cap Luu Luong Lon 12v 600w Can Nang\" width=\"750\" height=\"750\" srcset=\"https:\/\/maybommini.vn\/wp-content\/uploads\/2023\/04\/bom-dau-cao-cap-luu-luong-lon-12v-600w-can-nang.jpg 750w, https:\/\/maybommini.vn\/wp-content\/uploads\/2023\/04\/bom-dau-cao-cap-luu-luong-lon-12v-600w-can-nang-300x300.jpg 300w, https:\/\/maybommini.vn\/wp-content\/uploads\/2023\/04\/bom-dau-cao-cap-luu-luong-lon-12v-600w-can-nang-150x150.jpg 150w, https:\/\/maybommini.vn\/wp-content\/uploads\/2023\/04\/bom-dau-cao-cap-luu-luong-lon-12v-600w-can-nang-600x600.jpg 600w\" sizes=\"(max-width: 750px) 100vw, 750px\" \/><\/a><a href=\"https:\/\/maybommini.com\/wp-content\/uploads\/2023\/04\/choi-than-may-bom-dau-12v-600w.jpg\" target=\"_blank\" rel=\"noopener\"><img decoding=\"async\" class=\"size-full wp-image-273405 aligncenter\" src=\"https:\/\/maybommini.com\/wp-content\/uploads\/2023\/04\/choi-than-may-bom-dau-12v-600w.jpg\" alt=\"Choi Than May Bom Dau 12v 600w\" width=\"750\" height=\"750\" srcset=\"https:\/\/maybommini.vn\/wp-content\/uploads\/2023\/04\/choi-than-may-bom-dau-12v-600w.jpg 750w, https:\/\/maybommini.vn\/wp-content\/uploads\/2023\/04\/choi-than-may-bom-dau-12v-600w-300x300.jpg 300w, https:\/\/maybommini.vn\/wp-content\/uploads\/2023\/04\/choi-than-may-bom-dau-12v-600w-150x150.jpg 150w, https:\/\/maybommini.vn\/wp-content\/uploads\/2023\/04\/choi-than-may-bom-dau-12v-600w-600x600.jpg 600w\" sizes=\"(max-width: 750px) 100vw, 750px\" \/><\/a><a href=\"https:\/\/maybommini.com\/wp-content\/uploads\/2023\/04\/canh-quat-may-bom-xang-dau-12v-600w.jpg\" target=\"_blank\" rel=\"noopener\"><img decoding=\"async\" class=\"size-full wp-image-273404 aligncenter\" src=\"https:\/\/maybommini.com\/wp-content\/uploads\/2023\/04\/canh-quat-may-bom-xang-dau-12v-600w.jpg\" alt=\"Canh Quat May Bom Xang Dau 12v 600w\" width=\"750\" height=\"750\" srcset=\"https:\/\/maybommini.vn\/wp-content\/uploads\/2023\/04\/canh-quat-may-bom-xang-dau-12v-600w.jpg 750w, https:\/\/maybommini.vn\/wp-content\/uploads\/2023\/04\/canh-quat-may-bom-xang-dau-12v-600w-300x300.jpg 300w, https:\/\/maybommini.vn\/wp-content\/uploads\/2023\/04\/canh-quat-may-bom-xang-dau-12v-600w-150x150.jpg 150w, https:\/\/maybommini.vn\/wp-content\/uploads\/2023\/04\/canh-quat-may-bom-xang-dau-12v-600w-600x600.jpg 600w\" sizes=\"(max-width: 750px) 100vw, 750px\" \/><\/a><a href=\"https:\/\/maybommini.com\/wp-content\/uploads\/2019\/06\/Bo-phu-kien-may-bom-dau.jpg\" target=\"_blank\" rel=\"noopener\"><img decoding=\"async\" class=\"size-full wp-image-262167 aligncenter\" src=\"https:\/\/maybommini.com\/wp-content\/uploads\/2019\/06\/Bo-phu-kien-may-bom-dau.jpg\" alt=\"Bo Phu Kien May Bom Dau\" width=\"750\" height=\"750\" srcset=\"https:\/\/maybommini.vn\/wp-content\/uploads\/2019\/06\/Bo-phu-kien-may-bom-dau.jpg 750w, https:\/\/maybommini.vn\/wp-content\/uploads\/2019\/06\/Bo-phu-kien-may-bom-dau-300x300.jpg 300w, https:\/\/maybommini.vn\/wp-content\/uploads\/2019\/06\/Bo-phu-kien-may-bom-dau-150x150.jpg 150w, https:\/\/maybommini.vn\/wp-content\/uploads\/2019\/06\/Bo-phu-kien-may-bom-dau-600x600.jpg 600w\" sizes=\"(max-width: 750px) 100vw, 750px\" \/><\/a><\/p>\n<h4 style=\"text-align: center;\">M\u00e1y b\u01a1m d\u1ea7u 12V 600W 100L SmartPumps<br \/>\nOil Pump Diesel Fuel Water Transfer Oil Suction Pump<\/h4>\n<p><strong>\u1ee8NG D\u1ee4NG M\u00c1Y B\u01a0M D\u1eb0U<\/strong><br \/>\nB\u01a1m chuy\u00ean d\u1ee5ng nhi\u00ean li\u1ec7u cho xe \u00d4to, t\u00e0u thuy\u1ec1n v\u00e0 c\u00e1c ph\u01b0\u01a1ng ti\u1ec7n kh\u00e1c.<br \/>\nD\u00f9ng b\u01a1m d\u1ea7u nh\u00e0 kho.<br \/>\nB\u01a1m d\u1ea7u v\u00e0o b\u1ed3n\u00a0ch\u1ee9a.<br \/>\nB\u01a1m nhi\u00ean li\u1ec7u t\u00e0u thuy\u1ec1n, x\u00e0 lan.<br \/>\nB\u01a1m d\u1ea7u xe t\u1ea3i.<br \/>\nB\u01a1m nh\u1edbt c\u00e1c lo\u1ea1i.<br \/>\nB\u01a1m sang chi\u1ebft nhi\u00ean li\u1ec7u.<br \/>\nM\u00e1y b\u01a1m d\u1ea7u h\u1ecfa.<br \/>\nM\u00e1y b\u01a1m d\u1ea7u\u00a0diesel.<br \/>\nB\u01a1m h\u00fat n\u01b0\u1edbc.<br \/>\nV\u00e0 d\u00f9ng b\u01a1m c\u00e1c lo\u1ea1i ch\u1ea5t l\u1ecfng kh\u00e1c.<br \/>\n<a href=\"https:\/\/maybommini.com\/wp-content\/uploads\/2019\/06\/Su-dung-may-bom-dau.jpg\" target=\"_blank\" rel=\"noopener\"><img decoding=\"async\" class=\"size-full wp-image-262175 aligncenter\" src=\"https:\/\/maybommini.com\/wp-content\/uploads\/2019\/06\/Su-dung-may-bom-dau.jpg\" alt=\"Su Dung May Bom Dau\" width=\"750\" height=\"750\" srcset=\"https:\/\/maybommini.vn\/wp-content\/uploads\/2019\/06\/Su-dung-may-bom-dau.jpg 750w, https:\/\/maybommini.vn\/wp-content\/uploads\/2019\/06\/Su-dung-may-bom-dau-300x300.jpg 300w, https:\/\/maybommini.vn\/wp-content\/uploads\/2019\/06\/Su-dung-may-bom-dau-150x150.jpg 150w, https:\/\/maybommini.vn\/wp-content\/uploads\/2019\/06\/Su-dung-may-bom-dau-600x600.jpg 600w\" sizes=\"(max-width: 750px) 100vw, 750px\" \/><\/a><\/p>\n<p><a href=\"https:\/\/maybommini.com\/wp-content\/uploads\/2018\/09\/cung-cap-may-bom-xang-dau-so-1-VN.jpg\" target=\"_blank\" rel=\"noopener\"><img decoding=\"async\" class=\"aligncenter wp-image-260127\" src=\"https:\/\/maybommini.com\/wp-content\/uploads\/2018\/09\/cung-cap-may-bom-xang-dau-so-1-VN.jpg\" alt=\"Cung Cap May Bom Xang Dau So 1 VN\" width=\"750\" height=\"750\" srcset=\"https:\/\/maybommini.vn\/wp-content\/uploads\/2018\/09\/cung-cap-may-bom-xang-dau-so-1-VN.jpg 820w, https:\/\/maybommini.vn\/wp-content\/uploads\/2018\/09\/cung-cap-may-bom-xang-dau-so-1-VN-300x300.jpg 300w, https:\/\/maybommini.vn\/wp-content\/uploads\/2018\/09\/cung-cap-may-bom-xang-dau-so-1-VN-150x150.jpg 150w, https:\/\/maybommini.vn\/wp-content\/uploads\/2018\/09\/cung-cap-may-bom-xang-dau-so-1-VN-600x600.jpg 600w\" sizes=\"(max-width: 750px) 100vw, 750px\" \/><\/a><\/p>\n<p><strong>CH\u00cdNH S\u00c1CH B\u1ea2O H\u00c0NH M\u00c1Y B\u01a0M X\u0102NG D\u1ea6U NH\u1edaT<\/strong><br \/>\nM\u00e1y b\u01a1m x\u0103ng d\u1ea7u nh\u1edbt b\u1ea3o h\u00e0nh motor t\u1eeb 3 th\u00e1ng \u0111\u1ebfn 12 th\u00e1ng t\u00f9y lo\u1ea1i.<br \/>\nM\u00e1y b\u01a1m x\u0103ng d\u1ea7u kh\u00f4ng b\u1ea3o h\u00e0nh ph\u1ee5 ki\u1ec7n k\u00e8m theo.<br \/>\nKh\u00f4ng b\u1ea3o h\u00e0nh c\u00e1nh m\u00e1y b\u01a1m, m\u00f2n thay m\u1edbi.<br \/>\nKh\u00f4ng b\u1ea3o h\u00e0nh ch\u1ed5i than, m\u00f2n thay m\u1edbi.<\/p>\n<p><a href=\"https:\/\/maybommini.com\/wp-content\/uploads\/2023\/04\/May-bom-dau-12V-600W-100L.jpg\" target=\"_blank\" rel=\"noopener\"><img decoding=\"async\" class=\"size-full wp-image-273407 aligncenter\" src=\"https:\/\/maybommini.com\/wp-content\/uploads\/2023\/04\/May-bom-dau-12V-600W-100L.jpg\" alt=\"May Bom Dau 12V 600W 100L\" width=\"750\" height=\"750\" srcset=\"https:\/\/maybommini.vn\/wp-content\/uploads\/2023\/04\/May-bom-dau-12V-600W-100L.jpg 750w, https:\/\/maybommini.vn\/wp-content\/uploads\/2023\/04\/May-bom-dau-12V-600W-100L-300x300.jpg 300w, https:\/\/maybommini.vn\/wp-content\/uploads\/2023\/04\/May-bom-dau-12V-600W-100L-150x150.jpg 150w, https:\/\/maybommini.vn\/wp-content\/uploads\/2023\/04\/May-bom-dau-12V-600W-100L-600x600.jpg 600w\" sizes=\"(max-width: 750px) 100vw, 750px\" \/><\/a><\/p>\n<p><strong>LI\u00caN H\u1ec6 MUA M\u00c1Y B\u01a0M X\u0102NG D\u1ea6U NH\u1edaT<\/strong><br \/>\nCh\u00fang t\u00f4i nh\u00e0 cung c\u1ea5p h\u00e0ng \u0111\u1ea7u c\u00e1c lo\u1ea1i m\u00e1y b\u01a1m nhi\u00ean nhi\u1ec7u cao c\u1ea5p 12V 24V 220V t\u1ea1i Vi\u1ec7t Nam b\u1ea3o h\u00e0nh l\u00e2u d\u00e0i c\u00f3 gi\u00e1 t\u1ed1t nh\u1ea5t uy t\u00edn. Li\u00ean h\u1ec7 mua m\u00e1y b\u01a1m tr\u1ef1c ti\u1ebfp ho\u1eb7c \u0111\u1eb7t h\u00e0ng online \u0111\u1ec3 \u0111\u01b0\u1ee3c h\u1ed5 tr\u1ee3 t\u1ed1t nh\u1ea5t. M\u00e1y B\u01a1m Mini c\u00f3 giao h\u00e0ng to\u00e0n qu\u1ed1c v\u00e0 thu ti\u1ec1n khi nh\u1eadn h\u00e0ng t\u1ea1i nh\u00e0 uy t\u00edn ch\u1ea5t l\u01b0\u1ee3ng.<\/p>\n<p><a href=\"https:\/\/maybommini.com\/wp-content\/uploads\/2023\/04\/bom-dau-cao-cap-luu-luong-lon-12v-600w.jpg\" target=\"_blank\" rel=\"noopener\"><img decoding=\"async\" class=\"size-full wp-image-273400 aligncenter\" src=\"https:\/\/maybommini.com\/wp-content\/uploads\/2023\/04\/bom-dau-cao-cap-luu-luong-lon-12v-600w.jpg\" alt=\"Bom Dau Cao Cap Luu Luong Lon 12v 600w\" width=\"750\" height=\"750\" srcset=\"https:\/\/maybommini.vn\/wp-content\/uploads\/2023\/04\/bom-dau-cao-cap-luu-luong-lon-12v-600w.jpg 750w, https:\/\/maybommini.vn\/wp-content\/uploads\/2023\/04\/bom-dau-cao-cap-luu-luong-lon-12v-600w-300x300.jpg 300w, https:\/\/maybommini.vn\/wp-content\/uploads\/2023\/04\/bom-dau-cao-cap-luu-luong-lon-12v-600w-150x150.jpg 150w, https:\/\/maybommini.vn\/wp-content\/uploads\/2023\/04\/bom-dau-cao-cap-luu-luong-lon-12v-600w-600x600.jpg 600w\" sizes=\"(max-width: 750px) 100vw, 750px\" \/><\/a><\/p>\n<p><strong>CTY TNHH TH\u01af\u01a0NG M\u1ea0I D\u1ecaCH V\u1ee4 \u0110I\u1ec6N M\u00c1Y TH\u00d4NG MINH<\/strong><br \/>\nHotline: 02873030399 &#8211; 0907294310<br \/>\nEmail: maybommini.com@gmail.com<br \/>\nWebsite: <a href=\"https:\/\/maybommini.com\" target=\"_blank\" rel=\"noopener\">https:\/\/maybommini.com<\/a><br \/>\nYoutube demo: <a href=\"https:\/\/www.youtube.com\/bahamasali\" target=\"_blank\" rel=\"noopener\">https:\/\/www.youtube.com\/bahamasali<\/a><\/p>\n","protected":false},"excerpt":{"rendered":"<p><span style=\"color: #000000;\"><strong>TH\u00d4NG S\u1ed0 K\u1ef8 THU\u1eacT<br \/>\n<\/strong>Th\u01b0\u01a1ng hi\u1ec7u: SMARTPUMPS<br \/>\nModel: EP-100-12-600<br \/>\n\u0110i\u1ec7n th\u1ebf: 12V DC<br \/>\nC\u00f4ng su\u1ea5t: 600W<br \/>\nL\u01b0u l\u01b0\u1ee3ng: 80 &#8211; 100 L\/ph\u00fat<br \/>\nH\u00fat s\u00e2u: 2 &#8211; 3 m\u00e9t.<br \/>\n\u0110\u1ea9y cao: 15 m\u00e9t.<br \/>\n\u1ed0ng ra v\u00e0o: 32 mm.<br \/>\nCh\u1ea5t li\u1ec7u: Inox Gang \u0110\u1ed3ng Nh\u1ef1a ABS<br \/>\nM\u00e1y b\u01a1m t\u1ef1\u00a0\u0111\u1ed9ng m\u1ed3i.<br \/>\nTr\u1ecdng l\u01b0\u1ee3ng: 13.8 kg<br \/>\nK\u00edch th\u01b0\u1edbc: 31 x 18 18 cm.<br \/>\nT\u00ecnh tr\u1ea1ng: H\u00e0ng m\u1edbi 100%<br \/>\nB\u1ea3o h\u00e0nh: 6 th\u00e1ng.<br \/>\nKh\u00f4ng b\u1ea3o h\u00e0nh c\u00e1nh m\u00e1y b\u01a1m v\u00e0 ch\u1ed5i than.<br \/>\nC\u00e1nh m\u00e1y b\u01a1m v\u00e0 ch\u1ed5i than m\u00f2n thay m\u1edbi.<br \/>\nPh\u1ee5 ki\u1ec7n: \u0110\u1ea7u n\u1ed1i \u1ed1ng, L\u1ecdc inox.<br \/>\n<\/span><\/p>\n","protected":false},"featured_media":273407,"comment_status":"open","ping_status":"closed","template":"","meta":[],"product_brand":[],"product_cat":[383,1115],"product_tag":[267,4125,500,488,1155,387,388,1231,1241,858,1989,1103,2002,206,523,524,1238,859,527,529,2849,2850],"class_list":{"0":"post-273399","1":"product","2":"type-product","3":"status-publish","4":"has-post-thumbnail","6":"product_cat-may-bom-xang-dau-nhot","7":"product_cat-may-bom-xang-dau-nhot-12v","8":"product_tag-12v","9":"product_tag-12v-600w","10":"product_tag-220v","11":"product_tag-24v","12":"product_tag-550w","13":"product_tag-bom-dau","14":"product_tag-bom-dau-diesel","15":"product_tag-bom-may-bom-dau","16":"product_tag-bom-tu-hut","17":"product_tag-bom-xang","18":"product_tag-bom-xang-dau","19":"product_tag-diesel","20":"product_tag-maxpumps","21":"product_tag-may-bom-12v","22":"product_tag-may-bom-dau","23":"product_tag-may-bom-dau-12v","24":"product_tag-may-bom-dau-nhot","25":"product_tag-may-bom-nhot","26":"product_tag-may-bom-xang","27":"product_tag-may-bom-xang-dau-nhot","28":"product_tag-oil-pump-diesel","29":"product_tag-oil-suction-pump","31":"first","32":"instock","33":"featured","34":"shipping-taxable","35":"purchasable","36":"product-type-simple"},"_links":{"self":[{"href":"https:\/\/maybommini.vn\/index.php?rest_route=\/wp\/v2\/product\/273399","targetHints":{"allow":["GET"]}}],"collection":[{"href":"https:\/\/maybommini.vn\/index.php?rest_route=\/wp\/v2\/product"}],"about":[{"href":"https:\/\/maybommini.vn\/index.php?rest_route=\/wp\/v2\/types\/product"}],"replies":[{"embeddable":true,"href":"https:\/\/maybommini.vn\/index.php?rest_route=%2Fwp%2Fv2%2Fcomments&post=273399"}],"wp:featuredmedia":[{"embeddable":true,"href":"https:\/\/maybommini.vn\/index.php?rest_route=\/wp\/v2\/media\/273407"}],"wp:attachment":[{"href":"https:\/\/maybommini.vn\/index.php?rest_route=%2Fwp%2Fv2%2Fmedia&parent=273399"}],"wp:term":[{"taxonomy":"product_brand","embeddable":true,"href":"https:\/\/maybommini.vn\/index.php?rest_route=%2Fwp%2Fv2%2Fproduct_brand&post=273399"},{"taxonomy":"product_cat","embeddable":true,"href":"https:\/\/maybommini.vn\/index.php?rest_route=%2Fwp%2Fv2%2Fproduct_cat&post=273399"},{"taxonomy":"product_tag","embeddable":true,"href":"https:\/\/maybommini.vn\/index.php?rest_route=%2Fwp%2Fv2%2Fproduct_tag&post=273399"}],"curies":[{"name":"wp","href":"https:\/\/api.w.org\/{rel}","templated":true}]}}