{"id":273411,"date":"2023-04-06T12:49:11","date_gmt":"2023-04-06T05:49:11","guid":{"rendered":"https:\/\/maybommini.com\/?post_type=product&#038;p=273411"},"modified":"2025-05-28T20:09:04","modified_gmt":"2025-05-28T13:09:04","slug":"choi-than-may-bom-dau-12v-600w-100l-smartpumps","status":"publish","type":"product","link":"https:\/\/maybommini.vn\/?product=choi-than-may-bom-dau-12v-600w-100l-smartpumps","title":{"rendered":"B\u1ed9 ch\u1ed5i than m\u00e1y b\u01a1m d\u1ea7u 12V 600W 100L SmartPumps"},"content":{"rendered":"<p><strong>B\u1ed9 ch\u1ed5i than m\u00e1y b\u01a1m d\u1ea7u 12V 600W 100L SmartPumps. S\u1eed d\u1ee5ng thay th\u1ebf cho ch\u1ed5i than c\u1ee7 b\u1ecb m\u00f2 ho\u1eb7c c\u1ea7n thay m\u1edbi \u0111\u1ec3 b\u1ea3o tr\u00ec b\u1ed5 d\u01b0\u1ee1ng m\u00e1y b\u01a1m sau th\u1eddi gia s\u1eed d\u1ee5ng d\u00e0i.<\/strong><\/p>\n<p><strong><a href=\"https:\/\/maybommini.com\/wp-content\/uploads\/2023\/04\/bo-choi-than-12v-600w.jpg\" target=\"_blank\" rel=\"noopener\"><img decoding=\"async\" class=\"size-full wp-image-273418 aligncenter\" src=\"https:\/\/maybommini.com\/wp-content\/uploads\/2023\/04\/bo-choi-than-12v-600w.jpg\" alt=\"Bo Choi Than 12v 600w\" width=\"750\" height=\"750\" srcset=\"https:\/\/maybommini.vn\/wp-content\/uploads\/2023\/04\/bo-choi-than-12v-600w.jpg 750w, https:\/\/maybommini.vn\/wp-content\/uploads\/2023\/04\/bo-choi-than-12v-600w-300x300.jpg 300w, https:\/\/maybommini.vn\/wp-content\/uploads\/2023\/04\/bo-choi-than-12v-600w-150x150.jpg 150w, https:\/\/maybommini.vn\/wp-content\/uploads\/2023\/04\/bo-choi-than-12v-600w-600x600.jpg 600w\" sizes=\"(max-width: 750px) 100vw, 750px\" \/><\/a>TH\u00d4NG S\u1ed0 K\u1ef8 THU\u1eacT<br \/>\n<\/strong>Th\u01b0\u01a1ng hi\u1ec7u: SMARTPUMPS<br \/>\nModel: CHOI-THAN-EP-100-12-600<br \/>\nCh\u1ea5t li\u1ec7u: Carbon, th\u00e9p, \u0111\u1ed3ng, nh\u1ef1a.<br \/>\nT\u00ecnh tr\u1ea1ng: H\u00e0ng m\u1edbi 100%<br \/>\nB\u1ed9 ch\u1ed5i than r\u00e1p s\u1eb5n tr\u00ean \u0111\u1ebf.<br \/>\nS\u1eed d\u1ee5ng cho \u0111\u1ed9ng c\u01a1 12V 600W<\/p>\n<p><a href=\"https:\/\/maybommini.com\/wp-content\/uploads\/2023\/04\/choi-than-bom-dau-12V-600W-cao-cap.jpg\" target=\"_blank\" rel=\"noopener\"><img decoding=\"async\" class=\"size-full wp-image-273417 aligncenter\" src=\"https:\/\/maybommini.com\/wp-content\/uploads\/2023\/04\/choi-than-bom-dau-12V-600W-cao-cap.jpg\" alt=\"Choi Than Bom Dau 12V 600W Cao Cap\" width=\"750\" height=\"750\" srcset=\"https:\/\/maybommini.vn\/wp-content\/uploads\/2023\/04\/choi-than-bom-dau-12V-600W-cao-cap.jpg 750w, https:\/\/maybommini.vn\/wp-content\/uploads\/2023\/04\/choi-than-bom-dau-12V-600W-cao-cap-300x300.jpg 300w, https:\/\/maybommini.vn\/wp-content\/uploads\/2023\/04\/choi-than-bom-dau-12V-600W-cao-cap-150x150.jpg 150w, https:\/\/maybommini.vn\/wp-content\/uploads\/2023\/04\/choi-than-bom-dau-12V-600W-cao-cap-600x600.jpg 600w\" sizes=\"(max-width: 750px) 100vw, 750px\" \/><\/a><a href=\"https:\/\/maybommini.com\/wp-content\/uploads\/2023\/04\/choi-than-may-bom-xang-dau-12v-600w-100l-smartpumps.jpg\" target=\"_blank\" rel=\"noopener\"><img decoding=\"async\" class=\"size-full wp-image-273415 aligncenter\" src=\"https:\/\/maybommini.com\/wp-content\/uploads\/2023\/04\/choi-than-may-bom-xang-dau-12v-600w-100l-smartpumps.jpg\" alt=\"Choi Than May Bom Xang Dau 12v 600w 100l Smartpumps\" width=\"750\" height=\"750\" srcset=\"https:\/\/maybommini.vn\/wp-content\/uploads\/2023\/04\/choi-than-may-bom-xang-dau-12v-600w-100l-smartpumps.jpg 750w, https:\/\/maybommini.vn\/wp-content\/uploads\/2023\/04\/choi-than-may-bom-xang-dau-12v-600w-100l-smartpumps-300x300.jpg 300w, https:\/\/maybommini.vn\/wp-content\/uploads\/2023\/04\/choi-than-may-bom-xang-dau-12v-600w-100l-smartpumps-150x150.jpg 150w, https:\/\/maybommini.vn\/wp-content\/uploads\/2023\/04\/choi-than-may-bom-xang-dau-12v-600w-100l-smartpumps-600x600.jpg 600w\" sizes=\"(max-width: 750px) 100vw, 750px\" \/><\/a><a href=\"https:\/\/maybommini.com\/wp-content\/uploads\/2023\/04\/choi-than-may-xang-dau-600w-chieu-cao.jpg\" target=\"_blank\" rel=\"noopener\"><img decoding=\"async\" class=\"size-full wp-image-273416 aligncenter\" src=\"https:\/\/maybommini.com\/wp-content\/uploads\/2023\/04\/choi-than-may-xang-dau-600w-chieu-cao.jpg\" alt=\"Choi Than May Xang Dau 600w Chieu Cao\" width=\"750\" height=\"750\" srcset=\"https:\/\/maybommini.vn\/wp-content\/uploads\/2023\/04\/choi-than-may-xang-dau-600w-chieu-cao.jpg 750w, https:\/\/maybommini.vn\/wp-content\/uploads\/2023\/04\/choi-than-may-xang-dau-600w-chieu-cao-300x300.jpg 300w, https:\/\/maybommini.vn\/wp-content\/uploads\/2023\/04\/choi-than-may-xang-dau-600w-chieu-cao-150x150.jpg 150w, https:\/\/maybommini.vn\/wp-content\/uploads\/2023\/04\/choi-than-may-xang-dau-600w-chieu-cao-600x600.jpg 600w\" sizes=\"(max-width: 750px) 100vw, 750px\" \/><\/a><a href=\"https:\/\/maybommini.com\/wp-content\/uploads\/2023\/04\/choi-than-may-xang-dau-600w-chieu-rong.jpg\" target=\"_blank\" rel=\"noopener\"><img decoding=\"async\" class=\"size-full wp-image-273413 aligncenter\" src=\"https:\/\/maybommini.com\/wp-content\/uploads\/2023\/04\/choi-than-may-xang-dau-600w-chieu-rong.jpg\" alt=\"Choi Than May Xang Dau 600w Chieu Rong\" width=\"750\" height=\"750\" srcset=\"https:\/\/maybommini.vn\/wp-content\/uploads\/2023\/04\/choi-than-may-xang-dau-600w-chieu-rong.jpg 750w, https:\/\/maybommini.vn\/wp-content\/uploads\/2023\/04\/choi-than-may-xang-dau-600w-chieu-rong-300x300.jpg 300w, https:\/\/maybommini.vn\/wp-content\/uploads\/2023\/04\/choi-than-may-xang-dau-600w-chieu-rong-150x150.jpg 150w, https:\/\/maybommini.vn\/wp-content\/uploads\/2023\/04\/choi-than-may-xang-dau-600w-chieu-rong-600x600.jpg 600w\" sizes=\"(max-width: 750px) 100vw, 750px\" \/><\/a><a href=\"https:\/\/maybommini.com\/wp-content\/uploads\/2023\/04\/choi-than-may-xang-dau-600w-chieu-dai.jpg\" target=\"_blank\" rel=\"noopener\"><img decoding=\"async\" class=\"size-full wp-image-273412 aligncenter\" src=\"https:\/\/maybommini.com\/wp-content\/uploads\/2023\/04\/choi-than-may-xang-dau-600w-chieu-dai.jpg\" alt=\"Choi Than May Xang Dau 600w Chieu Dai\" width=\"750\" height=\"750\" srcset=\"https:\/\/maybommini.vn\/wp-content\/uploads\/2023\/04\/choi-than-may-xang-dau-600w-chieu-dai.jpg 750w, https:\/\/maybommini.vn\/wp-content\/uploads\/2023\/04\/choi-than-may-xang-dau-600w-chieu-dai-300x300.jpg 300w, https:\/\/maybommini.vn\/wp-content\/uploads\/2023\/04\/choi-than-may-xang-dau-600w-chieu-dai-150x150.jpg 150w, https:\/\/maybommini.vn\/wp-content\/uploads\/2023\/04\/choi-than-may-xang-dau-600w-chieu-dai-600x600.jpg 600w\" sizes=\"(max-width: 750px) 100vw, 750px\" \/><\/a><a href=\"https:\/\/maybommini.com\/wp-content\/uploads\/2023\/04\/thay-choi-than-may-bom-dau-12v-600w.jpg\" target=\"_blank\" rel=\"noopener\"><img decoding=\"async\" class=\"size-full wp-image-273414 aligncenter\" src=\"https:\/\/maybommini.com\/wp-content\/uploads\/2023\/04\/thay-choi-than-may-bom-dau-12v-600w.jpg\" alt=\"Thay Choi Than May Bom Dau 12v 600w\" width=\"750\" height=\"750\" srcset=\"https:\/\/maybommini.vn\/wp-content\/uploads\/2023\/04\/thay-choi-than-may-bom-dau-12v-600w.jpg 750w, https:\/\/maybommini.vn\/wp-content\/uploads\/2023\/04\/thay-choi-than-may-bom-dau-12v-600w-300x300.jpg 300w, https:\/\/maybommini.vn\/wp-content\/uploads\/2023\/04\/thay-choi-than-may-bom-dau-12v-600w-150x150.jpg 150w, https:\/\/maybommini.vn\/wp-content\/uploads\/2023\/04\/thay-choi-than-may-bom-dau-12v-600w-600x600.jpg 600w\" sizes=\"(max-width: 750px) 100vw, 750px\" \/><\/a><a href=\"https:\/\/maybommini.com\/wp-content\/uploads\/2023\/04\/motor-may-bom-dau-12v-600w-day-loi-dong-cao-cap.jpg\" target=\"_blank\" rel=\"noopener\"><img decoding=\"async\" class=\"size-full wp-image-273408 aligncenter\" src=\"https:\/\/maybommini.com\/wp-content\/uploads\/2023\/04\/motor-may-bom-dau-12v-600w-day-loi-dong-cao-cap.jpg\" alt=\"Motor May Bom Dau 12v 600w Day Loi Dong Cao Cap\" width=\"750\" height=\"750\" srcset=\"https:\/\/maybommini.vn\/wp-content\/uploads\/2023\/04\/motor-may-bom-dau-12v-600w-day-loi-dong-cao-cap.jpg 750w, https:\/\/maybommini.vn\/wp-content\/uploads\/2023\/04\/motor-may-bom-dau-12v-600w-day-loi-dong-cao-cap-300x300.jpg 300w, https:\/\/maybommini.vn\/wp-content\/uploads\/2023\/04\/motor-may-bom-dau-12v-600w-day-loi-dong-cao-cap-150x150.jpg 150w, https:\/\/maybommini.vn\/wp-content\/uploads\/2023\/04\/motor-may-bom-dau-12v-600w-day-loi-dong-cao-cap-600x600.jpg 600w\" sizes=\"(max-width: 750px) 100vw, 750px\" \/><\/a><\/p>\n<h4 style=\"text-align: center;\"><a href=\"https:\/\/maybommini.com\/san-pham\/bo-canh-gat-may-bom-dau-12v-600w-100l-smartpumps\" target=\"_blank\" rel=\"noopener\">B\u1ed9 c\u00e1nh g\u1ea1t m\u00e1y b\u01a1m d\u1ea7u 12V 600W 100L SmartPumps<\/a><br \/>\n<a href=\"https:\/\/maybommini.com\/san-pham\/choi-than-may-bom-dau-12v-600w-100l-smartpumps\" target=\"_blank\" rel=\"noopener\">Ch\u1ed5i than m\u00e1y b\u01a1m d\u1ea7u 12V 600W 100L SmartPumps<\/a><br \/>\nOil Pump Diesel Fuel Water Transfer Oil Suction Pump<\/h4>\n<p><strong>S\u1eec D\u1ee4NG CH\u1ed4I THAN M\u00c1Y B\u01a0M D\u1eb0U 12V 600W<br \/>\n<\/strong>&#8211; B\u1ed9 ch\u1ed5i than <a title=\"m\u00e1y b\u01a1m d\u1ea7u 12V 600W\" href=\"https:\/\/maybommini.com\/san-pham\/may-bom-dau-12v-600w-100l-smartpumps\" target=\"_blank\" rel=\"noopener\">m\u00e1y b\u01a1m d\u1ea7u 12V 600W<\/a> v\u00e0 s\u1eed d\u1ee5ng cho \u0111\u1ed9ng c\u01a1 ch\u1ed5i than t\u01b0\u01a1ng t\u1ef1.<br \/>\n&#8211; B\u1ed9 \u0111\u01b0\u1ee3c r\u00e1p s\u1eb5n tr\u00ean \u0111\u1ebf khung g\u1ed3m 4 ch\u1ed5i than, d\u00e2y \u0111i\u1ec7n v\u00e0 l\u00f2 xo.<\/p>\n<p><a href=\"https:\/\/maybommini.com\/wp-content\/uploads\/2023\/04\/choi-than-may-bom-dau-12v-600w.jpg\" target=\"_blank\" rel=\"noopener\"><img decoding=\"async\" class=\"size-full wp-image-273405 aligncenter\" src=\"https:\/\/maybommini.com\/wp-content\/uploads\/2023\/04\/choi-than-may-bom-dau-12v-600w.jpg\" alt=\"Choi Than May Bom Dau 12v 600w\" width=\"750\" height=\"750\" srcset=\"https:\/\/maybommini.vn\/wp-content\/uploads\/2023\/04\/choi-than-may-bom-dau-12v-600w.jpg 750w, https:\/\/maybommini.vn\/wp-content\/uploads\/2023\/04\/choi-than-may-bom-dau-12v-600w-300x300.jpg 300w, https:\/\/maybommini.vn\/wp-content\/uploads\/2023\/04\/choi-than-may-bom-dau-12v-600w-150x150.jpg 150w, https:\/\/maybommini.vn\/wp-content\/uploads\/2023\/04\/choi-than-may-bom-dau-12v-600w-600x600.jpg 600w\" sizes=\"(max-width: 750px) 100vw, 750px\" \/><\/a><\/p>\n<p><a href=\"https:\/\/maybommini.com\/wp-content\/uploads\/2023\/04\/motor-may-bom-dau-12v-600w-day-loi-dong-cao-cap.jpg\" target=\"_blank\" rel=\"noopener\"><img decoding=\"async\" class=\"size-full wp-image-273408 aligncenter\" src=\"https:\/\/maybommini.com\/wp-content\/uploads\/2023\/04\/motor-may-bom-dau-12v-600w-day-loi-dong-cao-cap.jpg\" alt=\"Motor May Bom Dau 12v 600w Day Loi Dong Cao Cap\" width=\"750\" height=\"750\" srcset=\"https:\/\/maybommini.vn\/wp-content\/uploads\/2023\/04\/motor-may-bom-dau-12v-600w-day-loi-dong-cao-cap.jpg 750w, https:\/\/maybommini.vn\/wp-content\/uploads\/2023\/04\/motor-may-bom-dau-12v-600w-day-loi-dong-cao-cap-300x300.jpg 300w, https:\/\/maybommini.vn\/wp-content\/uploads\/2023\/04\/motor-may-bom-dau-12v-600w-day-loi-dong-cao-cap-150x150.jpg 150w, https:\/\/maybommini.vn\/wp-content\/uploads\/2023\/04\/motor-may-bom-dau-12v-600w-day-loi-dong-cao-cap-600x600.jpg 600w\" sizes=\"(max-width: 750px) 100vw, 750px\" \/><\/a><\/p>\n<p><strong>CH\u00cdNH S\u00c1CH B\u1ea2O H\u00c0NH M\u00c1Y B\u01a0M X\u0102NG D\u1ea6U NH\u1edaT<\/strong><br \/>\nM\u00e1y b\u01a1m x\u0103ng d\u1ea7u nh\u1edbt b\u1ea3o h\u00e0nh motor t\u1eeb 3 th\u00e1ng \u0111\u1ebfn 12 th\u00e1ng t\u00f9y lo\u1ea1i.<br \/>\nM\u00e1y b\u01a1m x\u0103ng d\u1ea7u kh\u00f4ng b\u1ea3o h\u00e0nh ph\u1ee5 ki\u1ec7n k\u00e8m theo.<br \/>\nKh\u00f4ng b\u1ea3o h\u00e0nh c\u00e1nh m\u00e1y b\u01a1m, m\u00f2n thay m\u1edbi.<br \/>\nKh\u00f4ng b\u1ea3o h\u00e0nh ch\u1ed5i than, m\u00f2n thay m\u1edbi.<\/p>\n<p><a href=\"https:\/\/maybommini.com\/wp-content\/uploads\/2023\/04\/choi-than-may-bom-dau-12v-600w.jpg\" target=\"_blank\" rel=\"noopener\"><img decoding=\"async\" class=\"size-full wp-image-273405 aligncenter\" src=\"https:\/\/maybommini.com\/wp-content\/uploads\/2023\/04\/choi-than-may-bom-dau-12v-600w.jpg\" alt=\"Choi Than May Bom Dau 12v 600w\" width=\"750\" height=\"750\" srcset=\"https:\/\/maybommini.vn\/wp-content\/uploads\/2023\/04\/choi-than-may-bom-dau-12v-600w.jpg 750w, https:\/\/maybommini.vn\/wp-content\/uploads\/2023\/04\/choi-than-may-bom-dau-12v-600w-300x300.jpg 300w, https:\/\/maybommini.vn\/wp-content\/uploads\/2023\/04\/choi-than-may-bom-dau-12v-600w-150x150.jpg 150w, https:\/\/maybommini.vn\/wp-content\/uploads\/2023\/04\/choi-than-may-bom-dau-12v-600w-600x600.jpg 600w\" sizes=\"(max-width: 750px) 100vw, 750px\" \/><\/a><\/p>\n<p><a href=\"https:\/\/maybommini.com\/wp-content\/uploads\/2023\/04\/canh-quat-may-bom-xang-dau-12v-600w.jpg\" target=\"_blank\" rel=\"noopener\"><img decoding=\"async\" class=\"size-full wp-image-273404 aligncenter\" src=\"https:\/\/maybommini.com\/wp-content\/uploads\/2023\/04\/canh-quat-may-bom-xang-dau-12v-600w.jpg\" alt=\"Canh Quat May Bom Xang Dau 12v 600w\" width=\"750\" height=\"750\" srcset=\"https:\/\/maybommini.vn\/wp-content\/uploads\/2023\/04\/canh-quat-may-bom-xang-dau-12v-600w.jpg 750w, https:\/\/maybommini.vn\/wp-content\/uploads\/2023\/04\/canh-quat-may-bom-xang-dau-12v-600w-300x300.jpg 300w, https:\/\/maybommini.vn\/wp-content\/uploads\/2023\/04\/canh-quat-may-bom-xang-dau-12v-600w-150x150.jpg 150w, https:\/\/maybommini.vn\/wp-content\/uploads\/2023\/04\/canh-quat-may-bom-xang-dau-12v-600w-600x600.jpg 600w\" sizes=\"(max-width: 750px) 100vw, 750px\" \/><\/a><\/p>\n<p><a href=\"https:\/\/maybommini.com\/wp-content\/uploads\/2023\/04\/May-bom-dau-12V-600W-100L.jpg\" target=\"_blank\" rel=\"noopener\"><img decoding=\"async\" class=\"size-full wp-image-273407 aligncenter\" src=\"https:\/\/maybommini.com\/wp-content\/uploads\/2023\/04\/May-bom-dau-12V-600W-100L.jpg\" alt=\"May Bom Dau 12V 600W 100L\" width=\"750\" height=\"750\" srcset=\"https:\/\/maybommini.vn\/wp-content\/uploads\/2023\/04\/May-bom-dau-12V-600W-100L.jpg 750w, https:\/\/maybommini.vn\/wp-content\/uploads\/2023\/04\/May-bom-dau-12V-600W-100L-300x300.jpg 300w, https:\/\/maybommini.vn\/wp-content\/uploads\/2023\/04\/May-bom-dau-12V-600W-100L-150x150.jpg 150w, https:\/\/maybommini.vn\/wp-content\/uploads\/2023\/04\/May-bom-dau-12V-600W-100L-600x600.jpg 600w\" sizes=\"(max-width: 750px) 100vw, 750px\" \/><\/a><\/p>\n<p><strong>LI\u00caN H\u1ec6 MUA M\u00c1Y B\u01a0M X\u0102NG D\u1ea6U NH\u1edaT<\/strong><br \/>\nCh\u00fang t\u00f4i nh\u00e0 cung c\u1ea5p h\u00e0ng \u0111\u1ea7u c\u00e1c lo\u1ea1i m\u00e1y b\u01a1m nhi\u00ean nhi\u1ec7u cao c\u1ea5p 12V 24V 220V t\u1ea1i Vi\u1ec7t Nam b\u1ea3o h\u00e0nh l\u00e2u d\u00e0i c\u00f3 gi\u00e1 t\u1ed1t nh\u1ea5t uy t\u00edn. Li\u00ean h\u1ec7 mua m\u00e1y b\u01a1m tr\u1ef1c ti\u1ebfp ho\u1eb7c \u0111\u1eb7t h\u00e0ng online \u0111\u1ec3 \u0111\u01b0\u1ee3c h\u1ed5 tr\u1ee3 t\u1ed1t nh\u1ea5t. M\u00e1y B\u01a1m Mini c\u00f3 giao h\u00e0ng to\u00e0n qu\u1ed1c v\u00e0 thu ti\u1ec1n khi nh\u1eadn h\u00e0ng t\u1ea1i nh\u00e0 uy t\u00edn ch\u1ea5t l\u01b0\u1ee3ng.<\/p>\n<p><strong>CTY TNHH TH\u01af\u01a0NG M\u1ea0I D\u1ecaCH V\u1ee4 \u0110I\u1ec6N M\u00c1Y TH\u00d4NG MINH<\/strong><br \/>\nHotline: 02873030399 &#8211; 0907294310<br \/>\nEmail: maybommini.com@gmail.com<br \/>\nWebsite: <a href=\"https:\/\/maybommini.com\" target=\"_blank\" rel=\"noopener\">https:\/\/maybommini.com<\/a><br \/>\nYoutube demo: <a href=\"https:\/\/www.youtube.com\/bahamasali\" target=\"_blank\" rel=\"noopener\">https:\/\/www.youtube.com\/bahamasali<\/a><\/p>\n","protected":false},"excerpt":{"rendered":"<p><span style=\"color: #000000;\">Th\u01b0\u01a1ng hi\u1ec7u: SMARTPUMPS<br \/>\nModel: CHOI-THAN-EP-100-12-600<br \/>\nCh\u1ea5t li\u1ec7u: Carbon, th\u00e9p, \u0111\u1ed3ng, nh\u1ef1a.<br \/>\nT\u00ecnh tr\u1ea1ng: H\u00e0ng m\u1edbi 100%<br \/>\nB\u1ed9 ch\u1ed5i than r\u00e1p s\u1eb5n tr\u00ean \u0111\u1ebf.<br \/>\nS\u1eed d\u1ee5ng cho \u0111\u1ed9ng c\u01a1 12V 600W<\/span><\/p>\n","protected":false},"featured_media":273418,"comment_status":"open","ping_status":"closed","template":"","meta":[],"product_brand":[],"product_cat":[383,1115,3008,317,4072],"product_tag":[4125,500,488,387,388,1231,1241,858,1989,4068,4126,4069,4073,1103,2002,206,523,524,529,2849,2850],"class_list":{"0":"post-273411","1":"product","2":"type-product","3":"status-publish","4":"has-post-thumbnail","6":"product_cat-may-bom-xang-dau-nhot","7":"product_cat-may-bom-xang-dau-nhot-12v","8":"product_cat-phu-kien-bom-dau-nhot","9":"product_cat-thiet-bi-dung-cu","10":"product_cat-choi-than","11":"product_tag-12v-600w","12":"product_tag-220v","13":"product_tag-24v","14":"product_tag-bom-dau","15":"product_tag-bom-dau-diesel","16":"product_tag-bom-may-bom-dau","17":"product_tag-bom-tu-hut","18":"product_tag-bom-xang","19":"product_tag-bom-xang-dau","20":"product_tag-choi-than-12v","21":"product_tag-choi-than-12v-600w","22":"product_tag-choi-than-24v","23":"product_tag-choi-than-motor","24":"product_tag-diesel","25":"product_tag-maxpumps","26":"product_tag-may-bom-12v","27":"product_tag-may-bom-dau","28":"product_tag-may-bom-dau-12v","29":"product_tag-may-bom-xang-dau-nhot","30":"product_tag-oil-pump-diesel","31":"product_tag-oil-suction-pump","33":"first","34":"instock","35":"featured","36":"shipping-taxable","37":"purchasable","38":"product-type-simple"},"_links":{"self":[{"href":"https:\/\/maybommini.vn\/index.php?rest_route=\/wp\/v2\/product\/273411","targetHints":{"allow":["GET"]}}],"collection":[{"href":"https:\/\/maybommini.vn\/index.php?rest_route=\/wp\/v2\/product"}],"about":[{"href":"https:\/\/maybommini.vn\/index.php?rest_route=\/wp\/v2\/types\/product"}],"replies":[{"embeddable":true,"href":"https:\/\/maybommini.vn\/index.php?rest_route=%2Fwp%2Fv2%2Fcomments&post=273411"}],"wp:featuredmedia":[{"embeddable":true,"href":"https:\/\/maybommini.vn\/index.php?rest_route=\/wp\/v2\/media\/273418"}],"wp:attachment":[{"href":"https:\/\/maybommini.vn\/index.php?rest_route=%2Fwp%2Fv2%2Fmedia&parent=273411"}],"wp:term":[{"taxonomy":"product_brand","embeddable":true,"href":"https:\/\/maybommini.vn\/index.php?rest_route=%2Fwp%2Fv2%2Fproduct_brand&post=273411"},{"taxonomy":"product_cat","embeddable":true,"href":"https:\/\/maybommini.vn\/index.php?rest_route=%2Fwp%2Fv2%2Fproduct_cat&post=273411"},{"taxonomy":"product_tag","embeddable":true,"href":"https:\/\/maybommini.vn\/index.php?rest_route=%2Fwp%2Fv2%2Fproduct_tag&post=273411"}],"curies":[{"name":"wp","href":"https:\/\/api.w.org\/{rel}","templated":true}]}}