{"id":273436,"date":"2023-04-06T22:06:55","date_gmt":"2023-04-06T15:06:55","guid":{"rendered":"https:\/\/maybommini.com\/?post_type=product&#038;p=273436"},"modified":"2023-04-06T22:40:08","modified_gmt":"2023-04-06T15:40:08","slug":"noi-xoay-chong-xoan-ong-ren-13-8mm-inox-taiwan","status":"publish","type":"product","link":"https:\/\/maybommini.vn\/?product=noi-xoay-chong-xoan-ong-ren-13-8mm-inox-taiwan","title":{"rendered":"N\u1ed1i xoay ch\u1ed1ng xo\u1eafn \u1ed1ng ren 13.8mm inox Taiwan"},"content":{"rendered":"<h4>N\u1ed1i xoay ch\u1ed1ng xo\u1eafn \u1ed1ng ren 13.8mm inox Taiwan s\u1eed d\u1ee5ng cho rulo cu\u1ed9n \u1ed1ng, h\u1ec7 th\u00f4ng c\u1ea5p n\u01b0\u1edbc, m\u00e1y r\u1eeda xe gia \u0111\u00ecnh, \u1ed1ng phun thu\u1ed1c tr\u1eeb s\u00e2u v\u00e0 b\u00e9c phun x\u1ecbt \u00e1p l\u1ef1c cao. \u0110\u01b0\u1ee3c thi\u1ebft k\u1ebf v\u1edbi c\u00f4ng ngh\u1ec7 kh\u1edbp n\u1ed1i ch\u1ecbu l\u1ef1c xoay 360 ch\u1ed1ng r\u00f2 r\u1ec9 n\u01b0\u1edbc, ch\u1ea5t li\u1ec7u h\u1ee3p kim v\u00e0 inox.<\/h4>\n<p><strong><a href=\"https:\/\/maybommini.com\/wp-content\/uploads\/2023\/04\/noi-ren-13mm-chong-xoan-ong-rua-xe-phun-thuoc-sau-inox.jpg\" target=\"_blank\" rel=\"noopener\"><img decoding=\"async\" class=\"size-full wp-image-273438 aligncenter\" src=\"https:\/\/maybommini.com\/wp-content\/uploads\/2023\/04\/noi-ren-13mm-chong-xoan-ong-rua-xe-phun-thuoc-sau-inox.jpg\" alt=\"Noi Ren 13mm Chong Xoan Ong Rua Xe Phun Thuoc Sau Inox\" width=\"750\" height=\"750\" srcset=\"https:\/\/maybommini.vn\/wp-content\/uploads\/2023\/04\/noi-ren-13mm-chong-xoan-ong-rua-xe-phun-thuoc-sau-inox.jpg 750w, https:\/\/maybommini.vn\/wp-content\/uploads\/2023\/04\/noi-ren-13mm-chong-xoan-ong-rua-xe-phun-thuoc-sau-inox-300x300.jpg 300w, https:\/\/maybommini.vn\/wp-content\/uploads\/2023\/04\/noi-ren-13mm-chong-xoan-ong-rua-xe-phun-thuoc-sau-inox-150x150.jpg 150w, https:\/\/maybommini.vn\/wp-content\/uploads\/2023\/04\/noi-ren-13mm-chong-xoan-ong-rua-xe-phun-thuoc-sau-inox-600x600.jpg 600w\" sizes=\"(max-width: 750px) 100vw, 750px\" \/><\/a>TH\u00d4NG S\u1ed0 K\u1ef8 THU\u1eacT<\/strong><br \/>\nModel: CHONG-XOAN-INOX-138<br \/>\nN\u1ed1i \u1ed1ng xoay ch\u1ed1ng xo\u1eafn.<br \/>\nRen n\u1ed1i trong: 13.8 mm<br \/>\nRen n\u1ed1i ngo\u00e0i: 13.8 mm<br \/>\nCh\u1ea5t li\u1ec7u: H\u1ee3p kim &#8211; Inox<br \/>\nS\u1ea3n ph\u1ea9m cao c\u1ea5p.<br \/>\nMade in Taiwan<br \/>\nK\u00edch th\u01b0\u1edbc: 45 x 15 mm<br \/>\nTr\u1ecdng l\u01b0\u1ee3ng: 58 gam<\/p>\n<p><strong><a href=\"https:\/\/maybommini.com\/wp-content\/uploads\/2023\/04\/noi-ong-ap-luc-chong-xoan-inox.jpg\" target=\"_blank\" rel=\"noopener\"><img decoding=\"async\" class=\"size-full wp-image-273443 aligncenter\" src=\"https:\/\/maybommini.com\/wp-content\/uploads\/2023\/04\/noi-ong-ap-luc-chong-xoan-inox.jpg\" alt=\"Noi Ong Ap Luc Chong Xoan Inox\" width=\"750\" height=\"750\" srcset=\"https:\/\/maybommini.vn\/wp-content\/uploads\/2023\/04\/noi-ong-ap-luc-chong-xoan-inox.jpg 750w, https:\/\/maybommini.vn\/wp-content\/uploads\/2023\/04\/noi-ong-ap-luc-chong-xoan-inox-300x300.jpg 300w, https:\/\/maybommini.vn\/wp-content\/uploads\/2023\/04\/noi-ong-ap-luc-chong-xoan-inox-150x150.jpg 150w, https:\/\/maybommini.vn\/wp-content\/uploads\/2023\/04\/noi-ong-ap-luc-chong-xoan-inox-600x600.jpg 600w\" sizes=\"(max-width: 750px) 100vw, 750px\" \/><\/a><a href=\"https:\/\/maybommini.com\/wp-content\/uploads\/2023\/04\/Noi-chong-xoan-ong-13mm-inox-taiwan-ren-ngoai.jpg\" target=\"_blank\" rel=\"noopener\"><img decoding=\"async\" class=\"size-full wp-image-273441 aligncenter\" src=\"https:\/\/maybommini.com\/wp-content\/uploads\/2023\/04\/Noi-chong-xoan-ong-13mm-inox-taiwan-ren-ngoai.jpg\" alt=\"Noi Chong Xoan Ong 13mm Inox Taiwan Ren Ngoai\" width=\"750\" height=\"750\" srcset=\"https:\/\/maybommini.vn\/wp-content\/uploads\/2023\/04\/Noi-chong-xoan-ong-13mm-inox-taiwan-ren-ngoai.jpg 750w, https:\/\/maybommini.vn\/wp-content\/uploads\/2023\/04\/Noi-chong-xoan-ong-13mm-inox-taiwan-ren-ngoai-300x300.jpg 300w, https:\/\/maybommini.vn\/wp-content\/uploads\/2023\/04\/Noi-chong-xoan-ong-13mm-inox-taiwan-ren-ngoai-150x150.jpg 150w, https:\/\/maybommini.vn\/wp-content\/uploads\/2023\/04\/Noi-chong-xoan-ong-13mm-inox-taiwan-ren-ngoai-600x600.jpg 600w\" sizes=\"(max-width: 750px) 100vw, 750px\" \/><\/a><a href=\"https:\/\/maybommini.com\/wp-content\/uploads\/2023\/04\/Noi-chong-xoan-ong-13mm-inox-taiwan-ren-trong.jpg\" target=\"_blank\" rel=\"noopener\"><img decoding=\"async\" class=\"size-full wp-image-273442 aligncenter\" src=\"https:\/\/maybommini.com\/wp-content\/uploads\/2023\/04\/Noi-chong-xoan-ong-13mm-inox-taiwan-ren-trong.jpg\" alt=\"Noi Chong Xoan Ong 13mm Inox Taiwan Ren Trong\" width=\"750\" height=\"750\" srcset=\"https:\/\/maybommini.vn\/wp-content\/uploads\/2023\/04\/Noi-chong-xoan-ong-13mm-inox-taiwan-ren-trong.jpg 750w, https:\/\/maybommini.vn\/wp-content\/uploads\/2023\/04\/Noi-chong-xoan-ong-13mm-inox-taiwan-ren-trong-300x300.jpg 300w, https:\/\/maybommini.vn\/wp-content\/uploads\/2023\/04\/Noi-chong-xoan-ong-13mm-inox-taiwan-ren-trong-150x150.jpg 150w, https:\/\/maybommini.vn\/wp-content\/uploads\/2023\/04\/Noi-chong-xoan-ong-13mm-inox-taiwan-ren-trong-600x600.jpg 600w\" sizes=\"(max-width: 750px) 100vw, 750px\" \/><\/a><a href=\"https:\/\/maybommini.com\/wp-content\/uploads\/2023\/04\/noi-ong-ap-luc-chong-xoan-inox-chieu-dai.jpg\" target=\"_blank\" rel=\"noopener\"><img decoding=\"async\" class=\"size-full wp-image-273437 aligncenter\" src=\"https:\/\/maybommini.com\/wp-content\/uploads\/2023\/04\/noi-ong-ap-luc-chong-xoan-inox-chieu-dai.jpg\" alt=\"Noi Ong Ap Luc Chong Xoan Inox Chieu Dai\" width=\"750\" height=\"750\" srcset=\"https:\/\/maybommini.vn\/wp-content\/uploads\/2023\/04\/noi-ong-ap-luc-chong-xoan-inox-chieu-dai.jpg 750w, https:\/\/maybommini.vn\/wp-content\/uploads\/2023\/04\/noi-ong-ap-luc-chong-xoan-inox-chieu-dai-300x300.jpg 300w, https:\/\/maybommini.vn\/wp-content\/uploads\/2023\/04\/noi-ong-ap-luc-chong-xoan-inox-chieu-dai-150x150.jpg 150w, https:\/\/maybommini.vn\/wp-content\/uploads\/2023\/04\/noi-ong-ap-luc-chong-xoan-inox-chieu-dai-600x600.jpg 600w\" sizes=\"(max-width: 750px) 100vw, 750px\" \/><\/a><a href=\"https:\/\/maybommini.com\/wp-content\/uploads\/2023\/04\/Noi-chong-xoan-ong-13mm-inox-taiwan-duong-kinh.jpg\" target=\"_blank\" rel=\"noopener\"><img decoding=\"async\" class=\"size-full wp-image-273440 aligncenter\" src=\"https:\/\/maybommini.com\/wp-content\/uploads\/2023\/04\/Noi-chong-xoan-ong-13mm-inox-taiwan-duong-kinh.jpg\" alt=\"Noi Chong Xoan Ong 13mm Inox Taiwan Duong Kinh\" width=\"750\" height=\"750\" srcset=\"https:\/\/maybommini.vn\/wp-content\/uploads\/2023\/04\/Noi-chong-xoan-ong-13mm-inox-taiwan-duong-kinh.jpg 750w, https:\/\/maybommini.vn\/wp-content\/uploads\/2023\/04\/Noi-chong-xoan-ong-13mm-inox-taiwan-duong-kinh-300x300.jpg 300w, https:\/\/maybommini.vn\/wp-content\/uploads\/2023\/04\/Noi-chong-xoan-ong-13mm-inox-taiwan-duong-kinh-150x150.jpg 150w, https:\/\/maybommini.vn\/wp-content\/uploads\/2023\/04\/Noi-chong-xoan-ong-13mm-inox-taiwan-duong-kinh-600x600.jpg 600w\" sizes=\"(max-width: 750px) 100vw, 750px\" \/><\/a><a href=\"https:\/\/maybommini.com\/wp-content\/uploads\/2023\/04\/noi-ong-ap-luc-chong-xoan-inox-can-nang.jpg\" target=\"_blank\" rel=\"noopener\"><img decoding=\"async\" class=\"size-full wp-image-273444 aligncenter\" src=\"https:\/\/maybommini.com\/wp-content\/uploads\/2023\/04\/noi-ong-ap-luc-chong-xoan-inox-can-nang.jpg\" alt=\"Noi Ong Ap Luc Chong Xoan Inox Can Nang\" width=\"750\" height=\"750\" srcset=\"https:\/\/maybommini.vn\/wp-content\/uploads\/2023\/04\/noi-ong-ap-luc-chong-xoan-inox-can-nang.jpg 750w, https:\/\/maybommini.vn\/wp-content\/uploads\/2023\/04\/noi-ong-ap-luc-chong-xoan-inox-can-nang-300x300.jpg 300w, https:\/\/maybommini.vn\/wp-content\/uploads\/2023\/04\/noi-ong-ap-luc-chong-xoan-inox-can-nang-150x150.jpg 150w, https:\/\/maybommini.vn\/wp-content\/uploads\/2023\/04\/noi-ong-ap-luc-chong-xoan-inox-can-nang-600x600.jpg 600w\" sizes=\"(max-width: 750px) 100vw, 750px\" \/><\/a>S\u1eec D\u1ee4NG B\u1ed8 N\u1ed0I XOAY CH\u1ed0NG XO\u1eaeN \u1ed0NG<br \/>\n<\/strong>&#8211; N\u1ed1i ch\u1ed1ng xo\u1eafn cho rulo qu\u1ea5n \u1ed1ng d\u00e2y.<br \/>\n&#8211; N\u1ed1i \u1ed1ng 13.8mm h\u1ec7 th\u1ed1ng c\u1ea5p n\u01b0\u1edbc.<br \/>\n&#8211; \u0110\u1ea7u n\u1ed1i \u1ed1ng n\u01b0\u1edbc ren 13.8mm v\u00e0o m\u00e1y b\u01a1m.<br \/>\n&#8211; B\u1ed9 n\u1ed1i b\u00e9c x\u1ecbt v\u1ec7 xinh m\u00e1y l\u1ea1nh.<br \/>\n&#8211; N\u1ed1i b\u00e9c x\u1ecbt r\u1eeda \u00e1p l\u1ef1c cao.<br \/>\n&#8211; N\u1ed1i \u1ed1ng \u00e1p l\u1ef1c cho m\u00e1y r\u1eeda xe \u00e1p l\u1ef1c cao gia \u0111\u00ecnh v\u00e0 chuy\u00ean d\u1ee5ng.<br \/>\n&#8211; N\u1ed1i \u1ed1ng d\u00e2y c\u1ea5p n\u01b0\u1edbc trong h\u1ec7 th\u1ed1ng.<br \/>\n&#8211; N\u1ed1i \u1ed1ng d\u00e2y kh\u00ed n\u00e9n, h\u01a1i v\u00e0 h\u1ec7 th\u1ed1ng truy\u1ec1n d\u1eabn kh\u00e1c.<br \/>\n&#8211; B\u1ed9 n\u1ed1i \u1ed1ng n\u01b0\u1edbc \u00e1p l\u1ef1c cao.<br \/>\n&#8211; N\u1ed1i \u1ed1ng n\u01b0\u1edbc, ch\u1ea5t l\u1ecfng<br \/>\n&#8211; \u0110\u1ea7u n\u1ed1i v\u00e0 v\u00f2i x\u1ecbt n\u01b0\u1edbc \u00e1p l\u1ef1c.<br \/>\n&#8211; N\u1ed1i xoay n\u1ed1i b\u00e9c x\u1ecbt r\u1eeda xe.<br \/>\n&#8211; Xoay n\u1ed1i b\u00e9c x\u1ecbt r\u1eeda m\u00e1y l\u1ea1nh \u0111i\u1ec1u h\u00f2a chuy\u00ean nghi\u1ec7p.<br \/>\n&#8211; V\u00e0 \u1ee9ng d\u1ee5ng d\u1ee5ng cho c\u00e1c thi\u1ebft b\u1ecb kh\u00e1c.<\/p>\n<p><strong><a href=\"https:\/\/maybommini.com\/wp-content\/uploads\/2023\/04\/Noi-chong-xoan-ong-13mm-inox-taiwan.jpg\" target=\"_blank\" rel=\"noopener\"><img decoding=\"async\" class=\"size-full wp-image-273439 aligncenter\" src=\"https:\/\/maybommini.com\/wp-content\/uploads\/2023\/04\/Noi-chong-xoan-ong-13mm-inox-taiwan.jpg\" alt=\"Noi Chong Xoan Ong 13mm Inox Taiwan\" width=\"750\" height=\"750\" srcset=\"https:\/\/maybommini.vn\/wp-content\/uploads\/2023\/04\/Noi-chong-xoan-ong-13mm-inox-taiwan.jpg 750w, https:\/\/maybommini.vn\/wp-content\/uploads\/2023\/04\/Noi-chong-xoan-ong-13mm-inox-taiwan-300x300.jpg 300w, https:\/\/maybommini.vn\/wp-content\/uploads\/2023\/04\/Noi-chong-xoan-ong-13mm-inox-taiwan-150x150.jpg 150w, https:\/\/maybommini.vn\/wp-content\/uploads\/2023\/04\/Noi-chong-xoan-ong-13mm-inox-taiwan-600x600.jpg 600w\" sizes=\"(max-width: 750px) 100vw, 750px\" \/><\/a><\/strong><\/p>\n<h4 style=\"text-align: center;\">N\u1ed1i xoay ch\u1ed1ng xo\u1eafn \u1ed1ng ren 13.8mm inox Taiwan<br \/>\nCo n\u1ed1i xoay 360 ren trong 13mm ren ngo\u00e0i 13.8mm Nizen Taiwan NZ-18<br \/>\nConnector Air Fitting High Pressure Washer Hose Adaptor<\/h4>\n<p><strong><a href=\"https:\/\/maybommini.com\/wp-content\/uploads\/2023\/03\/cung-cap-phan-phoi-thiet-bi-phun-xit-ap-luc-co-noi-khoa-nuoc.jpg\" target=\"_blank\" rel=\"noopener\"><img decoding=\"async\" class=\"size-full wp-image-273201 aligncenter\" src=\"https:\/\/maybommini.com\/wp-content\/uploads\/2023\/03\/cung-cap-phan-phoi-thiet-bi-phun-xit-ap-luc-co-noi-khoa-nuoc.jpg\" alt=\"Cung Cap Phan Phoi Thiet Bi Phun Xit Ap Luc Co Noi Khoa Nuoc\" width=\"750\" height=\"750\" srcset=\"https:\/\/maybommini.vn\/wp-content\/uploads\/2023\/03\/cung-cap-phan-phoi-thiet-bi-phun-xit-ap-luc-co-noi-khoa-nuoc.jpg 750w, https:\/\/maybommini.vn\/wp-content\/uploads\/2023\/03\/cung-cap-phan-phoi-thiet-bi-phun-xit-ap-luc-co-noi-khoa-nuoc-300x300.jpg 300w, https:\/\/maybommini.vn\/wp-content\/uploads\/2023\/03\/cung-cap-phan-phoi-thiet-bi-phun-xit-ap-luc-co-noi-khoa-nuoc-150x150.jpg 150w, https:\/\/maybommini.vn\/wp-content\/uploads\/2023\/03\/cung-cap-phan-phoi-thiet-bi-phun-xit-ap-luc-co-noi-khoa-nuoc-600x600.jpg 600w\" sizes=\"(max-width: 750px) 100vw, 750px\" \/><\/a><\/strong><\/p>\n<p><strong>Chuy\u00ean cung c\u1ea5p v\u1eadt t\u01b0 thi\u1ebft b\u1ecb \u0111i\u1ec7n n\u01b0\u1edbc khi n\u00e9n, \u0111\u1ea7u n\u1ed1i \u1ed1ng, kh\u1edbp n\u1ed1i nhanh, van t\u1eeb, van bi, co n\u1ed1i, b\u00e9c phun, \u1ed1ng \u00e1p l\u1ef1c, \u1ed1ng n\u01b0\u1edbc, \u1ed1ng PVC, \u1ed1ng RO, PU v\u00e0 nhi\u1ec1u thi\u1ebft b\u1ecb kh\u00e1c.<br \/>\nCTY TNHH TH\u01af\u01a0NG M\u1ea0I D\u1ecaCH V\u1ee4 \u0110I\u1ec6N M\u00c1Y TH\u00d4NG MINH<\/strong><br \/>\n<strong>Hotline:<\/strong> <a href=\"tel:02873030399\">02873030399<\/a> \u2013 <a href=\"tel:0907294310\">0907294310<\/a> &#8211; <a href=\"tel:0908997823\">0908997823<\/a> &#8211; <a href=\"tel:0908997872\">0908997872<\/a><br \/>\n<strong>Email:<\/strong>\u00a0maybommini.com@gmail.com<br \/>\n<strong>Website:<\/strong>\u00a0https:\/\/maybommini.com<br \/>\n<strong>Youtube demo:<\/strong>\u00a0https:\/\/www.youtube.com\/bahamasali<\/p>\n<p><a class=\"swipebox\" title=\"\" href=\"https:\/\/maybommini.com\/wp-content\/uploads\/2022\/07\/thong-tin-lien-he-may-bom-mini.jpg\" data-rel=\"lightbox-image-bGlnaHRib3gtaW1hZ2UtMTE=\" data-rl_title=\"\" data-rl_caption=\"\" data-rl_ target=\"_blank\" rel=\"noopener\"><img decoding=\"async\" class=\"size-full wp-image-270584 aligncenter lazyloaded\" src=\"https:\/\/maybommini.com\/wp-content\/uploads\/2022\/07\/thong-tin-lien-he-may-bom-mini.jpg\" sizes=\"(max-width: 750px) 100vw, 750px\" srcset=\"https:\/\/maybommini.com\/wp-content\/uploads\/2022\/07\/thong-tin-lien-he-may-bom-mini.jpg 750w, https:\/\/maybommini.com\/wp-content\/uploads\/2022\/07\/thong-tin-lien-he-may-bom-mini-300x202.jpg 300w, https:\/\/maybommini.com\/wp-content\/uploads\/2022\/07\/thong-tin-lien-he-may-bom-mini-600x405.jpg 600w\" alt=\"Thong Tin Lien He May Bom Mini\" width=\"750\" height=\"506\" data-lazy-srcset=\"https:\/\/maybommini.com\/wp-content\/uploads\/2022\/07\/thong-tin-lien-he-may-bom-mini.jpg 750w, https:\/\/maybommini.com\/wp-content\/uploads\/2022\/07\/thong-tin-lien-he-may-bom-mini-300x202.jpg 300w, https:\/\/maybommini.com\/wp-content\/uploads\/2022\/07\/thong-tin-lien-he-may-bom-mini-600x405.jpg 600w\" data-lazy-sizes=\"(max-width: 750px) 100vw, 750px\" data-lazy-src=\"https:\/\/maybommini.com\/wp-content\/uploads\/2022\/07\/thong-tin-lien-he-may-bom-mini.jpg\" data-was-processed=\"true\" \/><\/a><\/p>\n","protected":false},"excerpt":{"rendered":"<p>Model: CHONG-XOAN-INOX-138<br \/>\nN\u1ed1i \u1ed1ng xoay ch\u1ed1ng xo\u1eafn.<br \/>\nRen n\u1ed1i trong: 13.8 mm<br \/>\nRen n\u1ed1i ngo\u00e0i: 13.8 mm<br \/>\nCh\u1ea5t li\u1ec7u: H\u1ee3p kim &#8211; Inox<br \/>\nS\u1ea3n ph\u1ea9m cao c\u1ea5p.<br \/>\nMade in Taiwan<br \/>\nK\u00edch th\u01b0\u1edbc: 45 x 15 mm<br \/>\nTr\u1ecdng l\u01b0\u1ee3ng: 58 gam<br \/>\n<strong>Mua s\u1ed1 l\u01b0\u1ee3ng gi\u00e1 t\u1ed1t<\/strong><\/p>\n","protected":false},"featured_media":273438,"comment_status":"open","ping_status":"closed","template":"","meta":[],"product_brand":[],"product_cat":[215,214],"product_tag":[4096,4093,1214,4098,4095,4131,4129,4091,4094,4128,4097,4133,518,663,4132,4130],"class_list":{"0":"post-273436","1":"product","2":"type-product","3":"status-publish","4":"has-post-thumbnail","6":"product_cat-phu-kien-xit-rua-ap-luc","7":"product_cat-phu-kien-bom-nuoc","8":"product_tag-13-8mm","9":"product_tag-13mm","10":"product_tag-17mm","11":"product_tag-bo-khop-noi-nhanh","12":"product_tag-bo-noi-ong","13":"product_tag-chong-xoan","14":"product_tag-chong-xoan-ong","15":"product_tag-khop-noi","16":"product_tag-khop-noi-ong-rua-xe","17":"product_tag-noi-chong-xoan","18":"product_tag-noi-day","19":"product_tag-noi-inox","20":"product_tag-noi-nhanh","21":"product_tag-noi-ong","22":"product_tag-ren-13-8mm","23":"product_tag-xoan-ong","25":"first","26":"instock","27":"shipping-taxable","28":"purchasable","29":"product-type-simple"},"_links":{"self":[{"href":"https:\/\/maybommini.vn\/index.php?rest_route=\/wp\/v2\/product\/273436","targetHints":{"allow":["GET"]}}],"collection":[{"href":"https:\/\/maybommini.vn\/index.php?rest_route=\/wp\/v2\/product"}],"about":[{"href":"https:\/\/maybommini.vn\/index.php?rest_route=\/wp\/v2\/types\/product"}],"replies":[{"embeddable":true,"href":"https:\/\/maybommini.vn\/index.php?rest_route=%2Fwp%2Fv2%2Fcomments&post=273436"}],"wp:featuredmedia":[{"embeddable":true,"href":"https:\/\/maybommini.vn\/index.php?rest_route=\/wp\/v2\/media\/273438"}],"wp:attachment":[{"href":"https:\/\/maybommini.vn\/index.php?rest_route=%2Fwp%2Fv2%2Fmedia&parent=273436"}],"wp:term":[{"taxonomy":"product_brand","embeddable":true,"href":"https:\/\/maybommini.vn\/index.php?rest_route=%2Fwp%2Fv2%2Fproduct_brand&post=273436"},{"taxonomy":"product_cat","embeddable":true,"href":"https:\/\/maybommini.vn\/index.php?rest_route=%2Fwp%2Fv2%2Fproduct_cat&post=273436"},{"taxonomy":"product_tag","embeddable":true,"href":"https:\/\/maybommini.vn\/index.php?rest_route=%2Fwp%2Fv2%2Fproduct_tag&post=273436"}],"curies":[{"name":"wp","href":"https:\/\/api.w.org\/{rel}","templated":true}]}}