{"id":273534,"date":"2023-04-12T21:46:05","date_gmt":"2023-04-12T14:46:05","guid":{"rendered":"https:\/\/maybommini.com\/?post_type=product&#038;p=273534"},"modified":"2023-04-12T22:13:31","modified_gmt":"2023-04-12T15:13:31","slug":"van-khoa-taiwan-ren-13mm","status":"publish","type":"product","link":"https:\/\/maybommini.vn\/?product=van-khoa-taiwan-ren-13mm","title":{"rendered":"Van kh\u00f3a Taiwan ren 13mm"},"content":{"rendered":"<h4>Van kh\u00f3a Taiwan ren 13mm ph\u00f9 h\u1ee3p s\u1eed d\u1ee5ng cho h\u1ec7 th\u00f4ng c\u1ea5p n\u01b0\u1edbc, \u1ed1ng v\u00f2i n\u01b0\u1edbc m\u00e1y, kh\u00f3a n\u01b0\u1edbc b\u00e9c phun x\u1ecbt t\u01b0\u1edbi c\u00e2y, h\u1ec7 th\u1ed1ng n\u01b0\u1edbc l\u00e0m m\u00e1t CNC, kh\u00f3a n\u01b0\u1edbc m\u00e1y phun s\u01b0\u01a1ng v\u00e0 van kh\u00f3a b\u00e9c x\u1ecbt \u00e1p l\u1ef1c. \u0110\u01b0\u1ee3c thi\u1ebft k\u1ebf ki\u1ec3u van bi ch\u1ecbu \u0111\u01b0\u1ee3c \u00e1p cao ph\u00f9 h\u1ee3p h\u1ec7 th\u1ed1ng c\u1ea5p n\u01b0\u1edbc \u00e1p cao, h\u1ec7 th\u1ed1ng kh\u00ed n\u00e9n v\u00e0 nhi\u1ec1u \u1ee9ng d\u1ee5ng kh\u00e1c.<\/h4>\n<p><strong><a href=\"https:\/\/maybommini.com\/wp-content\/uploads\/2023\/04\/van-bi-khoa-nuoc-dong-thau-taiwan.jpg\" target=\"_blank\" rel=\"noopener\"><img decoding=\"async\" class=\"size-full wp-image-273536 aligncenter\" src=\"https:\/\/maybommini.com\/wp-content\/uploads\/2023\/04\/van-bi-khoa-nuoc-dong-thau-taiwan.jpg\" alt=\"Van Bi Khoa Nuoc Dong Thau Taiwan\" width=\"750\" height=\"750\" srcset=\"https:\/\/maybommini.vn\/wp-content\/uploads\/2023\/04\/van-bi-khoa-nuoc-dong-thau-taiwan.jpg 750w, https:\/\/maybommini.vn\/wp-content\/uploads\/2023\/04\/van-bi-khoa-nuoc-dong-thau-taiwan-300x300.jpg 300w, https:\/\/maybommini.vn\/wp-content\/uploads\/2023\/04\/van-bi-khoa-nuoc-dong-thau-taiwan-150x150.jpg 150w, https:\/\/maybommini.vn\/wp-content\/uploads\/2023\/04\/van-bi-khoa-nuoc-dong-thau-taiwan-600x600.jpg 600w\" sizes=\"(max-width: 750px) 100vw, 750px\" \/><\/a>TH\u00d4NG S\u1ed0 K\u1ef8 THU\u1eacT<\/strong><br \/>\nRen n\u1ed1i ngo\u00e0i: 13 mm<br \/>\n\u0110u\u00f4i chu\u1ed9t 8mm<br \/>\nLo\u1ea1i van bi.<br \/>\nCh\u1ea5t li\u1ec7u: \u0110\u1ed3ng &#8211; Inox<br \/>\nS\u1ea3n ph\u1ea9m cao c\u1ea5p.<br \/>\nMade in Taiwan.<br \/>\nK\u00edch th\u01b0\u1edbc: d\u00e0i 60 mm<br \/>\nTr\u1ecdng l\u01b0\u1ee3ng: 56 gam<a href=\"https:\/\/maybommini.com\/wp-content\/uploads\/2023\/04\/Van-khoa-nuoc-taiwan.jpg\" target=\"_blank\" rel=\"noopener\"><img decoding=\"async\" class=\"size-full wp-image-273539 aligncenter\" src=\"https:\/\/maybommini.com\/wp-content\/uploads\/2023\/04\/Van-khoa-nuoc-taiwan.jpg\" alt=\"Van Khoa Nuoc Taiwan\" width=\"750\" height=\"750\" srcset=\"https:\/\/maybommini.vn\/wp-content\/uploads\/2023\/04\/Van-khoa-nuoc-taiwan.jpg 750w, https:\/\/maybommini.vn\/wp-content\/uploads\/2023\/04\/Van-khoa-nuoc-taiwan-300x300.jpg 300w, https:\/\/maybommini.vn\/wp-content\/uploads\/2023\/04\/Van-khoa-nuoc-taiwan-150x150.jpg 150w, https:\/\/maybommini.vn\/wp-content\/uploads\/2023\/04\/Van-khoa-nuoc-taiwan-600x600.jpg 600w\" sizes=\"(max-width: 750px) 100vw, 750px\" \/><\/a><a href=\"https:\/\/maybommini.com\/wp-content\/uploads\/2023\/04\/van-nuoc-dong-thao-13mm.jpg\" target=\"_blank\" rel=\"noopener\"><img decoding=\"async\" class=\"size-full wp-image-273541 aligncenter\" src=\"https:\/\/maybommini.com\/wp-content\/uploads\/2023\/04\/van-nuoc-dong-thao-13mm.jpg\" alt=\"Van Nuoc Dong Thao 13mm\" width=\"750\" height=\"750\" srcset=\"https:\/\/maybommini.vn\/wp-content\/uploads\/2023\/04\/van-nuoc-dong-thao-13mm.jpg 750w, https:\/\/maybommini.vn\/wp-content\/uploads\/2023\/04\/van-nuoc-dong-thao-13mm-300x300.jpg 300w, https:\/\/maybommini.vn\/wp-content\/uploads\/2023\/04\/van-nuoc-dong-thao-13mm-150x150.jpg 150w, https:\/\/maybommini.vn\/wp-content\/uploads\/2023\/04\/van-nuoc-dong-thao-13mm-600x600.jpg 600w\" sizes=\"(max-width: 750px) 100vw, 750px\" \/><\/a><a href=\"https:\/\/maybommini.com\/wp-content\/uploads\/2023\/04\/khoa-nuco-taiwan-dong-thao.jpg\" target=\"_blank\" rel=\"noopener\"><img decoding=\"async\" class=\"size-full wp-image-273535 aligncenter\" src=\"https:\/\/maybommini.com\/wp-content\/uploads\/2023\/04\/khoa-nuco-taiwan-dong-thao.jpg\" alt=\"Khoa Nuco Taiwan Dong Thao\" width=\"750\" height=\"750\" srcset=\"https:\/\/maybommini.vn\/wp-content\/uploads\/2023\/04\/khoa-nuco-taiwan-dong-thao.jpg 750w, https:\/\/maybommini.vn\/wp-content\/uploads\/2023\/04\/khoa-nuco-taiwan-dong-thao-300x300.jpg 300w, https:\/\/maybommini.vn\/wp-content\/uploads\/2023\/04\/khoa-nuco-taiwan-dong-thao-150x150.jpg 150w, https:\/\/maybommini.vn\/wp-content\/uploads\/2023\/04\/khoa-nuco-taiwan-dong-thao-600x600.jpg 600w\" sizes=\"(max-width: 750px) 100vw, 750px\" \/><\/a><a href=\"https:\/\/maybommini.com\/wp-content\/uploads\/2023\/04\/van-bi-khoa-nuoc-dong-thau-taiwan.jpg\" target=\"_blank\" rel=\"noopener\"><img decoding=\"async\" class=\"size-full wp-image-273536 aligncenter\" src=\"https:\/\/maybommini.com\/wp-content\/uploads\/2023\/04\/van-bi-khoa-nuoc-dong-thau-taiwan.jpg\" alt=\"Van Bi Khoa Nuoc Dong Thau Taiwan\" width=\"750\" height=\"750\" srcset=\"https:\/\/maybommini.vn\/wp-content\/uploads\/2023\/04\/van-bi-khoa-nuoc-dong-thau-taiwan.jpg 750w, https:\/\/maybommini.vn\/wp-content\/uploads\/2023\/04\/van-bi-khoa-nuoc-dong-thau-taiwan-300x300.jpg 300w, https:\/\/maybommini.vn\/wp-content\/uploads\/2023\/04\/van-bi-khoa-nuoc-dong-thau-taiwan-150x150.jpg 150w, https:\/\/maybommini.vn\/wp-content\/uploads\/2023\/04\/van-bi-khoa-nuoc-dong-thau-taiwan-600x600.jpg 600w\" sizes=\"(max-width: 750px) 100vw, 750px\" \/><\/a><a href=\"https:\/\/maybommini.com\/wp-content\/uploads\/2023\/04\/van-khoa-nuoc-dai-loan-kich-thuoc.jpg\" target=\"_blank\" rel=\"noopener\"><img decoding=\"async\" class=\"size-full wp-image-273537 aligncenter\" src=\"https:\/\/maybommini.com\/wp-content\/uploads\/2023\/04\/van-khoa-nuoc-dai-loan-kich-thuoc.jpg\" alt=\"Van Khoa Nuoc Dai Loan Kich Thuoc\" width=\"750\" height=\"750\" srcset=\"https:\/\/maybommini.vn\/wp-content\/uploads\/2023\/04\/van-khoa-nuoc-dai-loan-kich-thuoc.jpg 750w, https:\/\/maybommini.vn\/wp-content\/uploads\/2023\/04\/van-khoa-nuoc-dai-loan-kich-thuoc-300x300.jpg 300w, https:\/\/maybommini.vn\/wp-content\/uploads\/2023\/04\/van-khoa-nuoc-dai-loan-kich-thuoc-150x150.jpg 150w, https:\/\/maybommini.vn\/wp-content\/uploads\/2023\/04\/van-khoa-nuoc-dai-loan-kich-thuoc-600x600.jpg 600w\" sizes=\"(max-width: 750px) 100vw, 750px\" \/><\/a><a href=\"https:\/\/maybommini.com\/wp-content\/uploads\/2023\/04\/van-nuoc-dai-loan-can-nang.jpg\" target=\"_blank\" rel=\"noopener\"><img decoding=\"async\" class=\"size-full wp-image-273540 aligncenter\" src=\"https:\/\/maybommini.com\/wp-content\/uploads\/2023\/04\/van-nuoc-dai-loan-can-nang.jpg\" alt=\"Van Nuoc Dai Loan Can Nang\" width=\"750\" height=\"750\" srcset=\"https:\/\/maybommini.vn\/wp-content\/uploads\/2023\/04\/van-nuoc-dai-loan-can-nang.jpg 750w, https:\/\/maybommini.vn\/wp-content\/uploads\/2023\/04\/van-nuoc-dai-loan-can-nang-300x300.jpg 300w, https:\/\/maybommini.vn\/wp-content\/uploads\/2023\/04\/van-nuoc-dai-loan-can-nang-150x150.jpg 150w, https:\/\/maybommini.vn\/wp-content\/uploads\/2023\/04\/van-nuoc-dai-loan-can-nang-600x600.jpg 600w\" sizes=\"(max-width: 750px) 100vw, 750px\" \/><\/a><a title=\"NPT l\u00e0 g\u00ec ? Ren NPT l\u00e0 g\u00ec ?\" href=\"https:\/\/maybommini.com\/npt-la-gi-ren-npt-la-gi.html\" target=\"_blank\" rel=\"noopener\">NPT l\u00e0 g\u00ec ? Ren NPT l\u00e0 g\u00ec ?<\/a><\/p>\n<p>Ren NPT \u0111\u01b0\u1ee3c vi\u1ebft t\u1eaft l\u00e0 \u201cNational Pite Thread\u2019 hay c\u00f2n \u0111\u01b0\u1ee3c g\u1ecdi l\u00e0 ren \u1ed1ng c\u00f4n qu\u1ed1c gia. Xu\u1ea5t hi\u1ec7n \u1edf th\u1eddi k\u00ec \u0111\u1ea7u c\u1ee7a M\u1ef9 v\u00e0 Canada \u0111\u01b0\u1ee3c \u0111\u01b0a v\u00e0o l\u00e0m lo\u1ea1i ren ch\u00ednh v\u00e0 sau \u0111\u00f3 \u0111\u01b0\u1ee3c s\u1eed d\u1ee5ng r\u1ed9ng r\u00e3i \u0111i\u1ec3n h\u00ecnh l\u00e0 th\u1ee7y l\u1ef1c Parker, \u0111\u01b0\u1ee3c \u1ee9ng d\u1ee5ng r\u1ed9ng r\u00e3i trong ng\u00e0nh c\u00f4ng nghi\u1ec7p hi\u1ec7n nay. Ren NpT c\u00f3 hai lo\u1ea1i l\u00e0: ren trong v\u00e0 ren ngo\u00e0i d\u1ea1ng c\u00f4n.<\/p>\n<p>\u2605 \u0110\u1ed1i v\u1edbi ren ngo\u00e0i (male): Ren s\u1ebd l\u1edbn d\u1ea7n t\u1eeb ngo\u00e0i v\u00e0o trong<\/p>\n<p>\u2605 \u0110\u1ed1i v\u1edbi ren trong (female): Ren s\u1ebd nh\u1ecf d\u1ea7n t\u1eeb ngo\u00e0i v\u00e0o trong<\/p>\n<p><a href=\"https:\/\/maybommini.com\/wp-content\/uploads\/2023\/03\/ren-NPT-la-gi.jpg\" target=\"_blank\" rel=\"noopener\"><img decoding=\"async\" class=\"size-full wp-image-273263 aligncenter\" src=\"https:\/\/maybommini.com\/wp-content\/uploads\/2023\/03\/ren-NPT-la-gi.jpg\" alt=\"Ren NPT La Gi\" width=\"836\" height=\"598\" srcset=\"https:\/\/maybommini.vn\/wp-content\/uploads\/2023\/03\/ren-NPT-la-gi.jpg 836w, https:\/\/maybommini.vn\/wp-content\/uploads\/2023\/03\/ren-NPT-la-gi-150x107.jpg 150w, https:\/\/maybommini.vn\/wp-content\/uploads\/2023\/03\/ren-NPT-la-gi-600x429.jpg 600w\" sizes=\"(max-width: 836px) 100vw, 836px\" \/><\/a><\/p>\n<h2><b>K\u00edch th\u01b0\u1edbc ren NPT<\/b><\/h2>\n<p>Ren NPT c\u00f3 nhi\u1ec1u lo\u1ea1i kh\u00e1c nhau v\u00e0 \u0111a d\u1ea1ng tr\u00ean th\u1ecb tr\u01b0\u1eddng c\u00f4ng nghi\u1ec7p, m\u1ed7i lo\u1ea1i ren \u0111\u1ec1u c\u00f3 nh\u1eefng k\u00edch th\u01b0\u1edbc kh\u00e1c nhau. Ch\u00fang ta c\u1ea7n ph\u1ea3i bi\u1ebft r\u00f5 c\u00e1c k\u00edch th\u01b0\u1edbc c\u1ee7a ren NPT l\u00e0 g\u00ec \u0111\u1ec3 c\u00f3 l\u1ef1a ch\u1ecdn t\u1ed1t nh\u1ea5t.<\/p>\n<p><strong><a href=\"https:\/\/maybommini.com\/wp-content\/uploads\/2023\/03\/kich-thuoc-ren-NPT.jpg\" target=\"_blank\" rel=\"noopener\"><img decoding=\"async\" class=\"size-full wp-image-273262 aligncenter\" src=\"https:\/\/maybommini.com\/wp-content\/uploads\/2023\/03\/kich-thuoc-ren-NPT.jpg\" alt=\"Kich Thuoc Ren NPT\" width=\"836\" height=\"598\" srcset=\"https:\/\/maybommini.vn\/wp-content\/uploads\/2023\/03\/kich-thuoc-ren-NPT.jpg 836w, https:\/\/maybommini.vn\/wp-content\/uploads\/2023\/03\/kich-thuoc-ren-NPT-150x107.jpg 150w, https:\/\/maybommini.vn\/wp-content\/uploads\/2023\/03\/kich-thuoc-ren-NPT-600x429.jpg 600w\" sizes=\"(max-width: 836px) 100vw, 836px\" \/><\/a>S\u1eec D\u1ee4NG KH\u00d3A N\u01af\u1edaC NH\u1ef0A PVC<br \/>\n<\/strong>&#8211; Kh\u00f3a h\u1ec7 th\u1ed1ng c\u1ea5p n\u01b0\u1edbc, dung d\u1ecbch, ch\u1ea5t l\u1ecfng.<br \/>\n&#8211; S\u1eed d\u1ee5ng th\u00f4ng h\u1ec7 th\u1ed1ng b\u01a1m n\u01b0\u1edbc l\u00e0m m\u00e1t.<br \/>\n&#8211; Kh\u00f3a n\u01b0\u1edbc v\u00f2i x\u1ecbt t\u01b0\u1edbi c\u00e2y.<br \/>\n&#8211; Van kh\u00f3a h\u1ec7 th\u1ed1ng c\u1ea5p n\u01b0\u1edbc v\u00e0o m\u00e1y b\u01a1m.<br \/>\n&#8211; Van kh\u00f3a h\u1ec7 th\u1ed1ng b\u01a1m th\u1ef1c ph\u1ea9m.<br \/>\n&#8211; Kh\u00f3a n\u01b0\u1edbc m\u00e1y b\u01a1m n\u01b0\u1edbc d\u1ea7u m\u00e1y ti\u1ec7n CNC.<br \/>\n&#8211; Kh\u00f3a n\u01b0\u1edbc b\u01a1m m\u00e1y khoan c\u1eaft.<br \/>\n&#8211; Van kh\u00f3a ch\u1ea5t l\u1ecfng cho nhi\u1ec1u \u1ee9ng d\u1ee5ng kh\u00e1c.<br \/>\n&#8211; Van kh\u00f3a b\u00e9c x\u1ecbt \u00e1p l\u1ef1c cao.<br \/>\n&#8211; Van kh\u00f3a b\u00e9c r\u1eeda xe.<br \/>\n&#8211; Van kh\u00f3a b\u00e9c t\u01b0\u1edbi c\u00e2y.<br \/>\n&#8211; Kh\u00f3a n\u01b0\u1edbc phun s\u01b0\u01a1ng.<br \/>\n&#8211; Van kh\u00f3a n\u01b0\u1edbc phun s\u01b0\u01a1ng l\u00e0m m\u00e1t.<\/p>\n<h1 class=\"entry-title\"><a href=\"https:\/\/maybommini.com\/wp-content\/uploads\/2023\/04\/van-khoa-nuoc-hoi-khi-nen-taiwan.jpg\" target=\"_blank\" rel=\"noopener\"><img decoding=\"async\" class=\"size-full wp-image-273538 aligncenter\" src=\"https:\/\/maybommini.com\/wp-content\/uploads\/2023\/04\/van-khoa-nuoc-hoi-khi-nen-taiwan.jpg\" alt=\"Van Khoa Nuoc Hoi Khi Nen Taiwan\" width=\"750\" height=\"750\" srcset=\"https:\/\/maybommini.vn\/wp-content\/uploads\/2023\/04\/van-khoa-nuoc-hoi-khi-nen-taiwan.jpg 750w, https:\/\/maybommini.vn\/wp-content\/uploads\/2023\/04\/van-khoa-nuoc-hoi-khi-nen-taiwan-300x300.jpg 300w, https:\/\/maybommini.vn\/wp-content\/uploads\/2023\/04\/van-khoa-nuoc-hoi-khi-nen-taiwan-150x150.jpg 150w, https:\/\/maybommini.vn\/wp-content\/uploads\/2023\/04\/van-khoa-nuoc-hoi-khi-nen-taiwan-600x600.jpg 600w\" sizes=\"(max-width: 750px) 100vw, 750px\" \/><\/a><\/h1>\n<h4 style=\"text-align: center;\">Van kh\u00f3a Taiwan ren 13mm<br \/>\nStainless Steel Two Piece Ball Valve<br \/>\nWater Valve Metal Taiwan<\/h4>\n<p><strong><a href=\"https:\/\/maybommini.com\/wp-content\/uploads\/2023\/03\/cung-cap-phan-phoi-thiet-bi-phun-xit-ap-luc-co-noi-khoa-nuoc.jpg\" target=\"_blank\" rel=\"noopener\"><img decoding=\"async\" class=\"size-full wp-image-273201 aligncenter\" src=\"https:\/\/maybommini.com\/wp-content\/uploads\/2023\/03\/cung-cap-phan-phoi-thiet-bi-phun-xit-ap-luc-co-noi-khoa-nuoc.jpg\" alt=\"Cung Cap Phan Phoi Thiet Bi Phun Xit Ap Luc Co Noi Khoa Nuoc\" width=\"750\" height=\"750\" srcset=\"https:\/\/maybommini.vn\/wp-content\/uploads\/2023\/03\/cung-cap-phan-phoi-thiet-bi-phun-xit-ap-luc-co-noi-khoa-nuoc.jpg 750w, https:\/\/maybommini.vn\/wp-content\/uploads\/2023\/03\/cung-cap-phan-phoi-thiet-bi-phun-xit-ap-luc-co-noi-khoa-nuoc-300x300.jpg 300w, https:\/\/maybommini.vn\/wp-content\/uploads\/2023\/03\/cung-cap-phan-phoi-thiet-bi-phun-xit-ap-luc-co-noi-khoa-nuoc-150x150.jpg 150w, https:\/\/maybommini.vn\/wp-content\/uploads\/2023\/03\/cung-cap-phan-phoi-thiet-bi-phun-xit-ap-luc-co-noi-khoa-nuoc-600x600.jpg 600w\" sizes=\"(max-width: 750px) 100vw, 750px\" \/><\/a><\/strong><\/p>\n<p><strong>Chuy\u00ean cung c\u1ea5p v\u1eadt t\u01b0 thi\u1ebft b\u1ecb \u0111i\u1ec7n n\u01b0\u1edbc khi n\u00e9n, \u0111\u1ea7u n\u1ed1i \u1ed1ng, kh\u1edbp n\u1ed1i nhanh, van t\u1eeb, van bi, co n\u1ed1i, b\u00e9c phun, \u1ed1ng \u00e1p l\u1ef1c, \u1ed1ng n\u01b0\u1edbc, \u1ed1ng PVC, \u1ed1ng RO, PU v\u00e0 nhi\u1ec1u thi\u1ebft b\u1ecb kh\u00e1c.<br \/>\nCTY TNHH TH\u01af\u01a0NG M\u1ea0I D\u1ecaCH V\u1ee4 \u0110I\u1ec6N M\u00c1Y TH\u00d4NG MINH<\/strong><br \/>\n<strong>Hotline:<\/strong> <a href=\"tel:02873030399\">02873030399<\/a> \u2013 <a href=\"tel:0907294310\">0907294310<\/a> &#8211; <a href=\"tel:0908997823\">0908997823<\/a> &#8211; <a href=\"tel:0908997872\">0908997872<\/a><br \/>\n<strong>Email:<\/strong>\u00a0maybommini.com@gmail.com<br \/>\n<strong>Website:<\/strong>\u00a0https:\/\/maybommini.com<br \/>\n<strong>Youtube demo:<\/strong>\u00a0https:\/\/www.youtube.com\/bahamasali<\/p>\n<p><a class=\"swipebox\" title=\"\" href=\"https:\/\/maybommini.com\/wp-content\/uploads\/2022\/07\/thong-tin-lien-he-may-bom-mini.jpg\" data-rel=\"lightbox-image-bGlnaHRib3gtaW1hZ2UtMTE=\" data-rl_title=\"\" data-rl_caption=\"\" data-rl_ target=\"_blank\" rel=\"noopener\"><img decoding=\"async\" class=\"size-full wp-image-270584 aligncenter lazyloaded\" src=\"https:\/\/maybommini.com\/wp-content\/uploads\/2022\/07\/thong-tin-lien-he-may-bom-mini.jpg\" sizes=\"(max-width: 750px) 100vw, 750px\" srcset=\"https:\/\/maybommini.com\/wp-content\/uploads\/2022\/07\/thong-tin-lien-he-may-bom-mini.jpg 750w, https:\/\/maybommini.com\/wp-content\/uploads\/2022\/07\/thong-tin-lien-he-may-bom-mini-300x202.jpg 300w, https:\/\/maybommini.com\/wp-content\/uploads\/2022\/07\/thong-tin-lien-he-may-bom-mini-600x405.jpg 600w\" alt=\"Thong Tin Lien He May Bom Mini\" width=\"750\" height=\"506\" data-lazy-srcset=\"https:\/\/maybommini.com\/wp-content\/uploads\/2022\/07\/thong-tin-lien-he-may-bom-mini.jpg 750w, https:\/\/maybommini.com\/wp-content\/uploads\/2022\/07\/thong-tin-lien-he-may-bom-mini-300x202.jpg 300w, https:\/\/maybommini.com\/wp-content\/uploads\/2022\/07\/thong-tin-lien-he-may-bom-mini-600x405.jpg 600w\" data-lazy-sizes=\"(max-width: 750px) 100vw, 750px\" data-lazy-src=\"https:\/\/maybommini.com\/wp-content\/uploads\/2022\/07\/thong-tin-lien-he-may-bom-mini.jpg\" data-was-processed=\"true\" \/><\/a><\/p>\n","protected":false},"excerpt":{"rendered":"<p>Ren n\u1ed1i ngo\u00e0i: 13 mm<br \/>\n\u0110u\u00f4i chu\u1ed9t 8mm<br \/>\nLo\u1ea1i van bi.<br \/>\nCh\u1ea5t li\u1ec7u: \u0110\u1ed3ng &#8211; Inox<br \/>\nS\u1ea3n ph\u1ea9m cao c\u1ea5p.<br \/>\nMade in Taiwan.<br \/>\nK\u00edch th\u01b0\u1edbc: d\u00e0i 60 mm<br \/>\nTr\u1ecdng l\u01b0\u1ee3ng: 56 gam<br \/>\n<strong>Mua s\u1ed1 l\u01b0\u1ee3ng gi\u00e1 t\u1ed1t<\/strong><\/p>\n","protected":false},"featured_media":273536,"comment_status":"open","ping_status":"closed","template":"","meta":[],"product_brand":[],"product_cat":[214,4005],"product_tag":[4093,1214,1215,4148,4147,4145,4109,557,4146,4110,4143,4141,4111,935,3680,560,4144,4140,546,547,4142,4108],"class_list":{"0":"post-273534","1":"product","2":"type-product","3":"status-publish","4":"has-post-thumbnail","6":"product_cat-phu-kien-bom-nuoc","7":"product_cat-van-khoa-nuoc","8":"product_tag-13mm","9":"product_tag-17mm","10":"product_tag-21mm","11":"product_tag-ball","12":"product_tag-ball-valve","13":"product_tag-khoa-bec-rua-xe","14":"product_tag-khoa-nhua","15":"product_tag-khoa-nuoc","16":"product_tag-khoa-nuoc-may-phun-suong","17":"product_tag-khoa-nuoc-pvc","18":"product_tag-khoa-nuoc-taiwan","19":"product_tag-khoa-taiwan","20":"product_tag-npt","21":"product_tag-taiwan","22":"product_tag-value","23":"product_tag-van","24":"product_tag-van-bi","25":"product_tag-van-dong","26":"product_tag-van-nuoc","27":"product_tag-van-nuoc-phun-suong","28":"product_tag-van-taiwan","29":"product_tag-water-plastic-valve","31":"first","32":"instock","33":"sale","34":"shipping-taxable","35":"purchasable","36":"product-type-simple"},"_links":{"self":[{"href":"https:\/\/maybommini.vn\/index.php?rest_route=\/wp\/v2\/product\/273534","targetHints":{"allow":["GET"]}}],"collection":[{"href":"https:\/\/maybommini.vn\/index.php?rest_route=\/wp\/v2\/product"}],"about":[{"href":"https:\/\/maybommini.vn\/index.php?rest_route=\/wp\/v2\/types\/product"}],"replies":[{"embeddable":true,"href":"https:\/\/maybommini.vn\/index.php?rest_route=%2Fwp%2Fv2%2Fcomments&post=273534"}],"wp:featuredmedia":[{"embeddable":true,"href":"https:\/\/maybommini.vn\/index.php?rest_route=\/wp\/v2\/media\/273536"}],"wp:attachment":[{"href":"https:\/\/maybommini.vn\/index.php?rest_route=%2Fwp%2Fv2%2Fmedia&parent=273534"}],"wp:term":[{"taxonomy":"product_brand","embeddable":true,"href":"https:\/\/maybommini.vn\/index.php?rest_route=%2Fwp%2Fv2%2Fproduct_brand&post=273534"},{"taxonomy":"product_cat","embeddable":true,"href":"https:\/\/maybommini.vn\/index.php?rest_route=%2Fwp%2Fv2%2Fproduct_cat&post=273534"},{"taxonomy":"product_tag","embeddable":true,"href":"https:\/\/maybommini.vn\/index.php?rest_route=%2Fwp%2Fv2%2Fproduct_tag&post=273534"}],"curies":[{"name":"wp","href":"https:\/\/api.w.org\/{rel}","templated":true}]}}