{"id":273543,"date":"2023-04-12T22:33:59","date_gmt":"2023-04-12T15:33:59","guid":{"rendered":"https:\/\/maybommini.com\/?post_type=product&#038;p=273543"},"modified":"2023-04-12T22:51:32","modified_gmt":"2023-04-12T15:51:32","slug":"bec-xit-ap-luc-chinh-tia-dong-70mm","status":"publish","type":"product","link":"https:\/\/maybommini.vn\/?product=bec-xit-ap-luc-chinh-tia-dong-70mm","title":{"rendered":"B\u00e9c x\u1ecbt \u00e1p l\u1ef1c ch\u1ec9nh tia \u0111\u1ed3ng &#8211; 70mm"},"content":{"rendered":"<p><strong>B\u00e9c x\u1ecbt \u00e1p l\u1ef1c ch\u1ec9nh tia \u0111\u1ed3ng 70mm s\u1eed d\u1ee5ng k\u1ebft h\u1ee3p v\u1edbi m\u00e1y b\u01a1m \u00e1p l\u1ef1c ho\u1eb7c h\u1ec7 th\u1ed1ng n\u01b0\u1edbc gia \u0111\u00ecnh. V\u00f2i c\u00f3 ch\u1ee9c n\u0103ng ch\u1ec9nh tia phun x\u1ecbt ph\u00f9 h\u1ee3p r\u1eeda xe, t\u01b0\u1edbi c\u00e2y, b\u00e9c x\u1ecbt v\u1ec7 sinh m\u00e1y l\u1ea1nh v\u00e0 nhi\u1ec1u \u1ee9ng d\u1ee5ng kh\u00e1c.<\/strong><\/p>\n<p><strong><a href=\"https:\/\/maybommini.com\/wp-content\/uploads\/2023\/04\/gia-bec-rua-xe-chinh-tia-ap-luc.jpg\" target=\"_blank\" rel=\"noopener\"><img decoding=\"async\" class=\"size-full wp-image-273548 aligncenter\" src=\"https:\/\/maybommini.com\/wp-content\/uploads\/2023\/04\/gia-bec-rua-xe-chinh-tia-ap-luc.jpg\" alt=\"Gia Bec Rua Xe Chinh Tia Ap Luc\" width=\"750\" height=\"750\" srcset=\"https:\/\/maybommini.vn\/wp-content\/uploads\/2023\/04\/gia-bec-rua-xe-chinh-tia-ap-luc.jpg 750w, https:\/\/maybommini.vn\/wp-content\/uploads\/2023\/04\/gia-bec-rua-xe-chinh-tia-ap-luc-300x300.jpg 300w, https:\/\/maybommini.vn\/wp-content\/uploads\/2023\/04\/gia-bec-rua-xe-chinh-tia-ap-luc-150x150.jpg 150w, https:\/\/maybommini.vn\/wp-content\/uploads\/2023\/04\/gia-bec-rua-xe-chinh-tia-ap-luc-600x600.jpg 600w\" sizes=\"(max-width: 750px) 100vw, 750px\" \/><\/a>TH\u00d4NG S\u1ed0 K\u1ef8 THU\u1eacT<br \/>\n<\/strong>Lo\u1ea1i b\u00e9c phun ch\u1ec9nh tia.<br \/>\nV\u00f2i phun x\u1ecbt \u00e1p l\u1ef1c.<br \/>\n\u0110u\u00f4i chu\u1ed9t 10mm<br \/>\nT\u1ea1o tia phun<br \/>\nCh\u1ea5t li\u1ec7u: \u0111\u1ed3ng<br \/>\nLo\u1ea1i t\u1ed1t ch\u1ea5t l\u01b0\u1ee3ng.<br \/>\nMade in Viet Nam<br \/>\nChi\u1ec1u d\u00e0i: 7.0 cm<br \/>\nTr\u1ecdng l\u01b0\u1ee3ng:\u00a0 60 gam<\/p>\n<p><strong><a href=\"https:\/\/maybommini.com\/wp-content\/uploads\/2023\/04\/bec-xit-tang-ap-dong-thau.jpg\" target=\"_blank\" rel=\"noopener\"><img decoding=\"async\" class=\"size-full wp-image-273545 aligncenter\" src=\"https:\/\/maybommini.com\/wp-content\/uploads\/2023\/04\/bec-xit-tang-ap-dong-thau.jpg\" alt=\"Bec Xit Tang Ap Dong Thau\" width=\"750\" height=\"750\" srcset=\"https:\/\/maybommini.vn\/wp-content\/uploads\/2023\/04\/bec-xit-tang-ap-dong-thau.jpg 750w, https:\/\/maybommini.vn\/wp-content\/uploads\/2023\/04\/bec-xit-tang-ap-dong-thau-300x300.jpg 300w, https:\/\/maybommini.vn\/wp-content\/uploads\/2023\/04\/bec-xit-tang-ap-dong-thau-150x150.jpg 150w, https:\/\/maybommini.vn\/wp-content\/uploads\/2023\/04\/bec-xit-tang-ap-dong-thau-600x600.jpg 600w\" sizes=\"(max-width: 750px) 100vw, 750px\" \/><\/a><a href=\"https:\/\/maybommini.com\/wp-content\/uploads\/2023\/04\/dau-bec-xit-rua-xe-ap-luc-cao.jpg\" target=\"_blank\" rel=\"noopener\"><img decoding=\"async\" class=\"size-full wp-image-273546 aligncenter\" src=\"https:\/\/maybommini.com\/wp-content\/uploads\/2023\/04\/dau-bec-xit-rua-xe-ap-luc-cao.jpg\" alt=\"Dau Bec Xit Rua Xe Ap Luc Cao\" width=\"750\" height=\"750\" srcset=\"https:\/\/maybommini.vn\/wp-content\/uploads\/2023\/04\/dau-bec-xit-rua-xe-ap-luc-cao.jpg 750w, https:\/\/maybommini.vn\/wp-content\/uploads\/2023\/04\/dau-bec-xit-rua-xe-ap-luc-cao-300x300.jpg 300w, https:\/\/maybommini.vn\/wp-content\/uploads\/2023\/04\/dau-bec-xit-rua-xe-ap-luc-cao-150x150.jpg 150w, https:\/\/maybommini.vn\/wp-content\/uploads\/2023\/04\/dau-bec-xit-rua-xe-ap-luc-cao-600x600.jpg 600w\" sizes=\"(max-width: 750px) 100vw, 750px\" \/><\/a><a href=\"https:\/\/maybommini.com\/wp-content\/uploads\/2023\/04\/duoi-chuot-bec-xit-rua-xe-70mm.jpg\" target=\"_blank\" rel=\"noopener\"><img decoding=\"async\" class=\"size-full wp-image-273547 aligncenter\" src=\"https:\/\/maybommini.com\/wp-content\/uploads\/2023\/04\/duoi-chuot-bec-xit-rua-xe-70mm.jpg\" alt=\"Duoi Chuot Bec Xit Rua Xe 70mm\" width=\"750\" height=\"750\" srcset=\"https:\/\/maybommini.vn\/wp-content\/uploads\/2023\/04\/duoi-chuot-bec-xit-rua-xe-70mm.jpg 750w, https:\/\/maybommini.vn\/wp-content\/uploads\/2023\/04\/duoi-chuot-bec-xit-rua-xe-70mm-300x300.jpg 300w, https:\/\/maybommini.vn\/wp-content\/uploads\/2023\/04\/duoi-chuot-bec-xit-rua-xe-70mm-150x150.jpg 150w, https:\/\/maybommini.vn\/wp-content\/uploads\/2023\/04\/duoi-chuot-bec-xit-rua-xe-70mm-600x600.jpg 600w\" sizes=\"(max-width: 750px) 100vw, 750px\" \/><\/a><a href=\"https:\/\/maybommini.com\/wp-content\/uploads\/2023\/04\/bec-chinh-tia-rua-xe-cao-cap.jpg\" target=\"_blank\" rel=\"noopener\"><img decoding=\"async\" class=\"size-full wp-image-273549 aligncenter\" src=\"https:\/\/maybommini.com\/wp-content\/uploads\/2023\/04\/bec-chinh-tia-rua-xe-cao-cap.jpg\" alt=\"Bec Chinh Tia Rua Xe Cao Cap\" width=\"750\" height=\"750\" srcset=\"https:\/\/maybommini.vn\/wp-content\/uploads\/2023\/04\/bec-chinh-tia-rua-xe-cao-cap.jpg 750w, https:\/\/maybommini.vn\/wp-content\/uploads\/2023\/04\/bec-chinh-tia-rua-xe-cao-cap-300x300.jpg 300w, https:\/\/maybommini.vn\/wp-content\/uploads\/2023\/04\/bec-chinh-tia-rua-xe-cao-cap-150x150.jpg 150w, https:\/\/maybommini.vn\/wp-content\/uploads\/2023\/04\/bec-chinh-tia-rua-xe-cao-cap-600x600.jpg 600w\" sizes=\"(max-width: 750px) 100vw, 750px\" \/><\/a><a href=\"https:\/\/maybommini.com\/wp-content\/uploads\/2023\/04\/bec-rua-xe-ap-luc-chinh-tia-kich-thuoc.jpg\" target=\"_blank\" rel=\"noopener\"><img decoding=\"async\" class=\"size-full wp-image-273550 aligncenter\" src=\"https:\/\/maybommini.com\/wp-content\/uploads\/2023\/04\/bec-rua-xe-ap-luc-chinh-tia-kich-thuoc.jpg\" alt=\"Bec Rua Xe Ap Luc Chinh Tia Kich Thuoc\" width=\"750\" height=\"750\" srcset=\"https:\/\/maybommini.vn\/wp-content\/uploads\/2023\/04\/bec-rua-xe-ap-luc-chinh-tia-kich-thuoc.jpg 750w, https:\/\/maybommini.vn\/wp-content\/uploads\/2023\/04\/bec-rua-xe-ap-luc-chinh-tia-kich-thuoc-300x300.jpg 300w, https:\/\/maybommini.vn\/wp-content\/uploads\/2023\/04\/bec-rua-xe-ap-luc-chinh-tia-kich-thuoc-150x150.jpg 150w, https:\/\/maybommini.vn\/wp-content\/uploads\/2023\/04\/bec-rua-xe-ap-luc-chinh-tia-kich-thuoc-600x600.jpg 600w\" sizes=\"(max-width: 750px) 100vw, 750px\" \/><\/a><a href=\"https:\/\/maybommini.com\/wp-content\/uploads\/2023\/04\/bec-rua-xe-chinh-tia-can-nang.jpg\" target=\"_blank\" rel=\"noopener\"><img decoding=\"async\" class=\"size-full wp-image-273551 aligncenter\" src=\"https:\/\/maybommini.com\/wp-content\/uploads\/2023\/04\/bec-rua-xe-chinh-tia-can-nang.jpg\" alt=\"Bec Rua Xe Chinh Tia Can Nang\" width=\"750\" height=\"750\" srcset=\"https:\/\/maybommini.vn\/wp-content\/uploads\/2023\/04\/bec-rua-xe-chinh-tia-can-nang.jpg 750w, https:\/\/maybommini.vn\/wp-content\/uploads\/2023\/04\/bec-rua-xe-chinh-tia-can-nang-300x300.jpg 300w, https:\/\/maybommini.vn\/wp-content\/uploads\/2023\/04\/bec-rua-xe-chinh-tia-can-nang-150x150.jpg 150w, https:\/\/maybommini.vn\/wp-content\/uploads\/2023\/04\/bec-rua-xe-chinh-tia-can-nang-600x600.jpg 600w\" sizes=\"(max-width: 750px) 100vw, 750px\" \/><\/a><a href=\"https:\/\/maybommini.com\/wp-content\/uploads\/2023\/04\/gia-bec-rua-xe-chinh-tia-ap-luc.jpg\" target=\"_blank\" rel=\"noopener\"><img decoding=\"async\" class=\"size-full wp-image-273548 aligncenter\" src=\"https:\/\/maybommini.com\/wp-content\/uploads\/2023\/04\/gia-bec-rua-xe-chinh-tia-ap-luc.jpg\" alt=\"Gia Bec Rua Xe Chinh Tia Ap Luc\" width=\"750\" height=\"750\" srcset=\"https:\/\/maybommini.vn\/wp-content\/uploads\/2023\/04\/gia-bec-rua-xe-chinh-tia-ap-luc.jpg 750w, https:\/\/maybommini.vn\/wp-content\/uploads\/2023\/04\/gia-bec-rua-xe-chinh-tia-ap-luc-300x300.jpg 300w, https:\/\/maybommini.vn\/wp-content\/uploads\/2023\/04\/gia-bec-rua-xe-chinh-tia-ap-luc-150x150.jpg 150w, https:\/\/maybommini.vn\/wp-content\/uploads\/2023\/04\/gia-bec-rua-xe-chinh-tia-ap-luc-600x600.jpg 600w\" sizes=\"(max-width: 750px) 100vw, 750px\" \/><\/a><a href=\"https:\/\/maybommini.com\/wp-content\/uploads\/2023\/04\/Bec-xit-rua-xe-chinh-tia-dong-cao-cap-chinh-hang-gia-re.jpg\" target=\"_blank\" rel=\"noopener\"><img decoding=\"async\" class=\"size-full wp-image-273544 aligncenter\" src=\"https:\/\/maybommini.com\/wp-content\/uploads\/2023\/04\/Bec-xit-rua-xe-chinh-tia-dong-cao-cap-chinh-hang-gia-re.jpg\" alt=\"Bec Xit Rua Xe Chinh Tia Dong Cao Cap Chinh Hang Gia Re\" width=\"750\" height=\"750\" srcset=\"https:\/\/maybommini.vn\/wp-content\/uploads\/2023\/04\/Bec-xit-rua-xe-chinh-tia-dong-cao-cap-chinh-hang-gia-re.jpg 750w, https:\/\/maybommini.vn\/wp-content\/uploads\/2023\/04\/Bec-xit-rua-xe-chinh-tia-dong-cao-cap-chinh-hang-gia-re-300x300.jpg 300w, https:\/\/maybommini.vn\/wp-content\/uploads\/2023\/04\/Bec-xit-rua-xe-chinh-tia-dong-cao-cap-chinh-hang-gia-re-150x150.jpg 150w, https:\/\/maybommini.vn\/wp-content\/uploads\/2023\/04\/Bec-xit-rua-xe-chinh-tia-dong-cao-cap-chinh-hang-gia-re-600x600.jpg 600w\" sizes=\"(max-width: 750px) 100vw, 750px\" \/><\/a>S\u1eec D\u1ee4NG V\u00d2I PHUN X\u1ecaT \u00c1P L\u1ef0C<\/strong><br \/>\n&#8211; S\u1eed d\u1ee5ng v\u00f2i phun x\u1ecbt \u00e1p l\u1ef1c cao.<br \/>\n&#8211; S\u1eed d\u1ee5ng v\u00f2i phun x\u1ecbt t\u01b0\u1edbi c\u00e2y l\u00e0m m\u00e1t t\u1ea1o \u0111\u1ed9 \u1ea9m.<br \/>\n&#8211; S\u1eed d\u1ee5ng k\u1ebft h\u1ee3p v\u1edbi m\u00e1y \u00e1p l\u1ef1c cao x\u1ecbt r\u1eeda v\u1ec7 sinh nh\u00e0 c\u1eeda.<br \/>\n&#8211; S\u1eed d\u1ee5ng v\u1edbi m\u00e1y x\u1ecbt r\u1eeda xe \u00e1p l\u1ef1c cao.<br \/>\n&#8211; S\u1eed d\u1ee5ng l\u00e0m b\u00e9c r\u1eeda xe.<br \/>\n&#8211; B\u00e9c v\u1ecbt4 v\u1ec7 sinh m\u00e1y l\u1ea1nh.<br \/>\n&#8211; S\u1eed d\u1ee5ng l\u00e0m b\u00e9c phun x\u1ecbt cho m\u00e1y b\u01a1m \u00e1p l\u1ef1c mini 12V 24V.<br \/>\n&#8211; Phun t\u01b0\u1edbi c\u00e2y, phun x\u1ecbt t\u01b0\u1edbi.<br \/>\n&#8211; S\u1eed d\u1ee5ng k\u1ebft h\u1ee3p v\u1edbi \u1ed1ng d\u00e2y ch\u1ecbu \u00e1p l\u1ef1c<br \/>\n&#8211; V\u00e0 nhi\u1ec1u \u1ee9ng d\u1ee5ng phun x\u1ecbt kh\u00e1c.<\/p>\n<h4><strong><a href=\"https:\/\/maybommini.com\/wp-content\/uploads\/2023\/04\/Bec-xit-rua-xe-chinh-tia-dong-cao-cap.jpg\" target=\"_blank\" rel=\"noopener\"><img decoding=\"async\" class=\"size-full wp-image-273552 aligncenter\" src=\"https:\/\/maybommini.com\/wp-content\/uploads\/2023\/04\/Bec-xit-rua-xe-chinh-tia-dong-cao-cap.jpg\" alt=\"Bec Xit Rua Xe Chinh Tia Dong Cao Cap\" width=\"750\" height=\"750\" srcset=\"https:\/\/maybommini.vn\/wp-content\/uploads\/2023\/04\/Bec-xit-rua-xe-chinh-tia-dong-cao-cap.jpg 750w, https:\/\/maybommini.vn\/wp-content\/uploads\/2023\/04\/Bec-xit-rua-xe-chinh-tia-dong-cao-cap-300x300.jpg 300w, https:\/\/maybommini.vn\/wp-content\/uploads\/2023\/04\/Bec-xit-rua-xe-chinh-tia-dong-cao-cap-150x150.jpg 150w, https:\/\/maybommini.vn\/wp-content\/uploads\/2023\/04\/Bec-xit-rua-xe-chinh-tia-dong-cao-cap-600x600.jpg 600w\" sizes=\"(max-width: 750px) 100vw, 750px\" \/><\/a><\/strong><\/h4>\n<h4 style=\"text-align: center;\">B\u00e9c x\u1ecbt \u00e1p l\u1ef1c ch\u1ec9nh tia \u0111\u1ed3ng &#8211; 70mm<\/h4>\n<p><strong>Ch\u00fang t\u00f4i chuy\u00ean cung c\u1ea5p v\u00f2i phun x\u1ecbt, rulo cu\u1ed1n \u1ed1ng, \u1ed1ng \u00e1p l\u1ef1c, ph\u1ee5 ki\u1ec7n m\u00e1y r\u1eeda xe, m\u00e1y r\u1eeda xe, c\u00e1c lo\u1ea1i b\u00e9c x\u1ecbt r\u1eeda xe v\u1ec7 sinh m\u00e1y l\u1ea1nh \u00e1p l\u1ef1c cao b\u1eb1ng \u0111\u1ed3ng cao c\u1ea5p, s\u00fang x\u1ecbt r\u1eeda xe, v\u00f2i x\u1ecbt t\u01b0\u1edbi c\u00e2y, c\u1ea7n phun thu\u1ed1c tr\u1eeb s\u00e2u. Giao h\u00e0ng to\u00e0n qu\u1ed1c b\u00e0o h\u00e0nh l\u00e2u d\u00e0i, ch\u1ea5t l\u01b0\u1ee3ng uy t\u00edn h\u00e0ng \u0111\u1ea7u t\u1ea1i Vi\u1ec7t Nam.<\/strong><\/p>\n<p><strong><a href=\"https:\/\/maybommini.com\/wp-content\/uploads\/2023\/04\/gia-bec-phun-xit-ap-luc-chinh-ap-va-khong-chinh-ap.jpg\" target=\"_blank\" rel=\"noopener\"><img decoding=\"async\" class=\"size-full wp-image-273487 aligncenter\" src=\"https:\/\/maybommini.com\/wp-content\/uploads\/2023\/04\/gia-bec-phun-xit-ap-luc-chinh-ap-va-khong-chinh-ap.jpg\" alt=\"Gia Bec Phun Xit Ap Luc Chinh Ap Va Khong Chinh Ap\" width=\"750\" height=\"750\" srcset=\"https:\/\/maybommini.vn\/wp-content\/uploads\/2023\/04\/gia-bec-phun-xit-ap-luc-chinh-ap-va-khong-chinh-ap.jpg 750w, https:\/\/maybommini.vn\/wp-content\/uploads\/2023\/04\/gia-bec-phun-xit-ap-luc-chinh-ap-va-khong-chinh-ap-300x300.jpg 300w, https:\/\/maybommini.vn\/wp-content\/uploads\/2023\/04\/gia-bec-phun-xit-ap-luc-chinh-ap-va-khong-chinh-ap-150x150.jpg 150w, https:\/\/maybommini.vn\/wp-content\/uploads\/2023\/04\/gia-bec-phun-xit-ap-luc-chinh-ap-va-khong-chinh-ap-600x600.jpg 600w\" sizes=\"(max-width: 750px) 100vw, 750px\" \/><\/a><\/strong><\/p>\n<p><strong><a href=\"https:\/\/maybommini.com\/wp-content\/uploads\/2023\/03\/Voi-phun-xit-thuoc-trua-sau-tuoi-cay-ap-luc-cao-50-cm.jpg\" target=\"_blank\" rel=\"noopener\"><img decoding=\"async\" class=\"size-full wp-image-273070 aligncenter\" src=\"https:\/\/maybommini.com\/wp-content\/uploads\/2023\/03\/Voi-phun-xit-thuoc-trua-sau-tuoi-cay-ap-luc-cao-50-cm.jpg\" alt=\"Voi Phun Xit Thuoc Trua Sau Tuoi Cay Ap Luc Cao 50 Cm\" width=\"750\" height=\"750\" srcset=\"https:\/\/maybommini.vn\/wp-content\/uploads\/2023\/03\/Voi-phun-xit-thuoc-trua-sau-tuoi-cay-ap-luc-cao-50-cm.jpg 750w, https:\/\/maybommini.vn\/wp-content\/uploads\/2023\/03\/Voi-phun-xit-thuoc-trua-sau-tuoi-cay-ap-luc-cao-50-cm-300x300.jpg 300w, https:\/\/maybommini.vn\/wp-content\/uploads\/2023\/03\/Voi-phun-xit-thuoc-trua-sau-tuoi-cay-ap-luc-cao-50-cm-150x150.jpg 150w, https:\/\/maybommini.vn\/wp-content\/uploads\/2023\/03\/Voi-phun-xit-thuoc-trua-sau-tuoi-cay-ap-luc-cao-50-cm-600x600.jpg 600w\" sizes=\"(max-width: 750px) 100vw, 750px\" \/><\/a><a href=\"https:\/\/maybommini.com\/wp-content\/uploads\/2023\/03\/cung-cap-phan-phoi-thiet-bi-phun-xit-ap-luc-co-noi-khoa-nuoc.jpg\" target=\"_blank\" rel=\"noopener\"><img decoding=\"async\" class=\"size-full wp-image-273201 aligncenter\" src=\"https:\/\/maybommini.com\/wp-content\/uploads\/2023\/03\/cung-cap-phan-phoi-thiet-bi-phun-xit-ap-luc-co-noi-khoa-nuoc.jpg\" alt=\"Cung Cap Phan Phoi Thiet Bi Phun Xit Ap Luc Co Noi Khoa Nuoc\" width=\"750\" height=\"750\" srcset=\"https:\/\/maybommini.vn\/wp-content\/uploads\/2023\/03\/cung-cap-phan-phoi-thiet-bi-phun-xit-ap-luc-co-noi-khoa-nuoc.jpg 750w, https:\/\/maybommini.vn\/wp-content\/uploads\/2023\/03\/cung-cap-phan-phoi-thiet-bi-phun-xit-ap-luc-co-noi-khoa-nuoc-300x300.jpg 300w, https:\/\/maybommini.vn\/wp-content\/uploads\/2023\/03\/cung-cap-phan-phoi-thiet-bi-phun-xit-ap-luc-co-noi-khoa-nuoc-150x150.jpg 150w, https:\/\/maybommini.vn\/wp-content\/uploads\/2023\/03\/cung-cap-phan-phoi-thiet-bi-phun-xit-ap-luc-co-noi-khoa-nuoc-600x600.jpg 600w\" sizes=\"(max-width: 750px) 100vw, 750px\" \/><\/a><\/strong><\/p>\n<p><strong>CTY TNHH TH\u01af\u01a0NG M\u1ea0I D\u1ecaCH V\u1ee4 \u0110I\u1ec6N M\u00c1Y TH\u00d4NG MINH<br \/>\nWebsite:\u00a0<a href=\"https:\/\/maybommini.com\/\" target=\"_blank\" rel=\"noopener\">https:\/\/maybommini.com<\/a><br \/>\nEmail: Maybommini.com@gmail.com<br \/>\nT\u01af V\u1ea4N K\u1ef8 THU\u1eacT \u2013 MUA H\u00c0NG<br \/>\nTel\/ Zalo: 0908997823 \u2013 0908997872<br \/>\nT\u01b0 v\u1ea5n mua h\u00e0ng: 0907294310 \u2013 028730303<\/strong><\/p>\n<p><a class=\"swipebox\" title=\"\" href=\"https:\/\/maybommini.com\/wp-content\/uploads\/2022\/07\/thong-tin-lien-he-may-bom-mini.jpg\" data-rel=\"lightbox-image-bGlnaHRib3gtaW1hZ2UtYkdsbmFIUmliM2d0YVcxaFoyVXRZa2RzYm1GSVVtbGlNMmQwWVZjeGFGb3lWWFJaYTJSelltMUdTVlZ0YkdsTk1tUXdXVlpqZUdGR2IzbFdXRkphWVRKU2VsbHRNVWRUVmxaMFlrZHNUazF0VVhkWFZscHFaVWRHUjJJemJGZFhSa3BQVm10YVZrOVJQVDA9\" data-rl_title=\"\" data-rl_caption=\"\" data-rl_ target=\"_blank\" rel=\"noopener\"><img decoding=\"async\" class=\"size-full wp-image-270584 aligncenter lazyloaded\" src=\"https:\/\/maybommini.com\/wp-content\/uploads\/2022\/07\/thong-tin-lien-he-may-bom-mini.jpg\" sizes=\"(max-width: 750px) 100vw, 750px\" srcset=\"https:\/\/maybommini.com\/wp-content\/uploads\/2022\/07\/thong-tin-lien-he-may-bom-mini.jpg 750w, https:\/\/maybommini.com\/wp-content\/uploads\/2022\/07\/thong-tin-lien-he-may-bom-mini-300x202.jpg 300w, https:\/\/maybommini.com\/wp-content\/uploads\/2022\/07\/thong-tin-lien-he-may-bom-mini-600x405.jpg 600w\" alt=\"Thong Tin Lien He May Bom Mini\" width=\"750\" height=\"506\" data-lazy-srcset=\"https:\/\/maybommini.com\/wp-content\/uploads\/2022\/07\/thong-tin-lien-he-may-bom-mini.jpg 750w, https:\/\/maybommini.com\/wp-content\/uploads\/2022\/07\/thong-tin-lien-he-may-bom-mini-300x202.jpg 300w, https:\/\/maybommini.com\/wp-content\/uploads\/2022\/07\/thong-tin-lien-he-may-bom-mini-600x405.jpg 600w\" data-lazy-sizes=\"(max-width: 750px) 100vw, 750px\" data-lazy-src=\"https:\/\/maybommini.com\/wp-content\/uploads\/2022\/07\/thong-tin-lien-he-may-bom-mini.jpg\" data-was-processed=\"true\" \/><\/a><\/p>\n","protected":false},"excerpt":{"rendered":"<p>Lo\u1ea1i b\u00e9c phun ch\u1ec9nh tia.<br \/>\nV\u00f2i phun x\u1ecbt \u00e1p l\u1ef1c.<br \/>\n\u0110u\u00f4i chu\u1ed9t 10mm<br \/>\nT\u1ea1o tia phun<br \/>\nCh\u1ea5t li\u1ec7u: \u0111\u1ed3ng<br \/>\nLo\u1ea1i t\u1ed1t ch\u1ea5t l\u01b0\u1ee3ng.<br \/>\nMade in Viet Nam<br \/>\nChi\u1ec1u d\u00e0i: 7.0 cm<br \/>\nTr\u1ecdng l\u01b0\u1ee3ng:\u00a0 60 gam<br \/>\n\u0110\u1ed5i m\u1edbi trong 7 ng\u00e0y \u0111\u1ea7u l\u1ed7i do NSX.<br \/>\n<strong>Mua s\u1ed1 l\u01b0\u1ee3ng c\u00f3 gi\u00e1 t\u1ed1t<\/strong><\/p>\n","protected":false},"featured_media":273548,"comment_status":"open","ping_status":"closed","template":"","meta":[],"product_brand":[],"product_cat":[215,214,912],"product_tag":[232,4139,2153,1206,445,913,2140,2351,234,3051,4145,4076,4075,4077,4074],"class_list":{"0":"post-273543","1":"product","2":"type-product","3":"status-publish","4":"has-post-thumbnail","6":"product_cat-phu-kien-xit-rua-ap-luc","7":"product_cat-phu-kien-bom-nuoc","8":"product_cat-bec-phun-thuoc-tuoi-cay","9":"product_tag-bec","10":"product_tag-bec-ca-sau","11":"product_tag-bec-chinh-tia","12":"product_tag-bec-inox","13":"product_tag-bec-phun","14":"product_tag-bec-phun-thuoc","15":"product_tag-bec-phun-thuoc-sau","16":"product_tag-bec-rua-may-lanh","17":"product_tag-bec-rua-xe","18":"product_tag-dau-bec","19":"product_tag-khoa-bec-rua-xe","20":"product_tag-ong-bec-phun","21":"product_tag-ong-inox","22":"product_tag-tay-cam-phun-xit","23":"product_tag-voi-phun-xit","25":"first","26":"instock","27":"shipping-taxable","28":"purchasable","29":"product-type-simple"},"_links":{"self":[{"href":"https:\/\/maybommini.vn\/index.php?rest_route=\/wp\/v2\/product\/273543","targetHints":{"allow":["GET"]}}],"collection":[{"href":"https:\/\/maybommini.vn\/index.php?rest_route=\/wp\/v2\/product"}],"about":[{"href":"https:\/\/maybommini.vn\/index.php?rest_route=\/wp\/v2\/types\/product"}],"replies":[{"embeddable":true,"href":"https:\/\/maybommini.vn\/index.php?rest_route=%2Fwp%2Fv2%2Fcomments&post=273543"}],"wp:featuredmedia":[{"embeddable":true,"href":"https:\/\/maybommini.vn\/index.php?rest_route=\/wp\/v2\/media\/273548"}],"wp:attachment":[{"href":"https:\/\/maybommini.vn\/index.php?rest_route=%2Fwp%2Fv2%2Fmedia&parent=273543"}],"wp:term":[{"taxonomy":"product_brand","embeddable":true,"href":"https:\/\/maybommini.vn\/index.php?rest_route=%2Fwp%2Fv2%2Fproduct_brand&post=273543"},{"taxonomy":"product_cat","embeddable":true,"href":"https:\/\/maybommini.vn\/index.php?rest_route=%2Fwp%2Fv2%2Fproduct_cat&post=273543"},{"taxonomy":"product_tag","embeddable":true,"href":"https:\/\/maybommini.vn\/index.php?rest_route=%2Fwp%2Fv2%2Fproduct_tag&post=273543"}],"curies":[{"name":"wp","href":"https:\/\/api.w.org\/{rel}","templated":true}]}}