{"id":273614,"date":"2023-04-27T22:29:58","date_gmt":"2023-04-27T15:29:58","guid":{"rendered":"https:\/\/maybommini.com\/?post_type=product&#038;p=273614"},"modified":"2024-03-05T15:29:26","modified_gmt":"2024-03-05T08:29:26","slug":"may-thoi-hut-bui-220v-700w","status":"publish","type":"product","link":"https:\/\/maybommini.vn\/?product=may-thoi-hut-bui-220v-700w","title":{"rendered":"M\u00e1y th\u1ed5i h\u00fat b\u1ee5i 220V 700W"},"content":{"rendered":"<h3>M\u00e1y th\u1ed5i h\u00fat b\u1ee5i 220V 700W chuy\u00ean d\u1ee5ng si\u00eau m\u1ea1nh thi\u1ebft k\u1ebf nh\u1ecf g\u1ecdn. S\u1eed d\u1ee5ng cho nhi\u1ec1u \u1ee9ng d\u1ee5ng kh\u00e1c nhau nh\u01b0 th\u1ed5i b\u1ee5i, h\u00fat b\u1ee5i, v\u1ec7 sinh s\u00e2n v\u01b0\u1eddn, d\u1ecdn d\u1eb9p l\u00e1 c\u00e2y, v\u1ec7 sinh nh\u00e0 c\u1eeda v\u00e0 thi\u1ebft b\u1ecb.<\/h3>\n<p><strong><a href=\"https:\/\/maybommini.com\/wp-content\/uploads\/2023\/04\/gia-may-thoi-hut-bui-220v-700w.jpg\" target=\"_blank\" rel=\"noopener\"><img decoding=\"async\" class=\"size-full wp-image-273622 aligncenter\" src=\"https:\/\/maybommini.com\/wp-content\/uploads\/2023\/04\/gia-may-thoi-hut-bui-220v-700w.jpg\" alt=\"Gia May Thoi Hut Bui 220v 700w\" width=\"750\" height=\"750\" srcset=\"https:\/\/maybommini.vn\/wp-content\/uploads\/2023\/04\/gia-may-thoi-hut-bui-220v-700w.jpg 750w, https:\/\/maybommini.vn\/wp-content\/uploads\/2023\/04\/gia-may-thoi-hut-bui-220v-700w-300x300.jpg 300w, https:\/\/maybommini.vn\/wp-content\/uploads\/2023\/04\/gia-may-thoi-hut-bui-220v-700w-150x150.jpg 150w, https:\/\/maybommini.vn\/wp-content\/uploads\/2023\/04\/gia-may-thoi-hut-bui-220v-700w-600x600.jpg 600w\" sizes=\"(max-width: 750px) 100vw, 750px\" \/><\/a>TH\u00d4NG S\u1ed0 K\u1ef8 THU\u1eacT<br \/>\n<\/strong>Model: SD9020<br \/>\n\u0110i\u1ec7n th\u1ebf:\u00a0 220-240V AC<br \/>\nC\u00f4ng su\u1ea5t: 700W<br \/>\nT\u1ed1c \u0111\u1ed9 v\u00f2ng quay: 13000r\/min<br \/>\nL\u01b0u l\u01b0\u1ee3ng gi\u00f3: 5.5m3\/min<br \/>\nCh\u1ea5t li\u1ec7u: Nh\u1ef1a ABS &#8211; \u0110\u1ed3ng<br \/>\nK\u00edch th\u01b0\u1edbc th\u00f9ng: 23.5 x 17.5 x 15 cm<br \/>\nK\u00edch th\u01b0\u1edbc m\u00e1y: 38 x 19.5 x 10 cm<br \/>\nTr\u1ecdng l\u01b0\u1ee3ng: 1.2 Kg<\/p>\n<p>&nbsp;<\/p>\n<p><strong><a href=\"https:\/\/maybommini.com\/wp-content\/uploads\/2023\/04\/may-thoi-bui-gia-re-220V-700w.jpg\" target=\"_blank\" rel=\"noopener\"><img decoding=\"async\" class=\"size-full wp-image-273626 aligncenter\" src=\"https:\/\/maybommini.com\/wp-content\/uploads\/2023\/04\/may-thoi-bui-gia-re-220V-700w.jpg\" alt=\"May Thoi Bui Gia Re 220V 700w\" width=\"750\" height=\"750\" srcset=\"https:\/\/maybommini.vn\/wp-content\/uploads\/2023\/04\/may-thoi-bui-gia-re-220V-700w.jpg 750w, https:\/\/maybommini.vn\/wp-content\/uploads\/2023\/04\/may-thoi-bui-gia-re-220V-700w-300x300.jpg 300w, https:\/\/maybommini.vn\/wp-content\/uploads\/2023\/04\/may-thoi-bui-gia-re-220V-700w-150x150.jpg 150w, https:\/\/maybommini.vn\/wp-content\/uploads\/2023\/04\/may-thoi-bui-gia-re-220V-700w-600x600.jpg 600w\" sizes=\"(max-width: 750px) 100vw, 750px\" \/><\/a><a href=\"https:\/\/maybommini.com\/wp-content\/uploads\/2023\/04\/may-thoi-bui-220v-700w.jpg\" target=\"_blank\" rel=\"noopener\"><img decoding=\"async\" class=\"size-full wp-image-273625 aligncenter\" src=\"https:\/\/maybommini.com\/wp-content\/uploads\/2023\/04\/may-thoi-bui-220v-700w.jpg\" alt=\"May Thoi Bui 220v 700w\" width=\"750\" height=\"750\" srcset=\"https:\/\/maybommini.vn\/wp-content\/uploads\/2023\/04\/may-thoi-bui-220v-700w.jpg 750w, https:\/\/maybommini.vn\/wp-content\/uploads\/2023\/04\/may-thoi-bui-220v-700w-300x300.jpg 300w, https:\/\/maybommini.vn\/wp-content\/uploads\/2023\/04\/may-thoi-bui-220v-700w-150x150.jpg 150w, https:\/\/maybommini.vn\/wp-content\/uploads\/2023\/04\/may-thoi-bui-220v-700w-600x600.jpg 600w\" sizes=\"(max-width: 750px) 100vw, 750px\" \/><\/a><a href=\"https:\/\/maybommini.com\/wp-content\/uploads\/2023\/04\/may-hut-thoi-bui-cam-tay-220v-700w.jpg\" target=\"_blank\" rel=\"noopener\"><img decoding=\"async\" class=\"size-full wp-image-273624 aligncenter\" src=\"https:\/\/maybommini.com\/wp-content\/uploads\/2023\/04\/may-hut-thoi-bui-cam-tay-220v-700w.jpg\" alt=\"May Hut Thoi Bui Cam Tay 220v 700w\" width=\"750\" height=\"750\" srcset=\"https:\/\/maybommini.vn\/wp-content\/uploads\/2023\/04\/may-hut-thoi-bui-cam-tay-220v-700w.jpg 750w, https:\/\/maybommini.vn\/wp-content\/uploads\/2023\/04\/may-hut-thoi-bui-cam-tay-220v-700w-300x300.jpg 300w, https:\/\/maybommini.vn\/wp-content\/uploads\/2023\/04\/may-hut-thoi-bui-cam-tay-220v-700w-150x150.jpg 150w, https:\/\/maybommini.vn\/wp-content\/uploads\/2023\/04\/may-hut-thoi-bui-cam-tay-220v-700w-600x600.jpg 600w\" sizes=\"(max-width: 750px) 100vw, 750px\" \/><\/a><a href=\"https:\/\/maybommini.com\/wp-content\/uploads\/2023\/04\/May-hut-bui-220v-700w.jpg\" target=\"_blank\" rel=\"noopener\"><img decoding=\"async\" class=\"size-full wp-image-273623 aligncenter\" src=\"https:\/\/maybommini.com\/wp-content\/uploads\/2023\/04\/May-hut-bui-220v-700w.jpg\" alt=\"May Hut Bui 220v 700w\" width=\"750\" height=\"750\" srcset=\"https:\/\/maybommini.vn\/wp-content\/uploads\/2023\/04\/May-hut-bui-220v-700w.jpg 750w, https:\/\/maybommini.vn\/wp-content\/uploads\/2023\/04\/May-hut-bui-220v-700w-300x300.jpg 300w, https:\/\/maybommini.vn\/wp-content\/uploads\/2023\/04\/May-hut-bui-220v-700w-150x150.jpg 150w, https:\/\/maybommini.vn\/wp-content\/uploads\/2023\/04\/May-hut-bui-220v-700w-600x600.jpg 600w\" sizes=\"(max-width: 750px) 100vw, 750px\" \/><\/a><a href=\"https:\/\/maybommini.com\/wp-content\/uploads\/2023\/04\/electric-blower-220V-700W.jpg\" target=\"_blank\" rel=\"noopener\"><img decoding=\"async\" class=\"size-full wp-image-273621 aligncenter\" src=\"https:\/\/maybommini.com\/wp-content\/uploads\/2023\/04\/electric-blower-220V-700W.jpg\" alt=\"Electric Blower 220V 700W\" width=\"750\" height=\"750\" srcset=\"https:\/\/maybommini.vn\/wp-content\/uploads\/2023\/04\/electric-blower-220V-700W.jpg 750w, https:\/\/maybommini.vn\/wp-content\/uploads\/2023\/04\/electric-blower-220V-700W-300x300.jpg 300w, https:\/\/maybommini.vn\/wp-content\/uploads\/2023\/04\/electric-blower-220V-700W-150x150.jpg 150w, https:\/\/maybommini.vn\/wp-content\/uploads\/2023\/04\/electric-blower-220V-700W-600x600.jpg 600w\" sizes=\"(max-width: 750px) 100vw, 750px\" \/><\/a><a href=\"https:\/\/maybommini.com\/wp-content\/uploads\/2023\/04\/motor-may-hut-thoi-bui-220v.jpg\" target=\"_blank\" rel=\"noopener\"><img decoding=\"async\" class=\"size-full wp-image-273619 aligncenter\" src=\"https:\/\/maybommini.com\/wp-content\/uploads\/2023\/04\/motor-may-hut-thoi-bui-220v.jpg\" alt=\"Motor May Hut Thoi Bui 220v\" width=\"750\" height=\"750\" srcset=\"https:\/\/maybommini.vn\/wp-content\/uploads\/2023\/04\/motor-may-hut-thoi-bui-220v.jpg 750w, https:\/\/maybommini.vn\/wp-content\/uploads\/2023\/04\/motor-may-hut-thoi-bui-220v-300x300.jpg 300w, https:\/\/maybommini.vn\/wp-content\/uploads\/2023\/04\/motor-may-hut-thoi-bui-220v-150x150.jpg 150w, https:\/\/maybommini.vn\/wp-content\/uploads\/2023\/04\/motor-may-hut-thoi-bui-220v-600x600.jpg 600w\" sizes=\"(max-width: 750px) 100vw, 750px\" \/><\/a><a href=\"https:\/\/maybommini.com\/wp-content\/uploads\/2023\/04\/May-thoi-hut-bui-220v-700w-tui-hut-bui-va-nut-bat-nguon.jpg\" target=\"_blank\" rel=\"noopener\"><img decoding=\"async\" class=\"size-full wp-image-273618 aligncenter\" src=\"https:\/\/maybommini.com\/wp-content\/uploads\/2023\/04\/May-thoi-hut-bui-220v-700w-tui-hut-bui-va-nut-bat-nguon.jpg\" alt=\"May Thoi Hut Bui 220v 700w Tui Hut Bui Va Nut Bat Nguon\" width=\"750\" height=\"750\" srcset=\"https:\/\/maybommini.vn\/wp-content\/uploads\/2023\/04\/May-thoi-hut-bui-220v-700w-tui-hut-bui-va-nut-bat-nguon.jpg 750w, https:\/\/maybommini.vn\/wp-content\/uploads\/2023\/04\/May-thoi-hut-bui-220v-700w-tui-hut-bui-va-nut-bat-nguon-300x300.jpg 300w, https:\/\/maybommini.vn\/wp-content\/uploads\/2023\/04\/May-thoi-hut-bui-220v-700w-tui-hut-bui-va-nut-bat-nguon-150x150.jpg 150w, https:\/\/maybommini.vn\/wp-content\/uploads\/2023\/04\/May-thoi-hut-bui-220v-700w-tui-hut-bui-va-nut-bat-nguon-600x600.jpg 600w\" sizes=\"(max-width: 750px) 100vw, 750px\" \/><\/a><a href=\"https:\/\/maybommini.com\/wp-content\/uploads\/2023\/04\/May-thoi-hut-bui-220v-700w.jpg\" target=\"_blank\" rel=\"noopener\"><img decoding=\"async\" class=\"size-full wp-image-273615 aligncenter\" src=\"https:\/\/maybommini.com\/wp-content\/uploads\/2023\/04\/May-thoi-hut-bui-220v-700w.jpg\" alt=\"May Thoi Hut Bui 220v 700w\" width=\"750\" height=\"750\" srcset=\"https:\/\/maybommini.vn\/wp-content\/uploads\/2023\/04\/May-thoi-hut-bui-220v-700w.jpg 750w, https:\/\/maybommini.vn\/wp-content\/uploads\/2023\/04\/May-thoi-hut-bui-220v-700w-300x300.jpg 300w, https:\/\/maybommini.vn\/wp-content\/uploads\/2023\/04\/May-thoi-hut-bui-220v-700w-150x150.jpg 150w, https:\/\/maybommini.vn\/wp-content\/uploads\/2023\/04\/May-thoi-hut-bui-220v-700w-600x600.jpg 600w\" sizes=\"(max-width: 750px) 100vw, 750px\" \/><\/a><a href=\"https:\/\/maybommini.com\/wp-content\/uploads\/2023\/04\/May-thoi-hut-bui-220v-700w-cong-suat-lon.jpg\" target=\"_blank\" rel=\"noopener\"><img decoding=\"async\" class=\"size-full wp-image-273616 aligncenter\" src=\"https:\/\/maybommini.com\/wp-content\/uploads\/2023\/04\/May-thoi-hut-bui-220v-700w-cong-suat-lon.jpg\" alt=\"May Thoi Hut Bui 220v 700w Cong Suat Lon\" width=\"750\" height=\"750\" srcset=\"https:\/\/maybommini.vn\/wp-content\/uploads\/2023\/04\/May-thoi-hut-bui-220v-700w-cong-suat-lon.jpg 750w, https:\/\/maybommini.vn\/wp-content\/uploads\/2023\/04\/May-thoi-hut-bui-220v-700w-cong-suat-lon-300x300.jpg 300w, https:\/\/maybommini.vn\/wp-content\/uploads\/2023\/04\/May-thoi-hut-bui-220v-700w-cong-suat-lon-150x150.jpg 150w, https:\/\/maybommini.vn\/wp-content\/uploads\/2023\/04\/May-thoi-hut-bui-220v-700w-cong-suat-lon-600x600.jpg 600w\" sizes=\"(max-width: 750px) 100vw, 750px\" \/><\/a><a href=\"https:\/\/maybommini.com\/wp-content\/uploads\/2023\/04\/May-thoi-hut-bui-220v-700w-kich-thuoc.jpg\" target=\"_blank\" rel=\"noopener\"><img decoding=\"async\" class=\"size-full wp-image-273617 aligncenter\" src=\"https:\/\/maybommini.com\/wp-content\/uploads\/2023\/04\/May-thoi-hut-bui-220v-700w-kich-thuoc.jpg\" alt=\"May Thoi Hut Bui 220v 700w Kich Thuoc\" width=\"750\" height=\"750\" srcset=\"https:\/\/maybommini.vn\/wp-content\/uploads\/2023\/04\/May-thoi-hut-bui-220v-700w-kich-thuoc.jpg 750w, https:\/\/maybommini.vn\/wp-content\/uploads\/2023\/04\/May-thoi-hut-bui-220v-700w-kich-thuoc-300x300.jpg 300w, https:\/\/maybommini.vn\/wp-content\/uploads\/2023\/04\/May-thoi-hut-bui-220v-700w-kich-thuoc-150x150.jpg 150w, https:\/\/maybommini.vn\/wp-content\/uploads\/2023\/04\/May-thoi-hut-bui-220v-700w-kich-thuoc-600x600.jpg 600w\" sizes=\"(max-width: 750px) 100vw, 750px\" \/><\/a>\u1ee8NG D\u1ee4NG M\u00c1Y TH\u1ed4I H\u00daT B\u1ee4I C\u1ea6M TAY<\/strong><br \/>\n&#8211; D\u00f9ng th\u1ed5i b\u1ee5i v\u1ec7 sinh m\u00e1y vi t\u00ednh.<br \/>\n&#8211; D\u00f9ng th\u1ed5i b\u1ee5i v\u1ec7 sinh \u00f4 t\u00f4 xe m\u00e1y xe kh\u00e1ch.<br \/>\n&#8211; D\u00f9ng th\u1ed5i l\u00e0m kh\u00f4 thi\u1ebft b\u1ecb gia\u00a0\u0111\u00ecnh.<br \/>\n&#8211; D\u00f9ng th\u1ed5i b\u1ee5i v\u1ec7 sinh nh\u00e0 c\u1eeda, s\u00e2n v\u01b0\u1eddn.<br \/>\n&#8211; H\u1ed5 tr\u1ee3 c\u1ee9u h\u1ecfa ch\u1eefa ch\u00e1y.<br \/>\n&#8211; Th\u1ed5i gi\u00f3 l\u00e0m m\u00e1t nhanh thi\u1ebft b\u1ecb.<br \/>\n&#8211; D\u1ecdn d\u1eb9p l\u00e1 c\u00e2y s\u00e2n v\u01b0\u1eddn, chu\u1ed3ng tr\u1ea1i.<br \/>\n&#8211; V\u1ec7 sinh thi\u1ebft b\u1ecb m\u00e1y m\u00f3c c\u00f4ng nghi\u1ec7p.<br \/>\n&#8211; S\u1eed d\u1ee5ng trong s\u1ea3n xu\u1ea5t n\u00f4ng nghi\u1ec7p.<br \/>\n&#8211; V\u00e0 \u1ee9ng d\u1ee5ng trong nhi\u1ec1u l\u0129nh v\u1ef1c kh\u00e1c.<\/p>\n<p><strong><a href=\"https:\/\/maybommini.com\/wp-content\/uploads\/2023\/04\/su-dung-may-thoi-hut-bui-220v-700w.jpg\" target=\"_blank\" rel=\"noopener\"><img decoding=\"async\" class=\"size-full wp-image-273620 aligncenter\" src=\"https:\/\/maybommini.com\/wp-content\/uploads\/2023\/04\/su-dung-may-thoi-hut-bui-220v-700w.jpg\" alt=\"Su Dung May Thoi Hut Bui 220v 700w\" width=\"750\" height=\"750\" srcset=\"https:\/\/maybommini.vn\/wp-content\/uploads\/2023\/04\/su-dung-may-thoi-hut-bui-220v-700w.jpg 750w, https:\/\/maybommini.vn\/wp-content\/uploads\/2023\/04\/su-dung-may-thoi-hut-bui-220v-700w-300x300.jpg 300w, https:\/\/maybommini.vn\/wp-content\/uploads\/2023\/04\/su-dung-may-thoi-hut-bui-220v-700w-150x150.jpg 150w, https:\/\/maybommini.vn\/wp-content\/uploads\/2023\/04\/su-dung-may-thoi-hut-bui-220v-700w-600x600.jpg 600w\" sizes=\"(max-width: 750px) 100vw, 750px\" \/><\/a><\/strong><\/p>\n<h4 style=\"text-align: center;\">Electric Air Blower Snow Blower Dust Sweeper Garden Tools<br \/>\nM\u00e1y th\u1ed5i h\u00fat b\u1ee5i 220V 700W<\/h4>\n<p><strong>MUA M\u00c1Y TH\u1ed4I B\u1ee4I C\u1ea6M TAY D\u00d9NG PIN \u1ede \u0110\u00c2U ?<br \/>\n<\/strong>Ch\u00fang t\u00f4i chuy\u00ean cung c\u1ea5p c\u00e1c thi\u1ebft b\u1ecb d\u1ee5ng c\u1ee5 c\u1ea7m tay v\u00e0 m\u00e1y m\u00f3c c\u1ea7m tay DC 12V 24V 220V tr\u00ean to\u00e0n qu\u1ed1c. M\u00e1y th\u1ed5i b\u1ee5i 12V, m\u00e1y th\u1ed5i b\u1ee5i 21V, m\u00e1y th\u1ed5i h\u00fat b\u1ee5i 220V, m\u00e1y qu\u1ea1t gi\u00f3, m\u00e1y h\u00fat, qu\u1ea1t t\u1ea3n nhi\u1ec7t, qu\u1ea1t h\u00fat.<\/p>\n<p><strong>CTY TNHH TH\u01af\u01a0NG M\u1ea0I D\u1ecaCH V\u1ee4 \u0110I\u1ec6N M\u00c1Y TH\u00d4NG MINH<\/strong><br \/>\n<strong>Hotline:<\/strong>\u00a002873030399 \u2013 0907294310<br \/>\n<strong>Email:<\/strong>\u00a0maybommini.com@gmail.com<br \/>\n<strong>Website:<\/strong>\u00a0https:\/\/maybommini.com<br \/>\n<strong>Youtube demo:<\/strong>\u00a0https:\/\/www.youtube.com\/bahamasali<\/p>\n<h5><strong><a class=\"swipebox\" title=\"\" href=\"https:\/\/maybommini.com\/wp-content\/uploads\/2022\/07\/thong-tin-lien-he-may-bom-mini.jpg\" data-rel=\"lightbox-image-bGlnaHRib3gtaW1hZ2UtMTI=\" data-rl_title=\"\" data-rl_caption=\"\" data-rl_ target=\"_blank\" rel=\"noopener\"><img decoding=\"async\" class=\"size-full wp-image-270584 lazyloaded aligncenter\" src=\"https:\/\/maybommini.com\/wp-content\/uploads\/2022\/07\/thong-tin-lien-he-may-bom-mini.jpg\" sizes=\"(max-width: 750px) 100vw, 750px\" srcset=\"https:\/\/maybommini.com\/wp-content\/uploads\/2022\/07\/thong-tin-lien-he-may-bom-mini.jpg 750w, https:\/\/maybommini.com\/wp-content\/uploads\/2022\/07\/thong-tin-lien-he-may-bom-mini-300x202.jpg 300w, https:\/\/maybommini.com\/wp-content\/uploads\/2022\/07\/thong-tin-lien-he-may-bom-mini-600x405.jpg 600w\" alt=\"Thong Tin Lien He May Bom Mini\" width=\"750\" height=\"506\" data-lazy-srcset=\"https:\/\/maybommini.com\/wp-content\/uploads\/2022\/07\/thong-tin-lien-he-may-bom-mini.jpg 750w, https:\/\/maybommini.com\/wp-content\/uploads\/2022\/07\/thong-tin-lien-he-may-bom-mini-300x202.jpg 300w, https:\/\/maybommini.com\/wp-content\/uploads\/2022\/07\/thong-tin-lien-he-may-bom-mini-600x405.jpg 600w\" data-lazy-sizes=\"(max-width: 750px) 100vw, 750px\" data-lazy-src=\"https:\/\/maybommini.com\/wp-content\/uploads\/2022\/07\/thong-tin-lien-he-may-bom-mini.jpg\" data-was-processed=\"true\" \/><\/a><\/strong><\/h5>\n","protected":false},"excerpt":{"rendered":"<p>Model: SD9020<br \/>\n\u0110i\u1ec7n th\u1ebf:\u00a0 220-240V AC<br \/>\nC\u00f4ng su\u1ea5t: 700W<br \/>\nT\u1ed1c \u0111\u1ed9 v\u00f2ng quay: 13000r\/min<br \/>\nL\u01b0u l\u01b0\u1ee3ng gi\u00f3: 5.5m3\/min<br \/>\nCh\u1ea5t li\u1ec7u: Nh\u1ef1a ABS &#8211; \u0110\u1ed3ng<br \/>\nK\u00edch th\u01b0\u1edbc th\u00f9ng: 23.5 x 17.5 x 15 cm<br \/>\nK\u00edch th\u01b0\u1edbc m\u00e1y: 38 x 19.5 x 10 cm<br \/>\nTr\u1ecdng l\u01b0\u1ee3ng: 1.2 Kg<br \/>\nB\u1ea3o h\u00e0nh: 01 th\u00e1ng<\/p>\n","protected":false},"featured_media":273622,"comment_status":"open","ping_status":"closed","template":"","meta":[],"product_brand":[],"product_cat":[317,1167],"product_tag":[4156,3235,4157,1169,1170,1171,3967,3968,3966,1172,1278,1173],"class_list":{"0":"post-273614","1":"product","2":"type-product","3":"status-publish","4":"has-post-thumbnail","6":"product_cat-thiet-bi-dung-cu","7":"product_cat-may-thoi-hut-bui","8":"product_tag-700w","9":"product_tag-air-blower","10":"product_tag-blower","11":"product_tag-cam-tay","12":"product_tag-may-thoi","13":"product_tag-may-thoi-bui","14":"product_tag-may-thoi-bui-cong-suat-lon","15":"product_tag-may-thoi-bui-dung-pin","16":"product_tag-may-thoi-bui-sieu-manh","17":"product_tag-may-thoi-cam-tay","18":"product_tag-may-xit-bui","19":"product_tag-may-xit-khi","21":"first","22":"instock","23":"sale","24":"shipping-taxable","25":"purchasable","26":"product-type-simple"},"_links":{"self":[{"href":"https:\/\/maybommini.vn\/index.php?rest_route=\/wp\/v2\/product\/273614","targetHints":{"allow":["GET"]}}],"collection":[{"href":"https:\/\/maybommini.vn\/index.php?rest_route=\/wp\/v2\/product"}],"about":[{"href":"https:\/\/maybommini.vn\/index.php?rest_route=\/wp\/v2\/types\/product"}],"replies":[{"embeddable":true,"href":"https:\/\/maybommini.vn\/index.php?rest_route=%2Fwp%2Fv2%2Fcomments&post=273614"}],"wp:featuredmedia":[{"embeddable":true,"href":"https:\/\/maybommini.vn\/index.php?rest_route=\/wp\/v2\/media\/273622"}],"wp:attachment":[{"href":"https:\/\/maybommini.vn\/index.php?rest_route=%2Fwp%2Fv2%2Fmedia&parent=273614"}],"wp:term":[{"taxonomy":"product_brand","embeddable":true,"href":"https:\/\/maybommini.vn\/index.php?rest_route=%2Fwp%2Fv2%2Fproduct_brand&post=273614"},{"taxonomy":"product_cat","embeddable":true,"href":"https:\/\/maybommini.vn\/index.php?rest_route=%2Fwp%2Fv2%2Fproduct_cat&post=273614"},{"taxonomy":"product_tag","embeddable":true,"href":"https:\/\/maybommini.vn\/index.php?rest_route=%2Fwp%2Fv2%2Fproduct_tag&post=273614"}],"curies":[{"name":"wp","href":"https:\/\/api.w.org\/{rel}","templated":true}]}}