{"id":273752,"date":"2023-05-31T22:08:50","date_gmt":"2023-05-31T15:08:50","guid":{"rendered":"https:\/\/maybommini.com\/?post_type=product&#038;p=273752"},"modified":"2023-05-31T22:18:07","modified_gmt":"2023-05-31T15:18:07","slug":"quat-24v-3-4w-9cm-sunoa","status":"publish","type":"product","link":"https:\/\/maybommini.vn\/?product=quat-24v-3-4w-9cm-sunoa","title":{"rendered":"Qu\u1ea1t 24V 3.4W 9CM SUNOA"},"content":{"rendered":"<h4>Qu\u1ea1t 24V 3.4W 9CM SUNOA motor kh\u00f4ng ch\u1ed5i than ch\u00ednh h\u00e3ng m\u1edbi. Qu\u1ea1t \u0111\u01b0\u1ee3c thi\u1ebft k\u1ebf s\u1eed d\u1ee5ng motor ch\u1ed5i than n\u00ean t\u1ed1c \u0111\u1ed9 cao nh\u01b0ng \u00eam h\u01a1n nh\u1eefng motor th\u01b0\u1eddng.<\/h4>\n<p><strong><a href=\"https:\/\/maybommini.com\/wp-content\/uploads\/2023\/05\/Quat-tan-nhiet-9cm-24v-SUNOA.jpg\" target=\"_blank\" rel=\"noopener\"><img decoding=\"async\" class=\"size-full wp-image-273755 aligncenter\" src=\"https:\/\/maybommini.com\/wp-content\/uploads\/2023\/05\/Quat-tan-nhiet-9cm-24v-SUNOA.jpg\" alt=\"Quat Tan Nhiet 9cm 24v SUNOA\" width=\"750\" height=\"750\" srcset=\"https:\/\/maybommini.vn\/wp-content\/uploads\/2023\/05\/Quat-tan-nhiet-9cm-24v-SUNOA.jpg 750w, https:\/\/maybommini.vn\/wp-content\/uploads\/2023\/05\/Quat-tan-nhiet-9cm-24v-SUNOA-300x300.jpg 300w, https:\/\/maybommini.vn\/wp-content\/uploads\/2023\/05\/Quat-tan-nhiet-9cm-24v-SUNOA-150x150.jpg 150w, https:\/\/maybommini.vn\/wp-content\/uploads\/2023\/05\/Quat-tan-nhiet-9cm-24v-SUNOA-600x600.jpg 600w\" sizes=\"(max-width: 750px) 100vw, 750px\" \/><\/a>TH\u00d4NG S\u1ed0 K\u1ef8 THU\u1eacT<\/strong><br \/>\nTh\u01b0\u01a1ng hi\u1ec7u: SUNOA<br \/>\n\u0110i\u1ec7n th\u1ebf: 24V DC<br \/>\nC\u00f4ng su\u1ea5t: 3.4W<br \/>\nMotor kh\u00f4ng ch\u1ed5i than.<br \/>\nMotor l\u00f5i \u0111\u1ed3ng cao c\u1ea5p ch\u1ea5t l\u01b0\u1ee3ng.<br \/>\nD\u00e2y \u0111\u1ecf d\u01b0\u01a1ng (+)<br \/>\nD\u00e2y \u0111en \u00e2m (-)<br \/>\nV\u1ecf v\u00e0 c\u00e1nh nh\u1ef1a.<br \/>\nK\u00edch th\u01b0\u1edbc ti\u00eau chu\u1ea9n.<br \/>\nK\u00edch th\u01b0\u1edbc: 90 x 90 x 25 mm<br \/>\nTr\u1ecdng l\u01b0\u1ee3ng:\u00a0 gam<\/p>\n<p><strong><a href=\"https:\/\/maybommini.com\/wp-content\/uploads\/2023\/05\/FAN-24V-9CM-SUNOA.jpg\" target=\"_blank\" rel=\"noopener\"><img decoding=\"async\" class=\"size-full wp-image-273758 aligncenter\" src=\"https:\/\/maybommini.com\/wp-content\/uploads\/2023\/05\/FAN-24V-9CM-SUNOA.jpg\" alt=\"FAN 24V 9CM SUNOA\" width=\"750\" height=\"750\" srcset=\"https:\/\/maybommini.vn\/wp-content\/uploads\/2023\/05\/FAN-24V-9CM-SUNOA.jpg 750w, https:\/\/maybommini.vn\/wp-content\/uploads\/2023\/05\/FAN-24V-9CM-SUNOA-300x300.jpg 300w, https:\/\/maybommini.vn\/wp-content\/uploads\/2023\/05\/FAN-24V-9CM-SUNOA-150x150.jpg 150w, https:\/\/maybommini.vn\/wp-content\/uploads\/2023\/05\/FAN-24V-9CM-SUNOA-600x600.jpg 600w\" sizes=\"(max-width: 750px) 100vw, 750px\" \/><\/a><a href=\"https:\/\/maybommini.com\/wp-content\/uploads\/2023\/05\/chuyen-ban-quat-tan-nhiet-24v-9cm-gia-re.jpg\" target=\"_blank\" rel=\"noopener\"><img decoding=\"async\" class=\"size-full wp-image-273757 aligncenter\" src=\"https:\/\/maybommini.com\/wp-content\/uploads\/2023\/05\/chuyen-ban-quat-tan-nhiet-24v-9cm-gia-re.jpg\" alt=\"Chuyen Ban Quat Tan Nhiet 24v 9cm Gia Re\" width=\"750\" height=\"750\" srcset=\"https:\/\/maybommini.vn\/wp-content\/uploads\/2023\/05\/chuyen-ban-quat-tan-nhiet-24v-9cm-gia-re.jpg 750w, https:\/\/maybommini.vn\/wp-content\/uploads\/2023\/05\/chuyen-ban-quat-tan-nhiet-24v-9cm-gia-re-300x300.jpg 300w, https:\/\/maybommini.vn\/wp-content\/uploads\/2023\/05\/chuyen-ban-quat-tan-nhiet-24v-9cm-gia-re-150x150.jpg 150w, https:\/\/maybommini.vn\/wp-content\/uploads\/2023\/05\/chuyen-ban-quat-tan-nhiet-24v-9cm-gia-re-600x600.jpg 600w\" sizes=\"(max-width: 750px) 100vw, 750px\" \/><\/a><a href=\"https:\/\/maybommini.com\/wp-content\/uploads\/2023\/05\/chuyen-ban-quat-24v-gia-re-chinh-hang-sunoa.jpg\" target=\"_blank\" rel=\"noopener\"><img decoding=\"async\" class=\"size-full wp-image-273756 aligncenter\" src=\"https:\/\/maybommini.com\/wp-content\/uploads\/2023\/05\/chuyen-ban-quat-24v-gia-re-chinh-hang-sunoa.jpg\" alt=\"Chuyen Ban Quat 24v Gia Re Chinh Hang Sunoa\" width=\"750\" height=\"750\" srcset=\"https:\/\/maybommini.vn\/wp-content\/uploads\/2023\/05\/chuyen-ban-quat-24v-gia-re-chinh-hang-sunoa.jpg 750w, https:\/\/maybommini.vn\/wp-content\/uploads\/2023\/05\/chuyen-ban-quat-24v-gia-re-chinh-hang-sunoa-300x300.jpg 300w, https:\/\/maybommini.vn\/wp-content\/uploads\/2023\/05\/chuyen-ban-quat-24v-gia-re-chinh-hang-sunoa-150x150.jpg 150w, https:\/\/maybommini.vn\/wp-content\/uploads\/2023\/05\/chuyen-ban-quat-24v-gia-re-chinh-hang-sunoa-600x600.jpg 600w\" sizes=\"(max-width: 750px) 100vw, 750px\" \/><\/a><a href=\"https:\/\/maybommini.com\/wp-content\/uploads\/2023\/05\/quat-sunoa-24v-9cm-cao-cap.jpg\" target=\"_blank\" rel=\"noopener\"><img decoding=\"async\" class=\"size-full wp-image-273754 aligncenter\" src=\"https:\/\/maybommini.com\/wp-content\/uploads\/2023\/05\/quat-sunoa-24v-9cm-cao-cap.jpg\" alt=\"Quat Sunoa 24v 9cm Cao Cap\" width=\"750\" height=\"750\" srcset=\"https:\/\/maybommini.vn\/wp-content\/uploads\/2023\/05\/quat-sunoa-24v-9cm-cao-cap.jpg 750w, https:\/\/maybommini.vn\/wp-content\/uploads\/2023\/05\/quat-sunoa-24v-9cm-cao-cap-300x300.jpg 300w, https:\/\/maybommini.vn\/wp-content\/uploads\/2023\/05\/quat-sunoa-24v-9cm-cao-cap-150x150.jpg 150w, https:\/\/maybommini.vn\/wp-content\/uploads\/2023\/05\/quat-sunoa-24v-9cm-cao-cap-600x600.jpg 600w\" sizes=\"(max-width: 750px) 100vw, 750px\" \/><\/a><a href=\"https:\/\/maybommini.com\/wp-content\/uploads\/2023\/05\/fan-24vdc-9cm-sunoa.jpg\" target=\"_blank\" rel=\"noopener\"><img decoding=\"async\" class=\"size-full wp-image-273753 aligncenter\" src=\"https:\/\/maybommini.com\/wp-content\/uploads\/2023\/05\/fan-24vdc-9cm-sunoa.jpg\" alt=\"Fan 24vdc 9cm Sunoa\" width=\"750\" height=\"750\" srcset=\"https:\/\/maybommini.vn\/wp-content\/uploads\/2023\/05\/fan-24vdc-9cm-sunoa.jpg 750w, https:\/\/maybommini.vn\/wp-content\/uploads\/2023\/05\/fan-24vdc-9cm-sunoa-300x300.jpg 300w, https:\/\/maybommini.vn\/wp-content\/uploads\/2023\/05\/fan-24vdc-9cm-sunoa-150x150.jpg 150w, https:\/\/maybommini.vn\/wp-content\/uploads\/2023\/05\/fan-24vdc-9cm-sunoa-600x600.jpg 600w\" sizes=\"(max-width: 750px) 100vw, 750px\" \/><\/a>C\u00c1CH \u0110\u1ea4U D\u00c2Y NGU\u1ed2N QU\u1ea0T DC 12V 24V<\/strong><br \/>\n&#8211; D\u00e2y \u0111\u1ecf l\u00e0 \u0111i\u1ec7n d\u01b0\u01a1ng (+)<br \/>\n&#8211; D\u00e2y \u0111en l\u00e0 \u0111i\u1ec7n \u00e2m (+)<br \/>\n<a href=\"https:\/\/maybommini.com\/wp-content\/uploads\/2023\/05\/tan-tan-nhiet-dc-khong-choi-than.jpg\" target=\"_blank\" rel=\"noopener\"><img decoding=\"async\" class=\"size-full wp-image-273748 aligncenter\" src=\"https:\/\/maybommini.com\/wp-content\/uploads\/2023\/05\/tan-tan-nhiet-dc-khong-choi-than.jpg\" alt=\"Tan Tan Nhiet Dc Khong Choi Than\" width=\"750\" height=\"750\" srcset=\"https:\/\/maybommini.vn\/wp-content\/uploads\/2023\/05\/tan-tan-nhiet-dc-khong-choi-than.jpg 750w, https:\/\/maybommini.vn\/wp-content\/uploads\/2023\/05\/tan-tan-nhiet-dc-khong-choi-than-300x300.jpg 300w, https:\/\/maybommini.vn\/wp-content\/uploads\/2023\/05\/tan-tan-nhiet-dc-khong-choi-than-150x150.jpg 150w, https:\/\/maybommini.vn\/wp-content\/uploads\/2023\/05\/tan-tan-nhiet-dc-khong-choi-than-600x600.jpg 600w\" sizes=\"(max-width: 750px) 100vw, 750px\" \/><\/a><\/p>\n<p><strong>S\u1eec D\u1ee4NG QU\u1ea0T 12V 24V KH\u00d4NG CH\u1ed4I THAN<\/strong><br \/>\n&#8211; S\u1eed d\u1ee5ng l\u00e0m qu\u1ea1t t\u1ea3n nhi\u1ec7t.<br \/>\n&#8211; Qu\u1ea1t h\u00fat trao \u0111\u1ed5i nhi\u1ec7t.<br \/>\n&#8211; Qu\u1ea1t h\u00fat b\u1ee5i.<br \/>\n&#8211; Qu\u1ea1t l\u00e0m m\u00e1t.<br \/>\n&#8211; Qu\u1ea1t thay cho xe \u00f4 t\u00f4.<br \/>\n&#8211; Qu\u1ea1t ch\u1ebf DIY.<br \/>\n&#8211; Qu\u1ea1t kh\u00f4ng ch\u1ed5i than.<br \/>\n&#8211; Qu\u1ea1t cho thi\u1ebft b\u1ecb<br \/>\n&#8211; Qu\u1ea1t l\u00e0m m\u00e1y Case CPU, Server.<br \/>\n&#8211; Qu\u1ea1t m\u00e1y phun s\u01b0\u01a1ng h\u01a1i \u1ea9m.<br \/>\n&#8211; Qu\u1ea1t m\u00e1y t\u1ea1o \u0111\u1ed9 \u1ea9m.<br \/>\n&#8211; V\u00e0 nhi\u1ec1u \u1ee9ng d\u1ee5ng kh\u00e1c.<\/p>\n<p><strong><a href=\"https:\/\/maybommini.com\/wp-content\/uploads\/2023\/05\/quat-dc-cao-cap-chinh-hang-gia-re-nhat.jpg\" target=\"_blank\" rel=\"noopener\"><img decoding=\"async\" class=\"size-full wp-image-273749 aligncenter\" src=\"https:\/\/maybommini.com\/wp-content\/uploads\/2023\/05\/quat-dc-cao-cap-chinh-hang-gia-re-nhat.jpg\" alt=\"Quat Dc Cao Cap Chinh Hang Gia Re Nhat\" width=\"750\" height=\"750\" srcset=\"https:\/\/maybommini.vn\/wp-content\/uploads\/2023\/05\/quat-dc-cao-cap-chinh-hang-gia-re-nhat.jpg 750w, https:\/\/maybommini.vn\/wp-content\/uploads\/2023\/05\/quat-dc-cao-cap-chinh-hang-gia-re-nhat-300x300.jpg 300w, https:\/\/maybommini.vn\/wp-content\/uploads\/2023\/05\/quat-dc-cao-cap-chinh-hang-gia-re-nhat-150x150.jpg 150w, https:\/\/maybommini.vn\/wp-content\/uploads\/2023\/05\/quat-dc-cao-cap-chinh-hang-gia-re-nhat-600x600.jpg 600w\" sizes=\"(max-width: 750px) 100vw, 750px\" \/><\/a><a href=\"https:\/\/maybommini.com\/wp-content\/uploads\/2023\/05\/ban-quat-dc-12v-24v-chinh-hang.jpg\" target=\"_blank\" rel=\"noopener\"><img decoding=\"async\" class=\"size-full wp-image-273750 aligncenter\" src=\"https:\/\/maybommini.com\/wp-content\/uploads\/2023\/05\/ban-quat-dc-12v-24v-chinh-hang.jpg\" alt=\"Ban Quat Dc 12v 24v Chinh Hang\" width=\"750\" height=\"750\" srcset=\"https:\/\/maybommini.vn\/wp-content\/uploads\/2023\/05\/ban-quat-dc-12v-24v-chinh-hang.jpg 750w, https:\/\/maybommini.vn\/wp-content\/uploads\/2023\/05\/ban-quat-dc-12v-24v-chinh-hang-300x300.jpg 300w, https:\/\/maybommini.vn\/wp-content\/uploads\/2023\/05\/ban-quat-dc-12v-24v-chinh-hang-150x150.jpg 150w, https:\/\/maybommini.vn\/wp-content\/uploads\/2023\/05\/ban-quat-dc-12v-24v-chinh-hang-600x600.jpg 600w\" sizes=\"(max-width: 750px) 100vw, 750px\" \/><\/a>Chuy\u00ean cung c\u1ea5p fan, qu\u1ea1t dc, thi\u1ebft b\u1ecb c\u1ea7m tay, m\u00e1y qu\u1ea1t pin, qu\u1ea1t th\u1ed5i l\u1eeda c\u1ea7m tay, m\u00e1y b\u1eafn v\u00edt, m\u00e1y khoan. \u0111\u00e8n led v\u00e0 nhi\u1ec1u thi\u1ebft b\u1ecb kh\u00e1c gi\u00e1 t\u1ed1t ch\u00ednh h\u00e3ng b\u1ea3o h\u00e0nh l\u00e2u d\u00e0i.<\/strong><\/p>\n<p><strong><a href=\"https:\/\/maybommini.com\/wp-content\/uploads\/2023\/05\/chuyen-phan-phoi-cac-loai-quat-DC.jpg\" target=\"_blank\" rel=\"noopener\"><img decoding=\"async\" class=\"size-full wp-image-273751 aligncenter\" src=\"https:\/\/maybommini.com\/wp-content\/uploads\/2023\/05\/chuyen-phan-phoi-cac-loai-quat-DC.jpg\" alt=\"Chuyen Phan Phoi Cac Loai Quat DC\" width=\"750\" height=\"750\" srcset=\"https:\/\/maybommini.vn\/wp-content\/uploads\/2023\/05\/chuyen-phan-phoi-cac-loai-quat-DC.jpg 750w, https:\/\/maybommini.vn\/wp-content\/uploads\/2023\/05\/chuyen-phan-phoi-cac-loai-quat-DC-300x300.jpg 300w, https:\/\/maybommini.vn\/wp-content\/uploads\/2023\/05\/chuyen-phan-phoi-cac-loai-quat-DC-150x150.jpg 150w, https:\/\/maybommini.vn\/wp-content\/uploads\/2023\/05\/chuyen-phan-phoi-cac-loai-quat-DC-600x600.jpg 600w\" sizes=\"(max-width: 750px) 100vw, 750px\" \/><\/a><\/strong><\/p>\n<p><strong>CTY TNHH TH\u01af\u01a0NG M\u1ea0I D\u1ecaCH V\u1ee4 \u0110I\u1ec6N M\u00c1Y TH\u00d4NG MINH<\/strong><br \/>\n<strong>Hotline:<\/strong>\u00a0<a href=\"tel:02873030399\">02873030399<\/a>\u00a0\u2013\u00a0<a href=\"tel:0907294310\">0907294310<\/a>\u00a0\u2013\u00a0<a href=\"tel:0908997823\">0908997823<\/a>\u00a0\u2013\u00a0<a href=\"tel:0908997872\">0908997872<\/a><br \/>\n<strong>Email:<\/strong>\u00a0maybommini.com@gmail.com<br \/>\n<strong>Website:<\/strong>\u00a0<a href=\"https:\/\/maybommini.com\/\" target=\"_blank\" rel=\"noopener\">https:\/\/maybommini.com<\/a><br \/>\n<strong>Youtube demo:<\/strong>\u00a0<a title=\"Youtube M\u00e1y B\u01a1m Mini\" href=\"https:\/\/www.youtube.com\/bahamasali\" target=\"_blank\" rel=\"noopener\">M\u00e1y B\u01a1m Mini<\/a><\/p>\n<p><a class=\"swipebox\" title=\"\" href=\"https:\/\/maybommini.com\/wp-content\/uploads\/2022\/07\/thong-tin-lien-he-may-bom-mini.jpg\" data-rel=\"lightbox-image-bGlnaHRib3gtaW1hZ2UtYkdsbmFIUmliM2d0YVcxaFoyVXRNVFU9\" data-rl_title=\"\" data-rl_caption=\"\" data-rl_ target=\"_blank\" rel=\"noopener\"><img decoding=\"async\" class=\"size-full wp-image-270584 aligncenter lazyloaded\" src=\"https:\/\/maybommini.com\/wp-content\/uploads\/2022\/07\/thong-tin-lien-he-may-bom-mini.jpg\" sizes=\"(max-width: 750px) 100vw, 750px\" srcset=\"https:\/\/maybommini.com\/wp-content\/uploads\/2022\/07\/thong-tin-lien-he-may-bom-mini.jpg 750w, https:\/\/maybommini.com\/wp-content\/uploads\/2022\/07\/thong-tin-lien-he-may-bom-mini-300x202.jpg 300w, https:\/\/maybommini.com\/wp-content\/uploads\/2022\/07\/thong-tin-lien-he-may-bom-mini-600x405.jpg 600w\" alt=\"Thong Tin Lien He May Bom Mini\" width=\"750\" height=\"506\" data-lazy-srcset=\"https:\/\/maybommini.com\/wp-content\/uploads\/2022\/07\/thong-tin-lien-he-may-bom-mini.jpg 750w, https:\/\/maybommini.com\/wp-content\/uploads\/2022\/07\/thong-tin-lien-he-may-bom-mini-300x202.jpg 300w, https:\/\/maybommini.com\/wp-content\/uploads\/2022\/07\/thong-tin-lien-he-may-bom-mini-600x405.jpg 600w\" data-lazy-sizes=\"(max-width: 750px) 100vw, 750px\" data-lazy-src=\"https:\/\/maybommini.com\/wp-content\/uploads\/2022\/07\/thong-tin-lien-he-may-bom-mini.jpg\" data-was-processed=\"true\" \/><\/a><\/p>\n","protected":false},"excerpt":{"rendered":"<p>Th\u01b0\u01a1ng hi\u1ec7u: SUNOA<br \/>\n\u0110i\u1ec7n th\u1ebf: 24V DC<br \/>\nC\u00f4ng su\u1ea5t: 3.4W<br \/>\nMotor kh\u00f4ng ch\u1ed5i than.<br \/>\nMotor l\u00f5i \u0111\u1ed3ng cao c\u1ea5p ch\u1ea5t l\u01b0\u1ee3ng.<br \/>\nD\u00e2y \u0111\u1ecf d\u01b0\u01a1ng (+)<br \/>\nD\u00e2y \u0111en \u00e2m (-)<br \/>\nV\u1ecf v\u00e0 c\u00e1nh nh\u1ef1a.<br \/>\nK\u00edch th\u01b0\u1edbc ti\u00eau chu\u1ea9n.<br \/>\nK\u00edch th\u01b0\u1edbc: 90 x 90 x 25 mm<br \/>\nTr\u1ecdng l\u01b0\u1ee3ng:\u00a0 gam<br \/>\nB\u1ea3o h\u00e0nh: 1 th\u00e1ng<\/p>\n","protected":false},"featured_media":273755,"comment_status":"open","ping_status":"closed","template":"","meta":[],"product_brand":[],"product_cat":[214,1494,4175],"product_tag":[3988,1506,4171,3989,4174,3741,4172,4173,3984,3985,4170,4169],"class_list":{"0":"post-273752","1":"product","2":"type-product","3":"status-publish","4":"has-post-thumbnail","6":"product_cat-phu-kien-bom-nuoc","7":"product_cat-quat-12v-24v-220v","8":"product_cat-quat-24v","9":"product_tag-bldc","10":"product_tag-fan","11":"product_tag-fan-dc","12":"product_tag-motor","13":"product_tag-quat-12cm","14":"product_tag-quat-12v","15":"product_tag-quat-24v","16":"product_tag-quat-9cm","17":"product_tag-quat-khong-choi-than","18":"product_tag-quat-ot-to","19":"product_tag-quat-sunoa","20":"product_tag-sunoa","22":"first","23":"instock","24":"sale","25":"shipping-taxable","26":"purchasable","27":"product-type-simple"},"_links":{"self":[{"href":"https:\/\/maybommini.vn\/index.php?rest_route=\/wp\/v2\/product\/273752","targetHints":{"allow":["GET"]}}],"collection":[{"href":"https:\/\/maybommini.vn\/index.php?rest_route=\/wp\/v2\/product"}],"about":[{"href":"https:\/\/maybommini.vn\/index.php?rest_route=\/wp\/v2\/types\/product"}],"replies":[{"embeddable":true,"href":"https:\/\/maybommini.vn\/index.php?rest_route=%2Fwp%2Fv2%2Fcomments&post=273752"}],"wp:featuredmedia":[{"embeddable":true,"href":"https:\/\/maybommini.vn\/index.php?rest_route=\/wp\/v2\/media\/273755"}],"wp:attachment":[{"href":"https:\/\/maybommini.vn\/index.php?rest_route=%2Fwp%2Fv2%2Fmedia&parent=273752"}],"wp:term":[{"taxonomy":"product_brand","embeddable":true,"href":"https:\/\/maybommini.vn\/index.php?rest_route=%2Fwp%2Fv2%2Fproduct_brand&post=273752"},{"taxonomy":"product_cat","embeddable":true,"href":"https:\/\/maybommini.vn\/index.php?rest_route=%2Fwp%2Fv2%2Fproduct_cat&post=273752"},{"taxonomy":"product_tag","embeddable":true,"href":"https:\/\/maybommini.vn\/index.php?rest_route=%2Fwp%2Fv2%2Fproduct_tag&post=273752"}],"curies":[{"name":"wp","href":"https:\/\/api.w.org\/{rel}","templated":true}]}}