{"id":273964,"date":"2023-06-09T09:46:53","date_gmt":"2023-06-09T02:46:53","guid":{"rendered":"https:\/\/maybommini.vn\/?post_type=product&#038;p=273964"},"modified":"2025-04-24T18:33:07","modified_gmt":"2025-04-24T11:33:07","slug":"may-hut-chan-khong-220v-187w-57l-value-ve115n","status":"publish","type":"product","link":"https:\/\/maybommini.vn\/?product=may-hut-chan-khong-220v-187w-57l-value-ve115n","title":{"rendered":"M\u00e1y h\u00fat ch\u00e2n kh\u00f4ng 220V 187W 57L VALUE VE115N"},"content":{"rendered":"<p><strong>M\u00e1y h\u00fat ch\u00e2n kh\u00f4ng 220V 187W 57L VALUE VE115N chuy\u00ean d\u1ee5ng cao c\u1ea5p nh\u1ecf g\u1ecdn d\u00f9ng trong nhi\u1ec1u l\u0129nh v\u1ef1c nh\u01b0 th\u1ef1c ph\u1ea9m, \u0111i\u1ec7n l\u1ea1nh, trong c\u00f4ng nghi\u1ec7p v\u00e0 gia \u0111\u00ecnh. M\u00e1y h\u00fat ch\u00e2n kh\u00f4ng l\u00e0 thi\u1ebft b\u1ecb s\u1eed d\u1ee5ng v\u1edbi m\u1ee5c \u0111\u00edch lo\u1ea1i b\u1ecf kh\u00f4ng kh\u00ed, ch\u1ea5t kh\u00ed, h\u01a1i n\u01b0\u1edbc ch\u1ea5t l\u1ecfng t\u1eeb kh\u00f4ng gian kh\u00e9p k\u00edn \u0111\u1ec3 t\u1ea1o ra ch\u00e2n kh\u00f4ng. K\u1ebft qu\u1ea3 c\u1ee7a vi\u1ec7c lo\u1ea1i b\u1ecf n\u00e0y nh\u1eb1m t\u1ea1o ra \u00e1p su\u1ea5t th\u1ea5p h\u01a1n \u00e1p su\u1ea5t kh\u00ed quy\u1ec3n xung quanh.<\/strong><\/p>\n<p><strong><a href=\"https:\/\/maybommini.com\/wp-content\/uploads\/2023\/06\/may-hut-chan-khong-chinh-hang-Value.jpg\" target=\"_blank\" rel=\"noopener\"><img decoding=\"async\" class=\"size-full wp-image-273812 aligncenter\" src=\"https:\/\/maybommini.com\/wp-content\/uploads\/2023\/06\/may-hut-chan-khong-chinh-hang-Value.jpg\" alt=\"May Hut Chan Khong Chinh Hang Value\" width=\"750\" height=\"750\" \/><\/a>TH\u00d4NG S\u1ed0 K\u1ef8 THU\u1eacT<\/strong><br \/>\nTh\u01b0\u01a1ng hi\u1ec7u: VALUE<br \/>\nModel: VE115N<br \/>\n\u0110i\u1ec7n th\u1ebf: 220V AC<br \/>\nC\u00f4ng su\u1ea5t: 1\/4HP &#8211; 187W<br \/>\nL\u01b0u l\u01b0\u1ee3ng h\u00fat: 57L\/M &#8211; 2.0 CFM<br \/>\n\u00c1p l\u1ef1c ch\u00e2n kh\u00f4ng: 150 Micron<br \/>\nK\u00e8m d\u1ea7u m\u00e1y.<br \/>\nK\u00edch th\u01b0\u1edbc: 32 x 25 x 15 cm<br \/>\nTr\u1ecdng l\u01b0\u1ee3ng: 6.6 Kg<br \/>\nB\u1ea3o h\u00e0nh: 6 th\u00e1ng.<\/p>\n<p><a href=\"https:\/\/maybommini.com\/wp-content\/uploads\/2023\/06\/may-hut-chan-khong-dien-lanh-cao-cap-Value.jpg\" target=\"_blank\" rel=\"noopener\"><img decoding=\"async\" class=\"size-full wp-image-273813 aligncenter\" src=\"https:\/\/maybommini.com\/wp-content\/uploads\/2023\/06\/may-hut-chan-khong-dien-lanh-cao-cap-Value.jpg\" alt=\"May Hut Chan Khong Dien Lanh Cao Cap Value\" width=\"750\" height=\"750\" \/><\/a><a href=\"https:\/\/maybommini.com\/wp-content\/uploads\/2023\/06\/may-bom-hut-chan-khong-Value-187W-57L.jpg\" target=\"_blank\" rel=\"noopener\"><img decoding=\"async\" class=\"size-full wp-image-273820 aligncenter\" src=\"https:\/\/maybommini.com\/wp-content\/uploads\/2023\/06\/may-bom-hut-chan-khong-Value-187W-57L.jpg\" alt=\"May Bom Hut Chan Khong Value 187W 57L\" width=\"750\" height=\"750\" \/><\/a><a href=\"https:\/\/maybommini.com\/wp-content\/uploads\/2023\/06\/May-hut-chan-khong-220V-187W-57L-Value-VE115N-chinh-hang.jpg\" target=\"_blank\" rel=\"noopener\"><img decoding=\"async\" class=\"size-full wp-image-273810 aligncenter\" src=\"https:\/\/maybommini.com\/wp-content\/uploads\/2023\/06\/May-hut-chan-khong-220V-187W-57L-Value-VE115N-chinh-hang.jpg\" alt=\"May Hut Chan Khong 220V 187W 57L Value VE115N Chinh Hang\" width=\"750\" height=\"750\" \/><\/a><a href=\"https:\/\/maybommini.com\/wp-content\/uploads\/2023\/06\/may-hut-chan-khong-chinh-hang-Value.jpg\" target=\"_blank\" rel=\"noopener\"><img decoding=\"async\" class=\"size-full wp-image-273812 aligncenter\" src=\"https:\/\/maybommini.com\/wp-content\/uploads\/2023\/06\/may-hut-chan-khong-chinh-hang-Value.jpg\" alt=\"May Hut Chan Khong Chinh Hang Value\" width=\"750\" height=\"750\" \/><\/a><a href=\"https:\/\/maybommini.com\/wp-content\/uploads\/2023\/06\/nha-phan-phoi-may-hut-chan-khong-Value.jpg\" target=\"_blank\" rel=\"noopener\"><img decoding=\"async\" class=\"size-full wp-image-273814 aligncenter\" src=\"https:\/\/maybommini.com\/wp-content\/uploads\/2023\/06\/nha-phan-phoi-may-hut-chan-khong-Value.jpg\" alt=\"Nha Phan Phoi May Hut Chan Khong Value\" width=\"750\" height=\"750\" \/><\/a><a href=\"https:\/\/maybommini.com\/wp-content\/uploads\/2023\/06\/Gia-may-hut-chan-khong-220V-187W-57L-Value-VE115N.jpg\" target=\"_blank\" rel=\"noopener\"><img decoding=\"async\" class=\"size-full wp-image-273818 aligncenter\" src=\"https:\/\/maybommini.com\/wp-content\/uploads\/2023\/06\/Gia-may-hut-chan-khong-220V-187W-57L-Value-VE115N.jpg\" alt=\"Gia May Hut Chan Khong 220V 187W 57L Value VE115N\" width=\"750\" height=\"750\" \/><\/a><a href=\"https:\/\/maybommini.com\/wp-content\/uploads\/2023\/06\/May-hut-chan-khong-220V-187W-57L-Value-VE115N.jpg\" target=\"_blank\" rel=\"noopener\"><img decoding=\"async\" class=\"size-full wp-image-273821 aligncenter\" src=\"https:\/\/maybommini.com\/wp-content\/uploads\/2023\/06\/May-hut-chan-khong-220V-187W-57L-Value-VE115N.jpg\" alt=\"May Hut Chan Khong 220V 187W 57L Value VE115N\" width=\"750\" height=\"750\" \/><\/a><a href=\"https:\/\/maybommini.com\/wp-content\/uploads\/2023\/06\/dau-may-bom-hut-chan-khong-Value.jpg\" target=\"_blank\" rel=\"noopener\"><img decoding=\"async\" class=\"size-full wp-image-273817 aligncenter\" src=\"https:\/\/maybommini.com\/wp-content\/uploads\/2023\/06\/dau-may-bom-hut-chan-khong-Value.jpg\" alt=\"Dau May Bom Hut Chan Khong Value\" width=\"750\" height=\"750\" \/><\/a><a href=\"https:\/\/maybommini.com\/wp-content\/uploads\/2023\/06\/may-hut-chan-khong-cao-cap-Value.jpg\" target=\"_blank\" rel=\"noopener\"><img decoding=\"async\" class=\"size-full wp-image-273811 aligncenter\" src=\"https:\/\/maybommini.com\/wp-content\/uploads\/2023\/06\/may-hut-chan-khong-cao-cap-Value.jpg\" alt=\"May Hut Chan Khong Cao Cap Value\" width=\"750\" height=\"750\" \/><\/a><a href=\"https:\/\/maybommini.com\/wp-content\/uploads\/2023\/06\/chuyen-cac-loai-may-hut-chan-khong-dien-lanh-Value-chinh-hang.jpg\" target=\"_blank\" rel=\"noopener\"><img decoding=\"async\" class=\"size-full wp-image-273816 aligncenter\" src=\"https:\/\/maybommini.com\/wp-content\/uploads\/2023\/06\/chuyen-cac-loai-may-hut-chan-khong-dien-lanh-Value-chinh-hang.jpg\" alt=\"Chuyen Cac Loai May Hut Chan Khong Dien Lanh Value Chinh Hang\" width=\"750\" height=\"750\" \/><\/a><a href=\"https:\/\/maybommini.com\/wp-content\/uploads\/2023\/06\/huong-dan-may-hut-chan-khong-Value.jpg\" target=\"_blank\" rel=\"noopener\"><img decoding=\"async\" class=\"size-full wp-image-273819 aligncenter\" src=\"https:\/\/maybommini.com\/wp-content\/uploads\/2023\/06\/huong-dan-may-hut-chan-khong-Value.jpg\" alt=\"Huong Dan May Hut Chan Khong Value\" width=\"750\" height=\"750\" \/><\/a><a href=\"https:\/\/maybommini.com\/wp-content\/uploads\/2023\/06\/so-do-su-dung-may-hut-chan-khong-trong-dien-lanh.jpg\" target=\"_blank\" rel=\"noopener\"><img decoding=\"async\" class=\"size-full wp-image-273815 aligncenter\" src=\"https:\/\/maybommini.com\/wp-content\/uploads\/2023\/06\/so-do-su-dung-may-hut-chan-khong-trong-dien-lanh.jpg\" alt=\"So Do Su Dung May Hut Chan Khong Trong Dien Lanh\" width=\"750\" height=\"750\" \/><\/a><\/p>\n","protected":false},"excerpt":{"rendered":"<p>Th\u01b0\u01a1ng hi\u1ec7u: VALUE<br \/>\nModel: VE115N<br \/>\n\u0110i\u1ec7n th\u1ebf: 220V AC<br \/>\nC\u00f4ng su\u1ea5t: 1\/4HP &#8211; 187W<br \/>\nL\u01b0u l\u01b0\u1ee3ng h\u00fat: 57L\/M &#8211; 2.0 CFM<br \/>\n\u00c1p l\u1ef1c ch\u00e2n kh\u00f4ng: 150 Micron<br \/>\nK\u00e8m d\u1ea7u m\u00e1y.<br \/>\nK\u00edch th\u01b0\u1edbc: 32 x 25 x 15 cm<br \/>\nTr\u1ecdng l\u01b0\u1ee3ng: 6.6 Kg<\/p>\n","protected":false},"featured_media":273951,"comment_status":"open","ping_status":"closed","template":"","meta":[],"product_brand":[],"product_cat":[4213,2470],"product_tag":[2471,4194,4192,4191,3680,4193],"class_list":{"0":"post-273964","1":"product","2":"type-product","3":"status-publish","4":"has-post-thumbnail","6":"product_cat-dung-cu-dien-lanh","7":"product_cat-may-hut-chan-khong","8":"product_tag-bom-chan-khong","9":"product_tag-bom-chan-khong-may-lanh","10":"product_tag-chan-khong","11":"product_tag-may-hut-chan-khong","12":"product_tag-value","13":"product_tag-ve115n","15":"first","16":"instock","17":"sale","18":"shipping-taxable","19":"purchasable","20":"product-type-simple"},"_links":{"self":[{"href":"https:\/\/maybommini.vn\/index.php?rest_route=\/wp\/v2\/product\/273964","targetHints":{"allow":["GET"]}}],"collection":[{"href":"https:\/\/maybommini.vn\/index.php?rest_route=\/wp\/v2\/product"}],"about":[{"href":"https:\/\/maybommini.vn\/index.php?rest_route=\/wp\/v2\/types\/product"}],"replies":[{"embeddable":true,"href":"https:\/\/maybommini.vn\/index.php?rest_route=%2Fwp%2Fv2%2Fcomments&post=273964"}],"wp:featuredmedia":[{"embeddable":true,"href":"https:\/\/maybommini.vn\/index.php?rest_route=\/wp\/v2\/media\/273951"}],"wp:attachment":[{"href":"https:\/\/maybommini.vn\/index.php?rest_route=%2Fwp%2Fv2%2Fmedia&parent=273964"}],"wp:term":[{"taxonomy":"product_brand","embeddable":true,"href":"https:\/\/maybommini.vn\/index.php?rest_route=%2Fwp%2Fv2%2Fproduct_brand&post=273964"},{"taxonomy":"product_cat","embeddable":true,"href":"https:\/\/maybommini.vn\/index.php?rest_route=%2Fwp%2Fv2%2Fproduct_cat&post=273964"},{"taxonomy":"product_tag","embeddable":true,"href":"https:\/\/maybommini.vn\/index.php?rest_route=%2Fwp%2Fv2%2Fproduct_tag&post=273964"}],"curies":[{"name":"wp","href":"https:\/\/api.w.org\/{rel}","templated":true}]}}