{"id":274062,"date":"2023-06-18T17:37:48","date_gmt":"2023-06-18T10:37:48","guid":{"rendered":"https:\/\/maybommini.com\/?post_type=product&#038;p=274062"},"modified":"2023-06-18T17:49:25","modified_gmt":"2023-06-18T10:49:25","slug":"bo-dung-cu-uon-ong-dong-wk-666","status":"publish","type":"product","link":"https:\/\/maybommini.vn\/?product=bo-dung-cu-uon-ong-dong-wk-666","title":{"rendered":"B\u1ed9 d\u1ee5ng c\u1ee5 u\u1ed1n \u1ed1ng \u0111\u1ed3ng WK-666"},"content":{"rendered":"<p><strong>B\u1ed9 d\u1ee5ng c\u1ee5 u\u1ed1n \u1ed1ng \u0111\u1ed3ng WK-666 chuy\u00ean d\u1ee5ng cao c\u1ea5p ch\u00ednh h\u00e3ng gi\u00e1 t\u1ed1t. V\u1edbi b\u1ed9 d\u1ee5ng c\u1ee5 t\u00edch h\u1ee3p trong m\u1ed9t vali gi\u00fap b\u1ea1n l\u00e0m vi\u1ec7c chuy\u00ean nghi\u1ec7p v\u00e0 ti\u1ec7n l\u1ee3i h\u01a1n r\u1ea5t nhi\u1ec1u, \u0111\u00e2y l\u00e0 b\u1ed9 \u0111\u1ed3 ngh\u1ec1 \u0111i\u1ec7n l\u1ea1nh m\u00e0 t\u1ea5t c\u1ea3 c\u00e1c th\u1ee3 chuy\u00ean nghi\u1ec7p \u0111ang s\u1eed d\u1ee5ng.<\/strong><\/p>\n<p><strong><a href=\"https:\/\/maybommini.com\/wp-content\/uploads\/2023\/06\/gia-bo-dung-cu-cat-uon-ong-dong.jpg\" target=\"_blank\" rel=\"noopener\"><img decoding=\"async\" class=\"size-full wp-image-274067 aligncenter\" src=\"https:\/\/maybommini.com\/wp-content\/uploads\/2023\/06\/gia-bo-dung-cu-cat-uon-ong-dong.jpg\" alt=\"Gia Bo Dung Cu Cat Uon Ong Dong\" width=\"750\" height=\"750\" srcset=\"https:\/\/maybommini.vn\/wp-content\/uploads\/2023\/06\/gia-bo-dung-cu-cat-uon-ong-dong.jpg 750w, https:\/\/maybommini.vn\/wp-content\/uploads\/2023\/06\/gia-bo-dung-cu-cat-uon-ong-dong-300x300.jpg 300w, https:\/\/maybommini.vn\/wp-content\/uploads\/2023\/06\/gia-bo-dung-cu-cat-uon-ong-dong-150x150.jpg 150w, https:\/\/maybommini.vn\/wp-content\/uploads\/2023\/06\/gia-bo-dung-cu-cat-uon-ong-dong-600x600.jpg 600w\" sizes=\"(max-width: 750px) 100vw, 750px\" \/><\/a>TH\u00d4NG S\u1ed0 K\u1ef8 THU\u1eacT<\/strong><br \/>\nTh\u01b0\u01a1ng hi\u1ec7u: DSZH<br \/>\nModel: WK-666<br \/>\nB\u1ed9 t\u00edch h\u1ee3p d\u1ee5ng c\u1ee5.<br \/>\nD\u1ee5ng c\u1ee5 u\u1ed1n \u1ed1ng \u0111\u1ed3ng.<br \/>\nDao c\u1eaft \u1ed1ng \u0111\u1ed3ng<br \/>\nU\u1ed1n \u0111\u01b0\u1ee3c \u1ed1ng: 5mm, 6mm, 8mm, 10mm, 12mm.<br \/>\nTr\u1ecdng l\u01b0\u1ee3ng:\u00a0 Kg<br \/>\nK\u00edch th\u01b0\u1edbc th\u00f9ng: cm<\/p>\n<p style=\"text-align: center;\"><strong> <a href=\"https:\/\/maybommini.com\/wp-content\/uploads\/2023\/06\/Cung-cu-uon-cat-ong-dong.jpg\" target=\"_blank\" rel=\"noopener\"><img decoding=\"async\" class=\"alignnone size-full wp-image-274064\" src=\"https:\/\/maybommini.com\/wp-content\/uploads\/2023\/06\/Cung-cu-uon-cat-ong-dong.jpg\" alt=\"Cung Cu Uon Cat Ong Dong\" width=\"750\" height=\"750\" srcset=\"https:\/\/maybommini.vn\/wp-content\/uploads\/2023\/06\/Cung-cu-uon-cat-ong-dong.jpg 750w, https:\/\/maybommini.vn\/wp-content\/uploads\/2023\/06\/Cung-cu-uon-cat-ong-dong-300x300.jpg 300w, https:\/\/maybommini.vn\/wp-content\/uploads\/2023\/06\/Cung-cu-uon-cat-ong-dong-150x150.jpg 150w, https:\/\/maybommini.vn\/wp-content\/uploads\/2023\/06\/Cung-cu-uon-cat-ong-dong-600x600.jpg 600w\" sizes=\"(max-width: 750px) 100vw, 750px\" \/><\/a><a href=\"https:\/\/maybommini.com\/wp-content\/uploads\/2023\/06\/ban-bo-dung-cu-uon-ong-dong-chuyen-nghiep.jpg\" target=\"_blank\" rel=\"noopener\"><img decoding=\"async\" class=\"alignnone size-full wp-image-274063\" src=\"https:\/\/maybommini.com\/wp-content\/uploads\/2023\/06\/ban-bo-dung-cu-uon-ong-dong-chuyen-nghiep.jpg\" alt=\"Ban Bo Dung Cu Uon Ong Dong Chuyen Nghiep\" width=\"750\" height=\"750\" srcset=\"https:\/\/maybommini.vn\/wp-content\/uploads\/2023\/06\/ban-bo-dung-cu-uon-ong-dong-chuyen-nghiep.jpg 750w, https:\/\/maybommini.vn\/wp-content\/uploads\/2023\/06\/ban-bo-dung-cu-uon-ong-dong-chuyen-nghiep-300x300.jpg 300w, https:\/\/maybommini.vn\/wp-content\/uploads\/2023\/06\/ban-bo-dung-cu-uon-ong-dong-chuyen-nghiep-150x150.jpg 150w, https:\/\/maybommini.vn\/wp-content\/uploads\/2023\/06\/ban-bo-dung-cu-uon-ong-dong-chuyen-nghiep-600x600.jpg 600w\" sizes=\"(max-width: 750px) 100vw, 750px\" \/><\/a><a href=\"https:\/\/maybommini.com\/wp-content\/uploads\/2023\/06\/dung-cu-uon-ong-dong-ong-gas-dien-lanh.jpg\" target=\"_blank\" rel=\"noopener\"><img decoding=\"async\" class=\"alignnone size-full wp-image-274066\" src=\"https:\/\/maybommini.com\/wp-content\/uploads\/2023\/06\/dung-cu-uon-ong-dong-ong-gas-dien-lanh.jpg\" alt=\"Dung Cu Uon Ong Dong Ong Gas Dien Lanh\" width=\"750\" height=\"750\" srcset=\"https:\/\/maybommini.vn\/wp-content\/uploads\/2023\/06\/dung-cu-uon-ong-dong-ong-gas-dien-lanh.jpg 750w, https:\/\/maybommini.vn\/wp-content\/uploads\/2023\/06\/dung-cu-uon-ong-dong-ong-gas-dien-lanh-300x300.jpg 300w, https:\/\/maybommini.vn\/wp-content\/uploads\/2023\/06\/dung-cu-uon-ong-dong-ong-gas-dien-lanh-150x150.jpg 150w, https:\/\/maybommini.vn\/wp-content\/uploads\/2023\/06\/dung-cu-uon-ong-dong-ong-gas-dien-lanh-600x600.jpg 600w\" sizes=\"(max-width: 750px) 100vw, 750px\" \/><\/a><a href=\"https:\/\/maybommini.com\/wp-content\/uploads\/2023\/06\/dao-cat-ong-dong-cao-cap-chinh-hang.jpg\" target=\"_blank\" rel=\"noopener\"><img decoding=\"async\" class=\"alignnone size-full wp-image-274065\" src=\"https:\/\/maybommini.com\/wp-content\/uploads\/2023\/06\/dao-cat-ong-dong-cao-cap-chinh-hang.jpg\" alt=\"Dao Cat Ong Dong Cao Cap Chinh Hang\" width=\"750\" height=\"750\" srcset=\"https:\/\/maybommini.vn\/wp-content\/uploads\/2023\/06\/dao-cat-ong-dong-cao-cap-chinh-hang.jpg 750w, https:\/\/maybommini.vn\/wp-content\/uploads\/2023\/06\/dao-cat-ong-dong-cao-cap-chinh-hang-300x300.jpg 300w, https:\/\/maybommini.vn\/wp-content\/uploads\/2023\/06\/dao-cat-ong-dong-cao-cap-chinh-hang-150x150.jpg 150w, https:\/\/maybommini.vn\/wp-content\/uploads\/2023\/06\/dao-cat-ong-dong-cao-cap-chinh-hang-600x600.jpg 600w\" sizes=\"(max-width: 750px) 100vw, 750px\" \/><\/a><a href=\"https:\/\/maybommini.com\/wp-content\/uploads\/2023\/06\/uon-ong-dong-dien-lanh-gia-re.jpg\" target=\"_blank\" rel=\"noopener\"><img decoding=\"async\" class=\"alignnone size-full wp-image-274068\" src=\"https:\/\/maybommini.com\/wp-content\/uploads\/2023\/06\/uon-ong-dong-dien-lanh-gia-re.jpg\" alt=\"Uon Ong Dong Dien Lanh Gia Re\" width=\"750\" height=\"750\" srcset=\"https:\/\/maybommini.vn\/wp-content\/uploads\/2023\/06\/uon-ong-dong-dien-lanh-gia-re.jpg 750w, https:\/\/maybommini.vn\/wp-content\/uploads\/2023\/06\/uon-ong-dong-dien-lanh-gia-re-300x300.jpg 300w, https:\/\/maybommini.vn\/wp-content\/uploads\/2023\/06\/uon-ong-dong-dien-lanh-gia-re-150x150.jpg 150w, https:\/\/maybommini.vn\/wp-content\/uploads\/2023\/06\/uon-ong-dong-dien-lanh-gia-re-600x600.jpg 600w\" sizes=\"(max-width: 750px) 100vw, 750px\" \/><\/a><\/p>\n<p><\/strong><\/p>\n<p style=\"text-align: center;\"><strong>CHUY\u00caN CUNG C\u1ea4P C\u00c1C THI\u1ec6T B\u1eca D\u1ee4NG C\u1ee4 \u0110\u1ed2 NGH\u1ec0 \u0110I\u1ec6N L\u1ea0NH KH\u00c1C<\/strong><\/p>\n<p style=\"text-align: center;\"><strong><a href=\"https:\/\/maybommini.com\/wp-content\/uploads\/2023\/06\/ban-dung-cu-do-nghe-dien-lanh-value.jpg\" target=\"_blank\" rel=\"noopener\"><img decoding=\"async\" class=\"size-full wp-image-274046 aligncenter\" src=\"https:\/\/maybommini.com\/wp-content\/uploads\/2023\/06\/ban-dung-cu-do-nghe-dien-lanh-value.jpg\" alt=\"Ban Dung Cu Do Nghe Dien Lanh Value\" width=\"750\" height=\"750\" srcset=\"https:\/\/maybommini.vn\/wp-content\/uploads\/2023\/06\/ban-dung-cu-do-nghe-dien-lanh-value.jpg 750w, https:\/\/maybommini.vn\/wp-content\/uploads\/2023\/06\/ban-dung-cu-do-nghe-dien-lanh-value-300x300.jpg 300w, https:\/\/maybommini.vn\/wp-content\/uploads\/2023\/06\/ban-dung-cu-do-nghe-dien-lanh-value-150x150.jpg 150w, https:\/\/maybommini.vn\/wp-content\/uploads\/2023\/06\/ban-dung-cu-do-nghe-dien-lanh-value-600x600.jpg 600w\" sizes=\"(max-width: 750px) 100vw, 750px\" \/><\/a><\/strong><a href=\"https:\/\/maybommini.com\/wp-content\/uploads\/2023\/06\/so-do-su-dung-may-hut-chan-khong-trong-dien-lanh.jpg\" target=\"_blank\" rel=\"noopener\"><img decoding=\"async\" class=\"size-full wp-image-273815 aligncenter\" src=\"https:\/\/maybommini.com\/wp-content\/uploads\/2023\/06\/so-do-su-dung-may-hut-chan-khong-trong-dien-lanh.jpg\" alt=\"So Do Su Dung May Hut Chan Khong Trong Dien Lanh\" width=\"750\" height=\"750\" \/><\/a><a href=\"https:\/\/maybommini.com\/wp-content\/uploads\/2023\/06\/chuyen-cac-loai-may-hut-chan-khong-dien-lanh-Value-chinh-hang.jpg\" target=\"_blank\" rel=\"noopener\"><img decoding=\"async\" class=\"size-full wp-image-273816 aligncenter\" src=\"https:\/\/maybommini.com\/wp-content\/uploads\/2023\/06\/chuyen-cac-loai-may-hut-chan-khong-dien-lanh-Value-chinh-hang.jpg\" alt=\"Chuyen Cac Loai May Hut Chan Khong Dien Lanh Value Chinh Hang\" width=\"750\" height=\"750\" \/><\/a><\/p>\n<p>Ch\u00fang t\u00f4i l\u00e0 nh\u00e0 cung c\u1ea5p thi\u1ec7t b\u1ecb d\u1ee5ng c\u1ee5 \u0111i\u1ec7n l\u1ea1nh Value ch\u00ednh h\u00e3ng nh\u01b0 m\u00e1y h\u00fat ch\u00e2n kh\u00f4ng, b\u1ed9 loe \u1ed1ng \u0111\u1ed3ng, \u0111\u1ed3ng h\u1ed3 \u0111o gas, b\u1ed9 b\u01a1m gas, dao c\u1eaft \u1ed1ng \u0111\u1ed3ng, dao v\u1ec7 sinh \u1ed1ng \u0111\u1ed3ng. b\u00e9c phun x\u1ecbt, v\u00f2i \u00e1p l\u1ef1c cao, m\u00e1y b\u01a1m \u00e1p l\u1ef1c cao, b\u1ed9 v\u1ec7 sinh m\u00e1y l\u1ea1nh, dung d\u1ecbch v\u1ec7 sinh m\u00e1y l\u1ea1nh v\u00e0 nhi\u1ec1u ph\u1ee5 ki\u1ec7n \u0111i\u1ec7n l\u1ea1nh kh\u00e1c.<br \/>\nM\u1ecdi chi ti\u1ebft vui l\u00f2ng li\u00ean h\u1ec7 tr\u1ef1c ti\u1ebfp cho ch\u00fang t\u00f4i \u0111\u1ec3 \u0111\u01b0\u1ee3c t\u01b0 v\u1ea5n theo nhu c\u1ea7u \u0111\u1ec3 c\u00f3 \u0111\u01b0\u1ee3c b\u1ed9 s\u1ea3n ph\u1ea9m t\u1ed1t nh\u1ea5t v\u00e0 ti\u1ebft ki\u1ec7m.<br \/>\n<strong>CTY TNHH TMDV \u0110I\u1ec6N M\u00c1Y TH\u00d4NG MINH<\/strong><br \/>\n<strong>Tel\/Zalo:\u00a0<\/strong><a href=\"tel:02873030399\">02873030399<\/a>\u00a0\u2013\u00a0<a href=\"tel:09072944310\">09072944310<\/a><strong><br \/>\nWebsite:<\/strong>\u00a0<a href=\"https:\/\/maybommini.com\/\" target=\"_blank\" rel=\"noopener\">https:\/\/maybommini.com<\/a><br \/>\n<strong>Email:<\/strong>\u00a0maybommini.com@gmail.com<\/p>\n<p><a href=\"https:\/\/maybommini.com\/wp-content\/uploads\/2022\/07\/thong-tin-lien-he-may-bom-mini.jpg\" target=\"_blank\" rel=\"noopener\"><img decoding=\"async\" class=\"size-full wp-image-270546 lazyloaded aligncenter\" src=\"https:\/\/maybommini.com\/wp-content\/uploads\/2022\/07\/thong-tin-lien-he-may-bom-mini.jpg\" alt=\"Thong Tin Lien He May Bom Mini\" width=\"750\" height=\"535\" data-lazy-src=\"https:\/\/maybommini.com\/wp-content\/uploads\/2022\/07\/thong-tin-lien-he-may-bom-mini.jpg\" data-was-processed=\"true\" data-lazy-=\"\" \/><\/a><\/p>\n","protected":false},"excerpt":{"rendered":"<p>Th\u01b0\u01a1ng hi\u1ec7u: DSZH<br \/>\nModel: WK-666<br \/>\nB\u1ed9 t\u00edch h\u1ee3p d\u1ee5ng c\u1ee5.<br \/>\nD\u1ee5ng c\u1ee5 u\u1ed1n \u1ed1ng \u0111\u1ed3ng.<br \/>\nDao c\u1eaft \u1ed1ng \u0111\u1ed3ng<br \/>\nU\u1ed1n \u0111\u01b0\u1ee3c \u1ed1ng: 5mm, 6mm, 8mm, 10mm, 12mm.<br \/>\nTr\u1ecdng l\u01b0\u1ee3ng:\u00a0 Kg<br \/>\nK\u00edch th\u01b0\u1edbc th\u00f9ng: cm<\/p>\n","protected":false},"featured_media":274067,"comment_status":"open","ping_status":"closed","template":"","meta":[],"product_brand":[],"product_cat":[4213,2470],"product_tag":[4217,2471,4194,4214,4192,2329,2332,4215,4191,3680,4193,4216],"class_list":{"0":"post-274062","1":"product","2":"type-product","3":"status-publish","4":"has-post-thumbnail","6":"product_cat-dung-cu-dien-lanh","7":"product_cat-may-hut-chan-khong","8":"product_tag-bo-dung-cu-dien-lanh-value","9":"product_tag-bom-chan-khong","10":"product_tag-bom-chan-khong-may-lanh","11":"product_tag-cat-ong-dong-value","12":"product_tag-chan-khong","13":"product_tag-do-gas","14":"product_tag-dung-cu-dien-lanh","15":"product_tag-loe-ong-dong","16":"product_tag-may-hut-chan-khong","17":"product_tag-value","18":"product_tag-ve115n","19":"product_tag-vtb-5b","21":"first","22":"instock","23":"shipping-taxable","24":"purchasable","25":"product-type-simple"},"_links":{"self":[{"href":"https:\/\/maybommini.vn\/index.php?rest_route=\/wp\/v2\/product\/274062","targetHints":{"allow":["GET"]}}],"collection":[{"href":"https:\/\/maybommini.vn\/index.php?rest_route=\/wp\/v2\/product"}],"about":[{"href":"https:\/\/maybommini.vn\/index.php?rest_route=\/wp\/v2\/types\/product"}],"replies":[{"embeddable":true,"href":"https:\/\/maybommini.vn\/index.php?rest_route=%2Fwp%2Fv2%2Fcomments&post=274062"}],"wp:featuredmedia":[{"embeddable":true,"href":"https:\/\/maybommini.vn\/index.php?rest_route=\/wp\/v2\/media\/274067"}],"wp:attachment":[{"href":"https:\/\/maybommini.vn\/index.php?rest_route=%2Fwp%2Fv2%2Fmedia&parent=274062"}],"wp:term":[{"taxonomy":"product_brand","embeddable":true,"href":"https:\/\/maybommini.vn\/index.php?rest_route=%2Fwp%2Fv2%2Fproduct_brand&post=274062"},{"taxonomy":"product_cat","embeddable":true,"href":"https:\/\/maybommini.vn\/index.php?rest_route=%2Fwp%2Fv2%2Fproduct_cat&post=274062"},{"taxonomy":"product_tag","embeddable":true,"href":"https:\/\/maybommini.vn\/index.php?rest_route=%2Fwp%2Fv2%2Fproduct_tag&post=274062"}],"curies":[{"name":"wp","href":"https:\/\/api.w.org\/{rel}","templated":true}]}}