{"id":274095,"date":"2023-06-19T22:06:28","date_gmt":"2023-06-19T15:06:28","guid":{"rendered":"https:\/\/maybommini.com\/?post_type=product&#038;p=274095"},"modified":"2023-06-22T09:33:18","modified_gmt":"2023-06-22T02:33:18","slug":"tam-pin-nang-luong-mat-troi-18v-30w","status":"publish","type":"product","link":"https:\/\/maybommini.vn\/?product=tam-pin-nang-luong-mat-troi-18v-30w","title":{"rendered":"T\u1ea5m pin n\u0103ng l\u01b0\u1ee3ng m\u1eb7t tr\u1eddi 18V 30W"},"content":{"rendered":"<h4>T\u1ea5m pin n\u0103ng l\u01b0\u1ee3ng m\u1eb7t tr\u1eddi 18V 30W ch\u1ea5t l\u01b0\u1ee3ng tu\u1ed5i th\u1ecd cao gi\u00e1 t\u1ed1t. S\u1eed d\u1ee5ng cho h\u1ec7 th\u1ed1ng n\u0103ng l\u01b0\u1ee3ng c\u00f4ng su\u1ea5t nh\u1ecf nh\u01b0 \u0111\u00e8n, m\u00e1y b\u01a1m n\u01b0\u1edbc mini, m\u00e1y b\u01a1m h\u1ed3 c\u00e1, camera b\u00e1o \u0111\u1ed9ng, thi\u1ebft b\u1ecb kh\u00e1c \u0111\u1ec3 ti\u1ebft ki\u1ec7m chi ph\u00ed ti\u1ec1n \u0111i\u1ec7n v\u00e0 l\u00e0m h\u1ec7 th\u1ed1ng \u0111i\u1ec7n d\u1ef1 ph\u00f2ng.<\/h4>\n<p><strong><a href=\"https:\/\/maybommini.com\/wp-content\/uploads\/2023\/06\/solar-18V-30W.jpg\" target=\"_blank\" rel=\"noopener\"><img decoding=\"async\" class=\"size-full wp-image-274104 aligncenter\" src=\"https:\/\/maybommini.com\/wp-content\/uploads\/2023\/06\/solar-18V-30W.jpg\" alt=\"Solar 18V 30W\" width=\"750\" height=\"750\" srcset=\"https:\/\/maybommini.vn\/wp-content\/uploads\/2023\/06\/solar-18V-30W.jpg 750w, https:\/\/maybommini.vn\/wp-content\/uploads\/2023\/06\/solar-18V-30W-300x300.jpg 300w, https:\/\/maybommini.vn\/wp-content\/uploads\/2023\/06\/solar-18V-30W-150x150.jpg 150w, https:\/\/maybommini.vn\/wp-content\/uploads\/2023\/06\/solar-18V-30W-600x600.jpg 600w\" sizes=\"(max-width: 750px) 100vw, 750px\" \/><\/a>TH\u00d4NG S\u1ed0 K\u1ef8 THU\u1eacT<\/strong><br \/>\nModel: SP-030<br \/>\n\u0110i\u1ec7n th\u1ebf ra: 18.2 V (Max 22.2V)<br \/>\nC\u00f4ng su\u1ea5t: 30W\u00a0 &#8211; 1.65A (Max 1.8A)<br \/>\nSai s\u1ed1 cho ph\u00e9p: 3%<br \/>\nTu\u1ed5i th\u1ecd cao c\u00f4ng su\u1ea5t hi\u1ec7u qu\u1ea3.<br \/>\nPh\u00f9 h\u1ee3p h\u1ec7 th\u1ed1ng n\u0103ng l\u01b0\u1ee3ng c\u00f4ng su\u1ea5t nh\u1ecf.<br \/>\nK\u00edch th\u01b0\u1edbc: 645 x 350 x 25 mm<br \/>\nTr\u1ecdng l\u01b0\u1ee3ng:\u00a0 kg<\/p>\n<p><strong><a href=\"https:\/\/maybommini.com\/wp-content\/uploads\/2023\/06\/solar-18V-30W.jpg\" target=\"_blank\" rel=\"noopener\"><img decoding=\"async\" class=\"size-full wp-image-274104 aligncenter\" src=\"https:\/\/maybommini.com\/wp-content\/uploads\/2023\/06\/solar-18V-30W.jpg\" alt=\"Solar 18V 30W\" width=\"750\" height=\"750\" srcset=\"https:\/\/maybommini.vn\/wp-content\/uploads\/2023\/06\/solar-18V-30W.jpg 750w, https:\/\/maybommini.vn\/wp-content\/uploads\/2023\/06\/solar-18V-30W-300x300.jpg 300w, https:\/\/maybommini.vn\/wp-content\/uploads\/2023\/06\/solar-18V-30W-150x150.jpg 150w, https:\/\/maybommini.vn\/wp-content\/uploads\/2023\/06\/solar-18V-30W-600x600.jpg 600w\" sizes=\"(max-width: 750px) 100vw, 750px\" \/><\/a><a href=\"https:\/\/maybommini.com\/wp-content\/uploads\/2023\/06\/Tam-pin-nang-luong-mat-troi-18V-30W-chat-luong-cao.jpg\" target=\"_blank\" rel=\"noopener\"><img decoding=\"async\" class=\"size-full wp-image-274098 aligncenter\" src=\"https:\/\/maybommini.com\/wp-content\/uploads\/2023\/06\/Tam-pin-nang-luong-mat-troi-18V-30W-chat-luong-cao.jpg\" alt=\"Tam Pin Nang Luong Mat Troi 18V 30W Chat Luong Cao\" width=\"750\" height=\"750\" srcset=\"https:\/\/maybommini.vn\/wp-content\/uploads\/2023\/06\/Tam-pin-nang-luong-mat-troi-18V-30W-chat-luong-cao.jpg 750w, https:\/\/maybommini.vn\/wp-content\/uploads\/2023\/06\/Tam-pin-nang-luong-mat-troi-18V-30W-chat-luong-cao-300x300.jpg 300w, https:\/\/maybommini.vn\/wp-content\/uploads\/2023\/06\/Tam-pin-nang-luong-mat-troi-18V-30W-chat-luong-cao-150x150.jpg 150w, https:\/\/maybommini.vn\/wp-content\/uploads\/2023\/06\/Tam-pin-nang-luong-mat-troi-18V-30W-chat-luong-cao-600x600.jpg 600w\" sizes=\"(max-width: 750px) 100vw, 750px\" \/><\/a><a href=\"https:\/\/maybommini.com\/wp-content\/uploads\/2023\/06\/gia-tam-pin-nang-luong-mat-troi-30W.jpg\" target=\"_blank\" rel=\"noopener\"><img decoding=\"async\" class=\"size-full wp-image-274100 aligncenter\" src=\"https:\/\/maybommini.com\/wp-content\/uploads\/2023\/06\/gia-tam-pin-nang-luong-mat-troi-30W.jpg\" alt=\"Gia Tam Pin Nang Luong Mat Troi 30W\" width=\"750\" height=\"750\" srcset=\"https:\/\/maybommini.vn\/wp-content\/uploads\/2023\/06\/gia-tam-pin-nang-luong-mat-troi-30W.jpg 750w, https:\/\/maybommini.vn\/wp-content\/uploads\/2023\/06\/gia-tam-pin-nang-luong-mat-troi-30W-300x300.jpg 300w, https:\/\/maybommini.vn\/wp-content\/uploads\/2023\/06\/gia-tam-pin-nang-luong-mat-troi-30W-150x150.jpg 150w, https:\/\/maybommini.vn\/wp-content\/uploads\/2023\/06\/gia-tam-pin-nang-luong-mat-troi-30W-600x600.jpg 600w\" sizes=\"(max-width: 750px) 100vw, 750px\" \/><\/a><a href=\"https:\/\/maybommini.com\/wp-content\/uploads\/2023\/06\/ung-dung-tam-pin-NLMT.jpg\" target=\"_blank\" rel=\"noopener\"><img decoding=\"async\" class=\"size-full wp-image-274099 aligncenter\" src=\"https:\/\/maybommini.com\/wp-content\/uploads\/2023\/06\/ung-dung-tam-pin-NLMT.jpg\" alt=\"Ung Dung Tam Pin NLMT\" width=\"750\" height=\"750\" srcset=\"https:\/\/maybommini.vn\/wp-content\/uploads\/2023\/06\/ung-dung-tam-pin-NLMT.jpg 750w, https:\/\/maybommini.vn\/wp-content\/uploads\/2023\/06\/ung-dung-tam-pin-NLMT-300x300.jpg 300w, https:\/\/maybommini.vn\/wp-content\/uploads\/2023\/06\/ung-dung-tam-pin-NLMT-150x150.jpg 150w, https:\/\/maybommini.vn\/wp-content\/uploads\/2023\/06\/ung-dung-tam-pin-NLMT-600x600.jpg 600w\" sizes=\"(max-width: 750px) 100vw, 750px\" \/><\/a><a href=\"https:\/\/maybommini.com\/wp-content\/uploads\/2023\/06\/he-thong-nang-luong-mat-troi-may-bom-ho-ca.jpg\" target=\"_blank\" rel=\"noopener\"><img decoding=\"async\" class=\"size-full wp-image-274101 aligncenter\" src=\"https:\/\/maybommini.com\/wp-content\/uploads\/2023\/06\/he-thong-nang-luong-mat-troi-may-bom-ho-ca.jpg\" alt=\"He Thong Nang Luong Mat Troi May Bom Ho Ca\" width=\"750\" height=\"750\" srcset=\"https:\/\/maybommini.vn\/wp-content\/uploads\/2023\/06\/he-thong-nang-luong-mat-troi-may-bom-ho-ca.jpg 750w, https:\/\/maybommini.vn\/wp-content\/uploads\/2023\/06\/he-thong-nang-luong-mat-troi-may-bom-ho-ca-300x300.jpg 300w, https:\/\/maybommini.vn\/wp-content\/uploads\/2023\/06\/he-thong-nang-luong-mat-troi-may-bom-ho-ca-150x150.jpg 150w, https:\/\/maybommini.vn\/wp-content\/uploads\/2023\/06\/he-thong-nang-luong-mat-troi-may-bom-ho-ca-600x600.jpg 600w\" sizes=\"(max-width: 750px) 100vw, 750px\" \/><\/a><a href=\"https:\/\/maybommini.com\/wp-content\/uploads\/2023\/06\/pin-nang-luong-mat-troi-gia-re-chinh-hang.jpg\" target=\"_blank\" rel=\"noopener\"><img decoding=\"async\" class=\"size-full wp-image-274102 aligncenter\" src=\"https:\/\/maybommini.com\/wp-content\/uploads\/2023\/06\/pin-nang-luong-mat-troi-gia-re-chinh-hang.jpg\" alt=\"Pin Nang Luong Mat Troi Gia Re Chinh Hang\" width=\"750\" height=\"750\" srcset=\"https:\/\/maybommini.vn\/wp-content\/uploads\/2023\/06\/pin-nang-luong-mat-troi-gia-re-chinh-hang.jpg 750w, https:\/\/maybommini.vn\/wp-content\/uploads\/2023\/06\/pin-nang-luong-mat-troi-gia-re-chinh-hang-300x300.jpg 300w, https:\/\/maybommini.vn\/wp-content\/uploads\/2023\/06\/pin-nang-luong-mat-troi-gia-re-chinh-hang-150x150.jpg 150w, https:\/\/maybommini.vn\/wp-content\/uploads\/2023\/06\/pin-nang-luong-mat-troi-gia-re-chinh-hang-600x600.jpg 600w\" sizes=\"(max-width: 750px) 100vw, 750px\" \/><\/a><a href=\"https:\/\/maybommini.com\/wp-content\/uploads\/2023\/06\/san-xuat-tam-pin-nang-luong-mat-troi.jpg\" target=\"_blank\" rel=\"noopener\"><img decoding=\"async\" class=\"size-full wp-image-274103 aligncenter\" src=\"https:\/\/maybommini.com\/wp-content\/uploads\/2023\/06\/san-xuat-tam-pin-nang-luong-mat-troi.jpg\" alt=\"San Xuat Tam Pin Nang Luong Mat Troi\" width=\"750\" height=\"750\" srcset=\"https:\/\/maybommini.vn\/wp-content\/uploads\/2023\/06\/san-xuat-tam-pin-nang-luong-mat-troi.jpg 750w, https:\/\/maybommini.vn\/wp-content\/uploads\/2023\/06\/san-xuat-tam-pin-nang-luong-mat-troi-300x300.jpg 300w, https:\/\/maybommini.vn\/wp-content\/uploads\/2023\/06\/san-xuat-tam-pin-nang-luong-mat-troi-150x150.jpg 150w, https:\/\/maybommini.vn\/wp-content\/uploads\/2023\/06\/san-xuat-tam-pin-nang-luong-mat-troi-600x600.jpg 600w\" sizes=\"(max-width: 750px) 100vw, 750px\" \/><\/a>H\u01af\u1edaNG D\u1eaaN S\u1eec D\u1ee4NG T\u1eaeM PIN N\u0102NG L\u01af\u1ee2NG M\u1eb6T TR\u1edcI<\/strong><br \/>\n&#8211; L\u1eafp \u0111\u1eb7t t\u1ea5m pin n\u0103ng l\u01b0\u1ee3ng h\u01b0\u1edbng c\u00f3 \u00e1nh n\u1eafng m\u1eb7t tr\u1eddi m\u1ea1nh nh\u1ea5t.<br \/>\n&#8211; L\u1eafp d\u00e2y ngu\u1ed3n t\u1ea5m pin theo c\u1ef1c \u00e2m v\u00e0 d\u01b0\u01a1ng.<br \/>\n&#8211; K\u1ebft n\u1ed1i d\u00e2y ngu\u1ed3n t\u1ea5m pin v\u00e0o b\u1ed9 \u0111i\u1ec1u khi\u1ec3n s\u1ea1c n\u0103ng l\u01b0\u1ee3ng m\u1eb7t tr\u1eddi theo \u0111\u00fang c\u1ef1c \u00e2m v\u00e0 d\u01b0\u01a1ng.<br \/>\n&#8211; L\u1eafp nhi\u1ec1u t\u1ea5m pin n\u1ed1i song song \u0111\u1ec3 c\u00f3 c\u00f4ng su\u1ea5t l\u1edbn h\u01a1n.<br \/>\n&#8211; L\u1eafp t\u1ea5m pin n\u1ed1i ti\u1ebfp \u0111\u1ec3 cho hi\u1ec7u \u0111i\u1ec7n th\u1ebf mong mu\u1ed1n.<br \/>\n&#8211; K\u1ebft n\u1ed1i b\u00ecnh \u1eafc quy, pin c\u00f3 \u0111i\u1ec7n th\u1ebf ph\u00f9 h\u1ee3p v\u1edbi h\u1ec7 th\u1ed1ng \u0111i\u1ec7n NLMT 12V ho\u1eb7c 24V 36V 48V.<br \/>\n&#8211; S\u1eed d\u1ee5ng b\u1ed9 bi\u1ebfn t\u1ea7n, bi\u1ebfn th\u1ebf inverter \u0111\u1ec3 s\u1eed d\u1ee5ng \u0111i\u1ec7n AC 220V ho\u1eb7c d\u00f9ng \u0111i\u1ec7n DC 12V 24V 36V 48V.<br \/>\n&#8211; V\u1ec7 sinh t\u1ea5m pin n\u0103ng l\u01b0\u1ee3ng m\u1eb7t tr\u1eddi \u0111\u1ecbnh k\u1ef3 \u0111\u1ec3 h\u1ea5p thu \u00e1nh s\u00e1ng t\u1ed1t cho ra hi\u1ec7u n\u0103ng cao.<\/p>\n<p><strong><a href=\"https:\/\/maybommini.com\/wp-content\/uploads\/2023\/04\/so-do-he-thong-pin-nang-luong-mat-troi-ra-dien-220V.jpg\" target=\"_blank\" rel=\"noopener\"><img decoding=\"async\" class=\"size-full wp-image-273319 aligncenter\" src=\"https:\/\/maybommini.com\/wp-content\/uploads\/2023\/04\/so-do-he-thong-pin-nang-luong-mat-troi-ra-dien-220V.jpg\" alt=\"So Do He Thong Pin Nang Luong Mat Troi Ra Dien 220V\" width=\"750\" height=\"750\" srcset=\"https:\/\/maybommini.vn\/wp-content\/uploads\/2023\/04\/so-do-he-thong-pin-nang-luong-mat-troi-ra-dien-220V.jpg 750w, https:\/\/maybommini.vn\/wp-content\/uploads\/2023\/04\/so-do-he-thong-pin-nang-luong-mat-troi-ra-dien-220V-300x300.jpg 300w, https:\/\/maybommini.vn\/wp-content\/uploads\/2023\/04\/so-do-he-thong-pin-nang-luong-mat-troi-ra-dien-220V-150x150.jpg 150w, https:\/\/maybommini.vn\/wp-content\/uploads\/2023\/04\/so-do-he-thong-pin-nang-luong-mat-troi-ra-dien-220V-600x600.jpg 600w\" sizes=\"(max-width: 750px) 100vw, 750px\" \/><\/a><a href=\"https:\/\/maybommini.com\/wp-content\/uploads\/2023\/04\/so-do-nang-luong-mat-troi-su-dung-dien-220VAC-va-12VDC.jpg\" target=\"_blank\" rel=\"noopener\"><img decoding=\"async\" class=\"size-full wp-image-273321 aligncenter\" src=\"https:\/\/maybommini.com\/wp-content\/uploads\/2023\/04\/so-do-nang-luong-mat-troi-su-dung-dien-220VAC-va-12VDC.jpg\" alt=\"So Do Nang Luong Mat Troi Su Dung Dien 220VAC Va 12VDC\" width=\"750\" height=\"750\" srcset=\"https:\/\/maybommini.vn\/wp-content\/uploads\/2023\/04\/so-do-nang-luong-mat-troi-su-dung-dien-220VAC-va-12VDC.jpg 750w, https:\/\/maybommini.vn\/wp-content\/uploads\/2023\/04\/so-do-nang-luong-mat-troi-su-dung-dien-220VAC-va-12VDC-300x300.jpg 300w, https:\/\/maybommini.vn\/wp-content\/uploads\/2023\/04\/so-do-nang-luong-mat-troi-su-dung-dien-220VAC-va-12VDC-150x150.jpg 150w, https:\/\/maybommini.vn\/wp-content\/uploads\/2023\/04\/so-do-nang-luong-mat-troi-su-dung-dien-220VAC-va-12VDC-600x600.jpg 600w\" sizes=\"(max-width: 750px) 100vw, 750px\" \/><\/a><a href=\"https:\/\/maybommini.com\/wp-content\/uploads\/2023\/04\/so-do-nang-luong-mat-troi-dung-dien-220VAC-va-24VDC.jpg\" target=\"_blank\" rel=\"noopener\"><img decoding=\"async\" class=\"size-full wp-image-273320 aligncenter\" src=\"https:\/\/maybommini.com\/wp-content\/uploads\/2023\/04\/so-do-nang-luong-mat-troi-dung-dien-220VAC-va-24VDC.jpg\" alt=\"So Do Nang Luong Mat Troi Dung Dien 220VAC Va 24VDC\" width=\"750\" height=\"750\" srcset=\"https:\/\/maybommini.vn\/wp-content\/uploads\/2023\/04\/so-do-nang-luong-mat-troi-dung-dien-220VAC-va-24VDC.jpg 750w, https:\/\/maybommini.vn\/wp-content\/uploads\/2023\/04\/so-do-nang-luong-mat-troi-dung-dien-220VAC-va-24VDC-300x300.jpg 300w, https:\/\/maybommini.vn\/wp-content\/uploads\/2023\/04\/so-do-nang-luong-mat-troi-dung-dien-220VAC-va-24VDC-150x150.jpg 150w, https:\/\/maybommini.vn\/wp-content\/uploads\/2023\/04\/so-do-nang-luong-mat-troi-dung-dien-220VAC-va-24VDC-600x600.jpg 600w\" sizes=\"(max-width: 750px) 100vw, 750px\" \/><\/a>\u1ee8NG D\u1ee4NG C\u1ee6A H\u1ec6 TH\u1ed0NG N\u0102NG L\u01af\u1ee2NG M\u1eb6T TR\u1edcI<br \/>\n<\/strong>&#8211; S\u1eed d\u1ee5ng n\u0103ng l\u01b0\u1ee3ng m\u1eb7t tr\u1eddi \u0111\u1ec3 ti\u1ebft ki\u1ec7m \u0111i\u1ec7n gi\u00e3m chi ph\u00ed ti\u1ec1n \u0111i\u1ec7n.<br \/>\n&#8211; H\u1ec7 th\u1ed1ng \u0111i\u1ec7n d\u1ef1 ph\u00f2ng khi c\u00fap \u0111i\u1ec7n.<br \/>\n&#8211; S\u1eed d\u1ee5ng trong h\u1ec7 th\u1ed1ng \u0111i\u1ec7n n\u0103ng l\u01b0\u1ee3ng camera, b\u00e1o \u0111\u1ed9ng, wifi, modem.<br \/>\n&#8211; S\u1eed d\u1ee5ng cho nh\u1eefng n\u1edbi kh\u00f4ng c\u00f3 \u0111i\u1ec7n l\u01b0\u1edbi.<br \/>\n&#8211; S\u1eed d\u1ee5ng \u0111i\u1ec7n n\u0103ng l\u01b0\u1ee3ng m\u1eb7t tr\u1eddi cho v\u00f9ng s\u00e2u v\u00e0 c\u00f9ng xa.<br \/>\n&#8211; H\u1ec7 th\u1ed1ng \u0111i\u1ec7n n\u0103ng l\u01b0\u1ee3ng m\u1eb7t tr\u1eddi cho nh\u00e0 canh v\u01b0\u1eddn trang tr\u1ea1i.<br \/>\n&#8211; \u0110i\u1ec7n m\u1eb7t tr\u1eddi cho \u0111\u00e8n LED chi\u1ebfu s\u00e1ng.<br \/>\n&#8211; N\u0103ng l\u01b0\u1ee3ng m\u1eb7t tr\u1eddi cho m\u00e1y b\u01a1m n\u01b0\u1edbc mini.<br \/>\n&#8211; \u0110i\u1ec7n n\u0103ng l\u01b0\u1ee3ng m\u1eb7t tr\u1eddi cho b\u01a1m ch\u00ecm, m\u00e1y b\u01a1m h\u1ed3 c\u00e1, m\u00e1y b\u01a1m ti\u1ec3u c\u1ea3nh.<br \/>\n&#8211; T\u1ea5m pin n\u0103ng l\u01b0\u1ee3ng m\u1eb7t tr\u1eddi ch\u1ebf xe \u0111i\u1ec7n.<br \/>\n&#8211; Pin n\u0103ng l\u01b0\u1ee3ng m\u1eb7t tr\u1eddi tr\u00ean t\u00e0u thuy\u1ec1n, can\u00f4, du thuy\u1ec1n.<br \/>\n&#8211; Pin n\u0103ng l\u01b0\u1ee3ng m\u1eb7t tr\u1eddi h\u1ec7 th\u1ed1ng \u0111i\u1ec7n d\u1ef1 ph\u00f2ng.<br \/>\n&#8211; Pin n\u0103ng l\u01b0\u1ee3ng m\u1eb7t tr\u1eddi \u0111\u00e8n chi\u1ebfu s\u00e1ng t\u1ef1 \u0111\u1ed9ng.<br \/>\n&#8211; Pin n\u0103ng l\u01b0\u1ee3ng cho h\u1ec7 th\u1ed1ng \u0111i\u1ec7n tr\u1ee5 bot, nh\u00e0 ch\u1edd.<br \/>\n&#8211; T\u1ea5m pin n\u0103ng l\u01b0\u1ee3ng \u0111\u00e8n t\u00edn hi\u1ec7u.<\/p>\n<p style=\"text-align: center;\"><strong><a href=\"https:\/\/maybommini.com\/wp-content\/uploads\/2023\/04\/su-dung-tam-pin-nang-luong-mat-troi.jpg\" target=\"_blank\" rel=\"noopener\"><img decoding=\"async\" class=\"size-full wp-image-273322 aligncenter\" src=\"https:\/\/maybommini.com\/wp-content\/uploads\/2023\/04\/su-dung-tam-pin-nang-luong-mat-troi.jpg\" alt=\"Su Dung Tam Pin Nang Luong Mat Troi\" width=\"750\" height=\"750\" srcset=\"https:\/\/maybommini.vn\/wp-content\/uploads\/2023\/04\/su-dung-tam-pin-nang-luong-mat-troi.jpg 750w, https:\/\/maybommini.vn\/wp-content\/uploads\/2023\/04\/su-dung-tam-pin-nang-luong-mat-troi-300x300.jpg 300w, https:\/\/maybommini.vn\/wp-content\/uploads\/2023\/04\/su-dung-tam-pin-nang-luong-mat-troi-150x150.jpg 150w, https:\/\/maybommini.vn\/wp-content\/uploads\/2023\/04\/su-dung-tam-pin-nang-luong-mat-troi-600x600.jpg 600w\" sizes=\"(max-width: 750px) 100vw, 750px\" \/><\/a><a href=\"https:\/\/maybommini.com\/wp-content\/uploads\/2023\/04\/nang-luong-mat-troi-gan-mai-nha.jpg\" target=\"_blank\" rel=\"noopener\"><img decoding=\"async\" class=\"size-full wp-image-273316 aligncenter\" src=\"https:\/\/maybommini.com\/wp-content\/uploads\/2023\/04\/nang-luong-mat-troi-gan-mai-nha.jpg\" alt=\"Nang Luong Mat Troi Gan Mai Nha\" width=\"750\" height=\"750\" srcset=\"https:\/\/maybommini.vn\/wp-content\/uploads\/2023\/04\/nang-luong-mat-troi-gan-mai-nha.jpg 750w, https:\/\/maybommini.vn\/wp-content\/uploads\/2023\/04\/nang-luong-mat-troi-gan-mai-nha-300x300.jpg 300w, https:\/\/maybommini.vn\/wp-content\/uploads\/2023\/04\/nang-luong-mat-troi-gan-mai-nha-150x150.jpg 150w, https:\/\/maybommini.vn\/wp-content\/uploads\/2023\/04\/nang-luong-mat-troi-gan-mai-nha-600x600.jpg 600w\" sizes=\"(max-width: 750px) 100vw, 750px\" \/><\/a>T\u1ea5m pin n\u0103ng l\u01b0\u1ee3ng m\u1eb7t tr\u1eddi 18V 10W ch\u00ednh h\u00e3ng<br \/>\nSolar Photovoltaic Panel<br \/>\nSolar Panel 18V Mini Solar System DIY<br \/>\n<\/strong><strong><a href=\"https:\/\/maybommini.com\/wp-content\/uploads\/2023\/04\/cach-su-dung-tam-pin-nang-luong-mat-troi.jpg\" target=\"_blank\" rel=\"noopener\"><img decoding=\"async\" class=\"size-full wp-image-273312 aligncenter\" src=\"https:\/\/maybommini.com\/wp-content\/uploads\/2023\/04\/cach-su-dung-tam-pin-nang-luong-mat-troi.jpg\" alt=\"Cach Su Dung Tam Pin Nang Luong Mat Troi\" width=\"750\" height=\"750\" srcset=\"https:\/\/maybommini.vn\/wp-content\/uploads\/2023\/04\/cach-su-dung-tam-pin-nang-luong-mat-troi.jpg 750w, https:\/\/maybommini.vn\/wp-content\/uploads\/2023\/04\/cach-su-dung-tam-pin-nang-luong-mat-troi-300x300.jpg 300w, https:\/\/maybommini.vn\/wp-content\/uploads\/2023\/04\/cach-su-dung-tam-pin-nang-luong-mat-troi-150x150.jpg 150w, https:\/\/maybommini.vn\/wp-content\/uploads\/2023\/04\/cach-su-dung-tam-pin-nang-luong-mat-troi-600x600.jpg 600w\" sizes=\"(max-width: 750px) 100vw, 750px\" \/><\/a><\/strong><\/p>\n<p><strong>Ch\u00fang t\u00f4i chuy\u00ean cung c\u1ea5p ph\u00e2n ph\u1ed1i ch\u00ednh h\u00e3ng t\u1ea5m pin n\u0103ng l\u01b0\u1ee3ng m\u1eb7t tr\u1eddi Solar Photovoltaic Panel, \u0111i\u1ec1u khi\u1ec3n s\u1ea1c n\u0103ng l\u01b0\u1ee3ng m\u1eb7t tr\u1eddi, b\u00ecnh \u1eafc quy l\u01b0u \u0111i\u1ec7n n\u0103ng l\u01b0\u1ee3ng m\u1eb7t tr\u1eddi, pin h\u1ec7 th\u1ed1ng n\u0103ng l\u01b0\u1ee3ng m\u1eb7t tr\u1eddi, d\u00e2y c\u00e1p \u0111i\u1ec7n n\u0103ng l\u01b0\u1ee3ng m\u1eb7t tr\u1ed3i v\u00e0 ph\u1ee5 ki\u1ec7n l\u1eafp \u0111\u1eb7t n\u0103ng l\u01b0\u1ee3ng m\u1eb7t tr\u1eddi.<\/strong><\/p>\n<p><strong>CTY TNHH TH\u01af\u01a0NG M\u1ea0I D\u1ecaCH V\u1ee4 \u0110I\u1ec6N M\u00c1Y TH\u00d4NG MINH<\/strong><br \/>\n<strong>Hotline:<\/strong>\u00a002873030399 \u2013 090 729 4310<br \/>\n<strong>Email:<\/strong>\u00a0maybommini.com@gmail.com<br \/>\n<strong>Website:<\/strong>\u00a0<a href=\"https:\/\/maybommini.com\/\" target=\"_blank\" rel=\"noopener noreferrer\">https:\/\/maybommini.com<\/a><br \/>\n<strong>Facebook:<\/strong>\u00a0<a href=\"https:\/\/www.facebook.com\/maybommini\" target=\"_blank\" rel=\"noopener noreferrer\">https:\/\/www.facebook.com\/maybommini<\/a><br \/>\n<strong>Youtube demo:<\/strong>\u00a0<a href=\"https:\/\/www.youtube.com\/bahamasali\" target=\"_blank\" rel=\"noopener noreferrer\">https:\/\/www.youtube.com\/bahamasali<\/a><\/p>\n","protected":false},"excerpt":{"rendered":"<p>Model: SP-030<br \/>\n\u0110i\u1ec7n th\u1ebf ra: 18.2 V (Max 22.2V)<br \/>\nC\u00f4ng su\u1ea5t: 30W\u00a0 &#8211; 1.65A (Max 1.8A)<br \/>\nSai s\u1ed1 cho ph\u00e9p: 3%<br \/>\nTu\u1ed5i th\u1ecd cao c\u00f4ng su\u1ea5t hi\u1ec7u qu\u1ea3.<br \/>\nPh\u00f9 h\u1ee3p h\u1ec7 th\u1ed1ng n\u0103ng l\u01b0\u1ee3ng c\u00f4ng su\u1ea5t nh\u1ecf.<br \/>\nK\u00edch th\u01b0\u1edbc: 645 x 350 x 25 mm<br \/>\nTr\u1ecdng l\u01b0\u1ee3ng:\u00a0 kg<br \/>\nB\u1ea3o h\u00e0nh: 6 th\u00e1ng<br \/>\n<strong>Mua s\u1ed1 l\u01b0\u1ee3ng gi\u00e1 t\u1ed1t<\/strong><\/p>\n","protected":false},"featured_media":274097,"comment_status":"open","ping_status":"closed","template":"","meta":[],"product_brand":[],"product_cat":[631,4113],"product_tag":[899,4116,814,4234,409,4114,1050,4231,4115,976,4233,4232],"class_list":{"0":"post-274095","1":"product","2":"type-product","3":"status-publish","4":"has-post-thumbnail","6":"product_cat-nang-luong-mat-troi","7":"product_cat-tam-pin-nang-luong-mat-troi","8":"product_tag-10w","9":"product_tag-18v","10":"product_tag-30w","11":"product_tag-gia-tam-pin-nang-luong-mat-troi","12":"product_tag-nang-luong-mat-troi","13":"product_tag-pin-nang-luong","14":"product_tag-solar","15":"product_tag-solar-30w","16":"product_tag-solar-photovoltaic-panel","17":"product_tag-tam-pin-10w","18":"product_tag-tam-pin-30w","19":"product_tag-tam-pin-nlmt","21":"first","22":"instock","23":"sale","24":"shipping-taxable","25":"purchasable","26":"product-type-simple"},"_links":{"self":[{"href":"https:\/\/maybommini.vn\/index.php?rest_route=\/wp\/v2\/product\/274095","targetHints":{"allow":["GET"]}}],"collection":[{"href":"https:\/\/maybommini.vn\/index.php?rest_route=\/wp\/v2\/product"}],"about":[{"href":"https:\/\/maybommini.vn\/index.php?rest_route=\/wp\/v2\/types\/product"}],"replies":[{"embeddable":true,"href":"https:\/\/maybommini.vn\/index.php?rest_route=%2Fwp%2Fv2%2Fcomments&post=274095"}],"wp:featuredmedia":[{"embeddable":true,"href":"https:\/\/maybommini.vn\/index.php?rest_route=\/wp\/v2\/media\/274097"}],"wp:attachment":[{"href":"https:\/\/maybommini.vn\/index.php?rest_route=%2Fwp%2Fv2%2Fmedia&parent=274095"}],"wp:term":[{"taxonomy":"product_brand","embeddable":true,"href":"https:\/\/maybommini.vn\/index.php?rest_route=%2Fwp%2Fv2%2Fproduct_brand&post=274095"},{"taxonomy":"product_cat","embeddable":true,"href":"https:\/\/maybommini.vn\/index.php?rest_route=%2Fwp%2Fv2%2Fproduct_cat&post=274095"},{"taxonomy":"product_tag","embeddable":true,"href":"https:\/\/maybommini.vn\/index.php?rest_route=%2Fwp%2Fv2%2Fproduct_tag&post=274095"}],"curies":[{"name":"wp","href":"https:\/\/api.w.org\/{rel}","templated":true}]}}