{"id":274119,"date":"2023-06-21T20:12:06","date_gmt":"2023-06-21T13:12:06","guid":{"rendered":"https:\/\/maybommini.com\/?post_type=product&#038;p=274119"},"modified":"2023-06-21T20:55:34","modified_gmt":"2023-06-21T13:55:34","slug":"den-pha-led-sieu-sang-tich-dien-sac-du-phong","status":"publish","type":"product","link":"https:\/\/maybommini.vn\/?product=den-pha-led-sieu-sang-tich-dien-sac-du-phong","title":{"rendered":"\u0110\u00e8n pha led si\u00eau s\u00e1ng t\u00edch \u0111i\u1ec7n &#8211; s\u1ea1c d\u1ef1 ph\u00f2ng"},"content":{"rendered":"<h4>\u0110\u00e8n pha led si\u00eau s\u00e1ng t\u00edch \u0111i\u1ec7n c\u00f3 s\u1ea1c d\u1ef1 ph\u00f2ng v\u1edbi c\u00f4ng ngh\u1ec7 t\u00edch h\u1ee3p pin s\u1ea1c b\u00ean trong \u0111\u00e8n ti\u1ec7n l\u1ee3i linh ho\u1ea1t trong nhi\u1ec1u c\u00f4ng vi\u1ec7c. \u0110\u00e2y l\u00e0 b\u1ed9 \u0111\u00e8n pha si\u00eau s\u00e1ng v\u1edbi kho\u1ea3ng c\u00e1ch tr\u00ean 30 m\u00e9t, s\u1eed d\u1ee5ng \u0111\u01b0\u1ee3c \u1edf nhi\u1ec1u \u0111i\u1ec1u ki\u1ec7n m\u00f4i tr\u01b0\u1eddng kh\u00e1c nhau.<\/h4>\n<p style=\"text-align: left;\"><strong><a href=\"https:\/\/maybommini.com\/wp-content\/uploads\/2023\/06\/den-pha-tro-sang-tich-dien-va-sac-du-phong.jpg\" target=\"_blank\" rel=\"noopener\"><img decoding=\"async\" class=\"size-full wp-image-274126 aligncenter\" src=\"https:\/\/maybommini.com\/wp-content\/uploads\/2023\/06\/den-pha-tro-sang-tich-dien-va-sac-du-phong.jpg\" alt=\"Den Pha Tro Sang Tich Dien Va Sac Du Phong\" width=\"750\" height=\"750\" srcset=\"https:\/\/maybommini.vn\/wp-content\/uploads\/2023\/06\/den-pha-tro-sang-tich-dien-va-sac-du-phong.jpg 750w, https:\/\/maybommini.vn\/wp-content\/uploads\/2023\/06\/den-pha-tro-sang-tich-dien-va-sac-du-phong-300x300.jpg 300w, https:\/\/maybommini.vn\/wp-content\/uploads\/2023\/06\/den-pha-tro-sang-tich-dien-va-sac-du-phong-150x150.jpg 150w, https:\/\/maybommini.vn\/wp-content\/uploads\/2023\/06\/den-pha-tro-sang-tich-dien-va-sac-du-phong-600x600.jpg 600w\" sizes=\"(max-width: 750px) 100vw, 750px\" \/><\/a>TH\u00d4NG S\u1ed0 K\u1ef8 THU\u1eacT<\/strong><br \/>\nModel: BX-S08-1<br \/>\nNgu\u1ed3n \u0111i\u1ec7n pin s\u1ea1c.<br \/>\nC\u1ed5ng s\u1ea1c: Type-C<br \/>\nC\u00f4ng su\u1ea5t: 30W<br \/>\nK\u00edch th\u01b0\u1edbc b\u00f2ng led: 3-5mm<br \/>\nS\u1ed1 l\u01b0\u1ee3ng b\u00f3ng led: 2 tr\u01b0\u1edbc v\u00e0 sau<br \/>\nQuang th\u00f4ng (Lumen): cao<br \/>\nAnh s\u00e1ng: Tr\u1eafng &#8211; \u0110\u1ecf<br \/>\nT\u00edch h\u1ee3p c\u1ed5ng USB s\u1ea1c d\u1ef1 ph\u00f2ng.<br \/>\nPart g\u1eafn treo.<br \/>\n\u0110\u00e8n 4 ch\u1ebf \u0111\u1ed9.<br \/>\nC\u00f3 b\u00e1o pin.<br \/>\nCh\u1ec9 s\u1ed1 ch\u1ed1ng th\u1ea5m n\u01b0\u1edbc: IP 44<br \/>\nCh\u1ea5t li\u1ec7u: H\u1ee3p kim &#8211; Nh\u1ef1a<br \/>\nK\u00edch th\u01b0\u1edbc:\u00a0 mm<br \/>\nK\u00e8m cable s\u1ea1c Type-C<br \/>\nTr\u1ecdng l\u01b0\u1ee3ng: 490 gam<br \/>\nB\u1ea3o h\u00e0nh: 3 th\u00e1ng<\/p>\n<p>&nbsp;<\/p>\n<p><strong><a href=\"https:\/\/maybommini.com\/wp-content\/uploads\/2023\/06\/den-pha-tich-dien-sac-du-phong.jpg\" target=\"_blank\" rel=\"noopener\"><img decoding=\"async\" class=\"size-full wp-image-274125 aligncenter\" src=\"https:\/\/maybommini.com\/wp-content\/uploads\/2023\/06\/den-pha-tich-dien-sac-du-phong.jpg\" alt=\"Den Pha Tich Dien Sac Du Phong\" width=\"750\" height=\"750\" srcset=\"https:\/\/maybommini.vn\/wp-content\/uploads\/2023\/06\/den-pha-tich-dien-sac-du-phong.jpg 750w, https:\/\/maybommini.vn\/wp-content\/uploads\/2023\/06\/den-pha-tich-dien-sac-du-phong-300x300.jpg 300w, https:\/\/maybommini.vn\/wp-content\/uploads\/2023\/06\/den-pha-tich-dien-sac-du-phong-150x150.jpg 150w, https:\/\/maybommini.vn\/wp-content\/uploads\/2023\/06\/den-pha-tich-dien-sac-du-phong-600x600.jpg 600w\" sizes=\"(max-width: 750px) 100vw, 750px\" \/><\/a><a href=\"https:\/\/maybommini.com\/wp-content\/uploads\/2023\/06\/Den-tich-dien-LED-cong-suat-cao-sieu-sang-BX-S08-1.jpg\" target=\"_blank\" rel=\"noopener\"><img decoding=\"async\" class=\"size-full wp-image-274127 aligncenter\" src=\"https:\/\/maybommini.com\/wp-content\/uploads\/2023\/06\/Den-tich-dien-LED-cong-suat-cao-sieu-sang-BX-S08-1.jpg\" alt=\"Den Tich Dien LED Cong Suat Cao Sieu Sang BX S08 1\" width=\"750\" height=\"750\" srcset=\"https:\/\/maybommini.vn\/wp-content\/uploads\/2023\/06\/Den-tich-dien-LED-cong-suat-cao-sieu-sang-BX-S08-1.jpg 750w, https:\/\/maybommini.vn\/wp-content\/uploads\/2023\/06\/Den-tich-dien-LED-cong-suat-cao-sieu-sang-BX-S08-1-300x300.jpg 300w, https:\/\/maybommini.vn\/wp-content\/uploads\/2023\/06\/Den-tich-dien-LED-cong-suat-cao-sieu-sang-BX-S08-1-150x150.jpg 150w, https:\/\/maybommini.vn\/wp-content\/uploads\/2023\/06\/Den-tich-dien-LED-cong-suat-cao-sieu-sang-BX-S08-1-600x600.jpg 600w\" sizes=\"(max-width: 750px) 100vw, 750px\" \/><\/a><a href=\"https:\/\/maybommini.com\/wp-content\/uploads\/2023\/06\/den-pha-sieu-sang-tich-dien.jpg\" target=\"_blank\" rel=\"noopener\"><img decoding=\"async\" class=\"size-full wp-image-274124 aligncenter\" src=\"https:\/\/maybommini.com\/wp-content\/uploads\/2023\/06\/den-pha-sieu-sang-tich-dien.jpg\" alt=\"Den Pha Sieu Sang Tich Dien\" width=\"750\" height=\"750\" srcset=\"https:\/\/maybommini.vn\/wp-content\/uploads\/2023\/06\/den-pha-sieu-sang-tich-dien.jpg 750w, https:\/\/maybommini.vn\/wp-content\/uploads\/2023\/06\/den-pha-sieu-sang-tich-dien-300x300.jpg 300w, https:\/\/maybommini.vn\/wp-content\/uploads\/2023\/06\/den-pha-sieu-sang-tich-dien-150x150.jpg 150w, https:\/\/maybommini.vn\/wp-content\/uploads\/2023\/06\/den-pha-sieu-sang-tich-dien-600x600.jpg 600w\" sizes=\"(max-width: 750px) 100vw, 750px\" \/><\/a><a href=\"https:\/\/maybommini.com\/wp-content\/uploads\/2023\/06\/den-led-tro-sang-tich-dien.jpg\" target=\"_blank\" rel=\"noopener\"><img decoding=\"async\" class=\"size-full wp-image-274120 aligncenter\" src=\"https:\/\/maybommini.com\/wp-content\/uploads\/2023\/06\/den-led-tro-sang-tich-dien.jpg\" alt=\"Den Led Tro Sang Tich Dien\" width=\"750\" height=\"750\" srcset=\"https:\/\/maybommini.vn\/wp-content\/uploads\/2023\/06\/den-led-tro-sang-tich-dien.jpg 750w, https:\/\/maybommini.vn\/wp-content\/uploads\/2023\/06\/den-led-tro-sang-tich-dien-300x300.jpg 300w, https:\/\/maybommini.vn\/wp-content\/uploads\/2023\/06\/den-led-tro-sang-tich-dien-150x150.jpg 150w, https:\/\/maybommini.vn\/wp-content\/uploads\/2023\/06\/den-led-tro-sang-tich-dien-600x600.jpg 600w\" sizes=\"(max-width: 750px) 100vw, 750px\" \/><\/a><a href=\"https:\/\/maybommini.com\/wp-content\/uploads\/2023\/06\/den-pha-led-tich-dien.jpg\" target=\"_blank\" rel=\"noopener\"><img decoding=\"async\" class=\"size-full wp-image-274123 aligncenter\" src=\"https:\/\/maybommini.com\/wp-content\/uploads\/2023\/06\/den-pha-led-tich-dien.jpg\" alt=\"Den Pha Led Tich Dien\" width=\"750\" height=\"750\" srcset=\"https:\/\/maybommini.vn\/wp-content\/uploads\/2023\/06\/den-pha-led-tich-dien.jpg 750w, https:\/\/maybommini.vn\/wp-content\/uploads\/2023\/06\/den-pha-led-tich-dien-300x300.jpg 300w, https:\/\/maybommini.vn\/wp-content\/uploads\/2023\/06\/den-pha-led-tich-dien-150x150.jpg 150w, https:\/\/maybommini.vn\/wp-content\/uploads\/2023\/06\/den-pha-led-tich-dien-600x600.jpg 600w\" sizes=\"(max-width: 750px) 100vw, 750px\" \/><\/a>H\u01af\u1edaNG D\u1ea8N S\u1eec D\u1ee4NG \u0110\u00c8N LED T\u00cdCH \u0110I\u1ec6N<\/strong><br \/>\n&#8211; S\u1eed d\u1ee5ng s\u1ea1c \u0111i\u1ec7n tho\u1ea1i c\u1ed5ng Type-C \u0111\u1ec3 s\u1ea1c \u0111\u00e8n.<br \/>\n&#8211; N\u00fat ngu\u1ed3n m\u1edf \u0111\u00e8n tr\u01b0\u1edbc v\u00e0 n\u00fat ngu\u1ed3n m\u1edf \u0111\u00e8n sau.<br \/>\n&#8211; S\u1ea1c \u0111\u1ea7y pin tr\u01b0\u1edbc khi s\u1eed d\u1ee5ng v\u00e0 sau khi s\u1eed d\u1ee5ng.<\/p>\n<p><strong><a href=\"https:\/\/maybommini.com\/wp-content\/uploads\/2023\/06\/den-pha-led-sieu-sang.jpg\" target=\"_blank\" rel=\"noopener\"><img decoding=\"async\" class=\"size-full wp-image-274122 aligncenter\" src=\"https:\/\/maybommini.com\/wp-content\/uploads\/2023\/06\/den-pha-led-sieu-sang.jpg\" alt=\"Den Pha Led Sieu Sang\" width=\"750\" height=\"750\" srcset=\"https:\/\/maybommini.vn\/wp-content\/uploads\/2023\/06\/den-pha-led-sieu-sang.jpg 750w, https:\/\/maybommini.vn\/wp-content\/uploads\/2023\/06\/den-pha-led-sieu-sang-300x300.jpg 300w, https:\/\/maybommini.vn\/wp-content\/uploads\/2023\/06\/den-pha-led-sieu-sang-150x150.jpg 150w, https:\/\/maybommini.vn\/wp-content\/uploads\/2023\/06\/den-pha-led-sieu-sang-600x600.jpg 600w\" sizes=\"(max-width: 750px) 100vw, 750px\" \/><\/a><\/strong><\/p>\n<p><strong>\u1ee8NG D\u1ee4NG V\u00c0 S\u1eec D\u1ee4NG \u0110\u00c8N PHA T\u00cdCH \u0110I\u1ec6N SI\u00caU S\u00c1NG<\/strong><br \/>\n&#8211; S\u1eed d\u1ee5ng l\u00e0m \u0111\u00e8n d\u1ef1 ph\u00f2ng khi c\u00fap \u0111i\u1ec7n \u0111i\u1ec7n.<br \/>\n&#8211; S\u1eed d\u1ee5ng cho \u0111\u00e8n h\u1ed5 tr\u1ee3 c\u1ee9u h\u1ed9.<br \/>\n&#8211; \u0110\u00e8n pha tr\u1ee3 s\u00e1ng.<br \/>\n&#8211; \u0110\u00e8n pha tr\u1ee3 s\u00e1ng cho xe \u00f4to, xe m\u00e1y, xe \u0111\u1ea1p, xe \u0111i\u1ec7n.<br \/>\n&#8211; \u0110\u00e8n chi\u1ebfu s\u00e1ng du l\u1ecbch, c\u1eafm tr\u1ea1i v\u00e0 ho\u1ea1t \u0111\u1ed9ng d\u00e3 ngo\u1ea1i.<br \/>\n&#8211; \u0110\u00e8n \u0111i c\u1eafm tr\u1ea1i pinic, ho\u1ea1t \u0111\u1ed9ng ngo\u00e0i tr\u1eddi.<br \/>\n&#8211; \u0110\u00e8n chi\u1ebfu s\u00e1ng cho khu v\u1ef1c kh\u00f4ng c\u00f3 \u0111i\u1ec7n l\u01b0\u1edbi.<br \/>\n&#8211; H\u1ec7 th\u1ed1ng \u0111\u00e8n chi\u1ebfu s\u00e1ng cho gia \u0111\u00ecnh, v\u0103n ph\u00f2ng, c\u00f4ng s\u1edf, nh\u00e0 kho.<br \/>\n&#8211; H\u1ec7 th\u1ed1ng \u0111\u00e8n d\u1ef1 ph\u00f2ng.<br \/>\n&#8211; \u0110\u00e8n ch\u1ea1y l\u0169, m\u1eefa b\u1ea3o \u0111\u1ec3 chi\u1ebfu s\u00e1ng.<br \/>\n&#8211; T\u00edch h\u1ee3p l\u00e0m \u0111\u00e8n chi\u1ebfu s\u00e1ng c\u1ea7m tay.<br \/>\n&#8211; D\u00f9ng l\u00e0m \u0111\u00e8n t\u00edch \u0111i\u1ec7n d\u1ef1 ph\u00f2ng.<br \/>\n&#8211; L\u00e0m \u0111\u00e8n chi\u1ebfu s\u00e1ng kh\u1ea9n c\u1ea5p.<\/p>\n<p><strong><a href=\"https:\/\/maybommini.com\/wp-content\/uploads\/2023\/06\/den-pha-cong-suat-lon.jpg\" target=\"_blank\" rel=\"noopener\"><img decoding=\"async\" class=\"size-full wp-image-274121 aligncenter\" src=\"https:\/\/maybommini.com\/wp-content\/uploads\/2023\/06\/den-pha-cong-suat-lon.jpg\" alt=\"Den Pha Cong Suat Lon\" width=\"750\" height=\"750\" srcset=\"https:\/\/maybommini.vn\/wp-content\/uploads\/2023\/06\/den-pha-cong-suat-lon.jpg 750w, https:\/\/maybommini.vn\/wp-content\/uploads\/2023\/06\/den-pha-cong-suat-lon-300x300.jpg 300w, https:\/\/maybommini.vn\/wp-content\/uploads\/2023\/06\/den-pha-cong-suat-lon-150x150.jpg 150w, https:\/\/maybommini.vn\/wp-content\/uploads\/2023\/06\/den-pha-cong-suat-lon-600x600.jpg 600w\" sizes=\"(max-width: 750px) 100vw, 750px\" \/><\/a><\/strong><\/p>\n<h3 style=\"text-align: center;\">\u0110\u00e8n pha led si\u00eau s\u00e1ng t\u00edch \u0111i\u1ec7n &#8211; s\u1ea1c d\u1ef1 ph\u00f2ng<\/h3>\n<p><b>MUA \u0110\u00c8N LED \u1ede \u0110\u00c2U GI\u00c1 T\u1ed0T CH\u00cdNH H\u00c3NG.<\/b><br \/>\nCh\u00fang t\u00f4i chuy\u00ean cung c\u1ea5p thi\u1ebft b\u1ecb \u0111i\u1ec7n, \u0111\u00e8n led, \u0111\u00e8n kh\u1ea9n c\u1ea5p, \u0111\u00e8n led si\u00eau s\u00e1ng, \u0111\u00e8n led trang tr\u00ed, chip led, Driver cho \u0111\u00e8n led, \u0111\u00e8n n\u0103ng l\u01b0\u1ee3ng m\u1eb7t tr\u1eddi, pin \u0111\u00e8n n\u0103ng l\u01b0\u1ee3ng m\u1eb7t tr\u1eddi, ngu\u1ed3n \u0111i\u1ec7n, bi\u1ebfn th\u1ebf, bi\u1ebfn \u00e1p, t\u0103ng ph\u00f4 \u0111i\u1ec7n, adapter, adapter, ngu\u1ed3n t\u1ed5 ong, s\u1ea1c pin s\u1ea1c b\u00ecnh v\u1edbi gi\u00e1 t\u1ed1t ch\u00ednh h\u00e3ng c\u00f3 b\u1ea3o h\u00e0nh tr\u00ean to\u00e0n qu\u1ed1c.<br \/>\n<strong>CTY TNHH TH\u01af\u01a0NG M\u1ea0I D\u1ecaCH V\u1ee4 \u0110I\u1ec6N M\u00c1Y TH\u00d4NG MINH<\/strong><br \/>\n<strong>Hotline:<\/strong>\u00a0<a href=\"tel:02873030399\">02873030399<\/a>\u00a0\u2013\u00a0<a href=\"tel:0907294310\">0907294310<\/a>\u00a0\u2013\u00a0<a href=\"tel:0908997823\">0908997823<\/a>\u00a0\u2013\u00a0<a href=\"tel:0908997872\">0908997872<\/a><br \/>\n<strong>Email:<\/strong>\u00a0maybommini.com@gmail.com<br \/>\n<strong>Website:<\/strong>\u00a0<a href=\"https:\/\/maybommini.com\/\" target=\"_blank\" rel=\"noopener\">https:\/\/maybommini.com<\/a><br \/>\n<strong>Youtube demo:<\/strong>\u00a0<a title=\"Youtube M\u00e1y B\u01a1m Mini\" href=\"https:\/\/www.youtube.com\/bahamasali\" target=\"_blank\" rel=\"noopener\">M\u00e1y B\u01a1m Mini<\/a><\/p>\n<p><a class=\"swipebox\" title=\"\" href=\"https:\/\/maybommini.com\/wp-content\/uploads\/2022\/07\/thong-tin-lien-he-may-bom-mini.jpg\" data-rel=\"lightbox-image-bGlnaHRib3gtaW1hZ2UtYkdsbmFIUmliM2d0YVcxaFoyVXRNVFU9\" data-rl_title=\"\" data-rl_caption=\"\" data-rl_ target=\"_blank\" rel=\"noopener\"><img decoding=\"async\" class=\"size-full wp-image-270584 aligncenter lazyloaded\" src=\"https:\/\/maybommini.com\/wp-content\/uploads\/2022\/07\/thong-tin-lien-he-may-bom-mini.jpg\" sizes=\"(max-width: 750px) 100vw, 750px\" srcset=\"https:\/\/maybommini.com\/wp-content\/uploads\/2022\/07\/thong-tin-lien-he-may-bom-mini.jpg 750w, https:\/\/maybommini.com\/wp-content\/uploads\/2022\/07\/thong-tin-lien-he-may-bom-mini-300x202.jpg 300w, https:\/\/maybommini.com\/wp-content\/uploads\/2022\/07\/thong-tin-lien-he-may-bom-mini-600x405.jpg 600w\" alt=\"Thong Tin Lien He May Bom Mini\" width=\"750\" height=\"506\" data-lazy-srcset=\"https:\/\/maybommini.com\/wp-content\/uploads\/2022\/07\/thong-tin-lien-he-may-bom-mini.jpg 750w, https:\/\/maybommini.com\/wp-content\/uploads\/2022\/07\/thong-tin-lien-he-may-bom-mini-300x202.jpg 300w, https:\/\/maybommini.com\/wp-content\/uploads\/2022\/07\/thong-tin-lien-he-may-bom-mini-600x405.jpg 600w\" data-lazy-sizes=\"(max-width: 750px) 100vw, 750px\" data-lazy-src=\"https:\/\/maybommini.com\/wp-content\/uploads\/2022\/07\/thong-tin-lien-he-may-bom-mini.jpg\" data-was-processed=\"true\" \/><\/a><\/p>\n<p>&nbsp;<\/p>\n","protected":false},"excerpt":{"rendered":"<p>Model: BX-S08-1<br \/>\nNgu\u1ed3n \u0111i\u1ec7n pin s\u1ea1c.<br \/>\nC\u1ed5ng s\u1ea1c: Type-C<br \/>\nC\u00f4ng su\u1ea5t: 30W<br \/>\nK\u00edch th\u01b0\u1edbc b\u00f2ng led: 3-5mm<br \/>\nS\u1ed1 l\u01b0\u1ee3ng b\u00f3ng led: 2 tr\u01b0\u1edbc v\u00e0 sau<br \/>\nQuang th\u00f4ng (Lumen): cao<br \/>\nAnh s\u00e1ng: Tr\u1eafng &#8211; \u0110\u1ecf<br \/>\nT\u00edch h\u1ee3p c\u1ed5ng USB s\u1ea1c d\u1ef1 ph\u00f2ng.<br \/>\nPart g\u1eafn treo.<br \/>\n\u0110\u00e8n 4 ch\u1ebf \u0111\u1ed9.<br \/>\nC\u00f3 b\u00e1o pin.<br \/>\nCh\u1ec9 s\u1ed1 ch\u1ed1ng th\u1ea5m n\u01b0\u1edbc: IP 44<br \/>\nCh\u1ea5t li\u1ec7u: H\u1ee3p kim &#8211; Nh\u1ef1a<br \/>\nK\u00edch th\u01b0\u1edbc:\u00a0 mm<br \/>\nK\u00e8m cable s\u1ea1c Type-C<br \/>\nTr\u1ecdng l\u01b0\u1ee3ng: 490 gam<br \/>\nB\u1ea3o h\u00e0nh: 3 th\u00e1ng<br \/>\n<strong>Mua s\u1ed1 l\u01b0\u1ee3ng c\u00f3 gi\u00e1 t\u1ed1t.<\/strong><\/p>\n","protected":false},"featured_media":274126,"comment_status":"open","ping_status":"closed","template":"","meta":[],"product_brand":[],"product_cat":[317,3891],"product_tag":[3893,3892,1153,4238,4236,4239,4237,1154,3895,3894],"class_list":{"0":"post-274119","1":"product","2":"type-product","3":"status-publish","4":"has-post-thumbnail","6":"product_cat-thiet-bi-dung-cu","7":"product_cat-den-led","8":"product_tag-den-ac-quy","9":"product_tag-den-du-phong","10":"product_tag-den-led","11":"product_tag-den-led-pha","12":"product_tag-den-pha","13":"product_tag-den-pha-led","14":"product_tag-den-tro-sang","15":"product_tag-led","16":"product_tag-led-dob","17":"product_tag-led-sieu-sang","19":"first","20":"instock","21":"sale","22":"shipping-taxable","23":"purchasable","24":"product-type-simple"},"_links":{"self":[{"href":"https:\/\/maybommini.vn\/index.php?rest_route=\/wp\/v2\/product\/274119","targetHints":{"allow":["GET"]}}],"collection":[{"href":"https:\/\/maybommini.vn\/index.php?rest_route=\/wp\/v2\/product"}],"about":[{"href":"https:\/\/maybommini.vn\/index.php?rest_route=\/wp\/v2\/types\/product"}],"replies":[{"embeddable":true,"href":"https:\/\/maybommini.vn\/index.php?rest_route=%2Fwp%2Fv2%2Fcomments&post=274119"}],"wp:featuredmedia":[{"embeddable":true,"href":"https:\/\/maybommini.vn\/index.php?rest_route=\/wp\/v2\/media\/274126"}],"wp:attachment":[{"href":"https:\/\/maybommini.vn\/index.php?rest_route=%2Fwp%2Fv2%2Fmedia&parent=274119"}],"wp:term":[{"taxonomy":"product_brand","embeddable":true,"href":"https:\/\/maybommini.vn\/index.php?rest_route=%2Fwp%2Fv2%2Fproduct_brand&post=274119"},{"taxonomy":"product_cat","embeddable":true,"href":"https:\/\/maybommini.vn\/index.php?rest_route=%2Fwp%2Fv2%2Fproduct_cat&post=274119"},{"taxonomy":"product_tag","embeddable":true,"href":"https:\/\/maybommini.vn\/index.php?rest_route=%2Fwp%2Fv2%2Fproduct_tag&post=274119"}],"curies":[{"name":"wp","href":"https:\/\/api.w.org\/{rel}","templated":true}]}}