{"id":274128,"date":"2023-06-21T21:39:59","date_gmt":"2023-06-21T14:39:59","guid":{"rendered":"https:\/\/maybommini.com\/?post_type=product&#038;p=274128"},"modified":"2023-06-21T22:54:47","modified_gmt":"2023-06-21T15:54:47","slug":"may-thoi-hut-bui-mini-60w-15000mah","status":"publish","type":"product","link":"https:\/\/maybommini.vn\/?product=may-thoi-hut-bui-mini-60w-15000mah","title":{"rendered":"M\u00e1y th\u1ed5i b\u1ee5i mini 60W 15000mAh"},"content":{"rendered":"<h3>M\u00e1y th\u1ed5i b\u1ee5i mini 60W 15000mAh si\u00eau m\u1ea1nh thi\u1ebft k\u1ebf nh\u1ecf g\u1ecdn. S\u1eed d\u1ee5ng cho nhi\u1ec1u \u1ee9ng d\u1ee5ng kh\u00e1c nhau nh\u01b0 th\u1ed5i b\u1ee5i, v\u1ec7 sinh thi\u1ebft b\u1ecb \u0111i\u1ec7n m\u00e1y nh\u00e0 c\u1eeda gia d\u1ee5ng, v\u1ec7 sinh m\u00e1y m\u00f3c, v\u1ec7 sinh th\u1ed5i b\u1ee5i xe \u00f4 t\u00f4 v\u00e0 s\u1ea5y kh\u00f4 thi\u1ebft b\u1ecb d\u1ee5ng c\u1ee5.<\/h3>\n<p><strong><a href=\"https:\/\/maybommini.com\/wp-content\/uploads\/2023\/06\/ban-may-thoi-bui-mini-201.jpg\" target=\"_blank\" rel=\"noopener\"><img decoding=\"async\" class=\"size-full wp-image-274135 aligncenter\" src=\"https:\/\/maybommini.com\/wp-content\/uploads\/2023\/06\/ban-may-thoi-bui-mini-201.jpg\" alt=\"Ban May Thoi Bui Mini 201\" width=\"750\" height=\"750\" srcset=\"https:\/\/maybommini.vn\/wp-content\/uploads\/2023\/06\/ban-may-thoi-bui-mini-201.jpg 750w, https:\/\/maybommini.vn\/wp-content\/uploads\/2023\/06\/ban-may-thoi-bui-mini-201-300x300.jpg 300w, https:\/\/maybommini.vn\/wp-content\/uploads\/2023\/06\/ban-may-thoi-bui-mini-201-150x150.jpg 150w, https:\/\/maybommini.vn\/wp-content\/uploads\/2023\/06\/ban-may-thoi-bui-mini-201-600x600.jpg 600w\" sizes=\"(max-width: 750px) 100vw, 750px\" \/><\/a>TH\u00d4NG S\u1ed0 K\u1ef8 THU\u1eacT<br \/>\n<\/strong>Model: 201<br \/>\n\u0110i\u1ec7n th\u1ebf s\u1ea1c: 5V 2A<br \/>\nC\u00f4ng su\u1ea5t: 60W<br \/>\nT\u1ed1c \u0111\u1ed9 v\u00f2ng quay: 36000r\/min<br \/>\nMotor kh\u00f4ng ch\u1ed5i than.<br \/>\nCh\u1ec9nh t\u1ed1c \u0111\u1ed9: 2 c\u1ea5p<br \/>\nC\u00f3 \u0111\u00e8n LED.<br \/>\nC\u1ed5ng s\u1ea1c: Tpye-C<br \/>\nDung l\u01b0\u1ee3ng pin: 15000 mAh<br \/>\nCell pin: Lithium-ion 27100<br \/>\nCh\u1ea5t li\u1ec7u: Nh\u1ef1a ABS &#8211; \u0110\u1ed3ng &#8211; H\u1ee3p Kim<br \/>\nK\u00e8m cable s\u1ea1c Type-C.<br \/>\nK\u00edch th\u01b0\u1edbc: 189 x 79 x 131 mm<br \/>\nTr\u1ecdng l\u01b0\u1ee3ng: 475 gam<\/p>\n<p><strong><a href=\"https:\/\/maybommini.com\/wp-content\/uploads\/2023\/06\/May-thoi-bui-cam-tay-mini-60W-Air-Duster.jpg\" target=\"_blank\" rel=\"noopener\"><img decoding=\"async\" class=\"size-full wp-image-274130 aligncenter\" src=\"https:\/\/maybommini.com\/wp-content\/uploads\/2023\/06\/May-thoi-bui-cam-tay-mini-60W-Air-Duster.jpg\" alt=\"May Thoi Bui Cam Tay Mini 60W Air Duster\" width=\"750\" height=\"750\" srcset=\"https:\/\/maybommini.vn\/wp-content\/uploads\/2023\/06\/May-thoi-bui-cam-tay-mini-60W-Air-Duster.jpg 750w, https:\/\/maybommini.vn\/wp-content\/uploads\/2023\/06\/May-thoi-bui-cam-tay-mini-60W-Air-Duster-300x300.jpg 300w, https:\/\/maybommini.vn\/wp-content\/uploads\/2023\/06\/May-thoi-bui-cam-tay-mini-60W-Air-Duster-150x150.jpg 150w, https:\/\/maybommini.vn\/wp-content\/uploads\/2023\/06\/May-thoi-bui-cam-tay-mini-60W-Air-Duster-600x600.jpg 600w\" sizes=\"(max-width: 750px) 100vw, 750px\" \/><\/a><a href=\"https:\/\/maybommini.com\/wp-content\/uploads\/2023\/06\/gia-quat-thoi-bui-mini-cam-tay.jpg\" target=\"_blank\" rel=\"noopener\"><img decoding=\"async\" class=\"size-full wp-image-274129 aligncenter\" src=\"https:\/\/maybommini.com\/wp-content\/uploads\/2023\/06\/gia-quat-thoi-bui-mini-cam-tay.jpg\" alt=\"Gia Quat Thoi Bui Mini Cam Tay\" width=\"750\" height=\"750\" srcset=\"https:\/\/maybommini.vn\/wp-content\/uploads\/2023\/06\/gia-quat-thoi-bui-mini-cam-tay.jpg 750w, https:\/\/maybommini.vn\/wp-content\/uploads\/2023\/06\/gia-quat-thoi-bui-mini-cam-tay-300x300.jpg 300w, https:\/\/maybommini.vn\/wp-content\/uploads\/2023\/06\/gia-quat-thoi-bui-mini-cam-tay-150x150.jpg 150w, https:\/\/maybommini.vn\/wp-content\/uploads\/2023\/06\/gia-quat-thoi-bui-mini-cam-tay-600x600.jpg 600w\" sizes=\"(max-width: 750px) 100vw, 750px\" \/><\/a><a href=\"https:\/\/maybommini.com\/wp-content\/uploads\/2023\/06\/may-thoi-bui-mini-cam-tay.jpg\" target=\"_blank\" rel=\"noopener\"><img decoding=\"async\" class=\"size-full wp-image-274131 aligncenter\" src=\"https:\/\/maybommini.com\/wp-content\/uploads\/2023\/06\/may-thoi-bui-mini-cam-tay.jpg\" alt=\"May Thoi Bui Mini Cam Tay\" width=\"750\" height=\"750\" srcset=\"https:\/\/maybommini.vn\/wp-content\/uploads\/2023\/06\/may-thoi-bui-mini-cam-tay.jpg 750w, https:\/\/maybommini.vn\/wp-content\/uploads\/2023\/06\/may-thoi-bui-mini-cam-tay-300x300.jpg 300w, https:\/\/maybommini.vn\/wp-content\/uploads\/2023\/06\/may-thoi-bui-mini-cam-tay-150x150.jpg 150w, https:\/\/maybommini.vn\/wp-content\/uploads\/2023\/06\/may-thoi-bui-mini-cam-tay-600x600.jpg 600w\" sizes=\"(max-width: 750px) 100vw, 750px\" \/><\/a><a href=\"https:\/\/maybommini.com\/wp-content\/uploads\/2023\/06\/quat-thoi-bui-mini-pin.jpg\" target=\"_blank\" rel=\"noopener\"><img decoding=\"async\" class=\"size-full wp-image-274132 aligncenter\" src=\"https:\/\/maybommini.com\/wp-content\/uploads\/2023\/06\/quat-thoi-bui-mini-pin.jpg\" alt=\"Quat Thoi Bui Mini Pin\" width=\"750\" height=\"750\" srcset=\"https:\/\/maybommini.vn\/wp-content\/uploads\/2023\/06\/quat-thoi-bui-mini-pin.jpg 750w, https:\/\/maybommini.vn\/wp-content\/uploads\/2023\/06\/quat-thoi-bui-mini-pin-300x300.jpg 300w, https:\/\/maybommini.vn\/wp-content\/uploads\/2023\/06\/quat-thoi-bui-mini-pin-150x150.jpg 150w, https:\/\/maybommini.vn\/wp-content\/uploads\/2023\/06\/quat-thoi-bui-mini-pin-600x600.jpg 600w\" sizes=\"(max-width: 750px) 100vw, 750px\" \/><\/a><a href=\"https:\/\/maybommini.com\/wp-content\/uploads\/2023\/06\/quat-thoi-mini-toc-do-cao-co-den-led.jpg\" target=\"_blank\" rel=\"noopener\"><img decoding=\"async\" class=\"size-full wp-image-274133 aligncenter\" src=\"https:\/\/maybommini.com\/wp-content\/uploads\/2023\/06\/quat-thoi-mini-toc-do-cao-co-den-led.jpg\" alt=\"Quat Thoi Mini Toc Do Cao Co Den Led\" width=\"750\" height=\"750\" srcset=\"https:\/\/maybommini.vn\/wp-content\/uploads\/2023\/06\/quat-thoi-mini-toc-do-cao-co-den-led.jpg 750w, https:\/\/maybommini.vn\/wp-content\/uploads\/2023\/06\/quat-thoi-mini-toc-do-cao-co-den-led-300x300.jpg 300w, https:\/\/maybommini.vn\/wp-content\/uploads\/2023\/06\/quat-thoi-mini-toc-do-cao-co-den-led-150x150.jpg 150w, https:\/\/maybommini.vn\/wp-content\/uploads\/2023\/06\/quat-thoi-mini-toc-do-cao-co-den-led-600x600.jpg 600w\" sizes=\"(max-width: 750px) 100vw, 750px\" \/><\/a><a href=\"https:\/\/maybommini.com\/wp-content\/uploads\/2023\/06\/ban-may-thoi-bui-mini-cam-tay-201.jpg\" target=\"_blank\" rel=\"noopener\"><img decoding=\"async\" class=\"size-full wp-image-274136 aligncenter\" src=\"https:\/\/maybommini.com\/wp-content\/uploads\/2023\/06\/ban-may-thoi-bui-mini-cam-tay-201.jpg\" alt=\"Ban May Thoi Bui Mini Cam Tay 201\" width=\"750\" height=\"750\" srcset=\"https:\/\/maybommini.vn\/wp-content\/uploads\/2023\/06\/ban-may-thoi-bui-mini-cam-tay-201.jpg 750w, https:\/\/maybommini.vn\/wp-content\/uploads\/2023\/06\/ban-may-thoi-bui-mini-cam-tay-201-300x300.jpg 300w, https:\/\/maybommini.vn\/wp-content\/uploads\/2023\/06\/ban-may-thoi-bui-mini-cam-tay-201-150x150.jpg 150w, https:\/\/maybommini.vn\/wp-content\/uploads\/2023\/06\/ban-may-thoi-bui-mini-cam-tay-201-600x600.jpg 600w\" sizes=\"(max-width: 750px) 100vw, 750px\" \/><\/a>\u1ee8NG D\u1ee4NG M\u00c1Y TH\u1ed4I H\u00daT B\u1ee4I C\u1ea6M TAY<\/strong><br \/>\n&#8211; D\u00f9ng th\u1ed5i b\u1ee5i v\u1ec7 sinh m\u00e1y vi t\u00ednh.<br \/>\n&#8211; D\u00f9ng th\u1ed5i b\u1ee5i v\u1ec7 sinh \u00f4 t\u00f4 xe m\u00e1y xe kh\u00e1ch.<br \/>\n&#8211; D\u00f9ng th\u1ed5i l\u00e0m kh\u00f4 thi\u1ebft b\u1ecb gia\u00a0\u0111\u00ecnh.<br \/>\n&#8211; D\u00f9ng th\u1ed5i b\u1ee5i v\u1ec7 sinh nh\u00e0 c\u1eeda, \u0111\u1ed3 gia d\u1ee5ng.<br \/>\n&#8211; Th\u1ed5i gi\u00f3 l\u00e0m m\u00e1t nhanh thi\u1ebft b\u1ecb.<br \/>\n&#8211; V\u1ec7 sinh thi\u1ebft b\u1ecb m\u00e1y m\u00f3c.<br \/>\n&#8211; S\u1eed d\u1ee5ng trong s\u1ea3n xu\u1ea5t thi\u1ebft b\u1ecb.<br \/>\n&#8211; V\u00e0 \u1ee9ng d\u1ee5ng trong nhi\u1ec1u l\u0129nh v\u1ef1c kh\u00e1c.<\/p>\n<p><strong><a href=\"https:\/\/maybommini.com\/wp-content\/uploads\/2023\/06\/su-dung-may-thoi-bui-mini.jpg\" target=\"_blank\" rel=\"noopener\"><img decoding=\"async\" class=\"size-full wp-image-274134 aligncenter\" src=\"https:\/\/maybommini.com\/wp-content\/uploads\/2023\/06\/su-dung-may-thoi-bui-mini.jpg\" alt=\"Su Dung May Thoi Bui Mini\" width=\"750\" height=\"750\" srcset=\"https:\/\/maybommini.vn\/wp-content\/uploads\/2023\/06\/su-dung-may-thoi-bui-mini.jpg 750w, https:\/\/maybommini.vn\/wp-content\/uploads\/2023\/06\/su-dung-may-thoi-bui-mini-300x300.jpg 300w, https:\/\/maybommini.vn\/wp-content\/uploads\/2023\/06\/su-dung-may-thoi-bui-mini-150x150.jpg 150w, https:\/\/maybommini.vn\/wp-content\/uploads\/2023\/06\/su-dung-may-thoi-bui-mini-600x600.jpg 600w\" sizes=\"(max-width: 750px) 100vw, 750px\" \/><\/a><\/strong><\/p>\n<h4 style=\"text-align: center;\">M\u00e1y th\u1ed5i h\u00fat b\u1ee5i mini 60W 15000mAh &#8211; Air Duster 201<br \/>\nElectric Air Blower Snow Blower Dust Sweeper Garden Tools<\/h4>\n<p><strong>MUA M\u00c1Y TH\u1ed4I B\u1ee4I C\u1ea6M TAY D\u00d9NG PIN \u1ede \u0110\u00c2U ?<br \/>\n<\/strong>Ch\u00fang t\u00f4i chuy\u00ean cung c\u1ea5p c\u00e1c thi\u1ebft b\u1ecb d\u1ee5ng c\u1ee5 c\u1ea7m tay v\u00e0 m\u00e1y m\u00f3c c\u1ea7m tay DC 5V 12V 24V 220V tr\u00ean to\u00e0n qu\u1ed1c. M\u00e1y th\u1ed5i b\u1ee5i 12V, m\u00e1y th\u1ed5i b\u1ee5i 21V, m\u00e1y th\u1ed5i h\u00fat b\u1ee5i 220V, m\u00e1y qu\u1ea1t gi\u00f3, m\u00e1y h\u00fat, qu\u1ea1t t\u1ea3n nhi\u1ec7t, qu\u1ea1t h\u00fat.<\/p>\n<p><strong>CTY TNHH TH\u01af\u01a0NG M\u1ea0I D\u1ecaCH V\u1ee4 \u0110I\u1ec6N M\u00c1Y TH\u00d4NG MINH<\/strong><br \/>\n<strong>Hotline:<\/strong>\u00a002873030399 \u2013 0907294310<br \/>\n<strong>Email:<\/strong>\u00a0maybommini.com@gmail.com<br \/>\n<strong>Website:<\/strong>\u00a0https:\/\/maybommini.com<br \/>\n<strong>Youtube demo:<\/strong>\u00a0https:\/\/www.youtube.com\/bahamasali<\/p>\n<h5><strong><a class=\"swipebox\" title=\"\" href=\"https:\/\/maybommini.com\/wp-content\/uploads\/2022\/07\/thong-tin-lien-he-may-bom-mini.jpg\" data-rel=\"lightbox-image-bGlnaHRib3gtaW1hZ2UtMTI=\" data-rl_title=\"\" data-rl_caption=\"\" data-rl_ target=\"_blank\" rel=\"noopener\"><img decoding=\"async\" class=\"size-full wp-image-270584 lazyloaded aligncenter\" src=\"https:\/\/maybommini.com\/wp-content\/uploads\/2022\/07\/thong-tin-lien-he-may-bom-mini.jpg\" sizes=\"(max-width: 750px) 100vw, 750px\" srcset=\"https:\/\/maybommini.com\/wp-content\/uploads\/2022\/07\/thong-tin-lien-he-may-bom-mini.jpg 750w, https:\/\/maybommini.com\/wp-content\/uploads\/2022\/07\/thong-tin-lien-he-may-bom-mini-300x202.jpg 300w, https:\/\/maybommini.com\/wp-content\/uploads\/2022\/07\/thong-tin-lien-he-may-bom-mini-600x405.jpg 600w\" alt=\"Thong Tin Lien He May Bom Mini\" width=\"750\" height=\"506\" data-lazy-srcset=\"https:\/\/maybommini.com\/wp-content\/uploads\/2022\/07\/thong-tin-lien-he-may-bom-mini.jpg 750w, https:\/\/maybommini.com\/wp-content\/uploads\/2022\/07\/thong-tin-lien-he-may-bom-mini-300x202.jpg 300w, https:\/\/maybommini.com\/wp-content\/uploads\/2022\/07\/thong-tin-lien-he-may-bom-mini-600x405.jpg 600w\" data-lazy-sizes=\"(max-width: 750px) 100vw, 750px\" data-lazy-src=\"https:\/\/maybommini.com\/wp-content\/uploads\/2022\/07\/thong-tin-lien-he-may-bom-mini.jpg\" data-was-processed=\"true\" \/><\/a><\/strong><\/h5>\n","protected":false},"excerpt":{"rendered":"<p>Model: 201<br \/>\n\u0110i\u1ec7n th\u1ebf s\u1ea1c: 5V 2A<br \/>\nC\u00f4ng su\u1ea5t: 60W<br \/>\nT\u1ed1c \u0111\u1ed9 v\u00f2ng quay: 36000r\/min<br \/>\nMotor kh\u00f4ng ch\u1ed5i than.<br \/>\nCh\u1ec9nh t\u1ed1c \u0111\u1ed9: 2 c\u1ea5p<br \/>\nC\u00f3 \u0111\u00e8n LED.<br \/>\nC\u1ed5ng s\u1ea1c: Tpye-C<br \/>\nDung l\u01b0\u1ee3ng pin: 15000 mAh<br \/>\nCell pin: Lithium-ion 27100<br \/>\nCh\u1ea5t li\u1ec7u: Nh\u1ef1a ABS &#8211; \u0110\u1ed3ng &#8211; H\u1ee3p Kim<br \/>\nK\u00e8m cable s\u1ea1c Type-C.<br \/>\nK\u00edch th\u01b0\u1edbc: 189 x 79 x 131 mm<br \/>\nTr\u1ecdng l\u01b0\u1ee3ng: 475 gam<br \/>\nB\u1ea3o h\u00e0nh: 3 th\u00e1ng<\/p>\n","protected":false},"featured_media":274135,"comment_status":"open","ping_status":"closed","template":"","meta":[],"product_brand":[],"product_cat":[317,1167],"product_tag":[4156,3235,4157,1169,1170,1171,3967,3968,3966,1172,1278,1173],"class_list":{"0":"post-274128","1":"product","2":"type-product","3":"status-publish","4":"has-post-thumbnail","6":"product_cat-thiet-bi-dung-cu","7":"product_cat-may-thoi-hut-bui","8":"product_tag-700w","9":"product_tag-air-blower","10":"product_tag-blower","11":"product_tag-cam-tay","12":"product_tag-may-thoi","13":"product_tag-may-thoi-bui","14":"product_tag-may-thoi-bui-cong-suat-lon","15":"product_tag-may-thoi-bui-dung-pin","16":"product_tag-may-thoi-bui-sieu-manh","17":"product_tag-may-thoi-cam-tay","18":"product_tag-may-xit-bui","19":"product_tag-may-xit-khi","21":"first","22":"instock","23":"shipping-taxable","24":"purchasable","25":"product-type-simple"},"_links":{"self":[{"href":"https:\/\/maybommini.vn\/index.php?rest_route=\/wp\/v2\/product\/274128","targetHints":{"allow":["GET"]}}],"collection":[{"href":"https:\/\/maybommini.vn\/index.php?rest_route=\/wp\/v2\/product"}],"about":[{"href":"https:\/\/maybommini.vn\/index.php?rest_route=\/wp\/v2\/types\/product"}],"replies":[{"embeddable":true,"href":"https:\/\/maybommini.vn\/index.php?rest_route=%2Fwp%2Fv2%2Fcomments&post=274128"}],"wp:featuredmedia":[{"embeddable":true,"href":"https:\/\/maybommini.vn\/index.php?rest_route=\/wp\/v2\/media\/274135"}],"wp:attachment":[{"href":"https:\/\/maybommini.vn\/index.php?rest_route=%2Fwp%2Fv2%2Fmedia&parent=274128"}],"wp:term":[{"taxonomy":"product_brand","embeddable":true,"href":"https:\/\/maybommini.vn\/index.php?rest_route=%2Fwp%2Fv2%2Fproduct_brand&post=274128"},{"taxonomy":"product_cat","embeddable":true,"href":"https:\/\/maybommini.vn\/index.php?rest_route=%2Fwp%2Fv2%2Fproduct_cat&post=274128"},{"taxonomy":"product_tag","embeddable":true,"href":"https:\/\/maybommini.vn\/index.php?rest_route=%2Fwp%2Fv2%2Fproduct_tag&post=274128"}],"curies":[{"name":"wp","href":"https:\/\/api.w.org\/{rel}","templated":true}]}}