{"id":274137,"date":"2023-06-21T22:43:01","date_gmt":"2023-06-21T15:43:01","guid":{"rendered":"https:\/\/maybommini.com\/?post_type=product&#038;p=274137"},"modified":"2023-06-21T22:54:00","modified_gmt":"2023-06-21T15:54:00","slug":"may-thoi-bui-mini-60w-6000mah","status":"publish","type":"product","link":"https:\/\/maybommini.vn\/?product=may-thoi-bui-mini-60w-6000mah","title":{"rendered":"M\u00e1y th\u1ed5i b\u1ee5i mini 60W 6000mAh"},"content":{"rendered":"<h3>M\u00e1y th\u1ed5i b\u1ee5i mini 60W 6000mAh si\u00eau m\u1ea1nh thi\u1ebft k\u1ebf nh\u1ecf g\u1ecdn. S\u1eed d\u1ee5ng cho nhi\u1ec1u \u1ee9ng d\u1ee5ng kh\u00e1c nhau nh\u01b0 th\u1ed5i b\u1ee5i, v\u1ec7 sinh thi\u1ebft b\u1ecb \u0111i\u1ec7n m\u00e1y nh\u00e0 c\u1eeda gia d\u1ee5ng, v\u1ec7 sinh m\u00e1y m\u00f3c, v\u1ec7 sinh th\u1ed5i b\u1ee5i xe \u00f4 t\u00f4 v\u00e0 s\u1ea5y kh\u00f4 thi\u1ebft b\u1ecb d\u1ee5ng c\u1ee5.<\/h3>\n<p><strong><a href=\"https:\/\/maybommini.com\/wp-content\/uploads\/2023\/06\/May-thoi-bui-cam-tay-mini-60W-Air-Duster-213.jpg\" target=\"_blank\" rel=\"noopener\"><img decoding=\"async\" class=\"size-full wp-image-274140 aligncenter\" src=\"https:\/\/maybommini.com\/wp-content\/uploads\/2023\/06\/May-thoi-bui-cam-tay-mini-60W-Air-Duster-213.jpg\" alt=\"May Thoi Bui Cam Tay Mini 60W Air Duster 213\" width=\"750\" height=\"750\" srcset=\"https:\/\/maybommini.vn\/wp-content\/uploads\/2023\/06\/May-thoi-bui-cam-tay-mini-60W-Air-Duster-213.jpg 750w, https:\/\/maybommini.vn\/wp-content\/uploads\/2023\/06\/May-thoi-bui-cam-tay-mini-60W-Air-Duster-213-300x300.jpg 300w, https:\/\/maybommini.vn\/wp-content\/uploads\/2023\/06\/May-thoi-bui-cam-tay-mini-60W-Air-Duster-213-150x150.jpg 150w, https:\/\/maybommini.vn\/wp-content\/uploads\/2023\/06\/May-thoi-bui-cam-tay-mini-60W-Air-Duster-213-600x600.jpg 600w\" sizes=\"(max-width: 750px) 100vw, 750px\" \/><\/a>TH\u00d4NG S\u1ed0 K\u1ef8 THU\u1eacT<br \/>\n<\/strong>Model: 213<br \/>\n\u0110i\u1ec7n th\u1ebf s\u1ea1c: 5V 2A<br \/>\nC\u00f4ng su\u1ea5t: 60W<br \/>\nT\u1ed1c \u0111\u1ed9 v\u00f2ng quay: 80.000 &#8211; 130000r\/min<br \/>\nMotor kh\u00f4ng ch\u1ed5i than.<br \/>\nCh\u1ec9nh t\u1ed1c \u0111\u1ed9: 4 c\u1ea5p<br \/>\nC\u1ed5ng s\u1ea1c: Tpye-C<br \/>\nDung l\u01b0\u1ee3ng pin: 6000 mAh<br \/>\nCell pin: Lithium-ion 18650<br \/>\nCh\u1ea5t li\u1ec7u: Nh\u1ef1a ABS &#8211; \u0110\u1ed3ng &#8211; H\u1ee3p Kim<br \/>\nK\u00e8m cable s\u1ea1c Type-C.<br \/>\nK\u00edch th\u01b0\u1edbc: 170 x 100 x 65 mm<br \/>\nTr\u1ecdng l\u01b0\u1ee3ng: 400 gam<\/p>\n<p><strong><a href=\"https:\/\/maybommini.com\/wp-content\/uploads\/2023\/06\/jet-fan-mini-60W-6000mah.jpg\" target=\"_blank\" rel=\"noopener\"><img decoding=\"async\" class=\"size-full wp-image-274138 aligncenter\" src=\"https:\/\/maybommini.com\/wp-content\/uploads\/2023\/06\/jet-fan-mini-60W-6000mah.jpg\" alt=\"Jet Fan Mini 60W 6000mah\" width=\"750\" height=\"750\" srcset=\"https:\/\/maybommini.vn\/wp-content\/uploads\/2023\/06\/jet-fan-mini-60W-6000mah.jpg 750w, https:\/\/maybommini.vn\/wp-content\/uploads\/2023\/06\/jet-fan-mini-60W-6000mah-300x300.jpg 300w, https:\/\/maybommini.vn\/wp-content\/uploads\/2023\/06\/jet-fan-mini-60W-6000mah-150x150.jpg 150w, https:\/\/maybommini.vn\/wp-content\/uploads\/2023\/06\/jet-fan-mini-60W-6000mah-600x600.jpg 600w\" sizes=\"(max-width: 750px) 100vw, 750px\" \/><\/a><a href=\"https:\/\/maybommini.com\/wp-content\/uploads\/2023\/06\/quat-thoi-mini-toc-do-cao.jpg\" target=\"_blank\" rel=\"noopener\"><img decoding=\"async\" class=\"size-full wp-image-274142 aligncenter\" src=\"https:\/\/maybommini.com\/wp-content\/uploads\/2023\/06\/quat-thoi-mini-toc-do-cao.jpg\" alt=\"Quat Thoi Mini Toc Do Cao\" width=\"750\" height=\"750\" srcset=\"https:\/\/maybommini.vn\/wp-content\/uploads\/2023\/06\/quat-thoi-mini-toc-do-cao.jpg 750w, https:\/\/maybommini.vn\/wp-content\/uploads\/2023\/06\/quat-thoi-mini-toc-do-cao-300x300.jpg 300w, https:\/\/maybommini.vn\/wp-content\/uploads\/2023\/06\/quat-thoi-mini-toc-do-cao-150x150.jpg 150w, https:\/\/maybommini.vn\/wp-content\/uploads\/2023\/06\/quat-thoi-mini-toc-do-cao-600x600.jpg 600w\" sizes=\"(max-width: 750px) 100vw, 750px\" \/><\/a><a href=\"https:\/\/maybommini.com\/wp-content\/uploads\/2023\/06\/thoi-bui-mini-60w-Dust-blower.jpg\" target=\"_blank\" rel=\"noopener\"><img decoding=\"async\" class=\"size-full wp-image-274143 aligncenter\" src=\"https:\/\/maybommini.com\/wp-content\/uploads\/2023\/06\/thoi-bui-mini-60w-Dust-blower.jpg\" alt=\"Thoi Bui Mini 60w Dust Blower\" width=\"750\" height=\"750\" srcset=\"https:\/\/maybommini.vn\/wp-content\/uploads\/2023\/06\/thoi-bui-mini-60w-Dust-blower.jpg 750w, https:\/\/maybommini.vn\/wp-content\/uploads\/2023\/06\/thoi-bui-mini-60w-Dust-blower-300x300.jpg 300w, https:\/\/maybommini.vn\/wp-content\/uploads\/2023\/06\/thoi-bui-mini-60w-Dust-blower-150x150.jpg 150w, https:\/\/maybommini.vn\/wp-content\/uploads\/2023\/06\/thoi-bui-mini-60w-Dust-blower-600x600.jpg 600w\" sizes=\"(max-width: 750px) 100vw, 750px\" \/><\/a><a href=\"https:\/\/maybommini.com\/wp-content\/uploads\/2023\/06\/thoi-bui-mini-sieu-gio.jpg\" target=\"_blank\" rel=\"noopener\"><img decoding=\"async\" class=\"size-full wp-image-274144 aligncenter\" src=\"https:\/\/maybommini.com\/wp-content\/uploads\/2023\/06\/thoi-bui-mini-sieu-gio.jpg\" alt=\"Thoi Bui Mini Sieu Gio\" width=\"750\" height=\"750\" srcset=\"https:\/\/maybommini.vn\/wp-content\/uploads\/2023\/06\/thoi-bui-mini-sieu-gio.jpg 750w, https:\/\/maybommini.vn\/wp-content\/uploads\/2023\/06\/thoi-bui-mini-sieu-gio-300x300.jpg 300w, https:\/\/maybommini.vn\/wp-content\/uploads\/2023\/06\/thoi-bui-mini-sieu-gio-150x150.jpg 150w, https:\/\/maybommini.vn\/wp-content\/uploads\/2023\/06\/thoi-bui-mini-sieu-gio-600x600.jpg 600w\" sizes=\"(max-width: 750px) 100vw, 750px\" \/><\/a><a href=\"https:\/\/maybommini.com\/wp-content\/uploads\/2023\/06\/gia-may-thoi-bui-mini-cam-tay-213-60W.jpg\" target=\"_blank\" rel=\"noopener\"><img decoding=\"async\" class=\"size-full wp-image-274145 aligncenter\" src=\"https:\/\/maybommini.com\/wp-content\/uploads\/2023\/06\/gia-may-thoi-bui-mini-cam-tay-213-60W.jpg\" alt=\"Gia May Thoi Bui Mini Cam Tay 213 60W\" width=\"750\" height=\"750\" srcset=\"https:\/\/maybommini.vn\/wp-content\/uploads\/2023\/06\/gia-may-thoi-bui-mini-cam-tay-213-60W.jpg 750w, https:\/\/maybommini.vn\/wp-content\/uploads\/2023\/06\/gia-may-thoi-bui-mini-cam-tay-213-60W-300x300.jpg 300w, https:\/\/maybommini.vn\/wp-content\/uploads\/2023\/06\/gia-may-thoi-bui-mini-cam-tay-213-60W-150x150.jpg 150w, https:\/\/maybommini.vn\/wp-content\/uploads\/2023\/06\/gia-may-thoi-bui-mini-cam-tay-213-60W-600x600.jpg 600w\" sizes=\"(max-width: 750px) 100vw, 750px\" \/><\/a><a href=\"https:\/\/maybommini.com\/wp-content\/uploads\/2023\/06\/Jet-Fan-mini-60W.jpg\" target=\"_blank\" rel=\"noopener\"><img decoding=\"async\" class=\"size-full wp-image-274146 aligncenter\" src=\"https:\/\/maybommini.com\/wp-content\/uploads\/2023\/06\/Jet-Fan-mini-60W.jpg\" alt=\"Jet Fan Mini 60W\" width=\"750\" height=\"750\" srcset=\"https:\/\/maybommini.vn\/wp-content\/uploads\/2023\/06\/Jet-Fan-mini-60W.jpg 750w, https:\/\/maybommini.vn\/wp-content\/uploads\/2023\/06\/Jet-Fan-mini-60W-300x300.jpg 300w, https:\/\/maybommini.vn\/wp-content\/uploads\/2023\/06\/Jet-Fan-mini-60W-150x150.jpg 150w, https:\/\/maybommini.vn\/wp-content\/uploads\/2023\/06\/Jet-Fan-mini-60W-600x600.jpg 600w\" sizes=\"(max-width: 750px) 100vw, 750px\" \/><\/a><a href=\"https:\/\/maybommini.com\/wp-content\/uploads\/2023\/06\/may-thoi-mini-toc-do-cao-gia-re.jpg\" target=\"_blank\" rel=\"noopener\"><img decoding=\"async\" class=\"size-full wp-image-274141 aligncenter\" src=\"https:\/\/maybommini.com\/wp-content\/uploads\/2023\/06\/may-thoi-mini-toc-do-cao-gia-re.jpg\" alt=\"May Thoi Mini Toc Do Cao Gia Re\" width=\"750\" height=\"750\" srcset=\"https:\/\/maybommini.vn\/wp-content\/uploads\/2023\/06\/may-thoi-mini-toc-do-cao-gia-re.jpg 750w, https:\/\/maybommini.vn\/wp-content\/uploads\/2023\/06\/may-thoi-mini-toc-do-cao-gia-re-300x300.jpg 300w, https:\/\/maybommini.vn\/wp-content\/uploads\/2023\/06\/may-thoi-mini-toc-do-cao-gia-re-150x150.jpg 150w, https:\/\/maybommini.vn\/wp-content\/uploads\/2023\/06\/may-thoi-mini-toc-do-cao-gia-re-600x600.jpg 600w\" sizes=\"(max-width: 750px) 100vw, 750px\" \/><\/a>\u1ee8NG D\u1ee4NG M\u00c1Y TH\u1ed4I H\u00daT B\u1ee4I C\u1ea6M TAY<\/strong><br \/>\n&#8211; D\u00f9ng th\u1ed5i b\u1ee5i v\u1ec7 sinh m\u00e1y vi t\u00ednh.<br \/>\n&#8211; D\u00f9ng th\u1ed5i b\u1ee5i v\u1ec7 sinh \u00f4 t\u00f4 xe m\u00e1y xe kh\u00e1ch.<br \/>\n&#8211; D\u00f9ng th\u1ed5i l\u00e0m kh\u00f4 thi\u1ebft b\u1ecb gia\u00a0\u0111\u00ecnh.<br \/>\n&#8211; D\u00f9ng th\u1ed5i b\u1ee5i v\u1ec7 sinh nh\u00e0 c\u1eeda, \u0111\u1ed3 gia d\u1ee5ng.<br \/>\n&#8211; Th\u1ed5i gi\u00f3 l\u00e0m m\u00e1t nhanh thi\u1ebft b\u1ecb.<br \/>\n&#8211; V\u1ec7 sinh thi\u1ebft b\u1ecb m\u00e1y m\u00f3c.<br \/>\n&#8211; S\u1eed d\u1ee5ng trong s\u1ea3n xu\u1ea5t thi\u1ebft b\u1ecb.<br \/>\n&#8211; V\u00e0 \u1ee9ng d\u1ee5ng trong nhi\u1ec1u l\u0129nh v\u1ef1c kh\u00e1c.<\/p>\n<p><strong><a href=\"https:\/\/maybommini.com\/wp-content\/uploads\/2023\/06\/may-say-thoi-bui-mini-cam-tay.jpg\" target=\"_blank\" rel=\"noopener\"><img decoding=\"async\" class=\"size-full wp-image-274139 aligncenter\" src=\"https:\/\/maybommini.com\/wp-content\/uploads\/2023\/06\/may-say-thoi-bui-mini-cam-tay.jpg\" alt=\"May Say Thoi Bui Mini Cam Tay\" width=\"750\" height=\"750\" srcset=\"https:\/\/maybommini.vn\/wp-content\/uploads\/2023\/06\/may-say-thoi-bui-mini-cam-tay.jpg 750w, https:\/\/maybommini.vn\/wp-content\/uploads\/2023\/06\/may-say-thoi-bui-mini-cam-tay-300x300.jpg 300w, https:\/\/maybommini.vn\/wp-content\/uploads\/2023\/06\/may-say-thoi-bui-mini-cam-tay-150x150.jpg 150w, https:\/\/maybommini.vn\/wp-content\/uploads\/2023\/06\/may-say-thoi-bui-mini-cam-tay-600x600.jpg 600w\" sizes=\"(max-width: 750px) 100vw, 750px\" \/><\/a><\/strong><\/p>\n<h4 style=\"text-align: center;\">M\u00e1y th\u1ed5i h\u00fat b\u1ee5i mini 60W 6000mAh &#8211; Air Duster 213<br \/>\nElectric Air Blower Snow Blower Dust Sweeper Garden Tools<\/h4>\n<p><strong>MUA M\u00c1Y TH\u1ed4I B\u1ee4I C\u1ea6M TAY D\u00d9NG PIN \u1ede \u0110\u00c2U ?<br \/>\n<\/strong>Ch\u00fang t\u00f4i chuy\u00ean cung c\u1ea5p c\u00e1c thi\u1ebft b\u1ecb d\u1ee5ng c\u1ee5 c\u1ea7m tay v\u00e0 m\u00e1y m\u00f3c c\u1ea7m tay DC 5V 12V 24V 220V tr\u00ean to\u00e0n qu\u1ed1c. M\u00e1y th\u1ed5i b\u1ee5i 12V, m\u00e1y th\u1ed5i b\u1ee5i 21V, m\u00e1y th\u1ed5i h\u00fat b\u1ee5i 220V, m\u00e1y qu\u1ea1t gi\u00f3, m\u00e1y h\u00fat, qu\u1ea1t t\u1ea3n nhi\u1ec7t, qu\u1ea1t h\u00fat.<\/p>\n<p><strong>CTY TNHH TH\u01af\u01a0NG M\u1ea0I D\u1ecaCH V\u1ee4 \u0110I\u1ec6N M\u00c1Y TH\u00d4NG MINH<\/strong><br \/>\n<strong>Hotline:<\/strong>\u00a002873030399 \u2013 0907294310<br \/>\n<strong>Email:<\/strong>\u00a0maybommini.com@gmail.com<br \/>\n<strong>Website:<\/strong>\u00a0https:\/\/maybommini.com<br \/>\n<strong>Youtube demo:<\/strong>\u00a0https:\/\/www.youtube.com\/bahamasali<\/p>\n<h5><strong><a class=\"swipebox\" title=\"\" href=\"https:\/\/maybommini.com\/wp-content\/uploads\/2022\/07\/thong-tin-lien-he-may-bom-mini.jpg\" data-rel=\"lightbox-image-bGlnaHRib3gtaW1hZ2UtMTI=\" data-rl_title=\"\" data-rl_caption=\"\" data-rl_ target=\"_blank\" rel=\"noopener\"><img decoding=\"async\" class=\"size-full wp-image-270584 lazyloaded aligncenter\" src=\"https:\/\/maybommini.com\/wp-content\/uploads\/2022\/07\/thong-tin-lien-he-may-bom-mini.jpg\" sizes=\"(max-width: 750px) 100vw, 750px\" srcset=\"https:\/\/maybommini.com\/wp-content\/uploads\/2022\/07\/thong-tin-lien-he-may-bom-mini.jpg 750w, https:\/\/maybommini.com\/wp-content\/uploads\/2022\/07\/thong-tin-lien-he-may-bom-mini-300x202.jpg 300w, https:\/\/maybommini.com\/wp-content\/uploads\/2022\/07\/thong-tin-lien-he-may-bom-mini-600x405.jpg 600w\" alt=\"Thong Tin Lien He May Bom Mini\" width=\"750\" height=\"506\" data-lazy-srcset=\"https:\/\/maybommini.com\/wp-content\/uploads\/2022\/07\/thong-tin-lien-he-may-bom-mini.jpg 750w, https:\/\/maybommini.com\/wp-content\/uploads\/2022\/07\/thong-tin-lien-he-may-bom-mini-300x202.jpg 300w, https:\/\/maybommini.com\/wp-content\/uploads\/2022\/07\/thong-tin-lien-he-may-bom-mini-600x405.jpg 600w\" data-lazy-sizes=\"(max-width: 750px) 100vw, 750px\" data-lazy-src=\"https:\/\/maybommini.com\/wp-content\/uploads\/2022\/07\/thong-tin-lien-he-may-bom-mini.jpg\" data-was-processed=\"true\" \/><\/a><\/strong><\/h5>\n","protected":false},"excerpt":{"rendered":"<p>Model: 213<br \/>\n\u0110i\u1ec7n th\u1ebf s\u1ea1c: 5V 2A<br \/>\nC\u00f4ng su\u1ea5t: 60W<br \/>\nT\u1ed1c \u0111\u1ed9 v\u00f2ng quay: 80.000 &#8211; 130000r\/min<br \/>\nMotor kh\u00f4ng ch\u1ed5i than.<br \/>\nCh\u1ec9nh t\u1ed1c \u0111\u1ed9: 4 c\u1ea5p<br \/>\nC\u1ed5ng s\u1ea1c: Tpye-C<br \/>\nDung l\u01b0\u1ee3ng pin: 6000 mAh<br \/>\nCell pin: Lithium-ion 18650<br \/>\nCh\u1ea5t li\u1ec7u: Nh\u1ef1a ABS &#8211; \u0110\u1ed3ng &#8211; H\u1ee3p Kim<br \/>\nK\u00e8m cable s\u1ea1c Type-C.<br \/>\nK\u00edch th\u01b0\u1edbc: 170 x 100 x 65 mm<br \/>\nTr\u1ecdng l\u01b0\u1ee3ng: 400 gam<br \/>\nB\u1ea3o h\u00e0nh: 3 th\u00e1ng<\/p>\n","protected":false},"featured_media":274140,"comment_status":"open","ping_status":"closed","template":"","meta":[],"product_brand":[],"product_cat":[317,1167],"product_tag":[4156,3235,4157,1169,1506,1170,1171,3967,3968,3966,1172,1278,1173,1497,4241,3734,4240],"class_list":{"0":"post-274137","1":"product","2":"type-product","3":"status-publish","4":"has-post-thumbnail","6":"product_cat-thiet-bi-dung-cu","7":"product_cat-may-thoi-hut-bui","8":"product_tag-700w","9":"product_tag-air-blower","10":"product_tag-blower","11":"product_tag-cam-tay","12":"product_tag-fan","13":"product_tag-may-thoi","14":"product_tag-may-thoi-bui","15":"product_tag-may-thoi-bui-cong-suat-lon","16":"product_tag-may-thoi-bui-dung-pin","17":"product_tag-may-thoi-bui-sieu-manh","18":"product_tag-may-thoi-cam-tay","19":"product_tag-may-xit-bui","20":"product_tag-may-xit-khi","21":"product_tag-quat","22":"product_tag-quat-thoi","23":"product_tag-quat-tich-dien","24":"product_tag-quay-say","26":"first","27":"instock","28":"shipping-taxable","29":"purchasable","30":"product-type-simple"},"_links":{"self":[{"href":"https:\/\/maybommini.vn\/index.php?rest_route=\/wp\/v2\/product\/274137","targetHints":{"allow":["GET"]}}],"collection":[{"href":"https:\/\/maybommini.vn\/index.php?rest_route=\/wp\/v2\/product"}],"about":[{"href":"https:\/\/maybommini.vn\/index.php?rest_route=\/wp\/v2\/types\/product"}],"replies":[{"embeddable":true,"href":"https:\/\/maybommini.vn\/index.php?rest_route=%2Fwp%2Fv2%2Fcomments&post=274137"}],"wp:featuredmedia":[{"embeddable":true,"href":"https:\/\/maybommini.vn\/index.php?rest_route=\/wp\/v2\/media\/274140"}],"wp:attachment":[{"href":"https:\/\/maybommini.vn\/index.php?rest_route=%2Fwp%2Fv2%2Fmedia&parent=274137"}],"wp:term":[{"taxonomy":"product_brand","embeddable":true,"href":"https:\/\/maybommini.vn\/index.php?rest_route=%2Fwp%2Fv2%2Fproduct_brand&post=274137"},{"taxonomy":"product_cat","embeddable":true,"href":"https:\/\/maybommini.vn\/index.php?rest_route=%2Fwp%2Fv2%2Fproduct_cat&post=274137"},{"taxonomy":"product_tag","embeddable":true,"href":"https:\/\/maybommini.vn\/index.php?rest_route=%2Fwp%2Fv2%2Fproduct_tag&post=274137"}],"curies":[{"name":"wp","href":"https:\/\/api.w.org\/{rel}","templated":true}]}}