{"id":274427,"date":"2023-08-02T22:20:09","date_gmt":"2023-08-02T15:20:09","guid":{"rendered":"https:\/\/maybommini.com\/?post_type=product&#038;p=274427"},"modified":"2025-08-02T09:48:40","modified_gmt":"2025-08-02T02:48:40","slug":"may-han-cell-pin-chuyen-nghiep-220v-bta100a-dual-800e","status":"publish","type":"product","link":"https:\/\/maybommini.vn\/?product=may-han-cell-pin-chuyen-nghiep-220v-bta100a-dual-800e","title":{"rendered":"M\u00e1y h\u00e0n cell pin chuy\u00ean nghi\u1ec7p 220V BTA100A DUAL 800E"},"content":{"rendered":"<h3>M\u00e1y h\u00e0n cell pin chuy\u00ean nghi\u1ec7p 220V BTA100A DUAL 800E s\u1eed d\u1ee5ng m\u1ea1ch timer xung k\u00e9p \u0111\u01b0\u1ee3c nhi\u1ec1u kh\u00e1ch h\u00e0ng v\u00e0 c\u00e1c th\u1ee3 \u0111i\u1ec7n t\u1eed tin d\u00f9ng. \u0110\u00e2y l\u00e0 lo\u1ea1i m\u00e1y h\u00e0n pin chuy\u00ean d\u1ee5ng \u0111\u1ec3 h\u00e0n gh\u00e9p cell pin, \u0111\u00f3ng pin, h\u00e0n t\u1ea5m k\u1ebdm v\u1edbi m\u1ed1i h\u00e0n r\u1ea5t ch\u1eafc ch\u1eafn v\u00e0 d\u1ec5 s\u1eed d\u1ee5ng c\u00f4ng su\u1ea5t m\u1ea1nh.<\/h3>\n<p><strong><a href=\"https:\/\/maybommini.com\/wp-content\/uploads\/2023\/08\/May-han-cell-pin-chuyen-nghiep-220V-3KW-800E.jpg\" target=\"_blank\" rel=\"noopener\"><img decoding=\"async\" class=\"size-full wp-image-274430 aligncenter\" src=\"https:\/\/maybommini.com\/wp-content\/uploads\/2023\/08\/May-han-cell-pin-chuyen-nghiep-220V-3KW-800E.jpg\" alt=\"May Han Cell Pin Chuyen Nghiep 220V 3KW 800E\" width=\"750\" height=\"750\" srcset=\"https:\/\/maybommini.vn\/wp-content\/uploads\/2023\/08\/May-han-cell-pin-chuyen-nghiep-220V-3KW-800E.jpg 750w, https:\/\/maybommini.vn\/wp-content\/uploads\/2023\/08\/May-han-cell-pin-chuyen-nghiep-220V-3KW-800E-300x300.jpg 300w, https:\/\/maybommini.vn\/wp-content\/uploads\/2023\/08\/May-han-cell-pin-chuyen-nghiep-220V-3KW-800E-150x150.jpg 150w, https:\/\/maybommini.vn\/wp-content\/uploads\/2023\/08\/May-han-cell-pin-chuyen-nghiep-220V-3KW-800E-600x600.jpg 600w\" sizes=\"(max-width: 750px) 100vw, 750px\" \/><\/a>TH\u00d4NG S\u1ed0 K\u1ef8 THU\u1eacT<br \/>\n<\/strong>Th\u01b0\u01a1ng hi\u1ec7u: MTM<br \/>\nModel: BTA100A-DUAL-800E<br \/>\n\u0110i\u1ec7n th\u1ebf v\u00e0o: 220V AC<br \/>\nC\u00f4ng su\u1ea5t: 3.0 KW<br \/>\n\u0110i\u1ec7n \u00e1p \u0111\u1ea7u ra : 3V &#8211; 4V<br \/>\nBi\u1ebfn th\u1ebf 800E cu\u1ed9n d\u00e2y \u0111\u1ed3ng s\u01a1 c\u1ea5p v\u00e0 th\u1ee9 c\u1ea5p.<br \/>\nTh\u1ee9 c\u1ea5p d\u00e2y \u0111\u1ed3ng M35 &#8211; 35mm\u00b2<br \/>\nM\u1ea1ch Timer BTA 100A 1200V xung k\u00e9p.<br \/>\nCh\u1ec9nh \u0111\u01b0\u1ee3c c\u00f4ng su\u1ea5t h\u00e0n 0 &#8211; 99%<br \/>\nCh\u1ec9nh th\u1eddi gian 10ms &#8211; 90ms.<br \/>\nM\u1ea1ch ch\u1ec9nh time m\u1ecbn.<br \/>\nM\u00e0n h\u00ecnh LCD<br \/>\nT\u1ea5m niken h\u00e0n ph\u00f9 h\u1ee3p: 0.01 &#8211; 0.3 mm<br \/>\nC\u1ed5ng k\u1ebft n\u1ed1i Switch.<br \/>\nCh\u1ea5t li\u1ec7u: \u0110\u1ed3ng &#8211; Th\u00e9p &#8211; Nh\u1ef1a.<br \/>\nK\u00edch th\u01b0\u1edbc: mm.<br \/>\nTr\u1ecdng l\u01b0\u1ee3ng: 5.4 Kg.<\/p>\n<p><strong> <a href=\"https:\/\/maybommini.com\/wp-content\/uploads\/2023\/08\/May-han-cell-pin-800E.jpg\" target=\"_blank\" rel=\"noopener\"><img decoding=\"async\" class=\"size-full wp-image-274429 aligncenter\" src=\"https:\/\/maybommini.com\/wp-content\/uploads\/2023\/08\/May-han-cell-pin-800E.jpg\" alt=\"May Han Cell Pin 800E\" width=\"750\" height=\"750\" srcset=\"https:\/\/maybommini.vn\/wp-content\/uploads\/2023\/08\/May-han-cell-pin-800E.jpg 750w, https:\/\/maybommini.vn\/wp-content\/uploads\/2023\/08\/May-han-cell-pin-800E-300x300.jpg 300w, https:\/\/maybommini.vn\/wp-content\/uploads\/2023\/08\/May-han-cell-pin-800E-150x150.jpg 150w, https:\/\/maybommini.vn\/wp-content\/uploads\/2023\/08\/May-han-cell-pin-800E-600x600.jpg 600w\" sizes=\"(max-width: 750px) 100vw, 750px\" \/><\/a><a href=\"https:\/\/maybommini.com\/wp-content\/uploads\/2023\/08\/mau-han-cell-xung-kep-BTA100A-800E.jpg\" target=\"_blank\" rel=\"noopener\"><img decoding=\"async\" class=\"size-full wp-image-274428 aligncenter\" src=\"https:\/\/maybommini.com\/wp-content\/uploads\/2023\/08\/mau-han-cell-xung-kep-BTA100A-800E.jpg\" alt=\"Mau Han Cell Xung Kep BTA100A 800E\" width=\"750\" height=\"750\" srcset=\"https:\/\/maybommini.vn\/wp-content\/uploads\/2023\/08\/mau-han-cell-xung-kep-BTA100A-800E.jpg 750w, https:\/\/maybommini.vn\/wp-content\/uploads\/2023\/08\/mau-han-cell-xung-kep-BTA100A-800E-300x300.jpg 300w, https:\/\/maybommini.vn\/wp-content\/uploads\/2023\/08\/mau-han-cell-xung-kep-BTA100A-800E-150x150.jpg 150w, https:\/\/maybommini.vn\/wp-content\/uploads\/2023\/08\/mau-han-cell-xung-kep-BTA100A-800E-600x600.jpg 600w\" sizes=\"(max-width: 750px) 100vw, 750px\" \/><\/a><a href=\"https:\/\/maybommini.com\/wp-content\/uploads\/2023\/08\/cong-coc-dap-kich-may-han-cell-pin-chuyen-nghiep-220V-3KW-800E.jpg\" target=\"_blank\" rel=\"noopener\"><img decoding=\"async\" class=\"size-full wp-image-274437 aligncenter\" src=\"https:\/\/maybommini.com\/wp-content\/uploads\/2023\/08\/cong-coc-dap-kich-may-han-cell-pin-chuyen-nghiep-220V-3KW-800E.jpg\" alt=\"Cong Coc Dap Kich May Han Cell Pin Chuyen Nghiep 220V 3KW 800E\" width=\"750\" height=\"750\" srcset=\"https:\/\/maybommini.vn\/wp-content\/uploads\/2023\/08\/cong-coc-dap-kich-may-han-cell-pin-chuyen-nghiep-220V-3KW-800E.jpg 750w, https:\/\/maybommini.vn\/wp-content\/uploads\/2023\/08\/cong-coc-dap-kich-may-han-cell-pin-chuyen-nghiep-220V-3KW-800E-300x300.jpg 300w, https:\/\/maybommini.vn\/wp-content\/uploads\/2023\/08\/cong-coc-dap-kich-may-han-cell-pin-chuyen-nghiep-220V-3KW-800E-150x150.jpg 150w, https:\/\/maybommini.vn\/wp-content\/uploads\/2023\/08\/cong-coc-dap-kich-may-han-cell-pin-chuyen-nghiep-220V-3KW-800E-600x600.jpg 600w\" sizes=\"(max-width: 750px) 100vw, 750px\" \/><\/a><a href=\"https:\/\/maybommini.com\/wp-content\/uploads\/2023\/08\/gia-may-may-han-cell-pin-chuyen-nghiep-220V-3KW-800E.jpg\" target=\"_blank\" rel=\"noopener\"><img decoding=\"async\" class=\"size-full wp-image-274438 aligncenter\" src=\"https:\/\/maybommini.com\/wp-content\/uploads\/2023\/08\/gia-may-may-han-cell-pin-chuyen-nghiep-220V-3KW-800E.jpg\" alt=\"Gia May May Han Cell Pin Chuyen Nghiep 220V 3KW 800E\" width=\"750\" height=\"750\" srcset=\"https:\/\/maybommini.vn\/wp-content\/uploads\/2023\/08\/gia-may-may-han-cell-pin-chuyen-nghiep-220V-3KW-800E.jpg 750w, https:\/\/maybommini.vn\/wp-content\/uploads\/2023\/08\/gia-may-may-han-cell-pin-chuyen-nghiep-220V-3KW-800E-300x300.jpg 300w, https:\/\/maybommini.vn\/wp-content\/uploads\/2023\/08\/gia-may-may-han-cell-pin-chuyen-nghiep-220V-3KW-800E-150x150.jpg 150w, https:\/\/maybommini.vn\/wp-content\/uploads\/2023\/08\/gia-may-may-han-cell-pin-chuyen-nghiep-220V-3KW-800E-600x600.jpg 600w\" sizes=\"(max-width: 750px) 100vw, 750px\" \/><\/a><a href=\"https:\/\/maybommini.com\/wp-content\/uploads\/2023\/08\/may-han-pin-800E-gia-re.jpg\" target=\"_blank\" rel=\"noopener\"><img decoding=\"async\" class=\"size-full wp-image-274432 aligncenter\" src=\"https:\/\/maybommini.com\/wp-content\/uploads\/2023\/08\/may-han-pin-800E-gia-re.jpg\" alt=\"May Han Pin 800E Gia Re\" width=\"750\" height=\"750\" srcset=\"https:\/\/maybommini.vn\/wp-content\/uploads\/2023\/08\/may-han-pin-800E-gia-re.jpg 750w, https:\/\/maybommini.vn\/wp-content\/uploads\/2023\/08\/may-han-pin-800E-gia-re-300x300.jpg 300w, https:\/\/maybommini.vn\/wp-content\/uploads\/2023\/08\/may-han-pin-800E-gia-re-150x150.jpg 150w, https:\/\/maybommini.vn\/wp-content\/uploads\/2023\/08\/may-han-pin-800E-gia-re-600x600.jpg 600w\" sizes=\"(max-width: 750px) 100vw, 750px\" \/><\/a><a href=\"https:\/\/maybommini.com\/wp-content\/uploads\/2023\/08\/May-han-cell-pin-chuyen-nghiep-220V-3KW-800E-cao-cap.jpg\" target=\"_blank\" rel=\"noopener\"><img decoding=\"async\" class=\"size-full wp-image-274431 aligncenter\" src=\"https:\/\/maybommini.com\/wp-content\/uploads\/2023\/08\/May-han-cell-pin-chuyen-nghiep-220V-3KW-800E-cao-cap.jpg\" alt=\"May Han Cell Pin Chuyen Nghiep 220V 3KW 800E Cao Cap\" width=\"750\" height=\"750\" srcset=\"https:\/\/maybommini.vn\/wp-content\/uploads\/2023\/08\/May-han-cell-pin-chuyen-nghiep-220V-3KW-800E-cao-cap.jpg 750w, https:\/\/maybommini.vn\/wp-content\/uploads\/2023\/08\/May-han-cell-pin-chuyen-nghiep-220V-3KW-800E-cao-cap-300x300.jpg 300w, https:\/\/maybommini.vn\/wp-content\/uploads\/2023\/08\/May-han-cell-pin-chuyen-nghiep-220V-3KW-800E-cao-cap-150x150.jpg 150w, https:\/\/maybommini.vn\/wp-content\/uploads\/2023\/08\/May-han-cell-pin-chuyen-nghiep-220V-3KW-800E-cao-cap-600x600.jpg 600w\" sizes=\"(max-width: 750px) 100vw, 750px\" \/><\/a><a href=\"https:\/\/maybommini.com\/wp-content\/uploads\/2023\/08\/su-dung-may-han-cell-pin-800E-xung-kep.jpg\" target=\"_blank\" rel=\"noopener\"><img decoding=\"async\" class=\"size-full wp-image-274434 aligncenter\" src=\"https:\/\/maybommini.com\/wp-content\/uploads\/2023\/08\/su-dung-may-han-cell-pin-800E-xung-kep.jpg\" alt=\"Su Dung May Han Cell Pin 800E Xung Kep\" width=\"750\" height=\"750\" srcset=\"https:\/\/maybommini.vn\/wp-content\/uploads\/2023\/08\/su-dung-may-han-cell-pin-800E-xung-kep.jpg 750w, https:\/\/maybommini.vn\/wp-content\/uploads\/2023\/08\/su-dung-may-han-cell-pin-800E-xung-kep-300x300.jpg 300w, https:\/\/maybommini.vn\/wp-content\/uploads\/2023\/08\/su-dung-may-han-cell-pin-800E-xung-kep-150x150.jpg 150w, https:\/\/maybommini.vn\/wp-content\/uploads\/2023\/08\/su-dung-may-han-cell-pin-800E-xung-kep-600x600.jpg 600w\" sizes=\"(max-width: 750px) 100vw, 750px\" \/><\/a><br \/>\nH\u01af\u1edaNG D\u1eaaN S\u1eec D\u1ee4NG V\u00c0 T\u00cdNH N\u0102NG M\u00c1Y H\u00c0N CELL PIN CHUY\u00caN NGHI\u1ec6P<br \/>\n<\/strong>&#8211; S\u1ea3n ph\u1ea9m do shop t\u1ef1 ph\u00e1t tri\u1ec3n MADE IN VIETNAM n\u00ean h\u1ed7 tr\u1ee3 k\u1ef9 thu\u1eadt t\u1eadn t\u00ecnh.<br \/>\n&#8211; M\u1ea1ch timer c\u00f3 ch\u1ee9c n\u0103ng d\u00f2 \u0111i\u1ec3m 0 d\u00f2ng \u0111i\u1ec7n AC n\u00ean c\u00f3 kh\u1ea3 n\u0103ng h\u00e0n \u1ed5n \u0111\u1ecbnh, m\u1ed1i h\u00e0n \u0111\u1ec1u.<br \/>\n&#8211; Bi\u1ebfn \u00e1p m\u1ea1nh th\u00ec m\u1ed1i h\u00e0n tr\u1eafng, bi\u1ebfn \u00e1p y\u1ebfu th\u00ec m\u1ed1i h\u00e0n \u0111en<br \/>\n&#8211; M\u1ea1ch xung k\u00e9p m\u1ed7i xung c\u00f3 th\u1ec3 ch\u1ec9nh th\u1eddi gian 10ms &#8211; 90ms, ch\u1ec9nh \u0111\u01b0\u1ee3c c\u00f4ng su\u1ea5t h\u00e0n 0-99% n\u00ean c\u00f3 th\u1ec3 h\u00e0n k\u1ebdm m\u1ecfng 0.05-0.2mm.<br \/>\n&#8211; M\u1ea1ch ch\u1ec9nh time m\u1ecbn, m\u1ed7i b\u01b0\u1edbc l\u00e0 10ms, c\u00f2n m\u1ea1ch china th\u01b0\u1eddng b\u01b0\u1edbc ch\u1ec9nh l\u00e0 20ms<br \/>\n&#8211; Khi ch\u1ec9nh n\u00ean ch\u1ec9nh xung 1 y\u1ebfu c\u00f3 t\u00e1c d\u1ee5ng l\u00e0m m\u1ec1m k\u1ebdm, xung 2 m\u1edbi h\u00e0n d\u00ednh ng\u1ea5u k\u1ebdm, m\u1ed7i xung n\u00ean \u0111\u1ec3 l\u00e0 s\u1ed1 ch\u1eb5n \u0111\u1ec3 t\u1eadn d\u1ee5ng d\u00f2ng \u0111\u1ea3o c\u1ef1c AC.<br \/>\n&#8211; Khi test h\u00e0n ch\u1ec9nh c\u00f4ng su\u1ea5t l\u00ean t\u1eeb t\u1eeb, c\u1ea7n c\u00f3 th\u1eddi gian l\u00e0m quen c\u00e1ch ch\u1ec9nh m\u1ea1ch<br \/>\n&#8211; Shop test h\u00e0n t\u1ed1t k\u1ebdm 0.18 c\u00f3 x\u1ebb r\u00e3nh, tr\u00ean m\u00e0n h\u00ecnh LCD:<br \/>\n&#8211; D\u00f2ng th\u1ee9 nh\u1ea5t: P1: 20% P2: 40% (C\u00f4ng su\u1ea5t xung 1 m\u1ee9c 20%, c\u00f4ng su\u1ea5t xung 2 m\u1ee9c 40%)<br \/>\n&#8211; D\u00f2ng th\u1ee9 hai: T1 10ms T2 10ms t\u01b0\u01a1ng \u1ee9ng Time xung 1, Time xung 2<br \/>\n&#8211; V\u1edbi m\u00e0n h\u00ecnh LCD d\u1ec5 d\u00e0ng ch\u1ec9nh th\u00f4ng s\u1ed1, l\u00e0m quen nhanh c\u00e1ch v\u1eadn h\u00e0nh.<br \/>\n&#8211; N\u00fam v\u1eb7n encoder, d\u00f9ng th\u1eddi gian l\u00e2u d\u00e0i ko b\u1ecb m\u00f2n v\u00e0 lo\u1ea1n nh\u01b0 bi\u1ebfn tr\u1edf.<br \/>\n&#8211; S\u1eed d\u1ee5ng BTA 100A 1200V<\/p>\n<p><strong><a href=\"https:\/\/maybommini.com\/wp-content\/uploads\/2023\/08\/Welder-For-18650-Lithium-Batteries-3KW-High-Power-Automatic-Sensing-Pulse-Welding-Machine-220V.jpg\" target=\"_blank\" rel=\"noopener\"><img decoding=\"async\" class=\"size-full wp-image-274435 aligncenter\" src=\"https:\/\/maybommini.com\/wp-content\/uploads\/2023\/08\/Welder-For-18650-Lithium-Batteries-3KW-High-Power-Automatic-Sensing-Pulse-Welding-Machine-220V.jpg\" alt=\"Welder For 18650 Lithium Batteries 3KW High Power Automatic Sensing Pulse Welding Machine 220V\" width=\"750\" height=\"750\" srcset=\"https:\/\/maybommini.vn\/wp-content\/uploads\/2023\/08\/Welder-For-18650-Lithium-Batteries-3KW-High-Power-Automatic-Sensing-Pulse-Welding-Machine-220V.jpg 750w, https:\/\/maybommini.vn\/wp-content\/uploads\/2023\/08\/Welder-For-18650-Lithium-Batteries-3KW-High-Power-Automatic-Sensing-Pulse-Welding-Machine-220V-300x300.jpg 300w, https:\/\/maybommini.vn\/wp-content\/uploads\/2023\/08\/Welder-For-18650-Lithium-Batteries-3KW-High-Power-Automatic-Sensing-Pulse-Welding-Machine-220V-150x150.jpg 150w, https:\/\/maybommini.vn\/wp-content\/uploads\/2023\/08\/Welder-For-18650-Lithium-Batteries-3KW-High-Power-Automatic-Sensing-Pulse-Welding-Machine-220V-600x600.jpg 600w\" sizes=\"(max-width: 750px) 100vw, 750px\" \/><\/a><\/strong><\/p>\n<p><strong><a href=\"https:\/\/maybommini.com\/wp-content\/uploads\/2023\/08\/han-cell-pin-chuyen-nghiep.jpg\" target=\"_blank\" rel=\"noopener\"><img decoding=\"async\" class=\"size-full wp-image-274439 aligncenter\" src=\"https:\/\/maybommini.com\/wp-content\/uploads\/2023\/08\/han-cell-pin-chuyen-nghiep.jpg\" alt=\"Han Cell Pin Chuyen Nghiep\" width=\"750\" height=\"750\" srcset=\"https:\/\/maybommini.vn\/wp-content\/uploads\/2023\/08\/han-cell-pin-chuyen-nghiep.jpg 750w, https:\/\/maybommini.vn\/wp-content\/uploads\/2023\/08\/han-cell-pin-chuyen-nghiep-300x300.jpg 300w, https:\/\/maybommini.vn\/wp-content\/uploads\/2023\/08\/han-cell-pin-chuyen-nghiep-150x150.jpg 150w, https:\/\/maybommini.vn\/wp-content\/uploads\/2023\/08\/han-cell-pin-chuyen-nghiep-600x600.jpg 600w\" sizes=\"(max-width: 750px) 100vw, 750px\" \/><\/a><\/strong><\/p>\n<p><strong><a href=\"https:\/\/maybommini.com\/wp-content\/uploads\/2023\/08\/may-han-pin-gia-re.jpg\" target=\"_blank\" rel=\"noopener\"><img decoding=\"async\" class=\"size-full wp-image-274433 aligncenter\" src=\"https:\/\/maybommini.com\/wp-content\/uploads\/2023\/08\/may-han-pin-gia-re.jpg\" alt=\"May Han Pin Gia Re\" width=\"750\" height=\"750\" srcset=\"https:\/\/maybommini.vn\/wp-content\/uploads\/2023\/08\/may-han-pin-gia-re.jpg 750w, https:\/\/maybommini.vn\/wp-content\/uploads\/2023\/08\/may-han-pin-gia-re-300x300.jpg 300w, https:\/\/maybommini.vn\/wp-content\/uploads\/2023\/08\/may-han-pin-gia-re-150x150.jpg 150w, https:\/\/maybommini.vn\/wp-content\/uploads\/2023\/08\/may-han-pin-gia-re-600x600.jpg 600w\" sizes=\"(max-width: 750px) 100vw, 750px\" \/><\/a><\/strong><\/p>\n<p><strong><a href=\"https:\/\/maybommini.com\/wp-content\/uploads\/2023\/08\/ban-may-han-cell-pin-chuyen-nghiep-220V-3KW-800E.jpg\" target=\"_blank\" rel=\"noopener\"><img decoding=\"async\" class=\"size-full wp-image-274436 aligncenter\" src=\"https:\/\/maybommini.com\/wp-content\/uploads\/2023\/08\/ban-may-han-cell-pin-chuyen-nghiep-220V-3KW-800E.jpg\" alt=\"Ban May Han Cell Pin Chuyen Nghiep 220V 3KW 800E\" width=\"750\" height=\"750\" srcset=\"https:\/\/maybommini.vn\/wp-content\/uploads\/2023\/08\/ban-may-han-cell-pin-chuyen-nghiep-220V-3KW-800E.jpg 750w, https:\/\/maybommini.vn\/wp-content\/uploads\/2023\/08\/ban-may-han-cell-pin-chuyen-nghiep-220V-3KW-800E-300x300.jpg 300w, https:\/\/maybommini.vn\/wp-content\/uploads\/2023\/08\/ban-may-han-cell-pin-chuyen-nghiep-220V-3KW-800E-150x150.jpg 150w, https:\/\/maybommini.vn\/wp-content\/uploads\/2023\/08\/ban-may-han-cell-pin-chuyen-nghiep-220V-3KW-800E-600x600.jpg 600w\" sizes=\"(max-width: 750px) 100vw, 750px\" \/><\/a><\/strong><\/p>\n<p><strong>\u1ee8NG D\u1ee4NG S\u1eec D\u1ee4NG M\u00c1Y H\u00c0N CELL<\/strong><br \/>\n&#8211; S\u1eed d\u1ee5ng h\u00e0n cell \u0111\u00f3ng pin cell pin b\u1eb1ng h\u00e0n.<br \/>\n&#8211; S\u1eed d\u1ee5ng cho tr\u1ee5 h\u00e0n cell t\u1ef1 \u0111\u1ed9ng.<br \/>\n&#8211; M\u00e1y h\u00e0n cell cho k\u1ef9 thu\u1eadt, th\u1ee3 \u0111\u00f3ng h\u00e0n pin chuy\u00ean nghi\u1ec7p v\u00e0 nghi\u1ec7p d\u01b0.<br \/>\n&#8211; M\u00e1y h\u00e0n cell pin DIY<\/p>\n<p><strong><a href=\"https:\/\/maybommini.com\/wp-content\/uploads\/2023\/08\/han-pin-han-cell-may-han-cell.jpg\" target=\"_blank\" rel=\"noopener\"><img decoding=\"async\" class=\"size-full wp-image-274440 aligncenter\" src=\"https:\/\/maybommini.com\/wp-content\/uploads\/2023\/08\/han-pin-han-cell-may-han-cell.jpg\" alt=\"Han Pin Han Cell May Han Cell\" width=\"750\" height=\"750\" srcset=\"https:\/\/maybommini.vn\/wp-content\/uploads\/2023\/08\/han-pin-han-cell-may-han-cell.jpg 750w, https:\/\/maybommini.vn\/wp-content\/uploads\/2023\/08\/han-pin-han-cell-may-han-cell-300x300.jpg 300w, https:\/\/maybommini.vn\/wp-content\/uploads\/2023\/08\/han-pin-han-cell-may-han-cell-150x150.jpg 150w, https:\/\/maybommini.vn\/wp-content\/uploads\/2023\/08\/han-pin-han-cell-may-han-cell-600x600.jpg 600w\" sizes=\"(max-width: 750px) 100vw, 750px\" \/><\/a><\/strong><\/p>\n<p><strong>CTY TNHH TH\u01af\u01a0NG M\u1ea0I D\u1ecaCH V\u1ee4 \u0110I\u1ec6N M\u00c1Y TH\u00d4NG MINH<br \/>\nHotline: 02873030399 \u2013 0907294310<br \/>\nEmail: maybommini.com@gmail.com<br \/>\nWebsite: https:\/\/maybommini.com<br \/>\nYoutube demo : <a href=\"https:\/\/www.youtube.com\/bahamasali\" target=\"_blank\" rel=\"noopener noreferrer\">https:\/\/www.youtube.com\/bahamasali<\/a><\/strong><\/p>\n<p>&nbsp;<\/p>\n<h3 style=\"text-align: center;\">M\u00e1y h\u00e0n cell pin chuy\u00ean nghi\u1ec7p 220V BTA100A DUAL 800E<br \/>\nPulse Spot Welding Machine<\/h3>\n","protected":false},"excerpt":{"rendered":"<p>Th\u01b0\u01a1ng hi\u1ec7u: MTM<br \/>\nModel: BTA100A-DUAL-800E<br \/>\n\u0110i\u1ec7n th\u1ebf v\u00e0o: 220V AC<br \/>\nC\u00f4ng su\u1ea5t: 3.0 KW<br \/>\n\u0110i\u1ec7n \u00e1p \u0111\u1ea7u ra : 3V &#8211; 4V<br \/>\nBi\u1ebfn th\u1ebf 800E cu\u1ed9n d\u00e2y \u0111\u1ed3ng s\u01a1 c\u1ea5p v\u00e0 th\u1ee9 c\u1ea5p.<br \/>\nTh\u1ee9 c\u1ea5p d\u00e2y \u0111\u1ed3ng M35 &#8211; 35mm\u00b2<br \/>\nM\u1ea1ch Timer BTA 100A 1200V xung k\u00e9p.<br \/>\nCh\u1ec9nh \u0111\u01b0\u1ee3c c\u00f4ng su\u1ea5t h\u00e0n 0 &#8211; 99%<br \/>\nCh\u1ec9nh th\u1eddi gian 10ms &#8211; 90ms.<br \/>\nM\u1ea1ch ch\u1ec9nh time m\u1ecbn.<br \/>\nM\u00e0n h\u00ecnh LCD<br \/>\nT\u1ea5m niken h\u00e0n ph\u00f9 h\u1ee3p: 0.01 &#8211; 0.3 mm<br \/>\nC\u1ed5ng k\u1ebft n\u1ed1i Switch.<br \/>\nCh\u1ea5t li\u1ec7u: \u0110\u1ed3ng &#8211; Th\u00e9p &#8211; Nh\u1ef1a.<br \/>\nK\u00edch th\u01b0\u1edbc: mm.<br \/>\nTr\u1ecdng l\u01b0\u1ee3ng: 5.4 Kg.<br \/>\nB\u1ea3o h\u00e0nh: 6 th\u00e1ng<\/p>\n","protected":false},"featured_media":274430,"comment_status":"open","ping_status":"closed","template":"","meta":[],"product_brand":[],"product_cat":[4291],"product_tag":[3948,1283,1284,1285,1286,1287,1289,1290,1291,1292,1293,3382,4292,3383],"class_list":{"0":"post-274427","1":"product","2":"type-product","3":"status-publish","4":"has-post-thumbnail","6":"product_cat-may-han-cell","7":"product_tag-800e","8":"product_tag-ghep-cell-pin","9":"product_tag-ghep-pin","10":"product_tag-han-cell-pin","11":"product_tag-han-pin","12":"product_tag-han-pin-may-khoan","13":"product_tag-may-ghep-pin","14":"product_tag-may-ghep-pin-sac","15":"product_tag-may-han","16":"product_tag-may-han-cell-pin","17":"product_tag-may-han-pin","18":"product_tag-pulse-spot-welding-machine","19":"product_tag-timer-bta-100a-1200v","20":"product_tag-welding-machine","22":"first","23":"instock","24":"shipping-taxable","25":"product-type-simple"},"_links":{"self":[{"href":"https:\/\/maybommini.vn\/index.php?rest_route=\/wp\/v2\/product\/274427","targetHints":{"allow":["GET"]}}],"collection":[{"href":"https:\/\/maybommini.vn\/index.php?rest_route=\/wp\/v2\/product"}],"about":[{"href":"https:\/\/maybommini.vn\/index.php?rest_route=\/wp\/v2\/types\/product"}],"replies":[{"embeddable":true,"href":"https:\/\/maybommini.vn\/index.php?rest_route=%2Fwp%2Fv2%2Fcomments&post=274427"}],"wp:featuredmedia":[{"embeddable":true,"href":"https:\/\/maybommini.vn\/index.php?rest_route=\/wp\/v2\/media\/274430"}],"wp:attachment":[{"href":"https:\/\/maybommini.vn\/index.php?rest_route=%2Fwp%2Fv2%2Fmedia&parent=274427"}],"wp:term":[{"taxonomy":"product_brand","embeddable":true,"href":"https:\/\/maybommini.vn\/index.php?rest_route=%2Fwp%2Fv2%2Fproduct_brand&post=274427"},{"taxonomy":"product_cat","embeddable":true,"href":"https:\/\/maybommini.vn\/index.php?rest_route=%2Fwp%2Fv2%2Fproduct_cat&post=274427"},{"taxonomy":"product_tag","embeddable":true,"href":"https:\/\/maybommini.vn\/index.php?rest_route=%2Fwp%2Fv2%2Fproduct_tag&post=274427"}],"curies":[{"name":"wp","href":"https:\/\/api.w.org\/{rel}","templated":true}]}}