{"id":274534,"date":"2023-08-15T22:42:55","date_gmt":"2023-08-15T15:42:55","guid":{"rendered":"https:\/\/maybommini.com\/?post_type=product&#038;p=274534"},"modified":"2024-10-29T10:42:41","modified_gmt":"2024-10-29T03:42:41","slug":"may-quan-day-bien-ap-nhay-so-nhong-thep","status":"publish","type":"product","link":"https:\/\/maybommini.vn\/?product=may-quan-day-bien-ap-nhay-so-nhong-thep","title":{"rendered":"M\u00e1y qu\u1ea5n d\u00e2y bi\u1ebfn \u00e1p nh\u1ea3y s\u1ed1 &#8211; nh\u00f4ng th\u00e9p"},"content":{"rendered":"<h4>M\u00e1y qu\u1ea5n d\u00e2y bi\u1ebfn \u00e1p nh\u1ea3y s\u1ed1 l\u00e0 m\u00e1y qu\u1ea5n d\u00e2y \u0111\u1ed3ng b\u1eb1ng tay c\u00f3 ch\u1ee9c n\u0103ng hi\u1ec3n th\u1ecb s\u1ed1 v\u00f2ng qu\u1ea5n tr\u00ean b\u1ea3ng s\u1ed1. M\u00e1y c\u00f3 t\u1ed1c \u0111\u1ed9 l\u1edbn nh\u1ea5t l\u00e0 3600 v\u00f2ng\/ph\u00fat, \u0111\u01b0\u1eddng k\u00ednh t\u1ed1i \u0111a c\u1ee7a cu\u1ed9n d\u00e2y l\u00e0 150mm, chi\u1ec1u d\u00e0i c\u1ee7a cu\u1ed9n d\u00e2y l\u00e0 100m v\u00e0 s\u1ed1 v\u00f2ng c\u00f3 th\u1ec3 \u0111\u1eb7t t\u1eeb 0 &#8211; 99999 v\u00f2ng. M\u00e1y gi\u00fap b\u1ea1n qu\u1ea5n d\u00e2y bi\u1ebfn \u00e1p m\u1ed9t c\u00e1ch nhanh ch\u00f3ng, ch\u00ednh x\u00e1c v\u00e0 ti\u1ec7n l\u1ee3i.<\/h4>\n<p><strong><a href=\"https:\/\/maybommini.com\/wp-content\/uploads\/2023\/08\/May-quan-day-bien-ap-nhay-so.jpg\" target=\"_blank\" rel=\"noopener\"><img decoding=\"async\" class=\"size-full wp-image-274537 aligncenter\" src=\"https:\/\/maybommini.com\/wp-content\/uploads\/2023\/08\/May-quan-day-bien-ap-nhay-so.jpg\" alt=\"May Quan Day Bien Ap Nhay So\" width=\"750\" height=\"750\" srcset=\"https:\/\/maybommini.vn\/wp-content\/uploads\/2023\/08\/May-quan-day-bien-ap-nhay-so.jpg 750w, https:\/\/maybommini.vn\/wp-content\/uploads\/2023\/08\/May-quan-day-bien-ap-nhay-so-300x300.jpg 300w, https:\/\/maybommini.vn\/wp-content\/uploads\/2023\/08\/May-quan-day-bien-ap-nhay-so-150x150.jpg 150w, https:\/\/maybommini.vn\/wp-content\/uploads\/2023\/08\/May-quan-day-bien-ap-nhay-so-600x600.jpg 600w\" sizes=\"(max-width: 750px) 100vw, 750px\" \/><\/a>TH\u00d4NG S\u1ed0 K\u1ef8 THU\u1eacT<\/strong><br \/>\nTh\u01b0\u01a1ng hi\u1ec7u: HEIMAO<br \/>\nModel: NZ-I<br \/>\nNh\u00f4ng th\u00e9p 2 b\u00e1nh r\u0103ng ch\u00ednh<br \/>\nNh\u00f4ng nh\u1ef1a 2 b\u00e1nh r\u0103ng ph\u1ee5 v\u1ecb tr\u00ed tay c\u1ea7m<br \/>\nT\u1ed1c \u0111\u1ed9 l\u1edbn nh\u1ea5t: 3600 v\u00f2ng \/ ph\u00fat<br \/>\nK\u00edch th\u01b0\u1edbc: 290 x 100 x 180 mm<br \/>\n\u0110\u01b0\u1eddng k\u00ednh t\u1ed1i \u0111a c\u1ee7a cu\u1ed9n d\u00e2y: 150mm<br \/>\nChi\u1ec1u d\u00e0i c\u1ee7a cu\u1ed9n d\u00e2y: 100m<br \/>\nS\u1ed1 v\u00f2ng: 0 &#8211; 99999 v\u00f2ng<br \/>\nTr\u1ecdng l\u01b0\u1ee3ng: 2.5kg<\/p>\n<p><a href=\"https:\/\/maybommini.com\/wp-content\/uploads\/2023\/08\/May-quan-day-bien-ap-nhay-so-nhong-thep.jpg\" target=\"_blank\" rel=\"noopener\"><img decoding=\"async\" class=\"size-full wp-image-274539 aligncenter\" src=\"https:\/\/maybommini.com\/wp-content\/uploads\/2023\/08\/May-quan-day-bien-ap-nhay-so-nhong-thep.jpg\" alt=\"May Quan Day Bien Ap Nhay So Nhong Thep\" width=\"750\" height=\"750\" srcset=\"https:\/\/maybommini.vn\/wp-content\/uploads\/2023\/08\/May-quan-day-bien-ap-nhay-so-nhong-thep.jpg 750w, https:\/\/maybommini.vn\/wp-content\/uploads\/2023\/08\/May-quan-day-bien-ap-nhay-so-nhong-thep-300x300.jpg 300w, https:\/\/maybommini.vn\/wp-content\/uploads\/2023\/08\/May-quan-day-bien-ap-nhay-so-nhong-thep-150x150.jpg 150w, https:\/\/maybommini.vn\/wp-content\/uploads\/2023\/08\/May-quan-day-bien-ap-nhay-so-nhong-thep-600x600.jpg 600w\" sizes=\"(max-width: 750px) 100vw, 750px\" \/><\/a><a href=\"https:\/\/maybommini.com\/wp-content\/uploads\/2023\/08\/may-quay-quan-bien-ap-cuon-day-dong.jpg\" target=\"_blank\" rel=\"noopener\"><img decoding=\"async\" class=\"size-full wp-image-274540 aligncenter\" src=\"https:\/\/maybommini.com\/wp-content\/uploads\/2023\/08\/may-quay-quan-bien-ap-cuon-day-dong.jpg\" alt=\"May Quay Quan Bien Ap Cuon Day Dong\" width=\"750\" height=\"750\" srcset=\"https:\/\/maybommini.vn\/wp-content\/uploads\/2023\/08\/may-quay-quan-bien-ap-cuon-day-dong.jpg 750w, https:\/\/maybommini.vn\/wp-content\/uploads\/2023\/08\/may-quay-quan-bien-ap-cuon-day-dong-300x300.jpg 300w, https:\/\/maybommini.vn\/wp-content\/uploads\/2023\/08\/may-quay-quan-bien-ap-cuon-day-dong-150x150.jpg 150w, https:\/\/maybommini.vn\/wp-content\/uploads\/2023\/08\/may-quay-quan-bien-ap-cuon-day-dong-600x600.jpg 600w\" sizes=\"(max-width: 750px) 100vw, 750px\" \/><\/a><a href=\"https:\/\/maybommini.com\/wp-content\/uploads\/2023\/08\/noi-ban-may-quan-day-dong-dem-so-nhay-so.jpg\" target=\"_blank\" rel=\"noopener\"><img decoding=\"async\" class=\"size-full wp-image-274541 aligncenter\" src=\"https:\/\/maybommini.com\/wp-content\/uploads\/2023\/08\/noi-ban-may-quan-day-dong-dem-so-nhay-so.jpg\" alt=\"Noi Ban May Quan Day Dong Dem So Nhay So\" width=\"750\" height=\"750\" srcset=\"https:\/\/maybommini.vn\/wp-content\/uploads\/2023\/08\/noi-ban-may-quan-day-dong-dem-so-nhay-so.jpg 750w, https:\/\/maybommini.vn\/wp-content\/uploads\/2023\/08\/noi-ban-may-quan-day-dong-dem-so-nhay-so-300x300.jpg 300w, https:\/\/maybommini.vn\/wp-content\/uploads\/2023\/08\/noi-ban-may-quan-day-dong-dem-so-nhay-so-150x150.jpg 150w, https:\/\/maybommini.vn\/wp-content\/uploads\/2023\/08\/noi-ban-may-quan-day-dong-dem-so-nhay-so-600x600.jpg 600w\" sizes=\"(max-width: 750px) 100vw, 750px\" \/><\/a><a href=\"https:\/\/maybommini.com\/wp-content\/uploads\/2023\/08\/May-quan-day-bien-ap-nhay-so-cao-cap-gia-re.jpg\" target=\"_blank\" rel=\"noopener\"><img decoding=\"async\" class=\"size-full wp-image-274538 aligncenter\" src=\"https:\/\/maybommini.com\/wp-content\/uploads\/2023\/08\/May-quan-day-bien-ap-nhay-so-cao-cap-gia-re.jpg\" alt=\"May Quan Day Bien Ap Nhay So Cao Cap Gia Re\" width=\"750\" height=\"750\" srcset=\"https:\/\/maybommini.vn\/wp-content\/uploads\/2023\/08\/May-quan-day-bien-ap-nhay-so-cao-cap-gia-re.jpg 750w, https:\/\/maybommini.vn\/wp-content\/uploads\/2023\/08\/May-quan-day-bien-ap-nhay-so-cao-cap-gia-re-300x300.jpg 300w, https:\/\/maybommini.vn\/wp-content\/uploads\/2023\/08\/May-quan-day-bien-ap-nhay-so-cao-cap-gia-re-150x150.jpg 150w, https:\/\/maybommini.vn\/wp-content\/uploads\/2023\/08\/May-quan-day-bien-ap-nhay-so-cao-cap-gia-re-600x600.jpg 600w\" sizes=\"(max-width: 750px) 100vw, 750px\" \/><\/a><\/p>\n<p>V\u1edbi m\u00e1y qu\u1ea5n bi\u1ebfn \u00e1p th\u1ee7 c\u00f4ng b\u1ea1n s\u1ebd cho ra nh\u1eefng cu\u00f4n d\u00e2y \u0111\u1ed3ng, nh\u1eefng chi\u1ebfc m\u00e1y bi\u1ebfn \u00e1p v\u1edbi s\u1ed1 v\u00f2ng t\u00f9y th\u00edch. Thu\u1eadn ti\u1ec7n \u00e1p d\u1ee5ng cho c\u00e1c lo\u1ea1i \u0111\u1ed9ng c\u01a1 c\u00f4ng su\u1ea5t nh\u1ecf \u0111\u1ebfn \u0111\u1ed9ng c\u01a1 c\u00f3 c\u00f4ng su\u1ea5t l\u1edbn. M\u00e1y qu\u1ea5n d\u00e2y \u0111\u1ed3ng th\u1ee7 c\u00f4ng c\u1ea7n k\u1ebft h\u1ee3p khu\u00f4n qu\u1ea5n m\u00e1y bi\u1ebfn \u00e1p th\u00e1p \u0111\u1ed3ng t\u00e2m, ho\u1eb7c khu\u00f4n qu\u1ea5n m\u00e1y bi\u1ebfn \u00e1p \u0111\u1ed3ng khu\u00f4n.<br \/>\nM\u00e1y qu\u1ea5n d\u00e2y \u0111\u1ed3ng \u0111\u1ebfm s\u1ed1 l\u00e0 m\u1ed9t thi\u1ebft b\u1ecb d\u00f9ng \u0111\u1ec3 qu\u1ea5n d\u00e2y \u0111\u1ed3ng tr\u00ean c\u00e1c cu\u1ed9n d\u00e2y, m\u00f4 t\u01a1 ho\u1eb7c c\u00e1c s\u1ea3n ph\u1ea9m kh\u00e1c. M\u00e1y c\u00f3 b\u1ed9 \u0111\u1ebfm s\u1ed1 \u0111\u1ec3 ki\u1ec3m so\u00e1t s\u1ed1 v\u00f2ng qu\u1ea5n ho\u1eb7c chi\u1ec1u d\u00e0i c\u1ee7a d\u00e2y \u0111\u1ed3ng.<\/p>\n<p><a href=\"https:\/\/maybommini.com\/wp-content\/uploads\/2023\/08\/gia-may-quan-day-bien-ap-nhay-so.jpg\" target=\"_blank\" rel=\"noopener\"><img decoding=\"async\" class=\"size-full wp-image-274536 aligncenter\" src=\"https:\/\/maybommini.com\/wp-content\/uploads\/2023\/08\/gia-may-quan-day-bien-ap-nhay-so.jpg\" alt=\"Gia May Quan Day Bien Ap Nhay So\" width=\"750\" height=\"750\" srcset=\"https:\/\/maybommini.vn\/wp-content\/uploads\/2023\/08\/gia-may-quan-day-bien-ap-nhay-so.jpg 750w, https:\/\/maybommini.vn\/wp-content\/uploads\/2023\/08\/gia-may-quan-day-bien-ap-nhay-so-300x300.jpg 300w, https:\/\/maybommini.vn\/wp-content\/uploads\/2023\/08\/gia-may-quan-day-bien-ap-nhay-so-150x150.jpg 150w, https:\/\/maybommini.vn\/wp-content\/uploads\/2023\/08\/gia-may-quan-day-bien-ap-nhay-so-600x600.jpg 600w\" sizes=\"(max-width: 750px) 100vw, 750px\" \/><\/a><\/p>\n<p>M\u00e1y qu\u1ea5n d\u00e2y \u0111\u1ed3ng \u0111\u1ebfm s\u1ed1 c\u00f3 nhi\u1ec1u \u1ee9ng d\u1ee5ng trong ng\u00e0nh \u0111i\u1ec7n, nh\u01b0 qu\u1ea5n d\u00e2y cho c\u00e1c m\u00f4 t\u01a1, bi\u1ebfn \u00e1p, cu\u1ed9n c\u1ea3m, cu\u1ed9n d\u00e2y \u0111i\u1ec7n t\u1eed, v.v. M\u00e1y gi\u00fap ti\u1ebft ki\u1ec7m th\u1eddi gian, c\u00f4ng s\u1ee9c v\u00e0 t\u0103ng ch\u00ednh x\u00e1c khi qu\u1ea5n d\u00e2y theo s\u1ed1 v\u00f2ng \u0111\u1eb7t tr\u01b0\u1edbc.<\/p>\n<p><a href=\"https:\/\/maybommini.com\/wp-content\/uploads\/2023\/08\/ban-may-quan-day-bien-ap-nhay-so.jpg\" target=\"_blank\" rel=\"noopener\"><img decoding=\"async\" class=\"size-full wp-image-274535 aligncenter\" src=\"https:\/\/maybommini.com\/wp-content\/uploads\/2023\/08\/ban-may-quan-day-bien-ap-nhay-so.jpg\" alt=\"Ban May Quan Day Bien Ap Nhay So\" width=\"750\" height=\"750\" srcset=\"https:\/\/maybommini.vn\/wp-content\/uploads\/2023\/08\/ban-may-quan-day-bien-ap-nhay-so.jpg 750w, https:\/\/maybommini.vn\/wp-content\/uploads\/2023\/08\/ban-may-quan-day-bien-ap-nhay-so-300x300.jpg 300w, https:\/\/maybommini.vn\/wp-content\/uploads\/2023\/08\/ban-may-quan-day-bien-ap-nhay-so-150x150.jpg 150w, https:\/\/maybommini.vn\/wp-content\/uploads\/2023\/08\/ban-may-quan-day-bien-ap-nhay-so-600x600.jpg 600w\" sizes=\"(max-width: 750px) 100vw, 750px\" \/><\/a><\/p>\n<h3><strong>Chuy\u00ean cung c\u1ea5p thi\u1ebft b\u1ecb \u0111i\u1ec7n, d\u00e2y \u0111\u1ed3ng, m\u00e1y qu\u1ea5n d\u00e2y \u0111\u1ed3ng, ph\u1ee5 ki\u1ec7n \u0111i\u1ec7n gia d\u1ee5ng, t\u1ee7 \u0111i\u1ec7n, thi\u1ebft b\u1ecb c\u1ea7m tay, m\u00e1y qu\u1ea1t pin, qu\u1ea1t th\u1ed5i l\u1eeda c\u1ea7m tay, m\u00e1y b\u1eafn v\u00edt, m\u00e1y khoan. \u0111\u00e8n led v\u00e0 nhi\u1ec1u thi\u1ebft b\u1ecb kh\u00e1c gi\u00e1 t\u1ed1t ch\u00ednh h\u00e3ng b\u1ea3o h\u00e0nh l\u00e2u d\u00e0i.<\/strong><\/h3>\n<p><strong>CTY TNHH TH\u01af\u01a0NG M\u1ea0I D\u1ecaCH V\u1ee4 \u0110I\u1ec6N M\u00c1Y TH\u00d4NG MINH<\/strong><br \/>\n<strong>Hotline:<\/strong>\u00a0<a href=\"tel:02873030399\">02873030399<\/a>\u00a0\u2013\u00a0<a href=\"tel:0907294310\">0907294310<\/a>\u00a0\u2013\u00a0<a href=\"tel:0908997823\">0908997823<\/a>\u00a0\u2013\u00a0<a href=\"tel:0908997872\">0908997872<\/a><br \/>\n<strong>Email:<\/strong>\u00a0maybommini.com@gmail.com<br \/>\n<strong>Website:<\/strong>\u00a0<a href=\"https:\/\/maybommini.com\/\" target=\"_blank\" rel=\"noopener\">https:\/\/maybommini.com<\/a><br \/>\n<strong>Youtube demo:<\/strong>\u00a0<a title=\"Youtube M\u00e1y B\u01a1m Mini\" href=\"https:\/\/www.youtube.com\/bahamasali\" target=\"_blank\" rel=\"noopener\">M\u00e1y B\u01a1m Mini<\/a><\/p>\n<p><a class=\"swipebox\" title=\"\" href=\"https:\/\/maybommini.com\/wp-content\/uploads\/2022\/07\/thong-tin-lien-he-may-bom-mini.jpg\" data-rel=\"lightbox-image-bGlnaHRib3gtaW1hZ2UtYkdsbmFIUmliM2d0YVcxaFoyVXRZa2RzYm1GSVVtbGlNMmQwWVZjeGFGb3lWWFJOVkZVOQ==\" data-rl_title=\"\" data-rl_caption=\"\" data-rl_ target=\"_blank\" rel=\"noopener\"><img decoding=\"async\" class=\"size-full wp-image-270584 aligncenter lazyloaded\" src=\"https:\/\/maybommini.com\/wp-content\/uploads\/2022\/07\/thong-tin-lien-he-may-bom-mini.jpg\" sizes=\"(max-width: 750px) 100vw, 750px\" srcset=\"https:\/\/maybommini.com\/wp-content\/uploads\/2022\/07\/thong-tin-lien-he-may-bom-mini.jpg 750w, https:\/\/maybommini.com\/wp-content\/uploads\/2022\/07\/thong-tin-lien-he-may-bom-mini-300x202.jpg 300w, https:\/\/maybommini.com\/wp-content\/uploads\/2022\/07\/thong-tin-lien-he-may-bom-mini-600x405.jpg 600w\" alt=\"Thong Tin Lien He May Bom Mini\" width=\"750\" height=\"506\" data-lazy-srcset=\"https:\/\/maybommini.com\/wp-content\/uploads\/2022\/07\/thong-tin-lien-he-may-bom-mini.jpg 750w, https:\/\/maybommini.com\/wp-content\/uploads\/2022\/07\/thong-tin-lien-he-may-bom-mini-300x202.jpg 300w, https:\/\/maybommini.com\/wp-content\/uploads\/2022\/07\/thong-tin-lien-he-may-bom-mini-600x405.jpg 600w\" data-lazy-sizes=\"(max-width: 750px) 100vw, 750px\" data-lazy-src=\"https:\/\/maybommini.com\/wp-content\/uploads\/2022\/07\/thong-tin-lien-he-may-bom-mini.jpg\" data-was-processed=\"true\" \/><\/a><\/p>\n","protected":false},"excerpt":{"rendered":"<p>Th\u01b0\u01a1ng hi\u1ec7u: HEIMAO<br \/>\nModel: NZ-I<br \/>\nNh\u00f4ng th\u00e9p 4 b\u00e1nh r\u0103ng ch\u00ednh.<br \/>\nT\u1ed1c \u0111\u1ed9 l\u1edbn nh\u1ea5t: 3600 v\u00f2ng \/ ph\u00fat<br \/>\nK\u00edch th\u01b0\u1edbc: 290 x 100 x 180 mm<br \/>\n\u0110\u01b0\u1eddng k\u00ednh t\u1ed1i \u0111a c\u1ee7a cu\u1ed9n d\u00e2y: 150mm<br \/>\nChi\u1ec1u d\u00e0i c\u1ee7a cu\u1ed9n d\u00e2y: 100m<br \/>\nS\u1ed1 v\u00f2ng: 0 &#8211; 99999 v\u00f2ng<br \/>\nTr\u1ecdng l\u01b0\u1ee3ng: 2.5kg<br \/>\nB\u1ea3o h\u00e0nh: 3 th\u00e1ng<\/p>\n","protected":false},"featured_media":274537,"comment_status":"open","ping_status":"closed","template":"","meta":[],"product_brand":[],"product_cat":[4309],"product_tag":[4314,4315,4312,4313,4311],"class_list":{"0":"post-274534","1":"product","2":"type-product","3":"status-publish","4":"has-post-thumbnail","6":"product_cat-thiet-bi-quan-day","7":"product_tag-ban-quan-day-dong","8":"product_tag-heimao","9":"product_tag-may-quan-bien-ap","10":"product_tag-may-quan-bien-ap-dem-so","11":"product_tag-may-quan-day","13":"first","14":"instock","15":"sale","16":"shipping-taxable","17":"purchasable","18":"product-type-simple"},"_links":{"self":[{"href":"https:\/\/maybommini.vn\/index.php?rest_route=\/wp\/v2\/product\/274534","targetHints":{"allow":["GET"]}}],"collection":[{"href":"https:\/\/maybommini.vn\/index.php?rest_route=\/wp\/v2\/product"}],"about":[{"href":"https:\/\/maybommini.vn\/index.php?rest_route=\/wp\/v2\/types\/product"}],"replies":[{"embeddable":true,"href":"https:\/\/maybommini.vn\/index.php?rest_route=%2Fwp%2Fv2%2Fcomments&post=274534"}],"wp:featuredmedia":[{"embeddable":true,"href":"https:\/\/maybommini.vn\/index.php?rest_route=\/wp\/v2\/media\/274537"}],"wp:attachment":[{"href":"https:\/\/maybommini.vn\/index.php?rest_route=%2Fwp%2Fv2%2Fmedia&parent=274534"}],"wp:term":[{"taxonomy":"product_brand","embeddable":true,"href":"https:\/\/maybommini.vn\/index.php?rest_route=%2Fwp%2Fv2%2Fproduct_brand&post=274534"},{"taxonomy":"product_cat","embeddable":true,"href":"https:\/\/maybommini.vn\/index.php?rest_route=%2Fwp%2Fv2%2Fproduct_cat&post=274534"},{"taxonomy":"product_tag","embeddable":true,"href":"https:\/\/maybommini.vn\/index.php?rest_route=%2Fwp%2Fv2%2Fproduct_tag&post=274534"}],"curies":[{"name":"wp","href":"https:\/\/api.w.org\/{rel}","templated":true}]}}