{"id":274724,"date":"2023-09-24T23:41:49","date_gmt":"2023-09-24T16:41:49","guid":{"rendered":"https:\/\/maybommini.com\/?post_type=product&#038;p=274724"},"modified":"2023-09-25T11:03:25","modified_gmt":"2023-09-25T04:03:25","slug":"may-bom-dau-nhot-chat-long-24v-25l-38mm","status":"publish","type":"product","link":"https:\/\/maybommini.vn\/?product=may-bom-dau-nhot-chat-long-24v-25l-38mm","title":{"rendered":"M\u00e1y b\u01a1m d\u1ea7u nh\u1edbt ch\u1ea5t l\u1ecfng 24V 25L 38MM"},"content":{"rendered":"<p><em><strong>Chuy\u00ean ph\u00e2n ph\u1ed1i c\u00e1c lo\u1ea1i m\u00e1y b\u01a1m d\u1ea7u nh\u1edbt ch\u1ea5t l\u1ecfng 24V 25L 38mm ch\u00ednh h\u00e3ng. V\u1edbi nhu c\u1ea7u b\u01a1m nhi\u00ean li\u1ec7u nh\u01b0 d\u1ea7u DO Diesel t\u1eeb c\u00e1c can ch\u1ee9a th\u00f9ng phuy ra ngo\u00e0i ho\u1eb7c v\u00e0o xe \u00f4 t\u00f4 th\u00ec \u0111\u00e2y l\u00e0 l\u1ef1a ch\u1ecdn ph\u00f9 h\u1ee3p v\u00e0 \u1ee9ng d\u1ee5ng b\u01a1m c\u00e1c lo\u1ea1i ch\u1ea5t l\u1ecfng kh\u00e1c.<\/strong><\/em><\/p>\n<p><strong><a href=\"https:\/\/maybommini.com\/wp-content\/uploads\/2023\/09\/May-bom-dau-bom-nuoc-chim-24V-100W-25L-38mm.jpg\" target=\"_blank\" rel=\"noopener\"><img decoding=\"async\" class=\"size-full wp-image-274711 aligncenter\" src=\"https:\/\/maybommini.com\/wp-content\/uploads\/2023\/09\/May-bom-dau-bom-nuoc-chim-24V-100W-25L-38mm.jpg\" alt=\"May Bom Dau Bom Nuoc Chim 24V 100W 25L 38mm\" width=\"750\" height=\"750\" srcset=\"https:\/\/maybommini.vn\/wp-content\/uploads\/2023\/09\/May-bom-dau-bom-nuoc-chim-24V-100W-25L-38mm.jpg 750w, https:\/\/maybommini.vn\/wp-content\/uploads\/2023\/09\/May-bom-dau-bom-nuoc-chim-24V-100W-25L-38mm-300x300.jpg 300w, https:\/\/maybommini.vn\/wp-content\/uploads\/2023\/09\/May-bom-dau-bom-nuoc-chim-24V-100W-25L-38mm-150x150.jpg 150w, https:\/\/maybommini.vn\/wp-content\/uploads\/2023\/09\/May-bom-dau-bom-nuoc-chim-24V-100W-25L-38mm-600x600.jpg 600w\" sizes=\"(max-width: 750px) 100vw, 750px\" \/><\/a>TH\u00d4NG S\u1ed0 K\u1ef8 THU\u1eacT<br \/>\n<\/strong>Th\u01b0\u01a1ng hi\u1ec7u: SmartPumps<br \/>\nModel: DO-24V-25-38<br \/>\n\u0110i\u1ec7n th\u1ebf: 24V DC<br \/>\nC\u00f4ng su\u1ea5t: 100 W<br \/>\nL\u01b0u l\u01b0\u1ee3ng: 20-25 L\/P<br \/>\nB\u01a1m cao: 1 &#8211; 3\u00a0 M\u00e9t<br \/>\nK\u1eb9p \u1eafc quy: C\u00f3<br \/>\nMotor l\u00f5i \u0111\u1ed3ng cao c\u1ea5p.<br \/>\n\u0110\u01b0\u1eddng k\u00ednh: 38 mm<br \/>\nChi\u1ec1u cao: 190 mm<br \/>\n\u1ed0ng ra: 20 mm<br \/>\nD\u00e2y ngu\u1ed3n: 1.5 M\u00e9t<br \/>\nCh\u1ea5t li\u1ec7u: Kim lo\u1ea1i &#8211; Nh\u1ef1a.<br \/>\nTr\u1ecdng l\u01b0\u1ee3ng: 430 gam<\/p>\n<p><strong><a href=\"https:\/\/maybommini.com\/wp-content\/uploads\/2023\/09\/May-bom-dau-bom-nuoc-chim-24V-100W-25L-38mm-cao-cap-chinh-hang.jpg\" target=\"_blank\" rel=\"noopener\"><img decoding=\"async\" class=\"size-full wp-image-274707 aligncenter\" src=\"https:\/\/maybommini.com\/wp-content\/uploads\/2023\/09\/May-bom-dau-bom-nuoc-chim-24V-100W-25L-38mm-cao-cap-chinh-hang.jpg\" alt=\"May Bom Dau Bom Nuoc Chim 24V 100W 25L 38mm Cao Cap Chinh Hang\" width=\"750\" height=\"750\" srcset=\"https:\/\/maybommini.vn\/wp-content\/uploads\/2023\/09\/May-bom-dau-bom-nuoc-chim-24V-100W-25L-38mm-cao-cap-chinh-hang.jpg 750w, https:\/\/maybommini.vn\/wp-content\/uploads\/2023\/09\/May-bom-dau-bom-nuoc-chim-24V-100W-25L-38mm-cao-cap-chinh-hang-300x300.jpg 300w, https:\/\/maybommini.vn\/wp-content\/uploads\/2023\/09\/May-bom-dau-bom-nuoc-chim-24V-100W-25L-38mm-cao-cap-chinh-hang-150x150.jpg 150w, https:\/\/maybommini.vn\/wp-content\/uploads\/2023\/09\/May-bom-dau-bom-nuoc-chim-24V-100W-25L-38mm-cao-cap-chinh-hang-600x600.jpg 600w\" sizes=\"(max-width: 750px) 100vw, 750px\" \/><\/a><a href=\"https:\/\/maybommini.com\/wp-content\/uploads\/2023\/09\/May-bom-dau-bom-nuoc-chim-24V-100W-25L-38mm-cao-cap.jpg\" target=\"_blank\" rel=\"noopener\"><img decoding=\"async\" class=\"size-full wp-image-274706 aligncenter\" src=\"https:\/\/maybommini.com\/wp-content\/uploads\/2023\/09\/May-bom-dau-bom-nuoc-chim-24V-100W-25L-38mm-cao-cap.jpg\" alt=\"May Bom Dau Bom Nuoc Chim 24V 100W 25L 38mm Cao Cap\" width=\"750\" height=\"750\" srcset=\"https:\/\/maybommini.vn\/wp-content\/uploads\/2023\/09\/May-bom-dau-bom-nuoc-chim-24V-100W-25L-38mm-cao-cap.jpg 750w, https:\/\/maybommini.vn\/wp-content\/uploads\/2023\/09\/May-bom-dau-bom-nuoc-chim-24V-100W-25L-38mm-cao-cap-300x300.jpg 300w, https:\/\/maybommini.vn\/wp-content\/uploads\/2023\/09\/May-bom-dau-bom-nuoc-chim-24V-100W-25L-38mm-cao-cap-150x150.jpg 150w, https:\/\/maybommini.vn\/wp-content\/uploads\/2023\/09\/May-bom-dau-bom-nuoc-chim-24V-100W-25L-38mm-cao-cap-600x600.jpg 600w\" sizes=\"(max-width: 750px) 100vw, 750px\" \/><\/a><a href=\"https:\/\/maybommini.com\/wp-content\/uploads\/2023\/09\/bom-dau-DO-24V-100W-38mm-gia-re.jpg\" target=\"_blank\" rel=\"noopener\"><img decoding=\"async\" class=\"size-full wp-image-274713 aligncenter\" src=\"https:\/\/maybommini.com\/wp-content\/uploads\/2023\/09\/bom-dau-DO-24V-100W-38mm-gia-re.jpg\" alt=\"Bom Dau DO 24V 100W 38mm Gia Re\" width=\"750\" height=\"750\" srcset=\"https:\/\/maybommini.vn\/wp-content\/uploads\/2023\/09\/bom-dau-DO-24V-100W-38mm-gia-re.jpg 750w, https:\/\/maybommini.vn\/wp-content\/uploads\/2023\/09\/bom-dau-DO-24V-100W-38mm-gia-re-300x300.jpg 300w, https:\/\/maybommini.vn\/wp-content\/uploads\/2023\/09\/bom-dau-DO-24V-100W-38mm-gia-re-150x150.jpg 150w, https:\/\/maybommini.vn\/wp-content\/uploads\/2023\/09\/bom-dau-DO-24V-100W-38mm-gia-re-600x600.jpg 600w\" sizes=\"(max-width: 750px) 100vw, 750px\" \/><\/a><a href=\"https:\/\/maybommini.com\/wp-content\/uploads\/2023\/09\/May-bom-dau-bom-nuoc-chim-24V-100W-25L-38mm.jpg\" target=\"_blank\" rel=\"noopener\"><img decoding=\"async\" class=\"size-full wp-image-274711 aligncenter\" src=\"https:\/\/maybommini.com\/wp-content\/uploads\/2023\/09\/May-bom-dau-bom-nuoc-chim-24V-100W-25L-38mm.jpg\" alt=\"May Bom Dau Bom Nuoc Chim 24V 100W 25L 38mm\" width=\"750\" height=\"750\" srcset=\"https:\/\/maybommini.vn\/wp-content\/uploads\/2023\/09\/May-bom-dau-bom-nuoc-chim-24V-100W-25L-38mm.jpg 750w, https:\/\/maybommini.vn\/wp-content\/uploads\/2023\/09\/May-bom-dau-bom-nuoc-chim-24V-100W-25L-38mm-300x300.jpg 300w, https:\/\/maybommini.vn\/wp-content\/uploads\/2023\/09\/May-bom-dau-bom-nuoc-chim-24V-100W-25L-38mm-150x150.jpg 150w, https:\/\/maybommini.vn\/wp-content\/uploads\/2023\/09\/May-bom-dau-bom-nuoc-chim-24V-100W-25L-38mm-600x600.jpg 600w\" sizes=\"(max-width: 750px) 100vw, 750px\" \/><\/a>S\u1eec D\u1ee4NG M\u00c1Y B\u01a0M CH\u00ccM DO 12V 24V<\/strong><br \/>\n&#8211; Kh\u00f4ng d\u00f9ng b\u01a1m x\u0103ng v\u00e0 c\u00e1c ch\u1ea5t d\u1ec3 ch\u00e1y kh\u00e1c.<br \/>\n&#8211; D\u00f9ng b\u01a1m d\u1ea7u DO Diesel, B\u01a1m nh\u1edbt, b\u01a1m n\u01b0\u1edbc &#8230;.<br \/>\n&#8211; D\u00f9ng b\u01a1m d\u1ea7u trong th\u00f9ng phuy ra ngo\u00e0i.<br \/>\n&#8211; D\u00f9ng b\u01a1m c\u1ea5p nhi\u00ean li\u1ec7u cho m\u00e1y m\u00f3c\u00a0\u0111\u1ed9ng c\u01a1.<br \/>\n&#8211; Dung b\u01a1m d\u1ea7u\u00a0DO Diesel cho xe t\u1ea3i, xe oto &#8230;<br \/>\n&#8211; D\u00f9ng b\u01a1m n\u01b0\u1edbc v\u00e0 ch\u1ea5t l\u1ecfng kh\u00e1c t\u01b0\u01a1ng t\u1ef1.<br \/>\n&#8211; S\u1eed d\u1ee5ng r\u1ed9ng r\u00e3i trong nhi\u1ec1u l\u0129nh v\u1ef1c kh\u00e1c.<\/p>\n<p><strong><a href=\"https:\/\/maybommini.com\/wp-content\/uploads\/2023\/09\/may-bom-dau-DO-12V-24V-gia-re-chinh-hang.jpg\" target=\"_blank\" rel=\"noopener\"><img decoding=\"async\" class=\"size-full wp-image-274722 aligncenter\" src=\"https:\/\/maybommini.com\/wp-content\/uploads\/2023\/09\/may-bom-dau-DO-12V-24V-gia-re-chinh-hang.jpg\" alt=\"May Bom Dau DO 12V 24V Gia Re Chinh Hang\" width=\"750\" height=\"750\" srcset=\"https:\/\/maybommini.vn\/wp-content\/uploads\/2023\/09\/may-bom-dau-DO-12V-24V-gia-re-chinh-hang.jpg 750w, https:\/\/maybommini.vn\/wp-content\/uploads\/2023\/09\/may-bom-dau-DO-12V-24V-gia-re-chinh-hang-300x300.jpg 300w, https:\/\/maybommini.vn\/wp-content\/uploads\/2023\/09\/may-bom-dau-DO-12V-24V-gia-re-chinh-hang-150x150.jpg 150w, https:\/\/maybommini.vn\/wp-content\/uploads\/2023\/09\/may-bom-dau-DO-12V-24V-gia-re-chinh-hang-600x600.jpg 600w\" sizes=\"(max-width: 750px) 100vw, 750px\" \/><\/a><a href=\"https:\/\/maybommini.com\/wp-content\/uploads\/2023\/09\/kich-thuoc-dau-noi-ong-may-bom-dau-DO-12V-24V.jpg\" target=\"_blank\" rel=\"noopener\"><img decoding=\"async\" class=\"size-full wp-image-274719 aligncenter\" src=\"https:\/\/maybommini.com\/wp-content\/uploads\/2023\/09\/kich-thuoc-dau-noi-ong-may-bom-dau-DO-12V-24V.jpg\" alt=\"Kich Thuoc Dau Noi Ong May Bom Dau DO 12V 24V\" width=\"750\" height=\"750\" srcset=\"https:\/\/maybommini.vn\/wp-content\/uploads\/2023\/09\/kich-thuoc-dau-noi-ong-may-bom-dau-DO-12V-24V.jpg 750w, https:\/\/maybommini.vn\/wp-content\/uploads\/2023\/09\/kich-thuoc-dau-noi-ong-may-bom-dau-DO-12V-24V-300x300.jpg 300w, https:\/\/maybommini.vn\/wp-content\/uploads\/2023\/09\/kich-thuoc-dau-noi-ong-may-bom-dau-DO-12V-24V-150x150.jpg 150w, https:\/\/maybommini.vn\/wp-content\/uploads\/2023\/09\/kich-thuoc-dau-noi-ong-may-bom-dau-DO-12V-24V-600x600.jpg 600w\" sizes=\"(max-width: 750px) 100vw, 750px\" \/><\/a><a href=\"https:\/\/maybommini.com\/wp-content\/uploads\/2023\/09\/loc-may-bom-dau-tha-chim.jpg\" target=\"_blank\" rel=\"noopener\"><img decoding=\"async\" class=\"size-full wp-image-274720 aligncenter\" src=\"https:\/\/maybommini.com\/wp-content\/uploads\/2023\/09\/loc-may-bom-dau-tha-chim.jpg\" alt=\"Loc May Bom Dau Tha Chim\" width=\"750\" height=\"750\" srcset=\"https:\/\/maybommini.vn\/wp-content\/uploads\/2023\/09\/loc-may-bom-dau-tha-chim.jpg 750w, https:\/\/maybommini.vn\/wp-content\/uploads\/2023\/09\/loc-may-bom-dau-tha-chim-300x300.jpg 300w, https:\/\/maybommini.vn\/wp-content\/uploads\/2023\/09\/loc-may-bom-dau-tha-chim-150x150.jpg 150w, https:\/\/maybommini.vn\/wp-content\/uploads\/2023\/09\/loc-may-bom-dau-tha-chim-600x600.jpg 600w\" sizes=\"(max-width: 750px) 100vw, 750px\" \/><\/a><a href=\"https:\/\/maybommini.com\/wp-content\/uploads\/2023\/09\/dau-noi-ong-may-bom-dau-bom-nuoc-chim-12V-100W-25L-38mm.jpg\" target=\"_blank\" rel=\"noopener\"><img decoding=\"async\" class=\"size-full wp-image-274715 aligncenter\" src=\"https:\/\/maybommini.com\/wp-content\/uploads\/2023\/09\/dau-noi-ong-may-bom-dau-bom-nuoc-chim-12V-100W-25L-38mm.jpg\" alt=\"Dau Noi Ong May Bom Dau Bom Nuoc Chim 12V 100W 25L 38mm\" width=\"750\" height=\"750\" srcset=\"https:\/\/maybommini.vn\/wp-content\/uploads\/2023\/09\/dau-noi-ong-may-bom-dau-bom-nuoc-chim-12V-100W-25L-38mm.jpg 750w, https:\/\/maybommini.vn\/wp-content\/uploads\/2023\/09\/dau-noi-ong-may-bom-dau-bom-nuoc-chim-12V-100W-25L-38mm-300x300.jpg 300w, https:\/\/maybommini.vn\/wp-content\/uploads\/2023\/09\/dau-noi-ong-may-bom-dau-bom-nuoc-chim-12V-100W-25L-38mm-150x150.jpg 150w, https:\/\/maybommini.vn\/wp-content\/uploads\/2023\/09\/dau-noi-ong-may-bom-dau-bom-nuoc-chim-12V-100W-25L-38mm-600x600.jpg 600w\" sizes=\"(max-width: 750px) 100vw, 750px\" \/><\/a><a href=\"https:\/\/maybommini.com\/wp-content\/uploads\/2023\/09\/day-nguon-may-bom-dau-DO.jpg\" target=\"_blank\" rel=\"noopener\"><img decoding=\"async\" class=\"size-full wp-image-274716 aligncenter\" src=\"https:\/\/maybommini.com\/wp-content\/uploads\/2023\/09\/day-nguon-may-bom-dau-DO.jpg\" alt=\"Day Nguon May Bom Dau DO\" width=\"750\" height=\"750\" srcset=\"https:\/\/maybommini.vn\/wp-content\/uploads\/2023\/09\/day-nguon-may-bom-dau-DO.jpg 750w, https:\/\/maybommini.vn\/wp-content\/uploads\/2023\/09\/day-nguon-may-bom-dau-DO-300x300.jpg 300w, https:\/\/maybommini.vn\/wp-content\/uploads\/2023\/09\/day-nguon-may-bom-dau-DO-150x150.jpg 150w, https:\/\/maybommini.vn\/wp-content\/uploads\/2023\/09\/day-nguon-may-bom-dau-DO-600x600.jpg 600w\" sizes=\"(max-width: 750px) 100vw, 750px\" \/><\/a><a href=\"https:\/\/maybommini.com\/wp-content\/uploads\/2023\/09\/dong-co-may-bom-DO-12V-24V-cao-cap.jpg\" target=\"_blank\" rel=\"noopener\"><img decoding=\"async\" class=\"size-full wp-image-274717 aligncenter\" src=\"https:\/\/maybommini.com\/wp-content\/uploads\/2023\/09\/dong-co-may-bom-DO-12V-24V-cao-cap.jpg\" alt=\"Dong Co May Bom DO 12V 24V Cao Cap\" width=\"750\" height=\"750\" srcset=\"https:\/\/maybommini.vn\/wp-content\/uploads\/2023\/09\/dong-co-may-bom-DO-12V-24V-cao-cap.jpg 750w, https:\/\/maybommini.vn\/wp-content\/uploads\/2023\/09\/dong-co-may-bom-DO-12V-24V-cao-cap-300x300.jpg 300w, https:\/\/maybommini.vn\/wp-content\/uploads\/2023\/09\/dong-co-may-bom-DO-12V-24V-cao-cap-150x150.jpg 150w, https:\/\/maybommini.vn\/wp-content\/uploads\/2023\/09\/dong-co-may-bom-DO-12V-24V-cao-cap-600x600.jpg 600w\" sizes=\"(max-width: 750px) 100vw, 750px\" \/><\/a><a href=\"https:\/\/maybommini.com\/wp-content\/uploads\/2023\/09\/kep-binh-cong-tat-loc-may-bom-DO-12V-24V.jpg\" target=\"_blank\" rel=\"noopener\"><img decoding=\"async\" class=\"size-full wp-image-274718 aligncenter\" src=\"https:\/\/maybommini.com\/wp-content\/uploads\/2023\/09\/kep-binh-cong-tat-loc-may-bom-DO-12V-24V.jpg\" alt=\"Kep Binh Cong Tat Loc May Bom DO 12V 24V\" width=\"750\" height=\"750\" srcset=\"https:\/\/maybommini.vn\/wp-content\/uploads\/2023\/09\/kep-binh-cong-tat-loc-may-bom-DO-12V-24V.jpg 750w, https:\/\/maybommini.vn\/wp-content\/uploads\/2023\/09\/kep-binh-cong-tat-loc-may-bom-DO-12V-24V-300x300.jpg 300w, https:\/\/maybommini.vn\/wp-content\/uploads\/2023\/09\/kep-binh-cong-tat-loc-may-bom-DO-12V-24V-150x150.jpg 150w, https:\/\/maybommini.vn\/wp-content\/uploads\/2023\/09\/kep-binh-cong-tat-loc-may-bom-DO-12V-24V-600x600.jpg 600w\" sizes=\"(max-width: 750px) 100vw, 750px\" \/><\/a><a href=\"https:\/\/maybommini.com\/wp-content\/uploads\/2023\/09\/ung-dung-may-bom-chim-DO.jpg\" target=\"_blank\" rel=\"noopener\"><img decoding=\"async\" class=\"size-full wp-image-274723 aligncenter\" src=\"https:\/\/maybommini.com\/wp-content\/uploads\/2023\/09\/ung-dung-may-bom-chim-DO.jpg\" alt=\"Ung Dung May Bom Chim DO\" width=\"750\" height=\"750\" srcset=\"https:\/\/maybommini.vn\/wp-content\/uploads\/2023\/09\/ung-dung-may-bom-chim-DO.jpg 750w, https:\/\/maybommini.vn\/wp-content\/uploads\/2023\/09\/ung-dung-may-bom-chim-DO-300x300.jpg 300w, https:\/\/maybommini.vn\/wp-content\/uploads\/2023\/09\/ung-dung-may-bom-chim-DO-150x150.jpg 150w, https:\/\/maybommini.vn\/wp-content\/uploads\/2023\/09\/ung-dung-may-bom-chim-DO-600x600.jpg 600w\" sizes=\"(max-width: 750px) 100vw, 750px\" \/><\/a><a href=\"https:\/\/maybommini.com\/wp-content\/uploads\/2023\/09\/May-bom-dau-bom-nuoc-chim-12V24V-100W-25L-38mm.jpg\" target=\"_blank\" rel=\"noopener\"><img decoding=\"async\" class=\"size-full wp-image-274721 aligncenter\" src=\"https:\/\/maybommini.com\/wp-content\/uploads\/2023\/09\/May-bom-dau-bom-nuoc-chim-12V24V-100W-25L-38mm.jpg\" alt=\"May Bom Dau Bom Nuoc Chim 12V24V 100W 25L 38mm\" width=\"750\" height=\"750\" srcset=\"https:\/\/maybommini.vn\/wp-content\/uploads\/2023\/09\/May-bom-dau-bom-nuoc-chim-12V24V-100W-25L-38mm.jpg 750w, https:\/\/maybommini.vn\/wp-content\/uploads\/2023\/09\/May-bom-dau-bom-nuoc-chim-12V24V-100W-25L-38mm-300x300.jpg 300w, https:\/\/maybommini.vn\/wp-content\/uploads\/2023\/09\/May-bom-dau-bom-nuoc-chim-12V24V-100W-25L-38mm-150x150.jpg 150w, https:\/\/maybommini.vn\/wp-content\/uploads\/2023\/09\/May-bom-dau-bom-nuoc-chim-12V24V-100W-25L-38mm-600x600.jpg 600w\" sizes=\"(max-width: 750px) 100vw, 750px\" \/><\/a><\/strong><\/p>\n<h4 style=\"text-align: center;\">M\u00e1y b\u01a1m d\u1ea7u nh\u1edbt ch\u1ea5t l\u1ecfng 12V 25L 38MM<br \/>\nM\u00e1y b\u01a1m d\u1ea7u nh\u1edbt ch\u1ea5t l\u1ecfng 24V 25L 38MM<\/h4>\n<p><strong>MUA M\u00c1Y B\u01a0M D\u1ea6U NH\u1edaT M\u00c1Y B\u01a0M CH\u00ccM DO 12V 24V<\/strong><br \/>\n<a href=\"https:\/\/maybommini.com\" target=\"_blank\" rel=\"noopener noreferrer\">M\u00e1y B\u01a1m Mini<\/a> lu\u00f4n l\u00e0 nh\u00e0 cung c\u1ea5p h\u00e0ng\u00a0\u0111\u1ea7u v\u1ec1 c\u00e1c lo\u1ea1i m\u00e1y\u00a0nhi\u00ean li\u1ec7u <a href=\"https:\/\/maybommini.com\/danh-muc\/may-bom-xang-dau-nhot\" target=\"_blank\" rel=\"noopener noreferrer\">m\u00e1y b\u01a1m x\u0103ng d\u1ea7u nh\u1edbt<\/a> cho nhi\u1ec1u\u00a0\u0111\u1ed1i t\u00e1c kh\u00e1c h\u00e0ng tr\u00ean to\u00e0n qu\u1ed1c. S\u1ea3n ph\u1ea9m ch\u00ednh h\u00e3ng\u00a0\u0111\u01b0\u1ee3c b\u1ea3o h\u00e0nh\u00a0\u01b0u\u00a0\u0111\u00e3i l\u00e2u d\u00e0i v\u00e0 gi\u00e1 t\u1ed1t nh\u1ea5t.<\/p>\n<p><strong><a href=\"https:\/\/maybommini.com\/wp-content\/uploads\/2023\/09\/bom-dau-DO-12V-24V-38mm-50mm-52-mm-chinh-hang.jpg\" target=\"_blank\" rel=\"noopener\"><img decoding=\"async\" class=\"size-full wp-image-274714 aligncenter\" src=\"https:\/\/maybommini.com\/wp-content\/uploads\/2023\/09\/bom-dau-DO-12V-24V-38mm-50mm-52-mm-chinh-hang.jpg\" alt=\"Bom Dau DO 12V 24V 38mm 50mm 52 Mm Chinh Hang\" width=\"750\" height=\"750\" srcset=\"https:\/\/maybommini.vn\/wp-content\/uploads\/2023\/09\/bom-dau-DO-12V-24V-38mm-50mm-52-mm-chinh-hang.jpg 750w, https:\/\/maybommini.vn\/wp-content\/uploads\/2023\/09\/bom-dau-DO-12V-24V-38mm-50mm-52-mm-chinh-hang-300x300.jpg 300w, https:\/\/maybommini.vn\/wp-content\/uploads\/2023\/09\/bom-dau-DO-12V-24V-38mm-50mm-52-mm-chinh-hang-150x150.jpg 150w, https:\/\/maybommini.vn\/wp-content\/uploads\/2023\/09\/bom-dau-DO-12V-24V-38mm-50mm-52-mm-chinh-hang-600x600.jpg 600w\" sizes=\"(max-width: 750px) 100vw, 750px\" \/><\/a><\/strong><\/p>\n<p><strong>CTY TNHH TH\u01af\u01a0NG M\u1ea0I D\u1ecaCH V\u1ee4 \u0110I\u1ec6N M\u00c1Y TH\u00d4NG MINH<br \/>\nWebsite:\u00a0<a href=\"https:\/\/maybommini.com\/\" target=\"_blank\" rel=\"noopener\">https:\/\/maybommini.com<\/a><br \/>\nEmail: Maybommini.com@gmail.com<br \/>\nT\u01af V\u1ea4N K\u1ef8 THU\u1eacT \u2013 MUA H\u00c0NG<br \/>\nTel\/ Zalo: 0908997823 \u2013 0908997872<br \/>\nT\u01b0 v\u1ea5n mua h\u00e0ng: 0907294310 \u2013 02873030399<br \/>\n<\/strong><\/p>\n<h3><a class=\"swipebox\" title=\"\" href=\"https:\/\/maybommini.com\/wp-content\/uploads\/2022\/07\/thong-tin-lien-he-may-bom-mini.jpg\" data-rel=\"lightbox-image-bGlnaHRib3gtaW1hZ2UtYkdsbmFIUmliM2d0YVcxaFoyVXRZa2RzYm1GSVVtbGlNMmQwWVZjeGFGb3lWWFJaYTJSelltMUdTVlZ0YkdsTk1tUXdXVlpqZUdGR2IzbFdXRkphWVRKU2VsbHRNVWRUVmxaMFlrZHNUazF0VVhkWFZscHFaVWRHUjJJemJGZFhSa3BoV1ZSS1UyVnNiSFJOVldSVVZteGFNRmxyWkhOVWF6RjBWVmhrV0Zac2NIRmFWV1JIVWpKSmVtSkdaRmhTYTNCUVZtMTBWMVpyT1ZKUVZEQTk=\" data-rl_title=\"\" data-rl_caption=\"\" data-rl_ target=\"_blank\" rel=\"noopener\"><img decoding=\"async\" class=\"size-full wp-image-270584 lazyloaded aligncenter\" src=\"https:\/\/maybommini.com\/wp-content\/uploads\/2022\/07\/thong-tin-lien-he-may-bom-mini.jpg\" sizes=\"(max-width: 750px) 100vw, 750px\" srcset=\"https:\/\/maybommini.com\/wp-content\/uploads\/2022\/07\/thong-tin-lien-he-may-bom-mini.jpg 750w, https:\/\/maybommini.com\/wp-content\/uploads\/2022\/07\/thong-tin-lien-he-may-bom-mini-300x202.jpg 300w, https:\/\/maybommini.com\/wp-content\/uploads\/2022\/07\/thong-tin-lien-he-may-bom-mini-600x405.jpg 600w\" alt=\"Thong Tin Lien He May Bom Mini\" width=\"750\" height=\"506\" data-lazy-srcset=\"https:\/\/maybommini.com\/wp-content\/uploads\/2022\/07\/thong-tin-lien-he-may-bom-mini.jpg 750w, https:\/\/maybommini.com\/wp-content\/uploads\/2022\/07\/thong-tin-lien-he-may-bom-mini-300x202.jpg 300w, https:\/\/maybommini.com\/wp-content\/uploads\/2022\/07\/thong-tin-lien-he-may-bom-mini-600x405.jpg 600w\" data-lazy-sizes=\"(max-width: 750px) 100vw, 750px\" data-lazy-src=\"https:\/\/maybommini.com\/wp-content\/uploads\/2022\/07\/thong-tin-lien-he-may-bom-mini.jpg\" data-was-processed=\"true\" data-lazy-=\"\" \/><\/a><\/h3>\n","protected":false},"excerpt":{"rendered":"<p>Th\u01b0\u01a1ng hi\u1ec7u: SmartPumps<br \/>\nModel: DO-24V-25-38<br \/>\n\u0110i\u1ec7n th\u1ebf: 24V DC<br \/>\nC\u00f4ng su\u1ea5t: 100 W<br \/>\nL\u01b0u l\u01b0\u1ee3ng: 20-25 L\/P<br \/>\nB\u01a1m cao: 1 &#8211; 3\u00a0 M\u00e9t<br \/>\nK\u1eb9p \u1eafc quy: C\u00f3<br \/>\nMotor l\u00f5i \u0111\u1ed3ng cao c\u1ea5p.<br \/>\n\u0110\u01b0\u1eddng k\u00ednh: 38 mm<br \/>\nChi\u1ec1u cao: 190 mm<br \/>\n\u1ed0ng ra: 20 mm<br \/>\nD\u00e2y ngu\u1ed3n: 1.5 M\u00e9t<br \/>\nCh\u1ea5t li\u1ec7u: Kim lo\u1ea1i &#8211; Nh\u1ef1a.<br \/>\nTr\u1ecdng l\u01b0\u1ee3ng: 430 gam<br \/>\nB\u1ea3o h\u00e0nh: 3 th\u00e1ng<\/p>\n","protected":false},"featured_media":274711,"comment_status":"open","ping_status":"closed","template":"","meta":[],"product_brand":[],"product_cat":[381,2033,383,1118],"product_tag":[1237,267,488,2759,4329,4332,387,1102,1232,1207,2002,206,389,4330,2755,523,1238,1233,1158,1239,2757,2758,1240],"class_list":{"0":"post-274724","1":"product","2":"type-product","3":"status-publish","4":"has-post-thumbnail","6":"product_cat-may-bom-chim","7":"product_cat-may-bom-chim-24v","8":"product_cat-may-bom-xang-dau-nhot","9":"product_cat-may-bom-xang-dau-nhot-24v","10":"product_tag-12l","11":"product_tag-12v","12":"product_tag-24v","13":"product_tag-24v-15l","14":"product_tag-38mm","15":"product_tag-bom-chat-long","16":"product_tag-bom-dau","17":"product_tag-bom-nhien-lieu","18":"product_tag-do","19":"product_tag-inox","20":"product_tag-maxpumps","21":"product_tag-may-bom-12v","22":"product_tag-may-bom-chim","23":"product_tag-may-bom-chim-38mm","24":"product_tag-may-bom-chim-nuoc-dau-nhot","25":"product_tag-may-bom-dau","26":"product_tag-may-bom-dau-nhot","27":"product_tag-may-bom-diesel","28":"product_tag-may-bom-do","29":"product_tag-may-bom-do-diesel","30":"product_tag-may-bom-gold","31":"product_tag-may-bom-inox","32":"product_tag-may-bom-thung-phuy","34":"first","35":"instock","36":"sale","37":"shipping-taxable","38":"purchasable","39":"product-type-simple"},"_links":{"self":[{"href":"https:\/\/maybommini.vn\/index.php?rest_route=\/wp\/v2\/product\/274724","targetHints":{"allow":["GET"]}}],"collection":[{"href":"https:\/\/maybommini.vn\/index.php?rest_route=\/wp\/v2\/product"}],"about":[{"href":"https:\/\/maybommini.vn\/index.php?rest_route=\/wp\/v2\/types\/product"}],"replies":[{"embeddable":true,"href":"https:\/\/maybommini.vn\/index.php?rest_route=%2Fwp%2Fv2%2Fcomments&post=274724"}],"wp:featuredmedia":[{"embeddable":true,"href":"https:\/\/maybommini.vn\/index.php?rest_route=\/wp\/v2\/media\/274711"}],"wp:attachment":[{"href":"https:\/\/maybommini.vn\/index.php?rest_route=%2Fwp%2Fv2%2Fmedia&parent=274724"}],"wp:term":[{"taxonomy":"product_brand","embeddable":true,"href":"https:\/\/maybommini.vn\/index.php?rest_route=%2Fwp%2Fv2%2Fproduct_brand&post=274724"},{"taxonomy":"product_cat","embeddable":true,"href":"https:\/\/maybommini.vn\/index.php?rest_route=%2Fwp%2Fv2%2Fproduct_cat&post=274724"},{"taxonomy":"product_tag","embeddable":true,"href":"https:\/\/maybommini.vn\/index.php?rest_route=%2Fwp%2Fv2%2Fproduct_tag&post=274724"}],"curies":[{"name":"wp","href":"https:\/\/api.w.org\/{rel}","templated":true}]}}