{"id":274774,"date":"2023-10-01T16:50:12","date_gmt":"2023-10-01T09:50:12","guid":{"rendered":"https:\/\/maybommini.com\/?post_type=product&#038;p=274774"},"modified":"2023-10-01T18:03:08","modified_gmt":"2023-10-01T11:03:08","slug":"may-bat-vit-mini-pin-sac-wadfow-4v-wcv4401","status":"publish","type":"product","link":"https:\/\/maybommini.vn\/?product=may-bat-vit-mini-pin-sac-wadfow-4v-wcv4401","title":{"rendered":"M\u00e1y b\u1eaft v\u00edt mini pin s\u1ea1c Wadfow 4V &#8211; WCV4401"},"content":{"rendered":"<h4>M\u00e1y b\u1eaft v\u00edt mini pin s\u1ea1c Wadfow 4V &#8211; WCV4401 ch\u00ednh h\u00e3ng ti\u1ec7n l\u1ee3i nh\u1ecf g\u1ecdn. S\u00fang b\u1eaft v\u00edt n\u00e0y thi\u1ebft k\u1ebf nh\u1ecf g\u1ecdn, l\u1ef1c m\u1ea1nh v\u00e0 \u0111\u01b0\u1ee3c t\u00edch h\u1ee3p b\u00ean trong l\u00e0 pin Lithium-ion dung l\u01b0\u1ee3ng cao. S\u1ea3n ph\u1ea9m ph\u00f9 h\u1ee3p cho c\u00f4ng vi\u1ec7c v\u1eb7t b\u1eaft v\u00edt g\u1ecdn nh\u1eb9 nh\u01b0 thi\u1ebft b\u1ecb \u0111i\u1ec7n t\u1eed, \u0111\u1ed3 gia d\u1ee5ng\u00a0 thi\u1ebft b\u1ecb \u0111i\u1ec7n trong nh\u00e0 v\u00e0 d\u00f9ng cho anh ch\u1ecb l\u00e0m DIY.<\/h4>\n<p><strong><a href=\"https:\/\/maybommini.com\/wp-content\/uploads\/2023\/10\/phan-phoi-may-vat-vit-mini-Wadfow-4V.jpg\" target=\"_blank\" rel=\"noopener\"><img decoding=\"async\" class=\"size-full wp-image-274779 aligncenter\" src=\"https:\/\/maybommini.com\/wp-content\/uploads\/2023\/10\/phan-phoi-may-vat-vit-mini-Wadfow-4V.jpg\" alt=\"Phan Phoi May Vat Vit Mini Wadfow 4V\" width=\"750\" height=\"750\" srcset=\"https:\/\/maybommini.vn\/wp-content\/uploads\/2023\/10\/phan-phoi-may-vat-vit-mini-Wadfow-4V.jpg 750w, https:\/\/maybommini.vn\/wp-content\/uploads\/2023\/10\/phan-phoi-may-vat-vit-mini-Wadfow-4V-300x300.jpg 300w, https:\/\/maybommini.vn\/wp-content\/uploads\/2023\/10\/phan-phoi-may-vat-vit-mini-Wadfow-4V-150x150.jpg 150w, https:\/\/maybommini.vn\/wp-content\/uploads\/2023\/10\/phan-phoi-may-vat-vit-mini-Wadfow-4V-600x600.jpg 600w\" sizes=\"(max-width: 750px) 100vw, 750px\" \/><\/a>TH\u00d4NG S\u1ed0 K\u1ef8 THU\u1eacT<\/strong><br \/>\nTh\u01b0\u01a1ng hi\u1ec7u: Wadfow<br \/>\nModel: WCV4401<br \/>\nT\u1ed1c \u0111\u1ed9: 240\/min<br \/>\nPin s\u1ea1c: Lithium-ion 4V<br \/>\nDung l\u01b0\u1ee3ng: 1.3Ah<br \/>\nC\u1ed5ng s\u1ea1c pin: Micro USB<br \/>\n\u0110\u00e8n led chi\u1ebfu s\u00e1ng: c\u00f3<br \/>\n\u0110\u00e8n led b\u00e1o s\u1ea1c: C\u00f3<br \/>\n\u0110\u1ea3o chi\u1ec1u: C\u00f3<br \/>\nK\u00e8m theo: D\u00e2y s\u1ea1c, \u0110\u1ea7u b\u1eaft v\u00edt x2<br \/>\nTr\u1ecdng l\u01b0\u1ee3ng: 400 gam<br \/>\nB\u1ea3o h\u00e0nh ch\u00ednh h\u00e3ng.<\/p>\n<p><strong><a href=\"https:\/\/maybommini.com\/wp-content\/uploads\/2023\/10\/bo-sung-ban-vit-4V-Wadfow-WCV4401.jpg\" target=\"_blank\" rel=\"noopener\"><img decoding=\"async\" class=\"size-full wp-image-274776 aligncenter\" src=\"https:\/\/maybommini.com\/wp-content\/uploads\/2023\/10\/bo-sung-ban-vit-4V-Wadfow-WCV4401.jpg\" alt=\"Bo Sung Ban Vit 4V Wadfow WCV4401\" width=\"750\" height=\"750\" srcset=\"https:\/\/maybommini.vn\/wp-content\/uploads\/2023\/10\/bo-sung-ban-vit-4V-Wadfow-WCV4401.jpg 750w, https:\/\/maybommini.vn\/wp-content\/uploads\/2023\/10\/bo-sung-ban-vit-4V-Wadfow-WCV4401-300x300.jpg 300w, https:\/\/maybommini.vn\/wp-content\/uploads\/2023\/10\/bo-sung-ban-vit-4V-Wadfow-WCV4401-150x150.jpg 150w, https:\/\/maybommini.vn\/wp-content\/uploads\/2023\/10\/bo-sung-ban-vit-4V-Wadfow-WCV4401-600x600.jpg 600w\" sizes=\"(max-width: 750px) 100vw, 750px\" \/><\/a><a href=\"https:\/\/maybommini.com\/wp-content\/uploads\/2023\/10\/Sung-ban-vit-4V-Wadfow-WCV4401.jpg\" target=\"_blank\" rel=\"noopener\"><img decoding=\"async\" class=\"size-full wp-image-274780 aligncenter\" src=\"https:\/\/maybommini.com\/wp-content\/uploads\/2023\/10\/Sung-ban-vit-4V-Wadfow-WCV4401.jpg\" alt=\"Sung Ban Vit 4V Wadfow WCV4401\" width=\"750\" height=\"750\" srcset=\"https:\/\/maybommini.vn\/wp-content\/uploads\/2023\/10\/Sung-ban-vit-4V-Wadfow-WCV4401.jpg 750w, https:\/\/maybommini.vn\/wp-content\/uploads\/2023\/10\/Sung-ban-vit-4V-Wadfow-WCV4401-300x300.jpg 300w, https:\/\/maybommini.vn\/wp-content\/uploads\/2023\/10\/Sung-ban-vit-4V-Wadfow-WCV4401-150x150.jpg 150w, https:\/\/maybommini.vn\/wp-content\/uploads\/2023\/10\/Sung-ban-vit-4V-Wadfow-WCV4401-600x600.jpg 600w\" sizes=\"(max-width: 750px) 100vw, 750px\" \/><\/a><a href=\"https:\/\/maybommini.com\/wp-content\/uploads\/2023\/10\/sung-ban-vit-mini-4V-Wadfow-chinh-hang.jpg\" target=\"_blank\" rel=\"noopener\"><img decoding=\"async\" class=\"size-full wp-image-274782 aligncenter\" src=\"https:\/\/maybommini.com\/wp-content\/uploads\/2023\/10\/sung-ban-vit-mini-4V-Wadfow-chinh-hang.jpg\" alt=\"Sung Ban Vit Mini 4V Wadfow Chinh Hang\" width=\"750\" height=\"750\" srcset=\"https:\/\/maybommini.vn\/wp-content\/uploads\/2023\/10\/sung-ban-vit-mini-4V-Wadfow-chinh-hang.jpg 750w, https:\/\/maybommini.vn\/wp-content\/uploads\/2023\/10\/sung-ban-vit-mini-4V-Wadfow-chinh-hang-300x300.jpg 300w, https:\/\/maybommini.vn\/wp-content\/uploads\/2023\/10\/sung-ban-vit-mini-4V-Wadfow-chinh-hang-150x150.jpg 150w, https:\/\/maybommini.vn\/wp-content\/uploads\/2023\/10\/sung-ban-vit-mini-4V-Wadfow-chinh-hang-600x600.jpg 600w\" sizes=\"(max-width: 750px) 100vw, 750px\" \/><\/a><a href=\"https:\/\/maybommini.com\/wp-content\/uploads\/2023\/10\/gia-may-vat-vit-mini-cam-tay.jpg\" target=\"_blank\" rel=\"noopener\"><img decoding=\"async\" class=\"size-full wp-image-274777 aligncenter\" src=\"https:\/\/maybommini.com\/wp-content\/uploads\/2023\/10\/gia-may-vat-vit-mini-cam-tay.jpg\" alt=\"Gia May Vat Vit Mini Cam Tay\" width=\"750\" height=\"750\" srcset=\"https:\/\/maybommini.vn\/wp-content\/uploads\/2023\/10\/gia-may-vat-vit-mini-cam-tay.jpg 750w, https:\/\/maybommini.vn\/wp-content\/uploads\/2023\/10\/gia-may-vat-vit-mini-cam-tay-300x300.jpg 300w, https:\/\/maybommini.vn\/wp-content\/uploads\/2023\/10\/gia-may-vat-vit-mini-cam-tay-150x150.jpg 150w, https:\/\/maybommini.vn\/wp-content\/uploads\/2023\/10\/gia-may-vat-vit-mini-cam-tay-600x600.jpg 600w\" sizes=\"(max-width: 750px) 100vw, 750px\" \/><\/a><a href=\"https:\/\/maybommini.com\/wp-content\/uploads\/2023\/10\/may-van-vit-mini-cam-tay-pin-sac.jpg\" target=\"_blank\" rel=\"noopener\"><img decoding=\"async\" class=\"size-full wp-image-274778 aligncenter\" src=\"https:\/\/maybommini.com\/wp-content\/uploads\/2023\/10\/may-van-vit-mini-cam-tay-pin-sac.jpg\" alt=\"May Van Vit Mini Cam Tay Pin Sac\" width=\"750\" height=\"750\" srcset=\"https:\/\/maybommini.vn\/wp-content\/uploads\/2023\/10\/may-van-vit-mini-cam-tay-pin-sac.jpg 750w, https:\/\/maybommini.vn\/wp-content\/uploads\/2023\/10\/may-van-vit-mini-cam-tay-pin-sac-300x300.jpg 300w, https:\/\/maybommini.vn\/wp-content\/uploads\/2023\/10\/may-van-vit-mini-cam-tay-pin-sac-150x150.jpg 150w, https:\/\/maybommini.vn\/wp-content\/uploads\/2023\/10\/may-van-vit-mini-cam-tay-pin-sac-600x600.jpg 600w\" sizes=\"(max-width: 750px) 100vw, 750px\" \/><\/a><a href=\"https:\/\/maybommini.com\/wp-content\/uploads\/2023\/10\/Sung-ban-vit-4V-Wadfow-WCV4401-chinh-hang.jpg\" target=\"_blank\" rel=\"noopener\"><img decoding=\"async\" class=\"size-full wp-image-274781 aligncenter\" src=\"https:\/\/maybommini.com\/wp-content\/uploads\/2023\/10\/Sung-ban-vit-4V-Wadfow-WCV4401-chinh-hang.jpg\" alt=\"Sung Ban Vit 4V Wadfow WCV4401 Chinh Hang\" width=\"750\" height=\"750\" srcset=\"https:\/\/maybommini.vn\/wp-content\/uploads\/2023\/10\/Sung-ban-vit-4V-Wadfow-WCV4401-chinh-hang.jpg 750w, https:\/\/maybommini.vn\/wp-content\/uploads\/2023\/10\/Sung-ban-vit-4V-Wadfow-WCV4401-chinh-hang-300x300.jpg 300w, https:\/\/maybommini.vn\/wp-content\/uploads\/2023\/10\/Sung-ban-vit-4V-Wadfow-WCV4401-chinh-hang-150x150.jpg 150w, https:\/\/maybommini.vn\/wp-content\/uploads\/2023\/10\/Sung-ban-vit-4V-Wadfow-WCV4401-chinh-hang-600x600.jpg 600w\" sizes=\"(max-width: 750px) 100vw, 750px\" \/><\/a><a href=\"https:\/\/maybommini.com\/wp-content\/uploads\/2023\/10\/sung-ban-vit-mini-Wadfow-4V-cong-sac-pin.jpg\" target=\"_blank\" rel=\"noopener\"><img decoding=\"async\" class=\"size-full wp-image-274783 aligncenter\" src=\"https:\/\/maybommini.com\/wp-content\/uploads\/2023\/10\/sung-ban-vit-mini-Wadfow-4V-cong-sac-pin.jpg\" alt=\"Sung Ban Vit Mini Wadfow 4V Cong Sac Pin\" width=\"750\" height=\"750\" srcset=\"https:\/\/maybommini.vn\/wp-content\/uploads\/2023\/10\/sung-ban-vit-mini-Wadfow-4V-cong-sac-pin.jpg 750w, https:\/\/maybommini.vn\/wp-content\/uploads\/2023\/10\/sung-ban-vit-mini-Wadfow-4V-cong-sac-pin-300x300.jpg 300w, https:\/\/maybommini.vn\/wp-content\/uploads\/2023\/10\/sung-ban-vit-mini-Wadfow-4V-cong-sac-pin-150x150.jpg 150w, https:\/\/maybommini.vn\/wp-content\/uploads\/2023\/10\/sung-ban-vit-mini-Wadfow-4V-cong-sac-pin-600x600.jpg 600w\" sizes=\"(max-width: 750px) 100vw, 750px\" \/><\/a><a href=\"https:\/\/maybommini.com\/wp-content\/uploads\/2023\/10\/tren-tay-sung-ban-vit-mini-4V-Wadfow.jpg\" target=\"_blank\" rel=\"noopener\"><img decoding=\"async\" class=\"size-full wp-image-274775 aligncenter\" src=\"https:\/\/maybommini.com\/wp-content\/uploads\/2023\/10\/tren-tay-sung-ban-vit-mini-4V-Wadfow.jpg\" alt=\"Tren Tay Sung Ban Vit Mini 4V Wadfow\" width=\"750\" height=\"750\" srcset=\"https:\/\/maybommini.vn\/wp-content\/uploads\/2023\/10\/tren-tay-sung-ban-vit-mini-4V-Wadfow.jpg 750w, https:\/\/maybommini.vn\/wp-content\/uploads\/2023\/10\/tren-tay-sung-ban-vit-mini-4V-Wadfow-300x300.jpg 300w, https:\/\/maybommini.vn\/wp-content\/uploads\/2023\/10\/tren-tay-sung-ban-vit-mini-4V-Wadfow-150x150.jpg 150w, https:\/\/maybommini.vn\/wp-content\/uploads\/2023\/10\/tren-tay-sung-ban-vit-mini-4V-Wadfow-600x600.jpg 600w\" sizes=\"(max-width: 750px) 100vw, 750px\" \/><\/a>S\u1eec D\u1ee4NG M\u00c1Y B\u1eaeT V\u1eb6N V\u00cdT MINI<\/strong><br \/>\n&#8211; D\u00f9ng cho anh ch\u1ecb l\u00e0m DIY.<br \/>\n&#8211; M\u00e1y v\u1eb7n v\u00edt thi\u1ebft b\u1ecb \u0111i\u1ec7n t\u1eed.<br \/>\n&#8211; S\u00fang v\u1eb7t v\u00edt thi\u1ebft b\u1ecb \u0111i\u1ec7n gia d\u1ee5ng.<br \/>\n&#8211; S\u00fang b\u1eaft v\u00edt mini cho nh\u00e2n vi\u00ean k\u1ef9 thu\u1eadt \u0111i\u1ec7n t\u1eed, \u0111i\u1ec7n m\u00e1y.<br \/>\n&#8211; M\u00e1y v\u1eb7t v\u00edt gia \u0111\u00ecnh.<br \/>\n&#8211; M\u00e1y b\u1eaft v\u00edt c\u1ea7m tay mini l\u1eafp r\u00e1p s\u1eeda ch\u1eefa m\u00e1y t\u00ednh, PC&#8230;.<\/p>\n<p><strong><a href=\"https:\/\/maybommini.com\/wp-content\/uploads\/2023\/10\/sung-ban-vit-pin-sac-USB.jpg\" target=\"_blank\" rel=\"noopener\"><img decoding=\"async\" class=\"size-full wp-image-274784 aligncenter\" src=\"https:\/\/maybommini.com\/wp-content\/uploads\/2023\/10\/sung-ban-vit-pin-sac-USB.jpg\" alt=\"Sung Ban Vit Pin Sac USB\" width=\"750\" height=\"750\" srcset=\"https:\/\/maybommini.vn\/wp-content\/uploads\/2023\/10\/sung-ban-vit-pin-sac-USB.jpg 750w, https:\/\/maybommini.vn\/wp-content\/uploads\/2023\/10\/sung-ban-vit-pin-sac-USB-300x300.jpg 300w, https:\/\/maybommini.vn\/wp-content\/uploads\/2023\/10\/sung-ban-vit-pin-sac-USB-150x150.jpg 150w, https:\/\/maybommini.vn\/wp-content\/uploads\/2023\/10\/sung-ban-vit-pin-sac-USB-600x600.jpg 600w\" sizes=\"(max-width: 750px) 100vw, 750px\" \/><\/a><\/strong><\/p>\n<p style=\"text-align: center;\"><strong> M\u00e1y b\u1eaft v\u00edt mini pin s\u1ea1c Wadfow 4V &#8211; WCV4401<\/strong><\/p>\n<p><strong>CTY TNHH TH\u01af\u01a0NG M\u1ea0I D\u1ecaCH V\u1ee4 \u0110I\u1ec6N M\u00c1Y TH\u00d4NG MINH<br \/>\nWebsite:\u00a0<a href=\"https:\/\/maybommini.com\/\" target=\"_blank\" rel=\"noopener\">https:\/\/maybommini.com<\/a><br \/>\nEmail: Maybommini.com@gmail.com<br \/>\nT\u01af V\u1ea4N K\u1ef8 THU\u1eacT \u2013 MUA H\u00c0NG<br \/>\nTel\/ Zalo: 0908997823 \u2013 0908997872<br \/>\nT\u01b0 v\u1ea5n mua h\u00e0ng: 0907294310 \u2013 02873030399<br \/>\n<\/strong><\/p>\n<h3><a class=\"swipebox\" title=\"\" href=\"https:\/\/maybommini.com\/wp-content\/uploads\/2022\/07\/thong-tin-lien-he-may-bom-mini.jpg\" data-rel=\"lightbox-image-bGlnaHRib3gtaW1hZ2UtYkdsbmFIUmliM2d0YVcxaFoyVXRZa2RzYm1GSVVtbGlNMmQwWVZjeGFGb3lWWFJaYTJSelltMUdTVlZ0YkdsTk1tUXdXVlpqZUdGR2IzbFdXRkphWVRKU2VsbHRNVWRUVmxaMFlrZHNUazF0VVhkWFZscHFaVWRHUjJJemJGZFhSa3BoV1ZSS1UyVnNiSFJOVldSVVZteGFNRmxyWkhOVWF6RjBWVmhrV0Zac2NIRmFWV1JIVWpKSmVtSkdaRmhTYTNCb1YxWlNTMVV5Vm5OaVNGSk9WbGRTVlZadGVHRk5SbXh5V2toT1ZXRjZSakJXVm1oclYwWmFjMk5JUm1GV1YxSklWV3BLU21WdFNrZGFSbWhUWVROQ2IxWXhXbE5UTVZWNVZtNU9hVk5HU2s5V2JHUlRWbFphZEdWSFJrNVNiWGg1VjJ0b1QxWlhSalpTYWtKWFZtMW9jbFl3V21Gak1rNUpVbTFHVjFZeFNrbFdWM0JMVTIxV2RGTnJaR0ZTYldoVVdWUk9RMVZXV25STlZFSlhUVlp3ZVZReFdrdFZWbHBGVVZSclBRPT0=\" data-rl_title=\"\" data-rl_caption=\"\" data-rl_ target=\"_blank\" rel=\"noopener\"><img decoding=\"async\" class=\"size-full wp-image-270584 lazyloaded aligncenter\" src=\"https:\/\/maybommini.com\/wp-content\/uploads\/2022\/07\/thong-tin-lien-he-may-bom-mini.jpg\" sizes=\"(max-width: 750px) 100vw, 750px\" srcset=\"https:\/\/maybommini.com\/wp-content\/uploads\/2022\/07\/thong-tin-lien-he-may-bom-mini.jpg 750w, https:\/\/maybommini.com\/wp-content\/uploads\/2022\/07\/thong-tin-lien-he-may-bom-mini-300x202.jpg 300w, https:\/\/maybommini.com\/wp-content\/uploads\/2022\/07\/thong-tin-lien-he-may-bom-mini-600x405.jpg 600w\" alt=\"Thong Tin Lien He May Bom Mini\" width=\"750\" height=\"506\" data-lazy-srcset=\"https:\/\/maybommini.com\/wp-content\/uploads\/2022\/07\/thong-tin-lien-he-may-bom-mini.jpg 750w, https:\/\/maybommini.com\/wp-content\/uploads\/2022\/07\/thong-tin-lien-he-may-bom-mini-300x202.jpg 300w, https:\/\/maybommini.com\/wp-content\/uploads\/2022\/07\/thong-tin-lien-he-may-bom-mini-600x405.jpg 600w\" data-lazy-sizes=\"(max-width: 750px) 100vw, 750px\" data-lazy-src=\"https:\/\/maybommini.com\/wp-content\/uploads\/2022\/07\/thong-tin-lien-he-may-bom-mini.jpg\" data-was-processed=\"true\" data-lazy-=\"\" \/><\/a><\/h3>\n","protected":false},"excerpt":{"rendered":"<p>Th\u01b0\u01a1ng hi\u1ec7u: Wadfow<br \/>\nModel: WCV4401<br \/>\nT\u1ed1c \u0111\u1ed9: 240\/min<br \/>\nPin s\u1ea1c: Lithium-ion 4V<br \/>\nDung l\u01b0\u1ee3ng: 1.3Ah<br \/>\nC\u1ed5ng s\u1ea1c pin: Micro USB<br \/>\n\u0110\u00e8n led chi\u1ebfu s\u00e1ng: c\u00f3<br \/>\n\u0110\u00e8n led b\u00e1o s\u1ea1c: C\u00f3<br \/>\n\u0110\u1ea3o chi\u1ec1u: C\u00f3<br \/>\nK\u00e8m theo: D\u00e2y s\u1ea1c, \u0110\u1ea7u b\u1eaft v\u00edt x2<br \/>\nTr\u1ecdng l\u01b0\u1ee3ng: 400 gam<br \/>\nB\u1ea3o h\u00e0nh ch\u00ednh h\u00e3ng.<br \/>\nB\u1ea3o h\u00e0nh: 3 th\u00e1ng<\/p>\n","protected":false},"featured_media":274779,"comment_status":"open","ping_status":"closed","template":"","meta":[],"product_brand":[],"product_cat":[828],"product_tag":[4344,4346,4341,2532,4342,4343,4345,4347],"class_list":{"0":"post-274774","1":"product","2":"type-product","3":"status-publish","4":"has-post-thumbnail","6":"product_cat-may-khoan-ban-vit","7":"product_tag-bat-vit","8":"product_tag-bat-vit-mini","9":"product_tag-may-bat-vit","10":"product_tag-sung-ban-vit","11":"product_tag-sung-bat-vit","12":"product_tag-sung-van-vit","13":"product_tag-van-vit","14":"product_tag-wadfow","16":"first","17":"instock","18":"sale","19":"shipping-taxable","20":"purchasable","21":"product-type-simple"},"_links":{"self":[{"href":"https:\/\/maybommini.vn\/index.php?rest_route=\/wp\/v2\/product\/274774","targetHints":{"allow":["GET"]}}],"collection":[{"href":"https:\/\/maybommini.vn\/index.php?rest_route=\/wp\/v2\/product"}],"about":[{"href":"https:\/\/maybommini.vn\/index.php?rest_route=\/wp\/v2\/types\/product"}],"replies":[{"embeddable":true,"href":"https:\/\/maybommini.vn\/index.php?rest_route=%2Fwp%2Fv2%2Fcomments&post=274774"}],"wp:featuredmedia":[{"embeddable":true,"href":"https:\/\/maybommini.vn\/index.php?rest_route=\/wp\/v2\/media\/274779"}],"wp:attachment":[{"href":"https:\/\/maybommini.vn\/index.php?rest_route=%2Fwp%2Fv2%2Fmedia&parent=274774"}],"wp:term":[{"taxonomy":"product_brand","embeddable":true,"href":"https:\/\/maybommini.vn\/index.php?rest_route=%2Fwp%2Fv2%2Fproduct_brand&post=274774"},{"taxonomy":"product_cat","embeddable":true,"href":"https:\/\/maybommini.vn\/index.php?rest_route=%2Fwp%2Fv2%2Fproduct_cat&post=274774"},{"taxonomy":"product_tag","embeddable":true,"href":"https:\/\/maybommini.vn\/index.php?rest_route=%2Fwp%2Fv2%2Fproduct_tag&post=274774"}],"curies":[{"name":"wp","href":"https:\/\/api.w.org\/{rel}","templated":true}]}}