{"id":274987,"date":"2023-11-22T23:00:41","date_gmt":"2023-11-22T16:00:41","guid":{"rendered":"https:\/\/maybommini.com\/?post_type=product&#038;p=274987"},"modified":"2024-01-05T10:16:43","modified_gmt":"2024-01-05T03:16:43","slug":"day-chuyen-doi-nguon-usb-5v-sang-9v-dc","status":"publish","type":"product","link":"https:\/\/maybommini.vn\/?product=day-chuyen-doi-nguon-usb-5v-sang-9v-dc","title":{"rendered":"D\u00e2y chuy\u1ec3n \u0111\u1ed5i ngu\u1ed3n USB 5V sang 9V DC"},"content":{"rendered":"<p><strong>D\u00e2y chuy\u1ec3n \u0111\u1ed5i ngu\u1ed3n USB 5V sang 9V DC s\u1eed d\u1ee5ng s\u1ea1c pin v\u00e0 thi\u1ebft b\u1ecb \u0111i\u1ec7n d\u00f9ng pin s\u1ea1c 9V. V\u1edbi ch\u1ee9c n\u0103ng t\u0103ng \u00e1p t\u1eeb 5V l\u00ean 9V d\u00f9ng m\u1ea1ch boost cao c\u1ea5p r\u1ea5t ti\u1ec7n l\u1ee3i ph\u00f9 h\u1ee3p khi d\u00f9ng ngu\u1ed3n l\u00e0 pin s\u1ea1c d\u1ef1 ph\u00f2ng, c\u1ee7 s\u1ea1c \u0111i\u1ec7n tho\u1ea1i, c\u1ed5ng USB m\u00e1y t\u00ednh, USB tr\u00ean \u00f4 t\u00f4 v\u00e0 nhi\u1ec1u thi\u1ebft b\u1ecb kh\u00e1c c\u00f3 c\u1ed5ng USB.<\/strong><\/p>\n<p><strong><a href=\"https:\/\/maybommini.com\/wp-content\/uploads\/2023\/11\/Day-chuyen-nguon-USB-sang-DC-9V.jpg\" target=\"_blank\" rel=\"noopener\"><img decoding=\"async\" class=\"size-full wp-image-274976 aligncenter\" src=\"https:\/\/maybommini.com\/wp-content\/uploads\/2023\/11\/Day-chuyen-nguon-USB-sang-DC-9V.jpg\" alt=\"Day Chuyen Nguon USB Sang DC 9V\" width=\"750\" height=\"750\" srcset=\"https:\/\/maybommini.vn\/wp-content\/uploads\/2023\/11\/Day-chuyen-nguon-USB-sang-DC-9V.jpg 750w, https:\/\/maybommini.vn\/wp-content\/uploads\/2023\/11\/Day-chuyen-nguon-USB-sang-DC-9V-300x300.jpg 300w, https:\/\/maybommini.vn\/wp-content\/uploads\/2023\/11\/Day-chuyen-nguon-USB-sang-DC-9V-150x150.jpg 150w, https:\/\/maybommini.vn\/wp-content\/uploads\/2023\/11\/Day-chuyen-nguon-USB-sang-DC-9V-600x600.jpg 600w\" sizes=\"(max-width: 750px) 100vw, 750px\" \/><\/a>TH\u00d4NG S\u1ed0 K\u1ef8 THU\u1eacT<\/strong><br \/>\nTh\u01b0\u01a1ng hi\u1ec7u: MTM<br \/>\nModel:USB-BOOST-90<br \/>\nNgu\u1ed3n v\u00e0o: USB 5V &#8211; 2A 3A 5A<br \/>\nNgu\u1ed3n ra: DC 9V 1A<br \/>\n\u0110\u1ea7u ra Jack DC: 5.5&#215;2.1mm<br \/>\nChi\u1ec1u d\u00e0i d\u00e2y: 1 m\u00e9t<br \/>\nM\u1ea1ch boost DC t\u0103ng \u00e1p cao c\u1ea5p.<br \/>\nC\u00f3 \u0111\u00e8n LED b\u00e1o.<\/p>\n<p><a href=\"https:\/\/maybommini.com\/wp-content\/uploads\/2023\/11\/day-USB-chuyen-nguon-modem-wifi.jpg\" target=\"_blank\" rel=\"noopener\"><img decoding=\"async\" class=\"size-full wp-image-274980 aligncenter\" src=\"https:\/\/maybommini.com\/wp-content\/uploads\/2023\/11\/day-USB-chuyen-nguon-modem-wifi.jpg\" alt=\"Day USB Chuyen Nguon Modem Wifi\" width=\"750\" height=\"750\" srcset=\"https:\/\/maybommini.vn\/wp-content\/uploads\/2023\/11\/day-USB-chuyen-nguon-modem-wifi.jpg 750w, https:\/\/maybommini.vn\/wp-content\/uploads\/2023\/11\/day-USB-chuyen-nguon-modem-wifi-300x300.jpg 300w, https:\/\/maybommini.vn\/wp-content\/uploads\/2023\/11\/day-USB-chuyen-nguon-modem-wifi-150x150.jpg 150w, https:\/\/maybommini.vn\/wp-content\/uploads\/2023\/11\/day-USB-chuyen-nguon-modem-wifi-600x600.jpg 600w\" sizes=\"(max-width: 750px) 100vw, 750px\" \/><\/a><a href=\"https:\/\/maybommini.com\/wp-content\/uploads\/2023\/11\/ban-Day-chuyen-nguon-USB-sang-DC.jpg\" target=\"_blank\" rel=\"noopener\"><img decoding=\"async\" class=\"size-full wp-image-274972 aligncenter\" src=\"https:\/\/maybommini.com\/wp-content\/uploads\/2023\/11\/ban-Day-chuyen-nguon-USB-sang-DC.jpg\" alt=\"Ban Day Chuyen Nguon USB Sang DC\" width=\"750\" height=\"750\" srcset=\"https:\/\/maybommini.vn\/wp-content\/uploads\/2023\/11\/ban-Day-chuyen-nguon-USB-sang-DC.jpg 750w, https:\/\/maybommini.vn\/wp-content\/uploads\/2023\/11\/ban-Day-chuyen-nguon-USB-sang-DC-300x300.jpg 300w, https:\/\/maybommini.vn\/wp-content\/uploads\/2023\/11\/ban-Day-chuyen-nguon-USB-sang-DC-150x150.jpg 150w, https:\/\/maybommini.vn\/wp-content\/uploads\/2023\/11\/ban-Day-chuyen-nguon-USB-sang-DC-600x600.jpg 600w\" sizes=\"(max-width: 750px) 100vw, 750px\" \/><\/a><a href=\"https:\/\/maybommini.com\/wp-content\/uploads\/2023\/11\/day-chuyen-nguon-USB-to-DC-8V-9V-12V.jpg\" target=\"_blank\" rel=\"noopener\"><img decoding=\"async\" class=\"size-full wp-image-274979 aligncenter\" src=\"https:\/\/maybommini.com\/wp-content\/uploads\/2023\/11\/day-chuyen-nguon-USB-to-DC-8V-9V-12V.jpg\" alt=\"Day Chuyen Nguon USB To DC 8V 9V 12V\" width=\"750\" height=\"750\" srcset=\"https:\/\/maybommini.vn\/wp-content\/uploads\/2023\/11\/day-chuyen-nguon-USB-to-DC-8V-9V-12V.jpg 750w, https:\/\/maybommini.vn\/wp-content\/uploads\/2023\/11\/day-chuyen-nguon-USB-to-DC-8V-9V-12V-300x300.jpg 300w, https:\/\/maybommini.vn\/wp-content\/uploads\/2023\/11\/day-chuyen-nguon-USB-to-DC-8V-9V-12V-150x150.jpg 150w, https:\/\/maybommini.vn\/wp-content\/uploads\/2023\/11\/day-chuyen-nguon-USB-to-DC-8V-9V-12V-600x600.jpg 600w\" sizes=\"(max-width: 750px) 100vw, 750px\" \/><\/a><a href=\"https:\/\/maybommini.com\/wp-content\/uploads\/2023\/11\/mach-Day-chuyen-nguon-USB-sang-DC.jpg\" target=\"_blank\" rel=\"noopener\"><img decoding=\"async\" class=\"size-full wp-image-274982 aligncenter\" src=\"https:\/\/maybommini.com\/wp-content\/uploads\/2023\/11\/mach-Day-chuyen-nguon-USB-sang-DC.jpg\" alt=\"Mach Day Chuyen Nguon USB Sang DC\" width=\"750\" height=\"750\" srcset=\"https:\/\/maybommini.vn\/wp-content\/uploads\/2023\/11\/mach-Day-chuyen-nguon-USB-sang-DC.jpg 750w, https:\/\/maybommini.vn\/wp-content\/uploads\/2023\/11\/mach-Day-chuyen-nguon-USB-sang-DC-300x300.jpg 300w, https:\/\/maybommini.vn\/wp-content\/uploads\/2023\/11\/mach-Day-chuyen-nguon-USB-sang-DC-150x150.jpg 150w, https:\/\/maybommini.vn\/wp-content\/uploads\/2023\/11\/mach-Day-chuyen-nguon-USB-sang-DC-600x600.jpg 600w\" sizes=\"(max-width: 750px) 100vw, 750px\" \/><\/a><a href=\"https:\/\/maybommini.com\/wp-content\/uploads\/2023\/11\/Power-Cable-For-Router-WIFI-Adapter-Wire-usb-Boost-Module-Converter-Via-Powerbank.jpg\" target=\"_blank\" rel=\"noopener\"><img decoding=\"async\" class=\"size-full wp-image-274983 aligncenter\" src=\"https:\/\/maybommini.com\/wp-content\/uploads\/2023\/11\/Power-Cable-For-Router-WIFI-Adapter-Wire-usb-Boost-Module-Converter-Via-Powerbank.jpg\" alt=\"Power Cable For Router WIFI Adapter Wire Usb Boost Module Converter Via Powerbank\" width=\"750\" height=\"750\" srcset=\"https:\/\/maybommini.vn\/wp-content\/uploads\/2023\/11\/Power-Cable-For-Router-WIFI-Adapter-Wire-usb-Boost-Module-Converter-Via-Powerbank.jpg 750w, https:\/\/maybommini.vn\/wp-content\/uploads\/2023\/11\/Power-Cable-For-Router-WIFI-Adapter-Wire-usb-Boost-Module-Converter-Via-Powerbank-300x300.jpg 300w, https:\/\/maybommini.vn\/wp-content\/uploads\/2023\/11\/Power-Cable-For-Router-WIFI-Adapter-Wire-usb-Boost-Module-Converter-Via-Powerbank-150x150.jpg 150w, https:\/\/maybommini.vn\/wp-content\/uploads\/2023\/11\/Power-Cable-For-Router-WIFI-Adapter-Wire-usb-Boost-Module-Converter-Via-Powerbank-600x600.jpg 600w\" sizes=\"(max-width: 750px) 100vw, 750px\" \/><\/a><a href=\"https:\/\/maybommini.com\/wp-content\/uploads\/2023\/11\/su-dung-day-doi-nguon-USB-to-DC.jpg\" target=\"_blank\" rel=\"noopener\"><img decoding=\"async\" class=\"size-full wp-image-274985 aligncenter\" src=\"https:\/\/maybommini.com\/wp-content\/uploads\/2023\/11\/su-dung-day-doi-nguon-USB-to-DC.jpg\" alt=\"Su Dung Day Doi Nguon USB To DC\" width=\"750\" height=\"750\" srcset=\"https:\/\/maybommini.vn\/wp-content\/uploads\/2023\/11\/su-dung-day-doi-nguon-USB-to-DC.jpg 750w, https:\/\/maybommini.vn\/wp-content\/uploads\/2023\/11\/su-dung-day-doi-nguon-USB-to-DC-300x300.jpg 300w, https:\/\/maybommini.vn\/wp-content\/uploads\/2023\/11\/su-dung-day-doi-nguon-USB-to-DC-150x150.jpg 150w, https:\/\/maybommini.vn\/wp-content\/uploads\/2023\/11\/su-dung-day-doi-nguon-USB-to-DC-600x600.jpg 600w\" sizes=\"(max-width: 750px) 100vw, 750px\" \/><\/a><a href=\"https:\/\/maybommini.com\/wp-content\/uploads\/2023\/11\/USB-DC-5V-to-8V-9V-12V-Power-Cable.jpg\" target=\"_blank\" rel=\"noopener\"><img decoding=\"async\" class=\"size-full wp-image-274986 aligncenter\" src=\"https:\/\/maybommini.com\/wp-content\/uploads\/2023\/11\/USB-DC-5V-to-8V-9V-12V-Power-Cable.jpg\" alt=\"USB DC 5V To 8V 9V 12V Power Cable\" width=\"750\" height=\"750\" srcset=\"https:\/\/maybommini.vn\/wp-content\/uploads\/2023\/11\/USB-DC-5V-to-8V-9V-12V-Power-Cable.jpg 750w, https:\/\/maybommini.vn\/wp-content\/uploads\/2023\/11\/USB-DC-5V-to-8V-9V-12V-Power-Cable-300x300.jpg 300w, https:\/\/maybommini.vn\/wp-content\/uploads\/2023\/11\/USB-DC-5V-to-8V-9V-12V-Power-Cable-150x150.jpg 150w, https:\/\/maybommini.vn\/wp-content\/uploads\/2023\/11\/USB-DC-5V-to-8V-9V-12V-Power-Cable-600x600.jpg 600w\" sizes=\"(max-width: 750px) 100vw, 750px\" \/><\/a><a href=\"https:\/\/maybommini.com\/wp-content\/uploads\/2023\/11\/su-dung-day-chuyen-nguon-USB-sang-DC.jpg\" target=\"_blank\" rel=\"noopener\"><img decoding=\"async\" class=\"size-full wp-image-274984 aligncenter\" src=\"https:\/\/maybommini.com\/wp-content\/uploads\/2023\/11\/su-dung-day-chuyen-nguon-USB-sang-DC.jpg\" alt=\"Su Dung Day Chuyen Nguon USB Sang DC\" width=\"750\" height=\"750\" srcset=\"https:\/\/maybommini.vn\/wp-content\/uploads\/2023\/11\/su-dung-day-chuyen-nguon-USB-sang-DC.jpg 750w, https:\/\/maybommini.vn\/wp-content\/uploads\/2023\/11\/su-dung-day-chuyen-nguon-USB-sang-DC-300x300.jpg 300w, https:\/\/maybommini.vn\/wp-content\/uploads\/2023\/11\/su-dung-day-chuyen-nguon-USB-sang-DC-150x150.jpg 150w, https:\/\/maybommini.vn\/wp-content\/uploads\/2023\/11\/su-dung-day-chuyen-nguon-USB-sang-DC-600x600.jpg 600w\" sizes=\"(max-width: 750px) 100vw, 750px\" \/><\/a><br \/>\n<strong>S\u1eec D\u1ee4NG D\u00c2Y CHUY\u1ec2N \u0110\u1ed4I NGU\u1ed2N USB SANG DC<\/strong><br \/>\n&#8211; S\u1eed d\u1ee5ng l\u00e0m ngu\u1ed3n UPS cho Modem Wifi khi c\u00fap \u0111i\u1ec7n.<br \/>\n&#8211; D\u00f9ng l\u00e0m ngu\u1ed3n s\u1ea1c pin Lithium ion.<br \/>\n&#8211; D\u00f9ng l\u00e0m ngu\u1ed3n \u0111i\u1ec7n d\u1ef1 ph\u00f2ng cho thi\u1ebft b\u1ecb \u0111i\u1ec7n.<br \/>\n&#8211; L\u00e0m ngu\u1ed3n d\u1ef1 ph\u00f2ng cho thi\u1ebft b\u1ecb \u0111i\u1ec7n.<br \/>\n&#8211; D\u00e2y USB chuy\u1ec3n ngu\u1ed3n DC thi\u1ebft b\u1ecb.<br \/>\n&#8211; D\u00e2y cable boost \u0111\u1ed5i ngu\u1ed3n DC<br \/>\n&#8211; D\u00e2y c\u00e1p USB boost DC<br \/>\n&#8211; C\u00e1p s\u1ea1c pin thi\u1ebft b\u1ecb t\u1eeb pin d\u1ef1 ph\u00f2ng.<br \/>\n&#8211; C\u00e1p s\u1ea1c pin thi\u1ebft b\u1ecb \u0111i\u1ec7n t\u1eed<br \/>\n&#8211; C\u00e1p chuy\u1ec3n \u0111\u1ed5i USB to DC<\/p>\n<p><a href=\"https:\/\/maybommini.com\/wp-content\/uploads\/2023\/11\/USB-to-DC-8V-9V-12V.jpg\" target=\"_blank\" rel=\"noopener\"><img decoding=\"async\" class=\"size-full wp-image-274971 aligncenter\" src=\"https:\/\/maybommini.com\/wp-content\/uploads\/2023\/11\/USB-to-DC-8V-9V-12V.jpg\" alt=\"USB To DC 8V 9V 12V\" width=\"750\" height=\"750\" srcset=\"https:\/\/maybommini.vn\/wp-content\/uploads\/2023\/11\/USB-to-DC-8V-9V-12V.jpg 750w, https:\/\/maybommini.vn\/wp-content\/uploads\/2023\/11\/USB-to-DC-8V-9V-12V-300x300.jpg 300w, https:\/\/maybommini.vn\/wp-content\/uploads\/2023\/11\/USB-to-DC-8V-9V-12V-150x150.jpg 150w, https:\/\/maybommini.vn\/wp-content\/uploads\/2023\/11\/USB-to-DC-8V-9V-12V-600x600.jpg 600w\" sizes=\"(max-width: 750px) 100vw, 750px\" \/><\/a><\/p>\n<p style=\"text-align: center;\"><strong>USB to DC Power Cable 5V To 12V Boost Converter 8 Adapters USB to DC Jack Charging Cable for Wifi Router Mini Fan Speaker<\/strong><\/p>\n<p><a href=\"https:\/\/maybommini.com\/wp-content\/uploads\/2023\/11\/gia-Day-chuyen-nguon-USB-sang-DC.jpg\" target=\"_blank\" rel=\"noopener\"><img decoding=\"async\" class=\"size-full wp-image-274981 aligncenter\" src=\"https:\/\/maybommini.com\/wp-content\/uploads\/2023\/11\/gia-Day-chuyen-nguon-USB-sang-DC.jpg\" alt=\"Gia Day Chuyen Nguon USB Sang DC\" width=\"750\" height=\"750\" srcset=\"https:\/\/maybommini.vn\/wp-content\/uploads\/2023\/11\/gia-Day-chuyen-nguon-USB-sang-DC.jpg 750w, https:\/\/maybommini.vn\/wp-content\/uploads\/2023\/11\/gia-Day-chuyen-nguon-USB-sang-DC-300x300.jpg 300w, https:\/\/maybommini.vn\/wp-content\/uploads\/2023\/11\/gia-Day-chuyen-nguon-USB-sang-DC-150x150.jpg 150w, https:\/\/maybommini.vn\/wp-content\/uploads\/2023\/11\/gia-Day-chuyen-nguon-USB-sang-DC-600x600.jpg 600w\" sizes=\"(max-width: 750px) 100vw, 750px\" \/><\/a><\/p>\n<p><a href=\"https:\/\/maybommini.com\/wp-content\/uploads\/2023\/11\/Day-chuyen-nguon-pin-du-phong-sang-DC.jpg\" target=\"_blank\" rel=\"noopener\"><img decoding=\"async\" class=\"size-full wp-image-274974 aligncenter\" src=\"https:\/\/maybommini.com\/wp-content\/uploads\/2023\/11\/Day-chuyen-nguon-pin-du-phong-sang-DC.jpg\" alt=\"Day Chuyen Nguon Pin Du Phong Sang DC\" width=\"750\" height=\"750\" srcset=\"https:\/\/maybommini.vn\/wp-content\/uploads\/2023\/11\/Day-chuyen-nguon-pin-du-phong-sang-DC.jpg 750w, https:\/\/maybommini.vn\/wp-content\/uploads\/2023\/11\/Day-chuyen-nguon-pin-du-phong-sang-DC-300x300.jpg 300w, https:\/\/maybommini.vn\/wp-content\/uploads\/2023\/11\/Day-chuyen-nguon-pin-du-phong-sang-DC-150x150.jpg 150w, https:\/\/maybommini.vn\/wp-content\/uploads\/2023\/11\/Day-chuyen-nguon-pin-du-phong-sang-DC-600x600.jpg 600w\" sizes=\"(max-width: 750px) 100vw, 750px\" \/><\/a><\/p>\n<p><a href=\"https:\/\/maybommini.com\/wp-content\/uploads\/2023\/11\/cap-chuyen-nguon-pin-sac-du-phong-sang-8V-9V-12V.jpg\" target=\"_blank\" rel=\"noopener\"><img decoding=\"async\" class=\"size-full wp-image-274973 aligncenter\" src=\"https:\/\/maybommini.com\/wp-content\/uploads\/2023\/11\/cap-chuyen-nguon-pin-sac-du-phong-sang-8V-9V-12V.jpg\" alt=\"Cap Chuyen Nguon Pin Sac Du Phong Sang 8V 9V 12V\" width=\"750\" height=\"750\" srcset=\"https:\/\/maybommini.vn\/wp-content\/uploads\/2023\/11\/cap-chuyen-nguon-pin-sac-du-phong-sang-8V-9V-12V.jpg 750w, https:\/\/maybommini.vn\/wp-content\/uploads\/2023\/11\/cap-chuyen-nguon-pin-sac-du-phong-sang-8V-9V-12V-300x300.jpg 300w, https:\/\/maybommini.vn\/wp-content\/uploads\/2023\/11\/cap-chuyen-nguon-pin-sac-du-phong-sang-8V-9V-12V-150x150.jpg 150w, https:\/\/maybommini.vn\/wp-content\/uploads\/2023\/11\/cap-chuyen-nguon-pin-sac-du-phong-sang-8V-9V-12V-600x600.jpg 600w\" sizes=\"(max-width: 750px) 100vw, 750px\" \/><\/a><\/p>\n<p style=\"text-align: center;\"><strong>D\u00e2y chuy\u1ec3n \u0111\u1ed5i ngu\u1ed3n USB 5V sang 9V DC<\/strong><\/p>\n<p><strong>CTY TNHH TH\u01af\u01a0NG M\u1ea0I D\u1ecaCH V\u1ee4 \u0110I\u1ec6N M\u00c1Y TH\u00d4NG MINH<\/strong><br \/>\n<strong>Hotline:<\/strong>\u00a0<a href=\"tel:02873030399\">02873030399<\/a>\u00a0\u2013\u00a0<a href=\"tel:0907294310\">0907294310<\/a>\u00a0\u2013\u00a0<a href=\"tel:0908997823\">0908997823<\/a>\u00a0\u2013\u00a0<a href=\"tel:0908997872\">0908997872<\/a><br \/>\n<strong>Email:<\/strong>\u00a0maybommini.com@gmail.com<br \/>\n<strong>Website:<\/strong>\u00a0<a href=\"https:\/\/maybommini.com\/\" target=\"_blank\" rel=\"noopener\">https:\/\/maybommini.com<\/a><br \/>\n<strong>Youtube:<\/strong>\u00a0<a title=\"MayBomMini\" href=\"https:\/\/www.youtube.com\/@MayBomMini\" target=\"_blank\" rel=\"noopener\">https:\/\/www.youtube.com\/@MayBomMini<\/a><\/p>\n<h5><strong><a class=\"swipebox\" title=\"\" href=\"https:\/\/maybommini.com\/wp-content\/uploads\/2022\/07\/thong-tin-lien-he-may-bom-mini.jpg\" data-rel=\"lightbox-image-bGlnaHRib3gtaW1hZ2UtYkdsbmFIUmliM2d0YVcxaFoyVXRZa2RzYm1GSVVtbGlNMmQwWVZjeGFGb3lWWFJaYTJSelltMUdTVlZ0YkdsTk1tUXdXVlpqZUdGR2IzbFdXRkphWVRKU2VsbHRNVWRUVmxaMFlrZHNUazF0VVhkWFZscHFaVWRHUjJJemJGZFhSa3BQVm10V2NrOVJQVDA9\" data-rl_title=\"\" data-rl_caption=\"\" data-rl_ target=\"_blank\" rel=\"noopener\"><img decoding=\"async\" class=\"size-full wp-image-270584 lazyloaded aligncenter\" src=\"https:\/\/maybommini.com\/wp-content\/uploads\/2022\/07\/thong-tin-lien-he-may-bom-mini.jpg\" sizes=\"(max-width: 750px) 100vw, 750px\" srcset=\"https:\/\/maybommini.com\/wp-content\/uploads\/2022\/07\/thong-tin-lien-he-may-bom-mini.jpg 750w, https:\/\/maybommini.com\/wp-content\/uploads\/2022\/07\/thong-tin-lien-he-may-bom-mini-300x202.jpg 300w, https:\/\/maybommini.com\/wp-content\/uploads\/2022\/07\/thong-tin-lien-he-may-bom-mini-600x405.jpg 600w\" alt=\"Thong Tin Lien He May Bom Mini\" width=\"750\" height=\"506\" data-lazy-srcset=\"https:\/\/maybommini.com\/wp-content\/uploads\/2022\/07\/thong-tin-lien-he-may-bom-mini.jpg 750w, https:\/\/maybommini.com\/wp-content\/uploads\/2022\/07\/thong-tin-lien-he-may-bom-mini-300x202.jpg 300w, https:\/\/maybommini.com\/wp-content\/uploads\/2022\/07\/thong-tin-lien-he-may-bom-mini-600x405.jpg 600w\" data-lazy-sizes=\"(max-width: 750px) 100vw, 750px\" data-lazy-src=\"https:\/\/maybommini.com\/wp-content\/uploads\/2022\/07\/thong-tin-lien-he-may-bom-mini.jpg\" data-was-processed=\"true\" data-lazy-=\"\" \/><\/a><\/strong><\/h5>\n","protected":false},"excerpt":{"rendered":"<p>Th\u01b0\u01a1ng hi\u1ec7u: MTM<br \/>\nModel:USB-BOOST-90<br \/>\nNgu\u1ed3n v\u00e0o: USB 5V &#8211; 2A 3A 5A<br \/>\nNgu\u1ed3n ra: DC 9V 1A<br \/>\n\u0110\u1ea7u ra Jack DC: 5.5&#215;2.1mm<br \/>\nChi\u1ec1u d\u00e0i d\u00e2y: 1 m\u00e9t<br \/>\nM\u1ea1ch boost DC t\u0103ng \u00e1p cao c\u1ea5p.<br \/>\nC\u00f3 \u0111\u00e8n LED b\u00e1o.<\/p>\n","protected":false},"featured_media":274976,"comment_status":"open","ping_status":"closed","template":"","meta":[],"product_brand":[],"product_cat":[4375],"product_tag":[4386,4383,4380,4378,4379,4385,4384,4377,3913,4382,4381,4376],"class_list":{"0":"post-274987","1":"product","2":"type-product","3":"status-publish","4":"has-post-thumbnail","6":"product_cat-day-nguon-usb-dc","7":"product_tag-5v-to-9v","8":"product_tag-8-4v","9":"product_tag-boost","10":"product_tag-cable-usb-to-dc","11":"product_tag-cap-chuyen-nguon","12":"product_tag-cap-nguon-modem","13":"product_tag-day-cap-nguon-wifi","14":"product_tag-day-doi-nguon","15":"product_tag-pin-8-4v","16":"product_tag-usb-5v-to-8-4v","17":"product_tag-usb-boost-dc","18":"product_tag-usb-to-dc","20":"first","21":"instock","22":"sale","23":"shipping-taxable","24":"purchasable","25":"product-type-simple"},"_links":{"self":[{"href":"https:\/\/maybommini.vn\/index.php?rest_route=\/wp\/v2\/product\/274987","targetHints":{"allow":["GET"]}}],"collection":[{"href":"https:\/\/maybommini.vn\/index.php?rest_route=\/wp\/v2\/product"}],"about":[{"href":"https:\/\/maybommini.vn\/index.php?rest_route=\/wp\/v2\/types\/product"}],"replies":[{"embeddable":true,"href":"https:\/\/maybommini.vn\/index.php?rest_route=%2Fwp%2Fv2%2Fcomments&post=274987"}],"wp:featuredmedia":[{"embeddable":true,"href":"https:\/\/maybommini.vn\/index.php?rest_route=\/wp\/v2\/media\/274976"}],"wp:attachment":[{"href":"https:\/\/maybommini.vn\/index.php?rest_route=%2Fwp%2Fv2%2Fmedia&parent=274987"}],"wp:term":[{"taxonomy":"product_brand","embeddable":true,"href":"https:\/\/maybommini.vn\/index.php?rest_route=%2Fwp%2Fv2%2Fproduct_brand&post=274987"},{"taxonomy":"product_cat","embeddable":true,"href":"https:\/\/maybommini.vn\/index.php?rest_route=%2Fwp%2Fv2%2Fproduct_cat&post=274987"},{"taxonomy":"product_tag","embeddable":true,"href":"https:\/\/maybommini.vn\/index.php?rest_route=%2Fwp%2Fv2%2Fproduct_tag&post=274987"}],"curies":[{"name":"wp","href":"https:\/\/api.w.org\/{rel}","templated":true}]}}