{"id":275124,"date":"2023-12-26T21:53:57","date_gmt":"2023-12-26T14:53:57","guid":{"rendered":"https:\/\/maybommini.com\/?post_type=product&#038;p=275124"},"modified":"2024-05-21T16:54:29","modified_gmt":"2024-05-21T09:54:29","slug":"pin-may-khoan-chan-ghim-16-8v-2ah","status":"publish","type":"product","link":"https:\/\/maybommini.vn\/?product=pin-may-khoan-chan-ghim-16-8v-2ah","title":{"rendered":"Pin m\u00e1y khoan ch\u00e2n ghim 16.8V 2Ah"},"content":{"rendered":"<p><strong>Pin m\u00e1y khoan ch\u00e2n ghim 16.8V 2Ah chuy\u00ean d\u1ee5ng ch\u00ednh h\u00e3ng gi\u00e1 t\u1ed1t. S\u1eed d\u1ee5ng b\u1ed9 s\u1ea1c jack DC d\u1ea1ng adapter v\u00e0 b\u1ed9 \u0111\u1ebf s\u1ea1c ch\u00e2n ghim, pin n\u00e0y ph\u00f9 h\u1ee3p v\u1edbi c\u00e1c lo\u1ea1i m\u00e1y khoan, m\u00e1y b\u1eaft v\u00edt v\u00e0 thi\u1ebft b\u1ecb d\u00f9ng ngu\u1ed3n 16.8V c\u00e1c khe ch\u00e2n ghim t\u01b0\u01a1ng \u0111\u01b0\u01a1ng.<\/strong><\/p>\n<p><strong><a href=\"https:\/\/maybommini.com\/wp-content\/uploads\/2023\/12\/Pin-may-khoan-chan-ghim-16v8-2ah-4cell-Lishen-MTM.jpg\" target=\"_blank\" rel=\"noopener\"><img decoding=\"async\" class=\"size-full wp-image-275931 aligncenter\" src=\"https:\/\/maybommini.com\/wp-content\/uploads\/2023\/12\/Pin-may-khoan-chan-ghim-16v8-2ah-4cell-Lishen-MTM.jpg\" alt=\"Pin May Khoan Chan Ghim 16v8 2ah 4cell Lishen MTM\" width=\"750\" height=\"750\" srcset=\"https:\/\/maybommini.vn\/wp-content\/uploads\/2023\/12\/Pin-may-khoan-chan-ghim-16v8-2ah-4cell-Lishen-MTM.jpg 750w, https:\/\/maybommini.vn\/wp-content\/uploads\/2023\/12\/Pin-may-khoan-chan-ghim-16v8-2ah-4cell-Lishen-MTM-300x300.jpg 300w, https:\/\/maybommini.vn\/wp-content\/uploads\/2023\/12\/Pin-may-khoan-chan-ghim-16v8-2ah-4cell-Lishen-MTM-150x150.jpg 150w, https:\/\/maybommini.vn\/wp-content\/uploads\/2023\/12\/Pin-may-khoan-chan-ghim-16v8-2ah-4cell-Lishen-MTM-600x600.jpg 600w\" sizes=\"(max-width: 750px) 100vw, 750px\" \/><\/a>TH\u00d4NG S\u1ed0 K\u1ef8 THU\u1eacT<\/strong><br \/>\nTh\u01b0\u01a1ng hi\u1ec7u: MTM<br \/>\nModel: BL-168-2AH<br \/>\nDung l\u01b0\u1ee3ng pin: 2Ah &#8211; 2000mAh<br \/>\n\u0110i\u1ec7n th\u1ebf ra: 10V &#8211; 16.8V<br \/>\n\u0110i\u1ec7n th\u1ebf s\u1ea1c v\u00e0o: 16.8V<br \/>\nD\u00f2ng s\u1ea1c v\u00e0o: 2A Max<br \/>\nD\u00f2ng x\u1ea3 li\u00ean t\u1ee5c: 20A<br \/>\nB\u1ea3o v\u1ec7 qu\u00e1 d\u00f2ng: 28 A<br \/>\n\u0110i\u1ec7n \u00e1p b\u1ea3o v\u1ec7 tr\u00ean (s\u1ea1c) t\u1eebng cell: 4.25V (+-0.25mV)<br \/>\n\u0110i\u1ec7n \u00e1p b\u1ea3o v\u1ec7 d\u01b0\u1edbi (x\u1ea3) t\u1eebng cell: 2.7V )+-0.25mV)<br \/>\nCell pin Lishen m\u1edbi ch\u00ednh h\u00e3ng 10C 20A d\u00f2ng x\u1ea3 cao.<br \/>\nM\u1ea1ch b\u1ea3o v\u1ec7 pin th\u00f4ng minh.<br \/>\nS\u1eed d\u1ee5ng s\u1ea1c adapter ho\u1eb7c \u0111\u1ebf s\u1ea1c 16.8V.<br \/>\nKh\u1ed1i l\u01b0\u1ee3ng: 233 gam<br \/>\nB\u1ea3o h\u00e0nh: 3 th\u00e1ng<strong><a href=\"https:\/\/maybommini.com\/wp-content\/uploads\/2023\/12\/ban-pin-may-khoan-chan-ghim-16v8-2ah-4cell-Lishen-MTM.jpg\" target=\"_blank\" rel=\"noopener\"><img decoding=\"async\" class=\"size-full wp-image-275930 aligncenter\" src=\"https:\/\/maybommini.com\/wp-content\/uploads\/2023\/12\/ban-pin-may-khoan-chan-ghim-16v8-2ah-4cell-Lishen-MTM.jpg\" alt=\"Ban Pin May Khoan Chan Ghim 16v8 2ah 4cell Lishen MTM\" width=\"750\" height=\"750\" srcset=\"https:\/\/maybommini.vn\/wp-content\/uploads\/2023\/12\/ban-pin-may-khoan-chan-ghim-16v8-2ah-4cell-Lishen-MTM.jpg 750w, https:\/\/maybommini.vn\/wp-content\/uploads\/2023\/12\/ban-pin-may-khoan-chan-ghim-16v8-2ah-4cell-Lishen-MTM-300x300.jpg 300w, https:\/\/maybommini.vn\/wp-content\/uploads\/2023\/12\/ban-pin-may-khoan-chan-ghim-16v8-2ah-4cell-Lishen-MTM-150x150.jpg 150w, https:\/\/maybommini.vn\/wp-content\/uploads\/2023\/12\/ban-pin-may-khoan-chan-ghim-16v8-2ah-4cell-Lishen-MTM-600x600.jpg 600w\" sizes=\"(max-width: 750px) 100vw, 750px\" \/><\/a><a href=\"https:\/\/maybommini.com\/wp-content\/uploads\/2023\/12\/Pin-may-khoan-chan-ghim-16v8-2ah-4cell-Lishen-MTM.jpg\" target=\"_blank\" rel=\"noopener\"><img decoding=\"async\" class=\"size-full wp-image-275931 aligncenter\" src=\"https:\/\/maybommini.com\/wp-content\/uploads\/2023\/12\/Pin-may-khoan-chan-ghim-16v8-2ah-4cell-Lishen-MTM.jpg\" alt=\"Pin May Khoan Chan Ghim 16v8 2ah 4cell Lishen MTM\" width=\"750\" height=\"750\" srcset=\"https:\/\/maybommini.vn\/wp-content\/uploads\/2023\/12\/Pin-may-khoan-chan-ghim-16v8-2ah-4cell-Lishen-MTM.jpg 750w, https:\/\/maybommini.vn\/wp-content\/uploads\/2023\/12\/Pin-may-khoan-chan-ghim-16v8-2ah-4cell-Lishen-MTM-300x300.jpg 300w, https:\/\/maybommini.vn\/wp-content\/uploads\/2023\/12\/Pin-may-khoan-chan-ghim-16v8-2ah-4cell-Lishen-MTM-150x150.jpg 150w, https:\/\/maybommini.vn\/wp-content\/uploads\/2023\/12\/Pin-may-khoan-chan-ghim-16v8-2ah-4cell-Lishen-MTM-600x600.jpg 600w\" sizes=\"(max-width: 750px) 100vw, 750px\" \/><\/a><a href=\"https:\/\/maybommini.com\/wp-content\/uploads\/2023\/12\/pin-may-khoan-4-cell.jpg\" target=\"_blank\" rel=\"noopener\"><img decoding=\"async\" class=\"size-full wp-image-275128 aligncenter\" src=\"https:\/\/maybommini.com\/wp-content\/uploads\/2023\/12\/pin-may-khoan-4-cell.jpg\" alt=\"Pin May Khoan 4 Cell\" width=\"750\" height=\"750\" srcset=\"https:\/\/maybommini.vn\/wp-content\/uploads\/2023\/12\/pin-may-khoan-4-cell.jpg 750w, https:\/\/maybommini.vn\/wp-content\/uploads\/2023\/12\/pin-may-khoan-4-cell-300x300.jpg 300w, https:\/\/maybommini.vn\/wp-content\/uploads\/2023\/12\/pin-may-khoan-4-cell-150x150.jpg 150w, https:\/\/maybommini.vn\/wp-content\/uploads\/2023\/12\/pin-may-khoan-4-cell-600x600.jpg 600w\" sizes=\"(max-width: 750px) 100vw, 750px\" \/><\/a><\/strong><br \/>\n<a href=\"https:\/\/maybommini.com\/wp-content\/uploads\/2023\/12\/Pin-may-khoan-chan-ghim-16V8-2000mah.jpg\" target=\"_blank\" rel=\"noopener\"><img decoding=\"async\" class=\"size-full wp-image-275129 aligncenter\" src=\"https:\/\/maybommini.com\/wp-content\/uploads\/2023\/12\/Pin-may-khoan-chan-ghim-16V8-2000mah.jpg\" alt=\"Pin May Khoan Chan Ghim 16V8 2000mah\" width=\"750\" height=\"750\" srcset=\"https:\/\/maybommini.vn\/wp-content\/uploads\/2023\/12\/Pin-may-khoan-chan-ghim-16V8-2000mah.jpg 750w, https:\/\/maybommini.vn\/wp-content\/uploads\/2023\/12\/Pin-may-khoan-chan-ghim-16V8-2000mah-300x300.jpg 300w, https:\/\/maybommini.vn\/wp-content\/uploads\/2023\/12\/Pin-may-khoan-chan-ghim-16V8-2000mah-150x150.jpg 150w, https:\/\/maybommini.vn\/wp-content\/uploads\/2023\/12\/Pin-may-khoan-chan-ghim-16V8-2000mah-600x600.jpg 600w\" sizes=\"(max-width: 750px) 100vw, 750px\" \/><\/a><a href=\"https:\/\/maybommini.com\/wp-content\/uploads\/2023\/12\/pin-may-khoan-TQ-4-cell-chan-ghim.jpg\" target=\"_blank\" rel=\"noopener\"><img decoding=\"async\" class=\"size-full wp-image-275132 aligncenter\" src=\"https:\/\/maybommini.com\/wp-content\/uploads\/2023\/12\/pin-may-khoan-TQ-4-cell-chan-ghim.jpg\" alt=\"Pin May Khoan TQ 4 Cell Chan Ghim\" width=\"750\" height=\"750\" srcset=\"https:\/\/maybommini.vn\/wp-content\/uploads\/2023\/12\/pin-may-khoan-TQ-4-cell-chan-ghim.jpg 750w, https:\/\/maybommini.vn\/wp-content\/uploads\/2023\/12\/pin-may-khoan-TQ-4-cell-chan-ghim-300x300.jpg 300w, https:\/\/maybommini.vn\/wp-content\/uploads\/2023\/12\/pin-may-khoan-TQ-4-cell-chan-ghim-150x150.jpg 150w, https:\/\/maybommini.vn\/wp-content\/uploads\/2023\/12\/pin-may-khoan-TQ-4-cell-chan-ghim-600x600.jpg 600w\" sizes=\"(max-width: 750px) 100vw, 750px\" \/><\/a><a href=\"https:\/\/maybommini.com\/wp-content\/uploads\/2023\/12\/chan-pin-may-khoan-loai-ghim-4-cell.jpg\" target=\"_blank\" rel=\"noopener\"><img decoding=\"async\" class=\"size-full wp-image-275134 aligncenter\" src=\"https:\/\/maybommini.com\/wp-content\/uploads\/2023\/12\/chan-pin-may-khoan-loai-ghim-4-cell.jpg\" alt=\"Chan Pin May Khoan Loai Ghim 4 Cell\" width=\"750\" height=\"750\" srcset=\"https:\/\/maybommini.vn\/wp-content\/uploads\/2023\/12\/chan-pin-may-khoan-loai-ghim-4-cell.jpg 750w, https:\/\/maybommini.vn\/wp-content\/uploads\/2023\/12\/chan-pin-may-khoan-loai-ghim-4-cell-300x300.jpg 300w, https:\/\/maybommini.vn\/wp-content\/uploads\/2023\/12\/chan-pin-may-khoan-loai-ghim-4-cell-150x150.jpg 150w, https:\/\/maybommini.vn\/wp-content\/uploads\/2023\/12\/chan-pin-may-khoan-loai-ghim-4-cell-600x600.jpg 600w\" sizes=\"(max-width: 750px) 100vw, 750px\" \/><\/a><a href=\"https:\/\/maybommini.com\/wp-content\/uploads\/2023\/12\/Pin-chan-ghim-16V8-2000mah.jpg\" target=\"_blank\" rel=\"noopener\"><img decoding=\"async\" class=\"size-full wp-image-275127 aligncenter\" src=\"https:\/\/maybommini.com\/wp-content\/uploads\/2023\/12\/Pin-chan-ghim-16V8-2000mah.jpg\" alt=\"Pin Chan Ghim 16V8 2000mah\" width=\"750\" height=\"750\" srcset=\"https:\/\/maybommini.vn\/wp-content\/uploads\/2023\/12\/Pin-chan-ghim-16V8-2000mah.jpg 750w, https:\/\/maybommini.vn\/wp-content\/uploads\/2023\/12\/Pin-chan-ghim-16V8-2000mah-300x300.jpg 300w, https:\/\/maybommini.vn\/wp-content\/uploads\/2023\/12\/Pin-chan-ghim-16V8-2000mah-150x150.jpg 150w, https:\/\/maybommini.vn\/wp-content\/uploads\/2023\/12\/Pin-chan-ghim-16V8-2000mah-600x600.jpg 600w\" sizes=\"(max-width: 750px) 100vw, 750px\" \/><\/a><a href=\"https:\/\/maybommini.com\/wp-content\/uploads\/2023\/12\/gia-pin-may-khoan-chan-ghim-16V8-2000mah.jpg\" target=\"_blank\" rel=\"noopener\"><img decoding=\"async\" class=\"size-full wp-image-275125 aligncenter\" src=\"https:\/\/maybommini.com\/wp-content\/uploads\/2023\/12\/gia-pin-may-khoan-chan-ghim-16V8-2000mah.jpg\" alt=\"Gia Pin May Khoan Chan Ghim 16V8 2000mah\" width=\"750\" height=\"750\" srcset=\"https:\/\/maybommini.vn\/wp-content\/uploads\/2023\/12\/gia-pin-may-khoan-chan-ghim-16V8-2000mah.jpg 750w, https:\/\/maybommini.vn\/wp-content\/uploads\/2023\/12\/gia-pin-may-khoan-chan-ghim-16V8-2000mah-300x300.jpg 300w, https:\/\/maybommini.vn\/wp-content\/uploads\/2023\/12\/gia-pin-may-khoan-chan-ghim-16V8-2000mah-150x150.jpg 150w, https:\/\/maybommini.vn\/wp-content\/uploads\/2023\/12\/gia-pin-may-khoan-chan-ghim-16V8-2000mah-600x600.jpg 600w\" sizes=\"(max-width: 750px) 100vw, 750px\" \/><\/a><\/p>\n<p>M\u1ea1ch b\u1ea3o v\u1ec7 v\u00e0 s\u1ea1c pin l\u00e0 lo\u1ea1i c\u00f3 \u0111i\u1ec1u ch\u1ebf c\u00e2n b\u1eb1ng \u0111i\u1ec7n \u00e1p b\u1eb1ng IC, 1 Mosfet lo\u1ea1i to.<br \/>\nV\u1ecf d\u01b0\u1edbi l\u00e0m b\u1eb1ng nh\u1ef1a Nilon \u0111\u1eb7c bi\u1ec7t PA6 (l\u00e0 m\u1ed9t polymer \u0111\u01b0\u1ee3c t\u1ed5ng h\u1ee3p b\u1edfi IG Schraker c\u1ee7a \u0110\u1ee9c.) \u0111\u1ed9 b\u1ec1n, s\u1ee9c co k\u00e9o, ch\u1ecbu va \u0111\u1eadp&#8230;. \u0103n ng\u00e0m ch\u1eafc h\u01a1n r\u1ea5t nhi\u1ec1u so v\u1edbi nh\u1ef1a ABS th\u00f4ng tt\u01b0\u1eddng. Ngo\u00e0i ra vi\u1ec1n xung quanh \u0111\u1ebf c\u00f2n b\u1ecdc 1 l\u1edbp TPU m\u00e0u \u0111\u1ecf ch\u1ed1ng s\u1ed1c v\u00e0 ch\u1ed1ng tr\u01b0\u1ee3t !<br \/>\nS\u1eed d\u1ee5ng cho c\u00e1c d\u00f2ng m\u00e1y pin 4cell MTCO c\u00f3 c\u1ea5p tr\u01b0\u1ee3t ho\u1eb7c m\u1ed9t s\u1ed1 m\u00e1y n\u1ed9i \u0111\u1ecba trung&#8230; Azuka, Dramma, Dongke.. &#8230;.t\u01b0\u01a1ng th\u00edch nh\u01b0 video v\u00e0 h\u00ecnh tr\u00ean.<br \/>\nR\u1ea5t th\u00f4ng d\u1ee5ng d\u00f9ng cho c\u00e1c d\u00f2ng m\u00e1y n\u1ed9i \u0111\u1ecba Trung c\u00f3 d\u00f2ng pin ch\u1ecdt 16.8V 4cell.<\/p>\n<p><a href=\"https:\/\/maybommini.com\/wp-content\/uploads\/2023\/12\/Pin-may-khoan-chan-ghim-16V8-2000mah-kem-de-sac.jpg\" target=\"_blank\" rel=\"noopener\"><img decoding=\"async\" class=\"size-full wp-image-275130 aligncenter\" src=\"https:\/\/maybommini.com\/wp-content\/uploads\/2023\/12\/Pin-may-khoan-chan-ghim-16V8-2000mah-kem-de-sac.jpg\" alt=\"Pin May Khoan Chan Ghim 16V8 2000mah Kem De Sac\" width=\"750\" height=\"750\" srcset=\"https:\/\/maybommini.vn\/wp-content\/uploads\/2023\/12\/Pin-may-khoan-chan-ghim-16V8-2000mah-kem-de-sac.jpg 750w, https:\/\/maybommini.vn\/wp-content\/uploads\/2023\/12\/Pin-may-khoan-chan-ghim-16V8-2000mah-kem-de-sac-300x300.jpg 300w, https:\/\/maybommini.vn\/wp-content\/uploads\/2023\/12\/Pin-may-khoan-chan-ghim-16V8-2000mah-kem-de-sac-150x150.jpg 150w, https:\/\/maybommini.vn\/wp-content\/uploads\/2023\/12\/Pin-may-khoan-chan-ghim-16V8-2000mah-kem-de-sac-600x600.jpg 600w\" sizes=\"(max-width: 750px) 100vw, 750px\" \/><\/a><\/p>\n<p><a href=\"https:\/\/maybommini.com\/wp-content\/uploads\/2023\/12\/Pin-may-khoan-chan-ghim-16V8-2000mah-kem-sac-adapter.jpg\" target=\"_blank\" rel=\"noopener\"><img decoding=\"async\" class=\"size-full wp-image-275131 aligncenter\" src=\"https:\/\/maybommini.com\/wp-content\/uploads\/2023\/12\/Pin-may-khoan-chan-ghim-16V8-2000mah-kem-sac-adapter.jpg\" alt=\"Pin May Khoan Chan Ghim 16V8 2000mah Kem Sac Adapter\" width=\"750\" height=\"750\" srcset=\"https:\/\/maybommini.vn\/wp-content\/uploads\/2023\/12\/Pin-may-khoan-chan-ghim-16V8-2000mah-kem-sac-adapter.jpg 750w, https:\/\/maybommini.vn\/wp-content\/uploads\/2023\/12\/Pin-may-khoan-chan-ghim-16V8-2000mah-kem-sac-adapter-300x300.jpg 300w, https:\/\/maybommini.vn\/wp-content\/uploads\/2023\/12\/Pin-may-khoan-chan-ghim-16V8-2000mah-kem-sac-adapter-150x150.jpg 150w, https:\/\/maybommini.vn\/wp-content\/uploads\/2023\/12\/Pin-may-khoan-chan-ghim-16V8-2000mah-kem-sac-adapter-600x600.jpg 600w\" sizes=\"(max-width: 750px) 100vw, 750px\" \/><\/a><a href=\"https:\/\/maybommini.com\/wp-content\/uploads\/2023\/12\/pin-4-cell-16v8-may-khoan-va-sac.jpg\" target=\"_blank\" rel=\"noopener\"><img decoding=\"async\" class=\"size-full wp-image-275126 aligncenter\" src=\"https:\/\/maybommini.com\/wp-content\/uploads\/2023\/12\/pin-4-cell-16v8-may-khoan-va-sac.jpg\" alt=\"Pin 4 Cell 16v8 May Khoan Va Sac\" width=\"750\" height=\"750\" srcset=\"https:\/\/maybommini.vn\/wp-content\/uploads\/2023\/12\/pin-4-cell-16v8-may-khoan-va-sac.jpg 750w, https:\/\/maybommini.vn\/wp-content\/uploads\/2023\/12\/pin-4-cell-16v8-may-khoan-va-sac-300x300.jpg 300w, https:\/\/maybommini.vn\/wp-content\/uploads\/2023\/12\/pin-4-cell-16v8-may-khoan-va-sac-150x150.jpg 150w, https:\/\/maybommini.vn\/wp-content\/uploads\/2023\/12\/pin-4-cell-16v8-may-khoan-va-sac-600x600.jpg 600w\" sizes=\"(max-width: 750px) 100vw, 750px\" \/><\/a><\/p>\n<p><strong>D\u00d9NG PIN M\u00c1Y KHOAN C\u1ea6M TAY 16.8V 4S<br \/>\n<\/strong>\u2013 D\u00f9ng thay th\u1ebf Pin m\u00e1y khoan c\u1ea7m tay c\u1ee7.<br \/>\n\u2013 D\u00f9ng l\u00e0m pin d\u1ef1 ph\u00f2ng cho m\u00e1y khoan c\u1ea7m tay b\u1eafn v\u00edt 14.8V &#8211; 16.8V<br \/>\n\u2013 D\u00f9ng cho c\u00e1c lo\u1ea1i m\u00e1y khoan c\u1ea7m tay c\u00f3 lo\u1ea1i pin r\u1eddi s\u1ea1c.<br \/>\n&#8211; D\u00f9ng cho m\u00e1y khoan pin, m\u00e1y b\u1eaft v\u00edt v\u00e0 thi\u1ebft b\u1ecb c\u1ea7m tay t\u01b0\u01a1ng t\u1ef1.<br \/>\n<a href=\"https:\/\/maybommini.com\/wp-content\/uploads\/2023\/12\/chuyen-ban-pin-may-khoan-chan-ghim-16V8-2000mah.jpg\" target=\"_blank\" rel=\"noopener\"><img decoding=\"async\" class=\"size-full wp-image-275135 aligncenter\" src=\"https:\/\/maybommini.com\/wp-content\/uploads\/2023\/12\/chuyen-ban-pin-may-khoan-chan-ghim-16V8-2000mah.jpg\" alt=\"Chuyen Ban Pin May Khoan Chan Ghim 16V8 2000mah\" width=\"750\" height=\"750\" srcset=\"https:\/\/maybommini.vn\/wp-content\/uploads\/2023\/12\/chuyen-ban-pin-may-khoan-chan-ghim-16V8-2000mah.jpg 750w, https:\/\/maybommini.vn\/wp-content\/uploads\/2023\/12\/chuyen-ban-pin-may-khoan-chan-ghim-16V8-2000mah-300x300.jpg 300w, https:\/\/maybommini.vn\/wp-content\/uploads\/2023\/12\/chuyen-ban-pin-may-khoan-chan-ghim-16V8-2000mah-150x150.jpg 150w, https:\/\/maybommini.vn\/wp-content\/uploads\/2023\/12\/chuyen-ban-pin-may-khoan-chan-ghim-16V8-2000mah-600x600.jpg 600w\" sizes=\"(max-width: 750px) 100vw, 750px\" \/><\/a><strong>CTY TNHH TH\u01af\u01a0NG M\u1ea0I D\u1ecaCH V\u1ee4 \u0110I\u1ec6N M\u00c1Y TH\u00d4NG MINH<\/strong><br \/>\n<strong>Hotline:<\/strong>\u00a0<a href=\"tel:02873030399\">02873030399<\/a> \u2013 <a href=\"tel:0907294310\">0907294310<\/a> \u2013\u00a0<a href=\"tel:0908997823\">0908997823<\/a>\u00a0\u2013\u00a0<a href=\"tel:0908997872\">0908997872<\/a><br \/>\n<strong>Email:<\/strong>\u00a0maybommini.com@gmail.com<br \/>\n<strong>Website:<\/strong>\u00a0https:\/\/maybommini.com<br \/>\n<strong>Youtube demo:<\/strong>\u00a0https:\/\/www.youtube.com\/bahamasali<\/p>\n<p><a class=\"swipebox\" title=\"\" href=\"https:\/\/maybommini.com\/wp-content\/uploads\/2022\/07\/thong-tin-lien-he-may-bom-mini.jpg\" data-rel=\"lightbox-image-bGlnaHRib3gtaW1hZ2UtMjE=\" data-rl_title=\"\" data-rl_caption=\"\" data-rl_ target=\"_blank\" rel=\"noopener\"><img decoding=\"async\" class=\"size-full wp-image-270584 aligncenter lazyloaded\" src=\"https:\/\/maybommini.com\/wp-content\/uploads\/2022\/07\/thong-tin-lien-he-may-bom-mini.jpg\" sizes=\"(max-width: 750px) 100vw, 750px\" srcset=\"https:\/\/maybommini.com\/wp-content\/uploads\/2022\/07\/thong-tin-lien-he-may-bom-mini.jpg 750w, https:\/\/maybommini.com\/wp-content\/uploads\/2022\/07\/thong-tin-lien-he-may-bom-mini-300x202.jpg 300w, https:\/\/maybommini.com\/wp-content\/uploads\/2022\/07\/thong-tin-lien-he-may-bom-mini-600x405.jpg 600w\" alt=\"Thong Tin Lien He May Bom Mini\" width=\"750\" height=\"506\" data-lazy-srcset=\"https:\/\/maybommini.com\/wp-content\/uploads\/2022\/07\/thong-tin-lien-he-may-bom-mini.jpg 750w, https:\/\/maybommini.com\/wp-content\/uploads\/2022\/07\/thong-tin-lien-he-may-bom-mini-300x202.jpg 300w, https:\/\/maybommini.com\/wp-content\/uploads\/2022\/07\/thong-tin-lien-he-may-bom-mini-600x405.jpg 600w\" data-lazy-sizes=\"(max-width: 750px) 100vw, 750px\" data-lazy-src=\"https:\/\/maybommini.com\/wp-content\/uploads\/2022\/07\/thong-tin-lien-he-may-bom-mini.jpg\" data-was-processed=\"true\" data-lazy-=\"\" \/><\/a><\/p>\n<p>&nbsp;<\/p>\n","protected":false},"excerpt":{"rendered":"<p>Th\u01b0\u01a1ng hi\u1ec7u: MTM<br \/>\nModel: BL-168-2AH<br \/>\nDung l\u01b0\u1ee3ng pin: 2Ah &#8211; 2000mAh<br \/>\n\u0110i\u1ec7n th\u1ebf ra: 10V &#8211; 16.8V<br \/>\n\u0110i\u1ec7n th\u1ebf s\u1ea1c v\u00e0o: 16.8V<br \/>\nD\u00f2ng s\u1ea1c v\u00e0o: 2A Max<br \/>\nD\u00f2ng x\u1ea3 li\u00ean t\u1ee5c: 20A<br \/>\nB\u1ea3o v\u1ec7 qu\u00e1 d\u00f2ng: 28 A<br \/>\n\u0110i\u1ec7n \u00e1p b\u1ea3o v\u1ec7 tr\u00ean (s\u1ea1c) t\u1eebng cell: 4.25V (+-0.25mV)<br \/>\n\u0110i\u1ec7n \u00e1p b\u1ea3o v\u1ec7 d\u01b0\u1edbi (x\u1ea3) t\u1eebng cell: 2.7V )+-0.25mV)<br \/>\nCell pin Lishen m\u1edbi ch\u00ednh h\u00e3ng 10C 20A d\u00f2ng x\u1ea3 cao.<br \/>\nM\u1ea1ch b\u1ea3o v\u1ec7 pin th\u00f4ng minh.<br \/>\nS\u1eed d\u1ee5ng s\u1ea1c adapter ho\u1eb7c \u0111\u1ebf s\u1ea1c 16.8V.<br \/>\nKh\u1ed1i l\u01b0\u1ee3ng: 233 gam<br \/>\nB\u1ea3o h\u00e0nh: 3 th\u00e1ng<\/p>\n","protected":false},"featured_media":275931,"comment_status":"open","ping_status":"closed","template":"","meta":[],"product_brand":[],"product_cat":[3654],"product_tag":[2162,4548,4405,2163,4546,4404,1136,4547,431],"class_list":{"0":"post-275124","1":"product","2":"type-product","3":"status-publish","4":"has-post-thumbnail","6":"product_cat-pin-thiet-bi-cam-tay","7":"product_tag-16-8v","8":"product_tag-ban-pin-may-khoan","9":"product_tag-pin-14-8v","10":"product_tag-pin-16-8v","11":"product_tag-pin-2ah","12":"product_tag-pin-4-cell","13":"product_tag-pin-may-khoan","14":"product_tag-pin-may-khoan-chan-ghim","15":"product_tag-pin-sac","17":"first","18":"instock","19":"shipping-taxable","20":"purchasable","21":"product-type-simple"},"_links":{"self":[{"href":"https:\/\/maybommini.vn\/index.php?rest_route=\/wp\/v2\/product\/275124","targetHints":{"allow":["GET"]}}],"collection":[{"href":"https:\/\/maybommini.vn\/index.php?rest_route=\/wp\/v2\/product"}],"about":[{"href":"https:\/\/maybommini.vn\/index.php?rest_route=\/wp\/v2\/types\/product"}],"replies":[{"embeddable":true,"href":"https:\/\/maybommini.vn\/index.php?rest_route=%2Fwp%2Fv2%2Fcomments&post=275124"}],"wp:featuredmedia":[{"embeddable":true,"href":"https:\/\/maybommini.vn\/index.php?rest_route=\/wp\/v2\/media\/275931"}],"wp:attachment":[{"href":"https:\/\/maybommini.vn\/index.php?rest_route=%2Fwp%2Fv2%2Fmedia&parent=275124"}],"wp:term":[{"taxonomy":"product_brand","embeddable":true,"href":"https:\/\/maybommini.vn\/index.php?rest_route=%2Fwp%2Fv2%2Fproduct_brand&post=275124"},{"taxonomy":"product_cat","embeddable":true,"href":"https:\/\/maybommini.vn\/index.php?rest_route=%2Fwp%2Fv2%2Fproduct_cat&post=275124"},{"taxonomy":"product_tag","embeddable":true,"href":"https:\/\/maybommini.vn\/index.php?rest_route=%2Fwp%2Fv2%2Fproduct_tag&post=275124"}],"curies":[{"name":"wp","href":"https:\/\/api.w.org\/{rel}","templated":true}]}}