{"id":275378,"date":"2024-03-04T23:50:25","date_gmt":"2024-03-04T16:50:25","guid":{"rendered":"https:\/\/maybommini.com\/?post_type=product&#038;p=275378"},"modified":"2024-09-30T20:31:26","modified_gmt":"2024-09-30T13:31:26","slug":"may-bom-chim-dc-24v-100w-80l-oring","status":"publish","type":"product","link":"https:\/\/maybommini.vn\/?product=may-bom-chim-dc-24v-100w-80l-oring","title":{"rendered":"M\u00e1y b\u01a1m ch\u00ecm DC 24V 100W 80L ORING"},"content":{"rendered":"<h3><strong>M\u00e1y b\u01a1m ch\u00ecm DC 24V 100W 80L ORING l\u00e0 lo\u1ea1i m\u00e1y b\u01a1m ch\u00ecm chuy\u00ean d\u1ee5ng cho h\u1ec7 th\u1ed1ng b\u01a1m n\u01b0\u1edbc b\u1eb1ng \u0111i\u1ec7n n\u0103ng l\u01b0\u1ee3ng m\u1eb7t tr\u1eddi, b\u01a1m n\u01b0\u1edbc th\u1ea3i, b\u01a1m n\u01b0\u1edbc tr\u00ean ghe t\u00e0u, b\u01a1m c\u1ea5p n\u01b0\u1edbc, m\u00e1y b\u01a1m ch\u00ecm h\u1ed3 c\u00e1, b\u01a1m n\u01b0\u1edbc ng\u1eadp t\u1ef1 \u0111\u1ed9ng. \u0110\u00e2y l\u00e0 lo\u1ea1i m\u00e1y b\u01a1m ch\u00ecm c\u00f3 c\u00f4ng su\u1ea5t v\u1eeba ph\u1ea3i v\u00e0 l\u01b0u l\u01b0\u1ee3ng b\u01a1m m\u1ea1nh d\u00f9ng ngu\u1ed3n 24V DC.<br \/>\n<\/strong><\/h3>\n<p><strong><a href=\"https:\/\/maybommini.com\/wp-content\/uploads\/2024\/03\/bom-chim-gia-re-24V-oring.jpg\" target=\"_blank\" rel=\"noopener\"><img decoding=\"async\" class=\"size-full wp-image-275379 aligncenter\" src=\"https:\/\/maybommini.com\/wp-content\/uploads\/2024\/03\/bom-chim-gia-re-24V-oring.jpg\" alt=\"Bom Chim Gia Re 24V Oring\" width=\"750\" height=\"750\" srcset=\"https:\/\/maybommini.vn\/wp-content\/uploads\/2024\/03\/bom-chim-gia-re-24V-oring.jpg 750w, https:\/\/maybommini.vn\/wp-content\/uploads\/2024\/03\/bom-chim-gia-re-24V-oring-300x300.jpg 300w, https:\/\/maybommini.vn\/wp-content\/uploads\/2024\/03\/bom-chim-gia-re-24V-oring-150x150.jpg 150w, https:\/\/maybommini.vn\/wp-content\/uploads\/2024\/03\/bom-chim-gia-re-24V-oring-600x600.jpg 600w\" sizes=\"(max-width: 750px) 100vw, 750px\" \/><\/a>TH\u00d4NG S\u1ed0 K\u1ef8 THU\u1eacT<br \/>\n<\/strong>Th\u01b0\u01a1ng hi\u1ec7u: ORING<br \/>\nModel: BL-25<br \/>\n\u0110i\u1ec7n \u00e1p: 24V DC<br \/>\nC\u00f4ng xu\u1ea5t: 100W<br \/>\nL\u01b0u l\u01b0\u1ee3ng: 80L\/min<br \/>\nB\u01a1m cao: 3 &#8211; 4 m\u00e9t<br \/>\n\u1ed0ng ra: 25 mm<br \/>\nCh\u1ea5t li\u1ec7u: \u0110\u1ed3ng &#8211; Nh\u1ef1a<br \/>\nTr\u1ecdng l\u01b0\u1ee3ng: 1.3 Kg<br \/>\nK\u00edch th\u01b0\u1edbc: 13 x 11 x 18 cm<br \/>\nD\u00f9ng ngu\u1ed3n \u0111i\u1ec7n \u1eafc quy ho\u1eb7c bi\u1ebfn th\u1ebf 24V 15A.<\/p>\n<p><strong><a href=\"https:\/\/maybommini.com\/wp-content\/uploads\/2024\/03\/Mayt-bom-chim-24V-100W-80L-ORING.jpg\" target=\"_blank\" rel=\"noopener\"><img decoding=\"async\" class=\"size-full wp-image-275382 aligncenter\" src=\"https:\/\/maybommini.com\/wp-content\/uploads\/2024\/03\/Mayt-bom-chim-24V-100W-80L-ORING.jpg\" alt=\"Mayt Bom Chim 24V 100W 80L ORING\" width=\"750\" height=\"750\" srcset=\"https:\/\/maybommini.vn\/wp-content\/uploads\/2024\/03\/Mayt-bom-chim-24V-100W-80L-ORING.jpg 750w, https:\/\/maybommini.vn\/wp-content\/uploads\/2024\/03\/Mayt-bom-chim-24V-100W-80L-ORING-300x300.jpg 300w, https:\/\/maybommini.vn\/wp-content\/uploads\/2024\/03\/Mayt-bom-chim-24V-100W-80L-ORING-150x150.jpg 150w, https:\/\/maybommini.vn\/wp-content\/uploads\/2024\/03\/Mayt-bom-chim-24V-100W-80L-ORING-600x600.jpg 600w\" sizes=\"(max-width: 750px) 100vw, 750px\" \/><\/a><a href=\"https:\/\/maybommini.com\/wp-content\/uploads\/2024\/03\/gia-mayt-bom-chim-24V-100W-80L-ORING.jpg\" target=\"_blank\" rel=\"noopener\"><img decoding=\"async\" class=\"size-full wp-image-275380 aligncenter\" src=\"https:\/\/maybommini.com\/wp-content\/uploads\/2024\/03\/gia-mayt-bom-chim-24V-100W-80L-ORING.jpg\" alt=\"Gia Mayt Bom Chim 24V 100W 80L ORING\" width=\"750\" height=\"750\" srcset=\"https:\/\/maybommini.vn\/wp-content\/uploads\/2024\/03\/gia-mayt-bom-chim-24V-100W-80L-ORING.jpg 750w, https:\/\/maybommini.vn\/wp-content\/uploads\/2024\/03\/gia-mayt-bom-chim-24V-100W-80L-ORING-300x300.jpg 300w, https:\/\/maybommini.vn\/wp-content\/uploads\/2024\/03\/gia-mayt-bom-chim-24V-100W-80L-ORING-150x150.jpg 150w, https:\/\/maybommini.vn\/wp-content\/uploads\/2024\/03\/gia-mayt-bom-chim-24V-100W-80L-ORING-600x600.jpg 600w\" sizes=\"(max-width: 750px) 100vw, 750px\" \/><\/a><a href=\"https:\/\/maybommini.com\/wp-content\/uploads\/2024\/03\/Mayt-bom-chim-24V-100W-80L-ORING-gia-re.jpg\" target=\"_blank\" rel=\"noopener\"><img decoding=\"async\" class=\"size-full wp-image-275383 aligncenter\" src=\"https:\/\/maybommini.com\/wp-content\/uploads\/2024\/03\/Mayt-bom-chim-24V-100W-80L-ORING-gia-re.jpg\" alt=\"Mayt Bom Chim 24V 100W 80L ORING Gia Re\" width=\"750\" height=\"750\" srcset=\"https:\/\/maybommini.vn\/wp-content\/uploads\/2024\/03\/Mayt-bom-chim-24V-100W-80L-ORING-gia-re.jpg 750w, https:\/\/maybommini.vn\/wp-content\/uploads\/2024\/03\/Mayt-bom-chim-24V-100W-80L-ORING-gia-re-300x300.jpg 300w, https:\/\/maybommini.vn\/wp-content\/uploads\/2024\/03\/Mayt-bom-chim-24V-100W-80L-ORING-gia-re-150x150.jpg 150w, https:\/\/maybommini.vn\/wp-content\/uploads\/2024\/03\/Mayt-bom-chim-24V-100W-80L-ORING-gia-re-600x600.jpg 600w\" sizes=\"(max-width: 750px) 100vw, 750px\" \/><\/a><a href=\"https:\/\/maybommini.com\/wp-content\/uploads\/2024\/03\/ban-may-bom-chim-24v-100w-80l.jpg\" target=\"_blank\" rel=\"noopener\"><img decoding=\"async\" class=\"size-full wp-image-275384 aligncenter\" src=\"https:\/\/maybommini.com\/wp-content\/uploads\/2024\/03\/ban-may-bom-chim-24v-100w-80l.jpg\" alt=\"Ban May Bom Chim 24v 100w 80l\" width=\"750\" height=\"750\" srcset=\"https:\/\/maybommini.vn\/wp-content\/uploads\/2024\/03\/ban-may-bom-chim-24v-100w-80l.jpg 750w, https:\/\/maybommini.vn\/wp-content\/uploads\/2024\/03\/ban-may-bom-chim-24v-100w-80l-300x300.jpg 300w, https:\/\/maybommini.vn\/wp-content\/uploads\/2024\/03\/ban-may-bom-chim-24v-100w-80l-150x150.jpg 150w, https:\/\/maybommini.vn\/wp-content\/uploads\/2024\/03\/ban-may-bom-chim-24v-100w-80l-600x600.jpg 600w\" sizes=\"(max-width: 750px) 100vw, 750px\" \/><\/a>\u1ee8NG D\u1ee4NG M\u00c1Y B\u01a0M CH\u00ccM 24V DC<br \/>\n<\/strong>B\u01a1m c\u1ea5p n\u01b0\u1edbc v\u00e0o b\u1ec3 ch\u1ee9a.<br \/>\nM\u00e1y b\u01a1m n\u01b0\u1edbc h\u1ed3 c\u00e1, b\u1ec3 n\u01b0\u1edbc, ao h\u1ed3.<br \/>\nM\u00e1y b\u01a1m n\u0103ng l\u01b0\u1ee3ng m\u1eb7t tr\u1eddi.<br \/>\nB\u01a1m n\u01b0\u1edbc th\u1ea3 ch\u00ecm c\u1ea5p n\u01b0\u1edbc.<strong><br \/>\n<\/strong>D\u00f9ng\u00a0\u0111\u1ec3 b\u01a1m ch\u1ea5t th\u1ea3i.<br \/>\nB\u01a1m n\u01b0\u1edbc ng\u1eadp trong nh\u00e0.<br \/>\nB\u01a1m t\u01b0\u1edbi ti\u00eau hoa m\u00e0u tr\u00ean ru\u1ed9ng\u00a0\u0111\u1ed3ng.<br \/>\nT\u01b0\u1edbi c\u00e2y\u00a0\u0103n tr\u00e1i.<br \/>\n\u1ee8ng d\u1ee5ng b\u01a1m n\u01b0\u1edbc nhi\u1ec1u l\u0129nh v\u1ef1c kh\u00e1c.<\/p>\n<p><strong><a href=\"https:\/\/maybommini.com\/wp-content\/uploads\/2024\/03\/may-bom-nang-luong-mat-troi-24V-DC-100W-oring.jpg\" target=\"_blank\" rel=\"noopener\"><img decoding=\"async\" class=\"size-full wp-image-275381 aligncenter\" src=\"https:\/\/maybommini.com\/wp-content\/uploads\/2024\/03\/may-bom-nang-luong-mat-troi-24V-DC-100W-oring.jpg\" alt=\"May Bom Nang Luong Mat Troi 24V DC 100W Oring\" width=\"750\" height=\"750\" srcset=\"https:\/\/maybommini.vn\/wp-content\/uploads\/2024\/03\/may-bom-nang-luong-mat-troi-24V-DC-100W-oring.jpg 750w, https:\/\/maybommini.vn\/wp-content\/uploads\/2024\/03\/may-bom-nang-luong-mat-troi-24V-DC-100W-oring-300x300.jpg 300w, https:\/\/maybommini.vn\/wp-content\/uploads\/2024\/03\/may-bom-nang-luong-mat-troi-24V-DC-100W-oring-150x150.jpg 150w, https:\/\/maybommini.vn\/wp-content\/uploads\/2024\/03\/may-bom-nang-luong-mat-troi-24V-DC-100W-oring-600x600.jpg 600w\" sizes=\"(max-width: 750px) 100vw, 750px\" \/><\/a><\/strong><\/p>\n<p><strong>Ch\u00fang t\u00f4i nh\u00e0 cung c\u1ea5p ph\u00e2n ph\u1ed1i to\u00e0n qu\u1ed1c c\u00e1c lo\u1ea1i m\u00e1y b\u01a1m ch\u00ecm DC AC, m\u00e1y b\u01a1m n\u0103ng l\u01b0\u1ee3ng m\u1eb7t tr\u1eddi, m\u00e1y b\u01a1m \u0111\u1ea9y cao, b\u01a1m n\u01b0\u1edbc mini, b\u01a1m h\u1ed3 c\u00e1, m\u00e1y b\u01a1m ch\u00ecm cao c\u1ea5p, m\u00e1y b\u01a1m th\u00e1c n\u01b0\u1edbc, m\u00e1y b\u01a1m \u00e1p l\u1ef1c cao&#8230;.<br \/>\n<\/strong><strong>CTY TNHH TH\u01af\u01a0NG M\u1ea0I D\u1ecaCH V\u1ee4 \u0110I\u1ec6N M\u00c1Y TH\u00d4NG MINH<br \/>\nWebsite:\u00a0<a href=\"https:\/\/maybommini.com\/\" target=\"_blank\" rel=\"noopener\">https:\/\/maybommini.com<\/a><br \/>\nEmail: Maybommini.com@gmail.com<br \/>\nT\u01af V\u1ea4N K\u1ef8 THU\u1eacT \u2013 MUA H\u00c0NG<br \/>\nTel\/ Zalo: 0908997823 \u2013 0908997872<br \/>\nT\u01b0 v\u1ea5n mua h\u00e0ng: 0907294310 \u2013 02873030399<\/strong><\/p>\n","protected":false},"excerpt":{"rendered":"<p style=\"text-align: left;\">Th\u01b0\u01a1ng hi\u1ec7u: ORING<br \/>\nModel: BL-25<br \/>\n\u0110i\u1ec7n \u00e1p: 24V DC<br \/>\nC\u00f4ng xu\u1ea5t: 100W<br \/>\nL\u01b0u l\u01b0\u1ee3ng: 80L\/min<br \/>\nB\u01a1m cao: 3 &#8211; 4 m\u00e9t<br \/>\n\u1ed0ng ra: 25 mm<br \/>\nCh\u1ea5t li\u1ec7u: \u0110\u1ed3ng &#8211; Nh\u1ef1a<br \/>\nTr\u1ecdng l\u01b0\u1ee3ng: 1.3 Kg<br \/>\nK\u00edch th\u01b0\u1edbc: 13 x 11 x 18 cm<br \/>\nD\u00f9ng ngu\u1ed3n \u0111i\u1ec7n \u1eafc quy ho\u1eb7c bi\u1ebfn th\u1ebf 24V 15A.<br \/>\nB\u1ea3o h\u00e0ng: 3 th\u00e1ng<br \/>\nPh\u00e2n ph\u1ed1i:\u00a0M\u00e1y B\u01a1m Mini<br \/>\n<em><strong>S\u1ea3n ph\u1ea9m cao c\u1ea5p<\/strong><\/em><br \/>\n<em><strong>Mua s\u1ed1 l\u01b0\u1ee3ng gi\u00e1 t\u1ed1t<\/strong><\/em><\/p>\n","protected":false},"featured_media":275379,"comment_status":"open","ping_status":"closed","template":"","meta":[],"product_brand":[],"product_cat":[2033],"product_tag":[4424,412,2616,2615,921,925,2398,2710,389,2741,2866,644,1027,4423,3028],"class_list":{"0":"post-275378","1":"product","2":"type-product","3":"status-publish","4":"has-post-thumbnail","6":"product_cat-may-bom-chim-24v","7":"product_tag-bl-25","8":"product_tag-bom-ho-ca","9":"product_tag-bom-inox","10":"product_tag-bom-nuoc-luu-luong-lon","11":"product_tag-bom-nuoc-ngap","12":"product_tag-bom-nuoc-thai","13":"product_tag-bom-thac-nuoc","14":"product_tag-dc-submersible-pump","15":"product_tag-may-bom-chim","16":"product_tag-may-bom-chim-24v","17":"product_tag-may-bom-chim-dc","18":"product_tag-may-bom-dc","19":"product_tag-may-bom-nang-luong-mat-troi","20":"product_tag-oring","21":"product_tag-solar-pump","23":"first","24":"instock","25":"shipping-taxable","26":"purchasable","27":"product-type-simple"},"_links":{"self":[{"href":"https:\/\/maybommini.vn\/index.php?rest_route=\/wp\/v2\/product\/275378","targetHints":{"allow":["GET"]}}],"collection":[{"href":"https:\/\/maybommini.vn\/index.php?rest_route=\/wp\/v2\/product"}],"about":[{"href":"https:\/\/maybommini.vn\/index.php?rest_route=\/wp\/v2\/types\/product"}],"replies":[{"embeddable":true,"href":"https:\/\/maybommini.vn\/index.php?rest_route=%2Fwp%2Fv2%2Fcomments&post=275378"}],"wp:featuredmedia":[{"embeddable":true,"href":"https:\/\/maybommini.vn\/index.php?rest_route=\/wp\/v2\/media\/275379"}],"wp:attachment":[{"href":"https:\/\/maybommini.vn\/index.php?rest_route=%2Fwp%2Fv2%2Fmedia&parent=275378"}],"wp:term":[{"taxonomy":"product_brand","embeddable":true,"href":"https:\/\/maybommini.vn\/index.php?rest_route=%2Fwp%2Fv2%2Fproduct_brand&post=275378"},{"taxonomy":"product_cat","embeddable":true,"href":"https:\/\/maybommini.vn\/index.php?rest_route=%2Fwp%2Fv2%2Fproduct_cat&post=275378"},{"taxonomy":"product_tag","embeddable":true,"href":"https:\/\/maybommini.vn\/index.php?rest_route=%2Fwp%2Fv2%2Fproduct_tag&post=275378"}],"curies":[{"name":"wp","href":"https:\/\/api.w.org\/{rel}","templated":true}]}}