{"id":275523,"date":"2024-03-17T23:21:29","date_gmt":"2024-03-17T16:21:29","guid":{"rendered":"https:\/\/maybommini.com\/?post_type=product&#038;p=275523"},"modified":"2024-03-21T17:57:10","modified_gmt":"2024-03-21T10:57:10","slug":"box-pin-lithium-12v-18ah-15a-cong-usb","status":"publish","type":"product","link":"https:\/\/maybommini.vn\/?product=box-pin-lithium-12v-18ah-15a-cong-usb","title":{"rendered":"Box pin lithium 12V 18Ah 15A c\u1ed5ng USB"},"content":{"rendered":"<h3><em><strong>Box pin lithium 12V 18Ah 15A c\u1ed5ng USB s\u1eed d\u1ee5ng l\u00e0m UPS d\u1ef1 ph\u00f2ng, s\u1ea1c \u0111i\u1ec7n tho\u1ea1i d\u1ef1 ph\u00f2ng, ch\u1ea1y motor, qu\u1ea1t 12v, m\u00e1y b\u01a1m mini, pin loa k\u00e9o, pin camera, pin thi\u1ebft b\u1ecb \u0111i\u1ec7n t\u1ef1 \u0111\u1ed9ng, pin \u0111\u00e8n led, pin s\u1ea1c \u0111\u1ed3 ch\u01a1i, pin d\u1ef1 ph\u00f2ng cho kho\u00e1 c\u1eeda wifi modem box tivi. Pin c\u00f3 tu\u1ed5i th\u1ecd cao \u0111\u1ee7 dung l\u01b0\u1ee3ng v\u00e0 d\u00f2ng ch\u1ecbu t\u1ea3i l\u1edbn r\u1ea5t kh\u1ecfe m\u00e0 nh\u1ecf g\u1ecdn r\u1ea5t ti\u1ec7n l\u1ee3i khi s\u1eed d\u1ee5ng.<\/strong><\/em><\/h3>\n<p><strong><a href=\"https:\/\/maybommini.com\/wp-content\/uploads\/2023\/07\/Pin-sac-12v-18Ah-15A-USB.jpg\" target=\"_blank\" rel=\"noopener\"><img decoding=\"async\" class=\"size-full wp-image-275509 aligncenter\" src=\"https:\/\/maybommini.com\/wp-content\/uploads\/2023\/07\/Pin-sac-12v-18Ah-15A-USB.jpg\" alt=\"Pin Sac 12v 18Ah 15A USB\" width=\"750\" height=\"750\" srcset=\"https:\/\/maybommini.vn\/wp-content\/uploads\/2023\/07\/Pin-sac-12v-18Ah-15A-USB.jpg 750w, https:\/\/maybommini.vn\/wp-content\/uploads\/2023\/07\/Pin-sac-12v-18Ah-15A-USB-300x300.jpg 300w, https:\/\/maybommini.vn\/wp-content\/uploads\/2023\/07\/Pin-sac-12v-18Ah-15A-USB-150x150.jpg 150w, https:\/\/maybommini.vn\/wp-content\/uploads\/2023\/07\/Pin-sac-12v-18Ah-15A-USB-600x600.jpg 600w\" sizes=\"(max-width: 750px) 100vw, 750px\" \/><\/a>TH\u00d4NG S\u1ed0 K\u1ef8 THU\u1eacT<\/strong><br \/>\nTh\u01b0\u01a1ng hi\u1ec7u: MTM<br \/>\nModel: BOX-12V-18AH-15A<br \/>\n\u0110i\u1ec7n th\u1ebf \u0111\u1ecbnh danh: 12V DC<br \/>\n\u0110i\u1ec7n th\u1ebf ra: 10.8V &#8211; 12.6V DC<br \/>\n\u0110i\u1ec7n th\u1ebf s\u1ea1c v\u00e0o: 12.6V<br \/>\nD\u00f2ng s\u1ea1c v\u00e0o: 2A\u00a0 &#8211; 5A<br \/>\nDung l\u01b0\u1ee3ng: 18Ah \u2013 18.000mAh<br \/>\nCh\u1ecbu t\u1ea3i t\u1ed1i \u0111a li\u00ean t\u1ee5c: 15A \u2013 180W<br \/>\nDual USB Charger: 5V 2.1A\u00a0 x2<br \/>\nC\u00f3 Led b\u00e1o vont<br \/>\nLo\u1ea1i pin s\u1ea1c Lithium Li-ion 18650 3.7V<br \/>\nKi\u1ec3u gh\u00e9p pin: 3S<br \/>\nT\u00edch h\u1ee3p m\u1ea1ch b\u1ea3o v\u1ec7 v\u00e0 c\u00e2n b\u1eb1ng th\u00f4ng minh.<br \/>\nB\u1ea3o v\u1ec7 ch\u1ed1ng qu\u00e1 t\u1ea3i v\u00e0 s\u1ea1c c\u00e2n b\u1eb1ng t\u1ef1 \u0111\u1ed9ng.<br \/>\nNhi\u1ec7t \u0111\u1ed9 l\u00e0m vi\u1ec7c : -20 \u0111\u1ed9c C \u2013 60 \u0111\u1ed9 C<br \/>\nPin tu\u1ed5i th\u1ecd cao \u0111ung dung l\u01b0\u1ee3ng.<br \/>\nC\u1ed5ng ngu\u1ed3n: Jack DC 5.5 x 2.1 mm<br \/>\nK\u00e8m s\u1ea1c 12.6V 3A cao c\u1ea5p t\u1ef1 \u0111\u1ed9ng b\u00e1o \u0111\u1ea7y.<br \/>\nK\u00e8m d\u00e2y ngu\u1ed3n DC 5.5&#215;2.1mm x 1 s\u1ee3i<br \/>\nK\u00edch th\u01b0\u1edbc: 75 x 120 x 200 mm.<br \/>\nTr\u1ecdng l\u01b0\u1ee3ng: gam.<\/p>\n<h3 style=\"text-align: center;\"><a href=\"https:\/\/maybommini.com\/wp-content\/uploads\/2023\/07\/Pin-sac-12v-20Ah-15A-USB-cao-cap.jpg\" target=\"_blank\" rel=\"noopener\"><img decoding=\"async\" class=\"alignnone size-full wp-image-275511\" src=\"https:\/\/maybommini.com\/wp-content\/uploads\/2023\/07\/Pin-sac-12v-20Ah-15A-USB-cao-cap.jpg\" alt=\"Pin Sac 12v 20Ah 15A USB Cao Cap\" width=\"750\" height=\"750\" srcset=\"https:\/\/maybommini.vn\/wp-content\/uploads\/2023\/07\/Pin-sac-12v-20Ah-15A-USB-cao-cap.jpg 750w, https:\/\/maybommini.vn\/wp-content\/uploads\/2023\/07\/Pin-sac-12v-20Ah-15A-USB-cao-cap-300x300.jpg 300w, https:\/\/maybommini.vn\/wp-content\/uploads\/2023\/07\/Pin-sac-12v-20Ah-15A-USB-cao-cap-150x150.jpg 150w, https:\/\/maybommini.vn\/wp-content\/uploads\/2023\/07\/Pin-sac-12v-20Ah-15A-USB-cao-cap-600x600.jpg 600w\" sizes=\"(max-width: 750px) 100vw, 750px\" \/><\/a><a href=\"https:\/\/maybommini.com\/wp-content\/uploads\/2023\/07\/Pin-sac-12v-15A-USB.jpg\" target=\"_blank\" rel=\"noopener\"><img decoding=\"async\" class=\"alignnone size-full wp-image-275520\" src=\"https:\/\/maybommini.com\/wp-content\/uploads\/2023\/07\/Pin-sac-12v-15A-USB.jpg\" alt=\"Pin Sac 12v 15A USB\" width=\"750\" height=\"750\" srcset=\"https:\/\/maybommini.vn\/wp-content\/uploads\/2023\/07\/Pin-sac-12v-15A-USB.jpg 750w, https:\/\/maybommini.vn\/wp-content\/uploads\/2023\/07\/Pin-sac-12v-15A-USB-300x300.jpg 300w, https:\/\/maybommini.vn\/wp-content\/uploads\/2023\/07\/Pin-sac-12v-15A-USB-150x150.jpg 150w, https:\/\/maybommini.vn\/wp-content\/uploads\/2023\/07\/Pin-sac-12v-15A-USB-600x600.jpg 600w\" sizes=\"(max-width: 750px) 100vw, 750px\" \/><\/a><a href=\"https:\/\/maybommini.com\/wp-content\/uploads\/2023\/07\/pin-sac-du-phong-12v-5v-USB.jpg\" target=\"_blank\" rel=\"noopener\"><img decoding=\"async\" class=\"alignnone size-full wp-image-275512\" src=\"https:\/\/maybommini.com\/wp-content\/uploads\/2023\/07\/pin-sac-du-phong-12v-5v-USB.jpg\" alt=\"Pin Sac Du Phong 12v 5v USB\" width=\"750\" height=\"750\" srcset=\"https:\/\/maybommini.vn\/wp-content\/uploads\/2023\/07\/pin-sac-du-phong-12v-5v-USB.jpg 750w, https:\/\/maybommini.vn\/wp-content\/uploads\/2023\/07\/pin-sac-du-phong-12v-5v-USB-300x300.jpg 300w, https:\/\/maybommini.vn\/wp-content\/uploads\/2023\/07\/pin-sac-du-phong-12v-5v-USB-150x150.jpg 150w, https:\/\/maybommini.vn\/wp-content\/uploads\/2023\/07\/pin-sac-du-phong-12v-5v-USB-600x600.jpg 600w\" sizes=\"(max-width: 750px) 100vw, 750px\" \/><\/a><a href=\"https:\/\/maybommini.com\/wp-content\/uploads\/2023\/07\/gia-pin-sac-du-phong-12v-15a.jpg\" target=\"_blank\" rel=\"noopener\"><img decoding=\"async\" class=\"alignnone size-full wp-image-275515\" src=\"https:\/\/maybommini.com\/wp-content\/uploads\/2023\/07\/gia-pin-sac-du-phong-12v-15a.jpg\" alt=\"Gia Pin Sac Du Phong 12v 15a\" width=\"750\" height=\"750\" srcset=\"https:\/\/maybommini.vn\/wp-content\/uploads\/2023\/07\/gia-pin-sac-du-phong-12v-15a.jpg 750w, https:\/\/maybommini.vn\/wp-content\/uploads\/2023\/07\/gia-pin-sac-du-phong-12v-15a-300x300.jpg 300w, https:\/\/maybommini.vn\/wp-content\/uploads\/2023\/07\/gia-pin-sac-du-phong-12v-15a-150x150.jpg 150w, https:\/\/maybommini.vn\/wp-content\/uploads\/2023\/07\/gia-pin-sac-du-phong-12v-15a-600x600.jpg 600w\" sizes=\"(max-width: 750px) 100vw, 750px\" \/><\/a><a href=\"https:\/\/maybommini.com\/wp-content\/uploads\/2023\/07\/cong-ket-noi-box-pin-du-phong-12v-5v-usb.jpg\" target=\"_blank\" rel=\"noopener\"><img decoding=\"async\" class=\"alignnone size-full wp-image-275514\" src=\"https:\/\/maybommini.com\/wp-content\/uploads\/2023\/07\/cong-ket-noi-box-pin-du-phong-12v-5v-usb.jpg\" alt=\"Cong Ket Noi Box Pin Du Phong 12v 5v Usb\" width=\"750\" height=\"750\" srcset=\"https:\/\/maybommini.vn\/wp-content\/uploads\/2023\/07\/cong-ket-noi-box-pin-du-phong-12v-5v-usb.jpg 750w, https:\/\/maybommini.vn\/wp-content\/uploads\/2023\/07\/cong-ket-noi-box-pin-du-phong-12v-5v-usb-300x300.jpg 300w, https:\/\/maybommini.vn\/wp-content\/uploads\/2023\/07\/cong-ket-noi-box-pin-du-phong-12v-5v-usb-150x150.jpg 150w, https:\/\/maybommini.vn\/wp-content\/uploads\/2023\/07\/cong-ket-noi-box-pin-du-phong-12v-5v-usb-600x600.jpg 600w\" sizes=\"(max-width: 750px) 100vw, 750px\" \/><\/a><a href=\"https:\/\/maybommini.com\/wp-content\/uploads\/2023\/07\/man-hinh-bao-vont-va-cong-sac-usb.jpg\" target=\"_blank\" rel=\"noopener\"><img decoding=\"async\" class=\"alignnone size-full wp-image-275516\" src=\"https:\/\/maybommini.com\/wp-content\/uploads\/2023\/07\/man-hinh-bao-vont-va-cong-sac-usb.jpg\" alt=\"Man Hinh Bao Vont Va Cong Sac Usb\" width=\"750\" height=\"750\" srcset=\"https:\/\/maybommini.vn\/wp-content\/uploads\/2023\/07\/man-hinh-bao-vont-va-cong-sac-usb.jpg 750w, https:\/\/maybommini.vn\/wp-content\/uploads\/2023\/07\/man-hinh-bao-vont-va-cong-sac-usb-300x300.jpg 300w, https:\/\/maybommini.vn\/wp-content\/uploads\/2023\/07\/man-hinh-bao-vont-va-cong-sac-usb-150x150.jpg 150w, https:\/\/maybommini.vn\/wp-content\/uploads\/2023\/07\/man-hinh-bao-vont-va-cong-sac-usb-600x600.jpg 600w\" sizes=\"(max-width: 750px) 100vw, 750px\" \/><\/a><\/h3>\n<h3 style=\"text-align: center;\">Box pin lithium 12V 20Ah 15A c\u1ed5ng USB<br \/>\nBox pin lithium 12V 18Ah 15A c\u1ed5ng USB<br \/>\nBox pin lithium 12V 16Ah 15A c\u1ed5ng USB<br \/>\nBox pin lithium 12V 14Ah 15A c\u1ed5ng USB<br \/>\nBox pin lithium 12V 12Ah 15A c\u1ed5ng USB<br \/>\nBox pin lithium 12V 10Ah 15A c\u1ed5ng USB<\/h3>\n<p><strong>H\u01af\u1edaNG D\u1eaaN S\u1eec D\u1ee4NG PIN S\u1ea0C LITHIUM 12V<\/strong><br \/>\nS\u1eed d\u1ee5ng cho c\u00e1c c\u00e1c thi\u1ebft b\u1ecb \u0111i\u1ec7n DC 12V.<br \/>\nS\u1eed d\u1ee5ng cho c\u00e1c thi\u1ebft b\u1ecb t\u1ea3i d\u01b0\u1edbi 180W<br \/>\nD\u00f9ng b\u1ed9 s\u1ea1c pin Lithium ion 12.6V 2A &#8211; 5A\u00a0 \u0111\u1ec3 s\u1ea1c l\u1ea1i khi dung l\u01b0\u1ee3ng c\u00f2n 25%.<br \/>\nKh\u00f4ng n\u00ean \u0111\u1ec3 pin c\u00f3 dung l\u01b0\u1ee3ng xu\u1ed1ng qu\u00e1 th\u1ea5p th\u1eddi gian d\u00e0i.<br \/>\nB\u1ea3o qu\u1ea3n n\u01a1i kh\u00f4 r\u00e1o tr\u00e1nh \u1ea9m \u01b0\u1edbt.<\/p>\n<h3 style=\"text-align: center;\"><a href=\"https:\/\/maybommini.com\/wp-content\/uploads\/2023\/07\/bo-sac-box-pin-du-phong-12v-5V-USB.jpg\" target=\"_blank\" rel=\"noopener\"><img decoding=\"async\" class=\"size-full wp-image-275513 aligncenter\" src=\"https:\/\/maybommini.com\/wp-content\/uploads\/2023\/07\/bo-sac-box-pin-du-phong-12v-5V-USB.jpg\" alt=\"Bo Sac Box Pin Du Phong 12v 5V USB\" width=\"750\" height=\"750\" srcset=\"https:\/\/maybommini.vn\/wp-content\/uploads\/2023\/07\/bo-sac-box-pin-du-phong-12v-5V-USB.jpg 750w, https:\/\/maybommini.vn\/wp-content\/uploads\/2023\/07\/bo-sac-box-pin-du-phong-12v-5V-USB-300x300.jpg 300w, https:\/\/maybommini.vn\/wp-content\/uploads\/2023\/07\/bo-sac-box-pin-du-phong-12v-5V-USB-150x150.jpg 150w, https:\/\/maybommini.vn\/wp-content\/uploads\/2023\/07\/bo-sac-box-pin-du-phong-12v-5V-USB-600x600.jpg 600w\" sizes=\"(max-width: 750px) 100vw, 750px\" \/><\/a><\/h3>\n<p><a href=\"https:\/\/maybommini.com\/wp-content\/uploads\/2020\/12\/mach-bao-ve-ve-pin-12v-thong-minh.jpg\" target=\"_blank\" rel=\"noopener\"><img decoding=\"async\" class=\"size-full wp-image-267847 aligncenter\" src=\"https:\/\/maybommini.com\/wp-content\/uploads\/2020\/12\/mach-bao-ve-ve-pin-12v-thong-minh.jpg\" alt=\"Mach Bao Ve Ve Pin 12v Thong Minh\" width=\"750\" height=\"750\" srcset=\"https:\/\/maybommini.vn\/wp-content\/uploads\/2020\/12\/mach-bao-ve-ve-pin-12v-thong-minh.jpg 750w, https:\/\/maybommini.vn\/wp-content\/uploads\/2020\/12\/mach-bao-ve-ve-pin-12v-thong-minh-300x300.jpg 300w, https:\/\/maybommini.vn\/wp-content\/uploads\/2020\/12\/mach-bao-ve-ve-pin-12v-thong-minh-150x150.jpg 150w, https:\/\/maybommini.vn\/wp-content\/uploads\/2020\/12\/mach-bao-ve-ve-pin-12v-thong-minh-600x600.jpg 600w\" sizes=\"(max-width: 750px) 100vw, 750px\" \/><\/a><strong>S\u1eec D\u1ee4NG KH\u1ed0I PIN S\u1ea0C 12V<\/strong><br \/>\nPin thi\u1ebft b\u1ecb.<br \/>\nPin s\u1ea1c d\u1ef1 ph\u00f2ng \u0111i\u1ec7n tho\u1ea1i, m\u00e1y t\u00ednh b\u1ea3ng.<br \/>\nPin d\u1ef1 ph\u00f2ng s\u1ea1c c\u1ed5ng USB.<br \/>\nPin d\u1ef1 ph\u00f2ng du l\u1ecbch c\u1eafm tr\u1ea1i, picnic&#8230;.<br \/>\nD\u00f9ng t\u1ed1t cho c\u00e1c thi\u1ebft b\u1ecb 12V.<br \/>\nS\u1eed d\u1ee5ng cho m\u00e1y b\u01a1m mini 12V.<br \/>\nD\u00f9ng cho m\u00e1y b\u01a1m n\u01b0\u1edbc 12V.<br \/>\nD\u00f9ng pin s\u1ea1c 12v cho c\u00e1c thi\u1ebft b\u1ecb Camera, pin d\u1ef1 ph\u00f2ng,\u00a0\u0111\u00e8n Led, qu\u1ea1t 12v \u2026.<br \/>\nD\u00f9ng cho \u0111\u1ed5 ch\u01a1i tr\u1ebb em.<br \/>\nPin s\u1ea1c d\u1ef1 ph\u00f2ng.<br \/>\nPin \u0111\u00e8n led si\u00eau s\u00e1ng.<br \/>\nPin loa k\u00e9o karaoke.<br \/>\nPin thi\u1ebft b\u1ecb t\u1ef1 \u0111\u1ed9ng th\u00f4ng minh.<br \/>\nPin cho kho\u00e1 c\u1eeda t\u1eeb.<br \/>\nPin d\u1ef1 ph\u00f2ng c\u1eeda t\u1eeb.<br \/>\nPin cho m\u00e1y ch\u1ea5m c\u00f4ng v\u00e2n tay.<br \/>\nPin s\u1ea1c m\u00e1y ch\u1ea5m c\u00f4ng th\u1ebb t\u1eeb.<br \/>\nPin m\u00e1y khoan, m\u00e1y b\u1eafn v\u00edt.<br \/>\nUPS 12V cho thi\u1ebft b\u1ecb.<br \/>\nNgu\u1ed3n Wifi, modem, box TV.<strong><a href=\"https:\/\/maybommini.com\/wp-content\/uploads\/2023\/07\/su-dung-box-pin-sac-12v-15A-USB.jpg\" target=\"_blank\" rel=\"noopener\"><img decoding=\"async\" class=\"size-full wp-image-275522 aligncenter\" src=\"https:\/\/maybommini.com\/wp-content\/uploads\/2023\/07\/su-dung-box-pin-sac-12v-15A-USB.jpg\" alt=\"Su Dung Box Pin Sac 12v 15A USB\" width=\"750\" height=\"750\" srcset=\"https:\/\/maybommini.vn\/wp-content\/uploads\/2023\/07\/su-dung-box-pin-sac-12v-15A-USB.jpg 750w, https:\/\/maybommini.vn\/wp-content\/uploads\/2023\/07\/su-dung-box-pin-sac-12v-15A-USB-300x300.jpg 300w, https:\/\/maybommini.vn\/wp-content\/uploads\/2023\/07\/su-dung-box-pin-sac-12v-15A-USB-150x150.jpg 150w, https:\/\/maybommini.vn\/wp-content\/uploads\/2023\/07\/su-dung-box-pin-sac-12v-15A-USB-600x600.jpg 600w\" sizes=\"(max-width: 750px) 100vw, 750px\" \/><\/a><a href=\"https:\/\/maybommini.com\/wp-content\/uploads\/2018\/04\/Su-dung-pin-sac-12v-cao-cap.jpg\" rel=\"lightbox[262622] noopener\" target=\"_blank\"><img decoding=\"async\" class=\"size-full wp-image-262541 aligncenter\" src=\"https:\/\/maybommini.com\/wp-content\/uploads\/2018\/04\/Su-dung-pin-sac-12v-cao-cap.jpg\" sizes=\"(max-width: 750px) 100vw, 750px\" srcset=\"https:\/\/maybommini.com\/wp-content\/uploads\/2018\/04\/Su-dung-pin-sac-12v-cao-cap.jpg 750w, https:\/\/maybommini.com\/wp-content\/uploads\/2018\/04\/Su-dung-pin-sac-12v-cao-cap-150x150.jpg 150w, https:\/\/maybommini.com\/wp-content\/uploads\/2018\/04\/Su-dung-pin-sac-12v-cao-cap-300x300.jpg 300w, https:\/\/maybommini.com\/wp-content\/uploads\/2018\/04\/Su-dung-pin-sac-12v-cao-cap-600x600.jpg 600w, https:\/\/maybommini.com\/wp-content\/uploads\/2018\/04\/Su-dung-pin-sac-12v-cao-cap-100x100.jpg 100w\" alt=\"Su Dung Pin Sac 12v Cao Cap\" width=\"750\" height=\"750\" \/><\/a><a href=\"https:\/\/maybommini.com\/wp-content\/uploads\/2018\/04\/San-xuat-pin-sac-12v-chinh-hang.jpg\" rel=\"lightbox[262622] noopener\" target=\"_blank\"><img decoding=\"async\" class=\"size-full wp-image-262540 aligncenter\" src=\"https:\/\/maybommini.com\/wp-content\/uploads\/2018\/04\/San-xuat-pin-sac-12v-chinh-hang.jpg\" sizes=\"(max-width: 750px) 100vw, 750px\" srcset=\"https:\/\/maybommini.com\/wp-content\/uploads\/2018\/04\/San-xuat-pin-sac-12v-chinh-hang.jpg 750w, https:\/\/maybommini.com\/wp-content\/uploads\/2018\/04\/San-xuat-pin-sac-12v-chinh-hang-150x150.jpg 150w, https:\/\/maybommini.com\/wp-content\/uploads\/2018\/04\/San-xuat-pin-sac-12v-chinh-hang-300x300.jpg 300w, https:\/\/maybommini.com\/wp-content\/uploads\/2018\/04\/San-xuat-pin-sac-12v-chinh-hang-600x600.jpg 600w, https:\/\/maybommini.com\/wp-content\/uploads\/2018\/04\/San-xuat-pin-sac-12v-chinh-hang-100x100.jpg 100w\" alt=\"San Xuat Pin Sac 12v Chinh Hang\" width=\"750\" height=\"750\" \/><\/a><\/strong><\/p>\n<p><strong>MUA PIN S\u1ea0C 12V GI\u00c1 R\u1eba \u1ede\u00a0\u0110\u00c2U ?<\/strong><br \/>\nM\u1ecdi chi ti\u1ebft vui l\u00f2ng li\u00ean h\u1ec7 tr\u1ef1c ti\u1ebfp cho ch\u00fang t\u00f4i \u0111\u1ec3 \u0111\u01b0\u1ee3c t\u01b0 v\u1ea5n theo nhu c\u1ea7u \u0111\u1ec3 c\u00f3 \u0111\u01b0\u1ee3c b\u1ed9 s\u1ea3n ph\u1ea9m t\u1ed1t nh\u1ea5t v\u00e0 ti\u1ebft ki\u1ec7m.\u00a0B\u1ea1n \u1edf xa v\u1eabn c\u00f3 th\u1ec3 mua h\u00e0ng v\u00e0 giao h\u00e0ng thanh to\u00e1n ti\u1ec1n t\u1ea1i nh\u00e0.<br \/>\nCh\u00fang t\u00f4i l\u00e0 nh\u00e0 cung c\u1ea5p ph\u00e2n ph\u1ed1i s\u1ec9 v\u00e0 l\u1ebb c\u00e1c lo\u1ea1i pin, pin s\u1ea1c, pin d\u1ef1 ph\u00f2ng, pin s\u1eaft, pin LiFePo4, b\u00ecnh \u1eafc quy, UPS 12V 24V, thi\u1ebft b\u1ecb \u0111o \u0111i\u1ec7n, m\u1ea1ch b\u1ea3o v\u1ec7 BMS, co PVC, m\u00e1y h\u00e0n cell pin v\u00e0 nhi\u1ec1u thi\u1ebft b\u1ecb kh\u00e1c ch\u00ednh h\u00e3ng gi\u00e1 t\u1ed1t.<\/p>\n<h3 style=\"text-align: center;\"><a href=\"https:\/\/maybommini.com\/wp-content\/uploads\/2023\/07\/khoi-pin-12V-du-phong-co-cong-USB-va-bao-vont.jpg\" target=\"_blank\" rel=\"noopener\"><img decoding=\"async\" class=\"size-full wp-image-274416 aligncenter\" src=\"https:\/\/maybommini.com\/wp-content\/uploads\/2023\/07\/khoi-pin-12V-du-phong-co-cong-USB-va-bao-vont.jpg\" alt=\"Khoi Pin 12V Du Phong Co Cong USB Va Bao Vont\" width=\"750\" height=\"750\" srcset=\"https:\/\/maybommini.vn\/wp-content\/uploads\/2023\/07\/khoi-pin-12V-du-phong-co-cong-USB-va-bao-vont.jpg 750w, https:\/\/maybommini.vn\/wp-content\/uploads\/2023\/07\/khoi-pin-12V-du-phong-co-cong-USB-va-bao-vont-300x300.jpg 300w, https:\/\/maybommini.vn\/wp-content\/uploads\/2023\/07\/khoi-pin-12V-du-phong-co-cong-USB-va-bao-vont-150x150.jpg 150w, https:\/\/maybommini.vn\/wp-content\/uploads\/2023\/07\/khoi-pin-12V-du-phong-co-cong-USB-va-bao-vont-600x600.jpg 600w\" sizes=\"(max-width: 750px) 100vw, 750px\" \/><\/a><\/h3>\n<p><a href=\"https:\/\/maybommini.com\/wp-content\/uploads\/2020\/10\/Bo-luu-dien-12V-cho-camera-wifi-cua-tu-may-cham-cong.jpg\" target=\"_blank\" rel=\"noopener\"><img decoding=\"async\" class=\"size-full wp-image-267335 aligncenter\" src=\"https:\/\/maybommini.com\/wp-content\/uploads\/2020\/10\/Bo-luu-dien-12V-cho-camera-wifi-cua-tu-may-cham-cong.jpg\" alt=\"Bo Luu Dien 12V Cho Camera Wifi Cua Tu May Cham Cong\" width=\"750\" height=\"750\" srcset=\"https:\/\/maybommini.vn\/wp-content\/uploads\/2020\/10\/Bo-luu-dien-12V-cho-camera-wifi-cua-tu-may-cham-cong.jpg 750w, https:\/\/maybommini.vn\/wp-content\/uploads\/2020\/10\/Bo-luu-dien-12V-cho-camera-wifi-cua-tu-may-cham-cong-300x300.jpg 300w, https:\/\/maybommini.vn\/wp-content\/uploads\/2020\/10\/Bo-luu-dien-12V-cho-camera-wifi-cua-tu-may-cham-cong-150x150.jpg 150w, https:\/\/maybommini.vn\/wp-content\/uploads\/2020\/10\/Bo-luu-dien-12V-cho-camera-wifi-cua-tu-may-cham-cong-600x600.jpg 600w\" sizes=\"(max-width: 750px) 100vw, 750px\" \/><\/a><\/p>\n<p><a href=\"https:\/\/maybommini.com\/wp-content\/uploads\/2020\/12\/phan-phoi-cac-loai-pin-sac-chat-luong-cao.jpg\" target=\"_blank\" rel=\"noopener\"><img decoding=\"async\" class=\"size-full wp-image-267781 aligncenter\" src=\"https:\/\/maybommini.com\/wp-content\/uploads\/2020\/12\/phan-phoi-cac-loai-pin-sac-chat-luong-cao.jpg\" alt=\"Phan Phoi Cac Loai Pin Sac Chat Luong Cao\" width=\"750\" height=\"750\" srcset=\"https:\/\/maybommini.vn\/wp-content\/uploads\/2020\/12\/phan-phoi-cac-loai-pin-sac-chat-luong-cao.jpg 750w, https:\/\/maybommini.vn\/wp-content\/uploads\/2020\/12\/phan-phoi-cac-loai-pin-sac-chat-luong-cao-300x300.jpg 300w, https:\/\/maybommini.vn\/wp-content\/uploads\/2020\/12\/phan-phoi-cac-loai-pin-sac-chat-luong-cao-150x150.jpg 150w, https:\/\/maybommini.vn\/wp-content\/uploads\/2020\/12\/phan-phoi-cac-loai-pin-sac-chat-luong-cao-600x600.jpg 600w\" sizes=\"(max-width: 750px) 100vw, 750px\" \/><\/a><a href=\"https:\/\/maybommini.com\/wp-content\/uploads\/2020\/12\/chuyen-phan-phoi-ac-quy-nuoc-va-kho-chinh-hang.jpg\" target=\"_blank\" rel=\"noopener\"><img decoding=\"async\" class=\"size-full wp-image-267709 aligncenter\" src=\"https:\/\/maybommini.com\/wp-content\/uploads\/2020\/12\/chuyen-phan-phoi-ac-quy-nuoc-va-kho-chinh-hang.jpg\" alt=\"Chuyen Phan Phoi Ac Quy Nuoc Va Kho Chinh Hang\" width=\"750\" height=\"750\" srcset=\"https:\/\/maybommini.vn\/wp-content\/uploads\/2020\/12\/chuyen-phan-phoi-ac-quy-nuoc-va-kho-chinh-hang.jpg 750w, https:\/\/maybommini.vn\/wp-content\/uploads\/2020\/12\/chuyen-phan-phoi-ac-quy-nuoc-va-kho-chinh-hang-300x300.jpg 300w, https:\/\/maybommini.vn\/wp-content\/uploads\/2020\/12\/chuyen-phan-phoi-ac-quy-nuoc-va-kho-chinh-hang-150x150.jpg 150w, https:\/\/maybommini.vn\/wp-content\/uploads\/2020\/12\/chuyen-phan-phoi-ac-quy-nuoc-va-kho-chinh-hang-600x600.jpg 600w\" sizes=\"(max-width: 750px) 100vw, 750px\" \/><\/a><a href=\"https:\/\/maybommini.com\/wp-content\/uploads\/2020\/12\/chuyen-ban-ac-quy-cac-loai-gia-tot.jpg\" target=\"_blank\" rel=\"noopener\"><img decoding=\"async\" class=\"size-full wp-image-267708 aligncenter\" src=\"https:\/\/maybommini.com\/wp-content\/uploads\/2020\/12\/chuyen-ban-ac-quy-cac-loai-gia-tot.jpg\" alt=\"Chuyen Ban Ac Quy Cac Loai Gia Tot\" width=\"750\" height=\"750\" srcset=\"https:\/\/maybommini.vn\/wp-content\/uploads\/2020\/12\/chuyen-ban-ac-quy-cac-loai-gia-tot.jpg 750w, https:\/\/maybommini.vn\/wp-content\/uploads\/2020\/12\/chuyen-ban-ac-quy-cac-loai-gia-tot-300x300.jpg 300w, https:\/\/maybommini.vn\/wp-content\/uploads\/2020\/12\/chuyen-ban-ac-quy-cac-loai-gia-tot-150x150.jpg 150w, https:\/\/maybommini.vn\/wp-content\/uploads\/2020\/12\/chuyen-ban-ac-quy-cac-loai-gia-tot-600x600.jpg 600w\" sizes=\"(max-width: 750px) 100vw, 750px\" \/><\/a><a href=\"https:\/\/maybommini.com\/wp-content\/uploads\/2020\/12\/cung-cap-ac-quy-kho-dai-ly-so-luong-lon.jpg\" target=\"_blank\" rel=\"noopener\"><img decoding=\"async\" class=\"size-full wp-image-267710 aligncenter\" src=\"https:\/\/maybommini.com\/wp-content\/uploads\/2020\/12\/cung-cap-ac-quy-kho-dai-ly-so-luong-lon.jpg\" alt=\"Cung Cap Ac Quy Kho Dai Ly So Luong Lon\" width=\"750\" height=\"750\" srcset=\"https:\/\/maybommini.vn\/wp-content\/uploads\/2020\/12\/cung-cap-ac-quy-kho-dai-ly-so-luong-lon.jpg 750w, https:\/\/maybommini.vn\/wp-content\/uploads\/2020\/12\/cung-cap-ac-quy-kho-dai-ly-so-luong-lon-300x300.jpg 300w, https:\/\/maybommini.vn\/wp-content\/uploads\/2020\/12\/cung-cap-ac-quy-kho-dai-ly-so-luong-lon-150x150.jpg 150w, https:\/\/maybommini.vn\/wp-content\/uploads\/2020\/12\/cung-cap-ac-quy-kho-dai-ly-so-luong-lon-600x600.jpg 600w\" sizes=\"(max-width: 750px) 100vw, 750px\" \/><\/a><br \/>\n<strong>CTY TNHH TH\u01af\u01a0NG M\u1ea0I D\u1ecaCH V\u1ee4 \u0110I\u1ec6N M\u00c1Y TH\u00d4NG MINH<\/strong><br \/>\n<strong>Hotline:<\/strong>\u00a002873030399 \u2013 090 729 4310<br \/>\n<strong>Email:<\/strong>\u00a0maybommini.com@gmail.com<br \/>\n<strong>Website:<\/strong>\u00a0https:\/\/maybommini.com<br \/>\n<strong>Facebook:<\/strong>\u00a0https:\/\/www.facebook.com\/maybommini<br \/>\n<strong>Google:<\/strong>\u00a0https:\/\/plus.google.com\/ Maybomnuocminiruaxe<br \/>\n<strong>Youtube demo:<\/strong>\u00a0https:\/\/www.youtube.com\/bahamasali<\/p>\n<h3 style=\"text-align: center;\"><em><strong>CHUY\u00caN B\u00c1N PH\u00c2N PH\u1ed0I C\u00c1C LO\u1ea0I PIN S\u1ea0C<br \/>\nLITHIUM LI-ION LiFePo4 12V 24V 36V 48V GI\u00c1 T\u1ed0T CH\u1ea4T L\u01af\u1ee2NG.<br \/>\nNH\u1eacN \u0110\u00d3NG PIN B\u00ccNH \u1eaeC QUY THEO Y\u00caU C\u1ea6U GI\u00c1 T\u1ed0T<\/strong><\/em><strong><br \/>\n<\/strong><\/h3>\n","protected":false},"excerpt":{"rendered":"<p>Th\u01b0\u01a1ng hi\u1ec7u: MTM<br \/>\nModel: BOX-12V-18AH-15A<br \/>\n\u0110i\u1ec7n th\u1ebf \u0111\u1ecbnh danh: 12V DC<br \/>\n\u0110i\u1ec7n th\u1ebf ra: 10.8V &#8211; 12.6V DC<br \/>\n\u0110i\u1ec7n th\u1ebf s\u1ea1c v\u00e0o: 12.6V<br \/>\nD\u00f2ng s\u1ea1c v\u00e0o: 2A\u00a0 &#8211; 5A<br \/>\nDung l\u01b0\u1ee3ng: 18Ah \u2013 18.000mAh<br \/>\nCh\u1ecbu t\u1ea3i t\u1ed1i \u0111a li\u00ean t\u1ee5c: 15A \u2013 180W<br \/>\nDual USB Charger: 5V 2.1A\u00a0 x2<br \/>\nC\u00f3 Led b\u00e1o vont<br \/>\nLo\u1ea1i pin s\u1ea1c Lithium Li-ion 18650 3.7V<br \/>\nKi\u1ec3u gh\u00e9p pin: 3S<br \/>\nT\u00edch h\u1ee3p m\u1ea1ch b\u1ea3o v\u1ec7 v\u00e0 c\u00e2n b\u1eb1ng th\u00f4ng minh.<br \/>\nB\u1ea3o v\u1ec7 ch\u1ed1ng qu\u00e1 t\u1ea3i v\u00e0 s\u1ea1c c\u00e2n b\u1eb1ng t\u1ef1 \u0111\u1ed9ng.<br \/>\nNhi\u1ec7t \u0111\u1ed9 l\u00e0m vi\u1ec7c : -20 \u0111\u1ed9c C \u2013 60 \u0111\u1ed9 C<br \/>\nPin tu\u1ed5i th\u1ecd cao \u0111ung dung l\u01b0\u1ee3ng.<br \/>\nC\u1ed5ng ngu\u1ed3n: Jack DC 5.5 x 2.1 mm<br \/>\nK\u00e8m s\u1ea1c 12.6V 3A cao c\u1ea5p t\u1ef1 \u0111\u1ed9ng b\u00e1o \u0111\u1ea7y.<br \/>\nK\u00e8m d\u00e2y ngu\u1ed3n DC 5.5&#215;2.1mm x 1 s\u1ee3i<br \/>\nK\u00edch th\u01b0\u1edbc: 75 x 120 x 200 mm.<br \/>\nTr\u1ecdng l\u01b0\u1ee3ng: gam.<br \/>\nB\u1ea3o h\u00e0nh: 3 th\u00e1ng.<br \/>\n<em><strong>Gi\u00e1 t\u1ed1t mua s\u1ed1 l\u01b0\u1ee3ng.<\/strong><\/em><br \/>\n<em><strong>Nh\u1eadn \u0111\u00f3ng pin theo y\u00eau c\u1ea7u.<\/strong><\/em><\/p>\n","protected":false},"featured_media":275509,"comment_status":"open","ping_status":"closed","template":"","meta":[],"product_brand":[],"product_cat":[3567,3840],"product_tag":[2658,3452,4290,3466,4464,1544,426,427,2342,430,2248,3460,4465,3462,3459,431,3461,433,434,1307,437],"class_list":{"0":"post-275523","1":"product","2":"type-product","3":"status-publish","4":"has-post-thumbnail","6":"product_cat-box-pin-sac","7":"product_cat-pin-sac-du-phong","8":"product_tag-12v-18ah","9":"product_tag-12v-20ah","10":"product_tag-20ah","11":"product_tag-box-pin","12":"product_tag-box-pin-sac-du-phong","13":"product_tag-dual-usb","14":"product_tag-ion","15":"product_tag-lithium","16":"product_tag-mtm","17":"product_tag-pin","18":"product_tag-pin-12v","19":"product_tag-pin-3s","20":"product_tag-pin-du-phong-12v","21":"product_tag-pin-li-on","22":"product_tag-pin-lithium","23":"product_tag-pin-sac","24":"product_tag-pin-sac-gia-re","25":"product_tag-sac","26":"product_tag-sac-12v","27":"product_tag-sac-du-phong","28":"product_tag-sac-pin","30":"first","31":"instock","32":"shipping-taxable","33":"purchasable","34":"product-type-simple"},"_links":{"self":[{"href":"https:\/\/maybommini.vn\/index.php?rest_route=\/wp\/v2\/product\/275523","targetHints":{"allow":["GET"]}}],"collection":[{"href":"https:\/\/maybommini.vn\/index.php?rest_route=\/wp\/v2\/product"}],"about":[{"href":"https:\/\/maybommini.vn\/index.php?rest_route=\/wp\/v2\/types\/product"}],"replies":[{"embeddable":true,"href":"https:\/\/maybommini.vn\/index.php?rest_route=%2Fwp%2Fv2%2Fcomments&post=275523"}],"wp:featuredmedia":[{"embeddable":true,"href":"https:\/\/maybommini.vn\/index.php?rest_route=\/wp\/v2\/media\/275509"}],"wp:attachment":[{"href":"https:\/\/maybommini.vn\/index.php?rest_route=%2Fwp%2Fv2%2Fmedia&parent=275523"}],"wp:term":[{"taxonomy":"product_brand","embeddable":true,"href":"https:\/\/maybommini.vn\/index.php?rest_route=%2Fwp%2Fv2%2Fproduct_brand&post=275523"},{"taxonomy":"product_cat","embeddable":true,"href":"https:\/\/maybommini.vn\/index.php?rest_route=%2Fwp%2Fv2%2Fproduct_cat&post=275523"},{"taxonomy":"product_tag","embeddable":true,"href":"https:\/\/maybommini.vn\/index.php?rest_route=%2Fwp%2Fv2%2Fproduct_tag&post=275523"}],"curies":[{"name":"wp","href":"https:\/\/api.w.org\/{rel}","templated":true}]}}