{"id":275596,"date":"2024-03-30T21:40:19","date_gmt":"2024-03-30T14:40:19","guid":{"rendered":"https:\/\/maybommini.com\/?post_type=product&#038;p=275596"},"modified":"2024-04-01T15:15:07","modified_gmt":"2024-04-01T08:15:07","slug":"pin-sac-14-8v-16-8v-4ah-5a-4s-mtm","status":"publish","type":"product","link":"https:\/\/maybommini.vn\/?product=pin-sac-14-8v-16-8v-4ah-5a-4s-mtm","title":{"rendered":"Pin s\u1ea1c 14.8V 16.8V 4Ah 5A 4S MTM"},"content":{"rendered":"<p><em><strong>Chuy\u00ean cung c\u1ea5p pin s\u1ea1c 14.8V 16.8V 4Ah 5A 4S MTM s\u1eed d\u1ee5ng cho pin robot h\u00fat n\u1ee5i lau nh\u00e0, ups d\u1ef1 ph\u00f2ng, pin ch\u1ea1y motor, pin qu\u1ea1t, pin m\u00e1y b\u01a1m mini, pin loa k\u00e9o, pin camera, pin thi\u1ebft b\u1ecb \u0111i\u1ec7n t\u1ef1 \u0111\u1ed9ng, pin \u0111\u00e8n led, pin s\u1ea1c \u0111\u1ed3 ch\u01a1i, pin d\u1ef1 ph\u00f2ng cho kho\u00e1 c\u1eeda wifi modem box tivi. Pin c\u00f3 tu\u1ed5i th\u1ecd cao ch\u1ea5t l\u01b0\u1ee3ng \u0111\u01b0\u1ee3c kh\u00e1ch h\u00e0ng tin d\u00f9ng v\u00ec \u1ed5n \u0111\u1ecbnh d\u00f2ng ch\u1ecbu t\u1ea3i kh\u1ecfe v\u00e0 nh\u1ecf g\u1ecdn r\u1ea5t ti\u1ec7n l\u1ee3i khi s\u1eed d\u1ee5ng. Ch\u00fang t\u00f4i c\u00f3 nh\u1eadn l\u00e0m pin gh\u00e9p pin thay pin thi\u1ebft b\u1ecb theo y\u00eau c\u1ea7u kh\u00e1ch h\u00e0ng g\u1ea7n xa v\u1edbi gi\u00e1 t\u1ed1t.<\/strong><\/em><\/p>\n<p><strong><a href=\"https:\/\/maybommini.com\/wp-content\/uploads\/2024\/03\/khoi-pin-14V-4000mah-5A-4S2P-MTM-chinh-hang.jpg\" target=\"_blank\" rel=\"noopener\"><img decoding=\"async\" class=\"size-full wp-image-275597 aligncenter\" src=\"https:\/\/maybommini.com\/wp-content\/uploads\/2024\/03\/khoi-pin-14V-4000mah-5A-4S2P-MTM-chinh-hang.jpg\" alt=\"Khoi Pin 14V 4000mah 5A 4S2P MTM Chinh Hang\" width=\"750\" height=\"750\" srcset=\"https:\/\/maybommini.vn\/wp-content\/uploads\/2024\/03\/khoi-pin-14V-4000mah-5A-4S2P-MTM-chinh-hang.jpg 750w, https:\/\/maybommini.vn\/wp-content\/uploads\/2024\/03\/khoi-pin-14V-4000mah-5A-4S2P-MTM-chinh-hang-300x300.jpg 300w, https:\/\/maybommini.vn\/wp-content\/uploads\/2024\/03\/khoi-pin-14V-4000mah-5A-4S2P-MTM-chinh-hang-150x150.jpg 150w, https:\/\/maybommini.vn\/wp-content\/uploads\/2024\/03\/khoi-pin-14V-4000mah-5A-4S2P-MTM-chinh-hang-600x600.jpg 600w\" sizes=\"(max-width: 750px) 100vw, 750px\" \/><\/a>TH\u00d4NG S\u1ed0 K\u1ef8 THU\u1eacT<br \/>\n<\/strong>Th\u01b0\u01a1ng hi\u1ec7u: MTM<br \/>\nModel: 14V-5A-4S2P-40<br \/>\n\u0110i\u1ec7n th\u1ebf \u0111\u1ecbnh danh: 14.8V &#8211; 16.8V DC<br \/>\n\u0110i\u1ec7n th\u1ebf ra: 10V &#8211; 16.8V DC<br \/>\n\u0110i\u1ec7n th\u1ebf s\u1ea1c v\u00e0o: 16.8V<br \/>\nD\u00f2ng s\u1ea1c: 1A &#8211; 2A DC<br \/>\nDung l\u01b0\u1ee3ng: 4Ah \u2013 4.000mAh<br \/>\nD\u00f2ng l\u00e0m vi\u1ec7c li\u00ean t\u1ee5c: 5A<br \/>\nD\u00f2ng \u0111i\u1ec7n t\u1ee9c th\u1eddi t\u1ed1i \u0111a: 10A<br \/>\nLo\u1ea1i cell pin s\u1ea1c Lithium-ion 18650<br \/>\nCell pin m\u1edbi ch\u00ednh h\u00e3ng.<br \/>\nKi\u1ec3u gh\u00e9p 4S<br \/>\nJack ngu\u1ed3n DC 5.5&#215;2.5mm<br \/>\nD\u00e2y ngu\u1ed3n: \u0110\u1ecf (+) \u0110en (-)<br \/>\nT\u00edch h\u1ee3p m\u1ea1ch b\u1ea3o v\u1ec7 v\u00e0 c\u00e2n b\u1eb1ng th\u00f4ng minh.<br \/>\nB\u1ea3o v\u1ec7 ch\u1ed1ng qu\u00e1 t\u1ea3i v\u00e0 s\u1ea1c c\u00e2n b\u1eb1ng t\u1ef1 \u0111\u1ed9ng.<br \/>\nTu\u1ed5i th\u1ecd cao ho\u1ea1t \u0111\u1ed9ng t\u1ed1t \u0111\u00fang dung l\u01b0\u1ee3ng.<br \/>\n<strong>Pin ch\u01b0a k\u00e8m s\u1ea1c.<\/strong><br \/>\nK\u00edch th\u01b0\u1edbc: 74 x 70 x 37\u00a0 mm.<br \/>\nTr\u1ecdng l\u01b0\u1ee3ng:\u00a0 gam.<\/p>\n<p><strong><a href=\"https:\/\/maybommini.com\/wp-content\/uploads\/2024\/03\/khoi-pin-14V-4000mah-5A-4S2P-MTM-kich-thuoc.jpg\" target=\"_blank\" rel=\"noopener\"><img decoding=\"async\" class=\"size-full wp-image-275598 aligncenter\" src=\"https:\/\/maybommini.com\/wp-content\/uploads\/2024\/03\/khoi-pin-14V-4000mah-5A-4S2P-MTM-kich-thuoc.jpg\" alt=\"Khoi Pin 14V 4000mah 5A 4S2P MTM Kich Thuoc\" width=\"750\" height=\"750\" srcset=\"https:\/\/maybommini.vn\/wp-content\/uploads\/2024\/03\/khoi-pin-14V-4000mah-5A-4S2P-MTM-kich-thuoc.jpg 750w, https:\/\/maybommini.vn\/wp-content\/uploads\/2024\/03\/khoi-pin-14V-4000mah-5A-4S2P-MTM-kich-thuoc-300x300.jpg 300w, https:\/\/maybommini.vn\/wp-content\/uploads\/2024\/03\/khoi-pin-14V-4000mah-5A-4S2P-MTM-kich-thuoc-150x150.jpg 150w, https:\/\/maybommini.vn\/wp-content\/uploads\/2024\/03\/khoi-pin-14V-4000mah-5A-4S2P-MTM-kich-thuoc-600x600.jpg 600w\" sizes=\"(max-width: 750px) 100vw, 750px\" \/><\/a><a href=\"https:\/\/maybommini.com\/wp-content\/uploads\/2024\/03\/pin-14V-4000mah-5A-4S2P-MTM-gia-re.jpg\" target=\"_blank\" rel=\"noopener\"><img decoding=\"async\" class=\"size-full wp-image-275600 aligncenter\" src=\"https:\/\/maybommini.com\/wp-content\/uploads\/2024\/03\/pin-14V-4000mah-5A-4S2P-MTM-gia-re.jpg\" alt=\"Pin 14V 4000mah 5A 4S2P MTM Gia Re\" width=\"750\" height=\"750\" srcset=\"https:\/\/maybommini.vn\/wp-content\/uploads\/2024\/03\/pin-14V-4000mah-5A-4S2P-MTM-gia-re.jpg 750w, https:\/\/maybommini.vn\/wp-content\/uploads\/2024\/03\/pin-14V-4000mah-5A-4S2P-MTM-gia-re-300x300.jpg 300w, https:\/\/maybommini.vn\/wp-content\/uploads\/2024\/03\/pin-14V-4000mah-5A-4S2P-MTM-gia-re-150x150.jpg 150w, https:\/\/maybommini.vn\/wp-content\/uploads\/2024\/03\/pin-14V-4000mah-5A-4S2P-MTM-gia-re-600x600.jpg 600w\" sizes=\"(max-width: 750px) 100vw, 750px\" \/><\/a><a href=\"https:\/\/maybommini.com\/wp-content\/uploads\/2024\/03\/dong-pin-14V-4000mah-5A-4S2P-MTM.jpg\" target=\"_blank\" rel=\"noopener\"><img decoding=\"async\" class=\"size-full wp-image-275601 aligncenter\" src=\"https:\/\/maybommini.com\/wp-content\/uploads\/2024\/03\/dong-pin-14V-4000mah-5A-4S2P-MTM.jpg\" alt=\"Dong Pin 14V 4000mah 5A 4S2P MTM\" width=\"750\" height=\"750\" srcset=\"https:\/\/maybommini.vn\/wp-content\/uploads\/2024\/03\/dong-pin-14V-4000mah-5A-4S2P-MTM.jpg 750w, https:\/\/maybommini.vn\/wp-content\/uploads\/2024\/03\/dong-pin-14V-4000mah-5A-4S2P-MTM-300x300.jpg 300w, https:\/\/maybommini.vn\/wp-content\/uploads\/2024\/03\/dong-pin-14V-4000mah-5A-4S2P-MTM-150x150.jpg 150w, https:\/\/maybommini.vn\/wp-content\/uploads\/2024\/03\/dong-pin-14V-4000mah-5A-4S2P-MTM-600x600.jpg 600w\" sizes=\"(max-width: 750px) 100vw, 750px\" \/><\/a><a href=\"https:\/\/maybommini.com\/wp-content\/uploads\/2024\/03\/khoi-pin-14V-4000mah-5A-4S2P-MTM-cao-cap.jpg\" target=\"_blank\" rel=\"noopener\"><img decoding=\"async\" class=\"size-full wp-image-275604 aligncenter\" src=\"https:\/\/maybommini.com\/wp-content\/uploads\/2024\/03\/khoi-pin-14V-4000mah-5A-4S2P-MTM-cao-cap.jpg\" alt=\"Khoi Pin 14V 4000mah 5A 4S2P MTM Cao Cap\" width=\"750\" height=\"750\" srcset=\"https:\/\/maybommini.vn\/wp-content\/uploads\/2024\/03\/khoi-pin-14V-4000mah-5A-4S2P-MTM-cao-cap.jpg 750w, https:\/\/maybommini.vn\/wp-content\/uploads\/2024\/03\/khoi-pin-14V-4000mah-5A-4S2P-MTM-cao-cap-300x300.jpg 300w, https:\/\/maybommini.vn\/wp-content\/uploads\/2024\/03\/khoi-pin-14V-4000mah-5A-4S2P-MTM-cao-cap-150x150.jpg 150w, https:\/\/maybommini.vn\/wp-content\/uploads\/2024\/03\/khoi-pin-14V-4000mah-5A-4S2P-MTM-cao-cap-600x600.jpg 600w\" sizes=\"(max-width: 750px) 100vw, 750px\" \/><\/a>H\u01af\u1edaNG D\u1eaaN S\u1eec D\u1ee4NG PIN S\u1ea0C \u0110\u00daNG C\u00c1CH<\/strong><br \/>\n&#8211; S\u1eed d\u1ee5ng tr\u00e1nh kh\u00f4ng \u0111\u01b0\u1ee3c ch\u1ea1m c\u1ef1c \u00c2m v\u00e0 D\u01b0\u01a1ng g\u00e2y ch\u00e1y n\u1ed5.<br \/>\n&#8211; S\u1eed d\u1ee5ng kh\u00f4ng \u0111\u01b0\u1ee3c qu\u00e1 c\u00f4ng su\u1ea5t t\u1ea3i t\u1ed1i \u0111a cho ph\u00e9p.<br \/>\n&#8211; N\u00ean s\u1eed d\u1ee5ng t\u1ed1t nh\u1ea5t c\u00f4ng su\u1ea5t t\u1ea3i 50% 60% so v\u1edbi c\u00f4ng su\u1ea5t t\u1ed1i \u0111a pin ch\u1ecbu t\u1ea3i.<br \/>\n&#8211; S\u1ea1c l\u1ea1i pin khi \u0111i\u1ec7n \u00e1p d\u01b0\u1edbi 10V.<br \/>\n&#8211; C\u1ea7n s\u1ea1c pin l\u1ea1i c\u00e1ch nhau 20 &#8211; 30 ng\u00e0y n\u1ebfu l\u01b0u tr\u1eef l\u00e2u d\u00e0i.<br \/>\n&#8211; Kh\u00f4ng \u0111\u1ec3 pin dung l\u01b0\u1ee3ng c\u1ea1n ki\u1ec7t s\u1ebb l\u00e0m h\u01b0 pin v\u00e0 gi\u00e3m tu\u1ed5i th\u1ecd.<br \/>\n&#8211; \u0110ang s\u1ea1c th\u00ec kh\u00f4ng s\u1eed d\u1ee5ng tr\u00e1nh ch\u00e1y n\u1ed5.<br \/>\n&#8211; L\u01b0u tr\u1eef v\u00e0 s\u1eed d\u1ee5ng n\u01a1i tho\u00e1ng m\u00e1t v\u00e0 tr\u00e1nh \u1ea9m \u01b0\u1edbt.<br \/>\n&#8211; S\u1eed d\u1ee5ng lo\u1ea1i s\u1ea1c c\u00f3 \u0111i\u1ec7n \u00e1p v\u00e0 d\u00f2ng ph\u00f9 h\u1ee3p theo nh\u00e0 s\u1ea3n xu\u1ea5t \u0111\u1ec3 tr\u00e1nh l\u00e0m h\u01b0 v\u00e0 gi\u00e3m tu\u1ed5i th\u1ecd pin.<br \/>\n&#8211; Tr\u00e1nh pin b\u1ecb va ch\u1ea1m m\u1ea1nh l\u00e0m h\u01b0 pin v\u00e0 ch\u00e1y n\u1ed5.<\/p>\n<p><a href=\"https:\/\/maybommini.com\/wp-content\/uploads\/2020\/12\/mach-bao-ve-ve-pin-12v-thong-minh.jpg\" target=\"_blank\" rel=\"noopener\"><img decoding=\"async\" class=\"size-full wp-image-267847 aligncenter\" src=\"https:\/\/maybommini.com\/wp-content\/uploads\/2020\/12\/mach-bao-ve-ve-pin-12v-thong-minh.jpg\" alt=\"Mach Bao Ve Ve Pin 12v Thong Minh\" width=\"750\" height=\"750\" srcset=\"https:\/\/maybommini.vn\/wp-content\/uploads\/2020\/12\/mach-bao-ve-ve-pin-12v-thong-minh.jpg 750w, https:\/\/maybommini.vn\/wp-content\/uploads\/2020\/12\/mach-bao-ve-ve-pin-12v-thong-minh-300x300.jpg 300w, https:\/\/maybommini.vn\/wp-content\/uploads\/2020\/12\/mach-bao-ve-ve-pin-12v-thong-minh-150x150.jpg 150w, https:\/\/maybommini.vn\/wp-content\/uploads\/2020\/12\/mach-bao-ve-ve-pin-12v-thong-minh-600x600.jpg 600w\" sizes=\"(max-width: 750px) 100vw, 750px\" \/><\/a><\/p>\n<p><strong>S\u1eec D\u1ee4NG PIN S\u1ea0C 14V 16V<br \/>\n<\/strong>Pin robot h\u00fat b\u1ee5i.<br \/>\nPin robot lau nh\u00e0.<strong><br \/>\n<\/strong>Pin cho UPS c\u1eeda cu\u1ed1n.<br \/>\nPin c\u1eeda cu\u1ed1n t\u1ef1 \u0111\u1ed9ng.<br \/>\nPin l\u01b0u \u0111i\u1ec7n d\u1ef1 ph\u00f2ng c\u1eeda cu\u1ed1n.<br \/>\nD\u00f9ng t\u1ed1t cho c\u00e1c thi\u1ebft b\u1ecb 14V 16V.<br \/>\nS\u1eed d\u1ee5ng cho m\u00e1y b\u01a1m mini 14V 16V.<br \/>\nD\u00f9ng cho m\u00e1y b\u01a1m n\u01b0\u1edbc 14V 16V.<br \/>\nD\u00f9ng pin s\u1ea1c cho c\u00e1c thi\u1ebft b\u1ecb Camera, pin d\u1ef1 ph\u00f2ng, \u0111\u00e8n Led, qu\u1ea1t 14V 16V.<br \/>\nD\u00f9ng cho \u0111\u1ed5 ch\u01a1i tr\u1ebb em.<br \/>\nPin s\u1ea1c d\u1ef1 ph\u00f2ng.<br \/>\nPin \u0111\u00e8n led si\u00eau s\u00e1ng.<br \/>\nPin loa k\u00e9o karaoke.<br \/>\nPin thi\u1ebft b\u1ecb t\u1ef1 \u0111\u1ed9ng th\u00f4ng minh.<br \/>\nPin cho kho\u00e1 c\u1eeda t\u1eeb.<br \/>\nPin d\u1ef1 ph\u00f2ng c\u1eeda t\u1eeb.<br \/>\nPin cho m\u00e1y ch\u1ea5m c\u00f4ng v\u00e2n tay.<br \/>\nPin s\u1ea1c m\u00e1y ch\u1ea5m c\u00f4ng th\u1ebb t\u1eeb.<br \/>\nPin m\u00e1y khoan, m\u00e1y b\u1eafn v\u00edt.<br \/>\nUPS 14V 16V cho thi\u1ebft b\u1ecb.<br \/>\nNgu\u1ed3n Wifi, modem, box TV.<br \/>\n<strong>KH\u00d4NG D\u00d9NG KH\u1edeI \u0110\u1ed8NG XE M\u00c1Y, \u00d4T\u00d4<\/strong><\/p>\n<p><strong><a href=\"https:\/\/maybommini.com\/wp-content\/uploads\/2024\/03\/khoi-pin-14V-4000mah-5A-4S2P-MTM-chinh-hang.jpg\" target=\"_blank\" rel=\"noopener\"><img decoding=\"async\" class=\"size-full wp-image-275597 aligncenter\" src=\"https:\/\/maybommini.com\/wp-content\/uploads\/2024\/03\/khoi-pin-14V-4000mah-5A-4S2P-MTM-chinh-hang.jpg\" alt=\"Khoi Pin 14V 4000mah 5A 4S2P MTM Chinh Hang\" width=\"750\" height=\"750\" srcset=\"https:\/\/maybommini.vn\/wp-content\/uploads\/2024\/03\/khoi-pin-14V-4000mah-5A-4S2P-MTM-chinh-hang.jpg 750w, https:\/\/maybommini.vn\/wp-content\/uploads\/2024\/03\/khoi-pin-14V-4000mah-5A-4S2P-MTM-chinh-hang-300x300.jpg 300w, https:\/\/maybommini.vn\/wp-content\/uploads\/2024\/03\/khoi-pin-14V-4000mah-5A-4S2P-MTM-chinh-hang-150x150.jpg 150w, https:\/\/maybommini.vn\/wp-content\/uploads\/2024\/03\/khoi-pin-14V-4000mah-5A-4S2P-MTM-chinh-hang-600x600.jpg 600w\" sizes=\"(max-width: 750px) 100vw, 750px\" \/><\/a><\/strong><\/p>\n<p><strong>MUA PIN S\u1ea0C 12V 14V 16V 24V GI\u00c1 R\u1eba \u1ede \u0110\u00c2U ?<\/strong><br \/>\nM\u1ecdi chi ti\u1ebft vui l\u00f2ng li\u00ean h\u1ec7 tr\u1ef1c ti\u1ebfp cho ch\u00fang t\u00f4i \u0111\u1ec3 \u0111\u01b0\u1ee3c t\u01b0 v\u1ea5n theo nhu c\u1ea7u \u0111\u1ec3 c\u00f3 \u0111\u01b0\u1ee3c b\u1ed9 s\u1ea3n ph\u1ea9m t\u1ed1t nh\u1ea5t v\u00e0 ti\u1ebft ki\u1ec7m.\u00a0B\u1ea1n \u1edf xa v\u1eabn c\u00f3 th\u1ec3 mua h\u00e0ng v\u00e0 giao h\u00e0ng thanh to\u00e1n ti\u1ec1n t\u1ea1i nh\u00e0.<br \/>\nCh\u00fang t\u00f4i l\u00e0 nh\u00e0 cung c\u1ea5p ph\u00e2n ph\u1ed1i s\u1ec9 v\u00e0 l\u1ebb c\u00e1c lo\u1ea1i pin, pin s\u1ea1c, pin d\u1ef1 ph\u00f2ng, pin s\u1eaft, pin LiFePo4, b\u00ecnh \u1eafc quy, UPS 12V 24V, thi\u1ebft b\u1ecb \u0111o \u0111i\u1ec7n, m\u1ea1ch b\u1ea3o v\u1ec7 BMS, co PVC, m\u00e1y h\u00e0n cell pin v\u00e0 nhi\u1ec1u thi\u1ebft b\u1ecb kh\u00e1c ch\u00ednh h\u00e3ng gi\u00e1 t\u1ed1t.<\/p>\n<p><strong><a href=\"https:\/\/maybommini.com\/wp-content\/uploads\/2024\/03\/Khoi-pin-24v-6Ah-15A-6S3P-chinh-hang.jpg\" target=\"_blank\" rel=\"noopener\"><img decoding=\"async\" class=\"size-full wp-image-275583 aligncenter\" src=\"https:\/\/maybommini.com\/wp-content\/uploads\/2024\/03\/Khoi-pin-24v-6Ah-15A-6S3P-chinh-hang.jpg\" alt=\"Khoi Pin 24v 6Ah 15A 6S3P Chinh Hang\" width=\"750\" height=\"750\" srcset=\"https:\/\/maybommini.vn\/wp-content\/uploads\/2024\/03\/Khoi-pin-24v-6Ah-15A-6S3P-chinh-hang.jpg 750w, https:\/\/maybommini.vn\/wp-content\/uploads\/2024\/03\/Khoi-pin-24v-6Ah-15A-6S3P-chinh-hang-300x300.jpg 300w, https:\/\/maybommini.vn\/wp-content\/uploads\/2024\/03\/Khoi-pin-24v-6Ah-15A-6S3P-chinh-hang-150x150.jpg 150w, https:\/\/maybommini.vn\/wp-content\/uploads\/2024\/03\/Khoi-pin-24v-6Ah-15A-6S3P-chinh-hang-600x600.jpg 600w\" sizes=\"(max-width: 750px) 100vw, 750px\" \/><\/a><\/strong><\/p>\n<p><a href=\"https:\/\/maybommini.com\/wp-content\/uploads\/2022\/12\/chuyen-cac-loai-pin-24v.jpg\" target=\"_blank\" rel=\"noopener\"><img decoding=\"async\" class=\"size-full wp-image-271664 aligncenter\" src=\"https:\/\/maybommini.com\/wp-content\/uploads\/2022\/12\/chuyen-cac-loai-pin-24v.jpg\" alt=\"Chuyen Cac Loai Pin 24v\" width=\"750\" height=\"750\" srcset=\"https:\/\/maybommini.vn\/wp-content\/uploads\/2022\/12\/chuyen-cac-loai-pin-24v.jpg 750w, https:\/\/maybommini.vn\/wp-content\/uploads\/2022\/12\/chuyen-cac-loai-pin-24v-300x300.jpg 300w, https:\/\/maybommini.vn\/wp-content\/uploads\/2022\/12\/chuyen-cac-loai-pin-24v-150x150.jpg 150w, https:\/\/maybommini.vn\/wp-content\/uploads\/2022\/12\/chuyen-cac-loai-pin-24v-600x600.jpg 600w\" sizes=\"(max-width: 750px) 100vw, 750px\" \/><\/a><\/p>\n<p><a href=\"https:\/\/maybommini.com\/wp-content\/uploads\/2022\/04\/Pin-sac-12v-chat-luong-chinh-hang-gia-re.jpg\" target=\"_blank\" rel=\"noopener\"><img decoding=\"async\" class=\"size-full wp-image-270199 aligncenter\" src=\"https:\/\/maybommini.com\/wp-content\/uploads\/2022\/04\/Pin-sac-12v-chat-luong-chinh-hang-gia-re.jpg\" alt=\"Pin Sac 12v Chat Luong Chinh Hang Gia Re\" width=\"750\" height=\"750\" srcset=\"https:\/\/maybommini.vn\/wp-content\/uploads\/2022\/04\/Pin-sac-12v-chat-luong-chinh-hang-gia-re.jpg 750w, https:\/\/maybommini.vn\/wp-content\/uploads\/2022\/04\/Pin-sac-12v-chat-luong-chinh-hang-gia-re-300x300.jpg 300w, https:\/\/maybommini.vn\/wp-content\/uploads\/2022\/04\/Pin-sac-12v-chat-luong-chinh-hang-gia-re-150x150.jpg 150w, https:\/\/maybommini.vn\/wp-content\/uploads\/2022\/04\/Pin-sac-12v-chat-luong-chinh-hang-gia-re-600x600.jpg 600w\" sizes=\"(max-width: 750px) 100vw, 750px\" \/><\/a><a href=\"https:\/\/maybommini.com\/wp-content\/uploads\/2021\/07\/nha-cung-cap-pin-sac-hang-dau-viet-nam.jpg\" target=\"_blank\" rel=\"noopener\"><img decoding=\"async\" class=\"size-full wp-image-269015 aligncenter\" src=\"https:\/\/maybommini.com\/wp-content\/uploads\/2021\/07\/nha-cung-cap-pin-sac-hang-dau-viet-nam.jpg\" alt=\"Nha Cung Cap Pin Sac Hang Dau Viet Nam\" width=\"750\" height=\"750\" srcset=\"https:\/\/maybommini.vn\/wp-content\/uploads\/2021\/07\/nha-cung-cap-pin-sac-hang-dau-viet-nam.jpg 750w, https:\/\/maybommini.vn\/wp-content\/uploads\/2021\/07\/nha-cung-cap-pin-sac-hang-dau-viet-nam-300x300.jpg 300w, https:\/\/maybommini.vn\/wp-content\/uploads\/2021\/07\/nha-cung-cap-pin-sac-hang-dau-viet-nam-150x150.jpg 150w, https:\/\/maybommini.vn\/wp-content\/uploads\/2021\/07\/nha-cung-cap-pin-sac-hang-dau-viet-nam-600x600.jpg 600w\" sizes=\"(max-width: 750px) 100vw, 750px\" \/><\/a><a href=\"https:\/\/maybommini.com\/wp-content\/uploads\/2020\/12\/phan-phoi-cac-loai-pin-sac-chat-luong-cao.jpg\" target=\"_blank\" rel=\"noopener\"><img decoding=\"async\" class=\"size-full wp-image-267781 aligncenter\" src=\"https:\/\/maybommini.com\/wp-content\/uploads\/2020\/12\/phan-phoi-cac-loai-pin-sac-chat-luong-cao.jpg\" alt=\"Phan Phoi Cac Loai Pin Sac Chat Luong Cao\" width=\"750\" height=\"750\" srcset=\"https:\/\/maybommini.vn\/wp-content\/uploads\/2020\/12\/phan-phoi-cac-loai-pin-sac-chat-luong-cao.jpg 750w, https:\/\/maybommini.vn\/wp-content\/uploads\/2020\/12\/phan-phoi-cac-loai-pin-sac-chat-luong-cao-300x300.jpg 300w, https:\/\/maybommini.vn\/wp-content\/uploads\/2020\/12\/phan-phoi-cac-loai-pin-sac-chat-luong-cao-150x150.jpg 150w, https:\/\/maybommini.vn\/wp-content\/uploads\/2020\/12\/phan-phoi-cac-loai-pin-sac-chat-luong-cao-600x600.jpg 600w\" sizes=\"(max-width: 750px) 100vw, 750px\" \/><\/a><a href=\"https:\/\/maybommini.com\/wp-content\/uploads\/2020\/12\/chuyen-phan-phoi-ac-quy-nuoc-va-kho-chinh-hang.jpg\" target=\"_blank\" rel=\"noopener\"><img decoding=\"async\" class=\"size-full wp-image-267709 aligncenter\" src=\"https:\/\/maybommini.com\/wp-content\/uploads\/2020\/12\/chuyen-phan-phoi-ac-quy-nuoc-va-kho-chinh-hang.jpg\" alt=\"Chuyen Phan Phoi Ac Quy Nuoc Va Kho Chinh Hang\" width=\"750\" height=\"750\" srcset=\"https:\/\/maybommini.vn\/wp-content\/uploads\/2020\/12\/chuyen-phan-phoi-ac-quy-nuoc-va-kho-chinh-hang.jpg 750w, https:\/\/maybommini.vn\/wp-content\/uploads\/2020\/12\/chuyen-phan-phoi-ac-quy-nuoc-va-kho-chinh-hang-300x300.jpg 300w, https:\/\/maybommini.vn\/wp-content\/uploads\/2020\/12\/chuyen-phan-phoi-ac-quy-nuoc-va-kho-chinh-hang-150x150.jpg 150w, https:\/\/maybommini.vn\/wp-content\/uploads\/2020\/12\/chuyen-phan-phoi-ac-quy-nuoc-va-kho-chinh-hang-600x600.jpg 600w\" sizes=\"(max-width: 750px) 100vw, 750px\" \/><\/a><a href=\"https:\/\/maybommini.com\/wp-content\/uploads\/2020\/12\/chuyen-ban-ac-quy-cac-loai-gia-tot.jpg\" target=\"_blank\" rel=\"noopener\"><img decoding=\"async\" class=\"size-full wp-image-267708 aligncenter\" src=\"https:\/\/maybommini.com\/wp-content\/uploads\/2020\/12\/chuyen-ban-ac-quy-cac-loai-gia-tot.jpg\" alt=\"Chuyen Ban Ac Quy Cac Loai Gia Tot\" width=\"750\" height=\"750\" srcset=\"https:\/\/maybommini.vn\/wp-content\/uploads\/2020\/12\/chuyen-ban-ac-quy-cac-loai-gia-tot.jpg 750w, https:\/\/maybommini.vn\/wp-content\/uploads\/2020\/12\/chuyen-ban-ac-quy-cac-loai-gia-tot-300x300.jpg 300w, https:\/\/maybommini.vn\/wp-content\/uploads\/2020\/12\/chuyen-ban-ac-quy-cac-loai-gia-tot-150x150.jpg 150w, https:\/\/maybommini.vn\/wp-content\/uploads\/2020\/12\/chuyen-ban-ac-quy-cac-loai-gia-tot-600x600.jpg 600w\" sizes=\"(max-width: 750px) 100vw, 750px\" \/><\/a><a href=\"https:\/\/maybommini.com\/wp-content\/uploads\/2020\/12\/cung-cap-ac-quy-kho-dai-ly-so-luong-lon.jpg\" target=\"_blank\" rel=\"noopener\"><img decoding=\"async\" class=\"size-full wp-image-267710 aligncenter\" src=\"https:\/\/maybommini.com\/wp-content\/uploads\/2020\/12\/cung-cap-ac-quy-kho-dai-ly-so-luong-lon.jpg\" alt=\"Cung Cap Ac Quy Kho Dai Ly So Luong Lon\" width=\"750\" height=\"750\" srcset=\"https:\/\/maybommini.vn\/wp-content\/uploads\/2020\/12\/cung-cap-ac-quy-kho-dai-ly-so-luong-lon.jpg 750w, https:\/\/maybommini.vn\/wp-content\/uploads\/2020\/12\/cung-cap-ac-quy-kho-dai-ly-so-luong-lon-300x300.jpg 300w, https:\/\/maybommini.vn\/wp-content\/uploads\/2020\/12\/cung-cap-ac-quy-kho-dai-ly-so-luong-lon-150x150.jpg 150w, https:\/\/maybommini.vn\/wp-content\/uploads\/2020\/12\/cung-cap-ac-quy-kho-dai-ly-so-luong-lon-600x600.jpg 600w\" sizes=\"(max-width: 750px) 100vw, 750px\" \/><\/a><\/p>\n<p><strong>B\u00c1N B\u00ccNH \u1eaeC QUY KH\u00d4 MINI \u2013 B\u00ccNH \u1eaeC QUY PIN LITHIUM \u2013 PIN S\u1ea0C<br \/>\nCh\u00fang t\u00f4i nh\u00e0 cung c\u1ea5p ph\u00e2n ph\u1ed1i to\u00e0n qu\u1ed1c c\u00e1c lo\u1ea1i b\u00e1n b\u00ecnh \u1eafc quy kh\u00f4 mini \u0111\u1ebfn c\u00e1c lo\u1ea1i b\u00ecnh \u1eafc quy c\u00f3 dung l\u01b0\u1ee3ng r\u1ea5t l\u1edbn v\u1edbi gi\u00e1 h\u1ee3p l\u00fd v\u00e0 b\u1ea3o h\u00e0nh ch\u00ednh h\u00e3ng.<\/strong><strong>CTY TNHH TH\u01af\u01a0NG M\u1ea0I D\u1ecaCH V\u1ee4 \u0110I\u1ec6N M\u00c1Y TH\u00d4NG MINH<br \/>\nWebsite:\u00a0<a href=\"https:\/\/maybommini.com\/\" target=\"_blank\" rel=\"noopener\">https:\/\/maybommini.com<\/a><br \/>\nEmail: Maybommini.com@gmail.com<br \/>\nT\u01af V\u1ea4N K\u1ef8 THU\u1eacT \u2013 MUA H\u00c0NG<br \/>\nTel\/ Zalo: 0908997823 \u2013 0908997872<br \/>\nT\u01b0 v\u1ea5n mua h\u00e0ng: 0907294310 \u2013 02873030399<br \/>\n<\/strong><\/p>\n<h3><a class=\"swipebox\" title=\"\" href=\"https:\/\/maybommini.com\/wp-content\/uploads\/2022\/07\/thong-tin-lien-he-may-bom-mini.jpg\" data-rel=\"lightbox-image-bGlnaHRib3gtaW1hZ2UtYkdsbmFIUmliM2d0YVcxaFoyVXRZa2RzYm1GSVVtbGlNMmQwWVZjeGFGb3lWWFJaYTJSelltMUdTVlZ0YkdsTk1tUXdXVlpqZUdGR2IzbFdXRkphWVRKU2VsbHRNVWRUVmxaMFlrZHNUazF0VVhkWFZscHFaVWRHUjJJemJGZFhSa3BQVm10V1ZrOVJQVDA9\" data-rl_title=\"\" data-rl_caption=\"\" data-rl_ target=\"_blank\" rel=\"noopener\"><img decoding=\"async\" class=\"size-full wp-image-270584 lazyloaded aligncenter\" src=\"https:\/\/maybommini.com\/wp-content\/uploads\/2022\/07\/thong-tin-lien-he-may-bom-mini.jpg\" sizes=\"(max-width: 750px) 100vw, 750px\" srcset=\"https:\/\/maybommini.com\/wp-content\/uploads\/2022\/07\/thong-tin-lien-he-may-bom-mini.jpg 750w, https:\/\/maybommini.com\/wp-content\/uploads\/2022\/07\/thong-tin-lien-he-may-bom-mini-300x202.jpg 300w, https:\/\/maybommini.com\/wp-content\/uploads\/2022\/07\/thong-tin-lien-he-may-bom-mini-600x405.jpg 600w\" alt=\"Thong Tin Lien He May Bom Mini\" width=\"750\" height=\"506\" data-lazy-srcset=\"https:\/\/maybommini.com\/wp-content\/uploads\/2022\/07\/thong-tin-lien-he-may-bom-mini.jpg 750w, https:\/\/maybommini.com\/wp-content\/uploads\/2022\/07\/thong-tin-lien-he-may-bom-mini-300x202.jpg 300w, https:\/\/maybommini.com\/wp-content\/uploads\/2022\/07\/thong-tin-lien-he-may-bom-mini-600x405.jpg 600w\" data-lazy-sizes=\"(max-width: 750px) 100vw, 750px\" data-lazy-src=\"https:\/\/maybommini.com\/wp-content\/uploads\/2022\/07\/thong-tin-lien-he-may-bom-mini.jpg\" data-was-processed=\"true\" \/><\/a><\/h3>\n<h3 style=\"text-align: center;\"><em><strong>CHUY\u00caN B\u00c1N PH\u00c2N PH\u1ed0I C\u00c1C LO\u1ea0I PIN S\u1ea0C<br \/>\nLITHIUM LI-ION LiFePo4 12V 24V 36V 48V GI\u00c1 T\u1ed0T CH\u1ea4T L\u01af\u1ee2NG.<br \/>\nNH\u1eacN \u0110\u00d3NG PIN B\u00ccNH \u1eaeC QUY THEO Y\u00caU C\u1ea6U GI\u00c1 T\u1ed0T<\/strong><\/em><\/h3>\n<h3 style=\"text-align: center;\"><em><strong>&#8212;&#8212;&#8212;&#8212;&#8212;&#8212;&#8212;&#8212;&#8212;&#8212;&#8212;&#8212;&#8212;&#8212;&#8212;&#8212;&#8212;&#8212;&#8212;&#8212;&#8212;&#8212;&#8212;&#8212;&#8212;<br \/>\n<\/strong><\/em><\/h3>\n<h3 style=\"text-align: center;\">Pin s\u1ea1c 14.8V 16.8V 4Ah 5A 4S MTM<\/h3>\n","protected":false},"excerpt":{"rendered":"<p>Th\u01b0\u01a1ng hi\u1ec7u: MTM<br \/>\nModel: 14V-5A-4S2P-40<br \/>\n\u0110i\u1ec7n th\u1ebf \u0111\u1ecbnh danh: 14.8V &#8211; 16.8V DC<br \/>\n\u0110i\u1ec7n th\u1ebf ra: 10V &#8211; 16.8V DC<br \/>\n\u0110i\u1ec7n th\u1ebf s\u1ea1c v\u00e0o: 16.8V<br \/>\nD\u00f2ng s\u1ea1c: 1A &#8211; 2A DC<br \/>\nDung l\u01b0\u1ee3ng: 4Ah \u2013 4.000mAh<br \/>\nD\u00f2ng l\u00e0m vi\u1ec7c li\u00ean t\u1ee5c: 5A<br \/>\nD\u00f2ng \u0111i\u1ec7n t\u1ee9c th\u1eddi t\u1ed1i \u0111a: 10A<br \/>\nLo\u1ea1i cell pin s\u1ea1c Lithium-ion 18650<br \/>\nCell pin m\u1edbi ch\u00ednh h\u00e3ng.<br \/>\nKi\u1ec3u gh\u00e9p 4S<br \/>\nJack ngu\u1ed3n DC 5.5&#215;2.5mm<br \/>\nD\u00e2y ngu\u1ed3n: \u0110\u1ecf (+) \u0110en (-)<br \/>\nT\u00edch h\u1ee3p m\u1ea1ch b\u1ea3o v\u1ec7 v\u00e0 c\u00e2n b\u1eb1ng th\u00f4ng minh.<br \/>\nB\u1ea3o v\u1ec7 ch\u1ed1ng qu\u00e1 t\u1ea3i v\u00e0 s\u1ea1c c\u00e2n b\u1eb1ng t\u1ef1 \u0111\u1ed9ng.<br \/>\nTu\u1ed5i th\u1ecd cao ho\u1ea1t \u0111\u1ed9ng t\u1ed1t \u0111\u00fang dung l\u01b0\u1ee3ng.<br \/>\nK\u00edch th\u01b0\u1edbc: 74 x 70 x 37\u00a0 mm.<br \/>\nTr\u1ecdng l\u01b0\u1ee3ng:\u00a0 gam.<br \/>\nB\u1ea3o h\u00e0nh: 3 th\u00e1ng<br \/>\n<strong>Ch\u01b0a k\u00e8m s\u1ea1c pin 16.8V.<\/strong><br \/>\n<strong>Mua s\u1ed1 l\u01b0\u1ee3ng c\u00f3 gi\u00e1 t\u1ed1t<\/strong><\/p>\n","protected":false},"featured_media":275597,"comment_status":"open","ping_status":"closed","template":"","meta":[],"product_brand":[],"product_cat":[4489,4149],"product_tag":[4488,2162,3502,4487,424,2926,3506,3504,3503,1543,426,427,2914,2342,430,1311,3819,3462,3459,431,3461,433,4348,437,2369,3415],"class_list":{"0":"post-275596","1":"product","2":"type-product","3":"status-publish","4":"has-post-thumbnail","6":"product_cat-14v-4s-lithium-ion","7":"product_cat-khoi-pin-sac","8":"product_tag-14-8v","9":"product_tag-16-8v","10":"product_tag-18650-battery-pack","11":"product_tag-4s","12":"product_tag-8000mah","13":"product_tag-battery","14":"product_tag-battery-bank","15":"product_tag-battery-charger","16":"product_tag-battery-pack","17":"product_tag-charger","18":"product_tag-ion","19":"product_tag-lithium","20":"product_tag-lithium-ion-battery","21":"product_tag-mtm","22":"product_tag-pin","23":"product_tag-pin-18650","24":"product_tag-pin-4s","25":"product_tag-pin-li-on","26":"product_tag-pin-lithium","27":"product_tag-pin-sac","28":"product_tag-pin-sac-gia-re","29":"product_tag-sac","30":"product_tag-sac-4s","31":"product_tag-sac-pin","32":"product_tag-ups","33":"product_tag-ups-power","35":"first","36":"instock","37":"shipping-taxable","38":"purchasable","39":"product-type-simple"},"_links":{"self":[{"href":"https:\/\/maybommini.vn\/index.php?rest_route=\/wp\/v2\/product\/275596","targetHints":{"allow":["GET"]}}],"collection":[{"href":"https:\/\/maybommini.vn\/index.php?rest_route=\/wp\/v2\/product"}],"about":[{"href":"https:\/\/maybommini.vn\/index.php?rest_route=\/wp\/v2\/types\/product"}],"replies":[{"embeddable":true,"href":"https:\/\/maybommini.vn\/index.php?rest_route=%2Fwp%2Fv2%2Fcomments&post=275596"}],"wp:featuredmedia":[{"embeddable":true,"href":"https:\/\/maybommini.vn\/index.php?rest_route=\/wp\/v2\/media\/275597"}],"wp:attachment":[{"href":"https:\/\/maybommini.vn\/index.php?rest_route=%2Fwp%2Fv2%2Fmedia&parent=275596"}],"wp:term":[{"taxonomy":"product_brand","embeddable":true,"href":"https:\/\/maybommini.vn\/index.php?rest_route=%2Fwp%2Fv2%2Fproduct_brand&post=275596"},{"taxonomy":"product_cat","embeddable":true,"href":"https:\/\/maybommini.vn\/index.php?rest_route=%2Fwp%2Fv2%2Fproduct_cat&post=275596"},{"taxonomy":"product_tag","embeddable":true,"href":"https:\/\/maybommini.vn\/index.php?rest_route=%2Fwp%2Fv2%2Fproduct_tag&post=275596"}],"curies":[{"name":"wp","href":"https:\/\/api.w.org\/{rel}","templated":true}]}}