{"id":276175,"date":"2024-06-14T22:30:51","date_gmt":"2024-06-14T15:30:51","guid":{"rendered":"https:\/\/maybommini.com\/?post_type=product&#038;p=276175"},"modified":"2026-02-14T09:50:30","modified_gmt":"2026-02-14T02:50:30","slug":"may-bom-nhien-lieu-dau-nhot-220v-230w-45l-oring","status":"publish","type":"product","link":"https:\/\/maybommini.vn\/?product=may-bom-nhien-lieu-dau-nhot-220v-230w-45l-oring","title":{"rendered":"M\u00e1y b\u01a1m nhi\u00ean li\u1ec7u d\u1ea7u nh\u1edbt 220V 230W 45L Oring"},"content":{"rendered":"<p><strong>Ph\u00e2n ph\u1ed1i s\u1ec9 v\u00e0 l\u1ebb m\u00e1y b\u01a1m nhi\u00ean li\u1ec7u d\u1ea7u nh\u1edbt 220V 230W 45L Oring chuy\u00ean d\u1ee5ng b\u01a1m nhi\u00ean li\u1ec7u d\u1ea7u nh\u1edbt ch\u1ea5t l\u1ecfng. V\u1edbi v\u1edbi kh\u1ea3 n\u0103ng t\u1ef1 h\u00fat c\u00f4ng su\u1ea5t b\u01a1m cao v\u00e0 l\u01b0u l\u01b0\u1ee3ng l\u1edbn th\u00edch h\u1ee3p b\u01a1m nhi\u00ean li\u1ec7u t\u00e0u xe ph\u01b0\u01a1ng ti\u1ec7n, b\u01a1m sang chi\u1ebft ch\u1ea5t l\u1ecfng v\u00e0 nhi\u1ec1u \u1ee9ng d\u1ee5ng kh\u00e1c.<\/strong><\/p>\n<p><strong><a href=\"https:\/\/maybommini.com\/wp-content\/uploads\/2024\/06\/May-bom-dau-nhot-220V-230W-45L-Oring-MTM.jpg\" target=\"_blank\" rel=\"noopener\"><img decoding=\"async\" class=\"size-full wp-image-276178 aligncenter\" src=\"https:\/\/maybommini.com\/wp-content\/uploads\/2024\/06\/May-bom-dau-nhot-220V-230W-45L-Oring-MTM.jpg\" alt=\"May Bom Dau Nhot 220V 230W 45L Oring MTM\" width=\"750\" height=\"750\" srcset=\"https:\/\/maybommini.vn\/wp-content\/uploads\/2024\/06\/May-bom-dau-nhot-220V-230W-45L-Oring-MTM.jpg 750w, https:\/\/maybommini.vn\/wp-content\/uploads\/2024\/06\/May-bom-dau-nhot-220V-230W-45L-Oring-MTM-300x300.jpg 300w, https:\/\/maybommini.vn\/wp-content\/uploads\/2024\/06\/May-bom-dau-nhot-220V-230W-45L-Oring-MTM-150x150.jpg 150w, https:\/\/maybommini.vn\/wp-content\/uploads\/2024\/06\/May-bom-dau-nhot-220V-230W-45L-Oring-MTM-600x600.jpg 600w\" sizes=\"(max-width: 750px) 100vw, 750px\" \/><\/a>TH\u00d4NG S\u1ed0 K\u1ef8 THU\u1eacT<br \/>\n<\/strong>Th\u01b0\u01a1ng hi\u1ec7u: ORING<br \/>\nModel: OR-5220AC<br \/>\n\u0110i\u1ec7n th\u1ebf: 220V AC<br \/>\nC\u00f4ng su\u1ea5t: 230W<br \/>\nL\u01b0u l\u01b0\u1ee3ng: 45L\/ph\u00fat<br \/>\nT\u1ef1 h\u00fat: 2 &#8211; 4 m\u00e9t<br \/>\n\u0110\u1ea9y cao: 5 &#8211; 10 m\u00e9t<br \/>\n\u1ed0ng ra v\u00e0o: 25 mm<br \/>\nCh\u1ea5t li\u1ec7u: Inox &#8211; Gang &#8211; \u0110\u1ed3ng &#8211; Nh\u1ef1a ABS<br \/>\nM\u00e1y b\u01a1m t\u1ef1\u00a0\u0111\u1ed9ng m\u1ed3i.<br \/>\nT\u00ecnh tr\u1ea1ng h\u00e0ng m\u1edbi 100%<br \/>\nK\u00e8m \u0111\u1ea7u n\u1ed1i \u1ed1ng ra v\u00e0o.<br \/>\nK\u00e8m l\u1ecdc inox cao c\u1ea5p<br \/>\n\u1ee8ng d\u1ee5ng b\u01a1m d\u1ea7u, nh\u1edbt, ch\u1ea5t l\u1ecfng.<br \/>\nKh\u00f4ng \u0111\u01b0\u1ee3c b\u01a1m x\u0103ng, h\u00f3a ch\u1ea5t \u0103n m\u00f2n.<br \/>\nTr\u1ecdng l\u01b0\u1ee3ng: 3.3 Kg<br \/>\nK\u00edch th\u01b0\u1edbc: 20 x 20 x 16 cm<br \/>\nB\u1ea3o h\u00e0nh: 6 th\u00e1ng<br \/>\nKh\u00f4ng b\u1ea3o h\u00e0nh c\u00e1nh m\u00e1y b\u01a1m.<br \/>\nC\u00e1nh m\u00e1y b\u01a1m m\u00f2n thay m\u1edbi.<br \/>\nPh\u00e2n ph\u1ed1i: MTM &#8211; Maybommini.com<br \/>\n<a href=\"https:\/\/maybommini.com\/wp-content\/uploads\/2024\/06\/ban-may-bom-dau-nhot-220V-230W-45L-Oring-MTM.jpg\" target=\"_blank\" rel=\"noopener\"><img decoding=\"async\" class=\"size-full wp-image-276177 aligncenter\" src=\"https:\/\/maybommini.com\/wp-content\/uploads\/2024\/06\/ban-may-bom-dau-nhot-220V-230W-45L-Oring-MTM.jpg\" alt=\"Ban May Bom Dau Nhot 220V 230W 45L Oring MTM\" width=\"750\" height=\"750\" srcset=\"https:\/\/maybommini.vn\/wp-content\/uploads\/2024\/06\/ban-may-bom-dau-nhot-220V-230W-45L-Oring-MTM.jpg 750w, https:\/\/maybommini.vn\/wp-content\/uploads\/2024\/06\/ban-may-bom-dau-nhot-220V-230W-45L-Oring-MTM-300x300.jpg 300w, https:\/\/maybommini.vn\/wp-content\/uploads\/2024\/06\/ban-may-bom-dau-nhot-220V-230W-45L-Oring-MTM-150x150.jpg 150w, https:\/\/maybommini.vn\/wp-content\/uploads\/2024\/06\/ban-may-bom-dau-nhot-220V-230W-45L-Oring-MTM-600x600.jpg 600w\" sizes=\"(max-width: 750px) 100vw, 750px\" \/><\/a><a href=\"https:\/\/maybommini.com\/wp-content\/uploads\/2024\/06\/May-bom-dau-nhot-220V-230W-45L-Oring-MTM-gia-re.jpg\" target=\"_blank\" rel=\"noopener\"><img decoding=\"async\" class=\"size-full wp-image-276176 aligncenter\" src=\"https:\/\/maybommini.com\/wp-content\/uploads\/2024\/06\/May-bom-dau-nhot-220V-230W-45L-Oring-MTM-gia-re.jpg\" alt=\"May Bom Dau Nhot 220V 230W 45L Oring MTM Gia Re\" width=\"750\" height=\"750\" srcset=\"https:\/\/maybommini.vn\/wp-content\/uploads\/2024\/06\/May-bom-dau-nhot-220V-230W-45L-Oring-MTM-gia-re.jpg 750w, https:\/\/maybommini.vn\/wp-content\/uploads\/2024\/06\/May-bom-dau-nhot-220V-230W-45L-Oring-MTM-gia-re-300x300.jpg 300w, https:\/\/maybommini.vn\/wp-content\/uploads\/2024\/06\/May-bom-dau-nhot-220V-230W-45L-Oring-MTM-gia-re-150x150.jpg 150w, https:\/\/maybommini.vn\/wp-content\/uploads\/2024\/06\/May-bom-dau-nhot-220V-230W-45L-Oring-MTM-gia-re-600x600.jpg 600w\" sizes=\"(max-width: 750px) 100vw, 750px\" \/><\/a><a href=\"https:\/\/maybommini.com\/wp-content\/uploads\/2024\/06\/May-bom-dau-nhot-220V-230W-45L-Oring-MTM-chinh-hang.jpg\" target=\"_blank\" rel=\"noopener\"><img decoding=\"async\" class=\"size-full wp-image-276179 aligncenter\" src=\"https:\/\/maybommini.com\/wp-content\/uploads\/2024\/06\/May-bom-dau-nhot-220V-230W-45L-Oring-MTM-chinh-hang.jpg\" alt=\"May Bom Dau Nhot 220V 230W 45L Oring MTM Chinh Hang\" width=\"750\" height=\"750\" srcset=\"https:\/\/maybommini.vn\/wp-content\/uploads\/2024\/06\/May-bom-dau-nhot-220V-230W-45L-Oring-MTM-chinh-hang.jpg 750w, https:\/\/maybommini.vn\/wp-content\/uploads\/2024\/06\/May-bom-dau-nhot-220V-230W-45L-Oring-MTM-chinh-hang-300x300.jpg 300w, https:\/\/maybommini.vn\/wp-content\/uploads\/2024\/06\/May-bom-dau-nhot-220V-230W-45L-Oring-MTM-chinh-hang-150x150.jpg 150w, https:\/\/maybommini.vn\/wp-content\/uploads\/2024\/06\/May-bom-dau-nhot-220V-230W-45L-Oring-MTM-chinh-hang-600x600.jpg 600w\" sizes=\"(max-width: 750px) 100vw, 750px\" \/><\/a><a href=\"https:\/\/maybommini.com\/wp-content\/uploads\/2024\/06\/dau-may-bom-dau-nhot-12V-180W-45L-Oring-MTM.jpg\" target=\"_blank\" rel=\"noopener\"><img decoding=\"async\" class=\"size-full wp-image-276184 aligncenter\" src=\"https:\/\/maybommini.com\/wp-content\/uploads\/2024\/06\/dau-may-bom-dau-nhot-12V-180W-45L-Oring-MTM.jpg\" alt=\"Dau May Bom Dau Nhot 12V 180W 45L Oring MTM\" width=\"750\" height=\"750\" srcset=\"https:\/\/maybommini.vn\/wp-content\/uploads\/2024\/06\/dau-may-bom-dau-nhot-12V-180W-45L-Oring-MTM.jpg 750w, https:\/\/maybommini.vn\/wp-content\/uploads\/2024\/06\/dau-may-bom-dau-nhot-12V-180W-45L-Oring-MTM-300x300.jpg 300w, https:\/\/maybommini.vn\/wp-content\/uploads\/2024\/06\/dau-may-bom-dau-nhot-12V-180W-45L-Oring-MTM-150x150.jpg 150w, https:\/\/maybommini.vn\/wp-content\/uploads\/2024\/06\/dau-may-bom-dau-nhot-12V-180W-45L-Oring-MTM-600x600.jpg 600w\" sizes=\"(max-width: 750px) 100vw, 750px\" \/><\/a><a href=\"https:\/\/maybommini.com\/wp-content\/uploads\/2024\/06\/cong-tat-nguon-may-bom-dau-nhot-12V-180W-45L-Oring-MTM.jpg\" target=\"_blank\" rel=\"noopener\"><img decoding=\"async\" class=\"size-full wp-image-276183 aligncenter\" src=\"https:\/\/maybommini.com\/wp-content\/uploads\/2024\/06\/cong-tat-nguon-may-bom-dau-nhot-12V-180W-45L-Oring-MTM.jpg\" alt=\"Cong Tat Nguon May Bom Dau Nhot 12V 180W 45L Oring MTM\" width=\"750\" height=\"750\" srcset=\"https:\/\/maybommini.vn\/wp-content\/uploads\/2024\/06\/cong-tat-nguon-may-bom-dau-nhot-12V-180W-45L-Oring-MTM.jpg 750w, https:\/\/maybommini.vn\/wp-content\/uploads\/2024\/06\/cong-tat-nguon-may-bom-dau-nhot-12V-180W-45L-Oring-MTM-300x300.jpg 300w, https:\/\/maybommini.vn\/wp-content\/uploads\/2024\/06\/cong-tat-nguon-may-bom-dau-nhot-12V-180W-45L-Oring-MTM-150x150.jpg 150w, https:\/\/maybommini.vn\/wp-content\/uploads\/2024\/06\/cong-tat-nguon-may-bom-dau-nhot-12V-180W-45L-Oring-MTM-600x600.jpg 600w\" sizes=\"(max-width: 750px) 100vw, 750px\" \/><\/a><a href=\"https:\/\/maybommini.com\/wp-content\/uploads\/2024\/06\/day-nguon-May-bom-dau-nhot-12V-180W-45L-Oring-MTM.jpg\" target=\"_blank\" rel=\"noopener\"><img decoding=\"async\" class=\"size-full wp-image-276185 aligncenter\" src=\"https:\/\/maybommini.com\/wp-content\/uploads\/2024\/06\/day-nguon-May-bom-dau-nhot-12V-180W-45L-Oring-MTM.jpg\" alt=\"Day Nguon May Bom Dau Nhot 12V 180W 45L Oring MTM\" width=\"750\" height=\"750\" srcset=\"https:\/\/maybommini.vn\/wp-content\/uploads\/2024\/06\/day-nguon-May-bom-dau-nhot-12V-180W-45L-Oring-MTM.jpg 750w, https:\/\/maybommini.vn\/wp-content\/uploads\/2024\/06\/day-nguon-May-bom-dau-nhot-12V-180W-45L-Oring-MTM-300x300.jpg 300w, https:\/\/maybommini.vn\/wp-content\/uploads\/2024\/06\/day-nguon-May-bom-dau-nhot-12V-180W-45L-Oring-MTM-150x150.jpg 150w, https:\/\/maybommini.vn\/wp-content\/uploads\/2024\/06\/day-nguon-May-bom-dau-nhot-12V-180W-45L-Oring-MTM-600x600.jpg 600w\" sizes=\"(max-width: 750px) 100vw, 750px\" \/><\/a><a href=\"https:\/\/maybommini.com\/wp-content\/uploads\/2024\/06\/12V24V220V-Fuel-Transfer-Pump-for-Diesel-Kerosene-MTM.jpg\" target=\"_blank\" rel=\"noopener\"><img decoding=\"async\" class=\"size-full wp-image-276182 aligncenter\" src=\"https:\/\/maybommini.com\/wp-content\/uploads\/2024\/06\/12V24V220V-Fuel-Transfer-Pump-for-Diesel-Kerosene-MTM.jpg\" alt=\"12V24V220V Fuel Transfer Pump For Diesel Kerosene MTM\" width=\"750\" height=\"750\" srcset=\"https:\/\/maybommini.vn\/wp-content\/uploads\/2024\/06\/12V24V220V-Fuel-Transfer-Pump-for-Diesel-Kerosene-MTM.jpg 750w, https:\/\/maybommini.vn\/wp-content\/uploads\/2024\/06\/12V24V220V-Fuel-Transfer-Pump-for-Diesel-Kerosene-MTM-300x300.jpg 300w, https:\/\/maybommini.vn\/wp-content\/uploads\/2024\/06\/12V24V220V-Fuel-Transfer-Pump-for-Diesel-Kerosene-MTM-150x150.jpg 150w, https:\/\/maybommini.vn\/wp-content\/uploads\/2024\/06\/12V24V220V-Fuel-Transfer-Pump-for-Diesel-Kerosene-MTM-600x600.jpg 600w\" sizes=\"(max-width: 750px) 100vw, 750px\" \/><\/a><a href=\"https:\/\/maybommini.com\/wp-content\/uploads\/2024\/06\/tay-cam-May-bom-dau-nhot-12V24v220v-45L-Oring-MTM.jpg\" target=\"_blank\" rel=\"noopener\"><img decoding=\"async\" class=\"size-full wp-image-276187 aligncenter\" src=\"https:\/\/maybommini.com\/wp-content\/uploads\/2024\/06\/tay-cam-May-bom-dau-nhot-12V24v220v-45L-Oring-MTM.jpg\" alt=\"Tay Cam May Bom Dau Nhot 12V24v220v 45L Oring MTM\" width=\"750\" height=\"750\" srcset=\"https:\/\/maybommini.vn\/wp-content\/uploads\/2024\/06\/tay-cam-May-bom-dau-nhot-12V24v220v-45L-Oring-MTM.jpg 750w, https:\/\/maybommini.vn\/wp-content\/uploads\/2024\/06\/tay-cam-May-bom-dau-nhot-12V24v220v-45L-Oring-MTM-300x300.jpg 300w, https:\/\/maybommini.vn\/wp-content\/uploads\/2024\/06\/tay-cam-May-bom-dau-nhot-12V24v220v-45L-Oring-MTM-150x150.jpg 150w, https:\/\/maybommini.vn\/wp-content\/uploads\/2024\/06\/tay-cam-May-bom-dau-nhot-12V24v220v-45L-Oring-MTM-600x600.jpg 600w\" sizes=\"(max-width: 750px) 100vw, 750px\" \/><\/a><a href=\"https:\/\/maybommini.com\/wp-content\/uploads\/2024\/06\/12V24V220V-Fuel-Transfer-Pump-for-Diesel-Kerosene.jpg\" target=\"_blank\" rel=\"noopener\"><img decoding=\"async\" class=\"size-full wp-image-276181 aligncenter\" src=\"https:\/\/maybommini.com\/wp-content\/uploads\/2024\/06\/12V24V220V-Fuel-Transfer-Pump-for-Diesel-Kerosene.jpg\" alt=\"12V24V220V Fuel Transfer Pump For Diesel Kerosene\" width=\"750\" height=\"750\" srcset=\"https:\/\/maybommini.vn\/wp-content\/uploads\/2024\/06\/12V24V220V-Fuel-Transfer-Pump-for-Diesel-Kerosene.jpg 750w, https:\/\/maybommini.vn\/wp-content\/uploads\/2024\/06\/12V24V220V-Fuel-Transfer-Pump-for-Diesel-Kerosene-300x300.jpg 300w, https:\/\/maybommini.vn\/wp-content\/uploads\/2024\/06\/12V24V220V-Fuel-Transfer-Pump-for-Diesel-Kerosene-150x150.jpg 150w, https:\/\/maybommini.vn\/wp-content\/uploads\/2024\/06\/12V24V220V-Fuel-Transfer-Pump-for-Diesel-Kerosene-600x600.jpg 600w\" sizes=\"(max-width: 750px) 100vw, 750px\" \/><\/a><strong>\u1ee8NG D\u1ee4NG M\u00c1Y B\u01a0M D\u1ea6U NH\u1edaT<\/strong><br \/>\n\u0110\u00e2y l\u00e0 lo\u1ea1i m\u00e1y b\u01a1m chuy\u00ean d\u1ee5ng trong vi\u1ec7c b\u01a1m nhi\u00ean li\u1ec7u cho xe \u00f4 t\u00f4, t\u00e0u thuy\u1ec1n v\u00e0 c\u00e1c ph\u01b0\u01a1ng ti\u1ec7n kh\u00e1c.<br \/>\nD\u00f9ng b\u01a1m d\u1ea7u, nh\u1edbt nh\u00e0 kho.<br \/>\nB\u01a1m d\u1ea7u v\u00e0o b\u1ed3n ch\u1ee9a.<br \/>\nB\u01a1m nhi\u00ean li\u1ec7u t\u00e0u thuy\u1ec1n, x\u00e0 lan.<br \/>\nB\u01a1m d\u1ea7u xe t\u1ea3i.<br \/>\nB\u01a1m nh\u1edbt c\u00e1c lo\u1ea1i.<br \/>\nB\u01a1m sang chi\u1ebft nhi\u00ean li\u1ec7u, ch\u1ea5t l\u1ecfng..<\/p>\n<p>&nbsp;<\/p>\n<p><a href=\"https:\/\/maybommini.com\/wp-content\/uploads\/2024\/06\/su-dung-may-bom-dau-nhot-12V24v220v-45L-Oring-MTM.jpg\" target=\"_blank\" rel=\"noopener\"><img decoding=\"async\" class=\"size-full wp-image-276186 aligncenter\" src=\"https:\/\/maybommini.com\/wp-content\/uploads\/2024\/06\/su-dung-may-bom-dau-nhot-12V24v220v-45L-Oring-MTM.jpg\" alt=\"Su Dung May Bom Dau Nhot 12V24v220v 45L Oring MTM\" width=\"750\" height=\"750\" srcset=\"https:\/\/maybommini.vn\/wp-content\/uploads\/2024\/06\/su-dung-may-bom-dau-nhot-12V24v220v-45L-Oring-MTM.jpg 750w, https:\/\/maybommini.vn\/wp-content\/uploads\/2024\/06\/su-dung-may-bom-dau-nhot-12V24v220v-45L-Oring-MTM-300x300.jpg 300w, https:\/\/maybommini.vn\/wp-content\/uploads\/2024\/06\/su-dung-may-bom-dau-nhot-12V24v220v-45L-Oring-MTM-150x150.jpg 150w, https:\/\/maybommini.vn\/wp-content\/uploads\/2024\/06\/su-dung-may-bom-dau-nhot-12V24v220v-45L-Oring-MTM-600x600.jpg 600w\" sizes=\"(max-width: 750px) 100vw, 750px\" \/><\/a><\/p>\n<p>&nbsp;<\/p>\n<p><strong>LI\u00caN H\u1ec6 MUA M\u00c1Y B\u01a0M MINI<\/strong><br \/>\nCh\u00fang t\u00f4i nh\u00e0 cung c\u1ea5p h\u00e0ng \u0111\u1ea7u c\u00e1c lo\u1ea1i m\u00e1y b\u01a1m nhi\u00ean nhi\u1ec7u cao c\u1ea5p 12V 24V 220V t\u1ea1i Vi\u1ec7t Nam b\u1ea3o h\u00e0nh l\u00e2u d\u00e0i c\u00f3 gi\u00e1 t\u1ed1t nh\u1ea5t uy t\u00edn.<br \/>\nLi\u00ean h\u1ec7 mua m\u00e1y b\u01a1m tr\u1ef1c ti\u1ebfp ho\u1eb7c \u0111\u1eb7t h\u00e0ng online \u0111\u1ec3 \u0111\u01b0\u1ee3c h\u1ed5 tr\u1ee3 t\u1ed1t nh\u1ea5t.<\/p>\n<p><a href=\"https:\/\/maybommini.com\/wp-content\/uploads\/2024\/06\/May-bom-dau-nhot-220V-230W-45L-Oring-MTM-chinh-hang-gia-re-cao-cap.jpg\" target=\"_blank\" rel=\"noopener\"><img decoding=\"async\" class=\"size-full wp-image-276180 aligncenter\" src=\"https:\/\/maybommini.com\/wp-content\/uploads\/2024\/06\/May-bom-dau-nhot-220V-230W-45L-Oring-MTM-chinh-hang-gia-re-cao-cap.jpg\" alt=\"May Bom Dau Nhot 220V 230W 45L Oring MTM Chinh Hang Gia Re Cao Cap\" width=\"750\" height=\"750\" srcset=\"https:\/\/maybommini.vn\/wp-content\/uploads\/2024\/06\/May-bom-dau-nhot-220V-230W-45L-Oring-MTM-chinh-hang-gia-re-cao-cap.jpg 750w, https:\/\/maybommini.vn\/wp-content\/uploads\/2024\/06\/May-bom-dau-nhot-220V-230W-45L-Oring-MTM-chinh-hang-gia-re-cao-cap-300x300.jpg 300w, https:\/\/maybommini.vn\/wp-content\/uploads\/2024\/06\/May-bom-dau-nhot-220V-230W-45L-Oring-MTM-chinh-hang-gia-re-cao-cap-150x150.jpg 150w, https:\/\/maybommini.vn\/wp-content\/uploads\/2024\/06\/May-bom-dau-nhot-220V-230W-45L-Oring-MTM-chinh-hang-gia-re-cao-cap-600x600.jpg 600w\" sizes=\"(max-width: 750px) 100vw, 750px\" \/><\/a><\/p>\n<p><strong><a href=\"https:\/\/maybommini.com\/wp-content\/uploads\/2024\/06\/May-bom-dau-nhot-12V-180W-45L-Oring-MTM-cao-cap-chinh-hang-gia-re.jpg\" target=\"_blank\" rel=\"noopener\"><img decoding=\"async\" class=\"size-full wp-image-276188 aligncenter\" src=\"https:\/\/maybommini.com\/wp-content\/uploads\/2024\/06\/May-bom-dau-nhot-12V-180W-45L-Oring-MTM-cao-cap-chinh-hang-gia-re.jpg\" alt=\"May Bom Dau Nhot 12V 180W 45L Oring MTM Cao Cap Chinh Hang Gia Re\" width=\"750\" height=\"750\" srcset=\"https:\/\/maybommini.vn\/wp-content\/uploads\/2024\/06\/May-bom-dau-nhot-12V-180W-45L-Oring-MTM-cao-cap-chinh-hang-gia-re.jpg 750w, https:\/\/maybommini.vn\/wp-content\/uploads\/2024\/06\/May-bom-dau-nhot-12V-180W-45L-Oring-MTM-cao-cap-chinh-hang-gia-re-300x300.jpg 300w, https:\/\/maybommini.vn\/wp-content\/uploads\/2024\/06\/May-bom-dau-nhot-12V-180W-45L-Oring-MTM-cao-cap-chinh-hang-gia-re-150x150.jpg 150w, https:\/\/maybommini.vn\/wp-content\/uploads\/2024\/06\/May-bom-dau-nhot-12V-180W-45L-Oring-MTM-cao-cap-chinh-hang-gia-re-600x600.jpg 600w\" sizes=\"(max-width: 750px) 100vw, 750px\" \/><\/a><a href=\"https:\/\/maybommini.com\/wp-content\/uploads\/2024\/06\/May-bom-dau-nhot-24V-200W-45L-Oring-MTM-chinh-hang-gia-re-cao-cap.jpg\" target=\"_blank\" rel=\"noopener\"><img decoding=\"async\" class=\"size-full wp-image-276189 aligncenter\" src=\"https:\/\/maybommini.com\/wp-content\/uploads\/2024\/06\/May-bom-dau-nhot-24V-200W-45L-Oring-MTM-chinh-hang-gia-re-cao-cap.jpg\" alt=\"May Bom Dau Nhot 24V 200W 45L Oring MTM Chinh Hang Gia Re Cao Cap\" width=\"750\" height=\"750\" srcset=\"https:\/\/maybommini.vn\/wp-content\/uploads\/2024\/06\/May-bom-dau-nhot-24V-200W-45L-Oring-MTM-chinh-hang-gia-re-cao-cap.jpg 750w, https:\/\/maybommini.vn\/wp-content\/uploads\/2024\/06\/May-bom-dau-nhot-24V-200W-45L-Oring-MTM-chinh-hang-gia-re-cao-cap-300x300.jpg 300w, https:\/\/maybommini.vn\/wp-content\/uploads\/2024\/06\/May-bom-dau-nhot-24V-200W-45L-Oring-MTM-chinh-hang-gia-re-cao-cap-150x150.jpg 150w, https:\/\/maybommini.vn\/wp-content\/uploads\/2024\/06\/May-bom-dau-nhot-24V-200W-45L-Oring-MTM-chinh-hang-gia-re-cao-cap-600x600.jpg 600w\" sizes=\"(max-width: 750px) 100vw, 750px\" \/><\/a>CTY TNHH TH\u01af\u01a0NG M\u1ea0I D\u1ecaCH V\u1ee4 \u0110I\u1ec6N M\u00c1Y TH\u00d4NG MINH<\/strong><br \/>\nHotline: 0907294310 &#8211; 02873030399 &#8211; 0908997823 &#8211; 0908997872<br \/>\nEmail: maybommini.com@gmail.com<br \/>\nWebsite: <a href=\"https:\/\/maybommini.com\" target=\"_blank\" rel=\"noopener\">https:\/\/maybommini.com<\/a><br \/>\nYoutube demo: <a href=\"https:\/\/www.youtube.com\/bahamasali\" target=\"_blank\" rel=\"noopener\">https:\/\/www.youtube.com\/bahamasali<\/a><\/p>\n<h3 style=\"text-align: center;\">M\u00e1y b\u01a1m nhi\u00ean li\u1ec7u d\u1ea7u nh\u1edbt 12V 180W 45L Oring<br \/>\nM\u00e1y b\u01a1m nhi\u00ean li\u1ec7u d\u1ea7u nh\u1edbt 224V 200W 45L Oring<br \/>\nM\u00e1y b\u01a1m nhi\u00ean li\u1ec7u d\u1ea7u nh\u1edbt 220V 230W 45L Oring<\/h3>\n","protected":false},"excerpt":{"rendered":"<p>Th\u01b0\u01a1ng hi\u1ec7u: ORING<br \/>\nModel: OR-5220AC<br \/>\n\u0110i\u1ec7n th\u1ebf: 220V AC<br \/>\nC\u00f4ng su\u1ea5t: 230W<br \/>\nL\u01b0u l\u01b0\u1ee3ng: 45L\/ph\u00fat<br \/>\nT\u1ef1 h\u00fat: 2 &#8211; 4 m\u00e9t<br \/>\n\u0110\u1ea9y cao: 5 &#8211; 10 m\u00e9t<br \/>\n\u1ed0ng ra v\u00e0o: 25 mm<br \/>\nCh\u1ea5t li\u1ec7u: Inox &#8211; Gang &#8211; \u0110\u1ed3ng &#8211; Nh\u1ef1a ABS<br \/>\nM\u00e1y b\u01a1m t\u1ef1\u00a0\u0111\u1ed9ng m\u1ed3i.<br \/>\nT\u00ecnh tr\u1ea1ng h\u00e0ng m\u1edbi 100%<br \/>\nK\u00e8m \u0111\u1ea7u n\u1ed1i \u1ed1ng ra v\u00e0o.<br \/>\nK\u00e8m l\u1ecdc inox cao c\u1ea5p<br \/>\n\u1ee8ng d\u1ee5ng b\u01a1m d\u1ea7u, nh\u1edbt, ch\u1ea5t l\u1ecfng.<br \/>\nKh\u00f4ng \u0111\u01b0\u1ee3c b\u01a1m x\u0103ng, h\u00f3a ch\u1ea5t \u0103n m\u00f2n.<br \/>\nTr\u1ecdng l\u01b0\u1ee3ng: 3.3 Kg<br \/>\nK\u00edch th\u01b0\u1edbc: 20 x 20 x 16 cm<br \/>\nPh\u00e2n ph\u1ed1i: MTM &#8211; Maybommini.com<br \/>\nB\u1ea3o h\u00e0nh: 6 th\u00e1ng<\/p>\n","protected":false},"featured_media":276178,"comment_status":"open","ping_status":"closed","template":"","meta":[],"product_brand":[],"product_cat":[1988,383],"product_tag":[267,500,488,4587,387,4585,857,1241,858,1989,2474,206,523,859,4586,527,529,4423],"class_list":{"0":"post-276175","1":"product","2":"type-product","3":"status-publish","4":"has-post-thumbnail","6":"product_cat-may-bom-xang-dau-nhot-220v","7":"product_cat-may-bom-xang-dau-nhot","8":"product_tag-12v","9":"product_tag-220v","10":"product_tag-24v","11":"product_tag-45l","12":"product_tag-bom-dau","13":"product_tag-bom-dau-oring","14":"product_tag-bom-nhot","15":"product_tag-bom-tu-hut","16":"product_tag-bom-xang","17":"product_tag-bom-xang-dau","18":"product_tag-bom-xang-dau-inox","19":"product_tag-may-bom-12v","20":"product_tag-may-bom-dau","21":"product_tag-may-bom-nhot","22":"product_tag-may-bom-oring","23":"product_tag-may-bom-xang","24":"product_tag-may-bom-xang-dau-nhot","25":"product_tag-oring","27":"first","28":"instock","29":"featured","30":"shipping-taxable","31":"purchasable","32":"product-type-simple"},"_links":{"self":[{"href":"https:\/\/maybommini.vn\/index.php?rest_route=\/wp\/v2\/product\/276175","targetHints":{"allow":["GET"]}}],"collection":[{"href":"https:\/\/maybommini.vn\/index.php?rest_route=\/wp\/v2\/product"}],"about":[{"href":"https:\/\/maybommini.vn\/index.php?rest_route=\/wp\/v2\/types\/product"}],"replies":[{"embeddable":true,"href":"https:\/\/maybommini.vn\/index.php?rest_route=%2Fwp%2Fv2%2Fcomments&post=276175"}],"wp:featuredmedia":[{"embeddable":true,"href":"https:\/\/maybommini.vn\/index.php?rest_route=\/wp\/v2\/media\/276178"}],"wp:attachment":[{"href":"https:\/\/maybommini.vn\/index.php?rest_route=%2Fwp%2Fv2%2Fmedia&parent=276175"}],"wp:term":[{"taxonomy":"product_brand","embeddable":true,"href":"https:\/\/maybommini.vn\/index.php?rest_route=%2Fwp%2Fv2%2Fproduct_brand&post=276175"},{"taxonomy":"product_cat","embeddable":true,"href":"https:\/\/maybommini.vn\/index.php?rest_route=%2Fwp%2Fv2%2Fproduct_cat&post=276175"},{"taxonomy":"product_tag","embeddable":true,"href":"https:\/\/maybommini.vn\/index.php?rest_route=%2Fwp%2Fv2%2Fproduct_tag&post=276175"}],"curies":[{"name":"wp","href":"https:\/\/api.w.org\/{rel}","templated":true}]}}